{"id":6121,"date":"2025-11-14T13:29:33","date_gmt":"2025-11-14T13:29:33","guid":{"rendered":"https:\/\/pgvape.com\/?post_type=product&#038;p=6121"},"modified":"2026-04-18T13:38:14","modified_gmt":"2026-04-18T13:38:14","slug":"bang-leader-80000-80k-sbuffi-3-in-1-triplo-sapore-spedizione-di-vape-usa-e-getta-dalla-fabbrica-di-vape-di-spedizione-gratuita-diretta-dallue","status":"publish","type":"product","link":"https:\/\/pgvape.com\/it\/prodotto\/bang-leader-80000-80k-sbuffi-3-in-1-triplo-sapore-spedizione-di-vape-usa-e-getta-dalla-fabbrica-di-vape-di-spedizione-gratuita-diretta-dallue\/","title":{"rendered":"Bang Leader 80000 | 80K Puffs 3 in 1 Triple Flavors Vape usa e getta | Spedizione dall'UE | Spedizione gratuita | Vape Factory Direct"},"content":{"rendered":"<p><strong>Vape usa e getta Bang Leader 80000 80K<\/strong> \u00e8 la scelta definitiva per chi cerca variet\u00e0, longevit\u00e0 e prestazioni di alto livello. .<br \/>\nBang Leader 80K Spedito direttamente dal nostro magazzino nell'UE, garantisce una consegna rapida, esentasse e l'autenticit\u00e0 100%, offrendoti un'esperienza di svapo di alto livello direttamente a casa tua.<\/p>\n<p>&nbsp;<\/p>\n<h2><span style=\"font-size: 90%;\">Bang Leader 80000 | 80K Puffs 3 in 1 Vape usa e getta a triplo sapore Specifiche del prodotto:<\/span><\/h2>\n<p><strong>Capacit\u00e0 del soffio:<\/strong>\u00a0Fino a 80.000 sbuffi<\/p>\n<p><strong>Capacit\u00e0 del liquido elettronico:<\/strong>\u00a078 ml preriempiti (3 cialde da 26 ml ciascuna)<\/p>\n<p><strong>Tipo di bobina:<\/strong>\u00a0Bobina a rete da 1,0 \u03a9<\/p>\n<p><strong>Capacit\u00e0 della batteria:<\/strong>\u00a0Batteria ricaricabile da 850 mAh<\/p>\n<p><strong>Porta di ricarica:<\/strong>\u00a0Ricarica rapida di tipo C<\/p>\n<p><strong>Opzioni di nicotina:<\/strong>,2%<\/p>\n<p><strong>Sistema di sapori:<\/strong>\u00a0Configurazione triplo sapore 3 in 1<\/p>\n<p><strong>Gusti disponibili:<\/strong>\u00a012 combinazioni di sapori dinamiche<\/p>\n<p><strong>Portabilit\u00e0:<\/strong>\u00a0Design compatto ed ergonomico per l'uso in movimento<\/p>\n<p><strong data-sourcepos=\"15:3-15:28\">Spedizione da magazzino UE<\/strong>\u00a0\u2013 Consegna rapida ed esentasse<\/p>\n<p>&nbsp;<\/p>\n<h3><span style=\"font-size: 90%;\">Bang Leader 80000 | 80K Puffs 3 in 1 Triple Flavors Vape usa e getta Elenco aromi:<\/span><\/h3>\n<p><strong>1.Ghiaccio Di Anguria + Fragola E Mango + Banana<\/strong><\/p>\n<p><strong>2. Ghiaccio alla pesca al mojito al lampone + Guava al frutto della passione, kiwi, fragola e anguria<\/strong><\/p>\n<p><strong>3. Fragola e anguria + ghiaccio all'uva + caramelle arcobaleno<\/strong><\/p>\n<p><strong>4.Cola Ice + Lampone Mirtillo + Anguria Mango Pesca<\/strong><\/p>\n<p><strong>5. Anguria mirtillo + mango fragola + ribes nero<\/strong><\/p>\n<p><strong>6.Ghiaccio al mirtillo + Ghiaccio al drago nero + Pesca al mango<\/strong><\/p>\n<p><strong>7.Ghiaccio Al Mirtillo + Fragola E Banana + Frutti Di Bosco Misti<\/strong><\/p>\n<p><strong>8.Red Bull + Mirtillo Anguria Mela Pera<\/strong><\/p>\n<p><strong>9.Red Bull + Caramelle Bubble all'anguria + Gelato alla fragola<\/strong><\/p>\n<p><strong>10. Kiwi alla fragola + ghiaccio alla pesca + cola alla ciliegia<\/strong><\/p>\n<p><strong>11.Kiwi Passion + Lychee Ice + Mango Peach Pine<\/strong><\/p>\n<p><strong>12. Ghiaccio di avocado + lime al limone + lampone all'anguria<img loading=\"lazy\" decoding=\"async\" class=\"alignnone wp-image-6133 size-full\" src=\"https:\/\/pgvape.com\/wp-content\/uploads\/2025\/11\/Pgvape-Bang-Leader-80000-80K-Puffs-3-in-1-Triple-Flavors-Disposable-Vape-Shipment-from-EU-Free-Shipping-4.png\" alt=\"Poster colorato del prodotto raffigurante dodici dispositivi di vaporizzazione usa e getta Bang Leader con gradiente, ciascuno con il logo di una scimmia cartone animato e l&#039;etichetta &#039;80.000 sbuffi&#039;, che promuove &#039;tripli gusti 3 in 1&#039; ed elenca varie combinazioni di sapori di frutta insieme alle icone per Tipo C, 80.000 sbuffi e doppia rete.\" width=\"1900\" height=\"1900\" srcset=\"https:\/\/pgvape.com\/wp-content\/uploads\/2025\/11\/Pgvape-Bang-Leader-80000-80K-Puffs-3-in-1-Triple-Flavors-Disposable-Vape-Shipment-from-EU-Free-Shipping-4.png 1900w, https:\/\/pgvape.com\/wp-content\/uploads\/2025\/11\/Pgvape-Bang-Leader-80000-80K-Puffs-3-in-1-Triple-Flavors-Disposable-Vape-Shipment-from-EU-Free-Shipping-4-360x360.png 360w, https:\/\/pgvape.com\/wp-content\/uploads\/2025\/11\/Pgvape-Bang-Leader-80000-80K-Puffs-3-in-1-Triple-Flavors-Disposable-Vape-Shipment-from-EU-Free-Shipping-4-595x595.png 595w, https:\/\/pgvape.com\/wp-content\/uploads\/2025\/11\/Pgvape-Bang-Leader-80000-80K-Puffs-3-in-1-Triple-Flavors-Disposable-Vape-Shipment-from-EU-Free-Shipping-4-400x400.png 400w, https:\/\/pgvape.com\/wp-content\/uploads\/2025\/11\/Pgvape-Bang-Leader-80000-80K-Puffs-3-in-1-Triple-Flavors-Disposable-Vape-Shipment-from-EU-Free-Shipping-4-768x768.png 768w, https:\/\/pgvape.com\/wp-content\/uploads\/2025\/11\/Pgvape-Bang-Leader-80000-80K-Puffs-3-in-1-Triple-Flavors-Disposable-Vape-Shipment-from-EU-Free-Shipping-4-1536x1536.png 1536w, https:\/\/pgvape.com\/wp-content\/uploads\/2025\/11\/Pgvape-Bang-Leader-80000-80K-Puffs-3-in-1-Triple-Flavors-Disposable-Vape-Shipment-from-EU-Free-Shipping-4-12x12.png 12w, https:\/\/pgvape.com\/wp-content\/uploads\/2025\/11\/Pgvape-Bang-Leader-80000-80K-Puffs-3-in-1-Triple-Flavors-Disposable-Vape-Shipment-from-EU-Free-Shipping-4-300x300.png 300w, https:\/\/pgvape.com\/wp-content\/uploads\/2025\/11\/Pgvape-Bang-Leader-80000-80K-Puffs-3-in-1-Triple-Flavors-Disposable-Vape-Shipment-from-EU-Free-Shipping-4-600x600.png 600w, https:\/\/pgvape.com\/wp-content\/uploads\/2025\/11\/Pgvape-Bang-Leader-80000-80K-Puffs-3-in-1-Triple-Flavors-Disposable-Vape-Shipment-from-EU-Free-Shipping-4-100x100.png 100w, https:\/\/pgvape.com\/wp-content\/uploads\/2025\/11\/Pgvape-Bang-Leader-80000-80K-Puffs-3-in-1-Triple-Flavors-Disposable-Vape-Shipment-from-EU-Free-Shipping-4-40x40.png 40w\" sizes=\"auto, (max-width: 1900px) 100vw, 1900px\" \/><\/strong><\/p>\n<p>&nbsp;<\/p>\n<h3><span style=\"font-size: 90%;\">Bang Leader 80000 | 80K Puffs 3 in 1 Vape usa e getta a triplo sapore\u00a0<strong>Video:<\/strong><\/span><\/h3>\n<p><iframe loading=\"lazy\" title=\"Bang Leader 80K Puffs 3 in 1 Sapori Vape usa e getta con Vape ricaricabile Pgvape all&#039;ingrosso della fabbrica\" width=\"563\" height=\"1000\" src=\"https:\/\/www.youtube.com\/embed\/-_eUSKzsdRY?feature=oembed\" frameborder=\"0\" allow=\"accelerometer; autoplay; clipboard-write; encrypted-media; gyroscope; picture-in-picture; web-share\" referrerpolicy=\"strict-origin-when-cross-origin\" allowfullscreen><\/iframe><\/p>\n<p>&nbsp;<\/p>\n<h3 class=\"auto-hide-last-sibling-br paragraph-pP9ZLC paragraph-element br-paragraph-space\"><span style=\"font-size: 90%;\">Perch\u00e9 scegliere il magazzino europeo PGVape?<\/span><\/h3>\n<p>Spedizione veloce: consegna nella maggior parte dei paesi dell'UE entro 3-7 giorni lavorativi.<\/p>\n<p>Consegna esente da dazi: le scorte locali dell'UE garantiscono una spedizione agevole e esente da dazi.<\/p>\n<p>Garanzia autentica 100%: sigarette elettroniche Bang Leader originali provenienti da fornitori certificati.<\/p>\n<p>Inventario fresco: conservato in condizioni controllate per garantire una qualit\u00e0 ottimale.<\/p>\n<p>Scelto dagli europei: migliaia di clienti godono dei servizi di sigaretta elettronica veloci e sicuri di PGVape.<\/p>\n<p>&nbsp;<\/p>\n<h2><span style=\"font-size: 90%;\">Domande frequenti su Bang Leader 80000 | 80K Puffs 3 in 1 Vape usa e getta a triplo sapore<\/span><\/h2>\n<p data-sourcepos=\"33:1-34:75\">\u2753 <strong data-sourcepos=\"33:3-33:39\">Come funziona il sistema 3 in 1?<br \/>\n<\/strong> \u2705 Tre cialde separate da 26 ml consentono il cambio istantaneo del sapore in un unico dispositivo.<\/p>\n<p data-sourcepos=\"36:1-37:75\">\u2753 <strong data-sourcepos=\"36:3-36:47\">La batteria \u00e8 sufficiente per 80.000 boccate?<\/strong><br \/>\n\u2705Il <strong data-sourcepos=\"37:7-37:25\">Batteria da 850 mAh<\/strong> con <strong data-sourcepos=\"37:31-37:50\">Ricarica di tipo C<\/strong> supporta l'uso prolungato.<\/p>\n<p data-sourcepos=\"39:1-40:73\">\u2753 <strong data-sourcepos=\"39:3-39:40\">Cosa rende speciale la bobina a rete?<br \/>\n<\/strong> \u2705 <strong data-sourcepos=\"40:3-40:21\">Bobina a rete da 1,0 \u03a9<\/strong> consegna <strong data-sourcepos=\"40:31-40:50\">50% pi\u00f9 sapore<\/strong> rispetto alle bobine standard.<\/p>\n<p>\u2753\u00a0<strong data-sourcepos=\"50:3-50:42\">Da dove viene spedito questo prodotto?<\/strong><br \/>\n\u2705\u00a0Diretto da\u00a0<strong data-sourcepos=\"51:15-51:32\">Magazzini UE<\/strong>\u00a0per\u00a0<strong data-sourcepos=\"51:37-51:64\">consegna veloce e senza tasse<\/strong>.<\/p>\n<p data-sourcepos=\"45:1-46:65\">\u2753 <strong data-sourcepos=\"45:3-45:36\">I gusti sono personalizzabili?<br \/>\n<\/strong> \u2705 Combinazioni premium preimpostate: perfette per gli esploratori di sapori!<\/p>\n<p>&nbsp;<\/p>\n<h3 id=\"brxe-najhln\" class=\"brxe-heading\">Domande frequenti (FAQ)<\/h3>\n<div id=\"brxe-rajiac\" class=\"brxe-text\">\n<p><strong>D: Quali metodi di pagamento accettate?<\/strong><br \/>\nR: Accettiamo PayPal, Stripe, bonifici bancari (supportati SEPA), le principali carte di credito (Visa, MasterCard, American Express) e pagamenti in criptovaluta.<\/p>\n<p><strong>D: Quanto tempo richiede la preparazione dell'ordine?<\/strong><br \/>\nR: La preparazione dell'ordine richiede 1-3 giorni lavorativi.<\/p>\n<p><strong>D: Qual \u00e8 il tempo di spedizione?<\/strong><br \/>\nR: Il tempo di spedizione \u00e8 di 7-14 giorni lavorativi, a seconda della localit\u00e0. Le merci spedite dai magazzini europei richiedono in genere 3-6 giorni lavorativi per la consegna.<\/p>\n<p><strong>D: Come posso monitorare il mio ordine?<\/strong><br \/>\nR: Dopo la spedizione riceverai un'e-mail di conferma con un numero di tracciabilit\u00e0 per il monitoraggio in tempo reale.<\/p>\n<p><strong>D: Qual \u00e8 la vostra politica di restituzione?<\/strong><br \/>\nR: Offriamo una politica di restituzione di 30 giorni per rimborsi o cambi. .<\/p>\n<p><strong>D: Ci saranno problemi doganali?<br \/>\n<\/strong>Gestiamo tutte le procedure di sdoganamento per garantirti un'esperienza senza problemi. .<\/p>\n<p><strong>D: Quali metodi di spedizione vengono utilizzati?<\/strong><br \/>\nCollaboriamo con UPS\/DHL\/FEDEX\/DPD, ecc. Sceglieremo l'opzione di spedizione appropriata a seconda del paese di consegna per assicurarti di ricevere i tuoi prodotti il \u200b\u200bpi\u00f9 rapidamente possibile.<\/p>\n<p><a href=\"https:\/\/pgvape.com\/it\/domande-frequenti\/\">Fare clic qui per ulteriori domande frequenti<\/a><\/p>\n<p>Cari clienti, se avete domande sul vostro ordine o sull'arrivo della merce, contattate il nostro servizio clienti. Grazie!<\/p>\n<h3 data-sourcepos=\"73:1-73:21\"><strong data-sourcepos=\"73:7-73:21\">Contattaci<\/strong><\/h3>\n<div id=\"text-2419739398\" class=\"text\">\n<p><strong data-sourcepos=\"75:3-75:12\">E-mail<\/strong>:\u00a0<a href=\"mailto:support@pgvape.com\"><strong>support@pgvape.com<\/strong><\/a><\/p>\n<p><strong data-sourcepos=\"76:3-76:15\">Whatsapp<\/strong>:\u00a0<a href=\"https:\/\/wa.me\/+8618128481258\"><strong>+86 18128481258<\/strong><\/a><br \/>\n<strong>(Risposta entro 24 ore nei giorni lavorativi)<\/strong><\/p>\n<\/div>\n<h3><strong>Grazie per aver scelto pgvape.com! .<\/strong><\/h3>\n<\/div>","protected":false},"excerpt":{"rendered":"<p>\u201cNon annoiarsi mai <strong data-sourcepos=\"49:23-49:48\">tre gusti premium<\/strong> in un unico dispositivo elegante! <strong data-sourcepos=\"49:74-49:98\">Capacit\u00e0 80.000 puff<\/strong> dura settimane, mentre il <strong data-sourcepos=\"49:122-49:135\">bobina a rete<\/strong> garantisce il massimo del sapore. \u201d<\/p>","protected":false},"featured_media":6130,"comment_status":"open","ping_status":"closed","template":"","meta":{"_seopress_robots_primary_cat":"none","_seopress_titles_title":"","_seopress_titles_desc":"","_seopress_robots_index":""},"product_brand":[54,516],"product_cat":[515,461,41],"product_tag":[56,465,55,90,459,203],"class_list":{"0":"post-6121","1":"product","2":"type-product","3":"status-publish","4":"has-post-thumbnail","6":"product_brand-bang-leader-vape","7":"product_brand-disposable-vape","8":"product_cat-disposable-vape","9":"product_cat-bang-leader-vape-eu","10":"product_cat-80k-puffs-vape","11":"product_tag-3-in-1-triple-flavors","12":"product_tag-80k-puffs-vape","13":"product_tag-bang-leader-80000","14":"product_tag-disposable-vape","15":"product_tag-free-shipping","16":"product_tag-shipment-from-eu","18":"first","19":"instock","20":"sale","21":"shipping-taxable","22":"purchasable","23":"product-type-variable"},"_links":{"self":[{"href":"https:\/\/pgvape.com\/it\/wp-json\/wp\/v2\/product\/6121","targetHints":{"allow":["GET"]}}],"collection":[{"href":"https:\/\/pgvape.com\/it\/wp-json\/wp\/v2\/product"}],"about":[{"href":"https:\/\/pgvape.com\/it\/wp-json\/wp\/v2\/types\/product"}],"replies":[{"embeddable":true,"href":"https:\/\/pgvape.com\/it\/wp-json\/wp\/v2\/comments?post=6121"}],"wp:featuredmedia":[{"embeddable":true,"href":"https:\/\/pgvape.com\/it\/wp-json\/wp\/v2\/media\/6130"}],"wp:attachment":[{"href":"https:\/\/pgvape.com\/it\/wp-json\/wp\/v2\/media?parent=6121"}],"wp:term":[{"taxonomy":"product_brand","embeddable":true,"href":"https:\/\/pgvape.com\/it\/wp-json\/wp\/v2\/product_brand?post=6121"},{"taxonomy":"product_cat","embeddable":true,"href":"https:\/\/pgvape.com\/it\/wp-json\/wp\/v2\/product_cat?post=6121"},{"taxonomy":"product_tag","embeddable":true,"href":"https:\/\/pgvape.com\/it\/wp-json\/wp\/v2\/product_tag?post=6121"}],"curies":[{"name":"wp","href":"https:\/\/api.w.org\/{rel}","templated":true}]}}