{"id":521,"date":"2025-07-16T11:57:14","date_gmt":"2025-07-16T11:57:14","guid":{"rendered":"https:\/\/pgvape.com\/?post_type=product&#038;p=521"},"modified":"2025-12-15T13:40:41","modified_gmt":"2025-12-15T13:40:41","slug":"bang-leader-80000-80k-sbuffi-3-in-1-triplo-sapore-monouso-con-vaporizzatore-ricaricabile-allingrosso-in-fabbrica","status":"publish","type":"product","link":"https:\/\/pgvape.com\/it\/prodotto\/bang-leader-80000-80k-sbuffi-3-in-1-triplo-sapore-monouso-con-vaporizzatore-ricaricabile-allingrosso-in-fabbrica\/","title":{"rendered":"Bang Leader 80000 | 80K Puffs 3 in 1 Triple Flavors Vape usa e getta con ricaricabile | Vape Factory Wholesale"},"content":{"rendered":"<p><strong>Vape usa e getta Bang Leader 80000 80K<\/strong> \u00e8 la scelta definitiva per chi cerca variet\u00e0, longevit\u00e0 e prestazioni di alto livello. .<\/p>\n<p>&nbsp;<\/p>\n<h2><span style=\"font-size: 90%;\">Bang Leader 80000 | 80K Puffs 3 in 1 Vape usa e getta a triplo sapore Specifiche del prodotto:<\/span><\/h2>\n<p><strong>Capacit\u00e0 del soffio:<\/strong>\u00a0Fino a 80.000 sbuffi<\/p>\n<p><strong>Capacit\u00e0 del liquido elettronico:<\/strong>\u00a078 ml preriempiti (3 cialde da 26 ml ciascuna)<\/p>\n<p><strong>Tipo di bobina:<\/strong>\u00a0Bobina a rete da 1,0 \u03a9<\/p>\n<p><strong>Capacit\u00e0 della batteria:<\/strong>\u00a0Batteria ricaricabile da 850 mAh<\/p>\n<p><strong>Porta di ricarica:<\/strong>\u00a0Ricarica rapida di tipo C<\/p>\n<p><strong>Opzioni di nicotina:<\/strong>\u00a00%, 2%, 3%, 5%<\/p>\n<p><strong>Sistema di sapori:<\/strong>\u00a0Configurazione triplo sapore 3 in 1<\/p>\n<p><strong>Gusti disponibili:<\/strong>\u00a012 combinazioni di sapori dinamiche<\/p>\n<p><strong>Portabilit\u00e0:<\/strong>\u00a0Design compatto ed ergonomico per l'uso in movimento<\/p>\n<p>&nbsp;<\/p>\n<h3><span style=\"font-size: 90%;\">Bang Leader 80000 | 80K Puffs 3 in 1 Triple Flavors Vape usa e getta Elenco aromi:<\/span><\/h3>\n<p><strong>1.Ghiaccio Di Anguria + Fragola E Mango + Banana<\/strong><\/p>\n<p><strong>2. Ghiaccio alla pesca al mojito al lampone + Guava al frutto della passione, kiwi, fragola e anguria<\/strong><\/p>\n<p><strong>3. Fragola e anguria + ghiaccio all'uva + caramelle arcobaleno<\/strong><\/p>\n<p><strong>4.Cola Ice + Lampone Mirtillo + Anguria Mango Pesca<\/strong><\/p>\n<p><strong>5. Anguria mirtillo + mango fragola + ribes nero<\/strong><\/p>\n<p><strong>6.Ghiaccio al mirtillo + Ghiaccio al drago nero + Pesca al mango<\/strong><\/p>\n<p><strong>7.Ghiaccio Al Mirtillo + Fragola E Banana + Frutti Di Bosco Misti<\/strong><\/p>\n<p><strong>8.Red Bull + Mirtillo Anguria Mela Pera<\/strong><\/p>\n<p><strong>9Red Bull + Caramelle Bubble all'anguria + Gelato alla fragola<\/strong><\/p>\n<p><strong>10. Kiwi alla fragola + ghiaccio alla pesca + cola alla ciliegia<\/strong><\/p>\n<p><strong>11.Kiwi Passion + Lychee Ice + Mango Peach Pine<\/strong><\/p>\n<p><strong>12. Ghiaccio di avocado + lime al limone + lampone all'anguria<img loading=\"lazy\" decoding=\"async\" class=\"alignnone wp-image-531 size-full\" src=\"https:\/\/pgvape.com\/wp-content\/uploads\/2025\/07\/Bang-Leader-80000-80K-Puffs-3-in-1-Triple-Flavors-Disposable-Vape-With-Rechargeable-Vape-Factory-Wholesale-8.png\" alt=\"\" width=\"1900\" height=\"1900\" srcset=\"https:\/\/pgvape.com\/wp-content\/uploads\/2025\/07\/Bang-Leader-80000-80K-Puffs-3-in-1-Triple-Flavors-Disposable-Vape-With-Rechargeable-Vape-Factory-Wholesale-8.png 1900w, https:\/\/pgvape.com\/wp-content\/uploads\/2025\/07\/Bang-Leader-80000-80K-Puffs-3-in-1-Triple-Flavors-Disposable-Vape-With-Rechargeable-Vape-Factory-Wholesale-8-360x360.png 360w, https:\/\/pgvape.com\/wp-content\/uploads\/2025\/07\/Bang-Leader-80000-80K-Puffs-3-in-1-Triple-Flavors-Disposable-Vape-With-Rechargeable-Vape-Factory-Wholesale-8-595x595.png 595w, https:\/\/pgvape.com\/wp-content\/uploads\/2025\/07\/Bang-Leader-80000-80K-Puffs-3-in-1-Triple-Flavors-Disposable-Vape-With-Rechargeable-Vape-Factory-Wholesale-8-400x400.png 400w, https:\/\/pgvape.com\/wp-content\/uploads\/2025\/07\/Bang-Leader-80000-80K-Puffs-3-in-1-Triple-Flavors-Disposable-Vape-With-Rechargeable-Vape-Factory-Wholesale-8-768x768.png 768w, https:\/\/pgvape.com\/wp-content\/uploads\/2025\/07\/Bang-Leader-80000-80K-Puffs-3-in-1-Triple-Flavors-Disposable-Vape-With-Rechargeable-Vape-Factory-Wholesale-8-1536x1536.png 1536w, https:\/\/pgvape.com\/wp-content\/uploads\/2025\/07\/Bang-Leader-80000-80K-Puffs-3-in-1-Triple-Flavors-Disposable-Vape-With-Rechargeable-Vape-Factory-Wholesale-8-12x12.png 12w, https:\/\/pgvape.com\/wp-content\/uploads\/2025\/07\/Bang-Leader-80000-80K-Puffs-3-in-1-Triple-Flavors-Disposable-Vape-With-Rechargeable-Vape-Factory-Wholesale-8-300x300.png 300w, https:\/\/pgvape.com\/wp-content\/uploads\/2025\/07\/Bang-Leader-80000-80K-Puffs-3-in-1-Triple-Flavors-Disposable-Vape-With-Rechargeable-Vape-Factory-Wholesale-8-600x600.png 600w, https:\/\/pgvape.com\/wp-content\/uploads\/2025\/07\/Bang-Leader-80000-80K-Puffs-3-in-1-Triple-Flavors-Disposable-Vape-With-Rechargeable-Vape-Factory-Wholesale-8-100x100.png 100w, https:\/\/pgvape.com\/wp-content\/uploads\/2025\/07\/Bang-Leader-80000-80K-Puffs-3-in-1-Triple-Flavors-Disposable-Vape-With-Rechargeable-Vape-Factory-Wholesale-8-32x32.png 32w, https:\/\/pgvape.com\/wp-content\/uploads\/2025\/07\/Bang-Leader-80000-80K-Puffs-3-in-1-Triple-Flavors-Disposable-Vape-With-Rechargeable-Vape-Factory-Wholesale-8-40x40.png 40w\" sizes=\"auto, (max-width: 1900px) 100vw, 1900px\" \/><\/strong><\/p>\n<h3><span style=\"font-size: 90%;\">Bang Leader 80000 | 80K Puffs 3 in 1 Vape usa e getta a triplo sapore <\/span><strong>Video:<br \/>\n<iframe loading=\"lazy\" title=\"Bang Leader 80K Puffs 3 in 1 Sapori Vape usa e getta con Vape ricaricabile Pgvape all&#039;ingrosso della fabbrica\" width=\"563\" height=\"1000\" src=\"https:\/\/www.youtube.com\/embed\/-_eUSKzsdRY?feature=oembed\" frameborder=\"0\" allow=\"accelerometer; autoplay; clipboard-write; encrypted-media; gyroscope; picture-in-picture; web-share\" referrerpolicy=\"strict-origin-when-cross-origin\" allowfullscreen><\/iframe><br \/>\n<\/strong><\/h3>\n<p>&nbsp;<\/p>\n<h2><span style=\"font-size: 90%;\">Domande frequenti su Bang Leader 80000 | 80K Puffs 3 in 1 Vape usa e getta a triplo sapore<\/span><\/h2>\n<p dir=\"auto\"><strong>Q1: Quanti sbuffi offre il Bang Leader 80000?<\/strong><br \/>\nA1: Fino a 80.000 erogazioni per dispositivo, garantendo un utilizzo duraturo.<\/p>\n<p dir=\"auto\"><strong>Q2: Qual \u00e8 la configurazione dei gusti 3 in 1?<\/strong><br \/>\nR2: Il dispositivo contiene tre pod distinti, ciascuno contenente 26 ml di e-liquid, offrendoti tre gusti diversi da gustare in un unico dispositivo.<\/p>\n<p dir=\"auto\"><strong>Q3: Che tipo di bobina viene utilizzata nel dispositivo?<\/strong><br \/>\nA3: Utilizza una bobina a rete da 1,0 \u03a9, fornendo vapore morbido e sapore ricco ad ogni boccata.<\/p>\n<p dir=\"auto\"><strong>Q4: Quanto dura la batteria?<\/strong><br \/>\nR4: La batteria ricaricabile da 850 mAh garantisce un'alimentazione di lunga durata e la ricarica rapida di tipo C riduce al minimo i tempi di inattivit\u00e0.<\/p>\n<p dir=\"auto\"><strong>Q5: Quali gusti sono disponibili?<\/strong><br \/>\nR5: Sono disponibili 12 combinazioni di sapori uniche ed entusiasmanti, incluse opzioni come Ghiaccio all'anguria + Fragola e Mango + Banana.<\/p>\n<p dir=\"auto\"><strong>Q6: Il dispositivo pu\u00f2 essere ricaricato?<\/strong><br \/>\nR6: S\u00ec, il dispositivo ha una batteria ricaricabile da 850 mAh e dispone di ricarica rapida di tipo C.<\/p>\n<p dir=\"auto\"><strong>Q7: Quali concentrazioni di nicotina sono disponibili?<\/strong><br \/>\nR7: Bang Leader 80000 \u00e8 disponibile nelle concentrazioni di nicotina 0%, 2%, 3% e 5% per soddisfare le tue preferenze.<\/p>\n<p>&nbsp;<\/p>\n<h3 id=\"brxe-najhln\" class=\"brxe-heading\">Domande frequenti (FAQ)<\/h3>\n<div id=\"brxe-rajiac\" class=\"brxe-text\">\n<p><strong>D: Quali metodi di pagamento accettate?<\/strong><br \/>\nR: Accettiamo PayPal, Stripe, bonifici bancari (supportati SEPA), le principali carte di credito (Visa, MasterCard, American Express) e pagamenti in criptovaluta.<\/p>\n<p><strong>D: Quanto tempo richiede la preparazione dell'ordine?<\/strong><br \/>\nR: La preparazione dell'ordine richiede 1-3 giorni lavorativi.<\/p>\n<p><strong>D: Qual \u00e8 il tempo di spedizione?<\/strong><br \/>\nR: Il tempo di spedizione \u00e8 di 7-14 giorni lavorativi, a seconda della localit\u00e0.<\/p>\n<p><strong>D: Come posso monitorare il mio ordine?<\/strong><br \/>\nR: Dopo la spedizione riceverai un'e-mail di conferma con un numero di tracciabilit\u00e0 per il monitoraggio in tempo reale.<\/p>\n<p><strong>D: Qual \u00e8 la vostra politica di restituzione?<\/strong><br \/>\nR: Offriamo una politica di restituzione di 30 giorni per rimborsi o cambi. .<\/p>\n<p><strong>D: Ci saranno problemi doganali?<br \/>\n<\/strong>Gestiamo tutte le procedure di sdoganamento per garantirti un'esperienza senza problemi. .<\/p>\n<p><strong>D: Quali metodi di spedizione vengono utilizzati?<\/strong><br \/>\nCollaboriamo con UPS\/DHL\/FEDEX\/DPD, ecc. Sceglieremo l'opzione di spedizione appropriata a seconda del paese di consegna per assicurarti di ricevere i tuoi prodotti il \u200b\u200bpi\u00f9 rapidamente possibile.<\/p>\n<p><a href=\"https:\/\/pgvape.com\/it\/domande-frequenti\/\"><span style=\"font-size: 100%;\">Fare clic qui per ulteriori domande frequenti<\/span><\/a><\/p>\n<p>Cari clienti, se avete domande sul vostro ordine o sull'arrivo della merce, contattate il nostro servizio clienti. Grazie!<\/p>\n<h3 data-sourcepos=\"73:1-73:21\"><span style=\"font-size: 90%;\"><strong data-sourcepos=\"73:7-73:21\">Contattaci<\/strong><\/span><\/h3>\n<div id=\"text-2419739398\" class=\"text\">\n<p><strong data-sourcepos=\"75:3-75:12\">E-mail<\/strong>:\u00a0<a href=\"mailto:support@pgvape.com\"><strong>support@pgvape.com<\/strong><\/a><\/p>\n<p><strong data-sourcepos=\"76:3-76:15\">Whatsapp<\/strong>: <a href=\"https:\/\/wa.me\/+8618128481258\"><strong>+86 18128481258<\/strong><\/a><br \/>\n<strong>(Risposta entro 24 ore nei giorni lavorativi)<\/strong><\/p>\n<\/div>\n<h3><strong><span style=\"font-size: 80%;\">Grazie per aver scelto pgvape.com! .<\/span><\/strong><\/h3>\n<\/div>","protected":false},"excerpt":{"rendered":"<p><strong>Vape monouso Bang Leader 80000<\/strong> consegna fino a <strong>80.000 sbuffi<\/strong> e un <strong>Triplo sapore 3 in 1<\/strong> esperienza. <strong>78 ml di e-liquid preriempito<\/strong>, UN <strong>Bobina a rete da 1,0 \u03a9<\/strong>, <strong>Ricaricabile da 850mAh<\/strong> batteria e <strong>Tipo C<\/strong> ricarica rapida, garantisce vapore fluido e ricco e un utilizzo prolungato.<strong>0%, 2%, 3%, 5%<\/strong>) per un'esperienza di svapo personalizzata.<\/p>","protected":false},"featured_media":524,"comment_status":"open","ping_status":"closed","template":"","meta":{"_seopress_robots_primary_cat":"none","_seopress_titles_title":"","_seopress_titles_desc":"","_seopress_robots_index":""},"product_brand":[54,516],"product_cat":[41,32,515],"product_tag":[56,44,45,55,490],"class_list":{"0":"post-521","1":"product","2":"type-product","3":"status-publish","4":"has-post-thumbnail","6":"product_brand-bang-leader-vape","7":"product_brand-disposable-vape","8":"product_cat-80k-puffs-vape","9":"product_cat-bang-leader-vape","10":"product_cat-disposable-vape","11":"product_tag-3-in-1-triple-flavors","12":"product_tag-80k-puffs","13":"product_tag-80k-vape","14":"product_tag-bang-leader-80000","15":"product_tag-minimum-2-pieces","17":"first","18":"instock","19":"sale","20":"shipping-taxable","21":"purchasable","22":"product-type-variable"},"_links":{"self":[{"href":"https:\/\/pgvape.com\/it\/wp-json\/wp\/v2\/product\/521","targetHints":{"allow":["GET"]}}],"collection":[{"href":"https:\/\/pgvape.com\/it\/wp-json\/wp\/v2\/product"}],"about":[{"href":"https:\/\/pgvape.com\/it\/wp-json\/wp\/v2\/types\/product"}],"replies":[{"embeddable":true,"href":"https:\/\/pgvape.com\/it\/wp-json\/wp\/v2\/comments?post=521"}],"wp:featuredmedia":[{"embeddable":true,"href":"https:\/\/pgvape.com\/it\/wp-json\/wp\/v2\/media\/524"}],"wp:attachment":[{"href":"https:\/\/pgvape.com\/it\/wp-json\/wp\/v2\/media?parent=521"}],"wp:term":[{"taxonomy":"product_brand","embeddable":true,"href":"https:\/\/pgvape.com\/it\/wp-json\/wp\/v2\/product_brand?post=521"},{"taxonomy":"product_cat","embeddable":true,"href":"https:\/\/pgvape.com\/it\/wp-json\/wp\/v2\/product_cat?post=521"},{"taxonomy":"product_tag","embeddable":true,"href":"https:\/\/pgvape.com\/it\/wp-json\/wp\/v2\/product_tag?post=521"}],"curies":[{"name":"wp","href":"https:\/\/api.w.org\/{rel}","templated":true}]}}