{"id":450,"date":"2025-07-16T08:44:31","date_gmt":"2025-07-16T08:44:31","guid":{"rendered":"https:\/\/pgvape.com\/?post_type=product&#038;p=450"},"modified":"2026-01-20T08:48:41","modified_gmt":"2026-01-20T08:48:41","slug":"bang-de-80000-80k-sbuffi-3-in-1-triplo-sapore-usa-e-getta-vape-0-2-3-5-nicotina-12-gusti-display-a-led-intelligente-vape-fabbrica-diretta","status":"publish","type":"product","link":"https:\/\/pgvape.com\/it\/prodotto\/bang-de-80000-80k-sbuffi-3-in-1-triplo-sapore-usa-e-getta-vape-0-2-3-5-nicotina-12-gusti-display-a-led-intelligente-vape-fabbrica-diretta\/","title":{"rendered":"Bang DE 80000 | Sbuffi da 80K | Vape usa e getta 3 in 1 triplo sapore | 0% 2% 3% 5% Nicotina | 12 gusti | Display LED intelligente | Vape Factory Direct"},"content":{"rendered":"<p><strong>Bang DE 80000 80K Puff Vape usa e getta 3 in 1<\/strong> \u00e8 progettato per i vapers che desiderano variet\u00e0, praticit\u00e0 e notevole longevit\u00e0. .<\/p>\n<p>&nbsp;<\/p>\n<h2><span style=\"font-size: 90%;\">Bang DE 80000 | 80K Puffs | Vape usa e getta 3 in 1 a triplo sapore Specifiche del prodotto:<\/span><\/h2>\n<p><strong>Capacit\u00e0 del soffio:<\/strong>\u00a0Fino a 80.000 sbuffi<\/p>\n<p><strong>Capacit\u00e0 del liquido elettronico:<\/strong>\u00a060 ml totali (20 ml per serbatoio x 3 serbatoi)<\/p>\n<p><strong>Tipo di bobina:<\/strong>\u00a0Bobina a tripla maglia 1,0 \u03a9<\/p>\n<p><strong>Capacit\u00e0 della batteria:<\/strong>\u00a0Ricaricabile da 650 mAh<\/p>\n<p><strong>Porta di ricarica:<\/strong>\u00a0Ricarica rapida di tipo C<\/p>\n<p><strong>Opzioni di nicotina:<\/strong>\u00a00%, 2%, 3%, 5%<\/p>\n<p><strong>Display:<\/strong>\u00a0Schermo LED che mostra lo stato della batteria e dell'e-liquid<\/p>\n<p><strong>Sistema di sapori:<\/strong>\u00a0Sistema a triplo sapore (passaggio tra 3 gusti)<\/p>\n<p><strong>Confezione:<\/strong>\u00a0Disponibile per la vendita al dettaglio e all'ingrosso<\/p>\n<p>&nbsp;<\/p>\n<h3><span style=\"font-size: 90%;\">Bang DE 80000 | 80K Puffs | Elenco aromi Vape usa e getta 3 in 1 triplo sapore:<\/span><\/h3>\n<p>1. Ghiaccio all'anguria, Red Bull e kiwi alla fragola<\/p>\n<p>2. Ghiaccio al mirtillo, anguria alla fragola e lime al limone<\/p>\n<p>3.Gomma da masticare al mirtillo, anguria, kiwi, frutto della passione e gomma da masticare all'anguria<\/p>\n<p>4.Black Dragon Ice, mango acido, ananas e Red Bull<\/p>\n<p>5. Anguria alla fragola e frutti di bosco misti e pesca al limone<\/p>\n<p>6. Razz al mirtillo, banana alla fragola e cocco all'ananas<\/p>\n<p>7. Ghiaccio al mirtillo, triplo melone e uva mela<\/p>\n<p>8. Anguria, frutto del drago, pesca al mango e kiwi alla fragola<\/p>\n<p>9. Coca Cola Al Mirtillo, Lampone, Fragola, Vaniglia e Frutti Di Bosco<\/p>\n<p>10. Gelato all'anguria e gelato alla fragola e guava al frutto della passione al kiwi<\/p>\n<p>11.Blueberry Razz, Black Dragon Ice e Fizzy Cherry Ice<\/p>\n<p>12. Ghiaccio alla ciliegia e cola, anguria ai mirtilli e mango alla fragola<\/p>\n<p><img loading=\"lazy\" decoding=\"async\" class=\"alignnone wp-image-457 size-full\" src=\"https:\/\/pgvape.com\/wp-content\/uploads\/2025\/07\/Bang-DE-80000-80K-Puffs-3-In-1-Triple-Flavor-Disposable-Vape-LED-Display-Vape-Factory-Wholesale-5.png\" alt=\"\" width=\"1500\" height=\"1227\" srcset=\"https:\/\/pgvape.com\/wp-content\/uploads\/2025\/07\/Bang-DE-80000-80K-Puffs-3-In-1-Triple-Flavor-Disposable-Vape-LED-Display-Vape-Factory-Wholesale-5.png 1500w, https:\/\/pgvape.com\/wp-content\/uploads\/2025\/07\/Bang-DE-80000-80K-Puffs-3-In-1-Triple-Flavor-Disposable-Vape-LED-Display-Vape-Factory-Wholesale-5-440x360.png 440w, https:\/\/pgvape.com\/wp-content\/uploads\/2025\/07\/Bang-DE-80000-80K-Puffs-3-In-1-Triple-Flavor-Disposable-Vape-LED-Display-Vape-Factory-Wholesale-5-595x487.png 595w, https:\/\/pgvape.com\/wp-content\/uploads\/2025\/07\/Bang-DE-80000-80K-Puffs-3-In-1-Triple-Flavor-Disposable-Vape-LED-Display-Vape-Factory-Wholesale-5-400x327.png 400w, https:\/\/pgvape.com\/wp-content\/uploads\/2025\/07\/Bang-DE-80000-80K-Puffs-3-In-1-Triple-Flavor-Disposable-Vape-LED-Display-Vape-Factory-Wholesale-5-768x628.png 768w, https:\/\/pgvape.com\/wp-content\/uploads\/2025\/07\/Bang-DE-80000-80K-Puffs-3-In-1-Triple-Flavor-Disposable-Vape-LED-Display-Vape-Factory-Wholesale-5-15x12.png 15w, https:\/\/pgvape.com\/wp-content\/uploads\/2025\/07\/Bang-DE-80000-80K-Puffs-3-In-1-Triple-Flavor-Disposable-Vape-LED-Display-Vape-Factory-Wholesale-5-600x491.png 600w, https:\/\/pgvape.com\/wp-content\/uploads\/2025\/07\/Bang-DE-80000-80K-Puffs-3-In-1-Triple-Flavor-Disposable-Vape-LED-Display-Vape-Factory-Wholesale-5-49x40.png 49w\" sizes=\"auto, (max-width: 1500px) 100vw, 1500px\" \/><\/p>\n<p>&nbsp;<\/p>\n<h3><span style=\"font-size: 90%;\">Bang DE 80000 | 80K Puffs | Vape usa e getta 3 in 1 a triplo sapore <\/span><strong>Video<br \/>\n<\/strong><\/h3>\n<p><iframe loading=\"lazy\" title=\"Bang DE 80000 | 80K Puffs | Vape usa e getta 3 in 1 triplo sapore | Vape Factory Direct pgvape\" width=\"1020\" height=\"574\" src=\"https:\/\/www.youtube.com\/embed\/HMc9pNSt3Kg?feature=oembed\" frameborder=\"0\" allow=\"accelerometer; autoplay; clipboard-write; encrypted-media; gyroscope; picture-in-picture; web-share\" referrerpolicy=\"strict-origin-when-cross-origin\" allowfullscreen><\/iframe><\/p>\n<p>&nbsp;<\/p>\n<h2><span style=\"font-size: 90%;\">Domande frequenti su Bang DE 80000 | 80K Puffs | Vape usa e getta 3 in 1 a triplo sapore<\/span><\/h2>\n<p dir=\"auto\"><strong>Q1: Quanti sbuffi posso ottenere dal Bang DE 80000?<\/strong><br \/>\nA1: Fino a 80.000 erogazioni per dispositivo.<\/p>\n<p dir=\"auto\"><strong>Q2: Come funziona il sistema Triple Flavor?<\/strong><br \/>\nA2: Puoi passare facilmente tra tre diverse versioni integrate in qualsiasi momento senza cambiare dispositivo.<\/p>\n<p dir=\"auto\"><strong>Q3: Quali concentrazioni di nicotina sono disponibili?<\/strong><br \/>\nR3: Il dispositivo supporta le opzioni di nicotina 0%, 2%, 3% e 5%.<\/p>\n<p dir=\"auto\"><strong>Q4: La batteria \u00e8 ricaricabile?<\/strong><br \/>\nR4: S\u00ec, ha una batteria ricaricabile da 650 mAh con ricarica rapida di tipo C.<\/p>\n<p dir=\"auto\"><strong>Q5: Qual \u00e8 la capacit\u00e0 dell'e-liquid?<\/strong><br \/>\nR5: Il dispositivo contiene 60 ml di e-liquid, suddivisi equamente in tre serbatoi da 20 ml.<\/p>\n<p dir=\"auto\"><strong>Q6: Come posso monitorare i livelli della batteria e del liquido elettronico?<\/strong><br \/>\nA6: Il display a LED mostra lo stato della batteria e i livelli del liquido in tempo reale.<\/p>\n<p dir=\"auto\"><strong>Q7: Questo dispositivo \u00e8 portatile?<\/strong><br \/>\nR7: S\u00ec, presenta un design elegante ed ergonomico, perfetto per l'uso quotidiano e i viaggi.<\/p>\n<h2><span style=\"font-size: 90%;\">\u00a0<\/span><\/h2>\n<h3 id=\"brxe-najhln\" class=\"brxe-heading\">Domande frequenti (FAQ)<\/h3>\n<div id=\"brxe-rajiac\" class=\"brxe-text\">\n<p><strong>D: Quali metodi di pagamento accettate?<\/strong><br \/>\nR: Accettiamo PayPal, Stripe, bonifici bancari (supportati SEPA), le principali carte di credito (Visa, MasterCard, American Express) e pagamenti in criptovaluta.<\/p>\n<p><strong>D: Quanto tempo richiede la preparazione dell'ordine?<\/strong><br \/>\nR: La preparazione dell'ordine richiede 1-3 giorni lavorativi.<\/p>\n<p><strong>D: Qual \u00e8 il tempo di spedizione?<\/strong><br \/>\nR: Il tempo di spedizione \u00e8 di 7-14 giorni lavorativi, a seconda della localit\u00e0.<\/p>\n<p><strong>D: Come posso monitorare il mio ordine?<\/strong><br \/>\nR: Dopo la spedizione riceverai un'e-mail di conferma con un numero di tracciabilit\u00e0 per il monitoraggio in tempo reale.<\/p>\n<p><strong>D: Qual \u00e8 la vostra politica di restituzione?<\/strong><br \/>\nR: Offriamo una politica di restituzione di 30 giorni per rimborsi o cambi. .<\/p>\n<p><strong>D: Ci saranno problemi doganali?<br \/>\n<\/strong>Gestiamo tutte le procedure di sdoganamento per garantirti un'esperienza senza problemi. .<\/p>\n<p><strong>D: Quali metodi di spedizione vengono utilizzati?<\/strong><br \/>\nCollaboriamo con UPS\/DHL\/FEDEX\/DPD, ecc. Sceglieremo l'opzione di spedizione appropriata a seconda del paese di consegna per assicurarti di ricevere i tuoi prodotti il \u200b\u200bpi\u00f9 rapidamente possibile.<\/p>\n<p><a href=\"https:\/\/pgvape.com\/it\/domande-frequenti\/\"><span style=\"font-size: 100%;\">Fare clic qui per ulteriori domande frequenti<\/span><\/a><\/p>\n<p>Cari clienti, se avete domande sul vostro ordine o sull'arrivo della merce, contattate il nostro servizio clienti. Grazie!<\/p>\n<h3 data-sourcepos=\"73:1-73:21\"><span style=\"font-size: 90%;\"><strong data-sourcepos=\"73:7-73:21\">Contattaci<\/strong><\/span><\/h3>\n<div id=\"text-2419739398\" class=\"text\">\n<p><strong data-sourcepos=\"75:3-75:12\">E-mail<\/strong>:\u00a0<a href=\"mailto:support@pgvape.com\"><strong>support@pgvape.com<\/strong><\/a><\/p>\n<p><strong data-sourcepos=\"76:3-76:15\">Whatsapp<\/strong>: <a href=\"https:\/\/wa.me\/+8618128481258\"><strong>+86 18128481258<\/strong><\/a><br \/>\n<strong>(Risposta entro 24 ore nei giorni lavorativi)<\/strong><\/p>\n<\/div>\n<h3><strong><span style=\"font-size: 80%;\">Grazie per aver scelto pgvape.com! .<\/span><\/strong><\/h3>\n<\/div>","protected":false},"excerpt":{"rendered":"<p dir=\"auto\"><strong>Vape monouso Bang DE 80000<\/strong> offre un incredibile <strong>80.000 sbuffi<\/strong> con a <strong>sistema a triplo sapore<\/strong>, permettendoti di passare da tre <strong>sapori<\/strong> su un dispositivo. <strong>Dotato<\/strong> Liquido elettronico da 60 ml, <strong>Ricaricabile da 650 mAh<\/strong> batteria e <strong>Display a LED<\/strong>, capacit\u00e0, una bobina a tripla maglia,.<\/p>","protected":false},"featured_media":453,"comment_status":"open","ping_status":"closed","template":"","meta":{"_seopress_robots_primary_cat":"none","_seopress_titles_title":"","_seopress_titles_desc":"","_seopress_robots_index":""},"product_brand":[42,516],"product_cat":[41,34,515],"product_tag":[46,44,45,43,47],"class_list":{"0":"post-450","1":"product","2":"type-product","3":"status-publish","4":"has-post-thumbnail","6":"product_brand-bang-de-vape","7":"product_brand-disposable-vape","8":"product_cat-80k-puffs-vape","9":"product_cat-bang-de-vape","10":"product_cat-disposable-vape","11":"product_tag-3-in-1","12":"product_tag-80k-puffs","13":"product_tag-80k-vape","14":"product_tag-bang-de-80000","15":"product_tag-triple-flavor","17":"first","18":"instock","19":"sale","20":"shipping-taxable","21":"purchasable","22":"product-type-variable"},"_links":{"self":[{"href":"https:\/\/pgvape.com\/it\/wp-json\/wp\/v2\/product\/450","targetHints":{"allow":["GET"]}}],"collection":[{"href":"https:\/\/pgvape.com\/it\/wp-json\/wp\/v2\/product"}],"about":[{"href":"https:\/\/pgvape.com\/it\/wp-json\/wp\/v2\/types\/product"}],"replies":[{"embeddable":true,"href":"https:\/\/pgvape.com\/it\/wp-json\/wp\/v2\/comments?post=450"}],"wp:featuredmedia":[{"embeddable":true,"href":"https:\/\/pgvape.com\/it\/wp-json\/wp\/v2\/media\/453"}],"wp:attachment":[{"href":"https:\/\/pgvape.com\/it\/wp-json\/wp\/v2\/media?parent=450"}],"wp:term":[{"taxonomy":"product_brand","embeddable":true,"href":"https:\/\/pgvape.com\/it\/wp-json\/wp\/v2\/product_brand?post=450"},{"taxonomy":"product_cat","embeddable":true,"href":"https:\/\/pgvape.com\/it\/wp-json\/wp\/v2\/product_cat?post=450"},{"taxonomy":"product_tag","embeddable":true,"href":"https:\/\/pgvape.com\/it\/wp-json\/wp\/v2\/product_tag?post=450"}],"curies":[{"name":"wp","href":"https:\/\/api.w.org\/{rel}","templated":true}]}}