{"id":3618,"date":"2025-10-18T10:11:10","date_gmt":"2025-10-18T10:11:10","guid":{"rendered":"https:\/\/pgvape.com\/?post_type=product&#038;p=3618"},"modified":"2026-03-05T14:33:53","modified_gmt":"2026-03-05T14:33:53","slug":"mr-goodie-dual-mode-king-50000-50k-sbuffi-vape-usa-e-getta-flusso-daria-regolabile-display-a-schermo-intero-led-vape-fabbrica-diretta","status":"publish","type":"product","link":"https:\/\/pgvape.com\/it\/prodotto\/mr-goodie-dual-mode-king-50000-50k-sbuffi-vape-usa-e-getta-flusso-daria-regolabile-display-a-schermo-intero-led-vape-fabbrica-diretta\/","title":{"rendered":"Mr.Goodie Dual Mode King 50000 50K Puffs Vape monouso Flusso d'aria regolabile Display LED a schermo intero Vape Factory Direct"},"content":{"rendered":"<div class=\"auto-hide-last-sibling-br paragraph-JOTKXA paragraph-element br-paragraph-space\"><strong data-sourcepos=\"4:5-4:61\">Mr.Goodie Dual Mode King 50000 Puff Vape usa e getta<\/strong> Ridefinisce la versatilit\u00e0 con <strong data-sourcepos=\"4:89-4:119\">Modalit\u00e0 ECO\/BOOST commutabili<\/strong> (50K\/25K Soffi) E <strong data-sourcepos=\"4:140-4:157\">Tocca Controllo<\/strong>. <strong data-sourcepos=\"4:171-4:189\">Bobina a doppia rete<\/strong>, <strong data-sourcepos=\"4:191-4:217\">Capacit\u00e0 del liquido elettronico da 40 ml<\/strong>, E <strong data-sourcepos=\"4:223-4:255\">Batteria ricaricabile da 1000 mAh<\/strong>, Offre prestazioni senza pari. <strong data-sourcepos=\"4:323-4:345\">Flusso d'aria regolabile<\/strong> E monitorare l'utilizzo tramite <strong data-sourcepos=\"4:368-4:395\">Display LED a schermo intero<\/strong>. <strong data-sourcepos=\"4:410-4:433\">2%\/5% Sale alla nicotina<\/strong> E <strong data-sourcepos=\"4:438-4:460\">10 gusti premium<\/strong> Per una soddisfazione su misura.<\/div>\n<p>&nbsp;<\/p>\n<h2><span style=\"font-size: 90%;\">Specifiche del vaporizzatore usa e getta Mr.Goodie Dual Mode King 50000 50K<\/span><\/h2>\n<p><strong data-sourcepos=\"9:3-9:17\">Modalit\u00e0 soffio<\/strong>:\u00a0<strong data-sourcepos=\"9:19-9:64\">ECO (50.000 boccate) \/ BOOST (25.000 boccate)<\/strong><\/p>\n<p><strong data-sourcepos=\"10:3-10:15\">Nicotina<\/strong>:\u00a0<strong data-sourcepos=\"10:17-10:42\">2% \/ 5% Sale alla nicotina<\/strong><\/p>\n<p><strong data-sourcepos=\"11:3-11:11\">Bobina<\/strong>:\u00a0<strong data-sourcepos=\"11:13-11:32\">Bobine a doppia maglia<\/strong><\/p>\n<p><strong data-sourcepos=\"12:3-12:15\">E-Liquido<\/strong>:\u00a0<strong data-sourcepos=\"12:17-12:44\">Capacit\u00e0 preriempita di 40 ml<\/strong><\/p>\n<p><strong data-sourcepos=\"13:3-13:14\">Batteria<\/strong>:\u00a0<strong data-sourcepos=\"13:16-13:40\">Ricaricabile da 1000 mAh<\/strong><\/p>\n<p><strong data-sourcepos=\"14:3-14:15\">In carica<\/strong>:\u00a0<strong data-sourcepos=\"14:17-14:41\">Ricarica rapida di tipo C<\/strong><\/p>\n<p><strong data-sourcepos=\"15:3-15:14\">Display<\/strong>:\u00a0<strong data-sourcepos=\"15:16-15:61\">LED a schermo intero (conteggio dei soffi\/batteria\/modalit\u00e0)<\/strong><\/p>\n<p><strong data-sourcepos=\"16:3-16:14\">Flusso d'aria<\/strong>:\u00a0<strong data-sourcepos=\"16:16-16:38\">Controllo regolabile<\/strong><\/p>\n<p>&nbsp;<\/p>\n<h3><span style=\"font-size: 90%;\">Elenco dei sapori di Vape usa e getta Mr.Goodie Dual Mode King 50000 50K<\/span><\/h3>\n<p>1.Frullato alla fragola<\/p>\n<p>2.Blue Razz<\/p>\n<p>3. Ghiaccio all'anguria<\/p>\n<p>4. Cannella e mela<\/p>\n<p>5.Ghiaccio al limone verde<\/p>\n<p>6.Ghiaccio di ananas e mango<\/p>\n<p>7.Succoso gelato alla pesca<\/p>\n<p>8. Frutto della passione alla vaniglia<\/p>\n<p>9. Ghiaccio all'arancia rossa<\/p>\n<p>10.Amore 66<\/p>\n<p>&nbsp;<\/p>\n<h3><span style=\"font-size: 90%;\">Mr.Goodie Dual Mode King 50000 50K Puffs Vape usa e getta Video:<br \/>\n<iframe loading=\"lazy\" title=\"Mr.Goodie Dual Mode King 50K Puffs Vape usa e getta | Flusso d&#039;aria regolabile |Vape Factory Direct pgvape\" width=\"1020\" height=\"574\" src=\"https:\/\/www.youtube.com\/embed\/j3D2ewBjWaU?feature=oembed\" frameborder=\"0\" allow=\"accelerometer; autoplay; clipboard-write; encrypted-media; gyroscope; picture-in-picture; web-share\" referrerpolicy=\"strict-origin-when-cross-origin\" allowfullscreen><\/iframe><br \/>\n<\/span><\/h3>\n<h3 id=\"brxe-najhln\" class=\"brxe-heading\"><\/h3>\n<h2 class=\"header-vfC6AV auto-hide-last-sibling-br\">Domande frequenti su Mr.Goodie Dual Mode King 50000 50K Puffs Vape usa e getta<\/h2>\n<p data-sourcepos=\"35:1-36:115\">\u2753 <strong data-sourcepos=\"35:3-35:50\">\u201cIn che modo le doppie modalit\u00e0 migliorano lo svapo?<br \/>\n\u201c<\/strong> \u2705 <strong data-sourcepos=\"36:3-36:113\">\u201cLa modalit\u00e0 ECO massimizza la longevit\u00e0 (50.000 boccate), mentre la modalit\u00e0 BOOST intensifica il sapore\/vapore (25.000 boccate).\u201d<\/strong><\/p>\n<p data-sourcepos=\"38:1-39:76\">\u2753 <strong data-sourcepos=\"38:3-38:52\">\u201cCosa c\u2019\u00e8 di speciale nel Touch Control?<br \/>\n\u201c<\/strong> \u2705 <strong data-sourcepos=\"39:3-39:74\">\u201cCambia modalit\u00e0 istantaneamente con un tocco: senza pulsanti o impostazioni complesse.\u201d<\/strong><\/p>\n<p data-sourcepos=\"41:1-42:105\">\u2753 <strong data-sourcepos=\"41:3-41:47\">\u201cLa bobina a rete migliora il sapore?<br \/>\n\u201c<\/strong> \u2705 <strong data-sourcepos=\"42:3-42:103\">\u201cLe bobine a doppia rete garantiscono un riscaldamento pi\u00f9 rapido del 20% e un sapore pi\u00f9 ricco rispetto alle bobine standard.\u201d<\/strong><\/p>\n<p data-sourcepos=\"44:1-45:113\">\u2753 <strong data-sourcepos=\"44:3-44:44\">\u201cQuanto dura la batteria?<br \/>\n\u201c<\/strong> \u2705 <strong data-sourcepos=\"45:3-45:111\">\u201cLa batteria da 1000 mAh supporta oltre 48 ore in modalit\u00e0 ECO; la ricarica di tipo C si ricarica in 45 minuti.\u201d<\/strong><\/p>\n<p data-sourcepos=\"47:1-48:111\">\u2753 <strong data-sourcepos=\"47:3-47:40\">\u201cPosso regolare la densit\u00e0 del vapore?<br \/>\n\u201c<\/strong> \u2705<strong data-sourcepos=\"48:3-48:109\">\u201cS\u00ec! L'anello di controllo del flusso d'aria personalizza la tenuta dell'aspirazione da MTL limitato a DTL arioso. \u201d<\/strong><\/p>\n<p>&nbsp;<\/p>\n<h3 id=\"brxe-najhln\" class=\"brxe-heading\">Domande frequenti (FAQ)<\/h3>\n<div id=\"brxe-rajiac\" class=\"brxe-text\">\n<p><strong>D: Quali metodi di pagamento accettate?<\/strong><br \/>\nR: Accettiamo PayPal, Stripe, bonifici bancari (supportati SEPA), le principali carte di credito (Visa, MasterCard, American Express) e pagamenti in criptovaluta.<\/p>\n<p><strong>D: Quanto tempo richiede la preparazione dell'ordine?<\/strong><br \/>\nR: La preparazione dell'ordine richiede 1-3 giorni lavorativi.<\/p>\n<p><strong>D: Qual \u00e8 il tempo di spedizione?<\/strong><br \/>\nR: Il tempo di spedizione \u00e8 di 7-14 giorni lavorativi, a seconda della localit\u00e0.<\/p>\n<p><strong>D: Come posso monitorare il mio ordine?<\/strong><br \/>\nR: Dopo la spedizione riceverai un'e-mail di conferma con un numero di tracciabilit\u00e0 per il monitoraggio in tempo reale.<\/p>\n<p><strong>D: Qual \u00e8 la vostra politica di restituzione?<\/strong><br \/>\nR: Offriamo una politica di restituzione di 30 giorni per rimborsi o cambi. .<\/p>\n<p><strong>D: Ci saranno problemi doganali?<br \/>\n<\/strong>Gestiamo tutte le procedure di sdoganamento per garantirti un'esperienza senza problemi. .<\/p>\n<p><strong>D: Quali metodi di spedizione vengono utilizzati?<\/strong><br \/>\nCollaboriamo con UPS\/DHL\/FEDEX\/DPD, ecc. Sceglieremo l'opzione di spedizione appropriata a seconda del paese di consegna per assicurarti di ricevere i tuoi prodotti il \u200b\u200bpi\u00f9 rapidamente possibile.<\/p>\n<p><a href=\"https:\/\/pgvape.com\/it\/domande-frequenti\/\">Fare clic qui per ulteriori domande frequenti<\/a><\/p>\n<p>Cari clienti, se avete domande sul vostro ordine o sull'arrivo della merce, contattate il nostro servizio clienti. Grazie!<\/p>\n<h3 data-sourcepos=\"73:1-73:21\"><strong data-sourcepos=\"73:7-73:21\">Contattaci<\/strong><\/h3>\n<div id=\"text-2419739398\" class=\"text\">\n<p><strong data-sourcepos=\"75:3-75:12\">E-mail<\/strong>:\u00a0<a href=\"mailto:support@pgvape.com\"><strong>support@pgvape.com<\/strong><\/a><\/p>\n<p><strong data-sourcepos=\"76:3-76:15\">Whatsapp<\/strong>: <a href=\"https:\/\/wa.me\/+8618128481258\"><strong>+86 18128481258<\/strong><\/a><br \/>\n<strong>(Risposta entro 24 ore nei giorni lavorativi)<\/strong><\/p>\n<\/div>\n<h3><strong>Grazie per aver scelto pgvape.com! .<\/strong><\/h3>\n<\/div>","protected":false},"excerpt":{"rendered":"<p><strong data-sourcepos=\"53:1-53:222\">\u201cMr.Goodie Dual Mode King 50000: il vaporizzatore usa e getta 2 in 1 definitivo con modalit\u00e0 ECO\/BOOST, bobine a doppia rete, capacit\u00e0 di 40 ml e 10 gusti, alimentato da una batteria da 1000 mAh con ricarica di tipo C.\u201d<\/strong><\/p>","protected":false},"featured_media":3631,"comment_status":"open","ping_status":"closed","template":"","meta":{"_seopress_robots_primary_cat":"none","_seopress_titles_title":"%%post_title%% %%sep%% %%sitetitle%%","_seopress_titles_desc":"","_seopress_robots_index":""},"product_brand":[516,311],"product_cat":[61,515,312],"product_tag":[318,135,90,320,319,313,204],"class_list":{"0":"post-3618","1":"product","2":"type-product","3":"status-publish","4":"has-post-thumbnail","6":"product_brand-disposable-vape","7":"product_brand-mr-goodie-vape","8":"product_cat-50k-puffs-vape","9":"product_cat-disposable-vape","10":"product_cat-mr-goodie-vape","11":"product_tag-50k-puffs-vape","12":"product_tag-adjustable-airflow","13":"product_tag-disposable-vape","14":"product_tag-dual-mode-king","15":"product_tag-full-screen-led-display","16":"product_tag-mr-goodie","17":"product_tag-vape-factory-direct","19":"first","20":"outofstock","21":"sale","22":"shipping-taxable","23":"purchasable","24":"product-type-variable"},"_links":{"self":[{"href":"https:\/\/pgvape.com\/it\/wp-json\/wp\/v2\/product\/3618","targetHints":{"allow":["GET"]}}],"collection":[{"href":"https:\/\/pgvape.com\/it\/wp-json\/wp\/v2\/product"}],"about":[{"href":"https:\/\/pgvape.com\/it\/wp-json\/wp\/v2\/types\/product"}],"replies":[{"embeddable":true,"href":"https:\/\/pgvape.com\/it\/wp-json\/wp\/v2\/comments?post=3618"}],"wp:featuredmedia":[{"embeddable":true,"href":"https:\/\/pgvape.com\/it\/wp-json\/wp\/v2\/media\/3631"}],"wp:attachment":[{"href":"https:\/\/pgvape.com\/it\/wp-json\/wp\/v2\/media?parent=3618"}],"wp:term":[{"taxonomy":"product_brand","embeddable":true,"href":"https:\/\/pgvape.com\/it\/wp-json\/wp\/v2\/product_brand?post=3618"},{"taxonomy":"product_cat","embeddable":true,"href":"https:\/\/pgvape.com\/it\/wp-json\/wp\/v2\/product_cat?post=3618"},{"taxonomy":"product_tag","embeddable":true,"href":"https:\/\/pgvape.com\/it\/wp-json\/wp\/v2\/product_tag?post=3618"}],"curies":[{"name":"wp","href":"https:\/\/api.w.org\/{rel}","templated":true}]}}