{"id":2365,"date":"2025-10-08T10:58:01","date_gmt":"2025-10-08T10:58:01","guid":{"rendered":"https:\/\/pgvape.com\/?post_type=product&#038;p=2365"},"modified":"2026-01-27T10:09:32","modified_gmt":"2026-01-27T10:09:32","slug":"vopk-quattro-sapori-80000-80k-sbuffi-4-in-1-sapori-vape-usa-e-getta-con-display-a-led-vape-fabbrica-diretta","status":"publish","type":"product","link":"https:\/\/pgvape.com\/it\/prodotto\/vopk-quattro-sapori-80000-80k-sbuffi-4-in-1-sapori-vape-usa-e-getta-con-display-a-led-vape-fabbrica-diretta\/","title":{"rendered":"Vopk quattro sapori 80000 80K soffi 4 in 1 sapori Vape usa e getta con display a LED Vape Factory diretta"},"content":{"rendered":"<p><strong data-sourcepos=\"4:5-4:54\">Vape usa e getta Vopk Four Flavours 80000<\/strong> rivoluziona lo svapo con <strong data-sourcepos=\"4:82-4:123\">capacit\u00e0 di 80.000 puff leader del settore<\/strong> E <strong data-sourcepos=\"4:128-4:157\">Aromi regolabili 4 in 1<\/strong> in un unico dispositivo. <strong data-sourcepos=\"4:191-4:209\">Bobina a maglie da 0,9 \u03a9<\/strong> per <strong data-sourcepos=\"4:214-4:230\">vapore liscio<\/strong> E <strong data-sourcepos=\"4:235-4:250\">sapore ricco<\/strong>, \u00e8 dotato di a <strong data-sourcepos=\"4:266-4:297\">Batteria ricaricabile da 650 mAh<\/strong> con <strong data-sourcepos=\"4:303-4:327\">Ricarica rapida di tipo C<\/strong> E <strong data-sourcepos=\"4:332-4:355\">display LED digitale<\/strong>. <strong data-sourcepos=\"4:370-4:401\">Dosaggi di nicotina 2% o 5%<\/strong> E <strong data-sourcepos=\"4:406-4:440\">10 combinazioni di sapori premium<\/strong>, questo vaporizzatore ad alta capacit\u00e0 offre <strong data-sourcepos=\"4:475-4:496\">variet\u00e0 senza eguali<\/strong> E <strong data-sourcepos=\"4:501-4:525\">prestazioni estese<\/strong> per gli utenti pi\u00f9 esigenti.<\/p>\n<p>&nbsp;<\/p>\n<h2><span style=\"font-size: 90%;\">Vopk Four Flavors\u00a080K Puffs 4 in 1 Sapori Vape usa e getta Specifiche<\/span><\/h2>\n<p><strong data-sourcepos=\"9:3-9:17\">Conteggio dei soffi<\/strong>:\u00a0<strong data-sourcepos=\"9:19-9:35\">80.000 sbuffi<\/strong><\/p>\n<p><strong data-sourcepos=\"10:3-10:20\">Sistema di sapori<\/strong>:\u00a0<strong data-sourcepos=\"10:22-10:46\">4 gusti regolabili<\/strong><\/p>\n<p><strong data-sourcepos=\"11:3-11:11\">Bobina<\/strong>:\u00a0<strong data-sourcepos=\"11:13-11:31\">Bobina a maglie da 0,9 \u03a9<\/strong><\/p>\n<p><strong data-sourcepos=\"12:3-12:14\">Batteria<\/strong>:\u00a0<strong data-sourcepos=\"12:16-12:39\">Ricaricabile da 650 mAh<\/strong><\/p>\n<p><strong data-sourcepos=\"13:3-13:15\">In carica<\/strong>:\u00a0<strong data-sourcepos=\"13:17-13:41\">Ricarica rapida di tipo C<\/strong><\/p>\n<p><strong data-sourcepos=\"14:3-14:14\">Display<\/strong>:\u00a0<strong data-sourcepos=\"14:16-14:38\">Schermo LED digitale<\/strong><\/p>\n<p><strong data-sourcepos=\"15:3-15:15\">Nicotina<\/strong>:\u00a0<strong data-sourcepos=\"15:17-15:28\">2% \/ 5%<\/strong><\/p>\n<p><strong data-sourcepos=\"16:3-16:16\">Confezione<\/strong>:\u00a0<strong data-sourcepos=\"16:18-16:36\">10 dispositivi\/scatola<\/strong><\/p>\n<p><strong data-sourcepos=\"17:3-17:21\">Opzioni di sapore<\/strong>:\u00a0<strong data-sourcepos=\"17:23-17:46\">10 quartetti premium<\/strong><\/p>\n<p>&nbsp;<\/p>\n<h3><span style=\"font-size: 90%;\">Vopk Four Flavors\u00a0 80K Puffs 4 in 1 Flavors Elenco aromi Vape usa e getta<\/span><\/h3>\n<p><strong>1. Gelo tropicale<\/strong>: Ghiaccio all'anguria + Ghiaccio triplo al melone + Ghiaccio Blue Razz + Gelato alla fragola<\/p>\n<p><strong>2.Fusione di bacche<\/strong>: Lampone Mirtillo + Ghiaccio Fuji + Frutti Di Bosco Misti + Caramelle Al Cocco Mirtillo<\/p>\n<p><strong>3.Medley di frutti rossi<\/strong>: Anguria alla fragola + Uva al mirtillo rosso + Ghiaccio al mango + Caramella al lampone alla fragola<\/p>\n<p><strong>4.Esplosione di energia<\/strong>: Red Bull Ice + Passion Fruit Kiwi Lime + Sour Apple Lampone + Fragola Anguria Bubblegum<\/p>\n<p><strong>5. Frutti artici<\/strong>: Ghiaccio al mirtillo + Pesca Mango Anguria + Melone Mela + Ghiaccio frizzante alla ciliegia<\/p>\n<p><strong>6.Mix esotico<\/strong>: Mango Fragola + Kiwi Fragola + Frutto Del Drago Anguria + Orsetto Gommoso<\/p>\n<p><strong>7.Carnevale alle bacche<\/strong>: Love 66 + Lampone Anguria + Fragola Lampone Ciliegia + Ciliegia Caramella Ghiaccio<\/p>\n<p><strong>8. Frullato tropicale<\/strong>: Banana Fragola + Ghiaccio Cocco Ananas + Albicocca Pesca Mango + Melone Mango Aloe<\/p>\n<p><strong>9. Arcobaleno di agrumi<\/strong>: Caramelle Arcobaleno + Ghiaccio Alla Pesca + Arancia Acida Al Limone + Limone Al Mirtillo Rosso<\/p>\n<p><strong>10.Dolce e crostata<\/strong>: Kiwi Frutto Della Passione Guava + Fragola Ciliegia + Ghiaccio D'Uva + Caramelle Alla Fragola<\/p>\n<p><img loading=\"lazy\" decoding=\"async\" class=\"alignnone wp-image-2369 size-full\" src=\"https:\/\/pgvape.com\/wp-content\/uploads\/2025\/10\/pgvape-Vopk-Four-Flavors-80K-Puffs-4-in-1-Flavors-Disposable-Vape-With-LED-Display-Vape-14.png\" alt=\"Poster promozionale colorato per dispositivi di vaporizzazione usa e getta VOPK Four Flavors con due grandi unit\u00e0 con finitura sfumata in primo piano e file di unit\u00e0 pi\u00f9 piccole multicolori decorate con illustrazioni di animali stilizzate, etichette di aromi e icone per 650 mAh, 0,9 \u03a9, ricarica di tipo C e display digitale, su uno sfondo di montagna cosmica rosa-viola con un prominente richiamo &quot;4in1 80000 puffs&quot; e il logo del marchio.\" width=\"2048\" height=\"1199\" srcset=\"https:\/\/pgvape.com\/wp-content\/uploads\/2025\/10\/pgvape-Vopk-Four-Flavors-80K-Puffs-4-in-1-Flavors-Disposable-Vape-With-LED-Display-Vape-14.png 2048w, https:\/\/pgvape.com\/wp-content\/uploads\/2025\/10\/pgvape-Vopk-Four-Flavors-80K-Puffs-4-in-1-Flavors-Disposable-Vape-With-LED-Display-Vape-14-555x325.png 555w, https:\/\/pgvape.com\/wp-content\/uploads\/2025\/10\/pgvape-Vopk-Four-Flavors-80K-Puffs-4-in-1-Flavors-Disposable-Vape-With-LED-Display-Vape-14-595x348.png 595w, https:\/\/pgvape.com\/wp-content\/uploads\/2025\/10\/pgvape-Vopk-Four-Flavors-80K-Puffs-4-in-1-Flavors-Disposable-Vape-With-LED-Display-Vape-14-400x234.png 400w, https:\/\/pgvape.com\/wp-content\/uploads\/2025\/10\/pgvape-Vopk-Four-Flavors-80K-Puffs-4-in-1-Flavors-Disposable-Vape-With-LED-Display-Vape-14-768x450.png 768w, https:\/\/pgvape.com\/wp-content\/uploads\/2025\/10\/pgvape-Vopk-Four-Flavors-80K-Puffs-4-in-1-Flavors-Disposable-Vape-With-LED-Display-Vape-14-1536x899.png 1536w, https:\/\/pgvape.com\/wp-content\/uploads\/2025\/10\/pgvape-Vopk-Four-Flavors-80K-Puffs-4-in-1-Flavors-Disposable-Vape-With-LED-Display-Vape-14-18x12.png 18w, https:\/\/pgvape.com\/wp-content\/uploads\/2025\/10\/pgvape-Vopk-Four-Flavors-80K-Puffs-4-in-1-Flavors-Disposable-Vape-With-LED-Display-Vape-14-600x351.png 600w, https:\/\/pgvape.com\/wp-content\/uploads\/2025\/10\/pgvape-Vopk-Four-Flavors-80K-Puffs-4-in-1-Flavors-Disposable-Vape-With-LED-Display-Vape-14-60x35.png 60w\" sizes=\"auto, (max-width: 2048px) 100vw, 2048px\" \/><\/p>\n<p>&nbsp;<\/p>\n<h3><span style=\"font-size: 90%;\">Vopk Four Flavors\u00a080K Puffs 4 in 1 Flavors Vape usa e getta Video:<\/span><\/h3>\n<p><iframe loading=\"lazy\" title=\"Vopk Four Flavors 80000 | 80K Puffs 4 in 1 Flavors Vape usa e getta | Vape Factory Direct pgvape\" width=\"563\" height=\"1000\" src=\"https:\/\/www.youtube.com\/embed\/ZEWjz35NBuE?feature=oembed\" frameborder=\"0\" allow=\"accelerometer; autoplay; clipboard-write; encrypted-media; gyroscope; picture-in-picture; web-share\" referrerpolicy=\"strict-origin-when-cross-origin\" allowfullscreen><\/iframe><\/p>\n<p>&nbsp;<\/p>\n<h2 class=\"header-vfC6AV auto-hide-last-sibling-br\">Domande frequenti su Vopk Four Flavors\u00a080K Puffs 4 in 1 Flavors Vape usa e getta<\/h2>\n<p data-sourcepos=\"36:1-37:76\">\u2753 <strong data-sourcepos=\"36:3-36:56\">Cosa rende eccezionale il numero di 80.000 puff?<\/strong><br \/>\n\u2705 <strong data-sourcepos=\"37:3-37:23\">Progettazione ottimizzata<\/strong> consegna <strong data-sourcepos=\"37:33-37:53\">mesi di svapo<\/strong> senza sostituzioni<\/p>\n<p data-sourcepos=\"39:1-40:67\">\u2753 <strong data-sourcepos=\"39:3-39:45\">Come funziona il sistema dei 4 gusti?<\/strong><br \/>\n\u2705 <strong data-sourcepos=\"40:3-40:34\">Passa tra quattro gusti<\/strong> o goderteli <strong data-sourcepos=\"40:49-40:65\">in sequenza<\/strong><\/p>\n<p data-sourcepos=\"42:1-43:62\">\u2753 <strong data-sourcepos=\"42:3-42:44\">La batteria da 650mAh \u00e8 sufficiente?<br \/>\n<\/strong> \u2705 <strong data-sourcepos=\"43:3-43:11\">S\u00cc!<\/strong> Dura <strong data-sourcepos=\"43:18-43:30\">2-3 giorni<\/strong> con <strong data-sourcepos=\"43:36-43:60\">Ricarica rapida di tipo C<\/strong><\/p>\n<p data-sourcepos=\"45:1-46:69\">\u2753 <strong data-sourcepos=\"45:3-45:37\">Perch\u00e9 scegliere una bobina mesh da 0,9\u03a9?<\/strong><br \/>\n\u2705 <strong data-sourcepos=\"46:3-46:22\">Equilibrio perfetto<\/strong> Di <strong data-sourcepos=\"46:26-46:46\">intensit\u00e0 del sapore<\/strong> E <strong data-sourcepos=\"46:51-46:67\">vapore liscio<\/strong><\/p>\n<p data-sourcepos=\"48:1-49:64\">\u2753 <strong data-sourcepos=\"48:3-48:49\">I quartetti di sapori sono ben bilanciati?<br \/>\n<\/strong> \u2705 <strong data-sourcepos=\"49:3-49:36\">Combinazioni sapientemente curate<\/strong> per <strong data-sourcepos=\"49:41-49:62\">massimo godimento<\/strong><\/p>\n<p>&nbsp;<\/p>\n<h3 id=\"brxe-najhln\" class=\"brxe-heading\">Domande frequenti (FAQ)<\/h3>\n<div id=\"brxe-rajiac\" class=\"brxe-text\">\n<p><strong>D: Quali metodi di pagamento accettate?<\/strong><br \/>\nR: Accettiamo PayPal, Stripe, bonifici bancari (supportati SEPA), le principali carte di credito (Visa, MasterCard, American Express) e pagamenti in criptovaluta.<\/p>\n<p><strong>D: Quanto tempo richiede la preparazione dell'ordine?<\/strong><br \/>\nR: La preparazione dell'ordine richiede 1-3 giorni lavorativi.<\/p>\n<p><strong>D: Qual \u00e8 il tempo di spedizione?<\/strong><br \/>\nR: Il tempo di spedizione \u00e8 di 7-14 giorni lavorativi, a seconda della localit\u00e0.<\/p>\n<p><strong>D: Come posso monitorare il mio ordine?<\/strong><br \/>\nR: Dopo la spedizione riceverai un'e-mail di conferma con un numero di tracciabilit\u00e0 per il monitoraggio in tempo reale.<\/p>\n<p><strong>D: Qual \u00e8 la vostra politica di restituzione?<\/strong><br \/>\nR: Offriamo una politica di restituzione di 30 giorni per rimborsi o cambi. .<\/p>\n<p><strong>D: Ci saranno problemi doganali?<br \/>\n<\/strong>Gestiamo tutte le procedure di sdoganamento per garantirti un'esperienza senza problemi. .<\/p>\n<p><strong>D: Quali metodi di spedizione vengono utilizzati?<\/strong><br \/>\nCollaboriamo con UPS\/DHL\/FEDEX\/DPD, ecc. Sceglieremo l'opzione di spedizione appropriata a seconda del paese di consegna per assicurarti di ricevere i tuoi prodotti il \u200b\u200bpi\u00f9 rapidamente possibile.<\/p>\n<p><a href=\"https:\/\/pgvape.com\/it\/domande-frequenti\/\">Fare clic qui per ulteriori domande frequenti<\/a><\/p>\n<p>Cari clienti, se avete domande sul vostro ordine o sull'arrivo della merce, contattate il nostro servizio clienti. Grazie!<\/p>\n<h3 data-sourcepos=\"73:1-73:21\"><strong data-sourcepos=\"73:7-73:21\">Contattaci<\/strong><\/h3>\n<div id=\"text-2419739398\" class=\"text\">\n<p><strong data-sourcepos=\"75:3-75:12\">E-mail<\/strong>:\u00a0<a href=\"mailto:support@pgvape.com\"><strong>support@pgvape.com<\/strong><\/a><\/p>\n<p><strong data-sourcepos=\"76:3-76:15\">Whatsapp<\/strong>: <a href=\"https:\/\/wa.me\/+8618128481258\"><strong>+86 18128481258<\/strong><\/a><br \/>\n<strong>(Risposta entro 24 ore nei giorni lavorativi)<\/strong><\/p>\n<\/div>\n<h3><strong>Grazie per aver scelto pgvape.com! .<\/strong><\/h3>\n<\/div>","protected":false},"excerpt":{"rendered":"<p><strong data-sourcepos=\"54:1-54:253\">\u201cVopk Four Flavours 80000: l'usa e getta multigusto definitivo con sbuffi da 80.000, 4 gusti regolabili e 10 quartetti premium. Presenta bobina mesh da 0,9 \u03a9, display digitale e ricarica di tipo C per una variet\u00e0 infinita di svapo.\u201d<\/strong><\/p>","protected":false},"featured_media":2381,"comment_status":"open","ping_status":"closed","template":"","meta":{"_seopress_robots_primary_cat":"none","_seopress_titles_title":"%%post_title%% %%sep%% %%sitetitle%%","_seopress_titles_desc":"","_seopress_robots_index":""},"product_brand":[516,218],"product_cat":[41,515,31],"product_tag":[159,53,44,45,90,219,220],"class_list":{"0":"post-2365","1":"product","2":"type-product","3":"status-publish","4":"has-post-thumbnail","6":"product_brand-disposable-vape","7":"product_brand-vopk-vape","8":"product_cat-80k-puffs-vape","9":"product_cat-disposable-vape","10":"product_cat-vopk-vape","11":"product_tag-10-tastes","12":"product_tag-4-in-1-flavors","13":"product_tag-80k-puffs","14":"product_tag-80k-vape","15":"product_tag-disposable-vape","16":"product_tag-vopk-four-flavors","17":"product_tag-with-led-display","19":"first","20":"instock","21":"sale","22":"shipping-taxable","23":"purchasable","24":"product-type-variable"},"_links":{"self":[{"href":"https:\/\/pgvape.com\/it\/wp-json\/wp\/v2\/product\/2365","targetHints":{"allow":["GET"]}}],"collection":[{"href":"https:\/\/pgvape.com\/it\/wp-json\/wp\/v2\/product"}],"about":[{"href":"https:\/\/pgvape.com\/it\/wp-json\/wp\/v2\/types\/product"}],"replies":[{"embeddable":true,"href":"https:\/\/pgvape.com\/it\/wp-json\/wp\/v2\/comments?post=2365"}],"wp:featuredmedia":[{"embeddable":true,"href":"https:\/\/pgvape.com\/it\/wp-json\/wp\/v2\/media\/2381"}],"wp:attachment":[{"href":"https:\/\/pgvape.com\/it\/wp-json\/wp\/v2\/media?parent=2365"}],"wp:term":[{"taxonomy":"product_brand","embeddable":true,"href":"https:\/\/pgvape.com\/it\/wp-json\/wp\/v2\/product_brand?post=2365"},{"taxonomy":"product_cat","embeddable":true,"href":"https:\/\/pgvape.com\/it\/wp-json\/wp\/v2\/product_cat?post=2365"},{"taxonomy":"product_tag","embeddable":true,"href":"https:\/\/pgvape.com\/it\/wp-json\/wp\/v2\/product_tag?post=2365"}],"curies":[{"name":"wp","href":"https:\/\/api.w.org\/{rel}","templated":true}]}}