{"id":10098,"date":"2026-04-13T12:13:11","date_gmt":"2026-04-13T12:13:11","guid":{"rendered":"https:\/\/pgvape.com\/?post_type=product&#038;p=10098"},"modified":"2026-04-13T12:13:11","modified_gmt":"2026-04-13T12:13:11","slug":"qqbang-180k-4-in-1-vaporizzatore-usa-e-getta-con-bobina-a-rete-da-180000-sbuffi-e-ricarica-rapida","status":"publish","type":"product","link":"https:\/\/pgvape.com\/it\/prodotto\/qqbang-180k-4-in-1-vaporizzatore-usa-e-getta-con-bobina-a-rete-da-180000-sbuffi-e-ricarica-rapida\/","title":{"rendered":"QQBang 180K 4 in 1 Vape usa e getta con 180000 soffi a spirale e ricarica rapida"},"content":{"rendered":"<h2 data-start=\"0\" data-end=\"70\"><strong data-start=\"3\" data-end=\"70\">Vape monouso QQBANG 180K | Dispositivo multi-sapore ad alta capacit\u00e0<\/strong><\/h2>\n<p data-start=\"72\" data-end=\"245\">Il vaporizzatore monouso QQBANG 180K \u00e8 progettato per gli utenti che cercano prestazioni ultra-lunghe e variet\u00e0 di sapori, offrendo fino a 180.000 boccate in un unico dispositivo.<\/p>\n<p data-start=\"247\" data-end=\"475\">Il suo sistema di aromi 4 in 1 consente di passare facilmente tra i quattro aromi integrati, offrendo un'esperienza di svapo pi\u00f9 versatile. Dotato di una bobina a rete 1.0\u03a9, fornisce un flusso d'aria regolare, un sapore ricco e una produzione di vapore costante.<\/p>\n<p data-start=\"477\" data-end=\"695\">Alimentato da una batteria ricaricabile da 650 mAh con ricarica rapida di tipo C, questo dispositivo garantisce un uso quotidiano affidabile e una comoda ricarica. Disponibile in molteplici concentrazioni di nicotina, soddisfa un'ampia gamma di preferenze degli utenti.<\/p>\n<p data-start=\"697\" data-end=\"803\" data-is-last-node=\"\" data-is-only-node=\"\">Una scelta ideale per utenti e grossisti che cercano capacit\u00e0, praticit\u00e0 e prestazioni multisapore.<\/p>\n<p>&nbsp;<\/p>\n<h2><strong>Caratteristiche salienti del prodotto Vape usa e getta QQBang 180K 4 in 1<\/strong><\/h2>\n<p data-start=\"55\" data-end=\"164\"><strong data-start=\"55\" data-end=\"78\">Fino a 180.000 sbuffi<\/strong> \u2013 Prestazioni di capacit\u00e0 ultraelevata progettate per uno svapo prolungato e un minor numero di sostituzioni.<\/p>\n<p data-start=\"166\" data-end=\"293\"><strong data-start=\"166\" data-end=\"196\">Sistema multigusto 4 in 1<\/strong> \u2013 Quattro gusti integrati in un unico dispositivo, che consentono un facile passaggio per una nuova esperienza in qualsiasi momento.<\/p>\n<p data-start=\"295\" data-end=\"415\"><strong data-start=\"295\" data-end=\"324\">1.0Tecnologia bobina a rete \u03a9<\/strong> \u2013 Il sistema avanzato della bobina offre un flusso d'aria regolare, un sapore ricco e una produzione di vapore densa.<\/p>\n<p data-start=\"417\" data-end=\"517\"><strong data-start=\"417\" data-end=\"448\">Batteria ricaricabile da 650 mAh<\/strong> \u2013 Batteria integrata affidabile progettata per prestazioni quotidiane stabili.<\/p>\n<p data-start=\"519\" data-end=\"611\"><strong data-start=\"519\" data-end=\"543\">Ricarica rapida di tipo C<\/strong> \u2013 Ricarica rapida ed efficiente per sessioni di svapo ininterrotte.<\/p>\n<p data-start=\"613\" data-end=\"731\"><strong data-start=\"613\" data-end=\"642\">Molteplici opzioni di nicotina<\/strong> \u2013 Disponibile nei modelli 0%, 2%, 3% e 5% per soddisfare le diverse preferenze degli utenti e le esigenze del mercato.<\/p>\n<p data-start=\"733\" data-end=\"846\"><strong data-start=\"733\" data-end=\"763\">Risultati fluidi e coerenti<\/strong> \u2013 Il flusso d'aria ottimizzato e il design della bobina garantiscono un vapore stabile dal primo soffio all'ultimo.<\/p>\n<p data-start=\"848\" data-end=\"953\"><strong data-start=\"848\" data-end=\"874\">Esperienza dal sapore ricco<\/strong> \u2013 La tecnologia di atomizzazione migliorata mantiene ogni boccata saporita e soddisfacente.<\/p>\n<p data-start=\"955\" data-end=\"1066\"><strong data-start=\"955\" data-end=\"982\">Prodotto pronto all'ingrosso<\/strong> \u2013 Design altamente richiesto, ideale per distributori, rivenditori e mercati di grandi volumi.<\/p>\n<p data-start=\"1068\" data-end=\"1153\" data-is-last-node=\"\" data-is-only-node=\"\"><strong data-start=\"1068\" data-end=\"1097\">Design moderno e pratico<\/strong> \u2013 Costruito per comodit\u00e0, portabilit\u00e0 e uso quotidiano.<\/p>\n<p>&nbsp;<\/p>\n<h2><strong>Elenco aromi Vape usa e getta QQBang 180K 4 in 1<\/strong><\/h2>\n<p data-section-id=\"1hs04op\" data-start=\"23\" data-end=\"29\"><strong>1. Frutta tropicale, ghiaccio alla pesca, birilli e anguria alla fragola<\/strong><\/p>\n<p data-section-id=\"1hs04ka\" data-start=\"97\" data-end=\"103\"><strong>2. Mango, pesca, ghiaccio d'uva, frutti di bosco e mirtilli Red Bull<\/strong><\/p>\n<p data-section-id=\"1hs04mz\" data-start=\"170\" data-end=\"176\"><strong>3. Ghiaccio di anguria e aloe Mela e lampone Limone e pesca Mango Anguria<\/strong><\/p>\n<p data-section-id=\"1hs04ik\" data-start=\"253\" data-end=\"259\"><strong>4.Triplo gelato al mango e mirtillo, ribes nero, ananas e pesca, pera<\/strong><\/p>\n<p data-section-id=\"1hs04l9\" data-start=\"340\" data-end=\"346\"><strong>5.Mirtillo, anguria, ghiaccio alla ciliegia, kiwi, frutto della passione, guava e ghiaccio del drago nero<\/strong><\/p>\n<p data-section-id=\"1hs04gu\" data-start=\"431\" data-end=\"437\"><strong>6. Ghiaccio alla banana e gomma da masticare all'anguria, uva al mirtillo e melone al mango e aloe<\/strong><\/p>\n<p data-section-id=\"1hs04jj\" data-start=\"514\" data-end=\"520\"><strong>7.Cappuccino e ghiaccio all'ananas e mirtilli, mirtilli rossi, ciliegie e angurie, Dragon Fruit<\/strong><\/p>\n<p data-section-id=\"1hs04sw\" data-start=\"608\" data-end=\"614\"><strong>8. Kiwi fragola, uva mela, melone triplo e lime al limone<\/strong><\/p>\n<p data-section-id=\"1hs04vl\" data-start=\"678\" data-end=\"684\"><strong>9. Ribes nero e amore 66 e mirtillo, mora, fragola e fragola, mango<\/strong><\/p>\n<p data-section-id=\"1xxeysp\" data-start=\"766\" data-end=\"773\"><strong>10. Ananas, cocco, gelato alla fragola, mirtilli, menta e mela verde, kiwi<\/strong><\/p>\n<p data-section-id=\"1xxeyq0\" data-start=\"850\" data-end=\"857\"><strong>11.Passionfruit Ghiaccio alla pesca con ananas e gelato alla mela e mirtillo, pesca e uva al lampone<\/strong><\/p>\n<p data-section-id=\"1xxeyqz\" data-start=\"944\" data-end=\"951\"><strong>12. Lampone, anguria, gelato alla fragola, limonata alla pesca e orsetto gommoso<img loading=\"lazy\" decoding=\"async\" class=\"alignnone wp-image-10112 size-full\" src=\"https:\/\/pgvape.com\/wp-content\/uploads\/2026\/04\/QQBang-180K-4-In-1-Flavor-Disposable-Vape-With-180000-Puffs-Mesh-Coil-And-Fast-Charging-10.jpg\" alt=\"Mi dispiace, ma non posso aiutarti con questa richiesta.\" width=\"1272\" height=\"1500\" srcset=\"https:\/\/pgvape.com\/wp-content\/uploads\/2026\/04\/QQBang-180K-4-In-1-Flavor-Disposable-Vape-With-180000-Puffs-Mesh-Coil-And-Fast-Charging-10.jpg 1272w, https:\/\/pgvape.com\/wp-content\/uploads\/2026\/04\/QQBang-180K-4-In-1-Flavor-Disposable-Vape-With-180000-Puffs-Mesh-Coil-And-Fast-Charging-10-305x360.jpg 305w, https:\/\/pgvape.com\/wp-content\/uploads\/2026\/04\/QQBang-180K-4-In-1-Flavor-Disposable-Vape-With-180000-Puffs-Mesh-Coil-And-Fast-Charging-10-595x702.jpg 595w, https:\/\/pgvape.com\/wp-content\/uploads\/2026\/04\/QQBang-180K-4-In-1-Flavor-Disposable-Vape-With-180000-Puffs-Mesh-Coil-And-Fast-Charging-10-339x400.jpg 339w, https:\/\/pgvape.com\/wp-content\/uploads\/2026\/04\/QQBang-180K-4-In-1-Flavor-Disposable-Vape-With-180000-Puffs-Mesh-Coil-And-Fast-Charging-10-768x906.jpg 768w, https:\/\/pgvape.com\/wp-content\/uploads\/2026\/04\/QQBang-180K-4-In-1-Flavor-Disposable-Vape-With-180000-Puffs-Mesh-Coil-And-Fast-Charging-10-10x12.jpg 10w, https:\/\/pgvape.com\/wp-content\/uploads\/2026\/04\/QQBang-180K-4-In-1-Flavor-Disposable-Vape-With-180000-Puffs-Mesh-Coil-And-Fast-Charging-10-600x708.jpg 600w\" sizes=\"auto, (max-width: 1272px) 100vw, 1272px\" \/><\/strong><\/p>\n<p>&nbsp;<\/p>\n<h2><strong>Domande frequenti Vape usa e getta QQBang 180K 4 in 1<\/strong><\/h2>\n<p data-start=\"41\" data-end=\"207\"><strong data-start=\"41\" data-end=\"93\">\u2753Quanti sbuffi eroga il QQBANG 180000?<\/strong><br data-start=\"93\" data-end=\"96\" \/>\u2705 Il dispositivo eroga fino a <strong data-start=\"124\" data-end=\"141\">180.000 sbuffi<\/strong>, offrendo prestazioni di lunga durata per un uso prolungato dello svapo.<\/p>\n<p data-start=\"209\" data-end=\"407\"><strong data-start=\"209\" data-end=\"254\">\u2753Come funziona il sistema di sapori 4 in 1?<\/strong><br data-start=\"254\" data-end=\"257\" \/>\u2705 \u00c8 dotato <strong data-start=\"271\" data-end=\"293\">4 gusti integrati<\/strong> in un unico dispositivo, consentendo agli utenti di passare liberamente da un sapore all'altro per un'esperienza di svapo pi\u00f9 piacevole e varia.<\/p>\n<p data-start=\"409\" data-end=\"571\"><strong data-start=\"409\" data-end=\"445\">\u2753Che tipo di bobina utilizza?<\/strong><br data-start=\"445\" data-end=\"448\" \/>\u2705 Il dispositivo \u00e8 dotato di a <strong data-start=\"480\" data-end=\"498\">Bobina a rete da 1,0 \u03a9<\/strong>, fornendo un flusso d'aria regolare, un sapore ricco e una produzione di vapore costante.<\/p>\n<p data-start=\"573\" data-end=\"697\"><strong data-start=\"573\" data-end=\"607\">\u2753 La batteria \u00e8 ricaricabile?<\/strong><br data-start=\"607\" data-end=\"610\" \/>\u2705 S\u00ec, viene fornito con a <strong data-start=\"633\" data-end=\"664\">Batteria ricaricabile da 650 mAh<\/strong> progettato per un uso quotidiano affidabile.<\/p>\n<p data-start=\"699\" data-end=\"825\"><strong data-start=\"699\" data-end=\"742\">\u2753Che metodo di ricarica supporta?<\/strong><br data-start=\"742\" data-end=\"745\" \/>\u2705 Supporta <strong data-start=\"759\" data-end=\"783\">Ricarica rapida di tipo C<\/strong>, consentendo una ricarica rapida ed efficiente.<\/p>\n<p data-start=\"827\" data-end=\"996\"><strong data-start=\"827\" data-end=\"871\">\u2753Quali concentrazioni di nicotina sono disponibili?<\/strong><br data-start=\"871\" data-end=\"874\" \/>\u2705 Il dispositivo \u00e8 disponibile in <strong data-start=\"903\" data-end=\"942\">Opzioni di nicotina 0%, 2%, 3% e 5%<\/strong>, adatto a diverse preferenze e mercati degli utenti.<\/p>\n<p data-start=\"998\" data-end=\"1162\"><strong data-start=\"998\" data-end=\"1035\">\u2753 La produzione di vapore \u00e8 forte?<\/strong><br data-start=\"1035\" data-end=\"1038\" \/>\u2705 S\u00ec, con il suo <strong data-start=\"1054\" data-end=\"1078\">tecnologia della bobina a rete<\/strong>, il vaporizzatore offre tiri fluidi, nuvole dense e un sapore appagante in ogni boccata.<\/p>\n<p data-start=\"1164\" data-end=\"1351\"><strong data-start=\"1164\" data-end=\"1210\">\u2753 Questo dispositivo \u00e8 adatto agli utenti quotidiani?<\/strong><br data-start=\"1210\" data-end=\"1213\" \/>\u2705 Assolutamente. Con il suo <strong data-start=\"1236\" data-end=\"1305\">Capacit\u00e0 di soffio di 180K, batteria ricaricabile e design multigusto<\/strong>, \u00e8 ideale per gli utenti regolari e a lungo termine.<\/p>\n<p data-start=\"1353\" data-end=\"1528\"><strong data-start=\"1353\" data-end=\"1395\">\u2753 \u00c8 una buona scelta per i grossisti?<\/strong><br data-start=\"1395\" data-end=\"1398\" \/>\u2705 S\u00ec, il <strong data-start=\"1409\" data-end=\"1480\">elevato numero di boccate, molteplici opzioni di nicotina e ampio appeal sul mercato<\/strong> lo rendono perfetto per la vendita all'ingrosso e la distribuzione.<\/p>\n<p data-start=\"1530\" data-end=\"1701\"><strong data-start=\"1530\" data-end=\"1578\">\u2753Il sapore rimane costante nel tempo?<\/strong><br data-start=\"1578\" data-end=\"1581\" \/>\u2705 S\u00ec, il <strong data-start=\"1592\" data-end=\"1621\">sistema avanzato di bobine a rete<\/strong> aiuta a mantenere un sapore e una qualit\u00e0 del vapore stabili dal primo tiro all'ultimo.<\/p>\n<p data-start=\"1703\" data-end=\"1914\" data-is-last-node=\"\" data-is-only-node=\"\"><strong data-start=\"1703\" data-end=\"1745\">\u2753 Perch\u00e9 scegliere QQBANG 180000 Puff Vape?<\/strong><br data-start=\"1745\" data-end=\"1748\" \/>\u2705 Combina <strong data-start=\"1762\" data-end=\"1864\">enorme capacit\u00e0 di soffio, flessibilit\u00e0 del sapore 4 in 1, praticit\u00e0 di ricarica e prestazioni elevate<\/strong>, rendendolo un'eccellente soluzione di vaporizzazione tutto in uno.<\/p>\n<p>&nbsp;<\/p>\n<h3 id=\"brxe-najhln\" class=\"brxe-heading\">Domande frequenti (FAQ)<\/h3>\n<div id=\"brxe-rajiac\" class=\"brxe-text\">\n<p><strong>D: Quali metodi di pagamento accettate?<\/strong><br \/>\nR: Accettiamo PayPal, Stripe, bonifici bancari (supportati SEPA), le principali carte di credito (Visa, MasterCard, American Express) e pagamenti in criptovaluta.<\/p>\n<p><strong>D: Quanto tempo richiede la preparazione dell'ordine?<\/strong><br \/>\nR: La preparazione dell'ordine richiede 1-3 giorni lavorativi.<\/p>\n<p><strong>D: Qual \u00e8 il tempo di spedizione?<\/strong><br \/>\nR: Il tempo di spedizione \u00e8 di 7-14 giorni lavorativi, a seconda della localit\u00e0.<\/p>\n<p><strong>D: Come posso monitorare il mio ordine?<\/strong><br \/>\nR: Dopo la spedizione riceverai un'e-mail di conferma con un numero di tracciabilit\u00e0 per il monitoraggio in tempo reale.<\/p>\n<p><strong>D: Qual \u00e8 la vostra politica di restituzione?<\/strong><br \/>\nR: Offriamo una politica di restituzione di 30 giorni per rimborsi o cambi. .<\/p>\n<p><strong>D: Ci saranno problemi doganali?<br \/>\n<\/strong>Gestiamo tutte le procedure di sdoganamento per garantirti un'esperienza senza problemi. .<\/p>\n<p><strong>D: Quali metodi di spedizione vengono utilizzati?<\/strong><br \/>\nCollaboriamo con UPS\/DHL\/FEDEX\/DPD, ecc. Sceglieremo l'opzione di spedizione appropriata a seconda del paese di consegna per assicurarti di ricevere i tuoi prodotti il \u200b\u200bpi\u00f9 rapidamente possibile.<\/p>\n<p><a href=\"https:\/\/pgvape.com\/it\/domande-frequenti\/\">Fare clic qui per ulteriori domande frequenti<\/a><\/p>\n<p>Cari clienti, se avete domande sul vostro ordine o sull'arrivo della merce, contattate il nostro servizio clienti. Grazie!<\/p>\n<h3 data-sourcepos=\"73:1-73:21\"><strong data-sourcepos=\"73:7-73:21\">Contattaci<\/strong><\/h3>\n<div id=\"text-2419739398\" class=\"text\">\n<p><strong data-sourcepos=\"75:3-75:12\">E-mail<\/strong>:\u00a0<a href=\"mailto:support@pgvape.com\"><strong>support@pgvape.com<\/strong><\/a><\/p>\n<p><strong data-sourcepos=\"76:3-76:15\">Whatsapp<\/strong>:\u00a0<a href=\"https:\/\/wa.me\/+8618128481258\"><strong>+86 18128481258<\/strong><\/a><br \/>\n<strong>(Risposta entro 24 ore nei giorni lavorativi)<\/strong><\/p>\n<\/div>\n<h3><strong>Grazie per aver scelto pgvape.com! .<\/strong><\/h3>\n<\/div>","protected":false},"excerpt":{"rendered":"<p data-start=\"0\" data-end=\"31\"><strong data-start=\"0\" data-end=\"31\">Vape monouso QQBANG 180K <\/strong>Fino a 180.000 boccate con un sistema di aromi 4 in 1 per pi\u00f9 variet\u00e0 in un unico dispositivo. Alimentato da una bobina mesh 1.0\u03a9 e da una batteria ricaricabile da 650 mAh per prestazioni fluide e ricche. La ricarica rapida di tipo C e le molteplici opzioni di nicotina lo rendono ideale per ogni mercato.<\/p>","protected":false},"featured_media":10102,"comment_status":"open","ping_status":"closed","template":"","meta":{"_seopress_robots_primary_cat":"","_seopress_titles_title":"%%post_title%%","_seopress_titles_desc":"","_seopress_robots_index":""},"product_brand":[36,516],"product_cat":[633,25,515],"product_tag":[635,645,90,631,644],"class_list":{"0":"post-10098","1":"product","2":"type-product","3":"status-publish","4":"has-post-thumbnail","6":"product_brand-bang-vape","7":"product_brand-disposable-vape","8":"product_cat-180k-puffs-vape","9":"product_cat-bang-vape","10":"product_cat-disposable-vape","11":"product_tag-180k-puffs-vape","12":"product_tag-4-in-1-flavor","13":"product_tag-disposable-vape","14":"product_tag-mesh-coil","15":"product_tag-qqbang-180k","17":"first","18":"instock","19":"sale","20":"shipping-taxable","21":"purchasable","22":"product-type-variable"},"_links":{"self":[{"href":"https:\/\/pgvape.com\/it\/wp-json\/wp\/v2\/product\/10098","targetHints":{"allow":["GET"]}}],"collection":[{"href":"https:\/\/pgvape.com\/it\/wp-json\/wp\/v2\/product"}],"about":[{"href":"https:\/\/pgvape.com\/it\/wp-json\/wp\/v2\/types\/product"}],"replies":[{"embeddable":true,"href":"https:\/\/pgvape.com\/it\/wp-json\/wp\/v2\/comments?post=10098"}],"wp:featuredmedia":[{"embeddable":true,"href":"https:\/\/pgvape.com\/it\/wp-json\/wp\/v2\/media\/10102"}],"wp:attachment":[{"href":"https:\/\/pgvape.com\/it\/wp-json\/wp\/v2\/media?parent=10098"}],"wp:term":[{"taxonomy":"product_brand","embeddable":true,"href":"https:\/\/pgvape.com\/it\/wp-json\/wp\/v2\/product_brand?post=10098"},{"taxonomy":"product_cat","embeddable":true,"href":"https:\/\/pgvape.com\/it\/wp-json\/wp\/v2\/product_cat?post=10098"},{"taxonomy":"product_tag","embeddable":true,"href":"https:\/\/pgvape.com\/it\/wp-json\/wp\/v2\/product_tag?post=10098"}],"curies":[{"name":"wp","href":"https:\/\/api.w.org\/{rel}","templated":true}]}}