{"id":10055,"date":"2026-04-11T12:55:57","date_gmt":"2026-04-11T12:55:57","guid":{"rendered":"https:\/\/pgvape.com\/?post_type=product&#038;p=10055"},"modified":"2026-04-11T12:55:57","modified_gmt":"2026-04-11T12:55:57","slug":"al-fakher-crown-bar-60k-vaporizzatore-usa-e-getta-premium-con-display-lcd-curvo-da-60000-sbuffi-e-flusso-daria-a-doppia-modalita","status":"publish","type":"product","link":"https:\/\/pgvape.com\/it\/prodotto\/al-fakher-crown-bar-60k-vaporizzatore-usa-e-getta-premium-con-display-lcd-curvo-da-60000-sbuffi-e-flusso-daria-a-doppia-modalita\/","title":{"rendered":"Vape monouso premium AL Fakher Crown Bar 60K con display LCD curvo da 60000 sbuffi e flusso d'aria a doppia modalit\u00e0"},"content":{"rendered":"<h2 data-start=\"0\" data-end=\"85\"><strong data-start=\"3\" data-end=\"85\">AL Fakher Crown Bar 60K Vape monouso | Dispositivo intelligente a doppia modalit\u00e0 ad alta capacit\u00e0<\/strong><\/h2>\n<p data-start=\"87\" data-end=\"297\">Il vaporizzatore monouso AL Fakher Crown Bar 60K \u00e8 progettato per gli utenti che apprezzano prestazioni, praticit\u00e0 e uso duraturo, offrendo fino a 60.000 boccate con una capacit\u00e0 di e-liquid da 50 ml.<\/p>\n<p data-start=\"299\" data-end=\"525\">Dotato di tecnologia avanzata della bobina a rete, fornisce un sapore ricco e un vapore morbido in ogni boccata. Il sistema a doppia modalit\u00e0 supporta sia gli stili di svapo MTL che DTL, mentre il flusso d'aria regolabile consente un'esperienza pi\u00f9 personalizzata.<\/p>\n<p data-start=\"527\" data-end=\"735\">Alimentato da una batteria ricaricabile da 1000 mAh con ricarica di tipo C e dotato di display LCD curvo per un chiaro monitoraggio dello stato in tempo reale, questo dispositivo offre funzionalit\u00e0 moderne in un design elegante e durevole.<\/p>\n<p data-start=\"737\" data-end=\"827\" data-is-last-node=\"\" data-is-only-node=\"\">Una scelta ideale per gli utenti che cercano versatilit\u00e0, affidabilit\u00e0 e prestazioni quotidiane premium.<\/p>\n<p>&nbsp;<\/p>\n<h3 id=\"brxe-najhln\" class=\"brxe-heading\"><\/h3>\n<p data-start=\"737\" data-end=\"827\" data-is-last-node=\"\" data-is-only-node=\"\">\n<h2 data-section-id=\"1mrb6kp\" data-start=\"0\" data-end=\"60\"><span role=\"text\"><strong data-start=\"6\" data-end=\"60\">Caratteristiche principali del prodotto Vape usa e getta AL Fakher Crown Bar Dual Mode 60000<\/strong><\/span><\/h2>\n<p data-start=\"62\" data-end=\"177\"><strong data-start=\"62\" data-end=\"84\">Fino a 60.000 sbuffi<\/strong> \u2013 Prestazioni ad alta capacit\u00e0 progettate per uno svapo di lunga durata senza sostituzioni frequenti.<\/p>\n<p data-start=\"179\" data-end=\"294\"><strong data-start=\"179\" data-end=\"211\">Grande capacit\u00e0 di e-liquid da 50 ml<\/strong> \u2013 Utilizzo prolungato con erogazione coerente dei sapori per tutta la durata di vita del dispositivo.<\/p>\n<p data-start=\"296\" data-end=\"399\"><strong data-start=\"296\" data-end=\"322\">Forza della nicotina 0,6%<\/strong> \u2013 Livello di nicotina regolare ed equilibrato per un\u2019esperienza quotidiana soddisfacente.<\/p>\n<p data-start=\"401\" data-end=\"516\"><strong data-start=\"401\" data-end=\"425\">Tecnologia della bobina a rete<\/strong> \u2013 Il sistema di riscaldamento uniforme garantisce un sapore pi\u00f9 ricco, aspirazioni pi\u00f9 fluide e una produzione di vapore densa.<\/p>\n<p data-start=\"518\" data-end=\"647\"><strong data-start=\"518\" data-end=\"550\">Sistema a doppia modalit\u00e0 (DTL e MTL)<\/strong> \u2013 Passa tra nuvole dirette al polmone o aspirazioni bocca a polmone per uno stile di svapo personalizzato.<\/p>\n<p data-start=\"649\" data-end=\"748\"><strong data-start=\"649\" data-end=\"679\">Controllo del flusso d'aria regolabile<\/strong> \u2013 Personalizza facilmente il flusso d'aria da stretto e regolare a aperto e arioso.<\/p>\n<p data-start=\"750\" data-end=\"852\"><strong data-start=\"750\" data-end=\"772\">Display LCD curvo<\/strong> \u2013 Design moderno dello schermo che mostra lo stato del dispositivo in tempo reale e le informazioni sull'utilizzo.<\/p>\n<p data-start=\"854\" data-end=\"955\"><strong data-start=\"854\" data-end=\"886\">Batteria ricaricabile da 1000 mAh<\/strong> \u2013 La potente batteria integrata offre prestazioni affidabili per tutto il giorno.<\/p>\n<p data-start=\"957\" data-end=\"1036\"><strong data-start=\"957\" data-end=\"981\">Ricarica rapida di tipo C<\/strong> \u2013 Ricarica rapida ed efficiente per tempi di inattivit\u00e0 minimi.<\/p>\n<p data-start=\"1038\" data-end=\"1138\"><strong data-start=\"1038\" data-end=\"1073\">Prestazioni fluide e costanti<\/strong> \u2013 Emissione di vapore stabile e sapore ricco dal primo soffio all'ultimo.<\/p>\n<p data-start=\"1140\" data-end=\"1237\" data-is-last-node=\"\" data-is-only-node=\"\"><strong data-start=\"1140\" data-end=\"1166\">Design durevole e di alta qualit\u00e0<\/strong> \u2013 Costruzione elegante e moderna realizzata per l'uso quotidiano e il comfort a lungo termine.<\/p>\n<p>&nbsp;<\/p>\n<h3 id=\"brxe-najhln\" class=\"brxe-heading\"><\/h3>\n<p data-start=\"1140\" data-end=\"1237\" data-is-last-node=\"\" data-is-only-node=\"\">\n<h2 data-section-id=\"1mrb6kp\" data-start=\"0\" data-end=\"60\"><span role=\"text\"><strong data-start=\"6\" data-end=\"60\">AL Fakher Crown Bar Dual Mode 60000 soffi Vape usa e getta <\/strong><\/span><span role=\"text\"><strong data-start=\"6\" data-end=\"21\">Elenco dei sapori<\/strong><\/span><\/h2>\n<p><strong data-start=\"25\" data-end=\"33\">1.Menta<\/strong><\/p>\n<p><strong data-start=\"38\" data-end=\"52\">2.Blu bacca<\/strong><\/p>\n<p><strong data-start=\"57\" data-end=\"76\">3. Ananas al mango<\/strong><\/p>\n<p><strong data-start=\"81\" data-end=\"94\">4.Due mele<\/strong><\/p>\n<p><strong data-start=\"99\" data-end=\"119\">5.Punch alla fragola<\/strong><\/p>\n<p><strong data-start=\"124\" data-end=\"138\">6. Mango fantastico<\/strong><\/p>\n<p><strong data-start=\"143\" data-end=\"158\">7.Sogno spaziale<\/strong><\/p>\n<p><strong data-start=\"163\" data-end=\"177\">8.Menta d'uva<\/strong><\/p>\n<p><strong data-start=\"182\" data-end=\"195\">9.Ghiaccio ai frutti di bosco<\/strong><\/p>\n<p><strong data-start=\"200\" data-end=\"209\">10.Uva<\/strong><\/p>\n<p><strong data-start=\"214\" data-end=\"228\">11.Limone e lime<\/strong><\/p>\n<p><strong data-start=\"233\" data-end=\"247\">12.Amore magico<\/strong><\/p>\n<p><strong data-start=\"252\" data-end=\"266\">13.Menta Limone<\/strong><\/p>\n<p><strong data-start=\"271\" data-end=\"288\">14.Fiesta delle ciliegie<\/strong><\/p>\n<p><strong data-start=\"293\" data-end=\"310\">15.Gomma al mirtillo<\/strong><\/p>\n<p><strong data-start=\"315\" data-end=\"337\">16.Limonata Blue Razz<\/strong><\/p>\n<p><strong data-start=\"342\" data-end=\"362\">17.Ghiaccio al ribes nero<\/strong><\/p>\n<p><strong data-start=\"367\" data-end=\"379\">18. Gomma alla menta<\/strong><\/p>\n<p><strong data-start=\"384\" data-end=\"405\">19.Ciliegia alla fragola<\/strong><\/p>\n<p><strong data-start=\"410\" data-end=\"429\">20. Kiwi Anguria<img loading=\"lazy\" decoding=\"async\" class=\"alignnone wp-image-10060 size-full\" src=\"https:\/\/pgvape.com\/wp-content\/uploads\/2026\/04\/AL-Fakher-Crown-Bar-60K-Premium-Disposable-Vape-With-60000-Puffs-Curved-LCD-Display-And-Dual-Mode-Airflow-3.png\" alt=\"Poster promozionale per Crown Bar E-HoseX 60K che mostra 23 carte sapore con immagini di bottiglie e grafica splash in cornici dai colori vivaci.\" width=\"1433\" height=\"1980\" srcset=\"https:\/\/pgvape.com\/wp-content\/uploads\/2026\/04\/AL-Fakher-Crown-Bar-60K-Premium-Disposable-Vape-With-60000-Puffs-Curved-LCD-Display-And-Dual-Mode-Airflow-3.png 1433w, https:\/\/pgvape.com\/wp-content\/uploads\/2026\/04\/AL-Fakher-Crown-Bar-60K-Premium-Disposable-Vape-With-60000-Puffs-Curved-LCD-Display-And-Dual-Mode-Airflow-3-261x360.png 261w, https:\/\/pgvape.com\/wp-content\/uploads\/2026\/04\/AL-Fakher-Crown-Bar-60K-Premium-Disposable-Vape-With-60000-Puffs-Curved-LCD-Display-And-Dual-Mode-Airflow-3-595x822.png 595w, https:\/\/pgvape.com\/wp-content\/uploads\/2026\/04\/AL-Fakher-Crown-Bar-60K-Premium-Disposable-Vape-With-60000-Puffs-Curved-LCD-Display-And-Dual-Mode-Airflow-3-289x400.png 289w, https:\/\/pgvape.com\/wp-content\/uploads\/2026\/04\/AL-Fakher-Crown-Bar-60K-Premium-Disposable-Vape-With-60000-Puffs-Curved-LCD-Display-And-Dual-Mode-Airflow-3-768x1061.png 768w, https:\/\/pgvape.com\/wp-content\/uploads\/2026\/04\/AL-Fakher-Crown-Bar-60K-Premium-Disposable-Vape-With-60000-Puffs-Curved-LCD-Display-And-Dual-Mode-Airflow-3-1112x1536.png 1112w, https:\/\/pgvape.com\/wp-content\/uploads\/2026\/04\/AL-Fakher-Crown-Bar-60K-Premium-Disposable-Vape-With-60000-Puffs-Curved-LCD-Display-And-Dual-Mode-Airflow-3-9x12.png 9w, https:\/\/pgvape.com\/wp-content\/uploads\/2026\/04\/AL-Fakher-Crown-Bar-60K-Premium-Disposable-Vape-With-60000-Puffs-Curved-LCD-Display-And-Dual-Mode-Airflow-3-600x829.png 600w\" sizes=\"auto, (max-width: 1433px) 100vw, 1433px\" \/><\/strong><\/p>\n<p>&nbsp;<\/p>\n<h3 class=\"auto-hide-last-sibling-br paragraph-pP9ZLC paragraph-element br-paragraph-space\">Perch\u00e9 scegliere il magazzino europeo PGVape?<\/h3>\n<p>Spedizione veloce: consegna nella maggior parte dei paesi dell'UE entro 3-7 giorni lavorativi.<\/p>\n<p>Consegna esente da dazi: le scorte locali dell'UE garantiscono una spedizione agevole e esente da dazi.<\/p>\n<p>100% Garanzia autentica: genuina <strong data-start=\"0\" data-end=\"43\">Barra della corona AL Fakher<\/strong><span role=\"text\"><strong data-start=\"4\" data-end=\"60\">\u00a0<\/strong><\/span>sigarette elettroniche da fornitori certificati.<\/p>\n<p>Inventario fresco: conservato in condizioni controllate per garantire una qualit\u00e0 ottimale.<\/p>\n<p>Scelto dagli europei: migliaia di clienti godono dei servizi di sigaretta elettronica veloci e sicuri di PGVape.<\/p>\n<p>&nbsp;<\/p>\n<h3 data-section-id=\"47aogy\" data-start=\"0\" data-end=\"62\"><span role=\"text\"><strong data-start=\"4\" data-end=\"62\">Domande frequenti: vaporizzatore monouso AL Fakher Crown Bar 60000<\/strong><\/span><\/h3>\n<p data-start=\"64\" data-end=\"239\"><strong data-start=\"64\" data-end=\"126\">\u2753Quanti tiri fornisce AL Fakher Crown Bar 60K?<\/strong><br data-start=\"126\" data-end=\"129\" \/>\u2705 Il dispositivo eroga fino a <strong data-start=\"157\" data-end=\"173\">60.000 sbuffi<\/strong>, offrendo prestazioni di lunga durata senza sostituzioni frequenti.<\/p>\n<p data-start=\"241\" data-end=\"379\"><strong data-start=\"241\" data-end=\"277\">\u2753 Qual \u00e8 la capacit\u00e0 dell'e-liquid?<\/strong><br data-start=\"277\" data-end=\"280\" \/>\u2705 Viene fornito con a <strong data-start=\"298\" data-end=\"324\">Capacit\u00e0 dell'e-liquid da 50 ml<\/strong>, garantendo un uso prolungato e una consegna coerente del sapore.<\/p>\n<p data-start=\"381\" data-end=\"529\"><strong data-start=\"381\" data-end=\"426\">\u2753Che concentrazione di nicotina contiene?<\/strong><br data-start=\"426\" data-end=\"429\" \/>\u2705 Le caratteristiche del dispositivo <strong data-start=\"451\" data-end=\"477\">Forza di nicotina 0,6%<\/strong>, fornendo un'esperienza di svapo fluida ed equilibrata.<\/p>\n<p data-start=\"531\" data-end=\"687\"><strong data-start=\"531\" data-end=\"567\">\u2753Che tipo di bobina utilizza?<\/strong><br data-start=\"567\" data-end=\"570\" \/>\u2705 \u00c8 dotato di <strong data-start=\"592\" data-end=\"616\">tecnologia della bobina a rete<\/strong>, che garantisce un riscaldamento uniforme, un sapore ricco e una produzione di vapore regolare.<\/p>\n<p data-start=\"689\" data-end=\"866\"><strong data-start=\"689\" data-end=\"724\">\u2753 Cos'\u00e8 il sistema dual mode?<\/strong><br data-start=\"724\" data-end=\"727\" \/>\u2705 Lo svapo supporta entrambi <strong data-start=\"752\" data-end=\"776\">DTL (diretto al polmone)<\/strong> E <strong data-start=\"781\" data-end=\"804\">MTL (bocca-polmone)<\/strong> modalit\u00e0, consentendo agli utenti di scegliere il loro stile di svapo preferito.<\/p>\n<p data-start=\"868\" data-end=\"1023\"><strong data-start=\"868\" data-end=\"899\">\u2753 Posso regolare il flusso d'aria?<\/strong><br data-start=\"899\" data-end=\"902\" \/>\u2705 S\u00ec, \u00e8 dotato di un <strong data-start=\"924\" data-end=\"953\">sistema di flusso d'aria regolabile<\/strong>, in modo da poter passare facilmente da aspirazioni pi\u00f9 strette a flussi d'aria pi\u00f9 aperti.<\/p>\n<p data-start=\"1025\" data-end=\"1187\"><strong data-start=\"1025\" data-end=\"1061\">\u2753 Ha uno schermo di visualizzazione?<\/strong><br data-start=\"1061\" data-end=\"1064\" \/>\u2705 S\u00ec, il dispositivo include a <strong data-start=\"1093\" data-end=\"1115\">display LCD curvo<\/strong> che mostra chiaramente il livello della batteria, lo stato del dispositivo e le informazioni sull'utilizzo.<\/p>\n<p data-start=\"1189\" data-end=\"1315\"><strong data-start=\"1189\" data-end=\"1223\">\u2753 La batteria \u00e8 ricaricabile?<\/strong><br data-start=\"1223\" data-end=\"1226\" \/>\u2705 S\u00ec, ha un built-in <strong data-start=\"1251\" data-end=\"1283\">Batteria ricaricabile da 1000 mAh<\/strong> per prestazioni quotidiane affidabili.<\/p>\n<p data-start=\"1317\" data-end=\"1440\"><strong data-start=\"1317\" data-end=\"1360\">\u2753Che metodo di ricarica supporta?<\/strong><br data-start=\"1360\" data-end=\"1363\" \/>\u2705 Utilizza <strong data-start=\"1373\" data-end=\"1397\">Ricarica rapida di tipo C<\/strong>, allowing quick and convenient recharging.<\/p>\n<p data-start=\"1442\" data-end=\"1628\"><strong data-start=\"1442\" data-end=\"1479\">\u2753 La produzione di vapore \u00e8 forte?<\/strong><br data-start=\"1479\" data-end=\"1482\" \/>\u2705 S\u00ec, grazie al <strong data-start=\"1503\" data-end=\"1552\">bobina a rete, flusso d'aria regolabile e doppia modalit\u00e0<\/strong>, offre sia disegni fluidi che nuvole dense a seconda delle impostazioni.<\/p>\n<p data-start=\"1630\" data-end=\"1795\"><strong data-start=\"1630\" data-end=\"1674\">\u2753 Questo dispositivo \u00e8 adatto all'uso quotidiano?<\/strong><br data-start=\"1674\" data-end=\"1677\" \/>\u2705 Assolutamente. Con il suo <strong data-start=\"1700\" data-end=\"1761\">design durevole, numero elevato di sbuffi e batteria ricaricabile<\/strong>, \u00e8 costruito per lo svapo quotidiano.<\/p>\n<p data-start=\"1797\" data-end=\"2035\" data-is-last-node=\"\" data-is-only-node=\"\"><strong data-start=\"1797\" data-end=\"1836\">\u2753 Cosa distingue questo dispositivo?<\/strong><br data-start=\"1836\" data-end=\"1839\" \/>\u2705 La sua combinazione di <strong data-start=\"1860\" data-end=\"1966\">60.000 boccate, grande capacit\u00e0 di e-liquid, doppia modalit\u00e0 di svapo, schermo LCD curvo e design AL Fakher premium<\/strong> lo rende la scelta migliore per gli utenti che cercano prestazioni e praticit\u00e0.<\/p>\n<p>&nbsp;<\/p>\n<h3 id=\"brxe-najhln\" class=\"brxe-heading\">Domande frequenti (FAQ)<\/h3>\n<div id=\"brxe-rajiac\" class=\"brxe-text\">\n<p><strong>D: Quali metodi di pagamento accettate?<\/strong><br \/>\nR: Accettiamo PayPal, Stripe, bonifici bancari (supportati SEPA), le principali carte di credito (Visa, MasterCard, American Express) e pagamenti in criptovaluta.<\/p>\n<p><strong>D: Quanto tempo richiede la preparazione dell'ordine?<\/strong><br \/>\nR: La preparazione dell'ordine richiede 1-3 giorni lavorativi.<\/p>\n<p><strong>D: Qual \u00e8 il tempo di spedizione?<\/strong><br \/>\nR: Il tempo di spedizione \u00e8 di 7-14 giorni lavorativi, a seconda della localit\u00e0.<\/p>\n<p><strong>D: Come posso monitorare il mio ordine?<\/strong><br \/>\nR: Dopo la spedizione riceverai un'e-mail di conferma con un numero di tracciabilit\u00e0 per il monitoraggio in tempo reale.<\/p>\n<p><strong>D: Qual \u00e8 la vostra politica di restituzione?<\/strong><br \/>\nR: Offriamo una politica di restituzione di 30 giorni per rimborsi o cambi. .<\/p>\n<p><strong>D: Ci saranno problemi doganali?<br \/>\n<\/strong>Gestiamo tutte le procedure di sdoganamento per garantirti un'esperienza senza problemi. .<\/p>\n<p><strong>D: Quali metodi di spedizione vengono utilizzati?<\/strong><br \/>\nCollaboriamo con UPS\/DHL\/FEDEX\/DPD, ecc. Sceglieremo l'opzione di spedizione appropriata a seconda del paese di consegna per assicurarti di ricevere i tuoi prodotti il \u200b\u200bpi\u00f9 rapidamente possibile.<\/p>\n<p><a href=\"https:\/\/pgvape.com\/it\/domande-frequenti\/\">Fare clic qui per ulteriori domande frequenti<\/a><\/p>\n<p>Cari clienti, se avete domande sul vostro ordine o sull'arrivo della merce, contattate il nostro servizio clienti. Grazie!<\/p>\n<h3 data-sourcepos=\"73:1-73:21\"><strong data-sourcepos=\"73:7-73:21\">Contattaci<\/strong><\/h3>\n<div id=\"text-2419739398\" class=\"text\">\n<p><strong data-sourcepos=\"75:3-75:12\">E-mail<\/strong>:\u00a0<a href=\"mailto:support@pgvape.com\"><strong>support@pgvape.com<\/strong><\/a><\/p>\n<p><strong data-sourcepos=\"76:3-76:15\">Whatsapp<\/strong>:\u00a0<a href=\"https:\/\/wa.me\/+8618128481258\"><strong>+86 18128481258<\/strong><\/a><br \/>\n<strong>(Risposta entro 24 ore nei giorni lavorativi)<\/strong><\/p>\n<\/div>\n<h3><strong>Grazie per aver scelto pgvape.com! .<\/strong><\/h3>\n<\/div>","protected":false},"excerpt":{"rendered":"<div class=\"flex flex-col text-sm pb-25\">\n<section class=\"text-token-text-primary w-full focus:outline-none [--shadow-height:45px] has-data-writing-block:pointer-events-none has-data-writing-block:-mt-(--shadow-height) has-data-writing-block:pt-(--shadow-height) [&amp;:has([data-writing-block])&gt;*]:pointer-events-auto scroll-mt-[calc(var(--header-height)+min(200px,max(70px,20svh)))]\" dir=\"auto\" data-turn-id=\"request-690f3671-88fc-832d-8d9c-73e96f624343-43\" data-testid=\"conversation-turn-24\" data-scroll-anchor=\"true\" data-turn=\"assistant\">\n<div class=\"text-base my-auto mx-auto pb-10 [--thread-content-margin:var(--thread-content-margin-xs,calc(var(--spacing)*4))] @w-sm\/main:[--thread-content-margin:var(--thread-content-margin-sm,calc(var(--spacing)*6))] @w-lg\/main:[--thread-content-margin:var(--thread-content-margin-lg,calc(var(--spacing)*16))] px-(--thread-content-margin)\">\n<div class=\"[--thread-content-max-width:40rem] @w-lg\/main:[--thread-content-max-width:48rem] mx-auto max-w-(--thread-content-max-width) flex-1 group\/turn-messages focus-visible:outline-hidden relative flex w-full min-w-0 flex-col agent-turn\">\n<div class=\"flex max-w-full flex-col gap-4 grow\">\n<div class=\"min-h-8 text-message relative flex w-full flex-col items-end gap-2 text-start break-words whitespace-normal outline-none keyboard-focused:focus-ring [.text-message+&amp;]:mt-1\" dir=\"auto\" tabindex=\"0\" data-message-author-role=\"assistant\" data-message-id=\"42c15cae-2af8-42cc-a0a9-8e108db47175\" data-message-model-slug=\"gpt-5-3\" data-turn-start-message=\"true\">\n<div class=\"flex w-full flex-col gap-1 empty:hidden\">\n<div class=\"markdown prose dark:prose-invert w-full wrap-break-word light markdown-new-styling\">\n<p data-start=\"0\" data-end=\"43\"><strong data-start=\"0\" data-end=\"43\">AL Fakher Crown Bar 60K Disposable Vape <\/strong>Up to 60,000 puffs with 50ml e-liquid for long-lasting enjoyment. Features mesh coil technology, adjustable airflow, and dual modes (DTL &amp; MTL) for a customized experience. Powered by a 1000mAh rechargeable battery with Type-C charging and a curved LCD display for smart control.<\/p>\n<\/div>\n<\/div>\n<\/div>\n<\/div>\n<div class=\"z-0 flex min-h-[46px] justify-start\"><\/div>\n<div class=\"mt-3 w-full empty:hidden\">\n<div class=\"text-center\"><\/div>\n<\/div>\n<\/div>\n<\/div>\n<\/section>\n<\/div>\n<div class=\"pointer-events-none h-px w-px absolute bottom-0\" aria-hidden=\"true\" data-edge=\"true\"><\/div>\n","protected":false},"featured_media":10059,"comment_status":"open","ping_status":"closed","template":"","meta":{"_seopress_robots_primary_cat":"","_seopress_titles_title":"","_seopress_titles_desc":"","_seopress_robots_index":""},"product_brand":[639,516],"product_cat":[48,638,515],"product_tag":[315,640,643,67,90,642,59,641,203],"class_list":{"0":"post-10055","1":"product","2":"type-product","3":"status-publish","4":"has-post-thumbnail","6":"product_brand-al-fakher-vape","7":"product_brand-disposable-vape","8":"product_cat-60k-puffs-vape","9":"product_cat-al-fakher-vape-eu","10":"product_cat-disposable-vape","11":"product_tag-60k-puffs-vape","12":"product_tag-al-fakher-crown-bar-60k","13":"product_tag-curved-lcd-display","14":"product_tag-direct-to-lung-dtl","15":"product_tag-disposable-vape","16":"product_tag-dual-mode-airflow","17":"product_tag-mouth-to-lung-mtl","18":"product_tag-premium","19":"product_tag-shipment-from-eu","21":"first","22":"instock","23":"sale","24":"shipping-taxable","25":"purchasable","26":"product-type-variable"},"_links":{"self":[{"href":"https:\/\/pgvape.com\/it\/wp-json\/wp\/v2\/product\/10055","targetHints":{"allow":["GET"]}}],"collection":[{"href":"https:\/\/pgvape.com\/it\/wp-json\/wp\/v2\/product"}],"about":[{"href":"https:\/\/pgvape.com\/it\/wp-json\/wp\/v2\/types\/product"}],"replies":[{"embeddable":true,"href":"https:\/\/pgvape.com\/it\/wp-json\/wp\/v2\/comments?post=10055"}],"wp:featuredmedia":[{"embeddable":true,"href":"https:\/\/pgvape.com\/it\/wp-json\/wp\/v2\/media\/10059"}],"wp:attachment":[{"href":"https:\/\/pgvape.com\/it\/wp-json\/wp\/v2\/media?parent=10055"}],"wp:term":[{"taxonomy":"product_brand","embeddable":true,"href":"https:\/\/pgvape.com\/it\/wp-json\/wp\/v2\/product_brand?post=10055"},{"taxonomy":"product_cat","embeddable":true,"href":"https:\/\/pgvape.com\/it\/wp-json\/wp\/v2\/product_cat?post=10055"},{"taxonomy":"product_tag","embeddable":true,"href":"https:\/\/pgvape.com\/it\/wp-json\/wp\/v2\/product_tag?post=10055"}],"curies":[{"name":"wp","href":"https:\/\/api.w.org\/{rel}","templated":true}]}}