{"id":10028,"date":"2026-04-11T12:03:57","date_gmt":"2026-04-11T12:03:57","guid":{"rendered":"https:\/\/pgvape.com\/?post_type=product&#038;p=10028"},"modified":"2026-04-11T12:03:57","modified_gmt":"2026-04-11T12:03:57","slug":"stag-bar-6-in-1-vape-monouso-con-aroma-rotante-da-180k-con-display-a-led-da-180000-sbuffi-e-liquido-da-108-ml","status":"publish","type":"product","link":"https:\/\/pgvape.com\/it\/prodotto\/stag-bar-6-in-1-vape-monouso-con-aroma-rotante-da-180k-con-display-a-led-da-180000-sbuffi-e-liquido-da-108-ml\/","title":{"rendered":"Stag Bar 6 in 1 Vape usa e getta dal sapore rotante da 180K con display a LED da 180000 sbuffi e E-Liquid da 108 ml"},"content":{"rendered":"<h2 data-start=\"0\" data-end=\"85\"><strong data-start=\"3\" data-end=\"85\">Dispositivo multi-sapore ad altissima capacit\u00e0 Vape monouso 6 IN 1 da 180K<\/strong><\/h2>\n<p data-start=\"0\" data-end=\"85\">Il vaporizzatore usa e getta Stag Bar 6 IN 1 180K \u00e8 costruito per le massime prestazioni e un uso prolungato, offrendo fino a 180.000 sbuffi con un'enorme capacit\u00e0 di e-liquid da 108 ml.<\/p>\n<p data-start=\"277\" data-end=\"463\">Il suo innovativo sistema di aromi rotanti 6 in 1 consente agli utenti di passare facilmente da un aroma all'altro, mentre le sei bobine mesh e la resistenza 1.1\u03a9 forniscono un sapore ricco, vapore denso e un flusso d'aria regolare.<\/p>\n<p data-start=\"465\" data-end=\"682\">Alimentato da una batteria ricaricabile da 1000 mAh con ricarica rapida di tipo C e dotato di un display LED intelligente per il monitoraggio della batteria e dell'e-liquid in tempo reale, questo dispositivo offre un'esperienza di svapo affidabile e conveniente.<\/p>\n<p data-start=\"684\" data-end=\"776\" data-is-last-node=\"\" data-is-only-node=\"\">Una scelta ideale per gli utenti che cercano un utilizzo ultra lungo, variet\u00e0 di sapori e prestazioni premium.<strong>Magazzino UE<\/strong>\u00a0con consegna veloce e senza spese doganali.<\/p>\n<p>&nbsp;<\/p>\n<h3 id=\"brxe-najhln\" class=\"brxe-heading\"><\/h3>\n<p data-start=\"684\" data-end=\"776\" data-is-last-node=\"\" data-is-only-node=\"\">\n<h2 data-section-id=\"ovipds\" data-start=\"0\" data-end=\"71\"><span role=\"text\"><strong data-start=\"6\" data-end=\"71\">Stag Bar 6in1 180000 soffi Vape usa e getta Caratteristiche principali del prodotto<\/strong><\/span><\/h2>\n<p data-start=\"73\" data-end=\"187\"><strong data-start=\"73\" data-end=\"96\">Fino a 180.000 sbuffi<\/strong> \u2013 Prestazioni ad altissima capacit\u00e0 costruite per uno svapo di lunga durata con meno sostituzioni.<\/p>\n<p data-start=\"189\" data-end=\"311\"><strong data-start=\"189\" data-end=\"222\">Sistema di aromi rotanti 6 in 1<\/strong> \u2013 Ruota facilmente per passare da un gusto all'altro in qualsiasi momento per un'esperienza di svapo dinamica.<\/p>\n<p data-start=\"313\" data-end=\"432\"><strong data-start=\"313\" data-end=\"348\">Enorme capacit\u00e0 di e-liquid da 108 ml<\/strong> - Offerto da <strong data-start=\"362\" data-end=\"380\">6 serbatoi da 18 ml<\/strong> per un uso prolungato e un godimento continuo del sapore.<\/p>\n<p data-start=\"434\" data-end=\"550\"><strong data-start=\"434\" data-end=\"462\">Tecnologia a bobina a sei mesh<\/strong> - Il sistema avanzato a sei bobine offre un sapore pi\u00f9 ricco, nuvole pi\u00f9 dense e tiri pi\u00f9 fluidi.<\/p>\n<p data-start=\"552\" data-end=\"657\"><strong data-start=\"552\" data-end=\"581\">1.1\u03a9 Resistenza ottimizzata<\/strong> \u2013 Prestazioni del flusso d\u2019aria bilanciate per un\u2019inalazione confortevole e soddisfacente.<\/p>\n<p data-start=\"659\" data-end=\"753\"><strong data-start=\"659\" data-end=\"683\">2% Forza della nicotina<\/strong> \u2013 Livello di nicotina fluido e piacevole progettato per lo svapo quotidiano.<\/p>\n<p data-start=\"755\" data-end=\"850\"><strong data-start=\"755\" data-end=\"787\">Batteria ricaricabile da 1000 mAh<\/strong> \u2013 Batteria potente e affidabile per prestazioni che durano tutto il giorno.<\/p>\n<p data-start=\"852\" data-end=\"931\"><strong data-start=\"852\" data-end=\"876\">Ricarica rapida di tipo C<\/strong> \u2013 Ricarica rapida ed efficiente per tempi di inattivit\u00e0 minimi.<\/p>\n<p data-start=\"933\" data-end=\"1049\"><strong data-start=\"933\" data-end=\"961\">Schermo LED intelligente<\/strong> \u2013 Monitoraggio in tempo reale del livello della batteria e del liquido elettronico per un migliore controllo e comodit\u00e0.<\/p>\n<p data-start=\"1051\" data-end=\"1159\"><strong data-start=\"1051\" data-end=\"1081\">Risultati fluidi e coerenti<\/strong> \u2013 Prestazioni stabili dal primo soffio all\u2019ultimo con erogazione di vapore ottimizzata.<\/p>\n<p data-start=\"1161\" data-end=\"1265\"><strong data-start=\"1161\" data-end=\"1186\">Design moderno di alta qualit\u00e0<\/strong> \u2013 Elegante dispositivo ad alta capacit\u00e0 costruito per prestazioni e appeal visivo.<\/p>\n<p data-start=\"1267\" data-end=\"1344\" data-is-last-node=\"\" data-is-only-node=\"\"><strong data-start=\"1267\" data-end=\"1292\">Spedizione da magazzino UE<\/strong> \u2013 Consegna rapida in tutta Europa senza spese doganali.<\/p>\n<p>&nbsp;<\/p>\n<h3 id=\"brxe-najhln\" class=\"brxe-heading\"><\/h3>\n<p data-start=\"1267\" data-end=\"1344\" data-is-last-node=\"\" data-is-only-node=\"\">\n<h2 data-section-id=\"ovipds\" data-start=\"0\" data-end=\"71\"><span role=\"text\"><strong data-start=\"6\" data-end=\"71\">Stag Bar 6in1 180000 soffi Vape usa e getta <\/strong><\/span><span role=\"text\"><strong data-start=\"6\" data-end=\"30\">Elenco Edizioni Sapore<\/strong><\/span><\/h2>\n<h3 data-section-id=\"jy3e9\" data-start=\"32\" data-end=\"58\"><span role=\"text\">1. <strong data-start=\"39\" data-end=\"56\">Edizione di frutta<\/strong><\/span><\/h3>\n<p data-start=\"59\" data-end=\"155\"><strong data-start=\"59\" data-end=\"155\">Ghiaccio al mirtillo, ghiaccio alla fragola, ghiaccio all'anguria, ciliegia frizzante, pesca succosa e tripla banana<\/strong><\/p>\n<h3 data-section-id=\"1qyny\" data-start=\"157\" data-end=\"188\"><span role=\"text\">2. <strong data-start=\"164\" data-end=\"186\">Edizione dell'anguria<\/strong><\/span><\/h3>\n<p data-start=\"189\" data-end=\"323\"><strong data-start=\"189\" data-end=\"323\">Anguria Ghiaccio E Fragole Anguria E Mango Pesca Anguria E Anguria Chupa Chups E Lamponi Anguria E Anguria B-Pop<\/strong><\/p>\n<h3 data-section-id=\"1sm6kdu\" data-start=\"325\" data-end=\"356\"><span role=\"text\">3. <strong data-start=\"332\" data-end=\"354\">Edizione Fragola<\/strong><\/span><\/h3>\n<p data-start=\"357\" data-end=\"482\"><strong data-start=\"357\" data-end=\"482\">Gelato alla fragola e fragole Kiwi e fragole Banana e fragole Anguria e fragole Colada e Chupa Chups alle fragole<\/strong><\/p>\n<h3 data-section-id=\"1r4psly\" data-start=\"484\" data-end=\"510\"><span role=\"text\">4. <strong data-start=\"491\" data-end=\"508\">Edizione Berry<\/strong><\/span><\/h3>\n<p data-start=\"511\" data-end=\"623\"><strong data-start=\"511\" data-end=\"623\">Blue Razz Ice &amp; Mirtillo Ice &amp; Frutti Di Bosco Misti &amp; Mirtillo Sour Ice Lampone &amp; Pesca Bacche &amp; Fragola Kiwi<\/strong><\/p>\n<h3 data-section-id=\"253r2g\" data-start=\"625\" data-end=\"657\"><span role=\"text\">5. <strong data-start=\"632\" data-end=\"655\">Edizione di frutta mista<\/strong><\/span><\/h3>\n<p data-start=\"658\" data-end=\"796\"><strong data-start=\"658\" data-end=\"796\">Triplo melone e sesso in spiaggia e pesca Mango Ananas e fragola Gelato di lamponi e mango Pesca Anguria e kiwi Frutto della passione Guava<\/strong><\/p>\n<h3 data-section-id=\"18pxcmf\" data-start=\"798\" data-end=\"823\"><span role=\"text\">6. <strong data-start=\"805\" data-end=\"821\">Edizione di calce<\/strong><\/span><\/h3>\n<p data-start=\"824\" data-end=\"935\"><strong data-start=\"824\" data-end=\"935\">Limone Lime E Fragola Kiwi Drago E Frutta Banana Ciliegia E Ananas Papaya E Cocco Loco E Sesso Sulla Spiaggia<\/strong><\/p>\n<h3 data-section-id=\"ry7vus\" data-start=\"937\" data-end=\"962\"><span role=\"text\">7. <strong data-start=\"944\" data-end=\"960\">Edizione fantastica<\/strong><\/span><\/h3>\n<p data-start=\"963\" data-end=\"1043\"><strong data-start=\"963\" data-end=\"1043\">Menta fresca, ghiaccio alla cola, cocco loco, ghiaccio all'anguria, cola alla ciliegia e aloe all'uva<\/strong><\/p>\n<h3 data-section-id=\"b9xbv9\" data-start=\"1045\" data-end=\"1071\"><span role=\"text\">8. <strong data-start=\"1052\" data-end=\"1069\">Edizione di caramelle<\/strong><\/span><\/h3>\n<p data-start=\"1072\" data-end=\"1182\"><strong data-start=\"1072\" data-end=\"1182\">Love 66, Chupa Chups alla fragola, Chupa Chups all'anguria, Colada alle fragole, frutti di bosco e cheesecake<\/strong><\/p>\n<h3 data-section-id=\"9zjhpe\" data-start=\"1184\" data-end=\"1210\"><span role=\"text\">9. <strong data-start=\"1191\" data-end=\"1208\">Edizione nera<\/strong><\/span><\/h3>\n<p data-start=\"1211\" data-end=\"1330\"><strong data-start=\"1211\" data-end=\"1330\">Black Dragon Ice e mirtillo Ciliegia Mirtillo rosso e Blue Razz Ice e fragola Uva e mela doppia e litchi Hami Melone<\/strong><\/p>\n<h3 data-section-id=\"19fdcq9\" data-start=\"1332\" data-end=\"1360\"><span role=\"text\">10. <strong data-start=\"1340\" data-end=\"1358\">Edizione esotica<\/strong><\/span><\/h3>\n<p data-start=\"1361\" data-end=\"1460\"><strong data-start=\"1361\" data-end=\"1460\">Ciliegia Cola &amp; Limone Lime &amp; Black Dragon Ice &amp; Red Bull &amp; Pesca Berry &amp; Fragola Lampone Ice<img loading=\"lazy\" decoding=\"async\" class=\"alignnone wp-image-10031 size-full\" src=\"https:\/\/pgvape.com\/wp-content\/uploads\/2026\/04\/Stag-Bar-6-In-1-180K-Rotating-Flavor-Disposable-Vape-With-180000-Puffs-LED-Display-And-108ml-E-Liquid-1.jpg\" alt=\"Poster verde brillante che pubblicizza dieci edizioni di sapori di un vaporizzatore a penna con dispositivi colorati ed elenchi di sapori.\" width=\"1500\" height=\"1500\" srcset=\"https:\/\/pgvape.com\/wp-content\/uploads\/2026\/04\/Stag-Bar-6-In-1-180K-Rotating-Flavor-Disposable-Vape-With-180000-Puffs-LED-Display-And-108ml-E-Liquid-1.jpg 1500w, https:\/\/pgvape.com\/wp-content\/uploads\/2026\/04\/Stag-Bar-6-In-1-180K-Rotating-Flavor-Disposable-Vape-With-180000-Puffs-LED-Display-And-108ml-E-Liquid-1-360x360.jpg 360w, https:\/\/pgvape.com\/wp-content\/uploads\/2026\/04\/Stag-Bar-6-In-1-180K-Rotating-Flavor-Disposable-Vape-With-180000-Puffs-LED-Display-And-108ml-E-Liquid-1-595x595.jpg 595w, https:\/\/pgvape.com\/wp-content\/uploads\/2026\/04\/Stag-Bar-6-In-1-180K-Rotating-Flavor-Disposable-Vape-With-180000-Puffs-LED-Display-And-108ml-E-Liquid-1-400x400.jpg 400w, https:\/\/pgvape.com\/wp-content\/uploads\/2026\/04\/Stag-Bar-6-In-1-180K-Rotating-Flavor-Disposable-Vape-With-180000-Puffs-LED-Display-And-108ml-E-Liquid-1-768x768.jpg 768w, https:\/\/pgvape.com\/wp-content\/uploads\/2026\/04\/Stag-Bar-6-In-1-180K-Rotating-Flavor-Disposable-Vape-With-180000-Puffs-LED-Display-And-108ml-E-Liquid-1-12x12.jpg 12w, https:\/\/pgvape.com\/wp-content\/uploads\/2026\/04\/Stag-Bar-6-In-1-180K-Rotating-Flavor-Disposable-Vape-With-180000-Puffs-LED-Display-And-108ml-E-Liquid-1-300x300.jpg 300w, https:\/\/pgvape.com\/wp-content\/uploads\/2026\/04\/Stag-Bar-6-In-1-180K-Rotating-Flavor-Disposable-Vape-With-180000-Puffs-LED-Display-And-108ml-E-Liquid-1-600x600.jpg 600w, https:\/\/pgvape.com\/wp-content\/uploads\/2026\/04\/Stag-Bar-6-In-1-180K-Rotating-Flavor-Disposable-Vape-With-180000-Puffs-LED-Display-And-108ml-E-Liquid-1-100x100.jpg 100w\" sizes=\"auto, (max-width: 1500px) 100vw, 1500px\" \/><\/strong><\/p>\n<p data-start=\"1361\" data-end=\"1460\">\n<h3 class=\"auto-hide-last-sibling-br paragraph-pP9ZLC paragraph-element br-paragraph-space\">Perch\u00e9 scegliere il magazzino europeo PGVape?<\/h3>\n<p>Spedizione veloce: consegna nella maggior parte dei paesi dell'UE entro 3-7 giorni lavorativi.<\/p>\n<p>Consegna esente da dazi: le scorte locali dell'UE garantiscono una spedizione agevole e esente da dazi.<\/p>\n<p>100% Garanzia autentica: genuina <strong data-start=\"0\" data-end=\"40\">Bar del cervo<\/strong><span role=\"text\"><strong data-start=\"4\" data-end=\"60\">\u00a0<\/strong><\/span>sigarette elettroniche da fornitori certificati.<\/p>\n<p>Inventario fresco: conservato in condizioni controllate per garantire una qualit\u00e0 ottimale.<\/p>\n<p>Scelto dagli europei: migliaia di clienti godono dei servizi di sigaretta elettronica veloci e sicuri di PGVape.<\/p>\n<p>&nbsp;<\/p>\n<h3 id=\"brxe-najhln\" class=\"brxe-heading\"><\/h3>\n<p data-start=\"1361\" data-end=\"1460\">\n<h3 data-section-id=\"b3cw2t\" data-start=\"0\" data-end=\"57\"><span role=\"text\"><strong data-start=\"4\" data-end=\"57\">Domande frequenti Stag Bar 6in1 180000 soffi Vape usa e getta<\/strong><\/span><\/h3>\n<p data-start=\"59\" data-end=\"223\"><strong data-start=\"59\" data-end=\"116\">\u2753Quanti tiri fornisce la Stag Bar 6in1 180K?<\/strong><br data-start=\"116\" data-end=\"119\" \/>\u2705 Il dispositivo eroga fino a <strong data-start=\"147\" data-end=\"164\">180.000 sbuffi<\/strong>, offrendo prestazioni di lunga durata per un uso prolungato.<\/p>\n<p data-start=\"225\" data-end=\"362\"><strong data-start=\"225\" data-end=\"267\">\u2753Che forza di nicotina ha?<\/strong><br data-start=\"267\" data-end=\"270\" \/>\u2705 Viene fornito con <strong data-start=\"286\" data-end=\"310\">Intensit\u00e0 della nicotina 2%<\/strong>, fornendo un'esperienza di svapo fluida ed equilibrata.<\/p>\n<p data-start=\"364\" data-end=\"540\"><strong data-start=\"364\" data-end=\"409\">\u2753Come funziona il sistema di sapori 6 in 1?<\/strong><br data-start=\"409\" data-end=\"412\" \/>\u2705 Il dispositivo \u00e8 dotato di a <strong data-start=\"436\" data-end=\"462\">sistema di aroma rotante<\/strong> che consente agli utenti di passare facilmente da uno all'altro <strong data-start=\"506\" data-end=\"531\">sei gusti diversi<\/strong> in qualsiasi momento.<\/p>\n<p data-start=\"542\" data-end=\"678\"><strong data-start=\"542\" data-end=\"584\">\u2753 Qual \u00e8 la capacit\u00e0 totale dell'e-liquid?<\/strong><br data-start=\"584\" data-end=\"587\" \/>\u2705 Comprende <strong data-start=\"601\" data-end=\"631\">Camere per e-liquid 6 \u00d7 18 ml<\/strong>, offrendo un'enorme capacit\u00e0 totale di <strong data-start=\"668\" data-end=\"677\">108 ml<\/strong>.<\/p>\n<p data-start=\"680\" data-end=\"822\"><strong data-start=\"680\" data-end=\"716\">\u2753Che tipo di bobina utilizza?<\/strong><br data-start=\"716\" data-end=\"719\" \/>\u2705 \u00c8 dotato di <strong data-start=\"741\" data-end=\"759\">sei bobine di maglia<\/strong>, progettato per migliorare l'erogazione del sapore e produrre vapore pi\u00f9 denso.<\/p>\n<p data-start=\"824\" data-end=\"948\"><strong data-start=\"824\" data-end=\"859\">\u2753 Qual \u00e8 il livello di resistenza?<\/strong><br data-start=\"859\" data-end=\"862\" \/>\u2705 Il dispositivo utilizza <strong data-start=\"880\" data-end=\"899\">1.1\u03a9 resistenza<\/strong>, garantendo un flusso d'aria regolare e un'aspirazione confortevole.<\/p>\n<p data-start=\"950\" data-end=\"1074\"><strong data-start=\"950\" data-end=\"984\">\u2753 La batteria \u00e8 ricaricabile?<\/strong><br data-start=\"984\" data-end=\"987\" \/>\u2705 S\u00ec, \u00e8 dotato di a <strong data-start=\"1008\" data-end=\"1040\">Batteria ricaricabile da 1000 mAh<\/strong> per prestazioni affidabili per tutto il giorno.<\/p>\n<p data-start=\"1076\" data-end=\"1202\"><strong data-start=\"1076\" data-end=\"1119\">\u2753Che metodo di ricarica supporta?<\/strong><br data-start=\"1119\" data-end=\"1122\" \/>\u2705 Supporta <strong data-start=\"1136\" data-end=\"1160\">Ricarica rapida di tipo C<\/strong>, consentendo una ricarica rapida ed efficiente.<\/p>\n<p data-start=\"1204\" data-end=\"1339\"><strong data-start=\"1204\" data-end=\"1240\">\u2753 Ha uno schermo di visualizzazione?<\/strong><br data-start=\"1240\" data-end=\"1243\" \/>\u2705 S\u00ec, l'integrato <strong data-start=\"1263\" data-end=\"1285\">Schermo LED<\/strong> mostra il livello della batteria e lo stato dell'e-liquid in tempo reale.<\/p>\n<p data-start=\"1341\" data-end=\"1499\"><strong data-start=\"1341\" data-end=\"1378\">\u2753 La produzione di vapore \u00e8 forte?<\/strong><br data-start=\"1378\" data-end=\"1381\" \/>\u2705 S\u00ec, con il suo <strong data-start=\"1397\" data-end=\"1443\">sei bobine mesh e design avanzato del flusso d'aria<\/strong>, offre costantemente un sapore ricco e nuvole dense.<\/p>\n<p data-start=\"1501\" data-end=\"1680\"><strong data-start=\"1501\" data-end=\"1547\">\u2753 Questo dispositivo \u00e8 adatto agli utenti pesanti?<\/strong><br data-start=\"1547\" data-end=\"1550\" \/>\u2705 Assolutamente. Con <strong data-start=\"1569\" data-end=\"1633\">Sbuffi da 180.000, enorme capacit\u00e0 di e-liquid e batteria ricaricabile<\/strong>, \u00e8 ideale per gli utenti frequenti e a lungo termine.<\/p>\n<p data-start=\"1682\" data-end=\"1826\" data-is-last-node=\"\" data-is-only-node=\"\"><strong data-start=\"1682\" data-end=\"1719\">\u2753 Is shipping fast within Europe?<\/strong><br data-start=\"1719\" data-end=\"1722\" \/>\u2705 Yes, the product is shipped from an <strong data-start=\"1760\" data-end=\"1776\">Magazzino UE<\/strong>, assicurando <strong data-start=\"1787\" data-end=\"1825\">consegna veloce senza spese doganali<\/strong>.<\/p>\n<p>&nbsp;<\/p>\n<h3 id=\"brxe-najhln\" class=\"brxe-heading\">Domande frequenti (FAQ)<\/h3>\n<div id=\"brxe-rajiac\" class=\"brxe-text\">\n<p><strong>D: Quali metodi di pagamento accettate?<\/strong><br \/>\nR: Accettiamo PayPal, Stripe, bonifici bancari (supportati SEPA), le principali carte di credito (Visa, MasterCard, American Express) e pagamenti in criptovaluta.<\/p>\n<p><strong>D: Quanto tempo richiede la preparazione dell'ordine?<\/strong><br \/>\nR: La preparazione dell'ordine richiede 1-3 giorni lavorativi.<\/p>\n<p><strong>D: Qual \u00e8 il tempo di spedizione?<\/strong><br \/>\nR: Il tempo di spedizione \u00e8 di 7-14 giorni lavorativi, a seconda della localit\u00e0.<\/p>\n<p><strong>D: Come posso monitorare il mio ordine?<\/strong><br \/>\nR: Dopo la spedizione riceverai un'e-mail di conferma con un numero di tracciabilit\u00e0 per il monitoraggio in tempo reale.<\/p>\n<p><strong>D: Qual \u00e8 la vostra politica di restituzione?<\/strong><br \/>\nR: Offriamo una politica di restituzione di 30 giorni per rimborsi o cambi. .<\/p>\n<p><strong>D: Ci saranno problemi doganali?<br \/>\n<\/strong>Gestiamo tutte le procedure di sdoganamento per garantirti un'esperienza senza problemi. .<\/p>\n<p><strong>D: Quali metodi di spedizione vengono utilizzati?<\/strong><br \/>\nCollaboriamo con UPS\/DHL\/FEDEX\/DPD, ecc. Sceglieremo l'opzione di spedizione appropriata a seconda del paese di consegna per assicurarti di ricevere i tuoi prodotti il \u200b\u200bpi\u00f9 rapidamente possibile.<\/p>\n<p><a href=\"https:\/\/pgvape.com\/it\/domande-frequenti\/\">Fare clic qui per ulteriori domande frequenti<\/a><\/p>\n<p>Cari clienti, se avete domande sul vostro ordine o sull'arrivo della merce, contattate il nostro servizio clienti. Grazie!<\/p>\n<h3 data-sourcepos=\"73:1-73:21\"><strong data-sourcepos=\"73:7-73:21\">Contattaci<\/strong><\/h3>\n<div id=\"text-2419739398\" class=\"text\">\n<p><strong data-sourcepos=\"75:3-75:12\">E-mail<\/strong>:\u00a0<a href=\"mailto:support@pgvape.com\"><strong>support@pgvape.com<\/strong><\/a><\/p>\n<p><strong data-sourcepos=\"76:3-76:15\">Whatsapp<\/strong>:\u00a0<a href=\"https:\/\/wa.me\/+8618128481258\"><strong>+86 18128481258<\/strong><\/a><br \/>\n<strong>(Risposta entro 24 ore nei giorni lavorativi)<\/strong><\/p>\n<\/div>\n<h3><strong>Grazie per aver scelto pgvape.com! .<\/strong><\/h3>\n<\/div>","protected":false},"excerpt":{"rendered":"<p data-start=\"0\" data-end=\"40\"><strong data-start=\"0\" data-end=\"40\">Vape monouso 6 in 1 180K Stag Bar <\/strong>Fino a 180.000 boccate con un sistema rotante a 6 gusti per la massima variet\u00e0. Alimentato da sei bobine mesh, capacit\u00e0 di e-liquid da 108 ml e una batteria ricaricabile da 1000 mAh per prestazioni ultra-lunghe. Il display LED intelligente e la ricarica rapida di tipo C offrono comodit\u00e0 ad ogni boccata.<\/p>","protected":false},"featured_media":10034,"comment_status":"open","ping_status":"closed","template":"","meta":{"_seopress_robots_primary_cat":"","_seopress_titles_title":"","_seopress_titles_desc":"","_seopress_robots_index":""},"product_brand":[193,542],"product_cat":[633,515,192,541],"product_tag":[637,635,90,79,636,203,634],"class_list":{"0":"post-10028","1":"product","2":"type-product","3":"status-publish","4":"has-post-thumbnail","6":"product_brand-stag-bar-vape","7":"product_brand-stag-bar-vape-eu","8":"product_cat-180k-puffs-vape","9":"product_cat-disposable-vape","10":"product_cat-stag-bar-vape","11":"product_cat-stag-bar-vape-eu","12":"product_tag-108ml-e-liquid","13":"product_tag-180k-puffs-vape","14":"product_tag-disposable-vape","15":"product_tag-led-display","16":"product_tag-rotating-flavor","17":"product_tag-shipment-from-eu","18":"product_tag-stag-bar-6-in-1-180k","20":"first","21":"instock","22":"sale","23":"shipping-taxable","24":"purchasable","25":"product-type-variable"},"_links":{"self":[{"href":"https:\/\/pgvape.com\/it\/wp-json\/wp\/v2\/product\/10028","targetHints":{"allow":["GET"]}}],"collection":[{"href":"https:\/\/pgvape.com\/it\/wp-json\/wp\/v2\/product"}],"about":[{"href":"https:\/\/pgvape.com\/it\/wp-json\/wp\/v2\/types\/product"}],"replies":[{"embeddable":true,"href":"https:\/\/pgvape.com\/it\/wp-json\/wp\/v2\/comments?post=10028"}],"wp:featuredmedia":[{"embeddable":true,"href":"https:\/\/pgvape.com\/it\/wp-json\/wp\/v2\/media\/10034"}],"wp:attachment":[{"href":"https:\/\/pgvape.com\/it\/wp-json\/wp\/v2\/media?parent=10028"}],"wp:term":[{"taxonomy":"product_brand","embeddable":true,"href":"https:\/\/pgvape.com\/it\/wp-json\/wp\/v2\/product_brand?post=10028"},{"taxonomy":"product_cat","embeddable":true,"href":"https:\/\/pgvape.com\/it\/wp-json\/wp\/v2\/product_cat?post=10028"},{"taxonomy":"product_tag","embeddable":true,"href":"https:\/\/pgvape.com\/it\/wp-json\/wp\/v2\/product_tag?post=10028"}],"curies":[{"name":"wp","href":"https:\/\/api.w.org\/{rel}","templated":true}]}}