{"id":9990,"date":"2026-04-10T10:12:42","date_gmt":"2026-04-10T10:12:42","guid":{"rendered":"https:\/\/pgvape.com\/?post_type=product&#038;p=9990"},"modified":"2026-04-10T10:15:19","modified_gmt":"2026-04-10T10:15:19","slug":"solaris-champagne-30k-bouteille-elegante-vape-jetable-avec-bobine-de-maille-de-30000-bouffees-et-lumiere-led","status":"publish","type":"product","link":"https:\/\/pgvape.com\/fr\/produit\/solaris-champagne-30k-bouteille-elegante-vape-jetable-avec-bobine-de-maille-de-30000-bouffees-et-lumiere-led\/","title":{"rendered":"Vape jetable de bouteille \u00e9l\u00e9gante de Solaris Champagne 30K avec 30000 bouff\u00e9es, bobine de maille et lumi\u00e8re LED"},"content":{"rendered":"<h2 data-start=\"50\" data-end=\"125\"><strong data-start=\"53\" data-end=\"125\">Solaris Champagne 30K Vape jetable \u00e9l\u00e9gant appareil haute capacit\u00e9<\/strong><\/h2>\n<p data-start=\"127\" data-end=\"311\">Le vaporisateur jetable Solaris Champagne 30K allie un design \u00e9l\u00e9gant \u00e0 des performances fiables, d\u00e9livrant jusqu'\u00e0 30 000 bouff\u00e9es dans une forme de bouteille de champagne unique.<\/p>\n<p data-start=\"313\" data-end=\"518\">Avec une capacit\u00e9 de 20 ml de e-liquide et une batterie rechargeable de 600 mAh, il garantit une utilisation constante et durable. La bobine maill\u00e9e 1.2\u03a9 am\u00e9liore la diffusion de la saveur et fournit une vapeur douce et satisfaisante \u00e0 chaque bouff\u00e9e.<\/p>\n<p data-start=\"520\" data-end=\"727\">Dot\u00e9 d'une charge rapide de type C et d'un design d'\u00e9clairage LED accrocheur, cet appareil offre \u00e0 la fois commodit\u00e9 et style, ce qui en fait un excellent choix pour les utilisateurs \u00e0 la recherche d'une exp\u00e9rience de vapotage raffin\u00e9e et fiable.<\/p>\n<p data-start=\"520\" data-end=\"727\">Exp\u00e9di\u00e9 directement du\u00a0<strong>Entrep\u00f4t de l'UE<\/strong>, ce produit garantit une livraison rapide et fiable dans toute l'Europe, ce qui en fait un choix privil\u00e9gi\u00e9 pour les clients grossistes et d\u00e9taillants.<\/p>\n<p>&nbsp;<\/p>\n<h3 id=\"brxe-najhln\" class=\"brxe-heading\"><\/h3>\n<h2 data-section-id=\"47rwtv\" data-start=\"135\" data-end=\"209\"><span role=\"text\"><strong data-start=\"141\" data-end=\"209\">Points forts du produit de vape jetable Solaris Champagne 30 000 bouff\u00e9es<\/strong><\/span><\/h2>\n<p data-start=\"211\" data-end=\"327\"><strong data-start=\"211\" data-end=\"233\">Jusqu'\u00e0 30 000 bouff\u00e9es<\/strong> \u2013 Performances durables con\u00e7ues pour un vapotage quotidien prolong\u00e9 sans remplacement fr\u00e9quent.<\/p>\n<p data-start=\"329\" data-end=\"427\"><strong data-start=\"329\" data-end=\"355\">Capacit\u00e9 e-liquide de 20 ml<\/strong> \u2013 La conception haute capacit\u00e9 garantit une saveur constante et une utilisation prolong\u00e9e.<\/p>\n<p data-start=\"429\" data-end=\"531\"><strong data-start=\"429\" data-end=\"458\">1.2\u03a9 Technologie de bobine de maille<\/strong> \u2013 Production de vapeur douce avec une saveur am\u00e9lior\u00e9e \u00e0 chaque bouff\u00e9e.<\/p>\n<p data-start=\"533\" data-end=\"629\"><strong data-start=\"533\" data-end=\"564\">Batterie rechargeable de 600 mAh<\/strong> \u2013 Puissance de sortie fiable prenant en charge des performances stables toute la journ\u00e9e.<\/p>\n<p data-start=\"631\" data-end=\"726\"><strong data-start=\"631\" data-end=\"655\">Chargement rapide de type C<\/strong> \u2013 Recharge rapide et pratique pour des s\u00e9ances de vape ininterrompues.<\/p>\n<p data-start=\"728\" data-end=\"830\"><strong data-start=\"728\" data-end=\"755\">Conception de bouteille de champagne<\/strong> \u2013 Forme unique et \u00e9l\u00e9gante qui se d\u00e9marque par un look haut de gamme et \u00e9l\u00e9gant.<\/p>\n<p data-start=\"832\" data-end=\"929\"><strong data-start=\"832\" data-end=\"852\">Effet de lumi\u00e8re LED<\/strong> \u2013 La fonction d'\u00e9clairage moderne ajoute un attrait visuel et am\u00e9liore l'exp\u00e9rience utilisateur.<\/p>\n<p data-start=\"931\" data-end=\"1026\"><strong data-start=\"931\" data-end=\"959\">Construction compacte et portable<\/strong> \u2013 Conception l\u00e9g\u00e8re et ergonomique pour un transport facile et une utilisation quotidienne.<\/p>\n<p data-start=\"1028\" data-end=\"1138\"><strong data-start=\"1028\" data-end=\"1063\">Performances fluides et constantes<\/strong> \u2013 Le syst\u00e8me optimis\u00e9 garantit une saveur et une vapeur stables du d\u00e9but \u00e0 la fin.<\/p>\n<p data-start=\"1140\" data-end=\"1227\"><strong data-start=\"1140\" data-end=\"1167\">Plusieurs options de saveurs<\/strong> \u2013 Large gamme de saveurs pour satisfaire diff\u00e9rentes pr\u00e9f\u00e9rences.<\/p>\n<p data-start=\"1229\" data-end=\"1337\"><strong data-start=\"1229\" data-end=\"1254\">Exp\u00e9dition en entrep\u00f4t dans l'UE<\/strong> \u2013 Livraison rapide et fiable dans toute l\u2019Europe pour la commodit\u00e9 des d\u00e9taillants et des grossistes.<\/p>\n<p>&nbsp;<\/p>\n<h3 id=\"brxe-najhln\" class=\"brxe-heading\"><\/h3>\n<h2 data-section-id=\"47rwtv\" data-start=\"135\" data-end=\"209\"><strong><span role=\"text\">Vape jetable Solaris Champagne 30000 bouff\u00e9es <\/span>Liste des saveurs<\/strong><\/h2>\n<p><strong data-start=\"145\" data-end=\"164\">1.Kiwi aux fraises<\/strong><\/p>\n<p><strong data-start=\"169\" data-end=\"189\">2.Cerise Razz bleue<\/strong><\/p>\n<p><strong data-start=\"194\" data-end=\"211\">3. Baies m\u00e9lang\u00e9es<\/strong><\/p>\n<p><strong data-start=\"216\" data-end=\"239\">4. Myrtille Framboise<\/strong><\/p>\n<p><strong data-start=\"244\" data-end=\"269\">5. Champagne aux raisins blancs<\/strong><\/p>\n<p><strong data-start=\"274\" data-end=\"289\">6. P\u00eache juteuse<\/strong><\/p>\n<p><strong data-start=\"294\" data-end=\"319\">7. Past\u00e8que aux fraises<\/strong><\/p>\n<p><strong data-start=\"324\" data-end=\"342\">8. Glace \u00e0 la past\u00e8que<\/strong><\/p>\n<p><strong data-start=\"347\" data-end=\"363\">9.Triple Mangue<\/strong><\/p>\n<p><strong data-start=\"368\" data-end=\"377\">10.Mamba<\/strong><\/p>\n<p><strong data-start=\"382\" data-end=\"405\">11.Fruit de la Passion Mangue<\/strong><\/p>\n<p><strong data-start=\"410\" data-end=\"428\">12. Fruits tropicaux<\/strong><\/p>\n<p><strong data-start=\"433\" data-end=\"456\">13. Fruit du dragon cerise<\/strong><\/p>\n<p><strong data-start=\"461\" data-end=\"484\">14.Champagne P\u00eache Rouge<\/strong><\/p>\n<p><strong data-start=\"489\" data-end=\"504\">15. Cola aux cerises<\/strong><\/p>\n<p><strong data-start=\"509\" data-end=\"525\">16.Boisson \u00e9nergisante<\/strong><\/p>\n<p><strong data-start=\"530\" data-end=\"544\">17. Citron rose<\/strong><\/p>\n<p><strong data-start=\"549\" data-end=\"560\">18.Amour 66<\/strong><\/p>\n<p><strong data-start=\"565\" data-end=\"583\">19. Baies de cerise<\/strong><\/p>\n<p><strong data-start=\"588\" data-end=\"604\">20.Double Apple<img loading=\"lazy\" decoding=\"async\" class=\"alignnone wp-image-9995 size-full\" src=\"https:\/\/pgvape.com\/wp-content\/uploads\/2026\/04\/Solaris-Champagne-30K-Stylish-Bottle-Disposable-Vape-With-30000-Puffs-Mesh-Coil-And-LED-Light-pgvape-3.png\" alt=\"\" width=\"1500\" height=\"1334\" srcset=\"https:\/\/pgvape.com\/wp-content\/uploads\/2026\/04\/Solaris-Champagne-30K-Stylish-Bottle-Disposable-Vape-With-30000-Puffs-Mesh-Coil-And-LED-Light-pgvape-3.png 1500w, https:\/\/pgvape.com\/wp-content\/uploads\/2026\/04\/Solaris-Champagne-30K-Stylish-Bottle-Disposable-Vape-With-30000-Puffs-Mesh-Coil-And-LED-Light-pgvape-3-405x360.png 405w, https:\/\/pgvape.com\/wp-content\/uploads\/2026\/04\/Solaris-Champagne-30K-Stylish-Bottle-Disposable-Vape-With-30000-Puffs-Mesh-Coil-And-LED-Light-pgvape-3-595x529.png 595w, https:\/\/pgvape.com\/wp-content\/uploads\/2026\/04\/Solaris-Champagne-30K-Stylish-Bottle-Disposable-Vape-With-30000-Puffs-Mesh-Coil-And-LED-Light-pgvape-3-400x356.png 400w, https:\/\/pgvape.com\/wp-content\/uploads\/2026\/04\/Solaris-Champagne-30K-Stylish-Bottle-Disposable-Vape-With-30000-Puffs-Mesh-Coil-And-LED-Light-pgvape-3-768x683.png 768w, https:\/\/pgvape.com\/wp-content\/uploads\/2026\/04\/Solaris-Champagne-30K-Stylish-Bottle-Disposable-Vape-With-30000-Puffs-Mesh-Coil-And-LED-Light-pgvape-3-13x12.png 13w, https:\/\/pgvape.com\/wp-content\/uploads\/2026\/04\/Solaris-Champagne-30K-Stylish-Bottle-Disposable-Vape-With-30000-Puffs-Mesh-Coil-And-LED-Light-pgvape-3-600x534.png 600w\" sizes=\"auto, (max-width: 1500px) 100vw, 1500px\" \/><\/strong><\/p>\n<p>&nbsp;<\/p>\n<h3 class=\"auto-hide-last-sibling-br paragraph-pP9ZLC paragraph-element br-paragraph-space\">Pourquoi choisir l'entrep\u00f4t europ\u00e9en PGVape\u00a0?<\/h3>\n<p>Exp\u00e9dition rapide : livraison dans la plupart des pays de l\u2019UE sous 3 \u00e0 7 jours ouvrables.<\/p>\n<p>Livraison hors taxes : le stock local de l\u2019UE garantit une exp\u00e9dition fluide et hors taxes.<\/p>\n<p>Garantie authentique 100%\u00a0: authentique <span role=\"text\"><strong data-start=\"4\" data-end=\"60\">Champagne Solaris <\/strong><\/span>cigarettes \u00e9lectroniques provenant de fournisseurs certifi\u00e9s.<\/p>\n<p>Inventaire frais\u00a0: stock\u00e9 dans des conditions contr\u00f4l\u00e9es pour garantir une qualit\u00e9 optimale.<\/p>\n<p>Approuv\u00e9 par les Europ\u00e9ens\u00a0: des milliers de clients b\u00e9n\u00e9ficient des services de cigarettes \u00e9lectroniques rapides et s\u00e9curis\u00e9s de PGVape.<\/p>\n<p>&nbsp;<\/p>\n<h3 data-section-id=\"16tymuk\" data-start=\"0\" data-end=\"60\"><span role=\"text\"><strong data-start=\"4\" data-end=\"60\">FAQ Solaris Champagne 30000 Puffs Vape jetable<\/strong><\/span><\/h3>\n<p data-start=\"62\" data-end=\"224\"><strong data-start=\"62\" data-end=\"124\">\u2753 Combien de bouff\u00e9es le Solaris Champagne 30000 d\u00e9livre-t-il ?<\/strong><br data-start=\"124\" data-end=\"127\" \/>\u2705 L'appareil offre jusqu'\u00e0 <strong data-start=\"153\" data-end=\"169\">30 000 bouff\u00e9es<\/strong>, garantissant une utilisation durable et des performances constantes.<\/p>\n<p data-start=\"226\" data-end=\"364\"><strong data-start=\"226\" data-end=\"262\">\u2753 Quelle est la contenance du e-liquide ?<\/strong><br data-start=\"262\" data-end=\"265\" \/>\u2705 Il comporte un <strong data-start=\"281\" data-end=\"307\">Capacit\u00e9 de 20 ml d'e-liquide<\/strong>, permettant un vapotage prolong\u00e9 sans remplacements fr\u00e9quents.<\/p>\n<p data-start=\"366\" data-end=\"515\"><strong data-start=\"366\" data-end=\"402\">\u2753Quel type de coil utilise-t-il ?<\/strong><br data-start=\"402\" data-end=\"405\" \/>\u2705 L'appareil est \u00e9quip\u00e9 d'un <strong data-start=\"437\" data-end=\"455\">Bobine de maille de 1,2 \u03a9<\/strong>, offrant une vapeur douce et une saveur am\u00e9lior\u00e9e \u00e0 chaque bouff\u00e9e.<\/p>\n<p data-start=\"517\" data-end=\"637\"><strong data-start=\"517\" data-end=\"551\">\u2753 La batterie est-elle rechargeable ?<\/strong><br data-start=\"551\" data-end=\"554\" \/>\u2705 Oui, il comprend un <strong data-start=\"575\" data-end=\"606\">Batterie rechargeable de 600 mAh<\/strong> pour une utilisation stable et fiable.<\/p>\n<p data-start=\"639\" data-end=\"762\"><strong data-start=\"639\" data-end=\"682\">\u2753 Quelle m\u00e9thode de chargement prend-il en charge\u00a0?<\/strong><br data-start=\"682\" data-end=\"685\" \/>\u2705 Il utilise <strong data-start=\"695\" data-end=\"719\">Chargement rapide de type C<\/strong>, offrant une recharge rapide et efficace.<\/p>\n<p data-start=\"764\" data-end=\"921\"><strong data-start=\"764\" data-end=\"819\">\u2753 L'appareil pr\u00e9sente-t-il des caract\u00e9ristiques de conception particuli\u00e8res\u00a0?<\/strong><br data-start=\"819\" data-end=\"822\" \/>\u2705 Oui, il comporte un <strong data-start=\"843\" data-end=\"877\">conception de bouteille de champagne unique<\/strong>, alliant \u00e9l\u00e9gance et confort ergonomique.<\/p>\n<p data-start=\"923\" data-end=\"1070\"><strong data-start=\"923\" data-end=\"962\">\u2753 Est-ce que cela inclut des effets de lumi\u00e8re ?<\/strong><br data-start=\"962\" data-end=\"965\" \/>\u2705 Oui, l'appareil dispose d'un <strong data-start=\"989\" data-end=\"1019\">fonction d'\u00e9clairage LED int\u00e9gr\u00e9e<\/strong>, ajoutant un \u00e9l\u00e9ment visuel \u00e9l\u00e9gant et accrocheur.<\/p>\n<p data-start=\"1072\" data-end=\"1189\"><strong data-start=\"1072\" data-end=\"1093\">\u2753Est-ce portable ?<\/strong><br data-start=\"1093\" data-end=\"1096\" \/>\u2705Absolument. C'est <strong data-start=\"1114\" data-end=\"1148\">conception compacte et l\u00e9g\u00e8re<\/strong> le rend facile \u00e0 transporter et \u00e0 utiliser n'importe o\u00f9.<\/p>\n<p data-start=\"1191\" data-end=\"1353\"><strong data-start=\"1191\" data-end=\"1235\">\u2753 Cet appareil est-il adapt\u00e9 aux d\u00e9butants ?<\/strong><br data-start=\"1235\" data-end=\"1238\" \/>\u2705 Oui, il est con\u00e7u pour les deux <strong data-start=\"1269\" data-end=\"1304\">utilisateurs d\u00e9butants et exp\u00e9riment\u00e9s<\/strong>, offrant une exp\u00e9rience de vapotage simple et fluide.<\/p>\n<p data-start=\"1355\" data-end=\"1500\"><strong data-start=\"1355\" data-end=\"1405\">\u2753 Existe-t-il plusieurs options de saveurs disponibles\u00a0?<\/strong><br data-start=\"1405\" data-end=\"1408\" \/>\u2705 Oui, il est livr\u00e9 avec <strong data-start=\"1429\" data-end=\"1463\">une large gamme d'options de saveurs<\/strong> pour r\u00e9pondre \u00e0 diff\u00e9rentes pr\u00e9f\u00e9rences gustatives.<\/p>\n<p data-start=\"1502\" data-end=\"1652\"><strong data-start=\"1502\" data-end=\"1539\">\u2753 L'exp\u00e9dition est-elle rapide en Europe ?<\/strong><br data-start=\"1539\" data-end=\"1542\" \/>\u2705 Yes, the product is shipped from an <strong data-start=\"1580\" data-end=\"1596\">Entrep\u00f4t de l'UE<\/strong>, assurant <strong data-start=\"1607\" data-end=\"1651\">livraison rapide et fiable dans toute l'Europe<\/strong>.<\/p>\n<p data-start=\"1654\" data-end=\"1839\" data-is-last-node=\"\" data-is-only-node=\"\"><strong data-start=\"1654\" data-end=\"1709\">\u2753 Ce produit est-il adapt\u00e9 \u00e0 la vente au d\u00e9tail ou en gros\u00a0?<\/strong><br data-start=\"1709\" data-end=\"1712\" \/>\u2705 Oui, avec son <strong data-start=\"1728\" data-end=\"1787\">design \u00e9l\u00e9gant, performances solides et approvisionnement fiable<\/strong>, il est id\u00e9al pour les march\u00e9s de d\u00e9tail et de gros.<\/p>\n<p>&nbsp;<\/p>\n<h3 id=\"brxe-najhln\" class=\"brxe-heading\">Foire aux questions (FAQ)<\/h3>\n<div id=\"brxe-rajiac\" class=\"brxe-text\">\n<p><strong>Q : Quels modes de paiement acceptez-vous ?<\/strong><br \/>\nR\u00a0: Nous acceptons PayPal, Stripe, les virements bancaires (pris en charge par SEPA), les principales cartes de cr\u00e9dit (Visa, MasterCard, American Express) et les paiements en crypto-monnaie.<\/p>\n<p><strong>Q : Combien de temps prend la pr\u00e9paration d\u2019une commande ?<\/strong><br \/>\nR : La pr\u00e9paration de la commande prend 1 \u00e0 3 jours ouvrables.<\/p>\n<p><strong>Q : Quel est le d\u00e9lai de livraison ?<\/strong><br \/>\nR : Le d\u00e9lai de livraison est de 7 \u00e0 14 jours ouvrables, selon votre emplacement.<\/p>\n<p><strong>Q : Comment puis-je suivre ma commande ?<\/strong><br \/>\nR : Apr\u00e8s l'exp\u00e9dition, vous recevrez un e-mail de confirmation avec un num\u00e9ro de suivi pour un suivi en temps r\u00e9el.<\/p>\n<p><strong>Q : Quelle est votre politique de retour ?<\/strong><br \/>\nR : Nous proposons une politique de retour de 30 jours pour les remboursements ou les \u00e9changes. .<\/p>\n<p><strong>Q : Y aura-t-il des probl\u00e8mes douaniers ?<br \/>\n<\/strong>Nous prenons en charge toutes les proc\u00e9dures de d\u00e9douanement pour vous garantir une exp\u00e9rience sans tracas. .<\/p>\n<p><strong>Q : Quelles m\u00e9thodes d\u2019exp\u00e9dition sont utilis\u00e9es ?<\/strong><br \/>\nNous coop\u00e9rons avec UPS\/DHL\/FEDEX\/DPD, etc. Nous choisirons l'option d'exp\u00e9dition appropri\u00e9e en fonction du pays de livraison pour garantir que vous recevez vos produits le plus rapidement possible.<\/p>\n<p><a href=\"https:\/\/pgvape.com\/fr\/faq\/\">Cliquez ici pour plus de FAQ<\/a><\/p>\n<p>Chers clients, Si vous avez des questions concernant votre commande ou l'arriv\u00e9e des marchandises, n'h\u00e9sitez pas \u00e0 contacter notre service client. Merci !<\/p>\n<h3 data-sourcepos=\"73:1-73:21\"><strong data-sourcepos=\"73:7-73:21\">Contactez-nous<\/strong><\/h3>\n<div id=\"text-2419739398\" class=\"text\">\n<p><strong data-sourcepos=\"75:3-75:12\">E-mail<\/strong>:\u00a0<a href=\"mailto:support@pgvape.com\"><strong>support@pgvape.com<\/strong><\/a><\/p>\n<p><strong data-sourcepos=\"76:3-76:15\">WhatsApp<\/strong>:\u00a0<a href=\"https:\/\/wa.me\/+8618128481258\"><strong>+86 18128481258<\/strong><\/a><br \/>\n<strong>(R\u00e9ponse sous 24h les jours ouvr\u00e9s)<\/strong><\/p>\n<\/div>\n<h3><strong>Merci d'avoir choisi pgvape.com ! .<\/strong><\/h3>\n<\/div>","protected":false},"excerpt":{"rendered":"<p>Jusqu'\u00e0 30 000 bouff\u00e9es dans une bouteille de champagne au design unique qui allie style et performance. Aliment\u00e9 par une bobine maill\u00e9e 1.2\u03a9 et un e-liquide de 20 ml pour une saveur douce et riche. Comprend une batterie rechargeable de 600 mAh, une charge de type C et un \u00e9clairage LED pour une exp\u00e9rience de vapotage \u00e9l\u00e9gante et pratique.<\/p>","protected":false},"featured_media":9993,"comment_status":"open","ping_status":"closed","template":"","meta":{"_seopress_robots_primary_cat":"none","_seopress_titles_title":"%%post_title%%","_seopress_titles_desc":"","_seopress_robots_index":""},"product_brand":[516,513],"product_cat":[35,515,512],"product_tag":[629,349,90,632,631,203,628,630],"class_list":{"0":"post-9990","1":"product","2":"type-product","3":"status-publish","4":"has-post-thumbnail","6":"product_brand-disposable-vape","7":"product_brand-solaris-champagne-vape","8":"product_cat-30k-puffs-vape","9":"product_cat-disposable-vape","10":"product_cat-solaris-champagne-vape","11":"product_tag-30000-puffs","12":"product_tag-30k-puffs-vape","13":"product_tag-disposable-vape","14":"product_tag-led-light","15":"product_tag-mesh-coil","16":"product_tag-shipment-from-eu","17":"product_tag-solaris-champagne-30k","18":"product_tag-stylish-bottle","20":"first","21":"instock","22":"sale","23":"shipping-taxable","24":"purchasable","25":"product-type-variable"},"_links":{"self":[{"href":"https:\/\/pgvape.com\/fr\/wp-json\/wp\/v2\/product\/9990","targetHints":{"allow":["GET"]}}],"collection":[{"href":"https:\/\/pgvape.com\/fr\/wp-json\/wp\/v2\/product"}],"about":[{"href":"https:\/\/pgvape.com\/fr\/wp-json\/wp\/v2\/types\/product"}],"replies":[{"embeddable":true,"href":"https:\/\/pgvape.com\/fr\/wp-json\/wp\/v2\/comments?post=9990"}],"wp:featuredmedia":[{"embeddable":true,"href":"https:\/\/pgvape.com\/fr\/wp-json\/wp\/v2\/media\/9993"}],"wp:attachment":[{"href":"https:\/\/pgvape.com\/fr\/wp-json\/wp\/v2\/media?parent=9990"}],"wp:term":[{"taxonomy":"product_brand","embeddable":true,"href":"https:\/\/pgvape.com\/fr\/wp-json\/wp\/v2\/product_brand?post=9990"},{"taxonomy":"product_cat","embeddable":true,"href":"https:\/\/pgvape.com\/fr\/wp-json\/wp\/v2\/product_cat?post=9990"},{"taxonomy":"product_tag","embeddable":true,"href":"https:\/\/pgvape.com\/fr\/wp-json\/wp\/v2\/product_tag?post=9990"}],"curies":[{"name":"wp","href":"https:\/\/api.w.org\/{rel}","templated":true}]}}