{"id":9504,"date":"2026-03-22T06:35:56","date_gmt":"2026-03-22T06:35:56","guid":{"rendered":"https:\/\/pgvape.com\/?post_type=product&#038;p=9504"},"modified":"2026-03-29T13:35:36","modified_gmt":"2026-03-29T13:35:36","slug":"vopk-cool-bar-20000-20k-bouffees-vape-jetable-debit-dair-reglable-5nicotine-10-gout-affichage-intelligent-vape-usine-en-gros","status":"publish","type":"product","link":"https:\/\/pgvape.com\/fr\/produit\/vopk-cool-bar-20000-20k-bouffees-vape-jetable-debit-dair-reglable-5nicotine-10-gout-affichage-intelligent-vape-usine-en-gros\/","title":{"rendered":"VOPK Cool Bar 20000 20k Puffs Vape jetable D\u00e9bit d'air r\u00e9glable 5%Nicotine 10Taste Affichage intelligent Vape Usine de vente en gros"},"content":{"rendered":"<p><strong class=\"\">Barre fra\u00eeche VOPK 20K<\/strong> livre <strong>20 000 bouff\u00e9es<\/strong> de <strong class=\"\">5 % nicotine<\/strong> satisfaction, propuls\u00e9 par un <strong>550 mAh Type-C<\/strong> batterie et <strong>technologie avanc\u00e9e de bobine de maille<\/strong>.<br \/>\n<strong>D\u00e9bit d'air r\u00e9glable<\/strong>, <strong>affichage intelligent<\/strong> et <strong>10 saveurs glac\u00e9es\/fruit\u00e9es<\/strong> te donner <strong>tirages MTL \u00e0 ouvrir personnalisables<\/strong>, <strong>surveillance en temps r\u00e9el<\/strong> et <strong>fiabilit\u00e9 toute la journ\u00e9e<\/strong>-exp\u00e9di\u00e9 de <strong>Chine (7-14j)<\/strong> ou <strong>Entrep\u00f4t UE (3-6j)<\/strong>.<\/p>\n<p>&nbsp;<\/p>\n<h2><span style=\"font-size: 90%;\">VOPK Cool Bar 20000 20k bouff\u00e9es Vape jetable <strong>Caract\u00e9ristiques:<\/strong><\/span><\/h2>\n<p><strong>Bouff\u00e9es<\/strong>: Jusqu'\u00e0 <strong>20,000<\/strong> \u2013 performances durables toute la journ\u00e9e<\/p>\n<p><strong>Nicotine<\/strong>: <strong>5 %<\/strong> \u2013 coup de gorge doux et satisfaisant<\/p>\n<p><strong>Batterie<\/strong>: <strong>550 mAh<\/strong>, <strong>rechargeable<\/strong> \u2013 puissance \u00e9tendue fiable<\/p>\n<p><strong>Chargement<\/strong>: <strong>Type-C<\/strong> \u2013 des recharges rapides et pratiques<\/p>\n<p><strong>Bobine<\/strong>: <strong>Syst\u00e8me de bobines de maille<\/strong> \u2013 saveur riche, chauffage rapide, vapeur constante<\/p>\n<p><strong>Flux d'air<\/strong>: <strong>R\u00e9glable<\/strong> \u2013 personnaliser MTL ou ouvrir l\u2019inspiration<\/p>\n<p><strong>Afficher<\/strong>: <strong>\u00c9cran intelligent<\/strong> - Niveaux d'e-liquide et de batterie en un coup d'\u0153il<\/p>\n<p><strong>Saveurs<\/strong>: <strong class=\"\">10 options<\/strong> \u2013 une grande vari\u00e9t\u00e9 pour tous les go\u00fbts<\/p>\n<p>&nbsp;<\/p>\n<h3><span style=\"font-size: 90%;\">VOPK Cool Bar 20000 20k bouff\u00e9es Vape jetable <strong>Liste des saveurs\u00a0:<\/strong><\/span><\/h3>\n<p><strong>1. Glace \u00e0 la past\u00e8que<\/strong><\/p>\n<p><strong>2. Glace au Cola<\/strong><\/p>\n<p><strong class=\"\">3. Glace aux fraises<\/strong><\/p>\n<p><strong>4. Glace \u00e0 la banane<\/strong><\/p>\n<p><strong class=\"\">5. Glace \u00e0 la mangue<\/strong><\/p>\n<p><strong>6. Goyave aux fruits de la passion<\/strong><\/p>\n<p><strong>7. Cassis<\/strong><\/p>\n<p><strong>8. Glace \u00e0 l'ananas et \u00e0 la noix de coco<\/strong><\/p>\n<p><strong>9. Past\u00e8que aux fraises<\/strong><\/p>\n<p><strong>10. Raisin aux baies<img loading=\"lazy\" decoding=\"async\" class=\"alignnone wp-image-9739 size-full\" src=\"https:\/\/pgvape.com\/wp-content\/uploads\/2026\/03\/VOPK-Cool-Bar-20000-20k-Puffs-Disposable-Vape-Adjustable-Airflow-5Nicotine-10Taste-Smart-Display-Vape-Factory-Wholesale-3.jpg\" alt=\"Deux rang\u00e9es de sachets de boissons color\u00e9s aux saveurs de glace \u00e0 la past\u00e8que, glace au cola, glace \u00e0 la fraise, glace \u00e0 la banane, glace \u00e0 la mangue, goyave aux fruits de la passion, cassis, glace \u00e0 l&#039;ananas et \u00e0 la noix de coco, past\u00e8que \u00e0 la fraise, raisin aux baies\" width=\"1500\" height=\"1298\" srcset=\"https:\/\/pgvape.com\/wp-content\/uploads\/2026\/03\/VOPK-Cool-Bar-20000-20k-Puffs-Disposable-Vape-Adjustable-Airflow-5Nicotine-10Taste-Smart-Display-Vape-Factory-Wholesale-3.jpg 1500w, https:\/\/pgvape.com\/wp-content\/uploads\/2026\/03\/VOPK-Cool-Bar-20000-20k-Puffs-Disposable-Vape-Adjustable-Airflow-5Nicotine-10Taste-Smart-Display-Vape-Factory-Wholesale-3-416x360.jpg 416w, https:\/\/pgvape.com\/wp-content\/uploads\/2026\/03\/VOPK-Cool-Bar-20000-20k-Puffs-Disposable-Vape-Adjustable-Airflow-5Nicotine-10Taste-Smart-Display-Vape-Factory-Wholesale-3-595x515.jpg 595w, https:\/\/pgvape.com\/wp-content\/uploads\/2026\/03\/VOPK-Cool-Bar-20000-20k-Puffs-Disposable-Vape-Adjustable-Airflow-5Nicotine-10Taste-Smart-Display-Vape-Factory-Wholesale-3-400x346.jpg 400w, https:\/\/pgvape.com\/wp-content\/uploads\/2026\/03\/VOPK-Cool-Bar-20000-20k-Puffs-Disposable-Vape-Adjustable-Airflow-5Nicotine-10Taste-Smart-Display-Vape-Factory-Wholesale-3-768x665.jpg 768w, https:\/\/pgvape.com\/wp-content\/uploads\/2026\/03\/VOPK-Cool-Bar-20000-20k-Puffs-Disposable-Vape-Adjustable-Airflow-5Nicotine-10Taste-Smart-Display-Vape-Factory-Wholesale-3-14x12.jpg 14w, https:\/\/pgvape.com\/wp-content\/uploads\/2026\/03\/VOPK-Cool-Bar-20000-20k-Puffs-Disposable-Vape-Adjustable-Airflow-5Nicotine-10Taste-Smart-Display-Vape-Factory-Wholesale-3-600x519.jpg 600w\" sizes=\"auto, (max-width: 1500px) 100vw, 1500px\" \/><\/strong><\/p>\n<p>&nbsp;<\/p>\n<h3><span style=\"font-size: 90%;\">Vid\u00e9o de vape jetable VOPK Cool Bar 20000 20k Puffs\u00a0:<\/span><\/h3>\n<p><iframe loading=\"lazy\" title=\"VOPK Cool Bar 20000 bouff\u00e9es Vape jetable d\u00e9bit d&#039;air r\u00e9glable affichage intelligent Vape usine de gros\" width=\"563\" height=\"1000\" src=\"https:\/\/www.youtube.com\/embed\/ivKsBaHnGAI?feature=oembed\" frameborder=\"0\" allow=\"accelerometer; autoplay; clipboard-write; encrypted-media; gyroscope; picture-in-picture; web-share\" referrerpolicy=\"strict-origin-when-cross-origin\" allowfullscreen><\/iframe><\/p>\n<p>&nbsp;<\/p>\n<h2>FAQ sur la vape jetable VOPK Cool Bar 20000 20k Puffs<\/h2>\n<p>\u2753 <strong class=\"\">Modes de paiement ?<\/strong><br \/>\n\u2705 <strong>VISA, MasterCard, PayPal, American Express<\/strong>, et plus encore.<\/p>\n<p>\u2753 <strong>Comment suivre ?<\/strong><br \/>\n\u2705 <strong>Num\u00e9ro de suivi envoy\u00e9 par email<\/strong> une fois exp\u00e9di\u00e9.<\/p>\n<p>\u2753 <strong>D\u00e9lai de livraison ?<\/strong><br \/>\n\u2705 <strong>Chine<\/strong>: 7-14 jours ouvrables | <strong>Entrep\u00f4t de l'UE<\/strong>: 3-6 jours ouvrables.<\/p>\n<p>\u2753 <strong>Une livraison plus rapide ?<\/strong><br \/>\n\u2705 Choisissez <strong>Stock d'entrep\u00f4t de l'UE<\/strong> pour une arriv\u00e9e plus rapide.<\/p>\n<p>\u2753 <strong>Politique de retour?<\/strong><br \/>\n\u2705 <strong>Retour sous 30 jours<\/strong> \u2013 les articles doivent \u00eatre dans leur \u00e9tat d\u2019origine.<\/p>\n<p>\u2753 <strong>Des demandes de saveurs pour des produits al\u00e9atoires\u00a0?<\/strong><br \/>\n\u2705 <strong>Disposition al\u00e9atoire<\/strong>, mais laisse <strong>note de paiement<\/strong> pour des demandes sp\u00e9cifiques, nous essaierons de r\u00e9pondre.<\/p>\n<p>\u2753 <strong>Exp\u00e9dition internationale?<\/strong><br \/>\n\u2705 <strong>Oui<\/strong> \u2013 la plupart des pays, <strong>d\u00e9douanement effectu\u00e9<\/strong>.<\/p>\n<p>\u2753 <strong>Articles endommag\u00e9s\/d\u00e9fectueux ?<\/strong><br \/>\n\u2705Contactez-nous <strong>service client<\/strong> pour remplacement ou remboursement.<\/p>\n<p>\u2753 <strong>Comment joindre l'assistance ?<\/strong><br \/>\n\u2705 <strong>E-mail, WhatsApp, chat en direct<\/strong> sur le site Internet.<\/p>\n<p>\u2753 <strong>Confiance et authenticit\u00e9 ?<\/strong><br \/>\n\u2705 V\u00e9rifiez <strong>Avis sur TrustPilot<\/strong> + <strong>Protection des acheteurs PayPal<\/strong> soutenu.<\/p>\n<p>&nbsp;<\/p>\n<h3 id=\"brxe-najhln\" class=\"brxe-heading\">Foire aux questions (FAQ)<\/h3>\n<div id=\"brxe-rajiac\" class=\"brxe-text\">\n<p><strong>Q : Quels modes de paiement acceptez-vous ?<\/strong><br \/>\nR\u00a0: Nous acceptons PayPal, Stripe, les virements bancaires (pris en charge par SEPA), les principales cartes de cr\u00e9dit (Visa, MasterCard, American Express) et les paiements en crypto-monnaie.<\/p>\n<p><strong>Q : Combien de temps prend la pr\u00e9paration d\u2019une commande ?<\/strong><br \/>\nR : La pr\u00e9paration de la commande prend 1 \u00e0 3 jours ouvrables.<\/p>\n<p><strong>Q : Quel est le d\u00e9lai de livraison ?<\/strong><br \/>\nR : Le d\u00e9lai de livraison est de 7 \u00e0 14 jours ouvrables, selon votre emplacement.<\/p>\n<p><strong>Q : Comment puis-je suivre ma commande ?<\/strong><br \/>\nR : Apr\u00e8s l'exp\u00e9dition, vous recevrez un e-mail de confirmation avec un num\u00e9ro de suivi pour un suivi en temps r\u00e9el.<\/p>\n<p><strong>Q : Quelle est votre politique de retour ?<\/strong><br \/>\nR : Nous proposons une politique de retour de 30 jours pour les remboursements ou les \u00e9changes. .<\/p>\n<p><strong>Q : Y aura-t-il des probl\u00e8mes douaniers ?<br \/>\n<\/strong>Nous prenons en charge toutes les proc\u00e9dures de d\u00e9douanement pour vous garantir une exp\u00e9rience sans tracas. .<\/p>\n<p><strong>Q : Quelles m\u00e9thodes d\u2019exp\u00e9dition sont utilis\u00e9es ?<\/strong><br \/>\nNous coop\u00e9rons avec UPS\/DHL\/FEDEX\/DPD, etc. Nous choisirons l'option d'exp\u00e9dition appropri\u00e9e en fonction du pays de livraison pour garantir que vous recevez vos produits le plus rapidement possible.<\/p>\n<p><a href=\"https:\/\/pgvape.com\/fr\/faq\/\">Cliquez ici pour plus de FAQ<\/a><\/p>\n<p>Chers clients, Si vous avez des questions concernant votre commande ou l'arriv\u00e9e des marchandises, n'h\u00e9sitez pas \u00e0 contacter notre service client. Merci !<\/p>\n<h3 data-sourcepos=\"73:1-73:21\"><strong data-sourcepos=\"73:7-73:21\">Contactez-nous<\/strong><\/h3>\n<div id=\"text-2419739398\" class=\"text\">\n<p><strong data-sourcepos=\"75:3-75:12\">E-mail<\/strong>:\u00a0<a href=\"mailto:support@pgvape.com\"><strong>support@pgvape.com<\/strong><\/a><\/p>\n<p><strong data-sourcepos=\"76:3-76:15\">WhatsApp<\/strong>:\u00a0<a href=\"https:\/\/wa.me\/+8618128481258\"><strong>+86 18128481258<\/strong><\/a><br \/>\n<strong>(R\u00e9ponse sous 24h les jours ouvr\u00e9s)<\/strong><\/p>\n<\/div>\n<h3><strong>Merci d'avoir choisi pgvape.com ! .<\/strong><\/h3>\n<\/div>","protected":false},"excerpt":{"rendered":"<p><strong>Barre fra\u00eeche VOPK 20000<\/strong>\u00a0<strong>20 000 bouff\u00e9es<\/strong>, <strong>Carte 5%<\/strong>, <strong>bobine de maille<\/strong>, <strong>d\u00e9bit d'air r\u00e9glable<\/strong>, <strong>affichage intelligent<\/strong>, <strong>Type-C<\/strong>.<strong>Des saveurs fra\u00eeches, une technologie intelligente, \u00e0 votre fa\u00e7on.<\/strong><\/p>","protected":false},"featured_media":9737,"comment_status":"open","ping_status":"closed","template":"","meta":{"_seopress_robots_primary_cat":"none","_seopress_titles_title":"","_seopress_titles_desc":"","_seopress_robots_index":""},"product_brand":[516,218],"product_cat":[84,515,31],"product_tag":[367,135,90,608],"class_list":{"0":"post-9504","1":"product","2":"type-product","3":"status-publish","4":"has-post-thumbnail","6":"product_brand-disposable-vape","7":"product_brand-vopk-vape","8":"product_cat-20k-puffs-vape","9":"product_cat-disposable-vape","10":"product_cat-vopk-vape","11":"product_tag-20k-puffs-vape","12":"product_tag-adjustable-airflow","13":"product_tag-disposable-vape","14":"product_tag-vopk-cool-bar-20000","16":"first","17":"instock","18":"sale","19":"shipping-taxable","20":"purchasable","21":"product-type-variable"},"_links":{"self":[{"href":"https:\/\/pgvape.com\/fr\/wp-json\/wp\/v2\/product\/9504","targetHints":{"allow":["GET"]}}],"collection":[{"href":"https:\/\/pgvape.com\/fr\/wp-json\/wp\/v2\/product"}],"about":[{"href":"https:\/\/pgvape.com\/fr\/wp-json\/wp\/v2\/types\/product"}],"replies":[{"embeddable":true,"href":"https:\/\/pgvape.com\/fr\/wp-json\/wp\/v2\/comments?post=9504"}],"wp:featuredmedia":[{"embeddable":true,"href":"https:\/\/pgvape.com\/fr\/wp-json\/wp\/v2\/media\/9737"}],"wp:attachment":[{"href":"https:\/\/pgvape.com\/fr\/wp-json\/wp\/v2\/media?parent=9504"}],"wp:term":[{"taxonomy":"product_brand","embeddable":true,"href":"https:\/\/pgvape.com\/fr\/wp-json\/wp\/v2\/product_brand?post=9504"},{"taxonomy":"product_cat","embeddable":true,"href":"https:\/\/pgvape.com\/fr\/wp-json\/wp\/v2\/product_cat?post=9504"},{"taxonomy":"product_tag","embeddable":true,"href":"https:\/\/pgvape.com\/fr\/wp-json\/wp\/v2\/product_tag?post=9504"}],"curies":[{"name":"wp","href":"https:\/\/api.w.org\/{rel}","templated":true}]}}