{"id":9431,"date":"2026-03-13T07:43:36","date_gmt":"2026-03-13T07:43:36","guid":{"rendered":"https:\/\/pgvape.com\/?post_type=product&#038;p=9431"},"modified":"2026-03-19T15:37:41","modified_gmt":"2026-03-19T15:37:41","slug":"bang-king-100000-100k-bouffees-3in1-saveur-vape-jetable-2-3-5nicotine-12gout-ecran-led-vape-usine-en-gros","status":"publish","type":"product","link":"https:\/\/pgvape.com\/fr\/produit\/bang-king-100000-100k-bouffees-3in1-saveur-vape-jetable-2-3-5nicotine-12gout-ecran-led-vape-usine-en-gros\/","title":{"rendered":"Bang King 100000 100k Puffs 3in1 Saveur Vape jetable % 2% 3% 5%Nicotine 12Taste \u00c9cran LED Vape Usine de gros"},"content":{"rendered":"<p><strong>Bang Roi 100K<\/strong> livre <strong>100 000 bouff\u00e9es<\/strong> via <strong>Technologie triple r\u00e9servoir 3 en 1<\/strong>, aliment\u00e9 par un <strong>850 mAh rechargeable<\/strong> batterie et <strong>1.2*Configuration d'une bobine maill\u00e9e de 3 \u03a9<\/strong>.<br \/>\n<strong>Chargement rapide de type C<\/strong>, <strong>12 combinaisons de saveurs \u00e0 trois options<\/strong> et <strong>emballage pr\u00eat \u00e0 l'emploi<\/strong> te donner <strong>triplez le plaisir, l'endurance maximale, les \u00e9conomies en vrac<\/strong>\u2014 parfait pour <strong>Acheteurs en gros VapeXYZ<\/strong>.<\/p>\n<p>&nbsp;<\/p>\n<h2><span style=\"font-size: 100%;\">Bang King 100000 100k Puffs 3en1 Vape jetable \u00e0 saveur <strong>Caract\u00e9ristiques:<\/strong><\/span><\/h2>\n<p><strong>Bouff\u00e9es<\/strong>: Jusqu'\u00e0 <strong>100,000<\/strong><\/p>\n<p><strong>Batterie<\/strong>: <strong>850 mAh<\/strong> \u2013 rechargeable, forte puissance<\/p>\n<p><strong>Syst\u00e8me<\/strong>: <strong>Triple r\u00e9servoir 3 en 1<\/strong> \u2013 trois sensations, un seul appareil<\/p>\n<p><strong>Bobine<\/strong>: <strong>Bobine maill\u00e9e (1.2*3 \u03a9)<\/strong> \u2013 sortie fluide et coh\u00e9rente<\/p>\n<p><strong>Chargement<\/strong>: <strong>Type-C<\/strong> \u2013 temps d'arr\u00eat rapide, moderne et minimal<\/p>\n<p><strong>Conditionnement<\/strong>: Pr\u00eat pour la vente en gros \u2013 options simples, moyennes et en vrac<\/p>\n<p>&nbsp;<\/p>\n<h3><span style=\"font-size: 100%;\">Bang King 100000 100k Puffs 3en1 Vape jetable \u00e0 saveur <strong>Liste des saveurs\u00a0:<\/strong><\/span><\/h3>\n<p><strong>1. Fraise &amp; Past\u00e8que &amp; Fraise Past\u00e8que<\/strong><\/p>\n<p><strong>2. Bleuets et past\u00e8que et bleuets et past\u00e8que<\/strong><\/p>\n<p><strong>3.P\u00eaches &amp; Mangue &amp; P\u00eache Mangue<\/strong><\/p>\n<p><strong>4.Ananas &amp; Mangue &amp; Ananas Mangue<\/strong><\/p>\n<p><strong>5. Fraises Mangue &amp; Mangue P\u00eache &amp; Mangue P\u00eache Past\u00e8que<\/strong><\/p>\n<p><strong>6. Raisin glac\u00e9, raisin de myrtille et raisin de fleur de cerisier<\/strong><\/p>\n<p><strong>7. Boissons fonctionnelles et Love 66 et fruits m\u00e9lang\u00e9s<\/strong><\/p>\n<p><strong>8. Myrtille Menthe &amp; Myrtille Framboise &amp; Triple Moule<\/strong><\/p>\n<p><strong>9. Fraise Kiwi &amp; Kiwi Goyave &amp; Black Dragon Ice<\/strong><\/p>\n<p><strong>10.Coke Glace &amp; Fraise Vanille Coke &amp; Cerise Cacao<\/strong><\/p>\n<p><strong>11. Bubblegum past\u00e8que et bubblegum myrtille et past\u00e8que myrtille<\/strong><\/p>\n<p><strong>12.Glace \u00e0 la banane et \u00e0 la fraise Cr\u00e8me glac\u00e9e \u00e0 la banane et \u00e0 la fraise<img loading=\"lazy\" decoding=\"async\" class=\"alignnone wp-image-9436 size-full\" src=\"https:\/\/pgvape.com\/wp-content\/uploads\/2026\/03\/Bang-King-100000-100k-Puffs-3-in-1-Flavor-Disposable-Vape-2-3-5Nicotine-12Taste-LED-Screen-Vape-Factory-Wholesale-3.png\" alt=\"\" width=\"1342\" height=\"2000\" srcset=\"https:\/\/pgvape.com\/wp-content\/uploads\/2026\/03\/Bang-King-100000-100k-Puffs-3-in-1-Flavor-Disposable-Vape-2-3-5Nicotine-12Taste-LED-Screen-Vape-Factory-Wholesale-3.png 1342w, https:\/\/pgvape.com\/wp-content\/uploads\/2026\/03\/Bang-King-100000-100k-Puffs-3-in-1-Flavor-Disposable-Vape-2-3-5Nicotine-12Taste-LED-Screen-Vape-Factory-Wholesale-3-242x360.png 242w, https:\/\/pgvape.com\/wp-content\/uploads\/2026\/03\/Bang-King-100000-100k-Puffs-3-in-1-Flavor-Disposable-Vape-2-3-5Nicotine-12Taste-LED-Screen-Vape-Factory-Wholesale-3-595x887.png 595w, https:\/\/pgvape.com\/wp-content\/uploads\/2026\/03\/Bang-King-100000-100k-Puffs-3-in-1-Flavor-Disposable-Vape-2-3-5Nicotine-12Taste-LED-Screen-Vape-Factory-Wholesale-3-268x400.png 268w, https:\/\/pgvape.com\/wp-content\/uploads\/2026\/03\/Bang-King-100000-100k-Puffs-3-in-1-Flavor-Disposable-Vape-2-3-5Nicotine-12Taste-LED-Screen-Vape-Factory-Wholesale-3-768x1145.png 768w, https:\/\/pgvape.com\/wp-content\/uploads\/2026\/03\/Bang-King-100000-100k-Puffs-3-in-1-Flavor-Disposable-Vape-2-3-5Nicotine-12Taste-LED-Screen-Vape-Factory-Wholesale-3-1031x1536.png 1031w, https:\/\/pgvape.com\/wp-content\/uploads\/2026\/03\/Bang-King-100000-100k-Puffs-3-in-1-Flavor-Disposable-Vape-2-3-5Nicotine-12Taste-LED-Screen-Vape-Factory-Wholesale-3-8x12.png 8w, https:\/\/pgvape.com\/wp-content\/uploads\/2026\/03\/Bang-King-100000-100k-Puffs-3-in-1-Flavor-Disposable-Vape-2-3-5Nicotine-12Taste-LED-Screen-Vape-Factory-Wholesale-3-600x894.png 600w\" sizes=\"auto, (max-width: 1342px) 100vw, 1342px\" \/><\/strong><\/p>\n<p>&nbsp;<\/p>\n<h2>FAQ sur la vape jetable \u00e0 saveur Bang King 100000 100k Puffs 3in1<\/h2>\n<p>\u2753 <strong>Que signifie \u201c 3 en 1 \u201d ?<\/strong><br \/>\n\u2705 <strong>Trois combinaisons de saveurs diff\u00e9rentes<\/strong> dans un seul appareil \u2013 explorez la vari\u00e9t\u00e9 sans changer de vape.<\/p>\n<p>\u2753 <strong>Comment recharger ?<\/strong><br \/>\n\u2705 <strong>C\u00e2ble standard de type C<\/strong> - branchez-le lorsqu'il est faible, continuez \u00e0 profiter de votre <strong>100 000 bouff\u00e9es<\/strong>.<\/p>\n<p>\u2753 <strong>Disponible en gros ?<\/strong><br \/>\n\u2705 <strong>Absolument<\/strong> \u2013 sp\u00e9cialiste en gros, achat <strong>grandes quantit\u00e9s<\/strong> directement de <strong>VapeXYZ<\/strong>.<\/p>\n<p>\u2753 <strong>Facile \u00e0 utiliser ?<\/strong><br \/>\n\u2705 <strong>Oui<\/strong> \u2013 <strong>d\u00e9baller et c'est parti<\/strong>, con\u00e7u pour la simplicit\u00e9 et le plaisir instantan\u00e9.<\/p>\n<p>&nbsp;<\/p>\n<h3 id=\"brxe-najhln\" class=\"brxe-heading\">Foire aux questions (FAQ)<\/h3>\n<div id=\"brxe-rajiac\" class=\"brxe-text\">\n<p><strong>Q : Quels modes de paiement acceptez-vous ?<\/strong><br \/>\nR\u00a0: Nous acceptons PayPal, Stripe, les virements bancaires (pris en charge par SEPA), les principales cartes de cr\u00e9dit (Visa, MasterCard, American Express) et les paiements en crypto-monnaie.<\/p>\n<p><strong>Q : Combien de temps prend la pr\u00e9paration d\u2019une commande ?<\/strong><br \/>\nR : La pr\u00e9paration de la commande prend 1 \u00e0 3 jours ouvrables.<\/p>\n<p><strong>Q : Quel est le d\u00e9lai de livraison ?<\/strong><br \/>\nR : Le d\u00e9lai de livraison est de 7 \u00e0 14 jours ouvrables, selon votre emplacement. Les marchandises exp\u00e9di\u00e9es depuis des entrep\u00f4ts europ\u00e9ens prennent g\u00e9n\u00e9ralement 3 \u00e0 6 jours ouvrables pour \u00eatre livr\u00e9es.<\/p>\n<p><strong>Q : Comment puis-je suivre ma commande ?<\/strong><br \/>\nR : Apr\u00e8s l'exp\u00e9dition, vous recevrez un e-mail de confirmation avec un num\u00e9ro de suivi pour un suivi en temps r\u00e9el.<\/p>\n<p><strong>Q : Quelle est votre politique de retour ?<\/strong><br \/>\nR : Nous proposons une politique de retour de 30 jours pour les remboursements ou les \u00e9changes. .<\/p>\n<p><strong>Q : Y aura-t-il des probl\u00e8mes douaniers ?<br \/>\n<\/strong>Nous prenons en charge toutes les proc\u00e9dures de d\u00e9douanement pour vous garantir une exp\u00e9rience sans tracas. .<\/p>\n<p><strong>Q : Quelles m\u00e9thodes d\u2019exp\u00e9dition sont utilis\u00e9es ?<\/strong><br \/>\nNous coop\u00e9rons avec UPS\/DHL\/FEDEX\/DPD, etc. Nous choisirons l'option d'exp\u00e9dition appropri\u00e9e en fonction du pays de livraison pour garantir que vous recevez vos produits le plus rapidement possible.<\/p>\n<p><a href=\"https:\/\/pgvape.com\/fr\/faq\/\">Cliquez ici pour plus de FAQ<\/a><\/p>\n<p>Chers clients, Si vous avez des questions concernant votre commande ou l'arriv\u00e9e des marchandises, n'h\u00e9sitez pas \u00e0 contacter notre service client. Merci !<\/p>\n<h3 data-sourcepos=\"73:1-73:21\"><strong data-sourcepos=\"73:7-73:21\">Contactez-nous<\/strong><\/h3>\n<div id=\"text-2419739398\" class=\"text\">\n<p><strong data-sourcepos=\"75:3-75:12\">E-mail<\/strong>:\u00a0<a href=\"mailto:support@pgvape.com\"><strong>support@pgvape.com<\/strong><\/a><\/p>\n<p><strong data-sourcepos=\"76:3-76:15\">WhatsApp<\/strong>:\u00a0<a href=\"https:\/\/wa.me\/+8618128481258\"><strong>+86 18128481258<\/strong><\/a><br \/>\n<strong>(R\u00e9ponse sous 24h les jours ouvr\u00e9s)<\/strong><\/p>\n<\/div>\n<h3><strong>Merci d'avoir choisi pgvape.com ! .<\/strong><\/h3>\n<\/div>","protected":false},"excerpt":{"rendered":"<p><strong>Bang Roi 100000<\/strong> <strong>100 000 bouff\u00e9es<\/strong>, <strong>Triple r\u00e9servoir 3 en 1<\/strong>, <strong>1.2*maille de 3 \u03a9<\/strong>, <strong>850 mAh Type-C<\/strong>, <strong>pr\u00eat pour la vente en gros<\/strong>.<strong>Triplez les saveurs, triplez le plaisir, une vape \u00e9pique.<\/strong><\/p>","protected":false},"featured_media":9435,"comment_status":"open","ping_status":"closed","template":"","meta":{"_seopress_robots_primary_cat":"none","_seopress_titles_title":"","_seopress_titles_desc":"","_seopress_robots_index":""},"product_brand":[19,516],"product_cat":[170,18,515],"product_tag":[395,605,604,607,90,490],"class_list":{"0":"post-9431","1":"product","2":"type-product","3":"status-publish","4":"has-post-thumbnail","6":"product_brand-bang-king-vape","7":"product_brand-disposable-vape","8":"product_cat-100k-puffs-vape","9":"product_cat-bang-king-vape","10":"product_cat-disposable-vape","11":"product_tag-100k-puffs-vape","12":"product_tag-3in1-flavor","13":"product_tag-bang-king-100000","14":"product_tag-bang-king-vape","15":"product_tag-disposable-vape","16":"product_tag-minimum-2-pieces","18":"first","19":"instock","20":"sale","21":"shipping-taxable","22":"purchasable","23":"product-type-variable"},"_links":{"self":[{"href":"https:\/\/pgvape.com\/fr\/wp-json\/wp\/v2\/product\/9431","targetHints":{"allow":["GET"]}}],"collection":[{"href":"https:\/\/pgvape.com\/fr\/wp-json\/wp\/v2\/product"}],"about":[{"href":"https:\/\/pgvape.com\/fr\/wp-json\/wp\/v2\/types\/product"}],"replies":[{"embeddable":true,"href":"https:\/\/pgvape.com\/fr\/wp-json\/wp\/v2\/comments?post=9431"}],"wp:featuredmedia":[{"embeddable":true,"href":"https:\/\/pgvape.com\/fr\/wp-json\/wp\/v2\/media\/9435"}],"wp:attachment":[{"href":"https:\/\/pgvape.com\/fr\/wp-json\/wp\/v2\/media?parent=9431"}],"wp:term":[{"taxonomy":"product_brand","embeddable":true,"href":"https:\/\/pgvape.com\/fr\/wp-json\/wp\/v2\/product_brand?post=9431"},{"taxonomy":"product_cat","embeddable":true,"href":"https:\/\/pgvape.com\/fr\/wp-json\/wp\/v2\/product_cat?post=9431"},{"taxonomy":"product_tag","embeddable":true,"href":"https:\/\/pgvape.com\/fr\/wp-json\/wp\/v2\/product_tag?post=9431"}],"curies":[{"name":"wp","href":"https:\/\/api.w.org\/{rel}","templated":true}]}}