{"id":9401,"date":"2026-03-13T06:10:06","date_gmt":"2026-03-13T06:10:06","guid":{"rendered":"https:\/\/pgvape.com\/?post_type=product&#038;p=9401"},"modified":"2026-03-19T15:35:10","modified_gmt":"2026-03-19T15:35:10","slug":"bang-legend-300000-300k-bouffees-8in1-saveur-vape-jetable-0-2-3-5nicotine-12-gout-ecran-led-vape-usine-en-gros","status":"publish","type":"product","link":"https:\/\/pgvape.com\/fr\/produit\/bang-legend-300000-300k-bouffees-8in1-saveur-vape-jetable-0-2-3-5nicotine-12-gout-ecran-led-vape-usine-en-gros\/","title":{"rendered":"Bang Legend 300000 300k Puffs 8in1 Saveur Vape jetable 0% 2% 3% 5%Nicotine 12Taste \u00c9cran LED Vape Usine de gros"},"content":{"rendered":"<p><strong>Bang L\u00e9gende 300K<\/strong> livre <strong class=\"\">300 000 bouff\u00e9es<\/strong> depuis <strong class=\"\">40 ml<\/strong> d'e-liquide, aliment\u00e9 par <strong>quatre bobines maill\u00e9es 1.0 \u03a9<\/strong>, un <strong class=\"\">850 mAh Type-C<\/strong> batterie et un <strong>\u00c9cran LED<\/strong>.<br \/>\n<strong>Syst\u00e8me de saveurs 8 en 1<\/strong>, <strong>0 % \/ 2 % \/ 3 % \/ 5 %<\/strong> la nicotine et <strong>12 combinaisons de saveurs diverses<\/strong> te donner <strong>long\u00e9vit\u00e9 extr\u00eame, vari\u00e9t\u00e9 maximale, commodit\u00e9 moderne<\/strong>-l'ultime <strong>jetable de grande capacit\u00e9<\/strong>.<\/p>\n<p>&nbsp;<\/p>\n<h2><span style=\"font-size: 90%;\">Bang Legend 300000 300k Puffs 8en1 Vape jetable \u00e0 saveur <strong>Caract\u00e9ristiques:<\/strong><\/span><\/h2>\n<p><strong>Bouff\u00e9es<\/strong>: Jusqu'\u00e0 <strong>300,000<\/strong> \u2013 extr\u00eamement durable<\/p>\n<p><strong>E-Liquide<\/strong>: <strong>40 ml<\/strong> \u2013 utilisation prolong\u00e9e sans remplacement<\/p>\n<p><strong>Syst\u00e8me de saveur<\/strong>: <strong>8-en-1<\/strong> \u2013 plusieurs combinaisons, un seul appareil<\/p>\n<p><strong>Bobines<\/strong>: <strong>Maille 4 \u00d7 1.0 \u03a9<\/strong> \u2013 saveur plus riche, vapeur plus douce<\/p>\n<p><strong>Batterie<\/strong>: <strong>850 mAh<\/strong>, <strong>Type-C<\/strong> charge rapide \u2013 performances quotidiennes stables<\/p>\n<p><strong>Afficher<\/strong>: <strong class=\"\">\u00c9cran LED<\/strong> \u2013 \u00e9tat de la batterie en un coup d'\u0153il<\/p>\n<p><strong>Nicotine<\/strong>: <strong>0 %, 2 %, 3 %, 5 %<\/strong> \u2013 flexible pour toutes les pr\u00e9f\u00e9rences<\/p>\n<p><strong>Conception<\/strong>: Moderne, pratique, pr\u00eat au quotidien<\/p>\n<p>&nbsp;<\/p>\n<h3><span style=\"font-size: 90%;\">Bang Legend 300000 300k Puffs 8en1 Vape jetable \u00e0 saveur <strong>Liste des saveurs\u00a0:<\/strong><\/span><\/h3>\n<p><strong>1. Mamba &amp; P\u00eache Mangue Past\u00e8que &amp; Boisson \u00c9nergisante &amp; Glace Au Raisin<\/strong><\/p>\n<p><strong>2.Fruit de la passion Mangue &amp; P\u00eache Ananas &amp; Myrtille Framboise &amp; Past\u00e8que Glace<\/strong><\/p>\n<p><strong>3. Glace au citron, orange aigre et mangue, p\u00eache et past\u00e8que et glace aux baies<\/strong><\/p>\n<p><strong>4.Pomme Poire &amp; Fraise Mangue &amp; Fraise Past\u00e8que &amp; Glace Aux Myrtilles<\/strong><\/p>\n<p><strong>5. Past\u00e8que Baies &amp; Mangue P\u00eache Abricot &amp; Fraise Kiwi &amp; P\u00eache Mangue Past\u00e8que<\/strong><\/p>\n<p><strong>6.Heure d'\u00e9t\u00e9 et glace \u00e0 la mangue et amour 66 et ananas \u00e0 la mangue aigre<\/strong><\/p>\n<p><strong>7. Kiwi Fruit de la passion Goyave et glace au raisin et baisers passionn\u00e9s et p\u00eache aigre \u00e0 la past\u00e8que<\/strong><\/p>\n<p><strong>8. Past\u00e8que Pitaya &amp; Pomme Poire &amp; Fruit De La Passion Kiwi Citron Vert &amp; Myrtille P\u00eache Glace<\/strong><\/p>\n<p><strong>9. Glace aux fraises, bananes, baies de past\u00e8que, myrtilles et glace Fuji<\/strong><\/p>\n<p><strong>10.Gummy Bear &amp; Mixed Berrie &amp; Fraise Past\u00e8que &amp; Lime Romance<\/strong><\/p>\n<p><strong>11. Bubble Gum Past\u00e8que &amp; Glace \u00c0 La P\u00eache Aux Myrtilles &amp; Pomme Cantaloup &amp; Fraise Banane<\/strong><\/p>\n<p><strong>12. Past\u00e8que, p\u00eache aigre et glace aux bleuets et cerise de Californie et fraise mangue<img loading=\"lazy\" decoding=\"async\" class=\"alignnone wp-image-9406 size-full\" src=\"https:\/\/pgvape.com\/wp-content\/uploads\/2026\/03\/Bang-Legend-300000-300k-Puffs-8-in-1-Flavor-Disposable-Vape-0-2-3-5Nicotine-12Taste-LED-Screen-Vape-Factory-Wholesale-3.png\" alt=\"Assortiment de canettes de boisson \u00e9nergisante Bang Legend 8 en 1 avec des singes de dessins anim\u00e9s aux couleurs vives, dispos\u00e9s en deux rang\u00e9es sur un fond n\u00e9on.\" width=\"1976\" height=\"1909\" srcset=\"https:\/\/pgvape.com\/wp-content\/uploads\/2026\/03\/Bang-Legend-300000-300k-Puffs-8-in-1-Flavor-Disposable-Vape-0-2-3-5Nicotine-12Taste-LED-Screen-Vape-Factory-Wholesale-3.png 1976w, https:\/\/pgvape.com\/wp-content\/uploads\/2026\/03\/Bang-Legend-300000-300k-Puffs-8-in-1-Flavor-Disposable-Vape-0-2-3-5Nicotine-12Taste-LED-Screen-Vape-Factory-Wholesale-3-373x360.png 373w, https:\/\/pgvape.com\/wp-content\/uploads\/2026\/03\/Bang-Legend-300000-300k-Puffs-8-in-1-Flavor-Disposable-Vape-0-2-3-5Nicotine-12Taste-LED-Screen-Vape-Factory-Wholesale-3-595x575.png 595w, https:\/\/pgvape.com\/wp-content\/uploads\/2026\/03\/Bang-Legend-300000-300k-Puffs-8-in-1-Flavor-Disposable-Vape-0-2-3-5Nicotine-12Taste-LED-Screen-Vape-Factory-Wholesale-3-400x386.png 400w, https:\/\/pgvape.com\/wp-content\/uploads\/2026\/03\/Bang-Legend-300000-300k-Puffs-8-in-1-Flavor-Disposable-Vape-0-2-3-5Nicotine-12Taste-LED-Screen-Vape-Factory-Wholesale-3-768x742.png 768w, https:\/\/pgvape.com\/wp-content\/uploads\/2026\/03\/Bang-Legend-300000-300k-Puffs-8-in-1-Flavor-Disposable-Vape-0-2-3-5Nicotine-12Taste-LED-Screen-Vape-Factory-Wholesale-3-1536x1484.png 1536w, https:\/\/pgvape.com\/wp-content\/uploads\/2026\/03\/Bang-Legend-300000-300k-Puffs-8-in-1-Flavor-Disposable-Vape-0-2-3-5Nicotine-12Taste-LED-Screen-Vape-Factory-Wholesale-3-12x12.png 12w, https:\/\/pgvape.com\/wp-content\/uploads\/2026\/03\/Bang-Legend-300000-300k-Puffs-8-in-1-Flavor-Disposable-Vape-0-2-3-5Nicotine-12Taste-LED-Screen-Vape-Factory-Wholesale-3-600x580.png 600w\" sizes=\"auto, (max-width: 1976px) 100vw, 1976px\" \/><\/strong><\/p>\n<p>&nbsp;<\/p>\n<h2>FAQ sur la vape jetable \u00e0 saveur Bang Legend 300000 300k Puffs 8in1<\/h2>\n<p>\u2753 <strong>Combien de bouff\u00e9es ?<\/strong><br \/>\n\u2705 <strong>Jusqu'\u00e0 300 000<\/strong> \u2013 une exp\u00e9rience extr\u00eamement durable.<\/p>\n<p>\u2753 <strong>Dosages de nicotine disponibles\u00a0?<\/strong><br \/>\n\u2705 <strong>0 %, 2 %, 3 %, 5 %<\/strong> \u2013 choisissez votre niveau pr\u00e9f\u00e9r\u00e9.<\/p>\n<p>\u2753 <strong>Est-ce rechargeable ?<\/strong><br \/>\n\u2705 <strong class=\"\">Oui<\/strong> \u2013 <strong>850 mAh<\/strong> batterie avec <strong>Type-C<\/strong> charge rapide.<\/p>\n<p>\u2753 <strong>Qu\u2019est-ce qui le rend unique ?<\/strong><br \/>\n\u2705 <strong>Saveurs 8 en 1<\/strong> + <strong>bobines \u00e0 quatre mailles<\/strong> + <strong>Affichage LED<\/strong> + <strong>Capacit\u00e9 de 40 ml<\/strong> = polyvalent, durable, performant.<\/p>\n<p>\u2753 <strong>O\u00f9 acheter ?<\/strong><br \/>\n\u2705 Disponible sur <strong>RoiSingeVape<\/strong> \u2013 large gamme de produits jetables et d\u2019ar\u00f4mes de grande capacit\u00e9.<\/p>\n<p>&nbsp;<\/p>\n<h3 id=\"brxe-najhln\" class=\"brxe-heading\">Foire aux questions (FAQ)<\/h3>\n<div id=\"brxe-rajiac\" class=\"brxe-text\">\n<p><strong>Q : Quels modes de paiement acceptez-vous ?<\/strong><br \/>\nR\u00a0: Nous acceptons PayPal, Stripe, les virements bancaires (pris en charge par SEPA), les principales cartes de cr\u00e9dit (Visa, MasterCard, American Express) et les paiements en crypto-monnaie.<\/p>\n<p><strong>Q : Combien de temps prend la pr\u00e9paration d\u2019une commande ?<\/strong><br \/>\nR : La pr\u00e9paration de la commande prend 1 \u00e0 3 jours ouvrables.<\/p>\n<p><strong>Q : Quel est le d\u00e9lai de livraison ?<\/strong><br \/>\nR : Le d\u00e9lai de livraison est de 7 \u00e0 14 jours ouvrables, selon votre emplacement. Les marchandises exp\u00e9di\u00e9es depuis des entrep\u00f4ts europ\u00e9ens prennent g\u00e9n\u00e9ralement 3 \u00e0 6 jours ouvrables pour \u00eatre livr\u00e9es.<\/p>\n<p><strong>Q : Comment puis-je suivre ma commande ?<\/strong><br \/>\nR : Apr\u00e8s l'exp\u00e9dition, vous recevrez un e-mail de confirmation avec un num\u00e9ro de suivi pour un suivi en temps r\u00e9el.<\/p>\n<p><strong>Q : Quelle est votre politique de retour ?<\/strong><br \/>\nR : Nous proposons une politique de retour de 30 jours pour les remboursements ou les \u00e9changes. .<\/p>\n<p><strong>Q : Y aura-t-il des probl\u00e8mes douaniers ?<br \/>\n<\/strong>Nous prenons en charge toutes les proc\u00e9dures de d\u00e9douanement pour vous garantir une exp\u00e9rience sans tracas. .<\/p>\n<p><strong>Q : Quelles m\u00e9thodes d\u2019exp\u00e9dition sont utilis\u00e9es ?<\/strong><br \/>\nNous coop\u00e9rons avec UPS\/DHL\/FEDEX\/DPD, etc. Nous choisirons l'option d'exp\u00e9dition appropri\u00e9e en fonction du pays de livraison pour garantir que vous recevez vos produits le plus rapidement possible.<\/p>\n<p><a href=\"https:\/\/pgvape.com\/fr\/faq\/\">Cliquez ici pour plus de FAQ<\/a><\/p>\n<p>Chers clients, Si vous avez des questions concernant votre commande ou l'arriv\u00e9e des marchandises, n'h\u00e9sitez pas \u00e0 contacter notre service client. Merci !<\/p>\n<h3 data-sourcepos=\"73:1-73:21\"><strong data-sourcepos=\"73:7-73:21\">Contactez-nous<\/strong><\/h3>\n<div id=\"text-2419739398\" class=\"text\">\n<p><strong data-sourcepos=\"75:3-75:12\">E-mail<\/strong>:\u00a0<a href=\"mailto:support@pgvape.com\"><strong>support@pgvape.com<\/strong><\/a><\/p>\n<p><strong data-sourcepos=\"76:3-76:15\">WhatsApp<\/strong>:\u00a0<a href=\"https:\/\/wa.me\/+8618128481258\"><strong>+86 18128481258<\/strong><\/a><br \/>\n<strong>(R\u00e9ponse sous 24h les jours ouvr\u00e9s)<\/strong><\/p>\n<\/div>\n<h3><strong>Merci d'avoir choisi pgvape.com ! .<\/strong><\/h3>\n<\/div>","protected":false},"excerpt":{"rendered":"<p><strong>Bang L\u00e9gende 300000<\/strong> <strong>300 000 bouff\u00e9es<\/strong>, <strong>40 ml<\/strong>, <strong>Saveurs 8 en 1<\/strong>, <strong>maille quadruple<\/strong>, <strong>Affichage LED<\/strong>, <strong>Type-C<\/strong>, <strong>Carte 0-5%<\/strong>.<strong>Capacit\u00e9 l\u00e9gendaire, huit saveurs, une vape \u00e9pique.<\/strong><\/p>","protected":false},"featured_media":9405,"comment_status":"open","ping_status":"closed","template":"","meta":{"_seopress_robots_primary_cat":"none","_seopress_titles_title":"%%post_title%%","_seopress_titles_desc":"","_seopress_robots_index":""},"product_brand":[72,516],"product_cat":[517,71,515],"product_tag":[519,601,603,606,90,490],"class_list":{"0":"post-9401","1":"product","2":"type-product","3":"status-publish","4":"has-post-thumbnail","6":"product_brand-bang-legend-vape","7":"product_brand-disposable-vape","8":"product_cat-300k-puffs-vape","9":"product_cat-bang-legend-vape","10":"product_cat-disposable-vape","11":"product_tag-300k-puffs-vape","12":"product_tag-8in1-flavor","13":"product_tag-bang-legend-300000","14":"product_tag-bang-legend-vape","15":"product_tag-disposable-vape","16":"product_tag-minimum-2-pieces","18":"first","19":"instock","20":"sale","21":"shipping-taxable","22":"purchasable","23":"product-type-variable"},"_links":{"self":[{"href":"https:\/\/pgvape.com\/fr\/wp-json\/wp\/v2\/product\/9401","targetHints":{"allow":["GET"]}}],"collection":[{"href":"https:\/\/pgvape.com\/fr\/wp-json\/wp\/v2\/product"}],"about":[{"href":"https:\/\/pgvape.com\/fr\/wp-json\/wp\/v2\/types\/product"}],"replies":[{"embeddable":true,"href":"https:\/\/pgvape.com\/fr\/wp-json\/wp\/v2\/comments?post=9401"}],"wp:featuredmedia":[{"embeddable":true,"href":"https:\/\/pgvape.com\/fr\/wp-json\/wp\/v2\/media\/9405"}],"wp:attachment":[{"href":"https:\/\/pgvape.com\/fr\/wp-json\/wp\/v2\/media?parent=9401"}],"wp:term":[{"taxonomy":"product_brand","embeddable":true,"href":"https:\/\/pgvape.com\/fr\/wp-json\/wp\/v2\/product_brand?post=9401"},{"taxonomy":"product_cat","embeddable":true,"href":"https:\/\/pgvape.com\/fr\/wp-json\/wp\/v2\/product_cat?post=9401"},{"taxonomy":"product_tag","embeddable":true,"href":"https:\/\/pgvape.com\/fr\/wp-json\/wp\/v2\/product_tag?post=9401"}],"curies":[{"name":"wp","href":"https:\/\/api.w.org\/{rel}","templated":true}]}}