{"id":9367,"date":"2026-03-10T08:25:51","date_gmt":"2026-03-10T08:25:51","guid":{"rendered":"https:\/\/pgvape.com\/?post_type=product&#038;p=9367"},"modified":"2026-03-15T13:57:34","modified_gmt":"2026-03-15T13:57:34","slug":"bang-box-200000-200k-bouffees-8in1-saveur-vape-jetable-0-2-3-5nicotine-10-gout-ecran-intelligent-vape-usine-en-gros","status":"publish","type":"product","link":"https:\/\/pgvape.com\/fr\/produit\/bang-box-200000-200k-bouffees-8in1-saveur-vape-jetable-0-2-3-5nicotine-10-gout-ecran-intelligent-vape-usine-en-gros\/","title":{"rendered":"Bang Box 200000 200k Puffs 8in1 Saveur Vape jetable 0% 2% 3% 5%Nicotine 10Taste \u00c9cran intelligent Vape Usine de vente en gros"},"content":{"rendered":"<p><strong>Bo\u00eete \u00e0 Bang 200K<\/strong> livre <strong>200 000 bouff\u00e9es<\/strong> depuis <strong>40 ml<\/strong> \u00e0 travers <strong>quatre r\u00e9servoirs ind\u00e9pendants<\/strong>, mettant en vedette <strong>Ajustement de la saveur 8 en 1<\/strong>\u2014<strong>quatre saveurs simples + quatre m\u00e9langes personnalis\u00e9s<\/strong>.<br \/>\nUn <strong>850 mAh Type-C<\/strong> batterie, <strong>bobine de maille<\/strong>, <strong>affichage num\u00e9rique intelligent<\/strong> et <strong>conception de singe cool<\/strong> te donner <strong>transparence totale, vari\u00e9t\u00e9 maximale, long\u00e9vit\u00e9 extr\u00eame<\/strong>\u2014<strong>0 % \/ 2 % \/ 3 % \/ 5 %<\/strong> nicotine.<\/p>\n<p>&nbsp;<\/p>\n<h2><strong><span style=\"font-size: 90%;\">Bang Box 200000 200k Puffs 8in1 Saveur Vape jetable Sp\u00e9cifications\u00a0:<\/span><\/strong><\/h2>\n<p><strong>Bouff\u00e9es<\/strong>: Jusqu'\u00e0 <strong>200,000<\/strong> \u2013 capacit\u00e9 de pointe<\/p>\n<p><strong>E-Liquide<\/strong>: <strong>40 ml<\/strong> \u2013 r\u00e9servoir important<\/p>\n<p><strong>Syst\u00e8me de saveur<\/strong>: <strong>R\u00e9glage 8 en 1<\/strong> \u2013 4 saveurs simples + 4 m\u00e9langes personnalis\u00e9s, basculez en toute transparence<\/p>\n<p><strong>R\u00e9servoirs<\/strong>: <strong>Chambre quadruple<\/strong> \u2013 ind\u00e9pendant, int\u00e9grit\u00e9 de la saveur scell\u00e9e<\/p>\n<p><strong>Nicotine<\/strong>: <strong>0 %, 2 %, 3 %, 5 %<\/strong> \u2013 options inclusives, sans nicotine disponibles<\/p>\n<p><strong>Batterie<\/strong>: <strong>850 mAh<\/strong>, <strong class=\"\">Type-C<\/strong> charge rapide<\/p>\n<p><strong>Bobine<\/strong>: <strong>Bobine de maille<\/strong> \u2013 chauffage uniforme, vapeur plus riche, go\u00fbt plus pur<\/p>\n<p><strong>Afficher<\/strong>: <strong>\u00c9cran num\u00e9rique intelligent<\/strong> \u2013 batterie en temps r\u00e9el + niveaux de r\u00e9servoir individuels<\/p>\n<p><strong>Conception<\/strong>: <strong>Portable<\/strong> avec <strong>esth\u00e9tique de singe accrocheuse<\/strong><\/p>\n<p><strong>Cible<\/strong>: Gros utilisateurs, explorateurs de saveurs, passionn\u00e9s de vape intelligente<\/p>\n<p>&nbsp;<\/p>\n<h3><strong><span style=\"font-size: 90%;\">Liste des saveurs de vape jetables \u00e0 saveur Bang Box 200000 200k Puffs 8in1\u00a0:<\/span><\/strong><\/h3>\n<p><strong class=\"\">1. Glace aux bleuets \u2022 Past\u00e8que aux bleuets \u2022 Framboise \u2022 Citron vert<\/strong><\/p>\n<p><strong>2. Glace \u00e0 la past\u00e8que \u2022 Bubblegum \u00e0 la past\u00e8que \u2022 Glace \u00e0 la cerise \u2022 Bubblegum<\/strong><\/p>\n<p><strong class=\"\">3. Glace \u00e0 la menthe \u2022 Glace aux myrtilles et aux framboises \u2022 Glace aux raisins \u2022 Bonbons Nerdz<\/strong><\/p>\n<p><strong>4.Triple miellat \u2022 Love 66 \u2022 Fruit de la passion \u2022 Glace ananas et noix de coco<\/strong><\/p>\n<p><strong class=\"\">5.Double pomme \u2022 Pomme aigre-framboise \u2022 Glace \u00e0 la m\u00fbre \u2022 Ananas P\u00eache<\/strong><\/p>\n<p><strong>6. Glace aux fraises \u2022 Kiwi aux fraises \u2022 Glace \u00e0 la framboise bleue \u2022 Limonade rose<\/strong><\/p>\n<p><strong>7.Cherry Cola \u2022 Myrtille Cerise \u2022 Canneberge \u2022 Fraise Framboise<\/strong><\/p>\n<p><strong class=\"\">8. Glace \u00e0 l'ananas \u2022 Ananas \u00e0 la mangue aigre \u2022 Glace \u00e0 la p\u00eache \u2022 Limonade \u00e0 l'ananas<\/strong><\/p>\n<p><strong>9. Black Dragon Ice \u2022 Pitaya aux fraises \u2022 Triple baie \u2022 Cerise et canneberge<\/strong><\/p>\n<p><strong>10.Triple Mangue \u2022 Mangue Fruit de la Passion \u2022 Glace Ananas \u2022 Fraise Mangue<img loading=\"lazy\" decoding=\"async\" class=\"alignnone wp-image-9382 size-full\" src=\"https:\/\/pgvape.com\/wp-content\/uploads\/2026\/03\/Bang-Box-200k-8-in-1-Flavor-Disposable-Vape-0-2-3-5-Nicotine-10Taste-Smart-Screen-Vape-Factory-Wholesale-13.png\" alt=\"Dix bouteilles de vape Bang Box color\u00e9es dispos\u00e9es en deux rang\u00e9es sur un fond orange vif, avec deux ic\u00f4nes de mode circulaires sur la gauche.\" width=\"2000\" height=\"1363\" srcset=\"https:\/\/pgvape.com\/wp-content\/uploads\/2026\/03\/Bang-Box-200k-8-in-1-Flavor-Disposable-Vape-0-2-3-5-Nicotine-10Taste-Smart-Screen-Vape-Factory-Wholesale-13.png 2000w, https:\/\/pgvape.com\/wp-content\/uploads\/2026\/03\/Bang-Box-200k-8-in-1-Flavor-Disposable-Vape-0-2-3-5-Nicotine-10Taste-Smart-Screen-Vape-Factory-Wholesale-13-528x360.png 528w, https:\/\/pgvape.com\/wp-content\/uploads\/2026\/03\/Bang-Box-200k-8-in-1-Flavor-Disposable-Vape-0-2-3-5-Nicotine-10Taste-Smart-Screen-Vape-Factory-Wholesale-13-595x405.png 595w, https:\/\/pgvape.com\/wp-content\/uploads\/2026\/03\/Bang-Box-200k-8-in-1-Flavor-Disposable-Vape-0-2-3-5-Nicotine-10Taste-Smart-Screen-Vape-Factory-Wholesale-13-400x273.png 400w, https:\/\/pgvape.com\/wp-content\/uploads\/2026\/03\/Bang-Box-200k-8-in-1-Flavor-Disposable-Vape-0-2-3-5-Nicotine-10Taste-Smart-Screen-Vape-Factory-Wholesale-13-768x523.png 768w, https:\/\/pgvape.com\/wp-content\/uploads\/2026\/03\/Bang-Box-200k-8-in-1-Flavor-Disposable-Vape-0-2-3-5-Nicotine-10Taste-Smart-Screen-Vape-Factory-Wholesale-13-1536x1047.png 1536w, https:\/\/pgvape.com\/wp-content\/uploads\/2026\/03\/Bang-Box-200k-8-in-1-Flavor-Disposable-Vape-0-2-3-5-Nicotine-10Taste-Smart-Screen-Vape-Factory-Wholesale-13-18x12.png 18w, https:\/\/pgvape.com\/wp-content\/uploads\/2026\/03\/Bang-Box-200k-8-in-1-Flavor-Disposable-Vape-0-2-3-5-Nicotine-10Taste-Smart-Screen-Vape-Factory-Wholesale-13-600x409.png 600w\" sizes=\"auto, (max-width: 2000px) 100vw, 2000px\" \/><\/strong><\/p>\n<p>&nbsp;<\/p>\n<h3><span style=\"font-size: 90%;\">Vid\u00e9o de vape jetable \u00e0 saveur Bang Box 200000 200k Puffs 8in1\u00a0:<\/span><\/h3>\n<p><iframe loading=\"lazy\" title=\"Bang Box 200k Puffs 8in1 Saveur Vape jetable 10Taste \u00c9cran intelligent Vape Usine de vente en gros pgvape\" width=\"563\" height=\"1000\" src=\"https:\/\/www.youtube.com\/embed\/thIWK5uQgmw?feature=oembed\" frameborder=\"0\" allow=\"accelerometer; autoplay; clipboard-write; encrypted-media; gyroscope; picture-in-picture; web-share\" referrerpolicy=\"strict-origin-when-cross-origin\" allowfullscreen><\/iframe><\/p>\n<p>&nbsp;<\/p>\n<h2>FAQ sur la vape jetable \u00e0 saveur Bang Box 200000 200k Puffs 8in1<\/h2>\n<p>\u2753 <strong>Combien de bouff\u00e9es ?<\/strong><br \/>\n\u2705 <strong>Jusqu'\u00e0 200 000<\/strong> \u2013 con\u00e7u pour une endurance extr\u00eame.<\/p>\n<p>\u2753 <strong>Qu'est-ce que le syst\u00e8me d'ar\u00f4mes 8 en 1\u00a0?<\/strong><br \/>\n\u2705 <strong>8 options dans un seul appareil<\/strong> \u2013 basculer entre <strong>4 saveurs simples<\/strong> et <strong>4 m\u00e9langes pr\u00e9programm\u00e9s<\/strong>.<\/p>\n<p>\u2753 <strong>Comment l\u2019\u00e9cran intelligent peut-il aider\u00a0?<\/strong><br \/>\n\u2705 <strong>Batterie en temps r\u00e9el<\/strong> + <strong>niveaux de r\u00e9servoir individuels<\/strong> \u2013 transparence totale, pas de coups secs.<\/p>\n<p>\u2753 <strong>Est-ce rechargeable ?<\/strong><br \/>\n\u2705 <strong>Oui<\/strong> \u2013 <strong>850 mAh<\/strong> avec <strong>Type-C<\/strong> charge rapide.<\/p>\n<p>\u2753 <strong>Options nicotiniques ?<\/strong><br \/>\n\u2705 <strong>0 % (sans nicotine), 2 %, 3 %, 5 %<\/strong> \u2013 inclusif pour toutes les pr\u00e9f\u00e9rences.<\/p>\n<p>\u2753 <strong>C'est pour qui ?<\/strong><br \/>\n\u2705 <strong>Gros utilisateurs<\/strong>, <strong>chasseurs de saveurs<\/strong>, <strong>passionn\u00e9s de vape intelligente<\/strong>, <strong>acheteurs en gros<\/strong>.<\/p>\n<p>&nbsp;<\/p>\n<h3 id=\"brxe-najhln\" class=\"brxe-heading\">Foire aux questions (FAQ)<\/h3>\n<div id=\"brxe-rajiac\" class=\"brxe-text\">\n<p><strong>Q : Quels modes de paiement acceptez-vous ?<\/strong><br \/>\nR\u00a0: Nous acceptons PayPal, Stripe, les virements bancaires (pris en charge par SEPA), les principales cartes de cr\u00e9dit (Visa, MasterCard, American Express) et les paiements en crypto-monnaie.<\/p>\n<p><strong>Q : Combien de temps prend la pr\u00e9paration d\u2019une commande ?<\/strong><br \/>\nR : La pr\u00e9paration de la commande prend 1 \u00e0 3 jours ouvrables.<\/p>\n<p><strong>Q : Quel est le d\u00e9lai de livraison ?<\/strong><br \/>\nR : Le d\u00e9lai de livraison est de 7 \u00e0 14 jours ouvrables, selon votre emplacement. Les marchandises exp\u00e9di\u00e9es depuis des entrep\u00f4ts europ\u00e9ens prennent g\u00e9n\u00e9ralement 3 \u00e0 6 jours ouvrables pour \u00eatre livr\u00e9es.<\/p>\n<p><strong>Q : Comment puis-je suivre ma commande ?<\/strong><br \/>\nR : Apr\u00e8s l'exp\u00e9dition, vous recevrez un e-mail de confirmation avec un num\u00e9ro de suivi pour un suivi en temps r\u00e9el.<\/p>\n<p><strong>Q : Quelle est votre politique de retour ?<\/strong><br \/>\nR : Nous proposons une politique de retour de 30 jours pour les remboursements ou les \u00e9changes. .<\/p>\n<p><strong>Q : Y aura-t-il des probl\u00e8mes douaniers ?<br \/>\n<\/strong>Nous prenons en charge toutes les proc\u00e9dures de d\u00e9douanement pour vous garantir une exp\u00e9rience sans tracas. .<\/p>\n<p><strong>Q : Quelles m\u00e9thodes d\u2019exp\u00e9dition sont utilis\u00e9es ?<\/strong><br \/>\nNous coop\u00e9rons avec UPS\/DHL\/FEDEX\/DPD, etc. Nous choisirons l'option d'exp\u00e9dition appropri\u00e9e en fonction du pays de livraison pour garantir que vous recevez vos produits le plus rapidement possible.<\/p>\n<p><a href=\"https:\/\/pgvape.com\/fr\/faq\/\">Cliquez ici pour plus de FAQ<\/a><\/p>\n<p>Chers clients, Si vous avez des questions concernant votre commande ou l'arriv\u00e9e des marchandises, n'h\u00e9sitez pas \u00e0 contacter notre service client. Merci !<\/p>\n<h3 data-sourcepos=\"73:1-73:21\"><strong data-sourcepos=\"73:7-73:21\">Contactez-nous<\/strong><\/h3>\n<div id=\"text-2419739398\" class=\"text\">\n<p><strong data-sourcepos=\"75:3-75:12\">E-mail<\/strong>:\u00a0<a href=\"mailto:support@pgvape.com\"><strong>support@pgvape.com<\/strong><\/a><\/p>\n<p><strong data-sourcepos=\"76:3-76:15\">WhatsApp<\/strong>:\u00a0<a href=\"https:\/\/wa.me\/+8618128481258\"><strong>+86 18128481258<\/strong><\/a><br \/>\n<strong>(R\u00e9ponse sous 24h les jours ouvr\u00e9s)<\/strong><\/p>\n<\/div>\n<h3><strong>Merci d'avoir choisi pgvape.com ! .<\/strong><\/h3>\n<\/div>","protected":false},"excerpt":{"rendered":"<p><strong>Bang Box 200 000 bouff\u00e9es 8 en 1<\/strong> , <strong>40 ml<\/strong>, <strong>quadruple chambre<\/strong>, <strong>8 modes de saveur<\/strong>, <strong>\u00e9cran intelligent<\/strong>, <strong>singe cool<\/strong>, <strong>Carte 0-5%<\/strong>.<strong class=\"\">Huit saveurs, quatre tanks, un singe, des nuages \u200b\u200bsans fin.<\/strong><\/p>","protected":false},"featured_media":9371,"comment_status":"open","ping_status":"closed","template":"","meta":{"_seopress_robots_primary_cat":"","_seopress_titles_title":"","_seopress_titles_desc":"","_seopress_robots_index":""},"product_brand":[577,516],"product_cat":[548,576,515],"product_tag":[552,601,600,90,602],"class_list":{"0":"post-9367","1":"product","2":"type-product","3":"status-publish","4":"has-post-thumbnail","6":"product_brand-bang-box-vape","7":"product_brand-disposable-vape","8":"product_cat-200k-puffs-vape","9":"product_cat-bang-box-vape","10":"product_cat-disposable-vape","11":"product_tag-200k-puffs-vape","12":"product_tag-8in1-flavor","13":"product_tag-bang-box-200000","14":"product_tag-disposable-vape","15":"product_tag-quad-chamber","17":"first","18":"instock","19":"sale","20":"shipping-taxable","21":"purchasable","22":"product-type-variable"},"_links":{"self":[{"href":"https:\/\/pgvape.com\/fr\/wp-json\/wp\/v2\/product\/9367","targetHints":{"allow":["GET"]}}],"collection":[{"href":"https:\/\/pgvape.com\/fr\/wp-json\/wp\/v2\/product"}],"about":[{"href":"https:\/\/pgvape.com\/fr\/wp-json\/wp\/v2\/types\/product"}],"replies":[{"embeddable":true,"href":"https:\/\/pgvape.com\/fr\/wp-json\/wp\/v2\/comments?post=9367"}],"wp:featuredmedia":[{"embeddable":true,"href":"https:\/\/pgvape.com\/fr\/wp-json\/wp\/v2\/media\/9371"}],"wp:attachment":[{"href":"https:\/\/pgvape.com\/fr\/wp-json\/wp\/v2\/media?parent=9367"}],"wp:term":[{"taxonomy":"product_brand","embeddable":true,"href":"https:\/\/pgvape.com\/fr\/wp-json\/wp\/v2\/product_brand?post=9367"},{"taxonomy":"product_cat","embeddable":true,"href":"https:\/\/pgvape.com\/fr\/wp-json\/wp\/v2\/product_cat?post=9367"},{"taxonomy":"product_tag","embeddable":true,"href":"https:\/\/pgvape.com\/fr\/wp-json\/wp\/v2\/product_tag?post=9367"}],"curies":[{"name":"wp","href":"https:\/\/api.w.org\/{rel}","templated":true}]}}