{"id":9340,"date":"2026-03-10T07:52:45","date_gmt":"2026-03-10T07:52:45","guid":{"rendered":"https:\/\/pgvape.com\/?post_type=product&#038;p=9340"},"modified":"2026-03-15T13:57:34","modified_gmt":"2026-03-15T13:57:34","slug":"bang-box-160000-160k-bouffees-4in1-quad-saveur-vape-jetable-0-2-3-5nicotine-10-gout-ecran-lcd-vape-usine-en-gros","status":"publish","type":"product","link":"https:\/\/pgvape.com\/fr\/produit\/bang-box-160000-160k-bouffees-4in1-quad-saveur-vape-jetable-0-2-3-5nicotine-10-gout-ecran-lcd-vape-usine-en-gros\/","title":{"rendered":"Bang Box 160000 160k Puffs 4in1 Quad Flavor Vape jetable 0% 2% 3% 5%Nicotine 10Taste \u00c9cran LCD Vape Usine de gros"},"content":{"rendered":"<p><strong class=\"\">Bo\u00eete \u00e0 Bang 160K<\/strong> livre <strong class=\"\">160 000 bouff\u00e9es<\/strong> via un <strong>4-in-1 multi-flavor system<\/strong>, aliment\u00e9 par un <strong>650 mAh Type-C<\/strong> batterie et <strong>Bobine de maille de 1,0 \u03a9<\/strong>.<br \/>\nUn <strong>\u00c9cran LCD intelligent<\/strong>, <strong>0 % \/ 2 % \/ 3 % \/ 5 %<\/strong> options de nicotine et <strong>10 \u00e9ditions quad-saveurs<\/strong> te donner <strong>long\u00e9vit\u00e9 extr\u00eame, vari\u00e9t\u00e9 maximale, attrait commercial<\/strong>\u2014 parfait pour <strong>gros utilisateurs, magasins de vape, distributeurs, acheteurs en gros<\/strong>.<\/p>\n<p>&nbsp;<\/p>\n<h2><strong><span style=\"font-size: 90%;\">Bang Box 160000 160k Puffs 4in1 Quad Flavor Vape jetable Sp\u00e9cifications\u00a0:<\/span><\/strong><\/h2>\n<p><strong>Bouff\u00e9es<\/strong>: Jusqu'\u00e0 <strong>160,000<\/strong><\/p>\n<p><strong>Syst\u00e8me de saveur<\/strong>: <strong>4-en-1<\/strong> \u2013 quatre saveurs int\u00e9gr\u00e9es, commutation instantan\u00e9e<\/p>\n<p><strong>Nicotine<\/strong>: <strong class=\"\">0 %, 2 %, 3 %, 5 %<\/strong> \u2013 plusieurs options de march\u00e9<\/p>\n<p><strong>Batterie<\/strong>: <strong>650 mAh<\/strong>, <strong class=\"\">Type-C<\/strong> charge rapide<\/p>\n<p><strong>Bobine<\/strong>: <strong>Maille de 1,0 \u03a9<\/strong> \u2013 vapeur douce et dense<\/p>\n<p><strong>Afficher<\/strong>: <strong>\u00c9cran LCD<\/strong> \u2013 surveillance de la batterie et de l'utilisation<\/p>\n<p><strong>Cible<\/strong>: Gros utilisateurs, vente au d\u00e9tail, en gros, ventes \u00e0 forte marge<\/p>\n<p>&nbsp;<\/p>\n<h3><strong><span style=\"font-size: 90%;\">Bang Box 160000 160k Puffs 4in1 Quad Flavor Liste des saveurs de vape jetables\u00a0:<\/span><\/strong><\/h3>\n<p><strong>1. Citron Lime &amp; Past\u00e8que Glace &amp; Glace Noire Fruit du Dragon Fraise &amp; Love66<\/strong><\/p>\n<p><strong>2.Vanille Cola &amp; Citron P\u00eache &amp; Fraise Framboise Cerise Glace &amp; Raisin Glace<\/strong><\/p>\n<p><strong>3. Glace au raisin et glace au litchi et baies de p\u00eache et kiwi Fruit de la passion Goyave<\/strong><\/p>\n<p><strong>4. Glace \u00e0 la past\u00e8que et \u00e0 la fraise, \u00e0 la mangue et \u00e0 la myrtille et \u00e0 la cerise p\u00e9tillante<\/strong><\/p>\n<p><strong>5. Rafra\u00eechisseur de fraise, past\u00e8que, Red Bull, p\u00eache juteuse et pamplemousse<\/strong><\/p>\n<p><strong>6. Glace au citron vert et aux fraises et \u00e0 la framboise, \u00e0 la past\u00e8que et \u00e0 la mangue et \u00e0 la p\u00eache<\/strong><\/p>\n<p><strong>7.Sour Mangue Ananas &amp; Citron Cola Soda &amp; P\u00eache Baies &amp; Fraise Banane<\/strong><\/p>\n<p><strong>8. Cola Fraise Mangue &amp; Fraise Vanille &amp; Glace Blue Razz &amp; Kiwi Fraise<\/strong><\/p>\n<p><strong>9. Pitaya aux cerises, canneberges, triples baies, fraises et bubblegum \u00e0 la past\u00e8que<\/strong><\/p>\n<p><strong>10. Past\u00e8que aux fraises et limonade rose et triple miellat et glace de dragon noir<img loading=\"lazy\" decoding=\"async\" class=\"alignnone wp-image-9355 size-full\" src=\"https:\/\/pgvape.com\/wp-content\/uploads\/2026\/03\/Bang-Box-160000-160k-4-in-1-Quad-Flavor-Disposable-Vape-0-2-3-5-Nicotine-10Taste-LCD-Display-Vape-Factory-Wholesale-13.png\" alt=\"Dix flacons d&#039;ar\u00f4me Bang Box aux couleurs d\u00e9grad\u00e9es dispos\u00e9s en deux rang\u00e9es sur fond bleu, chacun \u00e9tiquet\u00e9 avec un ar\u00f4me de fruit.\" width=\"1780\" height=\"1582\" srcset=\"https:\/\/pgvape.com\/wp-content\/uploads\/2026\/03\/Bang-Box-160000-160k-4-in-1-Quad-Flavor-Disposable-Vape-0-2-3-5-Nicotine-10Taste-LCD-Display-Vape-Factory-Wholesale-13.png 1780w, https:\/\/pgvape.com\/wp-content\/uploads\/2026\/03\/Bang-Box-160000-160k-4-in-1-Quad-Flavor-Disposable-Vape-0-2-3-5-Nicotine-10Taste-LCD-Display-Vape-Factory-Wholesale-13-405x360.png 405w, https:\/\/pgvape.com\/wp-content\/uploads\/2026\/03\/Bang-Box-160000-160k-4-in-1-Quad-Flavor-Disposable-Vape-0-2-3-5-Nicotine-10Taste-LCD-Display-Vape-Factory-Wholesale-13-595x529.png 595w, https:\/\/pgvape.com\/wp-content\/uploads\/2026\/03\/Bang-Box-160000-160k-4-in-1-Quad-Flavor-Disposable-Vape-0-2-3-5-Nicotine-10Taste-LCD-Display-Vape-Factory-Wholesale-13-400x356.png 400w, https:\/\/pgvape.com\/wp-content\/uploads\/2026\/03\/Bang-Box-160000-160k-4-in-1-Quad-Flavor-Disposable-Vape-0-2-3-5-Nicotine-10Taste-LCD-Display-Vape-Factory-Wholesale-13-768x683.png 768w, https:\/\/pgvape.com\/wp-content\/uploads\/2026\/03\/Bang-Box-160000-160k-4-in-1-Quad-Flavor-Disposable-Vape-0-2-3-5-Nicotine-10Taste-LCD-Display-Vape-Factory-Wholesale-13-1536x1365.png 1536w, https:\/\/pgvape.com\/wp-content\/uploads\/2026\/03\/Bang-Box-160000-160k-4-in-1-Quad-Flavor-Disposable-Vape-0-2-3-5-Nicotine-10Taste-LCD-Display-Vape-Factory-Wholesale-13-14x12.png 14w, https:\/\/pgvape.com\/wp-content\/uploads\/2026\/03\/Bang-Box-160000-160k-4-in-1-Quad-Flavor-Disposable-Vape-0-2-3-5-Nicotine-10Taste-LCD-Display-Vape-Factory-Wholesale-13-600x533.png 600w\" sizes=\"auto, (max-width: 1780px) 100vw, 1780px\" \/><\/strong><\/p>\n<p>&nbsp;<\/p>\n<h2>FAQ sur Bang Box 160000 160k Puffs 4in1 Quad Flavor Vape jetable<\/h2>\n<p>\u2753 <strong class=\"\">Combien de temps \u00e7a dure ?<\/strong><br \/>\n\u2705 Jusqu'\u00e0 <strong class=\"\">160 000 bouff\u00e9es<\/strong> \u2013 varie selon les habitudes et la force de la nicotine.<\/p>\n<p>\u2753 <strong>Est-ce rechargeable ?<\/strong><br \/>\n\u2705 <strong class=\"\">Oui<\/strong> \u2013 <strong>650 mAh<\/strong> batterie avec <strong>Type-C<\/strong> prise en charge de la charge.<\/p>\n<p>\u2753 <strong class=\"\">Les utilisateurs peuvent-ils changer de saveur\u00a0?<\/strong><br \/>\n\u2705 <strong class=\"\">Oui<\/strong> \u2013 <strong>quatre saveurs int\u00e9gr\u00e9es<\/strong> dans une seule unit\u00e9, vari\u00e9t\u00e9 instantan\u00e9e.<\/p>\n<p>\u2753 <strong>Quels dosages en nicotine ?<\/strong><br \/>\n\u2705 <strong>0 %, 2 %, 3 %, 5 %<\/strong> \u2013 une gamme compl\u00e8te pour toutes les pr\u00e9f\u00e9rences.<\/p>\n<p>\u2753 <strong>Convient pour la vente en gros ?<\/strong><br \/>\n\u2705 <strong>Absolument<\/strong> \u2013 con\u00e7u pour <strong>acheteurs en gros, distributeurs, d\u00e9taillants<\/strong> en cherchant <strong class=\"\">haute capacit\u00e9, forte demande<\/strong> appareils.<\/p>\n<p>&nbsp;<\/p>\n<h3 id=\"brxe-najhln\" class=\"brxe-heading\">Foire aux questions (FAQ)<\/h3>\n<div id=\"brxe-rajiac\" class=\"brxe-text\">\n<p><strong>Q : Quels modes de paiement acceptez-vous ?<\/strong><br \/>\nR\u00a0: Nous acceptons PayPal, Stripe, les virements bancaires (pris en charge par SEPA), les principales cartes de cr\u00e9dit (Visa, MasterCard, American Express) et les paiements en crypto-monnaie.<\/p>\n<p><strong>Q : Combien de temps prend la pr\u00e9paration d\u2019une commande ?<\/strong><br \/>\nR : La pr\u00e9paration de la commande prend 1 \u00e0 3 jours ouvrables.<\/p>\n<p><strong>Q : Quel est le d\u00e9lai de livraison ?<\/strong><br \/>\nR : Le d\u00e9lai de livraison est de 7 \u00e0 14 jours ouvrables, selon votre emplacement. Les marchandises exp\u00e9di\u00e9es depuis des entrep\u00f4ts europ\u00e9ens prennent g\u00e9n\u00e9ralement 3 \u00e0 6 jours ouvrables pour \u00eatre livr\u00e9es.<\/p>\n<p><strong>Q : Comment puis-je suivre ma commande ?<\/strong><br \/>\nR : Apr\u00e8s l'exp\u00e9dition, vous recevrez un e-mail de confirmation avec un num\u00e9ro de suivi pour un suivi en temps r\u00e9el.<\/p>\n<p><strong>Q : Quelle est votre politique de retour ?<\/strong><br \/>\nR : Nous proposons une politique de retour de 30 jours pour les remboursements ou les \u00e9changes. .<\/p>\n<p><strong>Q : Y aura-t-il des probl\u00e8mes douaniers ?<br \/>\n<\/strong>Nous prenons en charge toutes les proc\u00e9dures de d\u00e9douanement pour vous garantir une exp\u00e9rience sans tracas. .<\/p>\n<p><strong>Q : Quelles m\u00e9thodes d\u2019exp\u00e9dition sont utilis\u00e9es ?<\/strong><br \/>\nNous coop\u00e9rons avec UPS\/DHL\/FEDEX\/DPD, etc. Nous choisirons l'option d'exp\u00e9dition appropri\u00e9e en fonction du pays de livraison pour garantir que vous recevez vos produits le plus rapidement possible.<\/p>\n<p><a href=\"https:\/\/pgvape.com\/fr\/faq\/\">Cliquez ici pour plus de FAQ<\/a><\/p>\n<p>Chers clients, Si vous avez des questions concernant votre commande ou l'arriv\u00e9e des marchandises, n'h\u00e9sitez pas \u00e0 contacter notre service client. Merci !<\/p>\n<h3 data-sourcepos=\"73:1-73:21\"><strong data-sourcepos=\"73:7-73:21\">Contactez-nous<\/strong><\/h3>\n<div id=\"text-2419739398\" class=\"text\">\n<p><strong data-sourcepos=\"75:3-75:12\">E-mail<\/strong>:\u00a0<a href=\"mailto:support@pgvape.com\"><strong>support@pgvape.com<\/strong><\/a><\/p>\n<p><strong data-sourcepos=\"76:3-76:15\">WhatsApp<\/strong>:\u00a0<a href=\"https:\/\/wa.me\/+8618128481258\"><strong>+86 18128481258<\/strong><\/a><br \/>\n<strong>(R\u00e9ponse sous 24h les jours ouvr\u00e9s)<\/strong><\/p>\n<\/div>\n<h3><strong>Merci d'avoir choisi pgvape.com ! .<\/strong><\/h3>\n<\/div>","protected":false},"excerpt":{"rendered":"<p><strong>Bo\u00eete \u00e0 Bang 160K<\/strong> <strong>bouff\u00e9es<\/strong>, <strong>Saveur quadruple 4 en 1<\/strong>, <strong>\u00c9cran LCD<\/strong>, <strong>Maille de 1,0 \u03a9<\/strong>, <strong>Type-C<\/strong>, <strong>Carte 0-5%<\/strong>.<br \/>\n<strong class=\"\">Quatre saveurs, une puissance, une domination globale.<\/strong><\/p>","protected":false},"featured_media":9343,"comment_status":"open","ping_status":"closed","template":"","meta":{"_seopress_robots_primary_cat":"","_seopress_titles_title":"","_seopress_titles_desc":"","_seopress_robots_index":""},"product_brand":[577,516],"product_cat":[595,576,515],"product_tag":[597,598,596,90,599],"class_list":{"0":"post-9340","1":"product","2":"type-product","3":"status-publish","4":"has-post-thumbnail","6":"product_brand-bang-box-vape","7":"product_brand-disposable-vape","8":"product_cat-160k-puffs-vape","9":"product_cat-bang-box-vape","10":"product_cat-disposable-vape","11":"product_tag-160k-puffs-vape","12":"product_tag-4in1","13":"product_tag-bang-box-160000","14":"product_tag-disposable-vape","15":"product_tag-quad-flavor","17":"first","18":"instock","19":"sale","20":"shipping-taxable","21":"purchasable","22":"product-type-variable"},"_links":{"self":[{"href":"https:\/\/pgvape.com\/fr\/wp-json\/wp\/v2\/product\/9340","targetHints":{"allow":["GET"]}}],"collection":[{"href":"https:\/\/pgvape.com\/fr\/wp-json\/wp\/v2\/product"}],"about":[{"href":"https:\/\/pgvape.com\/fr\/wp-json\/wp\/v2\/types\/product"}],"replies":[{"embeddable":true,"href":"https:\/\/pgvape.com\/fr\/wp-json\/wp\/v2\/comments?post=9340"}],"wp:featuredmedia":[{"embeddable":true,"href":"https:\/\/pgvape.com\/fr\/wp-json\/wp\/v2\/media\/9343"}],"wp:attachment":[{"href":"https:\/\/pgvape.com\/fr\/wp-json\/wp\/v2\/media?parent=9340"}],"wp:term":[{"taxonomy":"product_brand","embeddable":true,"href":"https:\/\/pgvape.com\/fr\/wp-json\/wp\/v2\/product_brand?post=9340"},{"taxonomy":"product_cat","embeddable":true,"href":"https:\/\/pgvape.com\/fr\/wp-json\/wp\/v2\/product_cat?post=9340"},{"taxonomy":"product_tag","embeddable":true,"href":"https:\/\/pgvape.com\/fr\/wp-json\/wp\/v2\/product_tag?post=9340"}],"curies":[{"name":"wp","href":"https:\/\/api.w.org\/{rel}","templated":true}]}}