{"id":9309,"date":"2026-03-10T07:34:47","date_gmt":"2026-03-10T07:34:47","guid":{"rendered":"https:\/\/pgvape.com\/?post_type=product&#038;p=9309"},"modified":"2026-03-15T13:57:34","modified_gmt":"2026-03-15T13:57:34","slug":"bang-box-80000-80k-bouffees-3in1-systeme-de-saveur-vape-jetable-0-2-3-5nicotine-12-gout-ecran-intelligent-vape-usine-en-gros","status":"publish","type":"product","link":"https:\/\/pgvape.com\/fr\/produit\/bang-box-80000-80k-bouffees-3in1-systeme-de-saveur-vape-jetable-0-2-3-5nicotine-12-gout-ecran-intelligent-vape-usine-en-gros\/","title":{"rendered":"Bang Box 80000 80k Puffs 3in1 Syst\u00e8me de saveur Vape jetable 0% 2% 3% 5%Nicotine 12Taste \u00c9cran intelligent Vape Usine de vente en gros"},"content":{"rendered":"<p><strong>Bo\u00eete \u00e0 Bang 80K<\/strong> livre <strong>80 000 bouff\u00e9es<\/strong> via un <strong>syst\u00e8me innovant de chambre d'ar\u00f4me 3 en 1<\/strong>, vous laissant <strong class=\"\">basculer entre trois saveurs distinctes<\/strong> en un <strong>en forme de bo\u00eete compacte<\/strong> appareil.<br \/>\nUN <strong>batterie rechargeable de type C<\/strong>, <strong class=\"\">technologie de bobine avanc\u00e9e<\/strong> et <strong class=\"\">activ\u00e9 par tirage au sort<\/strong> conception assurer <strong class=\"\">consistance longue dur\u00e9e et de qualit\u00e9 sup\u00e9rieure<\/strong>-pas de plusieurs appareils, juste <strong>pure vari\u00e9t\u00e9 et endurance<\/strong>.<\/p>\n<p>&nbsp;<\/p>\n<h2><span style=\"font-size: 90%;\">Bang Box 80000 80k Puffs 3in1 Flavor System Sp\u00e9cifications de vape jetable\u00a0:<\/span><\/h2>\n<p><strong>Bouff\u00e9es<\/strong>: Jusqu'\u00e0 <strong class=\"\">80,000<\/strong> (varie selon les habitudes et la dur\u00e9e)<\/p>\n<p><strong>Syst\u00e8me de saveur<\/strong>: <strong>Chambre d'ar\u00f4mes 3 en 1<\/strong> \u2013 trois saveurs, un appareil<\/p>\n<p><strong>Batterie<\/strong>: <strong>Rechargeable<\/strong>, <strong>Type-C<\/strong> chargement \u2013 \u200b\u200bprise en charge compl\u00e8te de l'utilisation<\/p>\n<p><strong>Bobine<\/strong>: <strong class=\"\">Technologie avanc\u00e9e<\/strong> \u2013 livraison de saveur am\u00e9lior\u00e9e<\/p>\n<p><strong>Vapeur<\/strong>: Sortie fluide, coh\u00e9rente et riche<\/p>\n<p><strong>Activation<\/strong>: <strong>Activ\u00e9 par tirage<\/strong> \u2013 pas de boutons, pas de param\u00e8tres<\/p>\n<p><strong>Conception<\/strong>: <strong>Forme de bo\u00eete compacte<\/strong> \u2013 poign\u00e9e portable et confortable<\/p>\n<p><strong>Rechargeable<\/strong>: <strong class=\"\">Non<\/strong> \u2013 jetable une fois \u00e9puis\u00e9<\/p>\n<p><strong>Taper<\/strong>: <strong class=\"\">Vape jetable<\/strong><\/p>\n<p>&nbsp;<\/p>\n<h3><strong><span style=\"font-size: 90%;\">Bang Box 80000 80k Puffs 3in1 Flavor System Liste des saveurs de vape jetables\u00a0:<\/span><\/strong><\/h3>\n<p><strong>1.Fraise Banane\u00a0&amp;\u00a0Framboise Past\u00e8que\u00a0&amp;\u00a0Amour 666<\/strong><\/p>\n<p><strong>2. Fruits tropicaux\u00a0et\u00a0fraise, past\u00e8que\u00a0et\u00a0p\u00eache au citron<\/strong><\/p>\n<p><strong>3. Cola Fraise Vanille\u00a0&amp;\u00a0Pomme aigre Framboise\u00a0et\u00a0Citron Lime<\/strong><\/p>\n<p><strong>4. Glace double raisin\u00a0et\u00a0fraise, mangue\u00a0et\u00a0myrtille et framboise aigre<\/strong><\/p>\n<p><strong>5.Glace \u00e0 la past\u00e8que\u00a0&amp;\u00a0Cr\u00e8me glac\u00e9e \u00e0 la fraise\u00a0et\u00a0Triple Melon<\/strong><\/p>\n<p><strong>6. Soda au citron cola, gomme \u00e0 la past\u00e8que et glace au dragon noir<\/strong><\/p>\n<p><strong>7.Glace triple baies\u00a0&amp;\u00a0mangue p\u00eache\u00a0et\u00a0fraise kiwi<\/strong><\/p>\n<p><strong>8.Glace \u00e0 la Fraise\u00a0&amp;\u00a0Fraise Past\u00e8que\u00a0&amp;\u00a0Ananas Mangue P\u00eache<\/strong><\/p>\n<p><strong>9.\u00a0Glace \u00e0 l'ananas et \u00e0 la noix de coco\u00a0et\u00a0\u00e0 la fraise\u00a0et\u00a0glace bleue Razz<\/strong><\/p>\n<p><strong>10.Glace citron vert\u00a0et\u00a0mangue p\u00eache, past\u00e8que\u00a0et\u00a0myrtille<\/strong><\/p>\n<p><strong>11.Glace Past\u00e8que\u00a0&amp;\u00a0Red Bull\u00a0&amp;\u00a0Fraise Kiwi<\/strong><\/p>\n<p><strong>12.Fraise Kiwi\u00a0&amp;\u00a0Sour Mangue Ananas\u00a0et\u00a0Fraise Red Bull<img loading=\"lazy\" decoding=\"async\" class=\"alignnone wp-image-9314 size-full\" src=\"https:\/\/pgvape.com\/wp-content\/uploads\/2026\/03\/Bang-Box-80k-3-in-1-Flavor-System-Disposable-Vape-0-2-3-5-Nicotine-12Taste-Vape-Factory-Wholesale-3.png\" alt=\"Rang\u00e9e de vapes jetables Bang Box en d\u00e9grad\u00e9 de couleurs avec \u00e9tiquettes de saveur; le c\u00f4t\u00e9 droit montre 80 000 bouff\u00e9es, 60 ml, 850 mAh, 3 en 1.\" width=\"2000\" height=\"1125\" srcset=\"https:\/\/pgvape.com\/wp-content\/uploads\/2026\/03\/Bang-Box-80k-3-in-1-Flavor-System-Disposable-Vape-0-2-3-5-Nicotine-12Taste-Vape-Factory-Wholesale-3.png 2000w, https:\/\/pgvape.com\/wp-content\/uploads\/2026\/03\/Bang-Box-80k-3-in-1-Flavor-System-Disposable-Vape-0-2-3-5-Nicotine-12Taste-Vape-Factory-Wholesale-3-555x312.png 555w, https:\/\/pgvape.com\/wp-content\/uploads\/2026\/03\/Bang-Box-80k-3-in-1-Flavor-System-Disposable-Vape-0-2-3-5-Nicotine-12Taste-Vape-Factory-Wholesale-3-595x335.png 595w, https:\/\/pgvape.com\/wp-content\/uploads\/2026\/03\/Bang-Box-80k-3-in-1-Flavor-System-Disposable-Vape-0-2-3-5-Nicotine-12Taste-Vape-Factory-Wholesale-3-400x225.png 400w, https:\/\/pgvape.com\/wp-content\/uploads\/2026\/03\/Bang-Box-80k-3-in-1-Flavor-System-Disposable-Vape-0-2-3-5-Nicotine-12Taste-Vape-Factory-Wholesale-3-768x432.png 768w, https:\/\/pgvape.com\/wp-content\/uploads\/2026\/03\/Bang-Box-80k-3-in-1-Flavor-System-Disposable-Vape-0-2-3-5-Nicotine-12Taste-Vape-Factory-Wholesale-3-1536x864.png 1536w, https:\/\/pgvape.com\/wp-content\/uploads\/2026\/03\/Bang-Box-80k-3-in-1-Flavor-System-Disposable-Vape-0-2-3-5-Nicotine-12Taste-Vape-Factory-Wholesale-3-18x10.png 18w, https:\/\/pgvape.com\/wp-content\/uploads\/2026\/03\/Bang-Box-80k-3-in-1-Flavor-System-Disposable-Vape-0-2-3-5-Nicotine-12Taste-Vape-Factory-Wholesale-3-600x338.png 600w\" sizes=\"auto, (max-width: 2000px) 100vw, 2000px\" \/><\/strong><\/p>\n<p>&nbsp;<\/p>\n<h2>FAQ sur Bang Box 80000 80k Puffs 3in1 Flavor System Vape jetable<\/h2>\n<p>\u2753 <strong class=\"\">Combien de bouff\u00e9es ?<\/strong><br \/>\n\u2705 Jusqu'\u00e0 <strong>80,000<\/strong> \u2013 d\u00e9pend des habitudes de vapotage et de la dur\u00e9e de la bouff\u00e9e.<\/p>\n<p>\u2753 <strong class=\"\">Est-ce rechargeable ?<\/strong><br \/>\n\u2705 <strong class=\"\">Oui<\/strong> \u2013 <strong class=\"\">Type-C<\/strong> le port de chargement prend en charge la dur\u00e9e de vie compl\u00e8te de l'appareil.<\/p>\n<p>\u2753 <strong class=\"\">Comment fonctionne l'ar\u00f4me 3 en 1 ?<\/strong><br \/>\n\u2705 <strong>Trois chambres e-liquides s\u00e9par\u00e9es<\/strong> \u2013 basculez facilement entre les saveurs.<\/p>\n<p>\u2753 <strong class=\"\">Rechargeable ?<\/strong><br \/>\n\u2705 <strong class=\"\">Non<\/strong> \u2013 <strong>jetable<\/strong> une fois le e-liquide termin\u00e9.<\/p>\n<p>\u2753 <strong class=\"\">Adapt\u00e9 aux d\u00e9butants ?<\/strong><br \/>\n\u2705 <strong>Oui<\/strong> \u2013 <strong class=\"\">activ\u00e9 par tirage au sort<\/strong> fonctionnement, simple pour tous les niveaux d\u2019exp\u00e9rience.<\/p>\n<p>&nbsp;<\/p>\n<h3 id=\"brxe-najhln\" class=\"brxe-heading\">Foire aux questions (FAQ)<\/h3>\n<div id=\"brxe-rajiac\" class=\"brxe-text\">\n<p><strong>Q : Quels modes de paiement acceptez-vous ?<\/strong><br \/>\nR\u00a0: Nous acceptons PayPal, Stripe, les virements bancaires (pris en charge par SEPA), les principales cartes de cr\u00e9dit (Visa, MasterCard, American Express) et les paiements en crypto-monnaie.<\/p>\n<p><strong>Q : Combien de temps prend la pr\u00e9paration d\u2019une commande ?<\/strong><br \/>\nR : La pr\u00e9paration de la commande prend 1 \u00e0 3 jours ouvrables.<\/p>\n<p><strong>Q : Quel est le d\u00e9lai de livraison ?<\/strong><br \/>\nR : Le d\u00e9lai de livraison est de 7 \u00e0 14 jours ouvrables, selon votre emplacement. Les marchandises exp\u00e9di\u00e9es depuis des entrep\u00f4ts europ\u00e9ens prennent g\u00e9n\u00e9ralement 3 \u00e0 6 jours ouvrables pour \u00eatre livr\u00e9es.<\/p>\n<p><strong>Q : Comment puis-je suivre ma commande ?<\/strong><br \/>\nR : Apr\u00e8s l'exp\u00e9dition, vous recevrez un e-mail de confirmation avec un num\u00e9ro de suivi pour un suivi en temps r\u00e9el.<\/p>\n<p><strong>Q : Quelle est votre politique de retour ?<\/strong><br \/>\nR : Nous proposons une politique de retour de 30 jours pour les remboursements ou les \u00e9changes. .<\/p>\n<p><strong>Q : Y aura-t-il des probl\u00e8mes douaniers ?<br \/>\n<\/strong>Nous prenons en charge toutes les proc\u00e9dures de d\u00e9douanement pour vous garantir une exp\u00e9rience sans tracas. .<\/p>\n<p><strong>Q : Quelles m\u00e9thodes d\u2019exp\u00e9dition sont utilis\u00e9es ?<\/strong><br \/>\nNous coop\u00e9rons avec UPS\/DHL\/FEDEX\/DPD, etc. Nous choisirons l'option d'exp\u00e9dition appropri\u00e9e en fonction du pays de livraison pour garantir que vous recevez vos produits le plus rapidement possible.<\/p>\n<p><a href=\"https:\/\/pgvape.com\/fr\/faq\/\">Cliquez ici pour plus de FAQ<\/a><\/p>\n<p>Chers clients, Si vous avez des questions concernant votre commande ou l'arriv\u00e9e des marchandises, n'h\u00e9sitez pas \u00e0 contacter notre service client. Merci !<\/p>\n<h3 data-sourcepos=\"73:1-73:21\"><strong data-sourcepos=\"73:7-73:21\">Contactez-nous<\/strong><\/h3>\n<div id=\"text-2419739398\" class=\"text\">\n<p><strong data-sourcepos=\"75:3-75:12\">E-mail<\/strong>:\u00a0<a href=\"mailto:support@pgvape.com\"><strong>support@pgvape.com<\/strong><\/a><\/p>\n<p><strong data-sourcepos=\"76:3-76:15\">WhatsApp<\/strong>:\u00a0<a href=\"https:\/\/wa.me\/+8618128481258\"><strong>+86 18128481258<\/strong><\/a><br \/>\n<strong>(R\u00e9ponse sous 24h les jours ouvr\u00e9s)<\/strong><\/p>\n<\/div>\n<h3><strong>Merci d'avoir choisi pgvape.com ! .<\/strong><\/h3>\n<\/div>","protected":false},"excerpt":{"rendered":"<p><strong>Bo\u00eete \u00e0 Bang 80K<\/strong> <strong>\u00a0bouff\u00e9es<\/strong>, <strong>Syst\u00e8me d'ar\u00f4mes 3 en 1<\/strong>, <strong>Rechargeable de type C<\/strong>, <strong>activ\u00e9 par tirage au sort<\/strong>.<strong class=\"\">Trois saveurs, une bo\u00eete, quatre-vingt mille nuages.<\/strong><\/p>","protected":false},"featured_media":9312,"comment_status":"open","ping_status":"closed","template":"","meta":{"_seopress_robots_primary_cat":"","_seopress_titles_title":"","_seopress_titles_desc":"","_seopress_robots_index":""},"product_brand":[577,516],"product_cat":[41,576,515],"product_tag":[594,465,593,90],"class_list":{"0":"post-9309","1":"product","2":"type-product","3":"status-publish","4":"has-post-thumbnail","6":"product_brand-bang-box-vape","7":"product_brand-disposable-vape","8":"product_cat-80k-puffs-vape","9":"product_cat-bang-box-vape","10":"product_cat-disposable-vape","11":"product_tag-3in1-flavor-system","12":"product_tag-80k-puffs-vape","13":"product_tag-bang-box-80000","14":"product_tag-disposable-vape","16":"first","17":"instock","18":"sale","19":"shipping-taxable","20":"purchasable","21":"product-type-variable"},"_links":{"self":[{"href":"https:\/\/pgvape.com\/fr\/wp-json\/wp\/v2\/product\/9309","targetHints":{"allow":["GET"]}}],"collection":[{"href":"https:\/\/pgvape.com\/fr\/wp-json\/wp\/v2\/product"}],"about":[{"href":"https:\/\/pgvape.com\/fr\/wp-json\/wp\/v2\/types\/product"}],"replies":[{"embeddable":true,"href":"https:\/\/pgvape.com\/fr\/wp-json\/wp\/v2\/comments?post=9309"}],"wp:featuredmedia":[{"embeddable":true,"href":"https:\/\/pgvape.com\/fr\/wp-json\/wp\/v2\/media\/9312"}],"wp:attachment":[{"href":"https:\/\/pgvape.com\/fr\/wp-json\/wp\/v2\/media?parent=9309"}],"wp:term":[{"taxonomy":"product_brand","embeddable":true,"href":"https:\/\/pgvape.com\/fr\/wp-json\/wp\/v2\/product_brand?post=9309"},{"taxonomy":"product_cat","embeddable":true,"href":"https:\/\/pgvape.com\/fr\/wp-json\/wp\/v2\/product_cat?post=9309"},{"taxonomy":"product_tag","embeddable":true,"href":"https:\/\/pgvape.com\/fr\/wp-json\/wp\/v2\/product_tag?post=9309"}],"curies":[{"name":"wp","href":"https:\/\/api.w.org\/{rel}","templated":true}]}}