{"id":9244,"date":"2026-03-09T07:41:24","date_gmt":"2026-03-09T07:41:24","guid":{"rendered":"https:\/\/pgvape.com\/?post_type=product&#038;p=9244"},"modified":"2026-03-15T13:57:34","modified_gmt":"2026-03-15T13:57:34","slug":"bang-box-42000-42k-bouffees-double-mode-vape-jetable-saveur-unique-pod-12-gout-3d-ecran-incurve-vape-usine-en-gros","status":"publish","type":"product","link":"https:\/\/pgvape.com\/fr\/produit\/bang-box-42000-42k-bouffees-double-mode-vape-jetable-saveur-unique-pod-12-gout-3d-ecran-incurve-vape-usine-en-gros\/","title":{"rendered":"Bang Box 42000 42K Puffs Vape jetable double mode Pod \u00e0 saveur unique 12Taste \u00c9cran incurv\u00e9 3D Vape Usine de vente en gros"},"content":{"rendered":"<p><strong>Bo\u00eete \u00e0 Bang 42K<\/strong> livre <strong>42 000 bouff\u00e9es<\/strong> d'un <strong>chambre \u00e0 saveur unique<\/strong>, aliment\u00e9 par un <strong>batterie rechargeable<\/strong> et envelopp\u00e9 dans un <strong>style bo\u00eete \u00e9l\u00e9gante<\/strong> corps.<br \/>\nUN <strong>\u00c9cran d'affichage incurv\u00e9 3D<\/strong>, <strong>deux modes de vapotage<\/strong> et <strong>syst\u00e8me e-liquide de grande capacit\u00e9<\/strong> te donner <strong>looks futuristes, intensit\u00e9 personnalisable et go\u00fbt pur et coh\u00e9rent<\/strong>-activ\u00e9 par tirage au sort, z\u00e9ro bouton.<\/p>\n<p>&nbsp;<\/p>\n<h2><span style=\"font-size: 90%;\">Bang Box 42000 42K Puffs Vape jetable double mode Sp\u00e9cifications\u00a0:<\/span><\/h2>\n<p><strong>Bouff\u00e9es<\/strong>: Jusqu'\u00e0 <strong>42,000<\/strong> (varie selon l'utilisation et le mode)<\/p>\n<p><strong>Syst\u00e8me de saveur<\/strong>: <strong>Chambre \u00e0 saveur unique<\/strong> \u2013 profil pur et coh\u00e9rent<\/p>\n<p><strong>Batterie<\/strong>: <strong>Rechargeable<\/strong> \u2013 performances stables jusqu\u2019\u00e0 \u00e9puisement<\/p>\n<p><strong>Afficher<\/strong>: <strong>\u00c9cran incurv\u00e9 3D<\/strong> \u2013 design futuriste, informations de statut claires<\/p>\n<p><strong>Modes<\/strong>: <strong>Deux modes de vapotage<\/strong> \u2013 changer l'intensit\u00e9 de la vapeur et le style de tirage<\/p>\n<p><strong>Vapeur<\/strong>: Production fluide, stable et \u00e0 long terme<\/p>\n<p><strong>E-Liquide<\/strong>: Syst\u00e8me haute capacit\u00e9 pour une dur\u00e9e de vie prolong\u00e9e<\/p>\n<p><strong>Conception<\/strong>: <strong>Style bo\u00eete compacte<\/strong> \u2013 poign\u00e9e ergonomique confortable<\/p>\n<p><strong>Activation<\/strong>: <strong>Activ\u00e9 par tirage<\/strong> \u2013 inspirez pour tirer, pas de boutons<\/p>\n<p><strong>Rechargeable<\/strong>: <strong>Non<\/strong> \u2013 jetable lorsqu'il est vide<\/p>\n<p><strong>Nicotine<\/strong>: Varie selon la version\/le march\u00e9 \u2013 consultez la liste des produits<\/p>\n<p>&nbsp;<\/p>\n<h3><span style=\"font-size: 90%;\">Liste des saveurs de vape jetables double mode Bang Box 42000 42K Puffs\u00a0:<\/span><\/h3>\n<p><strong>1. Past\u00e8que aux fraises<\/strong><\/p>\n<p><strong>2. Baies sauvages<\/strong><\/p>\n<p><strong>3. Glace Razz bleue<\/strong><\/p>\n<p><strong>4. Past\u00e8que aux bleuets<\/strong><\/p>\n<p><strong>5. Glace aux pommes aigre<\/strong><\/p>\n<p><strong>6.Orance aux baies de citron vert<\/strong><\/p>\n<p><strong>7.Mixico Mangue<\/strong><\/p>\n<p><strong>8.Menthe de Miami<\/strong><\/p>\n<p><strong>9. Glace \u00e0 la past\u00e8que<\/strong><\/p>\n<p><strong>10. Cerise douce<\/strong><\/p>\n<p><strong>11. Raisin Pop<\/strong><\/p>\n<p><strong>12.Blackberry B-pop<img loading=\"lazy\" decoding=\"async\" class=\"alignnone wp-image-9257 size-full\" src=\"https:\/\/pgvape.com\/wp-content\/uploads\/2026\/03\/Bang-Box-42K-Puffs-Dual-Mode-Disposable-Vape-Single-Flavor-Pod-12Taste-3D-Curved-Screen-11.png\" alt=\"Grille d&#039;appareils de vape Bang Box Turbo avec des bandes \u00e0 code couleur, dispos\u00e9es en quatre colonnes sur trois rang\u00e9es, chacune avec une \u00e9tiquette de saveur.\" width=\"1139\" height=\"1500\" srcset=\"https:\/\/pgvape.com\/wp-content\/uploads\/2026\/03\/Bang-Box-42K-Puffs-Dual-Mode-Disposable-Vape-Single-Flavor-Pod-12Taste-3D-Curved-Screen-11.png 1139w, https:\/\/pgvape.com\/wp-content\/uploads\/2026\/03\/Bang-Box-42K-Puffs-Dual-Mode-Disposable-Vape-Single-Flavor-Pod-12Taste-3D-Curved-Screen-11-273x360.png 273w, https:\/\/pgvape.com\/wp-content\/uploads\/2026\/03\/Bang-Box-42K-Puffs-Dual-Mode-Disposable-Vape-Single-Flavor-Pod-12Taste-3D-Curved-Screen-11-595x784.png 595w, https:\/\/pgvape.com\/wp-content\/uploads\/2026\/03\/Bang-Box-42K-Puffs-Dual-Mode-Disposable-Vape-Single-Flavor-Pod-12Taste-3D-Curved-Screen-11-304x400.png 304w, https:\/\/pgvape.com\/wp-content\/uploads\/2026\/03\/Bang-Box-42K-Puffs-Dual-Mode-Disposable-Vape-Single-Flavor-Pod-12Taste-3D-Curved-Screen-11-768x1011.png 768w, https:\/\/pgvape.com\/wp-content\/uploads\/2026\/03\/Bang-Box-42K-Puffs-Dual-Mode-Disposable-Vape-Single-Flavor-Pod-12Taste-3D-Curved-Screen-11-9x12.png 9w, https:\/\/pgvape.com\/wp-content\/uploads\/2026\/03\/Bang-Box-42K-Puffs-Dual-Mode-Disposable-Vape-Single-Flavor-Pod-12Taste-3D-Curved-Screen-11-600x790.png 600w\" sizes=\"auto, (max-width: 1139px) 100vw, 1139px\" \/><\/strong><\/p>\n<p>&nbsp;<\/p>\n<h2>FAQ sur la vape jetable double mode Bang Box 42000 42 000 bouff\u00e9es<\/h2>\n<p>\u2753 <strong>Combien de bouff\u00e9es ?<\/strong><br \/>\n\u2705 Jusqu'\u00e0 <strong>42,000<\/strong> \u2013 le nombre r\u00e9el varie selon les habitudes et le mode s\u00e9lectionn\u00e9.<\/p>\n<p>\u2753 <strong>Mono ou multi-saveurs ?<\/strong><br \/>\n\u2705 <strong>Chambre \u00e0 saveur unique<\/strong> \u2013 puret\u00e9 d\u00e9di\u00e9e, pas de m\u00e9lange de saveurs.<\/p>\n<p>\u2753 <strong class=\"\">A quoi sert l'\u00e9cran incurv\u00e9 3D ?<\/strong><br \/>\n\u2705 <strong>Conception visuelle moderne<\/strong> + <strong>effacer l'\u00e9tat de l'appareil<\/strong> \u2013 am\u00e9liore la convivialit\u00e9 et l\u2019attrait.<\/p>\n<p>\u2753 <strong>Les deux modes de vapotage expliqu\u00e9s ?<\/strong><br \/>\n\u2705 <strong class=\"\">Deux options d'intensit\u00e9<\/strong> \u2013 choisissez la densit\u00e9 de vapeur pr\u00e9f\u00e9r\u00e9e et l\u2019exp\u00e9rience de tirage.<\/p>\n<p>\u2753 <strong>Le mode affecte-t-il le nombre de bouff\u00e9es ?<\/strong><br \/>\n\u2705 <strong>Oui<\/strong> \u2013 les modes de sortie plus \u00e9lev\u00e9s consomment du liquide plus rapidement, r\u00e9duisant l\u00e9g\u00e8rement le nombre total de bouff\u00e9es.<\/p>\n<p>\u2753 <strong class=\"\">Rechargeable ?<\/strong><br \/>\n\u2705 <strong>Oui<\/strong> \u2013 la batterie se recharge pour maintenir ses pleines performances.<\/p>\n<p>\u2753 <strong>Des boutons ?<\/strong><br \/>\n\u2705 <strong>Non<\/strong> \u2013 <strong>activ\u00e9 par tirage au sort<\/strong>, se d\u00e9clenche automatiquement \u00e0 l'inspiration.<\/p>\n<p>\u2753 <strong>Rechargeable ?<\/strong><br \/>\n\u2705 <strong>Non<\/strong> \u2013 <strong>jetable<\/strong> lorsque le e-liquide est \u00e9puis\u00e9.<\/p>\n<p>\u2753 <strong>C'est pour qui ?<\/strong><br \/>\n\u2705 <strong>Utilisateurs adultes<\/strong> vouloir <strong>longue dur\u00e9e<\/strong>, <strong>technologie d'affichage moderne<\/strong>, <strong>bobines \u00e0 triple maille<\/strong>.<\/p>\n<p>\u2753 <strong>Teneur en nicotine ?<\/strong><br \/>\n\u2705 <strong>Varie selon la version\/le march\u00e9<\/strong> \u2013 v\u00e9rifier sur la liste\/l\u2019emballage du produit.<\/p>\n<p>&nbsp;<\/p>\n<h3 id=\"brxe-najhln\" class=\"brxe-heading\">Foire aux questions (FAQ)<\/h3>\n<div id=\"brxe-rajiac\" class=\"brxe-text\">\n<p><strong>Q : Quels modes de paiement acceptez-vous ?<\/strong><br \/>\nR\u00a0: Nous acceptons PayPal, Stripe, les virements bancaires (pris en charge par SEPA), les principales cartes de cr\u00e9dit (Visa, MasterCard, American Express) et les paiements en crypto-monnaie.<\/p>\n<p><strong>Q : Combien de temps prend la pr\u00e9paration d\u2019une commande ?<\/strong><br \/>\nR : La pr\u00e9paration de la commande prend 1 \u00e0 3 jours ouvrables.<\/p>\n<p><strong>Q : Quel est le d\u00e9lai de livraison ?<\/strong><br \/>\nR : Le d\u00e9lai de livraison est de 7 \u00e0 14 jours ouvrables, selon votre emplacement. Les marchandises exp\u00e9di\u00e9es depuis des entrep\u00f4ts europ\u00e9ens prennent g\u00e9n\u00e9ralement 3 \u00e0 6 jours ouvrables pour \u00eatre livr\u00e9es.<\/p>\n<p><strong>Q : Comment puis-je suivre ma commande ?<\/strong><br \/>\nR : Apr\u00e8s l'exp\u00e9dition, vous recevrez un e-mail de confirmation avec un num\u00e9ro de suivi pour un suivi en temps r\u00e9el.<\/p>\n<p><strong>Q : Quelle est votre politique de retour ?<\/strong><br \/>\nR : Nous proposons une politique de retour de 30 jours pour les remboursements ou les \u00e9changes. .<\/p>\n<p><strong>Q : Y aura-t-il des probl\u00e8mes douaniers ?<br \/>\n<\/strong>Nous prenons en charge toutes les proc\u00e9dures de d\u00e9douanement pour vous garantir une exp\u00e9rience sans tracas. .<\/p>\n<p><strong>Q : Quelles m\u00e9thodes d\u2019exp\u00e9dition sont utilis\u00e9es ?<\/strong><br \/>\nNous coop\u00e9rons avec UPS\/DHL\/FEDEX\/DPD, etc. Nous choisirons l'option d'exp\u00e9dition appropri\u00e9e en fonction du pays de livraison pour garantir que vous recevez vos produits le plus rapidement possible.<\/p>\n<p><a href=\"https:\/\/pgvape.com\/fr\/faq\/\">Cliquez ici pour plus de FAQ<\/a><\/p>\n<p>Chers clients, Si vous avez des questions concernant votre commande ou l'arriv\u00e9e des marchandises, n'h\u00e9sitez pas \u00e0 contacter notre service client. Merci !<\/p>\n<h3 data-sourcepos=\"73:1-73:21\"><strong data-sourcepos=\"73:7-73:21\">Contactez-nous<\/strong><\/h3>\n<div id=\"text-2419739398\" class=\"text\">\n<p><strong data-sourcepos=\"75:3-75:12\">E-mail<\/strong>:\u00a0<a href=\"mailto:support@pgvape.com\"><strong>support@pgvape.com<\/strong><\/a><\/p>\n<p><strong data-sourcepos=\"76:3-76:15\">WhatsApp<\/strong>:\u00a0<a href=\"https:\/\/wa.me\/+8618128481258\"><strong>+86 18128481258<\/strong><\/a><br \/>\n<strong>(R\u00e9ponse sous 24h les jours ouvr\u00e9s)<\/strong><\/p>\n<\/div>\n<h3><strong>Merci d'avoir choisi pgvape.com ! .<\/strong><\/h3>\n<\/div>","protected":false},"excerpt":{"rendered":"<p><strong>Bo\u00eete \u00e0 Bang 42K<\/strong> <strong>bouff\u00e9es<\/strong>, <strong>\u00c9cran incurv\u00e9 3D<\/strong>, <strong>modes doubles<\/strong>, <strong>puret\u00e9 d'une seule saveur<\/strong>, <strong>rechargeable<\/strong>.<strong>Forme futuriste, puissance flexible, go\u00fbt pur.<\/strong><\/p>","protected":false},"featured_media":9248,"comment_status":"open","ping_status":"closed","template":"","meta":{"_seopress_robots_primary_cat":"","_seopress_titles_title":"","_seopress_titles_desc":"","_seopress_robots_index":""},"product_brand":[577,516],"product_cat":[433,576,515],"product_tag":[421,435,590,90,591],"class_list":{"0":"post-9244","1":"product","2":"type-product","3":"status-publish","4":"has-post-thumbnail","6":"product_brand-bang-box-vape","7":"product_brand-disposable-vape","8":"product_cat-42k-puffs-vape","9":"product_cat-bang-box-vape","10":"product_cat-disposable-vape","11":"product_tag-3d-curved-screen","12":"product_tag-42k-puffs-vape","13":"product_tag-bang-box-42000","14":"product_tag-disposable-vape","15":"product_tag-single-flavor-pod","17":"first","18":"instock","19":"sale","20":"shipping-taxable","21":"purchasable","22":"product-type-variable"},"_links":{"self":[{"href":"https:\/\/pgvape.com\/fr\/wp-json\/wp\/v2\/product\/9244","targetHints":{"allow":["GET"]}}],"collection":[{"href":"https:\/\/pgvape.com\/fr\/wp-json\/wp\/v2\/product"}],"about":[{"href":"https:\/\/pgvape.com\/fr\/wp-json\/wp\/v2\/types\/product"}],"replies":[{"embeddable":true,"href":"https:\/\/pgvape.com\/fr\/wp-json\/wp\/v2\/comments?post=9244"}],"wp:featuredmedia":[{"embeddable":true,"href":"https:\/\/pgvape.com\/fr\/wp-json\/wp\/v2\/media\/9248"}],"wp:attachment":[{"href":"https:\/\/pgvape.com\/fr\/wp-json\/wp\/v2\/media?parent=9244"}],"wp:term":[{"taxonomy":"product_brand","embeddable":true,"href":"https:\/\/pgvape.com\/fr\/wp-json\/wp\/v2\/product_brand?post=9244"},{"taxonomy":"product_cat","embeddable":true,"href":"https:\/\/pgvape.com\/fr\/wp-json\/wp\/v2\/product_cat?post=9244"},{"taxonomy":"product_tag","embeddable":true,"href":"https:\/\/pgvape.com\/fr\/wp-json\/wp\/v2\/product_tag?post=9244"}],"curies":[{"name":"wp","href":"https:\/\/api.w.org\/{rel}","templated":true}]}}