{"id":9212,"date":"2026-03-09T07:15:53","date_gmt":"2026-03-09T07:15:53","guid":{"rendered":"https:\/\/pgvape.com\/?post_type=product&#038;p=9212"},"modified":"2026-03-15T13:57:34","modified_gmt":"2026-03-15T13:57:34","slug":"bang-box-35000-35k-bouffees-vape-jetable-puissance-de-debit-dair-reglable-0-2-3-5nicotine-12-gout-ecran-tactile-led-vape-usine-en-gros","status":"publish","type":"product","link":"https:\/\/pgvape.com\/fr\/produit\/bang-box-35000-35k-bouffees-vape-jetable-puissance-de-debit-dair-reglable-0-2-3-5nicotine-12-gout-ecran-tactile-led-vape-usine-en-gros\/","title":{"rendered":"Bang Box 35000 35k Puffs Vape jetable D\u00e9bit d'air et puissance r\u00e9glables 0% 2% 3% 5%Nicotine 12Taste LED \u00c9cran tactile Vape Usine de vente en gros"},"content":{"rendered":"<p><strong>Bo\u00eete \u00e0 Bang 35K<\/strong> livre <strong>35 000 bouff\u00e9es<\/strong> de <strong>pure saveur unique<\/strong> satisfaction, propuls\u00e9 par un <strong>batterie rechargeable<\/strong> et contr\u00f4l\u00e9 via <strong>technologie d'interface tactile<\/strong>.<br \/>\n<strong>Affichage d'assistance \u00e0 double \u00e9cran<\/strong>, <strong>Flux d'air tactile \u00e0 3 modes<\/strong>, <strong>Contr\u00f4le de puissance \u00e0 2 modes<\/strong> et <strong>12 saveurs s\u00e9lectionn\u00e9es<\/strong> te donner <strong>commande compl\u00e8te<\/strong>\u2014 densit\u00e9 de vapeur personnalis\u00e9e, coup de gorge et style de dessin dans un <strong>style bo\u00eete \u00e9l\u00e9gante<\/strong> coquille.<\/p>\n<p>&nbsp;<\/p>\n<h2><span style=\"font-size: 90%;\">Sp\u00e9cifications de la vape jetable Bang Box 35000 35k Puffs\u00a0:<\/span><\/h2>\n<p><strong>Bouff\u00e9es<\/strong>: Jusqu'\u00e0 <strong>35,000<\/strong><\/p>\n<p><strong>Syst\u00e8me de saveur<\/strong>: <strong>Pod mono-saveur<\/strong> \u2013 go\u00fbt pur et constant<\/p>\n<p><strong>Batterie<\/strong>: <strong>Rechargeable<\/strong> \u2013 maintient les performances jusqu'\u00e0 la derni\u00e8re goutte<\/p>\n<p><strong>Afficher<\/strong>: <strong>Assistant sur double \u00e9cran<\/strong> \u2013 batterie, puissance, utilisation en temps r\u00e9el<\/p>\n<p><strong>Flux d'air<\/strong>: <strong>Touchez 3 modes<\/strong> \u2013 personnaliser l\u2019intensit\u00e9<\/p>\n<p><strong>Pouvoir<\/strong>: <strong>Commande tactile \u00e0 2 modes<\/strong> \u2013 changer les niveaux de sortie<\/p>\n<p><strong>Vapeur<\/strong>: <strong>Sortie r\u00e9glable<\/strong> \u2013 densit\u00e9 &amp; saveur sur demande<\/p>\n<p><strong>Activation<\/strong>: <strong>Activ\u00e9 par tirage<\/strong> \u2013 pas de boutons, utilisation intuitive<\/p>\n<p><strong>Conception<\/strong>: <strong>Style bo\u00eete \u00e9l\u00e9gant<\/strong> \u2013 poign\u00e9e moderne et ergonomique<\/p>\n<p><strong>Rechargeable<\/strong>: <strong>Non<\/strong> \u2013 jetable une fois \u00e9puis\u00e9<\/p>\n<p>&nbsp;<\/p>\n<h3><span style=\"font-size: 90%;\">Liste des saveurs de vape jetables Bang Box 35000 35k Puffs\u00a0:<\/span><\/h3>\n<p><strong>1.Kiwi aux fraises<\/strong><\/p>\n<p><strong>2. Glace bleue Razz<\/strong><\/p>\n<p><strong>3. Past\u00e8que aux fraises<\/strong><\/p>\n<p><strong>4.Fruits de la passion<\/strong><\/p>\n<p><strong>5. Soda au citron et au cola<\/strong><\/p>\n<p><strong>6. Glace \u00e0 la past\u00e8que<\/strong><\/p>\n<p><strong>7. Bubblegum \u00e0 la past\u00e8que<\/strong><\/p>\n<p><strong>8.Kiwi Passion-Fruit Goyave<\/strong><\/p>\n<p><strong class=\"\">9. Glace aux bleuets<\/strong><\/p>\n<p><strong class=\"\">10. Cerise past\u00e8que<\/strong><\/p>\n<p><strong class=\"\">11.Red Bull<\/strong><\/p>\n<p><strong>12. Pamplemousse menthe<img loading=\"lazy\" decoding=\"async\" class=\"alignnone wp-image-9229 size-full\" src=\"https:\/\/pgvape.com\/wp-content\/uploads\/2026\/03\/Bang-Box-35k-Puffs-Disposable-Vape-Adjustable-Airflow-0-2-3-5Nicotine-12Taste-LED-Touchscreen-pgvape-3.png\" alt=\"Grille quatre par quatre d&#039;appareils de vape Bang Box color\u00e9s sur fond sombre, chacun avec des \u00e9tiquettes de saveur telles que Strawberry Kiwi et Blue Razz Ice.\" width=\"1500\" height=\"1607\" srcset=\"https:\/\/pgvape.com\/wp-content\/uploads\/2026\/03\/Bang-Box-35k-Puffs-Disposable-Vape-Adjustable-Airflow-0-2-3-5Nicotine-12Taste-LED-Touchscreen-pgvape-3.png 1500w, https:\/\/pgvape.com\/wp-content\/uploads\/2026\/03\/Bang-Box-35k-Puffs-Disposable-Vape-Adjustable-Airflow-0-2-3-5Nicotine-12Taste-LED-Touchscreen-pgvape-3-336x360.png 336w, https:\/\/pgvape.com\/wp-content\/uploads\/2026\/03\/Bang-Box-35k-Puffs-Disposable-Vape-Adjustable-Airflow-0-2-3-5Nicotine-12Taste-LED-Touchscreen-pgvape-3-595x637.png 595w, https:\/\/pgvape.com\/wp-content\/uploads\/2026\/03\/Bang-Box-35k-Puffs-Disposable-Vape-Adjustable-Airflow-0-2-3-5Nicotine-12Taste-LED-Touchscreen-pgvape-3-373x400.png 373w, https:\/\/pgvape.com\/wp-content\/uploads\/2026\/03\/Bang-Box-35k-Puffs-Disposable-Vape-Adjustable-Airflow-0-2-3-5Nicotine-12Taste-LED-Touchscreen-pgvape-3-768x823.png 768w, https:\/\/pgvape.com\/wp-content\/uploads\/2026\/03\/Bang-Box-35k-Puffs-Disposable-Vape-Adjustable-Airflow-0-2-3-5Nicotine-12Taste-LED-Touchscreen-pgvape-3-1434x1536.png 1434w, https:\/\/pgvape.com\/wp-content\/uploads\/2026\/03\/Bang-Box-35k-Puffs-Disposable-Vape-Adjustable-Airflow-0-2-3-5Nicotine-12Taste-LED-Touchscreen-pgvape-3-11x12.png 11w, https:\/\/pgvape.com\/wp-content\/uploads\/2026\/03\/Bang-Box-35k-Puffs-Disposable-Vape-Adjustable-Airflow-0-2-3-5Nicotine-12Taste-LED-Touchscreen-pgvape-3-600x643.png 600w\" sizes=\"auto, (max-width: 1500px) 100vw, 1500px\" \/><\/strong><\/p>\n<p>&nbsp;<\/p>\n<h2>FAQ sur la vape jetable Bang Box 35000 35 000 bouff\u00e9es<\/h2>\n<p data-sourcepos=\"51:1-52:68\">\u2753 <strong data-sourcepos=\"51:3-51:46\">Comment fonctionne le syst\u00e8me de commande tactile ?<\/strong><br \/>\n\u2705 <strong data-sourcepos=\"52:3-52:29\">Ajustements en un seul clic<\/strong> pour le d\u00e9bit d\u2019air\/puissance \u2013 pas de menus complexes<\/p>\n<p data-sourcepos=\"54:1-55:69\">\u2753 <strong data-sourcepos=\"54:3-54:50\">Qu\u2019est-ce qui rend l\u2019affichage sur double \u00e9cran sp\u00e9cial\u00a0?<\/strong><br \/>\n\u2705 <strong data-sourcepos=\"55:3-55:30\">Surveillance simultan\u00e9e<\/strong> de la batterie + mode d'alimentation + nombre de bouff\u00e9es<\/p>\n<p data-sourcepos=\"57:1-58:58\">\u2753 <strong data-sourcepos=\"57:3-57:52\">Est-ce adapt\u00e9 au vapotage MTL et DTL ?<\/strong><br \/>\n\u2705 <strong data-sourcepos=\"58:3-58:10\">Oui<\/strong> \u2013 Le d\u00e9bit d'air r\u00e9glable s'adapte aux deux styles<\/p>\n<p data-sourcepos=\"60:1-61:70\">\u2753 <strong data-sourcepos=\"60:3-60:48\">Comment se compare-t-il aux produits jetables de base\u00a0?<\/strong><br \/>\n\u2705 <strong data-sourcepos=\"61:3-61:23\">Contr\u00f4le sup\u00e9rieur<\/strong> avec <strong data-sourcepos=\"61:29-61:48\">3x la dur\u00e9e de vie<\/strong> d'appareils standards<\/p>\n<p>&nbsp;<\/p>\n<h3 id=\"brxe-najhln\" class=\"brxe-heading\">Foire aux questions (FAQ)<\/h3>\n<div id=\"brxe-rajiac\" class=\"brxe-text\">\n<p><strong>Q : Quels modes de paiement acceptez-vous ?<\/strong><br \/>\nR\u00a0: Nous acceptons PayPal, Stripe, les virements bancaires (pris en charge par SEPA), les principales cartes de cr\u00e9dit (Visa, MasterCard, American Express) et les paiements en crypto-monnaie.<\/p>\n<p><strong>Q : Combien de temps prend la pr\u00e9paration d\u2019une commande ?<\/strong><br \/>\nR : La pr\u00e9paration de la commande prend 1 \u00e0 3 jours ouvrables.<\/p>\n<p><strong>Q : Quel est le d\u00e9lai de livraison ?<\/strong><br \/>\nR : Le d\u00e9lai de livraison est de 7 \u00e0 14 jours ouvrables, selon votre emplacement. Les marchandises exp\u00e9di\u00e9es depuis des entrep\u00f4ts europ\u00e9ens prennent g\u00e9n\u00e9ralement 3 \u00e0 6 jours ouvrables pour \u00eatre livr\u00e9es.<\/p>\n<p><strong>Q : Comment puis-je suivre ma commande ?<\/strong><br \/>\nR : Apr\u00e8s l'exp\u00e9dition, vous recevrez un e-mail de confirmation avec un num\u00e9ro de suivi pour un suivi en temps r\u00e9el.<\/p>\n<p><strong>Q : Quelle est votre politique de retour ?<\/strong><br \/>\nR : Nous proposons une politique de retour de 30 jours pour les remboursements ou les \u00e9changes. .<\/p>\n<p><strong>Q : Y aura-t-il des probl\u00e8mes douaniers ?<br \/>\n<\/strong>Nous prenons en charge toutes les proc\u00e9dures de d\u00e9douanement pour vous garantir une exp\u00e9rience sans tracas. .<\/p>\n<p><strong>Q : Quelles m\u00e9thodes d\u2019exp\u00e9dition sont utilis\u00e9es ?<\/strong><br \/>\nNous coop\u00e9rons avec UPS\/DHL\/FEDEX\/DPD, etc. Nous choisirons l'option d'exp\u00e9dition appropri\u00e9e en fonction du pays de livraison pour garantir que vous recevez vos produits le plus rapidement possible.<\/p>\n<p><a href=\"https:\/\/pgvape.com\/fr\/faq\/\">Cliquez ici pour plus de FAQ<\/a><\/p>\n<p>Chers clients, Si vous avez des questions concernant votre commande ou l'arriv\u00e9e des marchandises, n'h\u00e9sitez pas \u00e0 contacter notre service client. Merci !<\/p>\n<h3 data-sourcepos=\"73:1-73:21\"><strong data-sourcepos=\"73:7-73:21\">Contactez-nous<\/strong><\/h3>\n<div id=\"text-2419739398\" class=\"text\">\n<p><strong data-sourcepos=\"75:3-75:12\">E-mail<\/strong>:\u00a0<a href=\"mailto:support@pgvape.com\"><strong>support@pgvape.com<\/strong><\/a><\/p>\n<p><strong data-sourcepos=\"76:3-76:15\">WhatsApp<\/strong>:\u00a0<a href=\"https:\/\/wa.me\/+8618128481258\"><strong>+86 18128481258<\/strong><\/a><br \/>\n<strong>(R\u00e9ponse sous 24h les jours ouvr\u00e9s)<\/strong><\/p>\n<\/div>\n<h3><strong>Merci d'avoir choisi pgvape.com ! .<\/strong><\/h3>\n<\/div>","protected":false},"excerpt":{"rendered":"<p><strong>Bo\u00eete \u00e0 Bang 35K<\/strong><strong>\u00a0bouff\u00e9es<\/strong>, <strong>d\u00e9bit d'air et puissance \u00e0 commande tactile<\/strong>, <strong>affichage sur deux \u00e9crans<\/strong>, <strong>puret\u00e9 d'une seule saveur<\/strong>, <strong>rechargeable<\/strong>.<strong>Touchez, r\u00e9glez, go\u00fbtez : la pr\u00e9cision dans chaque bouff\u00e9e.<\/strong><\/p>","protected":false},"featured_media":9227,"comment_status":"open","ping_status":"closed","template":"","meta":{"_seopress_robots_primary_cat":"","_seopress_titles_title":"","_seopress_titles_desc":"","_seopress_robots_index":""},"product_brand":[577,516],"product_cat":[197,576,515],"product_tag":[342,135,589,588,90],"class_list":{"0":"post-9212","1":"product","2":"type-product","3":"status-publish","4":"has-post-thumbnail","6":"product_brand-bang-box-vape","7":"product_brand-disposable-vape","8":"product_cat-35k-puffs-vape","9":"product_cat-bang-box-vape","10":"product_cat-disposable-vape","11":"product_tag-35k-puffs-vape","12":"product_tag-adjustable-airflow","13":"product_tag-adjustable-power","14":"product_tag-bang-box-35000","15":"product_tag-disposable-vape","17":"first","18":"instock","19":"sale","20":"shipping-taxable","21":"purchasable","22":"product-type-variable"},"_links":{"self":[{"href":"https:\/\/pgvape.com\/fr\/wp-json\/wp\/v2\/product\/9212","targetHints":{"allow":["GET"]}}],"collection":[{"href":"https:\/\/pgvape.com\/fr\/wp-json\/wp\/v2\/product"}],"about":[{"href":"https:\/\/pgvape.com\/fr\/wp-json\/wp\/v2\/types\/product"}],"replies":[{"embeddable":true,"href":"https:\/\/pgvape.com\/fr\/wp-json\/wp\/v2\/comments?post=9212"}],"wp:featuredmedia":[{"embeddable":true,"href":"https:\/\/pgvape.com\/fr\/wp-json\/wp\/v2\/media\/9227"}],"wp:attachment":[{"href":"https:\/\/pgvape.com\/fr\/wp-json\/wp\/v2\/media?parent=9212"}],"wp:term":[{"taxonomy":"product_brand","embeddable":true,"href":"https:\/\/pgvape.com\/fr\/wp-json\/wp\/v2\/product_brand?post=9212"},{"taxonomy":"product_cat","embeddable":true,"href":"https:\/\/pgvape.com\/fr\/wp-json\/wp\/v2\/product_cat?post=9212"},{"taxonomy":"product_tag","embeddable":true,"href":"https:\/\/pgvape.com\/fr\/wp-json\/wp\/v2\/product_tag?post=9212"}],"curies":[{"name":"wp","href":"https:\/\/api.w.org\/{rel}","templated":true}]}}