{"id":9152,"date":"2026-03-07T09:09:35","date_gmt":"2026-03-07T09:09:35","guid":{"rendered":"https:\/\/pgvape.com\/?post_type=product&#038;p=9152"},"modified":"2026-03-15T14:05:19","modified_gmt":"2026-03-15T14:05:19","slug":"uwin-boite-numerique-68000-68k-bouffees-vape-jetable-0-2-3-5nicotine-10-gout-affichage-numerique-led","status":"publish","type":"product","link":"https:\/\/pgvape.com\/fr\/produit\/uwin-boite-numerique-68000-68k-bouffees-vape-jetable-0-2-3-5nicotine-10-gout-affichage-numerique-led\/","title":{"rendered":"Uwin \u2013 bo\u00eete num\u00e9rique 68000 68k bouff\u00e9es, vape jetable 0% 2% 3% 5%Nicotine 10 go\u00fbts, affichage num\u00e9rique LED"},"content":{"rendered":"<p><strong>Bo\u00eete num\u00e9rique Uwin 68K<\/strong> livre <strong>68 000 bouff\u00e9es<\/strong> depuis <strong>20 ml<\/strong> d'e-liquide, aliment\u00e9 par un <strong>650 mAh Type-C<\/strong> batterie et <strong>0.6 Bobines \u00e0 double maille \u03a9<\/strong>.<br \/>\n<strong>Affichage intelligent du liquide et de la batterie<\/strong>, <strong>0 % \/ 2 % \/ 3 % \/ 5 %<\/strong> options de nicotine et <strong>10 saveurs premium<\/strong> te donner <strong class=\"\">capacit\u00e9 maximale, contr\u00f4le maximal<\/strong>\u2014<strong>10 pi\u00e8ces\/bo\u00eete<\/strong>, pr\u00eat pour la vente au d\u00e9tail\/en gros.<\/p>\n<p>&nbsp;<\/p>\n<h2><span style=\"font-size: 90%;\">Sp\u00e9cifications de vape jetables Uwin Digital Box 68000 68k Puffs<\/span><\/h2>\n<p><strong>Bouff\u00e9es<\/strong>: Jusqu'\u00e0 <strong>68,000<\/strong><\/p>\n<p><strong>E-Liquide<\/strong>: <strong>20 ml<\/strong> pr\u00e9-rempli<\/p>\n<p><strong>Nicotine<\/strong>: <strong>0 %, 2 %, 3 %, 5 %<\/strong> \u2013 quatre options de force<\/p>\n<p><strong>Batterie<\/strong>: <strong>650 mAh<\/strong>, <strong>Type-C<\/strong> charge rapide<\/p>\n<p><strong>Bobine<\/strong>: <strong>0.6 \u03a9 double maillage<\/strong> \u2013 chauffage plus rapide, vapeur plus dense, saveur plus riche<\/p>\n<p><strong>Afficher<\/strong>: <strong>Num\u00e9rique intelligent<\/strong> \u2013 niveaux de liquide et de batterie en temps r\u00e9el<\/p>\n<p><strong>Paquet<\/strong>: <strong class=\"\">10 pi\u00e8ces\/bo\u00eete<\/strong> \u2013 id\u00e9al pour la vente au d\u00e9tail et en vrac<\/p>\n<p><strong>Conception<\/strong>: \u00c9l\u00e9gant, moderne, optimis\u00e9 pour les gros utilisateurs<\/p>\n<p>&nbsp;<\/p>\n<h3><span style=\"font-size: 90%;\">Liste des saveurs de vape jetables Uwin Digital Box 68000 68k Puffs<\/span><\/h3>\n<p><strong>1. Myrtille Framboise<\/strong><\/p>\n<p><strong>2. Past\u00e8que aux fraises<\/strong><\/p>\n<p><strong>3. Glace \u00e0 la past\u00e8que<\/strong><\/p>\n<p><strong>4. Glace aux cerises<\/strong><\/p>\n<p><strong>5.Kiwi Passion-Fruit Goyave<\/strong><\/p>\n<p><strong>6. Glace \u00e0 la p\u00eache d'\u00e9t\u00e9<\/strong><\/p>\n<p><strong class=\"\">7.Kiwi aux fraises<\/strong><\/p>\n<p><strong>8. Baies m\u00e9lang\u00e9es<\/strong><\/p>\n<p><strong class=\"\">9.M. Bleu<\/strong><\/p>\n<p><strong>10.Red Bull<img loading=\"lazy\" decoding=\"async\" class=\"alignnone wp-image-9162 size-full\" src=\"https:\/\/pgvape.com\/wp-content\/uploads\/2026\/03\/Uwin-Digital-Box-68k-Puffs-Disposable-Vape-0-2-3-5Nicotine-10Taste-LED-Digital-Display-pgvape-3.png\" alt=\"Grille color\u00e9e d&#039;appareils de vape jetables UWIN dans des bo\u00eetiers lumineux, chacun affichant des noms de saveurs comme Blueberry Raspberry, Watermelon Ice, Strawberry Kiwi, Cherry Ice.\" width=\"1500\" height=\"1500\" srcset=\"https:\/\/pgvape.com\/wp-content\/uploads\/2026\/03\/Uwin-Digital-Box-68k-Puffs-Disposable-Vape-0-2-3-5Nicotine-10Taste-LED-Digital-Display-pgvape-3.png 1500w, https:\/\/pgvape.com\/wp-content\/uploads\/2026\/03\/Uwin-Digital-Box-68k-Puffs-Disposable-Vape-0-2-3-5Nicotine-10Taste-LED-Digital-Display-pgvape-3-360x360.png 360w, https:\/\/pgvape.com\/wp-content\/uploads\/2026\/03\/Uwin-Digital-Box-68k-Puffs-Disposable-Vape-0-2-3-5Nicotine-10Taste-LED-Digital-Display-pgvape-3-595x595.png 595w, https:\/\/pgvape.com\/wp-content\/uploads\/2026\/03\/Uwin-Digital-Box-68k-Puffs-Disposable-Vape-0-2-3-5Nicotine-10Taste-LED-Digital-Display-pgvape-3-400x400.png 400w, https:\/\/pgvape.com\/wp-content\/uploads\/2026\/03\/Uwin-Digital-Box-68k-Puffs-Disposable-Vape-0-2-3-5Nicotine-10Taste-LED-Digital-Display-pgvape-3-768x768.png 768w, https:\/\/pgvape.com\/wp-content\/uploads\/2026\/03\/Uwin-Digital-Box-68k-Puffs-Disposable-Vape-0-2-3-5Nicotine-10Taste-LED-Digital-Display-pgvape-3-12x12.png 12w, https:\/\/pgvape.com\/wp-content\/uploads\/2026\/03\/Uwin-Digital-Box-68k-Puffs-Disposable-Vape-0-2-3-5Nicotine-10Taste-LED-Digital-Display-pgvape-3-300x300.png 300w, https:\/\/pgvape.com\/wp-content\/uploads\/2026\/03\/Uwin-Digital-Box-68k-Puffs-Disposable-Vape-0-2-3-5Nicotine-10Taste-LED-Digital-Display-pgvape-3-600x600.png 600w, https:\/\/pgvape.com\/wp-content\/uploads\/2026\/03\/Uwin-Digital-Box-68k-Puffs-Disposable-Vape-0-2-3-5Nicotine-10Taste-LED-Digital-Display-pgvape-3-100x100.png 100w\" sizes=\"auto, (max-width: 1500px) 100vw, 1500px\" \/><\/strong><\/p>\n<p>&nbsp;<\/p>\n<h2 class=\"header-vfC6AV auto-hide-last-sibling-br\">FAQ sur la vape jetable Uwin Digital Box 68000 68k Puffs<\/h2>\n<p>\u2753 <strong class=\"\">Qu\u2019est-ce qui le distingue ?<\/strong><br \/>\n\u2705 <strong>68 000 bouff\u00e9es<\/strong> + <strong>affichage num\u00e9rique intelligent<\/strong> \u2013 l\u2019ultra-haute capacit\u00e9 rencontre la technologie avanc\u00e9e.<\/p>\n<p>\u2753 <strong>Combien de temps durent 68 000 bouff\u00e9es ?<\/strong><br \/>\n\u2705 <strong>Utilisation prolong\u00e9e<\/strong> \u2013 beaucoup moins de remplacements par rapport aux produits jetables standards.<\/p>\n<p>\u2753 <strong>Personnalisation de la nicotine ?<\/strong><br \/>\n\u2705 <strong>Quatre options<\/strong>: <strong>0 %<\/strong> (sans nicotine), <strong>2 %<\/strong>, <strong>3 %<\/strong>, <strong>5 %<\/strong> \u2013 choisissez votre satisfaction.<\/p>\n<p>\u2753 <strong>Technologie de bobine ?<\/strong><br \/>\n\u2705 <strong>0.6 \u03a9 double maillage<\/strong> \u2013 chaleur rapide, tirages doux, couches de saveurs riches, nuages \u200b\u200bdenses.<\/p>\n<p>\u2753 <strong class=\"\">Est-ce rechargeable ?<\/strong><br \/>\n\u2705 <strong>650 mAh<\/strong> + <strong>Type-C<\/strong> \u2013 puissance stable, recharge rapide et pratique.<\/p>\n<p>\u2753 <strong>Comment puis-je surveiller les niveaux\u00a0?<\/strong><br \/>\n\u2705 <strong>Affichage intelligent<\/strong> \u2013 en temps r\u00e9el <strong class=\"\">batterie %<\/strong> et <strong>statut e-liquide<\/strong> \u2013 pas de surprise.<\/p>\n<p>\u2753 <strong>La vente au d\u00e9tail\/en gros est-elle adapt\u00e9e\u00a0?<\/strong><br \/>\n\u2705 <strong>10 pi\u00e8ces\/bo\u00eete<\/strong> \u2013 parfait pour <strong>boutiques de vape, distributeurs, acheteurs en gros<\/strong>.<\/p>\n<p>\u2753 <strong>C'est pour qui ?<\/strong><br \/>\n\u2705 <strong>Gros utilisateurs<\/strong> en cherchant <strong>haute capacit\u00e9<\/strong>, <strong>rechargeable<\/strong>, <strong class=\"\">\u00e9cran intelligent<\/strong> performances haut de gamme.<\/p>\n<p>&nbsp;<\/p>\n<h3 id=\"brxe-najhln\" class=\"brxe-heading\">Foire aux questions (FAQ)<\/h3>\n<div id=\"brxe-rajiac\" class=\"brxe-text\">\n<p><strong>Q : Quels modes de paiement acceptez-vous ?<\/strong><br \/>\nR\u00a0: Nous acceptons PayPal, Stripe, les virements bancaires (pris en charge par SEPA), les principales cartes de cr\u00e9dit (Visa, MasterCard, American Express) et les paiements en crypto-monnaie.<\/p>\n<p><strong>Q : Combien de temps prend la pr\u00e9paration d\u2019une commande ?<\/strong><br \/>\nR : La pr\u00e9paration de la commande prend 1 \u00e0 3 jours ouvrables.<\/p>\n<p><strong>Q : Quel est le d\u00e9lai de livraison ?<\/strong><br \/>\nR : Le d\u00e9lai de livraison est de 7 \u00e0 14 jours ouvrables, selon votre emplacement.<\/p>\n<p><strong>Q : Comment puis-je suivre ma commande ?<\/strong><br \/>\nR : Apr\u00e8s l'exp\u00e9dition, vous recevrez un e-mail de confirmation avec un num\u00e9ro de suivi pour un suivi en temps r\u00e9el.<\/p>\n<p><strong>Q : Quelle est votre politique de retour ?<\/strong><br \/>\nR : Nous proposons une politique de retour de 30 jours pour les remboursements ou les \u00e9changes. .<\/p>\n<p><strong>Q : Y aura-t-il des probl\u00e8mes douaniers ?<br \/>\n<\/strong>Nous prenons en charge toutes les proc\u00e9dures de d\u00e9douanement pour vous garantir une exp\u00e9rience sans tracas. .<\/p>\n<p><strong>Q : Quelles m\u00e9thodes d\u2019exp\u00e9dition sont utilis\u00e9es ?<\/strong><br \/>\nNous coop\u00e9rons avec UPS\/DHL\/FEDEX\/DPD, etc. Nous choisirons l'option d'exp\u00e9dition appropri\u00e9e en fonction du pays de livraison pour garantir que vous recevez vos produits le plus rapidement possible.<\/p>\n<p><a href=\"https:\/\/pgvape.com\/fr\/faq\/\">Cliquez ici pour plus de FAQ<\/a><\/p>\n<p>Chers clients, Si vous avez des questions concernant votre commande ou l'arriv\u00e9e des marchandises, n'h\u00e9sitez pas \u00e0 contacter notre service client. Merci !<\/p>\n<h3 data-sourcepos=\"73:1-73:21\"><strong data-sourcepos=\"73:7-73:21\">Contactez-nous<\/strong><\/h3>\n<div id=\"text-2419739398\" class=\"text\">\n<p><strong data-sourcepos=\"75:3-75:12\">E-mail<\/strong>:\u00a0<a href=\"mailto:support@pgvape.com\"><strong>support@pgvape.com<\/strong><\/a><\/p>\n<p><strong data-sourcepos=\"76:3-76:15\">WhatsApp<\/strong>:\u00a0<a href=\"https:\/\/wa.me\/+8618128481258\"><strong>+86 18128481258<\/strong><\/a><br \/>\n<strong>(R\u00e9ponse sous 24h les jours ouvr\u00e9s)<\/strong><\/p>\n<\/div>\n<h3><strong>Merci d'avoir choisi pgvape.com ! .<\/strong><\/h3>\n<\/div>","protected":false},"excerpt":{"rendered":"<p><strong>Bo\u00eete Num\u00e9rique Uwin 68000<\/strong> \u2013 <strong>68 000 bouff\u00e9es<\/strong>, <strong>20 ml<\/strong>, <strong>0.6 \u03a9 double maillage<\/strong>, <strong>affichage intelligent<\/strong>, <strong>quatre niveaux de nicotine<\/strong>, <strong>Type-C<\/strong>.<strong class=\"\">Pr\u00e9cision num\u00e9rique, endurance maximale, votre force.<\/strong><\/p>","protected":false},"featured_media":9160,"comment_status":"open","ping_status":"closed","template":"","meta":{"_seopress_robots_primary_cat":"none","_seopress_titles_title":"","_seopress_titles_desc":"","_seopress_robots_index":""},"product_brand":[516,207],"product_cat":[584,515,205],"product_tag":[586,90,250,585],"class_list":{"0":"post-9152","1":"product","2":"type-product","3":"status-publish","4":"has-post-thumbnail","6":"product_brand-disposable-vape","7":"product_brand-uwin-vape","8":"product_cat-68k-puffs-vape","9":"product_cat-disposable-vape","10":"product_cat-uwin-vape","11":"product_tag-68k-puffs-vape","12":"product_tag-disposable-vape","13":"product_tag-led-digital-display","14":"product_tag-uwin-digital-box-68000","16":"first","17":"instock","18":"sale","19":"shipping-taxable","20":"purchasable","21":"product-type-variable"},"_links":{"self":[{"href":"https:\/\/pgvape.com\/fr\/wp-json\/wp\/v2\/product\/9152","targetHints":{"allow":["GET"]}}],"collection":[{"href":"https:\/\/pgvape.com\/fr\/wp-json\/wp\/v2\/product"}],"about":[{"href":"https:\/\/pgvape.com\/fr\/wp-json\/wp\/v2\/types\/product"}],"replies":[{"embeddable":true,"href":"https:\/\/pgvape.com\/fr\/wp-json\/wp\/v2\/comments?post=9152"}],"wp:featuredmedia":[{"embeddable":true,"href":"https:\/\/pgvape.com\/fr\/wp-json\/wp\/v2\/media\/9160"}],"wp:attachment":[{"href":"https:\/\/pgvape.com\/fr\/wp-json\/wp\/v2\/media?parent=9152"}],"wp:term":[{"taxonomy":"product_brand","embeddable":true,"href":"https:\/\/pgvape.com\/fr\/wp-json\/wp\/v2\/product_brand?post=9152"},{"taxonomy":"product_cat","embeddable":true,"href":"https:\/\/pgvape.com\/fr\/wp-json\/wp\/v2\/product_cat?post=9152"},{"taxonomy":"product_tag","embeddable":true,"href":"https:\/\/pgvape.com\/fr\/wp-json\/wp\/v2\/product_tag?post=9152"}],"curies":[{"name":"wp","href":"https:\/\/api.w.org\/{rel}","templated":true}]}}