{"id":9072,"date":"2026-03-06T11:11:43","date_gmt":"2026-03-06T11:11:43","guid":{"rendered":"https:\/\/pgvape.com\/?post_type=product&#038;p=9072"},"modified":"2026-03-15T14:05:19","modified_gmt":"2026-03-15T14:05:19","slug":"uor-twins-80k-bouffees-2in1-saveur-vape-jetable-2-5nicotine-10-gout-affichage-led","status":"publish","type":"product","link":"https:\/\/pgvape.com\/fr\/produit\/uor-twins-80k-bouffees-2in1-saveur-vape-jetable-2-5nicotine-10-gout-affichage-led\/","title":{"rendered":"UOR Twins 80K Puffs 2in1 Saveur jetable Vape 2% 5%Nicotine 10Taste LED Display"},"content":{"rendered":"<p><strong>Jumeaux UOR 80K<\/strong> livre <strong>80 000 bouff\u00e9es<\/strong> depuis <strong>deux r\u00e9servoirs de 20 ml<\/strong> (40 ml au total), aliment\u00e9 par un <strong>650 mAh Type-C<\/strong> batterie et <strong>Bobines \u00e0 double maille de 0,9 \u03a9<\/strong>.<br \/>\n<strong>Syst\u00e8me de saveur \u00e0 interrupteur coulissant<\/strong>, <strong>\u00c9cran intelligent LED<\/strong>, <strong>2 % \/ 5 %<\/strong> la nicotine et <strong>10 accords de saveurs<\/strong> te donner <strong class=\"\">double le go\u00fbt, double la vie<\/strong>\u2014 pr\u00eat pour la vente en gros <strong>10 pi\u00e8ces\/bo\u00eete<\/strong>.<\/p>\n<p>&nbsp;<\/p>\n<h2><span style=\"font-size: 90%;\">Sp\u00e9cifications de la vape jetable \u00e0 saveur UOR Twins 80K Puffs 2in1\u00a0:<\/span><\/h2>\n<p><strong>Bouff\u00e9es<\/strong>: Jusqu'\u00e0 <strong class=\"\">80,000<\/strong><\/p>\n<p><strong>E-Liquide<\/strong>: <strong>20 ml \u00d7 2<\/strong> double r\u00e9servoir = <strong>40 ml<\/strong> total<\/p>\n<p><strong>Nicotine<\/strong>: <strong class=\"\">2 %, 5 %<\/strong> options de sel<\/p>\n<p><strong>Batterie<\/strong>: <strong>650 mAh<\/strong>, <strong>Type-C<\/strong> charge rapide<\/p>\n<p><strong>Bobines<\/strong>: <strong>Double maille 0,9 \u03a9<\/strong> \u2013 vapeur plus douce, saveur plus riche<\/p>\n<p><strong>Changer<\/strong>: <strong>Glisser pour basculer<\/strong> \u2013 changement de saveur instantan\u00e9<\/p>\n<p><strong>Afficher<\/strong>: <strong>DIRIG\u00c9<\/strong> - \u00e9tat de la batterie et de l'utilisation<\/p>\n<p><strong>Exp\u00e9dition<\/strong>: UPS\/DHL\/FEDEX\/DPD \u2013 <strong>7-15 jours ouvrables<\/strong>, d\u00e9douan\u00e9, <strong>100 % de garantie<\/strong><\/p>\n<p>&nbsp;<\/p>\n<h3><span style=\"font-size: 90%;\">Liste des saveurs de vape jetables \u00e0 saveur 2 en 1 UOR Twins 80K Puffs\u00a0:<\/span><\/h3>\n<p><strong class=\"\">1.Myrtille Framboise &amp; Amour 66<\/strong><\/p>\n<p><strong class=\"\">2.Blue Razz Ice &amp; Kiwi Passion-Fruit Goyave<\/strong><\/p>\n<p><strong class=\"\">3. Glace aux bleuets et Lady Killa<\/strong><\/p>\n<p><strong class=\"\">4. Glace aux raisins et glace aux triples baies<\/strong><\/p>\n<p><strong>5.Soda \u00e0 l'orange et fruits tropicaux<\/strong><\/p>\n<p><strong>6. Glace p\u00eache, mangue et fraise<\/strong><\/p>\n<p><strong class=\"\">7.Fraise Kiwi et baies m\u00e9lang\u00e9es<\/strong><\/p>\n<p><strong class=\"\">8. Past\u00e8que aux fraises et Red Bull<\/strong><\/p>\n<p><strong>9.Fraise Banane &amp; Fraise Mangue<\/strong><\/p>\n<p><strong class=\"\">10. Glace \u00e0 la past\u00e8que et double pomme<img loading=\"lazy\" decoding=\"async\" class=\"alignnone wp-image-9077 size-full\" src=\"https:\/\/pgvape.com\/wp-content\/uploads\/2026\/03\/UOR-Twins-80K-Puffs-2in1-Flavor-Disposable-Vape-0-2-3-5Nicotine-10Taste-LED-Display-pgvape-3.png\" alt=\"Promo UJR Twins 80K Double Flavour montrant dix paires de saveurs, chacune avec deux sachets de jus et des images de fruits sur un fond d\u00e9grad\u00e9 bleu.\" width=\"1079\" height=\"1500\" srcset=\"https:\/\/pgvape.com\/wp-content\/uploads\/2026\/03\/UOR-Twins-80K-Puffs-2in1-Flavor-Disposable-Vape-0-2-3-5Nicotine-10Taste-LED-Display-pgvape-3.png 1079w, https:\/\/pgvape.com\/wp-content\/uploads\/2026\/03\/UOR-Twins-80K-Puffs-2in1-Flavor-Disposable-Vape-0-2-3-5Nicotine-10Taste-LED-Display-pgvape-3-259x360.png 259w, https:\/\/pgvape.com\/wp-content\/uploads\/2026\/03\/UOR-Twins-80K-Puffs-2in1-Flavor-Disposable-Vape-0-2-3-5Nicotine-10Taste-LED-Display-pgvape-3-595x827.png 595w, https:\/\/pgvape.com\/wp-content\/uploads\/2026\/03\/UOR-Twins-80K-Puffs-2in1-Flavor-Disposable-Vape-0-2-3-5Nicotine-10Taste-LED-Display-pgvape-3-288x400.png 288w, https:\/\/pgvape.com\/wp-content\/uploads\/2026\/03\/UOR-Twins-80K-Puffs-2in1-Flavor-Disposable-Vape-0-2-3-5Nicotine-10Taste-LED-Display-pgvape-3-768x1068.png 768w, https:\/\/pgvape.com\/wp-content\/uploads\/2026\/03\/UOR-Twins-80K-Puffs-2in1-Flavor-Disposable-Vape-0-2-3-5Nicotine-10Taste-LED-Display-pgvape-3-9x12.png 9w, https:\/\/pgvape.com\/wp-content\/uploads\/2026\/03\/UOR-Twins-80K-Puffs-2in1-Flavor-Disposable-Vape-0-2-3-5Nicotine-10Taste-LED-Display-pgvape-3-600x834.png 600w\" sizes=\"auto, (max-width: 1079px) 100vw, 1079px\" \/><\/strong><\/p>\n<p>&nbsp;<\/p>\n<h3><span style=\"font-size: 90%;\">Saveur jetable de Vape de saveur des bouff\u00e9es 2in1 des jumeaux 80K d'UOR <\/span>Vid\u00e9o<span style=\"font-size: 90%;\">:<\/span><\/h3>\n<p><iframe loading=\"lazy\" title=\"UOR Twins 80K Puffs 2in1 Saveur Jetable Vape 10Taste LED Affichage Vape Usine En Gros pgvape\" width=\"563\" height=\"1000\" src=\"https:\/\/www.youtube.com\/embed\/GzVo1VLCeSc?feature=oembed\" frameborder=\"0\" allow=\"accelerometer; autoplay; clipboard-write; encrypted-media; gyroscope; picture-in-picture; web-share\" referrerpolicy=\"strict-origin-when-cross-origin\" allowfullscreen><\/iframe><\/p>\n<p>&nbsp;<\/p>\n<h2>FAQ sur la vape jetable \u00e0 saveur UOR Twins 80K Puffs 2en1<\/h2>\n<p>\u2753 <strong>Combien de bouff\u00e9es par appareil ?<\/strong><br \/>\n\u2705 \u00c9valu\u00e9 en usine <strong>80 000 bouff\u00e9es<\/strong>\u2014months of daily use.<\/p>\n<p>\u2753 <strong>Comment changer de saveur ?<\/strong><br \/>\n\u2705 <strong>M\u00e9canisme coulissant pour interrupteur<\/strong>-basculez instantan\u00e9ment entre <strong>deux r\u00e9servoirs de 20 ml<\/strong>.<\/p>\n<p>\u2753 <strong>Est-ce rechargeable ?<\/strong><br \/>\n\u2705 <strong>650 mAh<\/strong> batterie + <strong>Type-C<\/strong> port; charge compl\u00e8te en ~ 30 min.<\/p>\n<p>\u2753 <strong>Quelle technologie de bobine est utilis\u00e9e ?<\/strong><br \/>\n\u2705 <strong>Bobines \u00e0 double maille de 0,9 \u03a9<\/strong>\u2014production de vapeur am\u00e9lior\u00e9e, go\u00fbt plus riche.<\/p>\n<p>\u2753 <strong>Quels sont les dosages de nicotine propos\u00e9s ?<\/strong><br \/>\n\u2705 <strong>2 %<\/strong> lisse ou <strong class=\"\">5 %<\/strong> fort \u2013 choisissez \u00e0 la caisse.<\/p>\n<p>\u2753 <strong>Comment puis-je surveiller l'\u00e9tat\u00a0?<\/strong><br \/>\n\u2705 <strong>Affichage LED<\/strong> montre <strong>batterie %<\/strong> et <strong>informations d'utilisation<\/strong> en un coup d'\u0153il.<\/p>\n<p>\u2753 <strong>Modes et d\u00e9lais d'exp\u00e9dition ?<\/strong><br \/>\n\u2705 <strong>UPS\/DHL\/FEDEX\/DPD<\/strong>\u2014<strong class=\"\">7-15 jours ouvrables<\/strong> (jusqu'\u00e0 20 en vacances\/intemp\u00e9ries).<\/p>\n<p>\u2753 <strong>Est-ce que \u00e7a passera la douane ?<\/strong><br \/>\n\u2705 <strong>100 % garantie d\u00e9douanement<\/strong>\u2014 pas de taxes, pas de frais, nous nous occupons de la paperasse.<\/p>\n<p>\u2753 <strong>Le paiement est-il s\u00e9curis\u00e9 ?<\/strong><br \/>\n\u2705 <strong>PayPal pris en charge<\/strong> avec <strong>protection de l'acheteur<\/strong>-v\u00e9rifier <strong>Avis sur TrustPilot<\/strong> pour v\u00e9rification.<\/p>\n<p>&nbsp;<\/p>\n<h3 id=\"brxe-najhln\" class=\"brxe-heading\">Foire aux questions (FAQ)<\/h3>\n<div id=\"brxe-rajiac\" class=\"brxe-text\">\n<p><strong>Q : Quels modes de paiement acceptez-vous ?<\/strong><br \/>\nR\u00a0: Nous acceptons PayPal, Stripe, les virements bancaires (pris en charge par SEPA), les principales cartes de cr\u00e9dit (Visa, MasterCard, American Express) et les paiements en crypto-monnaie.<\/p>\n<p><strong>Q : Combien de temps prend la pr\u00e9paration d\u2019une commande ?<\/strong><br \/>\nR : La pr\u00e9paration de la commande prend 1 \u00e0 3 jours ouvrables.<\/p>\n<p><strong>Q : Quel est le d\u00e9lai de livraison ?<\/strong><br \/>\nR : Le d\u00e9lai de livraison est de 7 \u00e0 14 jours ouvrables, selon votre emplacement. Les marchandises exp\u00e9di\u00e9es depuis des entrep\u00f4ts europ\u00e9ens prennent g\u00e9n\u00e9ralement 3 \u00e0 6 jours ouvrables pour \u00eatre livr\u00e9es.<\/p>\n<p><strong>Q : Comment puis-je suivre ma commande ?<\/strong><br \/>\nR : Apr\u00e8s l'exp\u00e9dition, vous recevrez un e-mail de confirmation avec un num\u00e9ro de suivi pour un suivi en temps r\u00e9el.<\/p>\n<p><strong>Q : Quelle est votre politique de retour ?<\/strong><br \/>\nR : Nous proposons une politique de retour de 30 jours pour les remboursements ou les \u00e9changes. .<\/p>\n<p><strong>Q : Y aura-t-il des probl\u00e8mes douaniers ?<br \/>\n<\/strong>Nous prenons en charge toutes les proc\u00e9dures de d\u00e9douanement pour vous garantir une exp\u00e9rience sans tracas. .<\/p>\n<p><strong>Q : Quelles m\u00e9thodes d\u2019exp\u00e9dition sont utilis\u00e9es ?<\/strong><br \/>\nNous coop\u00e9rons avec UPS\/DHL\/FEDEX\/DPD, etc. Nous choisirons l'option d'exp\u00e9dition appropri\u00e9e en fonction du pays de livraison pour garantir que vous recevez vos produits le plus rapidement possible.<\/p>\n<p><a href=\"https:\/\/pgvape.com\/fr\/faq\/\">Cliquez ici pour plus de FAQ<\/a><\/p>\n<p>Chers clients, Si vous avez des questions concernant votre commande ou l'arriv\u00e9e des marchandises, n'h\u00e9sitez pas \u00e0 contacter notre service client. Merci !<\/p>\n<h3 data-sourcepos=\"73:1-73:21\"><strong data-sourcepos=\"73:7-73:21\">Contactez-nous<\/strong><\/h3>\n<div id=\"text-2419739398\" class=\"text\">\n<p><strong data-sourcepos=\"75:3-75:12\">E-mail<\/strong>:\u00a0<a href=\"mailto:support@pgvape.com\"><strong>support@pgvape.com<\/strong><\/a><\/p>\n<p><strong data-sourcepos=\"76:3-76:15\">WhatsApp<\/strong>:\u00a0<a href=\"https:\/\/wa.me\/+8618128481258\"><strong>+86 18128481258<\/strong><\/a><br \/>\n<strong>(R\u00e9ponse sous 24h les jours ouvr\u00e9s)<\/strong><\/p>\n<\/div>\n<h3><strong>Merci d'avoir choisi pgvape.com ! .<\/strong><\/h3>\n<\/div>","protected":false},"excerpt":{"rendered":"<p><strong data-sourcepos=\"64:1-64:188\">\u201cUOR TWINS 80K\u00a0: le produit jetable double saveur ultime avec 80 000 bouff\u00e9es, une technologie d'interrupteur \u00e0 glissi\u00e8re et un \u00e9cran LED intelligent. Parfait pour les d\u00e9taillants \u00e0 la recherche de produits innovants \u00e0 forte marge.\u201d<\/strong><\/p>","protected":false},"featured_media":9075,"comment_status":"open","ping_status":"closed","template":"","meta":{"_seopress_robots_primary_cat":"none","_seopress_titles_title":"","_seopress_titles_desc":"","_seopress_robots_index":""},"product_brand":[516,345],"product_cat":[41,515,344],"product_tag":[581,465,90,490,580],"class_list":{"0":"post-9072","1":"product","2":"type-product","3":"status-publish","4":"has-post-thumbnail","6":"product_brand-disposable-vape","7":"product_brand-uor-vape","8":"product_cat-80k-puffs-vape","9":"product_cat-disposable-vape","10":"product_cat-uor-vape","11":"product_tag-2in1-flavor","12":"product_tag-80k-puffs-vape","13":"product_tag-disposable-vape","14":"product_tag-minimum-2-pieces","15":"product_tag-uor-twins-80k","17":"first","18":"instock","19":"sale","20":"shipping-taxable","21":"purchasable","22":"product-type-variable"},"_links":{"self":[{"href":"https:\/\/pgvape.com\/fr\/wp-json\/wp\/v2\/product\/9072","targetHints":{"allow":["GET"]}}],"collection":[{"href":"https:\/\/pgvape.com\/fr\/wp-json\/wp\/v2\/product"}],"about":[{"href":"https:\/\/pgvape.com\/fr\/wp-json\/wp\/v2\/types\/product"}],"replies":[{"embeddable":true,"href":"https:\/\/pgvape.com\/fr\/wp-json\/wp\/v2\/comments?post=9072"}],"wp:featuredmedia":[{"embeddable":true,"href":"https:\/\/pgvape.com\/fr\/wp-json\/wp\/v2\/media\/9075"}],"wp:attachment":[{"href":"https:\/\/pgvape.com\/fr\/wp-json\/wp\/v2\/media?parent=9072"}],"wp:term":[{"taxonomy":"product_brand","embeddable":true,"href":"https:\/\/pgvape.com\/fr\/wp-json\/wp\/v2\/product_brand?post=9072"},{"taxonomy":"product_cat","embeddable":true,"href":"https:\/\/pgvape.com\/fr\/wp-json\/wp\/v2\/product_cat?post=9072"},{"taxonomy":"product_tag","embeddable":true,"href":"https:\/\/pgvape.com\/fr\/wp-json\/wp\/v2\/product_tag?post=9072"}],"curies":[{"name":"wp","href":"https:\/\/api.w.org\/{rel}","templated":true}]}}