{"id":8998,"date":"2026-02-28T20:47:28","date_gmt":"2026-02-28T20:47:28","guid":{"rendered":"https:\/\/pgvape.com\/?post_type=product&#038;p=8998"},"modified":"2026-03-15T13:48:39","modified_gmt":"2026-03-15T13:48:39","slug":"bang-king-250000-250k-bouffees-4in1-saveur-vape-jetable-0-2-3-5nicotine-10-gout-ecran-led-intelligent","status":"publish","type":"product","link":"https:\/\/pgvape.com\/fr\/produit\/bang-king-250000-250k-bouffees-4in1-saveur-vape-jetable-0-2-3-5nicotine-10-gout-ecran-led-intelligent\/","title":{"rendered":"Bang King 250000 250k Puffs 4in1 Saveur Vape jetable 0% 2% 3% 5%Nicotine 10Taste \u00c9cran LED intelligent"},"content":{"rendered":"<p><strong>Bang Roi 250K<\/strong> r\u00e8gne avec <strong>250 000 bouff\u00e9es<\/strong> via un <strong>4-in-1 multi-flavor switching system<\/strong>, tir\u00e9 par un <strong class=\"\">650 mAh Type-C<\/strong> batterie et <strong>Bobine de maille de 1,0 \u03a9<\/strong>.<br \/>\n<strong>Instant flavor rotation<\/strong>, <strong>0 % \/ 2 % \/ 3 % \/ 5 %<\/strong> la nicotine et <strong>personnalisation compl\u00e8te OEM\/ODM<\/strong> faites-en l'ultime <strong>vente en gros\/marque priv\u00e9e<\/strong> centrale.<\/p>\n<p>&nbsp;<\/p>\n<h2><span style=\"font-size: 90%;\">Bang King 250000 250k Puffs 4in1 Saveur Vape jetable Sp\u00e9cifications\u00a0:<\/span><\/h2>\n<p><strong>Bouff\u00e9es<\/strong>: Jusqu'\u00e0 <strong>250,000<\/strong><\/p>\n<p><strong>Syst\u00e8me de saveur<\/strong>: <strong>4-en-1<\/strong> \u2013 <strong>quatre saveurs premium<\/strong>, commutation instantan\u00e9e<\/p>\n<p><strong>Batterie<\/strong>: <strong>650 mAh<\/strong>, <strong class=\"\">Type-C<\/strong> charge rapide<\/p>\n<p><strong>Bobine<\/strong>: <strong>Maille de 1,0 \u03a9<\/strong> \u2013 doux, intense, dense<\/p>\n<p><strong>Nicotine<\/strong>: <strong>0 %, 2 %, 3 %, 5 %<\/strong> options de sel<\/p>\n<p><strong>Personnalisation<\/strong>: <strong>OEM\/ODM<\/strong> \u2013 marque priv\u00e9e, marque du distributeur<\/p>\n<p><strong>Cible<\/strong>: <strong>Segment ultra-haute bouff\u00e9e<\/strong>, vente en gros en gros volume<\/p>\n<p>&nbsp;<\/p>\n<h3><span style=\"font-size: 90%;\">Liste des saveurs de vape jetables \u00e0 saveur Bang King 250000 250k Puffs 4en1\u00a0:<\/span><\/h3>\n<p>1.Lemon Lime &amp; Watermelon Ice &amp; Black Ice Dragon Fruit Strawberry &amp; Love 66<\/p>\n<p>2. Glace au citron vert et \u00e0 la fraise, \u00e0 la framboise, \u00e0 la past\u00e8que et \u00e0 la cerise p\u00e9tillante<\/p>\n<p>3.Vanilla Cola &amp; Lemon Peach &amp; Strawberry Raspberry Cherry Ice &amp; Grape Ice<\/p>\n<p>4. Limonade rose et kiwi, fruit de la passion, goyave, p\u00eache, baies et fraise banane<\/p>\n<p>5.Grape Burst &amp; Lychee Ice &amp; Peach Berry &amp; Kiwi Passion Fruit Guava<\/p>\n<p>6.Strawberry Mango &amp; Blue Razz Lemonade &amp; Vanilla Ice Cream &amp; Sour Triple Berry<\/p>\n<p>7. Glace \u00e0 la past\u00e8que et \u00e0 la fraise, \u00e0 la mangue et \u00e0 la myrtille et \u00e0 la cerise p\u00e9tillante<\/p>\n<p>8.M\u00e9lange de baies et de cerises, de citron et de fraise, de kiwi et de bubblegum \u00e0 la fraise et \u00e0 la past\u00e8que<\/p>\n<p>9. Rafra\u00eechisseur de fraise, past\u00e8que, cerise, glace \u00e0 la p\u00eache juteuse et pamplemousse<\/p>\n<p>10.Mojito &amp; Monster Mango &amp; Lady Killer &amp; Limonade Rose<img loading=\"lazy\" decoding=\"async\" class=\"alignnone wp-image-9004 size-full\" src=\"https:\/\/pgvape.com\/wp-content\/uploads\/2026\/02\/Bang-King-250k-Puffs-4-in-1-Flavor-Disposable-Vape-0-2-3-5Nicotine-10Taste-Smart-LED-Screen-2.png\" alt=\"Banni\u00e8re Bright Bang King Quads 4 en 1 avec des bouteilles color\u00e9es et un panneau lat\u00e9ral droit r\u00e9pertoriant 10 saveurs.\" width=\"2000\" height=\"1200\" srcset=\"https:\/\/pgvape.com\/wp-content\/uploads\/2026\/02\/Bang-King-250k-Puffs-4-in-1-Flavor-Disposable-Vape-0-2-3-5Nicotine-10Taste-Smart-LED-Screen-2.png 2000w, https:\/\/pgvape.com\/wp-content\/uploads\/2026\/02\/Bang-King-250k-Puffs-4-in-1-Flavor-Disposable-Vape-0-2-3-5Nicotine-10Taste-Smart-LED-Screen-2-555x333.png 555w, https:\/\/pgvape.com\/wp-content\/uploads\/2026\/02\/Bang-King-250k-Puffs-4-in-1-Flavor-Disposable-Vape-0-2-3-5Nicotine-10Taste-Smart-LED-Screen-2-595x357.png 595w, https:\/\/pgvape.com\/wp-content\/uploads\/2026\/02\/Bang-King-250k-Puffs-4-in-1-Flavor-Disposable-Vape-0-2-3-5Nicotine-10Taste-Smart-LED-Screen-2-400x240.png 400w, https:\/\/pgvape.com\/wp-content\/uploads\/2026\/02\/Bang-King-250k-Puffs-4-in-1-Flavor-Disposable-Vape-0-2-3-5Nicotine-10Taste-Smart-LED-Screen-2-768x461.png 768w, https:\/\/pgvape.com\/wp-content\/uploads\/2026\/02\/Bang-King-250k-Puffs-4-in-1-Flavor-Disposable-Vape-0-2-3-5Nicotine-10Taste-Smart-LED-Screen-2-1536x922.png 1536w, https:\/\/pgvape.com\/wp-content\/uploads\/2026\/02\/Bang-King-250k-Puffs-4-in-1-Flavor-Disposable-Vape-0-2-3-5Nicotine-10Taste-Smart-LED-Screen-2-18x12.png 18w, https:\/\/pgvape.com\/wp-content\/uploads\/2026\/02\/Bang-King-250k-Puffs-4-in-1-Flavor-Disposable-Vape-0-2-3-5Nicotine-10Taste-Smart-LED-Screen-2-600x360.png 600w\" sizes=\"auto, (max-width: 2000px) 100vw, 2000px\" \/><\/p>\n<p>&nbsp;<\/p>\n<h2><span style=\"font-size: 90%;\">FAQ sur la vape jetable \u00e0 saveur Bang King 250000 250k Puffs 4en1<\/span><\/h2>\n<p>\u2753 <strong>Combien de bouff\u00e9es par appareil ?<\/strong><br \/>\n\u2705 \u00c9valu\u00e9 en usine <strong>250 000 bouff\u00e9es<\/strong>\u2014quarter-million clouds, months of use.<\/p>\n<p>\u2753 <strong>Comment changer de saveur ?<\/strong><br \/>\n\u2705 <strong>4-in-1 multi-flavor system<\/strong>: faites pivoter ou cliquez pour <strong>changer instantan\u00e9ment<\/strong> entre <strong>quatre go\u00fbts distincts<\/strong>.<\/p>\n<p>\u2753 <strong>Est-ce rechargeable ?<\/strong><br \/>\n\u2705 <strong>650 mAh<\/strong> batterie + <strong>Type-C<\/strong> charge rapide : temps d'arr\u00eat minimal.<\/p>\n<p>\u2753 <strong>Quelle bobine y a-t-il \u00e0 l'int\u00e9rieur ?<\/strong><br \/>\n\u2705 <strong>Bobine de maille de 1,0 \u03a9<\/strong>\u2014puissance stable, saveur riche, vapeur dense.<\/p>\n<p>\u2753 <strong>Puis-je personnaliser la marque\u00a0?<\/strong><br \/>\n\u2705 <strong>Full OEM\/ODM support<\/strong>\u2014marque priv\u00e9e, marque de distributeur, se d\u00e9marquer dans le <strong>ultra-high-puff market<\/strong>.<\/p>\n<p>\u2753 <strong>Quels sont les dosages de nicotine propos\u00e9s ?<\/strong><br \/>\n\u2705 <strong>0 %, 2 %, 3 %, 5 %<\/strong>\u2014 flexible pour tous les types d\u2019utilisateurs.<\/p>\n<p>\u2753 <strong>C'est pour qui ?<\/strong><br \/>\n\u2705 <strong>Gros utilisateurs<\/strong>, <strong>partenaires grossistes<\/strong>, <strong>distributeurs<\/strong> en cherchant <strong>maximum capacity + variety + customization<\/strong>.<\/p>\n<p>&nbsp;<\/p>\n<h3 id=\"brxe-najhln\" class=\"brxe-heading\">Foire aux questions (FAQ)<\/h3>\n<div id=\"brxe-rajiac\" class=\"brxe-text\">\n<p><strong>Q : Quels modes de paiement acceptez-vous ?<\/strong><br \/>\nR\u00a0: Nous acceptons PayPal, Stripe, les virements bancaires (pris en charge par SEPA), les principales cartes de cr\u00e9dit (Visa, MasterCard, American Express) et les paiements en crypto-monnaie.<\/p>\n<p><strong>Q : Combien de temps prend la pr\u00e9paration d\u2019une commande ?<\/strong><br \/>\nR : La pr\u00e9paration de la commande prend 1 \u00e0 3 jours ouvrables.<\/p>\n<p><strong>Q : Quel est le d\u00e9lai de livraison ?<\/strong><br \/>\nR : Le d\u00e9lai de livraison est de 7 \u00e0 14 jours ouvrables, selon votre emplacement. Les marchandises exp\u00e9di\u00e9es depuis des entrep\u00f4ts europ\u00e9ens prennent g\u00e9n\u00e9ralement 3 \u00e0 6 jours ouvrables pour \u00eatre livr\u00e9es.<\/p>\n<p><strong>Q : Comment puis-je suivre ma commande ?<\/strong><br \/>\nR : Apr\u00e8s l'exp\u00e9dition, vous recevrez un e-mail de confirmation avec un num\u00e9ro de suivi pour un suivi en temps r\u00e9el.<\/p>\n<p><strong>Q : Quelle est votre politique de retour ?<\/strong><br \/>\nR : Nous proposons une politique de retour de 30 jours pour les remboursements ou les \u00e9changes. .<\/p>\n<p><strong>Q : Y aura-t-il des probl\u00e8mes douaniers ?<br \/>\n<\/strong>Nous prenons en charge toutes les proc\u00e9dures de d\u00e9douanement pour vous garantir une exp\u00e9rience sans tracas. .<\/p>\n<p><strong>Q : Quelles m\u00e9thodes d\u2019exp\u00e9dition sont utilis\u00e9es ?<\/strong><br \/>\nNous coop\u00e9rons avec UPS\/DHL\/FEDEX\/DPD, etc. Nous choisirons l'option d'exp\u00e9dition appropri\u00e9e en fonction du pays de livraison pour garantir que vous recevez vos produits le plus rapidement possible.<\/p>\n<p><a href=\"https:\/\/pgvape.com\/fr\/faq\/\">Cliquez ici pour plus de FAQ<\/a><\/p>\n<p>Chers clients, Si vous avez des questions concernant votre commande ou l'arriv\u00e9e des marchandises, n'h\u00e9sitez pas \u00e0 contacter notre service client. Merci !<\/p>\n<h3 data-sourcepos=\"73:1-73:21\"><strong data-sourcepos=\"73:7-73:21\">Contactez-nous<\/strong><\/h3>\n<div id=\"text-2419739398\" class=\"text\">\n<p><strong data-sourcepos=\"75:3-75:12\">E-mail<\/strong>:\u00a0<a href=\"mailto:support@pgvape.com\"><strong>support@pgvape.com<\/strong><\/a><\/p>\n<p><strong data-sourcepos=\"76:3-76:15\">WhatsApp<\/strong>:\u00a0<a href=\"https:\/\/wa.me\/+8618128481258\"><strong>+86 18128481258<\/strong><\/a><br \/>\n<strong>(R\u00e9ponse sous 24h les jours ouvr\u00e9s)<\/strong><\/p>\n<\/div>\n<h3><strong>Merci d'avoir choisi pgvape.com ! .<\/strong><\/h3>\n<\/div>","protected":false},"excerpt":{"rendered":"<p><strong>Bang Roi 250000<\/strong>\u2014<strong>250 000 bouff\u00e9es<\/strong>, <strong>Rotation 4 en 1<\/strong>, <strong>Maille de 1,0 \u03a9<\/strong>, <strong>Type-C<\/strong>, <strong>Pr\u00eat pour les OEM\/ODM<\/strong>.<strong>Un quart de million de nuages, quatre couronnes, un roi.<\/strong><\/p>","protected":false},"featured_media":9003,"comment_status":"open","ping_status":"closed","template":"","meta":{"_seopress_robots_primary_cat":"","_seopress_titles_title":"","_seopress_titles_desc":"","_seopress_robots_index":""},"product_brand":[19,516],"product_cat":[571,18,515],"product_tag":[575,573,574,572,90,490],"class_list":{"0":"post-8998","1":"product","2":"type-product","3":"status-publish","4":"has-post-thumbnail","6":"product_brand-bang-king-vape","7":"product_brand-disposable-vape","8":"product_cat-250k-puffs-vape","9":"product_cat-bang-king-vape","10":"product_cat-disposable-vape","11":"product_tag-1-0--mesh","12":"product_tag-250k-puffs-vape","13":"product_tag-4in1-flavor","14":"product_tag-bang-king-250000","15":"product_tag-disposable-vape","16":"product_tag-minimum-2-pieces","18":"first","19":"instock","20":"sale","21":"shipping-taxable","22":"purchasable","23":"product-type-variable"},"_links":{"self":[{"href":"https:\/\/pgvape.com\/fr\/wp-json\/wp\/v2\/product\/8998","targetHints":{"allow":["GET"]}}],"collection":[{"href":"https:\/\/pgvape.com\/fr\/wp-json\/wp\/v2\/product"}],"about":[{"href":"https:\/\/pgvape.com\/fr\/wp-json\/wp\/v2\/types\/product"}],"replies":[{"embeddable":true,"href":"https:\/\/pgvape.com\/fr\/wp-json\/wp\/v2\/comments?post=8998"}],"wp:featuredmedia":[{"embeddable":true,"href":"https:\/\/pgvape.com\/fr\/wp-json\/wp\/v2\/media\/9003"}],"wp:attachment":[{"href":"https:\/\/pgvape.com\/fr\/wp-json\/wp\/v2\/media?parent=8998"}],"wp:term":[{"taxonomy":"product_brand","embeddable":true,"href":"https:\/\/pgvape.com\/fr\/wp-json\/wp\/v2\/product_brand?post=8998"},{"taxonomy":"product_cat","embeddable":true,"href":"https:\/\/pgvape.com\/fr\/wp-json\/wp\/v2\/product_cat?post=8998"},{"taxonomy":"product_tag","embeddable":true,"href":"https:\/\/pgvape.com\/fr\/wp-json\/wp\/v2\/product_tag?post=8998"}],"curies":[{"name":"wp","href":"https:\/\/api.w.org\/{rel}","templated":true}]}}