{"id":8943,"date":"2026-02-27T09:30:38","date_gmt":"2026-02-27T09:30:38","guid":{"rendered":"https:\/\/pgvape.com\/?post_type=product&#038;p=8943"},"modified":"2026-03-15T13:48:39","modified_gmt":"2026-03-15T13:48:39","slug":"bang-king-200000-200k-bouffees-8-en-1-saveur-vape-jetable-0-2-3-5nicotine-12-gout-ecran-led-intelligent","status":"publish","type":"product","link":"https:\/\/pgvape.com\/fr\/produit\/bang-king-200000-200k-bouffees-8-en-1-saveur-vape-jetable-0-2-3-5nicotine-12-gout-ecran-led-intelligent\/","title":{"rendered":"Bang King 200000 200k Puffs 8 en 1 Saveur Vape jetable 0% 2% 3% 5%Nicotine 12Taste \u00c9cran LED intelligent"},"content":{"rendered":"<p><strong class=\"\">Bang Roi 200K<\/strong> livre <strong class=\"\">200 000 bouff\u00e9es<\/strong> via <strong>huit chambres d'ar\u00f4mes ind\u00e9pendantes<\/strong>, tir\u00e9 par <strong>bobines \u00e0 double maille<\/strong> et un <strong>Type-C rechargeable battery<\/strong>.<br \/>\n<strong>S\u00e9lecteur rotatif de saveur<\/strong>, <strong>affichage LED intelligent<\/strong> et <strong>12 octets de saveurs<\/strong> te donner <strong>huit go\u00fbts, un appareil, des mois de nuages<\/strong>\u2014 parfait pour <strong>gros utilisateurs et grossistes<\/strong>.<\/p>\n<p>&nbsp;<\/p>\n<h2><span style=\"font-size: 90%;\">Bang King 200k 200000 bouff\u00e9es 8 en 1 saveur Vape jetable sp\u00e9cifications<\/span><\/h2>\n<p><strong>Bouff\u00e9es<\/strong>: Jusqu'\u00e0 <strong>200,000<\/strong><\/p>\n<p><strong>Syst\u00e8me de saveur<\/strong>: <strong>8-en-1<\/strong> \u2013 <strong>huit chambres scell\u00e9es<\/strong>, tournez pour changer<\/p>\n<p><strong>Bobine<\/strong>: <strong>Double maille<\/strong> \u2013 chauffage efficace, performances stables<\/p>\n<p><strong>Batterie<\/strong>: <strong>Rechargeable<\/strong>, <strong>Type-C<\/strong> charge rapide<\/p>\n<p><strong>Afficher<\/strong>: <strong>LED intelligente<\/strong> - informations sur la batterie et l'utilisation en temps r\u00e9el<\/p>\n<p><strong>Conception<\/strong>: <strong class=\"\">Structure de rotation multi-saveurs<\/strong> \u2013 vari\u00e9t\u00e9 instantan\u00e9e, z\u00e9ro fatigue<\/p>\n<p><strong>Usage<\/strong>: Personnel ou <strong>distribution en gros<\/strong><\/p>\n<p>&nbsp;<\/p>\n<h3><span style=\"font-size: 90%;\">Bang King 200k 200000 Puffs 8 en 1 Liste des saveurs de vape jetables<\/span><\/h3>\n<p>1. Glace Blue Razz et glace \u00e0 la p\u00eache et glace au raisin et glace \u00e0 la mangue<\/p>\n<p>2.Double Pomme &amp; Mangue P\u00eache &amp; Fraise Past\u00e8que &amp; Fraise Vanille Coke<\/p>\n<p>3. Glace \u00e0 la past\u00e8que et \u00e0 la menthe citronn\u00e9e et \u00e0 la fraise et \u00e0 la cerise bleue Razz<\/p>\n<p>4. Bubblegum past\u00e8que et myrtilles Framboises et framboises Past\u00e8que et past\u00e8que myrtille<\/p>\n<p>5.P\u00eache Mangue Past\u00e8que &amp; Red Bull &amp; Fraise Red Bull &amp; Fraise Kiwi<\/p>\n<p>6.Black Dragon Ice &amp; Love 66 &amp; Mr Blue &amp; Limonade aux fraises<\/p>\n<p>7.Triple Berry &amp; Fruits Tropicaux &amp; Fraise Banane &amp; Limonade Rose<\/p>\n<p>8. Glace \u00e0 la menthe fra\u00eeche, aux baies de p\u00eache et \u00e0 la cerise bleue, au citron et au kiwi et \u00e0 la past\u00e8que<\/p>\n<p>9. Glace aux fraises, mangue et fraise et glace \u00e0 la banane et litchi aux fraises<\/p>\n<p>10.Kiwi Fruit de la Passion Goyave &amp; Gummy Bear &amp; Rainbow Candy &amp; Cotton Candy<\/p>\n<p>11. Glace triple melon et myrtille, bombe \u00e0 la cerise et ananas et noix de coco<\/p>\n<p>12.Fizzy Lemon &amp; Lime &amp; Apple Mojito &amp; Pineapple Ice &amp; Cola Ice<img loading=\"lazy\" decoding=\"async\" class=\"alignnone wp-image-8948 size-full\" src=\"https:\/\/pgvape.com\/wp-content\/uploads\/2026\/02\/Bang-King-200k-200000-Puffs-8-in-1-Flavor-Disposable-Vape-0-2-3-5Nicotine-12Taste-Smart-LED-Screen-3.png\" alt=\"Deux rang\u00e9es de bouteilles de vape d\u00e9grad\u00e9es color\u00e9es avec des personnages de dessins anim\u00e9s sur les \u00e9tiquettes, dispos\u00e9es sur un fond tropical lumineux.\" width=\"1500\" height=\"1340\" srcset=\"https:\/\/pgvape.com\/wp-content\/uploads\/2026\/02\/Bang-King-200k-200000-Puffs-8-in-1-Flavor-Disposable-Vape-0-2-3-5Nicotine-12Taste-Smart-LED-Screen-3.png 1500w, https:\/\/pgvape.com\/wp-content\/uploads\/2026\/02\/Bang-King-200k-200000-Puffs-8-in-1-Flavor-Disposable-Vape-0-2-3-5Nicotine-12Taste-Smart-LED-Screen-3-403x360.png 403w, https:\/\/pgvape.com\/wp-content\/uploads\/2026\/02\/Bang-King-200k-200000-Puffs-8-in-1-Flavor-Disposable-Vape-0-2-3-5Nicotine-12Taste-Smart-LED-Screen-3-595x532.png 595w, https:\/\/pgvape.com\/wp-content\/uploads\/2026\/02\/Bang-King-200k-200000-Puffs-8-in-1-Flavor-Disposable-Vape-0-2-3-5Nicotine-12Taste-Smart-LED-Screen-3-400x357.png 400w, https:\/\/pgvape.com\/wp-content\/uploads\/2026\/02\/Bang-King-200k-200000-Puffs-8-in-1-Flavor-Disposable-Vape-0-2-3-5Nicotine-12Taste-Smart-LED-Screen-3-768x686.png 768w, https:\/\/pgvape.com\/wp-content\/uploads\/2026\/02\/Bang-King-200k-200000-Puffs-8-in-1-Flavor-Disposable-Vape-0-2-3-5Nicotine-12Taste-Smart-LED-Screen-3-13x12.png 13w, https:\/\/pgvape.com\/wp-content\/uploads\/2026\/02\/Bang-King-200k-200000-Puffs-8-in-1-Flavor-Disposable-Vape-0-2-3-5Nicotine-12Taste-Smart-LED-Screen-3-600x536.png 600w\" sizes=\"auto, (max-width: 1500px) 100vw, 1500px\" \/><\/p>\n<p>&nbsp;<\/p>\n<h2 class=\"header-vfC6AV auto-hide-last-sibling-br\"><span style=\"font-size: 90%;\">FAQs About Bang King 200k 200000 Puffs 8 in 1 Flavor Disposable Vape<\/span><\/h2>\n<p>\u2753 <strong>Combien de bouff\u00e9es par appareil ?<\/strong><br \/>\n\u2705 \u00c9valu\u00e9 en usine <strong>200 000 bouff\u00e9es<\/strong>-des mois \u00e0 six mois d'utilisation intensive.<\/p>\n<p>\u2753 <strong class=\"\">Comment changer de saveur ?<\/strong><br \/>\n\u2705 <strong class=\"\">Tournez le s\u00e9lecteur<\/strong>\u2014saut instantan\u00e9 entre <strong>huit chambres ind\u00e9pendantes<\/strong>, z\u00e9ro fatigue gustative.<\/p>\n<p>\u2753 <strong class=\"\">Est-ce rechargeable ?<\/strong><br \/>\n\u2705 <strong>Type-C<\/strong> charge rapide\u00a0: minimisez les temps d'arr\u00eat et maximisez la long\u00e9vit\u00e9.<\/p>\n<p>\u2753 <strong>Quelle technologie de bobine est utilis\u00e9e ?<\/strong><br \/>\n\u2705 <strong>Bobines \u00e0 double maille<\/strong>\u2014efficient heat, smooth vapor, consistent taste.<\/p>\n<p>\u2753 <strong class=\"\">Comment puis-je surveiller l'\u00e9tat\u00a0?<\/strong><br \/>\n\u2705 <strong class=\"\">\u00c9cran LED intelligent<\/strong> montre <strong>batterie %<\/strong> et <strong>informations d'utilisation<\/strong> en temps r\u00e9el.<\/p>\n<p>\u2753 <strong class=\"\">Est-ce pour un usage personnel ou en gros\u00a0?<\/strong><br \/>\n\u2705 <strong>Les deux<\/strong>\u2014capacit\u00e9 extr\u00eame + multi-saveurs = id\u00e9al pour <strong class=\"\">utilisateurs \u00e0 forte consommation<\/strong> et <strong>canaux de distribution<\/strong>.<\/p>\n<p>\u2753 <strong>Est-ce que cela r\u00e9duit la fr\u00e9quence de remplacement ?<\/strong><br \/>\n\u2705 <strong>200K bouff\u00e9es + 8 saveurs<\/strong> = one device replaces <strong>huit produits jetables standards<\/strong>.<\/p>\n<p>&nbsp;<\/p>\n<h3 id=\"brxe-najhln\" class=\"brxe-heading\">Foire aux questions (FAQ)<\/h3>\n<div id=\"brxe-rajiac\" class=\"brxe-text\">\n<p><strong>Q : Quels modes de paiement acceptez-vous ?<\/strong><br \/>\nR\u00a0: Nous acceptons PayPal, Stripe, les virements bancaires (pris en charge par SEPA), les principales cartes de cr\u00e9dit (Visa, MasterCard, American Express) et les paiements en crypto-monnaie.<\/p>\n<p><strong>Q : Combien de temps prend la pr\u00e9paration d\u2019une commande ?<\/strong><br \/>\nR : La pr\u00e9paration de la commande prend 1 \u00e0 3 jours ouvrables.<\/p>\n<p><strong>Q : Quel est le d\u00e9lai de livraison ?<\/strong><br \/>\nR : Le d\u00e9lai de livraison est de 7 \u00e0 14 jours ouvrables, selon votre emplacement.<\/p>\n<p><strong>Q : Comment puis-je suivre ma commande ?<\/strong><br \/>\nR : Apr\u00e8s l'exp\u00e9dition, vous recevrez un e-mail de confirmation avec un num\u00e9ro de suivi pour un suivi en temps r\u00e9el.<\/p>\n<p><strong>Q : Quelle est votre politique de retour ?<\/strong><br \/>\nR : Nous proposons une politique de retour de 30 jours pour les remboursements ou les \u00e9changes. .<\/p>\n<p><strong>Q : Y aura-t-il des probl\u00e8mes douaniers ?<br \/>\n<\/strong>Nous prenons en charge toutes les proc\u00e9dures de d\u00e9douanement pour vous garantir une exp\u00e9rience sans tracas. .<\/p>\n<p><strong>Q : Quelles m\u00e9thodes d\u2019exp\u00e9dition sont utilis\u00e9es ?<\/strong><br \/>\nNous coop\u00e9rons avec UPS\/DHL\/FEDEX\/DPD, etc. Nous choisirons l'option d'exp\u00e9dition appropri\u00e9e en fonction du pays de livraison pour garantir que vous recevez vos produits le plus rapidement possible.<\/p>\n<p><a href=\"https:\/\/pgvape.com\/fr\/faq\/\">Cliquez ici pour plus de FAQ<\/a><\/p>\n<p>Chers clients, Si vous avez des questions concernant votre commande ou l'arriv\u00e9e des marchandises, n'h\u00e9sitez pas \u00e0 contacter notre service client. Merci !<\/p>\n<h3 data-sourcepos=\"73:1-73:21\"><strong data-sourcepos=\"73:7-73:21\">Contactez-nous<\/strong><\/h3>\n<div id=\"text-2419739398\" class=\"text\">\n<p><strong data-sourcepos=\"75:3-75:12\">E-mail<\/strong>:\u00a0<a href=\"mailto:support@pgvape.com\"><strong>support@pgvape.com<\/strong><\/a><\/p>\n<p><strong data-sourcepos=\"76:3-76:15\">WhatsApp<\/strong>:\u00a0<a href=\"https:\/\/wa.me\/+8618128481258\"><strong>+86 18128481258<\/strong><\/a><br \/>\n<strong>(R\u00e9ponse sous 24h les jours ouvr\u00e9s)<\/strong><\/p>\n<\/div>\n<h3><strong>Merci d'avoir choisi pgvape.com ! .<\/strong><\/h3>\n<\/div>","protected":false},"excerpt":{"rendered":"<p><strong>Bang Roi 200000<\/strong>\u2014<strong>200 000 bouff\u00e9es<\/strong>, <strong>Rotation 8 en 1<\/strong>, <strong>double maille<\/strong>, <strong>Affichage LED<\/strong>, <strong>Type-C<\/strong>.<strong class=\"\">Eight flavors, one king, vape for half a year.<\/strong><\/p>","protected":false},"featured_media":8947,"comment_status":"open","ping_status":"closed","template":"","meta":{"_seopress_robots_primary_cat":"none","_seopress_titles_title":"","_seopress_titles_desc":"","_seopress_robots_index":""},"product_brand":[19,516],"product_cat":[548,18,515],"product_tag":[552,568,567,90,490,569],"class_list":{"0":"post-8943","1":"product","2":"type-product","3":"status-publish","4":"has-post-thumbnail","6":"product_brand-bang-king-vape","7":"product_brand-disposable-vape","8":"product_cat-200k-puffs-vape","9":"product_cat-bang-king-vape","10":"product_cat-disposable-vape","11":"product_tag-200k-puffs-vape","12":"product_tag-8-in-1-flavor","13":"product_tag-bang-king-200k","14":"product_tag-disposable-vape","15":"product_tag-minimum-2-pieces","16":"product_tag-multi-flavor-rotation-structure","18":"first","19":"instock","20":"sale","21":"shipping-taxable","22":"purchasable","23":"product-type-variable"},"_links":{"self":[{"href":"https:\/\/pgvape.com\/fr\/wp-json\/wp\/v2\/product\/8943","targetHints":{"allow":["GET"]}}],"collection":[{"href":"https:\/\/pgvape.com\/fr\/wp-json\/wp\/v2\/product"}],"about":[{"href":"https:\/\/pgvape.com\/fr\/wp-json\/wp\/v2\/types\/product"}],"replies":[{"embeddable":true,"href":"https:\/\/pgvape.com\/fr\/wp-json\/wp\/v2\/comments?post=8943"}],"wp:featuredmedia":[{"embeddable":true,"href":"https:\/\/pgvape.com\/fr\/wp-json\/wp\/v2\/media\/8947"}],"wp:attachment":[{"href":"https:\/\/pgvape.com\/fr\/wp-json\/wp\/v2\/media?parent=8943"}],"wp:term":[{"taxonomy":"product_brand","embeddable":true,"href":"https:\/\/pgvape.com\/fr\/wp-json\/wp\/v2\/product_brand?post=8943"},{"taxonomy":"product_cat","embeddable":true,"href":"https:\/\/pgvape.com\/fr\/wp-json\/wp\/v2\/product_cat?post=8943"},{"taxonomy":"product_tag","embeddable":true,"href":"https:\/\/pgvape.com\/fr\/wp-json\/wp\/v2\/product_tag?post=8943"}],"curies":[{"name":"wp","href":"https:\/\/api.w.org\/{rel}","templated":true}]}}