{"id":8832,"date":"2026-01-29T07:54:13","date_gmt":"2026-01-29T07:54:13","guid":{"rendered":"https:\/\/pgvape.com\/?post_type=product&#038;p=8832"},"modified":"2026-04-09T14:46:15","modified_gmt":"2026-04-09T14:46:15","slug":"solaris-tequila-don-leon1942-30000-30k-bouffees-vape-jetable-2nicotine-10-gout-batterie-affichage-vape-usine-en-gros","status":"publish","type":"product","link":"https:\/\/pgvape.com\/fr\/produit\/solaris-tequila-don-leon1942-30000-30k-bouffees-vape-jetable-2nicotine-10-gout-batterie-affichage-vape-usine-en-gros\/","title":{"rendered":"Solaris Tequila Don Leon1942 30000 30K Puffs Vape jetable 2%Nicotine 10Taste\u00a0Battery Display Vape Factory Wholesale"},"content":{"rendered":"<p><strong>Solaris Tequila Don L\u00e9on 1942<\/strong> verse <strong>30 000 bouff\u00e9es<\/strong> <strong>Vape jetable<\/strong> <strong data-sourcepos=\"6:6-6:53\">Le design de luxe rencontre le vapotage haute performance <\/strong>Inspir\u00e9 par le <strong data-sourcepos=\"7:17-7:47\">Bouteille de tequila embl\u00e9matique de 1942<\/strong>, ce <strong data-sourcepos=\"7:54-7:81\">Vape jetable haut de gamme<\/strong> livre <strong data-sourcepos=\"7:91-7:120\">30 000 bouff\u00e9es ultra douces<\/strong> avec <strong data-sourcepos=\"7:126-7:154\">E-liquide pr\u00e9rempli de 24 ml<\/strong> et un <strong data-sourcepos=\"7:161-7:192\">Batterie rechargeable 650 mAh<\/strong>. <strong data-sourcepos=\"7:198-7:216\">1.2\u03a9 Bobine de maillage<\/strong> assure <strong data-sourcepos=\"7:225-7:240\">Saveur riche<\/strong> et <strong data-sourcepos=\"7:245-7:260\">Vapeur dense<\/strong>, tandis que le <strong data-sourcepos=\"7:272-7:296\">Chargement rapide de type C<\/strong> minimise les temps d\u2019arr\u00eat. Parfait pour <strong data-sourcepos=\"7:329-7:358\">D\u00e9taillants et grossistes<\/strong>, il combine <strong data-sourcepos=\"7:372-7:395\">Esth\u00e9tique saisissante<\/strong> avec <strong data-sourcepos=\"7:401-7:425\">Performances fiables<\/strong>.<\/p>\n<p>&nbsp;<\/p>\n<h2><span style=\"font-size: 90%;\">Solaris Tequila Don Leon1942 30000 30K Puffs Vape jetable Sp\u00e9cifications\u00a0:<\/span><\/h2>\n<p><strong data-sourcepos=\"12:3-12:24\">Force de la nicotine<\/strong>:\u00a0<strong data-sourcepos=\"12:26-12:32\">2%<\/strong>\u00a0(Fruit de gorge \u00e9quilibr\u00e9)<\/p>\n<p><strong data-sourcepos=\"13:3-13:17\">Nombre de bouff\u00e9es<\/strong>:\u00a0<strong data-sourcepos=\"13:19-13:35\">30 000 bouff\u00e9es<\/strong>\u00a0(Utilisation prolong\u00e9e)<\/p>\n<p><strong data-sourcepos=\"14:3-14:24\">Capacit\u00e9 e-liquide<\/strong>:\u00a0<strong data-sourcepos=\"14:26-14:34\">24 ml<\/strong>\u00a0(Pr\u00e9-rempli)<\/p>\n<p><strong data-sourcepos=\"15:3-15:11\">Bobine<\/strong>:\u00a0<strong data-sourcepos=\"15:13-15:31\">1.2\u03a9 Bobine de maillage<\/strong>\u00a0(Saveur et vapeur optimis\u00e9es)<\/p>\n<p><strong data-sourcepos=\"16:3-16:14\">Batterie<\/strong>:\u00a0<strong data-sourcepos=\"16:16-16:39\">650mAh rechargeable<\/strong>\u00a0(Charge de type C)<\/p>\n<p><strong data-sourcepos=\"17:3-17:13\">Conception<\/strong>:\u00a0<strong data-sourcepos=\"17:15-17:47\">Inspir\u00e9 d'une bouteille de tequila de 1942<\/strong>\u00a0+\u00a0<strong data-sourcepos=\"17:50-17:69\">Affichage de la batterie<\/strong><\/p>\n<p><strong data-sourcepos=\"18:3-18:16\">Conditionnement<\/strong>:\u00a0<strong data-sourcepos=\"18:18-18:36\">10 appareils\/bo\u00eete<\/strong>\u00a0(Pr\u00eat pour la vente en gros)<\/p>\n<p>&nbsp;<\/p>\n<h3><span style=\"font-size: 90%;\">Solaris Tequila Don Leon1942 30000 30K Puffs Liste des saveurs de vape jetables\u00a0:<\/span><\/h3>\n<p><strong>1. Glace \u00e0 la past\u00e8que<\/strong><\/p>\n<p><strong>2.Kiwi aux fraises<\/strong><\/p>\n<p><strong>3. P\u00eache juteuse<\/strong><\/p>\n<p><strong>4. Past\u00e8que aux fraises<\/strong><\/p>\n<p><strong>5.Champagne p\u00eache rouge<\/strong><\/p>\n<p><strong>6. Razz bleu<\/strong><\/p>\n<p><strong>7. Glace aux bleuets<\/strong><\/p>\n<p><strong>8. Baies m\u00e9lang\u00e9es<\/strong><\/p>\n<p><strong>9. Mangue aux fruits de la passion<\/strong><\/p>\n<p><strong>10. Cerise-Fruit du Dragon<img loading=\"lazy\" decoding=\"async\" class=\"alignnone wp-image-8858 size-full\" src=\"https:\/\/pgvape.com\/wp-content\/uploads\/2026\/01\/Solaris-Tequila-Don-Leon1942-30000-Puffs-Disposable-Vape-2-Nicotine-10Taste-Vape-Factory-Wholesale-14.png\" alt=\"\" width=\"1692\" height=\"1800\" srcset=\"https:\/\/pgvape.com\/wp-content\/uploads\/2026\/01\/Solaris-Tequila-Don-Leon1942-30000-Puffs-Disposable-Vape-2-Nicotine-10Taste-Vape-Factory-Wholesale-14.png 1692w, https:\/\/pgvape.com\/wp-content\/uploads\/2026\/01\/Solaris-Tequila-Don-Leon1942-30000-Puffs-Disposable-Vape-2-Nicotine-10Taste-Vape-Factory-Wholesale-14-338x360.png 338w, https:\/\/pgvape.com\/wp-content\/uploads\/2026\/01\/Solaris-Tequila-Don-Leon1942-30000-Puffs-Disposable-Vape-2-Nicotine-10Taste-Vape-Factory-Wholesale-14-595x633.png 595w, https:\/\/pgvape.com\/wp-content\/uploads\/2026\/01\/Solaris-Tequila-Don-Leon1942-30000-Puffs-Disposable-Vape-2-Nicotine-10Taste-Vape-Factory-Wholesale-14-376x400.png 376w, https:\/\/pgvape.com\/wp-content\/uploads\/2026\/01\/Solaris-Tequila-Don-Leon1942-30000-Puffs-Disposable-Vape-2-Nicotine-10Taste-Vape-Factory-Wholesale-14-768x817.png 768w, https:\/\/pgvape.com\/wp-content\/uploads\/2026\/01\/Solaris-Tequila-Don-Leon1942-30000-Puffs-Disposable-Vape-2-Nicotine-10Taste-Vape-Factory-Wholesale-14-1444x1536.png 1444w, https:\/\/pgvape.com\/wp-content\/uploads\/2026\/01\/Solaris-Tequila-Don-Leon1942-30000-Puffs-Disposable-Vape-2-Nicotine-10Taste-Vape-Factory-Wholesale-14-11x12.png 11w, https:\/\/pgvape.com\/wp-content\/uploads\/2026\/01\/Solaris-Tequila-Don-Leon1942-30000-Puffs-Disposable-Vape-2-Nicotine-10Taste-Vape-Factory-Wholesale-14-600x638.png 600w\" sizes=\"auto, (max-width: 1692px) 100vw, 1692px\" \/><\/strong><\/p>\n<p>&nbsp;<\/p>\n<h3><span style=\"font-size: 90%;\">Vid\u00e9o de vape jetable Solaris Tequila Don Leon1942 30000 30K Puffs<\/span><\/h3>\n<div style=\"width: 1008px;\" class=\"wp-video\"><video class=\"wp-video-shortcode\" id=\"video-8832-1\" width=\"1008\" height=\"720\" preload=\"metadata\" controls=\"controls\"><source type=\"video\/mp4\" src=\"https:\/\/pgvape.com\/wp-content\/uploads\/2026\/01\/Solaris-Champagne-30000-30k-Puffs-Disposable-Vape-2-Nicotine-10Tastes-Vape-Factory-Wholesale-Video.mp4?_=1\" \/><a href=\"https:\/\/pgvape.com\/wp-content\/uploads\/2026\/01\/Solaris-Champagne-30000-30k-Puffs-Disposable-Vape-2-Nicotine-10Tastes-Vape-Factory-Wholesale-Video.mp4\">https:\/\/pgvape.com\/wp-content\/uploads\/2026\/01\/Solaris-Champagne-30000-30k-Puffs-Disposable-Vape-2-Nicotine-10Tastes-Vape-Factory-Wholesale-Video.mp4<\/a><\/video><\/div>\n<p>&nbsp;<\/p>\n<h2><span style=\"font-size: 90%;\">FAQ sur Solaris Tequila Don Leon1942 30000 30K Puffs Vape jetable\u00a0<\/span><\/h2>\n<p>\u2753 <strong>Qu\u2019est-ce qui le rend unique ?<\/strong><br \/>\n\u2705 <strong>Conception d'une bouteille de tequila de 1942<\/strong> \u2013 aspect luxueux, toucher haut de gamme, attrait instantan\u00e9 en rayon.<\/p>\n<p>\u2753 <strong>Combien de bouff\u00e9es par appareil ?<\/strong><br \/>\n\u2705 \u00c9valu\u00e9 en usine <strong>30 000 bouff\u00e9es<\/strong> \u2013 des semaines de plaisir quotidien.<\/p>\n<p>\u2753 <strong>Est-ce rechargeable ?<\/strong><br \/>\n\u2705 <strong>650 mAh<\/strong> batterie + <strong>Type-C<\/strong> port; charge compl\u00e8te en ~ 30 min.<\/p>\n<p>\u2753 <strong>Quelle bobine y a-t-il \u00e0 l'int\u00e9rieur ?<\/strong><br \/>\n\u2705 <strong>1.2 Bobine maill\u00e9e \u03a9<\/strong> \u2013 vapeur douce, clart\u00e9 de saveur am\u00e9lior\u00e9e.<\/p>\n<p>\u2753 <strong>Comment puis-je v\u00e9rifier l'\u00e9tat de la batterie ?<\/strong><br \/>\n\u2705 <strong>Affichage de la batterie int\u00e9gr\u00e9<\/strong> affiche le niveau de puissance en un coup d'\u0153il.<\/p>\n<p>\u2753 <strong>Quel dosage de nicotine est disponible ?<\/strong><br \/>\n\u2705 <strong>2 %<\/strong> \u2013 un coup de gorge \u00e9quilibr\u00e9 et doux pour les utilisateurs quotidiens.<\/p>\n<p>\u2753 <strong>Un emballage pr\u00eat \u00e0 la vente au d\u00e9tail\u00a0?<\/strong><br \/>\n\u2705 <strong>10 pi\u00e8ces\/bo\u00eete<\/strong> \u2013 id\u00e9al pour les pr\u00e9sentoirs de luxe ou les commandes group\u00e9es.<\/p>\n<p>&nbsp;<\/p>\n<h3 id=\"brxe-najhln\" class=\"brxe-heading\">Foire aux questions (FAQ)<\/h3>\n<div id=\"brxe-rajiac\" class=\"brxe-text\">\n<p><strong>Q : Quels modes de paiement acceptez-vous ?<\/strong><br \/>\nR\u00a0: Nous acceptons PayPal, Stripe, les virements bancaires (pris en charge par SEPA), les principales cartes de cr\u00e9dit (Visa, MasterCard, American Express) et les paiements en crypto-monnaie.<\/p>\n<p><strong>Q : Combien de temps prend la pr\u00e9paration d\u2019une commande ?<\/strong><br \/>\nR : La pr\u00e9paration de la commande prend 1 \u00e0 3 jours ouvrables.<\/p>\n<p><strong>Q : Quel est le d\u00e9lai de livraison ?<\/strong><br \/>\nR : Le d\u00e9lai de livraison est de 7 \u00e0 14 jours ouvrables, selon votre emplacement. Les marchandises exp\u00e9di\u00e9es depuis des entrep\u00f4ts europ\u00e9ens prennent g\u00e9n\u00e9ralement 3 \u00e0 6 jours ouvrables pour \u00eatre livr\u00e9es.<\/p>\n<p><strong>Q : Comment puis-je suivre ma commande ?<\/strong><br \/>\nR : Apr\u00e8s l'exp\u00e9dition, vous recevrez un e-mail de confirmation avec un num\u00e9ro de suivi pour un suivi en temps r\u00e9el.<\/p>\n<p><strong>Q : Quelle est votre politique de retour ?<\/strong><br \/>\nR : Nous proposons une politique de retour de 30 jours pour les remboursements ou les \u00e9changes. .<\/p>\n<p><strong>Q : Y aura-t-il des probl\u00e8mes douaniers ?<br \/>\n<\/strong>Nous prenons en charge toutes les proc\u00e9dures de d\u00e9douanement pour vous garantir une exp\u00e9rience sans tracas. .<\/p>\n<p><strong>Q : Quelles m\u00e9thodes d\u2019exp\u00e9dition sont utilis\u00e9es ?<\/strong><br \/>\nNous coop\u00e9rons avec UPS\/DHL\/FEDEX\/DPD, etc. Nous choisirons l'option d'exp\u00e9dition appropri\u00e9e en fonction du pays de livraison pour garantir que vous recevez vos produits le plus rapidement possible.<\/p>\n<p><a href=\"https:\/\/pgvape.com\/fr\/faq\/\">Cliquez ici pour plus de FAQ<\/a><\/p>\n<p>Chers clients, Si vous avez des questions concernant votre commande ou l'arriv\u00e9e des marchandises, n'h\u00e9sitez pas \u00e0 contacter notre service client. Merci !<\/p>\n<h3 data-sourcepos=\"73:1-73:21\"><strong data-sourcepos=\"73:7-73:21\">Contactez-nous<\/strong><\/h3>\n<div id=\"text-2419739398\" class=\"text\">\n<p><strong data-sourcepos=\"75:3-75:12\">E-mail<\/strong>:\u00a0<a href=\"mailto:support@pgvape.com\"><strong>support@pgvape.com<\/strong><\/a><\/p>\n<p><strong data-sourcepos=\"76:3-76:15\">WhatsApp<\/strong>:\u00a0<a href=\"https:\/\/wa.me\/+8618128481258\"><strong>+86 18128481258<\/strong><\/a><br \/>\n<strong>(R\u00e9ponse sous 24h les jours ouvr\u00e9s)<\/strong><\/p>\n<\/div>\n<h3><strong>Merci d'avoir choisi pgvape.com ! .<\/strong><\/h3>\n<\/div>","protected":false},"excerpt":{"rendered":"<p><strong data-sourcepos=\"55:1-55:247\">Solaris Tequila Don Leon 1942 30K : une vape jetable de luxe avec 30 000 bouff\u00e9es, 24 ml de e-liquide et une bobine de maille 1.2\u03a9. Comprend un design de bouteille de tequila, un affichage de la batterie et 10 saveurs rafra\u00eechissantes pour un vapotage haut de gamme<\/strong><\/p>","protected":false},"featured_media":8835,"comment_status":"open","ping_status":"closed","template":"","meta":{"_seopress_robots_primary_cat":"none","_seopress_titles_title":"","_seopress_titles_desc":"","_seopress_robots_index":""},"product_brand":[516,513],"product_cat":[35,515,512],"product_tag":[566,349,90,59,565],"class_list":{"0":"post-8832","1":"product","2":"type-product","3":"status-publish","4":"has-post-thumbnail","6":"product_brand-disposable-vape","7":"product_brand-solaris-champagne-vape","8":"product_cat-30k-puffs-vape","9":"product_cat-disposable-vape","10":"product_cat-solaris-champagne-vape","11":"product_tag-1942-tequila-bottle-inspired","12":"product_tag-30k-puffs-vape","13":"product_tag-disposable-vape","14":"product_tag-mouth-to-lung-mtl","15":"product_tag-solaris-tequila-don-leon1942","17":"first","18":"instock","19":"sale","20":"shipping-taxable","21":"purchasable","22":"product-type-variable"},"_links":{"self":[{"href":"https:\/\/pgvape.com\/fr\/wp-json\/wp\/v2\/product\/8832","targetHints":{"allow":["GET"]}}],"collection":[{"href":"https:\/\/pgvape.com\/fr\/wp-json\/wp\/v2\/product"}],"about":[{"href":"https:\/\/pgvape.com\/fr\/wp-json\/wp\/v2\/types\/product"}],"replies":[{"embeddable":true,"href":"https:\/\/pgvape.com\/fr\/wp-json\/wp\/v2\/comments?post=8832"}],"wp:featuredmedia":[{"embeddable":true,"href":"https:\/\/pgvape.com\/fr\/wp-json\/wp\/v2\/media\/8835"}],"wp:attachment":[{"href":"https:\/\/pgvape.com\/fr\/wp-json\/wp\/v2\/media?parent=8832"}],"wp:term":[{"taxonomy":"product_brand","embeddable":true,"href":"https:\/\/pgvape.com\/fr\/wp-json\/wp\/v2\/product_brand?post=8832"},{"taxonomy":"product_cat","embeddable":true,"href":"https:\/\/pgvape.com\/fr\/wp-json\/wp\/v2\/product_cat?post=8832"},{"taxonomy":"product_tag","embeddable":true,"href":"https:\/\/pgvape.com\/fr\/wp-json\/wp\/v2\/product_tag?post=8832"}],"curies":[{"name":"wp","href":"https:\/\/api.w.org\/{rel}","templated":true}]}}