{"id":8666,"date":"2026-01-24T09:07:42","date_gmt":"2026-01-24T09:07:42","guid":{"rendered":"https:\/\/pgvape.com\/?post_type=product&#038;p=8666"},"modified":"2026-03-15T13:48:39","modified_gmt":"2026-03-15T13:48:39","slug":"fihp-90k-bouffees-90000-3-en-1-triple-saveurs-vape-jetable-2-5nicotine-10-gout-ecran-intelligent-vape-usine-en-gros","status":"publish","type":"product","link":"https:\/\/pgvape.com\/fr\/produit\/fihp-90k-bouffees-90000-3-en-1-triple-saveurs-vape-jetable-2-5nicotine-10-gout-ecran-intelligent-vape-usine-en-gros\/","title":{"rendered":"FIHP 90K Puffs 90000 3 en 1 Triple saveurs Vape jetable 2% 5%Nicotine 10Taste \u00c9cran intelligent Vape Usine de vente en gros"},"content":{"rendered":"<p><strong data-sourcepos=\"6:5-6:28\">FIHP 3en1 90 000 bouff\u00e9es<\/strong> est une vape jetable de grande capacit\u00e9 con\u00e7ue pour la vari\u00e9t\u00e9 et la long\u00e9vit\u00e9. <strong data-sourcepos=\"6:130-6:154\">Syst\u00e8me d'ar\u00f4mes 3 en 1<\/strong>, permettant aux utilisateurs de basculer entre trois versions distinctes dans un seul appareil, \u00e9liminant ainsi le besoin de transporter plusieurs unit\u00e9s. <strong data-sourcepos=\"6:292-6:318\">Capacit\u00e9 e-liquide de 42 ml<\/strong> et un <strong data-sourcepos=\"6:325-6:343\">Bobine de maille de 0,9 \u03a9<\/strong>, il offre une saveur douce et constante jusqu'\u00e0 <strong data-sourcepos=\"6:393-6:409\">90,000 puffs<\/strong>. <strong data-sourcepos=\"6:415-6:430\">Affichage LED<\/strong> Fournit une surveillance claire de la batterie et du liquide, tandis que le <strong data-sourcepos=\"6:487-6:518\">Batterie rechargeable de 650 mAh<\/strong> avec <strong data-sourcepos=\"6:524-6:543\">Chargement de type C<\/strong> ensures all-day usability. Ideal for wholesale, this device offers exceptional value and convenience for both retailers and end-users.<\/p>\n<p>&nbsp;<\/p>\n<h2><span style=\"font-size: 90%;\">Sp\u00e9cifications de la vape jetable 3 en 1 \u00e0 triple saveur FIHP 90\u00a0000 bouff\u00e9es<\/span><\/h2>\n<p><strong data-sourcepos=\"11:6-11:30\">Conception cristalline<\/strong>\u00a0\u2013 Esth\u00e9tique moderne et transparente avec des niveaux d\u2019e-liquide visibles.<\/p>\n<p><strong data-sourcepos=\"12:6-12:30\">Syst\u00e8me de saveurs 3 en 1<\/strong>\u00a0\u2013 Trois dosettes de saveur distinctes dans un seul appareil pour une vari\u00e9t\u00e9 instantan\u00e9e.<\/p>\n<p><strong data-sourcepos=\"13:6-13:22\">90 000 bouff\u00e9es<\/strong>\u00a0\u2013 Long\u00e9vit\u00e9 exceptionnelle pour une utilisation prolong\u00e9e et fiable.<\/p>\n<p><strong data-sourcepos=\"14:6-14:30\">Doubles bobines de maille de 0,9 \u03a9<\/strong>\u00a0\u2013 Zone de chauffage am\u00e9lior\u00e9e pour une saveur douce et riche et une vapeur dense.<\/p>\n<p><strong data-sourcepos=\"15:6-15:37\">Batterie rechargeable 650 mAh<\/strong>\u00a0\u2013 Puissance toute la journ\u00e9e avec rapidit\u00e9\u00a0<strong data-sourcepos=\"15:65-15:84\">Chargement de type C<\/strong>.<\/p>\n<p><strong data-sourcepos=\"16:7-16:31\">\u00c9cran d'affichage intelligent<\/strong>\u00a0\u2013 Real-time battery and liquid level monitoring.<\/p>\n<p><strong data-sourcepos=\"17:6-17:31\">Nicotine conforme aux normes europ\u00e9ennes<\/strong>\u00a0\u2013 Disponible en\u00a0<strong data-sourcepos=\"17:47-17:63\">2% (20 mg\/mL)<\/strong>\u00a0et\u00a0<strong data-sourcepos=\"17:68-17:84\">5% (50mg\/mL)<\/strong>\u00a0pour une satisfaction ma\u00eetris\u00e9e.<\/p>\n<p><strong data-sourcepos=\"18:6-18:25\">Pr\u00eat pour la vente en gros<\/strong>\u00a0\u2013 Ideal for shops looking for high-capacity, feature-rich disposables.<\/p>\n<p>&nbsp;<\/p>\n<h3><span style=\"font-size: 90%;\">FIHP 90K Puffs\u00a0 Liste des saveurs de vape jetables triples saveurs 3 en 1<\/span><\/h3>\n<p><strong class=\"\">1.Fizzy Cherry &amp; Lady Killer &amp; Gummy Bear<\/strong><\/p>\n<p><strong>2.Blueberry Framboise &amp; Love 666 &amp; P\u00eache Glace<\/strong><\/p>\n<p><strong>3.Framboise, past\u00e8que, baies m\u00e9lang\u00e9es et mangue-p\u00eache<\/strong><\/p>\n<p><strong class=\"\">4. Limonade Blue Razz, fraise, framboise et bonbons arc-en-ciel<\/strong><\/p>\n<p><strong class=\"\">5. Bubblegum \u00e0 la past\u00e8que, glace au raisin et glace au dragon noir<\/strong><\/p>\n<p><strong>6.Ananas, noix de coco, fruits m\u00e9lang\u00e9s et p\u00eache au citron<\/strong><\/p>\n<p><strong>7.Double Pomme &amp; Fraise Banane &amp; Framboise Past\u00e8que<\/strong><\/p>\n<p><strong>8. Glace \u00e0 la past\u00e8que, Red Bull et Fraise Kiwi<\/strong><\/p>\n<p><strong class=\"\">9. Glace aux bleuets, fraise, past\u00e8que et citron vert<\/strong><\/p>\n<p><strong>10. Glace aux baies de p\u00eache, triple melon et past\u00e8que<img loading=\"lazy\" decoding=\"async\" class=\"alignnone wp-image-8672 size-full\" src=\"https:\/\/pgvape.com\/wp-content\/uploads\/2026\/01\/FIHP-90000-90K-Puffs-3-in-1-Triple-Flavors-Disposable-Vape-4.png\" alt=\"Appareils de vape jetables FIHP color\u00e9s affich\u00e9s avec des \u00e9tiquettes de saveur et un grand graphique 9000 PUFF.\" width=\"1595\" height=\"2000\" srcset=\"https:\/\/pgvape.com\/wp-content\/uploads\/2026\/01\/FIHP-90000-90K-Puffs-3-in-1-Triple-Flavors-Disposable-Vape-4.png 1595w, https:\/\/pgvape.com\/wp-content\/uploads\/2026\/01\/FIHP-90000-90K-Puffs-3-in-1-Triple-Flavors-Disposable-Vape-4-287x360.png 287w, https:\/\/pgvape.com\/wp-content\/uploads\/2026\/01\/FIHP-90000-90K-Puffs-3-in-1-Triple-Flavors-Disposable-Vape-4-595x746.png 595w, https:\/\/pgvape.com\/wp-content\/uploads\/2026\/01\/FIHP-90000-90K-Puffs-3-in-1-Triple-Flavors-Disposable-Vape-4-319x400.png 319w, https:\/\/pgvape.com\/wp-content\/uploads\/2026\/01\/FIHP-90000-90K-Puffs-3-in-1-Triple-Flavors-Disposable-Vape-4-768x963.png 768w, https:\/\/pgvape.com\/wp-content\/uploads\/2026\/01\/FIHP-90000-90K-Puffs-3-in-1-Triple-Flavors-Disposable-Vape-4-1225x1536.png 1225w, https:\/\/pgvape.com\/wp-content\/uploads\/2026\/01\/FIHP-90000-90K-Puffs-3-in-1-Triple-Flavors-Disposable-Vape-4-10x12.png 10w, https:\/\/pgvape.com\/wp-content\/uploads\/2026\/01\/FIHP-90000-90K-Puffs-3-in-1-Triple-Flavors-Disposable-Vape-4-600x752.png 600w\" sizes=\"auto, (max-width: 1595px) 100vw, 1595px\" \/><\/strong><\/p>\n<p>&nbsp;<\/p>\n<h2 class=\"header-vfC6AV auto-hide-last-sibling-br\"><span style=\"font-size: 90%;\">FAQ sur la vape jetable 3 en 1 \u00e0 triple saveurs FIHP 90\u00a0000 bouff\u00e9es<\/span><\/h2>\n<p>\u2753 <strong class=\"\">Combien de bouff\u00e9es par appareil ?<\/strong><br \/>\n\u2705 \u00c9valu\u00e9 en usine <strong>90,000 puffs<\/strong>\u2014months of daily use.<\/p>\n<p>\u2753 <strong class=\"\">Comment changer de saveur ?<\/strong><br \/>\n\u2705 <strong>Syst\u00e8me de chambre 3 en 1<\/strong>-cliquez ou faites pivoter pour passer d'un <strong>trois saveurs distinctes<\/strong>.<\/p>\n<p>\u2753 <strong>Est-ce rechargeable ?<\/strong><br \/>\n\u2705 <strong>650 mAh<\/strong> batterie + <strong>Type-C<\/strong> port; <strong>30 minutes<\/strong> charge compl\u00e8te.<\/p>\n<p>\u2753 <strong class=\"\">Quels sont les dosages de nicotine propos\u00e9s ?<\/strong><br \/>\n\u2705 <strong>2 %<\/strong> lisse ou <strong class=\"\">5 %<\/strong> fort-<strong>Conforme \u00e0 l'UE<\/strong> satisfaction de la gorge.<\/p>\n<p>\u2753 <strong>Comment puis-je surveiller la batterie ou le jus ?<\/strong><br \/>\n\u2705 <strong>\u00c9cran intelligent<\/strong> affiche <strong>batterie temps r\u00e9el %<\/strong> et <strong>niveaux d'e-liquide<\/strong>.<\/p>\n<p>\u2753 <strong>Qu\u2019est-ce qui rend la vapeur douce ?<\/strong><br \/>\n\u2705 <strong>Bobines \u00e0 double maille de 0,9 \u03a9<\/strong>\u2014une plus grande surface de chauffage, <strong>saveur plus riche<\/strong>, <strong>nuages \u200b\u200b\u200b\u200bplus denses<\/strong>.<\/p>\n<p>\u2753 <strong>Est-il discret pour une utilisation au travail\/au caf\u00e9 ?<\/strong><br \/>\n\u2705 <strong>Tirage MTL fluide<\/strong>, <strong>nuage minimal<\/strong>\u2014 parfait pour <strong>rythme continental<\/strong>.<\/p>\n<p>&nbsp;<\/p>\n<h3 id=\"brxe-najhln\" class=\"brxe-heading\">Foire aux questions (FAQ)<\/h3>\n<div id=\"brxe-rajiac\" class=\"brxe-text\">\n<p><strong>Q : Quels modes de paiement acceptez-vous ?<\/strong><br \/>\nR\u00a0: Nous acceptons PayPal, Stripe, les virements bancaires (pris en charge par SEPA), les principales cartes de cr\u00e9dit (Visa, MasterCard, American Express) et les paiements en crypto-monnaie.<\/p>\n<p><strong>Q : Combien de temps prend la pr\u00e9paration d\u2019une commande ?<\/strong><br \/>\nR : La pr\u00e9paration de la commande prend 1 \u00e0 3 jours ouvrables.<\/p>\n<p><strong>Q : Quel est le d\u00e9lai de livraison ?<\/strong><br \/>\nR : Le d\u00e9lai de livraison est de 7 \u00e0 14 jours ouvrables, selon votre emplacement.<\/p>\n<p><strong>Q : Comment puis-je suivre ma commande ?<\/strong><br \/>\nR : Apr\u00e8s l'exp\u00e9dition, vous recevrez un e-mail de confirmation avec un num\u00e9ro de suivi pour un suivi en temps r\u00e9el.<\/p>\n<p><strong>Q : Quelle est votre politique de retour ?<\/strong><br \/>\nR : Nous proposons une politique de retour de 30 jours pour les remboursements ou les \u00e9changes. .<\/p>\n<p><strong>Q : Y aura-t-il des probl\u00e8mes douaniers ?<br \/>\n<\/strong>Nous prenons en charge toutes les proc\u00e9dures de d\u00e9douanement pour vous garantir une exp\u00e9rience sans tracas. .<\/p>\n<p><strong>Q : Quelles m\u00e9thodes d\u2019exp\u00e9dition sont utilis\u00e9es ?<\/strong><br \/>\nNous coop\u00e9rons avec UPS\/DHL\/FEDEX\/DPD, etc. Nous choisirons l'option d'exp\u00e9dition appropri\u00e9e en fonction du pays de livraison pour garantir que vous recevez vos produits le plus rapidement possible.<\/p>\n<p><a href=\"https:\/\/pgvape.com\/fr\/faq\/\">Cliquez ici pour plus de FAQ<\/a><\/p>\n<p>Chers clients, Si vous avez des questions concernant votre commande ou l'arriv\u00e9e des marchandises, n'h\u00e9sitez pas \u00e0 contacter notre service client. Merci !<\/p>\n<h3 data-sourcepos=\"73:1-73:21\"><strong data-sourcepos=\"73:7-73:21\">Contactez-nous<\/strong><\/h3>\n<div id=\"text-2419739398\" class=\"text\">\n<p><strong data-sourcepos=\"75:3-75:12\">E-mail<\/strong>:\u00a0<a href=\"mailto:support@pgvape.com\"><strong>support@pgvape.com<\/strong><\/a><\/p>\n<p><strong data-sourcepos=\"76:3-76:15\">WhatsApp<\/strong>:\u00a0<a href=\"https:\/\/wa.me\/+8618128481258\"><strong>+86 18128481258<\/strong><\/a><br \/>\n<strong>(R\u00e9ponse sous 24h les jours ouvr\u00e9s)<\/strong><\/p>\n<\/div>\n<h3><strong>Merci d'avoir choisi pgvape.com ! .<\/strong><\/h3>\n<\/div>","protected":false},"excerpt":{"rendered":"<p><strong>FIHP 90K Crystal<\/strong>\u2014<strong>90 000 bouff\u00e9es<\/strong>, <strong>commutateur triple saveur<\/strong>, <strong>Double maille 0,9 \u03a9<\/strong>, <strong>\u00e9cran intelligent<\/strong>, <strong>Type-C<\/strong>, <strong>limpide<\/strong>.<strong>Trois go\u00fbts, un cristal, des mois de nuages.<\/strong><\/p>","protected":false},"featured_media":8669,"comment_status":"open","ping_status":"closed","template":"","meta":{"_seopress_robots_primary_cat":"","_seopress_titles_title":"","_seopress_titles_desc":"","_seopress_robots_index":""},"product_brand":[516,275],"product_cat":[558,515,274],"product_tag":[46,560,90,559,280],"class_list":{"0":"post-8666","1":"product","2":"type-product","3":"status-publish","4":"has-post-thumbnail","6":"product_brand-disposable-vape","7":"product_brand-fihp-vape","8":"product_cat-90k-puffs-vape","9":"product_cat-disposable-vape","10":"product_cat-fihp-vape","11":"product_tag-3-in-1","12":"product_tag-90k-puffs-vape","13":"product_tag-disposable-vape","14":"product_tag-fihp-90k","15":"product_tag-triple-flavors","17":"first","18":"instock","19":"sale","20":"shipping-taxable","21":"purchasable","22":"product-type-variable"},"_links":{"self":[{"href":"https:\/\/pgvape.com\/fr\/wp-json\/wp\/v2\/product\/8666","targetHints":{"allow":["GET"]}}],"collection":[{"href":"https:\/\/pgvape.com\/fr\/wp-json\/wp\/v2\/product"}],"about":[{"href":"https:\/\/pgvape.com\/fr\/wp-json\/wp\/v2\/types\/product"}],"replies":[{"embeddable":true,"href":"https:\/\/pgvape.com\/fr\/wp-json\/wp\/v2\/comments?post=8666"}],"wp:featuredmedia":[{"embeddable":true,"href":"https:\/\/pgvape.com\/fr\/wp-json\/wp\/v2\/media\/8669"}],"wp:attachment":[{"href":"https:\/\/pgvape.com\/fr\/wp-json\/wp\/v2\/media?parent=8666"}],"wp:term":[{"taxonomy":"product_brand","embeddable":true,"href":"https:\/\/pgvape.com\/fr\/wp-json\/wp\/v2\/product_brand?post=8666"},{"taxonomy":"product_cat","embeddable":true,"href":"https:\/\/pgvape.com\/fr\/wp-json\/wp\/v2\/product_cat?post=8666"},{"taxonomy":"product_tag","embeddable":true,"href":"https:\/\/pgvape.com\/fr\/wp-json\/wp\/v2\/product_tag?post=8666"}],"curies":[{"name":"wp","href":"https:\/\/api.w.org\/{rel}","templated":true}]}}