{"id":8620,"date":"2026-01-20T09:56:31","date_gmt":"2026-01-20T09:56:31","guid":{"rendered":"https:\/\/pgvape.com\/?post_type=product&#038;p=8620"},"modified":"2026-03-24T03:17:05","modified_gmt":"2026-03-24T03:17:05","slug":"bang-legend-120000-120k-bouffees-5-en-1-saveurs-vape-jetable-saveurs-reglables-expedition-depuis-lue-livraison-gratuite-vape-usine-en-gros","status":"publish","type":"product","link":"https:\/\/pgvape.com\/fr\/produit\/bang-legend-120000-120k-bouffees-5-en-1-saveurs-vape-jetable-saveurs-reglables-expedition-depuis-lue-livraison-gratuite-vape-usine-en-gros\/","title":{"rendered":"Bang Legend 120000 120K Puffs 5 en 1 Saveurs Vape jetables Saveurs r\u00e9glables Exp\u00e9dition depuis l'UE Livraison gratuite Vape Factory Wholesale"},"content":{"rendered":"<p><strong data-sourcepos=\"6:5-6:30\">Bang L\u00e9gende 120K 5en1<\/strong> est con\u00e7u pour une exp\u00e9rience de vapotage ultime et multi-saveurs de longue dur\u00e9e. <strong data-sourcepos=\"6:132-6:153\">Syst\u00e8me de dosettes 5 en 1<\/strong> avec cinq chambres de saveurs internes s\u00e9par\u00e9es, il d\u00e9livre jusqu'\u00e0 <strong data-sourcepos=\"6:217-6:234\">120 000 bouff\u00e9es<\/strong> \u00e0 partir d\u2019un seul appareil. <strong data-sourcepos=\"6:295-6:317\">bobine de maille avanc\u00e9e<\/strong> pour une saveur pure et r\u00e9sistante aux fuites. <strong data-sourcepos=\"6:366-6:391\">affichage num\u00e9rique intelligent<\/strong> affiche les niveaux de batterie et d'e-liquide en temps r\u00e9el, tandis que le <strong data-sourcepos=\"6:450-6:488\">batterie rechargeable haute capacit\u00e9<\/strong> et <strong data-sourcepos=\"6:493-6:516\">Chargement rapide USB-C<\/strong> garantir des performances constantes toute la journ\u00e9e. <strong data-sourcepos=\"6:583-6:599\">Entrep\u00f4t de l'UE<\/strong>, il garantit une livraison rapide, sans douane et une qualit\u00e9 authentique.<\/p>\n<p>\u3001<\/p>\n<h2><span style=\"font-size: 90%;\">Bang Legend 120000 120K Puffs 5 en 1 Saveurs Vape jetable <strong>Caract\u00e9ristiques<\/strong><\/span><\/h2>\n<p><strong data-sourcepos=\"11:6-11:23\">120 000 bouff\u00e9es<\/strong>\u00a0\u2013 Ultra-durable, con\u00e7u pour des semaines d\u2019utilisation intensive.<\/p>\n<p><strong data-sourcepos=\"12:6-12:40\">Syst\u00e8me de dosettes multi-saveurs 5 en 1<\/strong>\u00a0\u2013 Cinq saveurs distinctes dans un seul appareil. .<\/p>\n<p><strong data-sourcepos=\"13:7-13:32\">Affichage num\u00e9rique intelligent<\/strong>\u00a0\u2013 Surveillance claire du niveau de batterie et de liquide.<\/p>\n<p><strong data-sourcepos=\"14:5-14:45\">Batterie rechargeable haute efficacit\u00e9<\/strong>\u00a0\u2013 Prend en charge des performances durables.<\/p>\n<p><strong data-sourcepos=\"15:6-15:29\">Bobines de maille avanc\u00e9es<\/strong>\u00a0\u2013 Chaque dosette est dot\u00e9e d\u2019une bobine de maille d\u00e9di\u00e9e pour une saveur riche et douce.<\/p>\n<p><strong data-sourcepos=\"16:6-16:30\">Chargement rapide de type C<\/strong>\u00a0\u2013 Recharges rapides, moins de temps d\u2019arr\u00eat.<\/p>\n<p><strong data-sourcepos=\"17:7-17:44\">R\u00e9sistant aux fuites et activ\u00e9 par l'inhalation<\/strong>\u00a0\u2013 Pas de boutons, pas de g\u00e2chis, pure commodit\u00e9.<\/p>\n<p><strong data-sourcepos=\"18:6-18:33\">Exp\u00e9di\u00e9 depuis l'entrep\u00f4t de l'UE<\/strong>\u00a0\u2013 Livraison locale rapide, pas de frais de douane.<\/p>\n<p>&nbsp;<\/p>\n<h3><strong><span style=\"font-size: 90%;\">Bang Legend 120000 120K Puffs 5 en 1 Saveurs Liste des saveurs de vape jetables\u00a0:<\/span><\/strong><\/h3>\n<p><strong>1. Boisson \u00e9nergisante &amp; Myrtille Cerise &amp; Pomme Raisin &amp; Past\u00e8que Pitaya &amp; Mamba<\/strong><\/p>\n<p><strong>2. Boisson \u00e9nergisante &amp; glace \u00e0 la p\u00eache &amp; glace \u00e0 la mangue &amp; canneberge raisin &amp; cassis<\/strong><\/p>\n<p><strong>3. Myrtille Framboise &amp; P\u00eache Mangue Past\u00e8que &amp; Cerise Cola &amp; Raisin M\u00fbre Glace &amp; Mangue P\u00eache Abricot<\/strong><\/p>\n<p><strong>4. Myrtille Framboise &amp; Black Dragon Ice &amp; Rainbow Candy &amp; Fuji Ice &amp; Past\u00e8que Aigre P\u00eache<\/strong><\/p>\n<p><strong>5. Glace aux bleuets et kiwi, fruit de la passion, goyave, triple melon, p\u00eache, ananas et baiser passionn\u00e9<\/strong><\/p>\n<p><strong>6.Glace aux bleuets et gomme \u00e0 bulles de past\u00e8que et pomme aigre Framboise et fruits de lotus Mangue Melon et fruit de la passion Kiwi Lime<\/strong><\/p>\n<p><strong>7. Glace \u00e0 la past\u00e8que et baies m\u00e9lang\u00e9es et pomme poire et myrtille menthe et heure d'\u00e9t\u00e9<\/strong><\/p>\n<p><strong>8. Glace \u00e0 la past\u00e8que et \u00e0 la fraise, \u00e0 la mangue et \u00e0 la cerise de Californie et \u00e0 la myrtille, \u00e0 la p\u00eache et \u00e0 la glace aux baies<\/strong><\/p>\n<p><strong>9. Glace aux fraises, past\u00e8que et raisin, mojito rouge, glace \u00e0 la banane et citron vert<\/strong><\/p>\n<p><strong>10.Fraise Past\u00e8que &amp; Cantaloup Pomme &amp; Cola Ice &amp; Mangue P\u00eache &amp; Love 66<\/strong><\/p>\n<p><strong>11.Fraise Kiwi &amp; Fraise Banane &amp; Litchi Glace &amp; Past\u00e8que Baies &amp; Fruit de la Passion Mangue<\/strong><\/p>\n<p><strong>12. Fraise Kiwi &amp; Myrtille Past\u00e8que &amp; Gummy Bear &amp; Blueberry Bubble Gum &amp; Sour Mangue Ananas<img loading=\"lazy\" decoding=\"async\" class=\"alignnone wp-image-8637 size-full\" src=\"https:\/\/pgvape.com\/wp-content\/uploads\/2026\/01\/Bang-Legend-120K-5in1-EU-120000-Puffs-5-in-1-Smart-Disposable-Vape-Shipment-from-EU-Free-Shipping-Vape-Factory-Wholesale-3.png\" alt=\"Deux rang\u00e9es de bouteilles de boisson \u00e9nergisante Bang Legend 5-en-1 aux couleurs vives, chacune avec une \u00e9tiquette de saveur multicolore.\" width=\"1852\" height=\"1397\" srcset=\"https:\/\/pgvape.com\/wp-content\/uploads\/2026\/01\/Bang-Legend-120K-5in1-EU-120000-Puffs-5-in-1-Smart-Disposable-Vape-Shipment-from-EU-Free-Shipping-Vape-Factory-Wholesale-3.png 1852w, https:\/\/pgvape.com\/wp-content\/uploads\/2026\/01\/Bang-Legend-120K-5in1-EU-120000-Puffs-5-in-1-Smart-Disposable-Vape-Shipment-from-EU-Free-Shipping-Vape-Factory-Wholesale-3-477x360.png 477w, https:\/\/pgvape.com\/wp-content\/uploads\/2026\/01\/Bang-Legend-120K-5in1-EU-120000-Puffs-5-in-1-Smart-Disposable-Vape-Shipment-from-EU-Free-Shipping-Vape-Factory-Wholesale-3-595x449.png 595w, https:\/\/pgvape.com\/wp-content\/uploads\/2026\/01\/Bang-Legend-120K-5in1-EU-120000-Puffs-5-in-1-Smart-Disposable-Vape-Shipment-from-EU-Free-Shipping-Vape-Factory-Wholesale-3-400x302.png 400w, https:\/\/pgvape.com\/wp-content\/uploads\/2026\/01\/Bang-Legend-120K-5in1-EU-120000-Puffs-5-in-1-Smart-Disposable-Vape-Shipment-from-EU-Free-Shipping-Vape-Factory-Wholesale-3-768x579.png 768w, https:\/\/pgvape.com\/wp-content\/uploads\/2026\/01\/Bang-Legend-120K-5in1-EU-120000-Puffs-5-in-1-Smart-Disposable-Vape-Shipment-from-EU-Free-Shipping-Vape-Factory-Wholesale-3-1536x1159.png 1536w, https:\/\/pgvape.com\/wp-content\/uploads\/2026\/01\/Bang-Legend-120K-5in1-EU-120000-Puffs-5-in-1-Smart-Disposable-Vape-Shipment-from-EU-Free-Shipping-Vape-Factory-Wholesale-3-16x12.png 16w, https:\/\/pgvape.com\/wp-content\/uploads\/2026\/01\/Bang-Legend-120K-5in1-EU-120000-Puffs-5-in-1-Smart-Disposable-Vape-Shipment-from-EU-Free-Shipping-Vape-Factory-Wholesale-3-600x453.png 600w\" sizes=\"auto, (max-width: 1852px) 100vw, 1852px\" \/><\/strong><\/p>\n<p>&nbsp;<\/p>\n<h3 class=\"auto-hide-last-sibling-br paragraph-pP9ZLC paragraph-element br-paragraph-space\">Pourquoi choisir l'entrep\u00f4t europ\u00e9en PGVape\u00a0?<\/h3>\n<p>Exp\u00e9dition rapide : livraison dans la plupart des pays de l\u2019UE sous 3 \u00e0 7 jours ouvrables.<\/p>\n<p>Livraison hors taxes : le stock local de l\u2019UE garantit une exp\u00e9dition fluide et hors taxes.<\/p>\n<p>Garantie authentique 100%\u00a0: authentique <strong data-sourcepos=\"6:5-6:30\">L\u00e9gende du coup<\/strong> cigarettes \u00e9lectroniques provenant de fournisseurs certifi\u00e9s.<\/p>\n<p>Inventaire frais\u00a0: stock\u00e9 dans des conditions contr\u00f4l\u00e9es pour garantir une qualit\u00e9 optimale.<\/p>\n<p>Approuv\u00e9 par les Europ\u00e9ens\u00a0: des milliers de clients b\u00e9n\u00e9ficient des services de cigarettes \u00e9lectroniques rapides et s\u00e9curis\u00e9s de PGVape.<\/p>\n<p>&nbsp;<\/p>\n<h2><span style=\"font-size: 90%;\">FAQ sur Bang Legend 120000 120K Puffs 5 en 1 Saveurs Vape jetable<\/span><\/h2>\n<p>\u2753 <strong>Est-il exp\u00e9di\u00e9 depuis l'UE\u00a0?<\/strong><br \/>\n\u2705 <strong class=\"\">Oui<\/strong> \u2013 Entrep\u00f4t UE uniquement; <strong>Livraison sous 2 \u00e0 8 jours<\/strong>, <strong>pas de douane<\/strong>, <strong>pas de taxe \u00e0 l'importation<\/strong>.<\/p>\n<p>\u2753 <strong>Combien de bouff\u00e9es ?<\/strong><br \/>\n\u2705 <strong>Jusqu'\u00e0 120 000 bouff\u00e9es<\/strong> \u2013 la dur\u00e9e de vie varie en fonction de l\u2019usage personnel.<\/p>\n<p>\u2753 <strong>Qu'est-ce que le syst\u00e8me 5 en 1 ?<\/strong><br \/>\n\u2705 <strong>Cinq dosettes de saveur pr\u00e9charg\u00e9es<\/strong> dans un seul appareil; <strong>faire pivoter l'embout buccal<\/strong> pour changer instantan\u00e9ment \u2013 <strong>pas de remplissage<\/strong>.<\/p>\n<p>\u2753 <strong>Est-ce rechargeable ?<\/strong><br \/>\n\u2705 <strong>Oui<\/strong> \u2013 <strong>Type-C<\/strong> prise en charge des ports <strong>charge rapide<\/strong> jusqu'\u00e0 ce que toutes les dosettes soient vides.<\/p>\n<p>\u2753 <strong>Puis-je le recharger ?<\/strong><br \/>\n\u2705 <strong class=\"\">Non<\/strong> \u2013 <strong>scell\u00e9 \u00e0 usage unique<\/strong>; \u00e9liminez-le de mani\u00e8re responsable lorsque la saveur s'affaiblit.<\/p>\n<p>\u2753 <strong>Comment puis-je savoir qu'il est vide\u00a0?<\/strong><br \/>\n\u2705 <strong>La saveur s'estompe<\/strong> ou <strong>gouttes de vapeur<\/strong>; <strong>affichage intelligent<\/strong> montre \u00e9galement <strong>e-liquide restant<\/strong>.<\/p>\n<p>\u2753 <strong>Est-ce authentique ?<\/strong><br \/>\n\u2705 <strong>100 % produit officiel Bang<\/strong> \u2013 Contr\u00f4le qualit\u00e9 en entrep\u00f4t europ\u00e9en et tra\u00e7abilit\u00e9 compl\u00e8te.<\/p>\n<p>\u2753 <strong>Que faire si mon appareil est d\u00e9fectueux ?<\/strong><br \/>\n\u2705 Contactez le support avec <strong>num\u00e9ro de commande + courte vid\u00e9o<\/strong> \u2013 <strong>Garantie au niveau de l'UE<\/strong> s'applique.<\/p>\n<p>&nbsp;<\/p>\n<h3 id=\"brxe-najhln\" class=\"brxe-heading\">Foire aux questions (FAQ)<\/h3>\n<div id=\"brxe-rajiac\" class=\"brxe-text\">\n<p><strong>Q : Quels modes de paiement acceptez-vous ?<\/strong><br \/>\nR\u00a0: Nous acceptons PayPal, Stripe, les virements bancaires (pris en charge par SEPA), les principales cartes de cr\u00e9dit (Visa, MasterCard, American Express) et les paiements en crypto-monnaie.<\/p>\n<p><strong>Q : Combien de temps prend la pr\u00e9paration d\u2019une commande ?<\/strong><br \/>\nR : La pr\u00e9paration de la commande prend 1 \u00e0 3 jours ouvrables.<\/p>\n<p><strong>Q : Quel est le d\u00e9lai de livraison ?<\/strong><br \/>\nR : Le d\u00e9lai de livraison est de 7 \u00e0 14 jours ouvrables, selon votre emplacement. Les marchandises exp\u00e9di\u00e9es depuis des entrep\u00f4ts europ\u00e9ens prennent g\u00e9n\u00e9ralement 3 \u00e0 6 jours ouvrables pour \u00eatre livr\u00e9es.<\/p>\n<p><strong>Q : Comment puis-je suivre ma commande ?<\/strong><br \/>\nR : Apr\u00e8s l'exp\u00e9dition, vous recevrez un e-mail de confirmation avec un num\u00e9ro de suivi pour un suivi en temps r\u00e9el.<\/p>\n<p><strong>Q : Quelle est votre politique de retour ?<\/strong><br \/>\nR : Nous proposons une politique de retour de 30 jours pour les remboursements ou les \u00e9changes. .<\/p>\n<p><strong>Q : Y aura-t-il des probl\u00e8mes douaniers ?<br \/>\n<\/strong>Nous prenons en charge toutes les proc\u00e9dures de d\u00e9douanement pour vous garantir une exp\u00e9rience sans tracas. .<\/p>\n<p><strong>Q : Quelles m\u00e9thodes d\u2019exp\u00e9dition sont utilis\u00e9es ?<\/strong><br \/>\nNous coop\u00e9rons avec UPS\/DHL\/FEDEX\/DPD, etc. Nous choisirons l'option d'exp\u00e9dition appropri\u00e9e en fonction du pays de livraison pour garantir que vous recevez vos produits le plus rapidement possible.<\/p>\n<p><a href=\"https:\/\/pgvape.com\/fr\/faq\/\">Cliquez ici pour plus de FAQ<\/a><\/p>\n<p>Chers clients, Si vous avez des questions concernant votre commande ou l'arriv\u00e9e des marchandises, n'h\u00e9sitez pas \u00e0 contacter notre service client. Merci !<\/p>\n<h3 data-sourcepos=\"73:1-73:21\"><strong data-sourcepos=\"73:7-73:21\">Contactez-nous<\/strong><\/h3>\n<div id=\"text-2419739398\" class=\"text\">\n<p><strong data-sourcepos=\"75:3-75:12\">E-mail<\/strong>:\u00a0<a href=\"mailto:support@pgvape.com\"><strong>support@pgvape.com<\/strong><\/a><\/p>\n<p><strong data-sourcepos=\"76:3-76:15\">WhatsApp<\/strong>:\u00a0<a href=\"https:\/\/wa.me\/+8618128481258\"><strong>+86 18128481258<\/strong><\/a><br \/>\n<strong>(R\u00e9ponse sous 24h les jours ouvr\u00e9s)<\/strong><\/p>\n<\/div>\n<h3><strong>Merci d'avoir choisi pgvape.com ! .<\/strong><\/h3>\n<\/div>","protected":false},"excerpt":{"rendered":"<p><strong>BANG LEGEND 120K 5-en-1 UE<\/strong> \u2013 <strong>120 000 bouff\u00e9es<\/strong>, <strong>cinq saveurs<\/strong>, <strong>affichage intelligent<\/strong>, <strong>Type-C<\/strong>, <strong>Livraison UE 2-8 jours<\/strong>.<strong>Faites pivoter une fois, go\u00fbtez-en cinq, vapotez pendant des mois \u2013 le tout en provenance d\u2019Europe.<\/strong><\/p>","protected":false},"featured_media":8635,"comment_status":"open","ping_status":"closed","template":"","meta":{"_seopress_robots_primary_cat":"","_seopress_titles_title":"","_seopress_titles_desc":"","_seopress_robots_index":""},"product_brand":[72,516],"product_cat":[69,71,515],"product_tag":[354,556,557,73,90,459,203],"class_list":{"0":"post-8620","1":"product","2":"type-product","3":"status-publish","4":"has-post-thumbnail","6":"product_brand-bang-legend-vape","7":"product_brand-disposable-vape","8":"product_cat-120k-puffs-vape","9":"product_cat-bang-legend-vape","10":"product_cat-disposable-vape","11":"product_tag-120k-puffs-vape","12":"product_tag-5-in-1-flavors","13":"product_tag-adjustable-flavors","14":"product_tag-bang-legend","15":"product_tag-disposable-vape","16":"product_tag-free-shipping","17":"product_tag-shipment-from-eu","18":"product_shipping_class-overseas-warehouse","20":"first","21":"instock","22":"sale","23":"shipping-taxable","24":"purchasable","25":"product-type-variable"},"_links":{"self":[{"href":"https:\/\/pgvape.com\/fr\/wp-json\/wp\/v2\/product\/8620","targetHints":{"allow":["GET"]}}],"collection":[{"href":"https:\/\/pgvape.com\/fr\/wp-json\/wp\/v2\/product"}],"about":[{"href":"https:\/\/pgvape.com\/fr\/wp-json\/wp\/v2\/types\/product"}],"replies":[{"embeddable":true,"href":"https:\/\/pgvape.com\/fr\/wp-json\/wp\/v2\/comments?post=8620"}],"wp:featuredmedia":[{"embeddable":true,"href":"https:\/\/pgvape.com\/fr\/wp-json\/wp\/v2\/media\/8635"}],"wp:attachment":[{"href":"https:\/\/pgvape.com\/fr\/wp-json\/wp\/v2\/media?parent=8620"}],"wp:term":[{"taxonomy":"product_brand","embeddable":true,"href":"https:\/\/pgvape.com\/fr\/wp-json\/wp\/v2\/product_brand?post=8620"},{"taxonomy":"product_cat","embeddable":true,"href":"https:\/\/pgvape.com\/fr\/wp-json\/wp\/v2\/product_cat?post=8620"},{"taxonomy":"product_tag","embeddable":true,"href":"https:\/\/pgvape.com\/fr\/wp-json\/wp\/v2\/product_tag?post=8620"}],"curies":[{"name":"wp","href":"https:\/\/api.w.org\/{rel}","templated":true}]}}