{"id":8587,"date":"2026-01-17T08:55:08","date_gmt":"2026-01-17T08:55:08","guid":{"rendered":"https:\/\/pgvape.com\/?post_type=product&#038;p=8587"},"modified":"2026-03-15T13:41:59","modified_gmt":"2026-03-15T13:41:59","slug":"uor-crystal-12000-12k-bouffees-vape-jetable-2nicotine-12gout-lumiere-rvb-expedition-depuis-lue-livraison-gratuite-vape-usine-en-gros","status":"publish","type":"product","link":"https:\/\/pgvape.com\/fr\/produit\/uor-crystal-12000-12k-bouffees-vape-jetable-2nicotine-12gout-lumiere-rvb-expedition-depuis-lue-livraison-gratuite-vape-usine-en-gros\/","title":{"rendered":"UOR Crystal 12000 12K Puffs Vape jetable 2%Nicotine 12Taste RGB Light Exp\u00e9dition depuis l'UE Livraison gratuite Vape Factory Wholesale"},"content":{"rendered":"<p><strong data-sourcepos=\"6:5-6:26\">UOR Cristal 12000<\/strong>\u00a0est un vape jetable haut de gamme de grande capacit\u00e9, con\u00e7u pour la long\u00e9vit\u00e9, la coh\u00e9rence de la saveur et l'attrait visuel.\u00a0<strong data-sourcepos=\"6:147-6:163\">12 000 bouff\u00e9es<\/strong>\u00a0soutenu par un\u00a0<strong data-sourcepos=\"6:180-6:206\">Capacit\u00e9 de 18 ml d'e-liquide<\/strong>, un\u00a0<strong data-sourcepos=\"6:210-6:228\">Bobine de maille de 1,0 \u03a9<\/strong>, et un\u00a0<strong data-sourcepos=\"6:236-6:267\">Batterie rechargeable de 650 mAh<\/strong>, il d\u00e9livre une vapeur douce et satisfaisante \u00e0 chaque tirage.\u00a0<strong data-sourcepos=\"6:335-6:366\">Points forts de la nicotine 2%<\/strong>\u00a0et 12 saveurs savamment con\u00e7ues, le tout emball\u00e9 dans un appareil \u00e9l\u00e9gant dot\u00e9 d'un design accrocheur\u00a0<strong data-sourcepos=\"6:454-6:477\">Indicateur lumineux RVB<\/strong>.\u00a0<strong data-sourcepos=\"6:417-6:451\">directement depuis l'entrep\u00f4t de l'UE<\/strong>\u00a0pour une livraison rapide et sans douane<\/p>\n<p>&nbsp;<\/p>\n<h2><span style=\"font-size: 90%;\">Vape jetable de bouff\u00e9es du cristal 12000 12K d'UOR <strong>Caract\u00e9ristiques<\/strong><\/span><\/h2>\n<p><strong data-sourcepos=\"11:6-11:37\">Batterie rechargeable de 650 mAh<\/strong>\u00a0\u2013 Chargement rapide USB Type-C<\/p>\n<p><strong data-sourcepos=\"12:6-12:34\">E-liquide pr\u00e9rempli 18 ml<\/strong>\u00a0\u2013 Sortie de saveur durable et stable<\/p>\n<p><strong data-sourcepos=\"13:6-13:24\">Bobine de maille de 1,0 \u03a9<\/strong>\u00a0\u2013 Vapeur douce, clart\u00e9 de saveur am\u00e9lior\u00e9e<\/p>\n<p><strong data-sourcepos=\"14:6-14:29\">Indicateur lumineux RVB<\/strong>\u00a0\u2013 Retour visuel moderne pendant l\u2019utilisation<\/p>\n<p><strong data-sourcepos=\"15:6-15:28\">Jusqu'\u00e0 12 000 bouff\u00e9es<\/strong>\u00a0\u2013 R\u00e9duit le besoin de remplacements fr\u00e9quents<\/p>\n<p><strong data-sourcepos=\"17:5-17:27\">Stock d'entrep\u00f4t de l'UE<\/strong>\u00a0\u2013 Livraison rapide en 3 \u00e0 7 jours, sans frais de douane.<\/p>\n<p><strong data-sourcepos=\"16:6-16:32\">Conception \u00e9l\u00e9gante et portable<\/strong>\u00a0\u2013 Tient confortablement dans la main et dans la poche<\/p>\n<p><strong data-sourcepos=\"17:6-17:33\">10 unit\u00e9s par bo\u00eete de vente au d\u00e9tail<\/strong>\u00a0\u2013 Pratique pour le commerce de d\u00e9tail et de gros<\/p>\n<p>&nbsp;<\/p>\n<h3><span style=\"font-size: 90%;\">Vape jetable de bouff\u00e9es du cristal 12000 12K d'UOR <strong>Liste des saveurs\u00a0:<\/strong><\/span><\/h3>\n<p><strong>1. Glace \u00e0 la past\u00e8que<\/strong><\/p>\n<p><strong>2.Kiwi aux fraises<\/strong><\/p>\n<p><strong>3. Glace aux fraises<\/strong><\/p>\n<p><strong>4. Glace au raisin<\/strong><\/p>\n<p><strong>5. Glace \u00e0 la p\u00eache<\/strong><\/p>\n<p><strong>6. Past\u00e8que aux fraises<\/strong><\/p>\n<p><strong>7. Cola aux cerises<\/strong><\/p>\n<p><strong>8.Kiwi Goyave fruit de la passion<\/strong><\/p>\n<p><strong>9. Baies m\u00e9lang\u00e9es<\/strong><\/p>\n<p><strong>10. Monsieur bleu<\/strong><\/p>\n<p><strong>11.Double pomme<\/strong><\/p>\n<p><strong>12. Myrtille Framboise<img loading=\"lazy\" decoding=\"async\" class=\"alignnone wp-image-8592 size-full\" src=\"https:\/\/pgvape.com\/wp-content\/uploads\/2026\/01\/UOR-Crystal-12000-12K-Puffs-Disposable-Vape-2-Nicotine-12Taste-RGB-Light-Vape-Factory-Wholesale-Shipment-from-EU-pgvape-3.png\" alt=\"Banni\u00e8re de vapes jetables Crystal 12 Puffs affichant des bouteilles color\u00e9es avec des illustrations de singe et une bo\u00eete rouge 12K Puffs.\" width=\"2000\" height=\"1125\" srcset=\"https:\/\/pgvape.com\/wp-content\/uploads\/2026\/01\/UOR-Crystal-12000-12K-Puffs-Disposable-Vape-2-Nicotine-12Taste-RGB-Light-Vape-Factory-Wholesale-Shipment-from-EU-pgvape-3.png 2000w, https:\/\/pgvape.com\/wp-content\/uploads\/2026\/01\/UOR-Crystal-12000-12K-Puffs-Disposable-Vape-2-Nicotine-12Taste-RGB-Light-Vape-Factory-Wholesale-Shipment-from-EU-pgvape-3-555x312.png 555w, https:\/\/pgvape.com\/wp-content\/uploads\/2026\/01\/UOR-Crystal-12000-12K-Puffs-Disposable-Vape-2-Nicotine-12Taste-RGB-Light-Vape-Factory-Wholesale-Shipment-from-EU-pgvape-3-595x335.png 595w, https:\/\/pgvape.com\/wp-content\/uploads\/2026\/01\/UOR-Crystal-12000-12K-Puffs-Disposable-Vape-2-Nicotine-12Taste-RGB-Light-Vape-Factory-Wholesale-Shipment-from-EU-pgvape-3-400x225.png 400w, https:\/\/pgvape.com\/wp-content\/uploads\/2026\/01\/UOR-Crystal-12000-12K-Puffs-Disposable-Vape-2-Nicotine-12Taste-RGB-Light-Vape-Factory-Wholesale-Shipment-from-EU-pgvape-3-768x432.png 768w, https:\/\/pgvape.com\/wp-content\/uploads\/2026\/01\/UOR-Crystal-12000-12K-Puffs-Disposable-Vape-2-Nicotine-12Taste-RGB-Light-Vape-Factory-Wholesale-Shipment-from-EU-pgvape-3-1536x864.png 1536w, https:\/\/pgvape.com\/wp-content\/uploads\/2026\/01\/UOR-Crystal-12000-12K-Puffs-Disposable-Vape-2-Nicotine-12Taste-RGB-Light-Vape-Factory-Wholesale-Shipment-from-EU-pgvape-3-18x10.png 18w, https:\/\/pgvape.com\/wp-content\/uploads\/2026\/01\/UOR-Crystal-12000-12K-Puffs-Disposable-Vape-2-Nicotine-12Taste-RGB-Light-Vape-Factory-Wholesale-Shipment-from-EU-pgvape-3-600x338.png 600w\" sizes=\"auto, (max-width: 2000px) 100vw, 2000px\" \/><\/strong><\/p>\n<p>&nbsp;<\/p>\n<h3 class=\"auto-hide-last-sibling-br paragraph-pP9ZLC paragraph-element br-paragraph-space\">Pourquoi choisir l'entrep\u00f4t europ\u00e9en PGVape\u00a0?<\/h3>\n<p>Exp\u00e9dition rapide : livraison dans la plupart des pays de l\u2019UE sous 3 \u00e0 7 jours ouvrables.<\/p>\n<p>Livraison hors taxes : le stock local de l\u2019UE garantit une exp\u00e9dition fluide et hors taxes.<\/p>\n<p>Garantie authentique 100%\u00a0:\u00a0Authentiques e-cigarettes UOR provenant de fournisseurs certifi\u00e9s.<\/p>\n<p>Inventaire frais\u00a0: stock\u00e9 dans des conditions contr\u00f4l\u00e9es pour garantir une qualit\u00e9 optimale.<\/p>\n<p>Approuv\u00e9 par les Europ\u00e9ens\u00a0: des milliers de clients b\u00e9n\u00e9ficient des services de cigarettes \u00e9lectroniques rapides et s\u00e9curis\u00e9s de PGVape.<\/p>\n<p>&nbsp;<\/p>\n<h2><span style=\"font-size: 90%;\">FAQ sur la vape jetable UOR Crystal 12000 12K Puffs<\/span><\/h2>\n<p><img decoding=\"async\" class=\"emoji\" role=\"img\" draggable=\"false\" src=\"https:\/\/s.w.org\/images\/core\/emoji\/17.0.2\/svg\/2753.svg\" alt=\"\u2753\" \/>\u00a0<strong>Quels sont les dosages de nicotine propos\u00e9s ?<\/strong><br \/>\n<img decoding=\"async\" class=\"emoji\" role=\"img\" draggable=\"false\" src=\"https:\/\/s.w.org\/images\/core\/emoji\/17.0.2\/svg\/2705.svg\" alt=\"\u2705\" \/>\u00a0<strong>2 %<\/strong>\u00a0lisse ou\u00a0<strong>5 %<\/strong>\u00a0fort\u00a0: choisissez votre coup.<\/p>\n<p><img decoding=\"async\" class=\"emoji\" role=\"img\" draggable=\"false\" src=\"https:\/\/s.w.org\/images\/core\/emoji\/17.0.2\/svg\/2753.svg\" alt=\"\u2753\" \/>\u00a0<strong class=\"\">Comment la saveur reste-t-elle constante\u00a0?<\/strong><br \/>\n<img decoding=\"async\" class=\"emoji\" role=\"img\" draggable=\"false\" src=\"https:\/\/s.w.org\/images\/core\/emoji\/17.0.2\/svg\/2705.svg\" alt=\"\u2705\" \/>\u00a0<strong>18 ml<\/strong>\u00a0r\u00e9servoir +\u00a0<strong>Bobine de maille de 1,0 \u03a9<\/strong>\u00a0= sortie r\u00e9guli\u00e8re et riche.<\/p>\n<p><img decoding=\"async\" class=\"emoji\" role=\"img\" draggable=\"false\" src=\"https:\/\/s.w.org\/images\/core\/emoji\/17.0.2\/svg\/2753.svg\" alt=\"\u2753\" \/>\u00a0<strong>La vapeur est-elle douce ?<\/strong><br \/>\n<img decoding=\"async\" class=\"emoji\" role=\"img\" draggable=\"false\" src=\"https:\/\/s.w.org\/images\/core\/emoji\/17.0.2\/svg\/2705.svg\" alt=\"\u2705\" \/>\u00a0<strong>Bobine de maille<\/strong>\u00a0chauffe uniform\u00e9ment pour des nuages \u200b\u200bsoyeux et savoureux.<\/p>\n<p><img decoding=\"async\" class=\"emoji\" role=\"img\" draggable=\"false\" src=\"https:\/\/s.w.org\/images\/core\/emoji\/17.0.2\/svg\/2753.svg\" alt=\"\u2753\" \/>\u00a0<strong>Est-ce rechargeable ?<\/strong><br \/>\n<img decoding=\"async\" class=\"emoji\" role=\"img\" draggable=\"false\" src=\"https:\/\/s.w.org\/images\/core\/emoji\/17.0.2\/svg\/2705.svg\" alt=\"\u2705\" \/>\u00a0<strong>650 mAh<\/strong>\u00a0batterie +\u00a0<strong>Type-C<\/strong>\u00a0port : recharges rapides.<\/p>\n<p><img decoding=\"async\" class=\"emoji\" role=\"img\" draggable=\"false\" src=\"https:\/\/s.w.org\/images\/core\/emoji\/17.0.2\/svg\/2753.svg\" alt=\"\u2753\" \/>\u00a0<strong>Comment puis-je savoir que \u00e7a marche ?<\/strong><br \/>\n<img decoding=\"async\" class=\"emoji\" role=\"img\" draggable=\"false\" src=\"https:\/\/s.w.org\/images\/core\/emoji\/17.0.2\/svg\/2705.svg\" alt=\"\u2705\" \/>\u00a0<strong>Lumi\u00e8re RVB<\/strong>\u00a0brille lorsque vous dessinez : style + statut.<\/p>\n<p><img decoding=\"async\" class=\"emoji\" role=\"img\" draggable=\"false\" src=\"https:\/\/s.w.org\/images\/core\/emoji\/17.0.2\/svg\/2753.svg\" alt=\"\u2753\" \/>\u00a0<strong class=\"\">Quelle est la rapidit\u00e9 de livraison dans l\u2019UE\u00a0?<\/strong><br \/>\n<img decoding=\"async\" class=\"emoji\" role=\"img\" draggable=\"false\" src=\"https:\/\/s.w.org\/images\/core\/emoji\/17.0.2\/svg\/2705.svg\" alt=\"\u2705\" \/>\u00a0<strong class=\"\">Exp\u00e9di\u00e9 depuis un entrep\u00f4t \u00e0 l'\u00e9tranger de l'UE<\/strong>\u2014<strong>3-7 jours ouvrables<\/strong>,\u00a0<strong>pas de frais de douane<\/strong>.<\/p>\n<p><img decoding=\"async\" class=\"emoji\" role=\"img\" draggable=\"false\" src=\"https:\/\/s.w.org\/images\/core\/emoji\/17.0.2\/svg\/2753.svg\" alt=\"\u2753\" \/>\u00a0<strong>Combien de choix de saveurs ?<\/strong><br \/>\n<img decoding=\"async\" class=\"emoji\" role=\"img\" draggable=\"false\" src=\"https:\/\/s.w.org\/images\/core\/emoji\/17.0.2\/svg\/2705.svg\" alt=\"\u2705\" \/>\u00a0<strong>12 m\u00e9langes s\u00e9lectionn\u00e9s<\/strong>\u00a0depuis\u00a0<strong>Cola aux cerises<\/strong>\u00a0\u00e0\u00a0<strong>Kiwi Passion-Fruit Goyave<\/strong>.<\/p>\n<p><img decoding=\"async\" class=\"emoji\" role=\"img\" draggable=\"false\" src=\"https:\/\/s.w.org\/images\/core\/emoji\/17.0.2\/svg\/2753.svg\" alt=\"\u2753\" \/>\u00a0<strong>Un emballage pr\u00eat \u00e0 la vente au d\u00e9tail\u00a0?<\/strong><br \/>\n<img decoding=\"async\" class=\"emoji\" role=\"img\" draggable=\"false\" src=\"https:\/\/s.w.org\/images\/core\/emoji\/17.0.2\/svg\/2705.svg\" alt=\"\u2705\" \/>\u00a0<strong>10 pi\u00e8ces\/bo\u00eete<\/strong>\u2014 parfait pour \u00e9tag\u00e8re ou chariot en vrac.<\/p>\n<p>&nbsp;<\/p>\n<h3 id=\"brxe-najhln\" class=\"brxe-heading\">Foire aux questions (FAQ)<\/h3>\n<div id=\"brxe-rajiac\" class=\"brxe-text\">\n<p><strong>Q : Quels modes de paiement acceptez-vous ?<\/strong><br \/>\nR\u00a0: Nous acceptons PayPal, Stripe, les virements bancaires (pris en charge par SEPA), les principales cartes de cr\u00e9dit (Visa, MasterCard, American Express) et les paiements en crypto-monnaie.<\/p>\n<p><strong>Q : Combien de temps prend la pr\u00e9paration d\u2019une commande ?<\/strong><br \/>\nR : La pr\u00e9paration de la commande prend 1 \u00e0 3 jours ouvrables.<\/p>\n<p><strong>Q : Quel est le d\u00e9lai de livraison ?<\/strong><br \/>\nR : Le d\u00e9lai de livraison est de 7 \u00e0 14 jours ouvrables, selon votre emplacement. Les marchandises exp\u00e9di\u00e9es depuis des entrep\u00f4ts europ\u00e9ens prennent g\u00e9n\u00e9ralement 3 \u00e0 6 jours ouvrables pour \u00eatre livr\u00e9es.<\/p>\n<p><strong>Q : Comment puis-je suivre ma commande ?<\/strong><br \/>\nR : Apr\u00e8s l'exp\u00e9dition, vous recevrez un e-mail de confirmation avec un num\u00e9ro de suivi pour un suivi en temps r\u00e9el.<\/p>\n<p><strong>Q : Quelle est votre politique de retour ?<\/strong><br \/>\nR : Nous proposons une politique de retour de 30 jours pour les remboursements ou les \u00e9changes. .<\/p>\n<p><strong>Q : Y aura-t-il des probl\u00e8mes douaniers ?<br \/>\n<\/strong>Nous prenons en charge toutes les proc\u00e9dures de d\u00e9douanement pour vous garantir une exp\u00e9rience sans tracas. .<\/p>\n<p><strong>Q : Quelles m\u00e9thodes d\u2019exp\u00e9dition sont utilis\u00e9es ?<\/strong><br \/>\nNous coop\u00e9rons avec UPS\/DHL\/FEDEX\/DPD, etc. Nous choisirons l'option d'exp\u00e9dition appropri\u00e9e en fonction du pays de livraison pour garantir que vous recevez vos produits le plus rapidement possible.<\/p>\n<p><a href=\"https:\/\/pgvape.com\/fr\/faq\/\">Cliquez ici pour plus de FAQ<\/a><\/p>\n<p>Chers clients, Si vous avez des questions concernant votre commande ou l'arriv\u00e9e des marchandises, n'h\u00e9sitez pas \u00e0 contacter notre service client. Merci !<\/p>\n<h3 data-sourcepos=\"73:1-73:21\"><strong data-sourcepos=\"73:7-73:21\">Contactez-nous<\/strong><\/h3>\n<div id=\"text-2419739398\" class=\"text\">\n<p><strong data-sourcepos=\"75:3-75:12\">E-mail<\/strong>:\u00a0<a href=\"mailto:support@pgvape.com\"><strong>support@pgvape.com<\/strong><\/a><\/p>\n<p><strong data-sourcepos=\"76:3-76:15\">WhatsApp<\/strong>:\u00a0<a href=\"https:\/\/wa.me\/+8618128481258\"><strong>+86 18128481258<\/strong><\/a><br \/>\n<strong>(R\u00e9ponse sous 24h les jours ouvr\u00e9s)<\/strong><\/p>\n<\/div>\n<h3><strong>Merci d'avoir choisi pgvape.com ! .<\/strong><\/h3>\n<\/div>","protected":false},"excerpt":{"rendered":"<p><strong>Vape jetable de bouff\u00e9es du cristal 12000 12K d'UOR<\/strong> comprend 12 000 bouff\u00e9es, 18 ml d'e-liquide, des bobines de maille de 1,0 \u03a9, une batterie rechargeable de type C de 650 mAh, une indication lumineuse RVB, <strong>Livraison UE 3-7 jours, <\/strong>12 saveurs \u2013 un choix fiable et de grande capacit\u00e9 pour les utilisateurs individuels et les acheteurs en gros.<\/p>","protected":false},"featured_media":8591,"comment_status":"open","ping_status":"closed","template":"","meta":{"_seopress_robots_primary_cat":"none","_seopress_titles_title":"","_seopress_titles_desc":"","_seopress_robots_index":""},"product_brand":[516,345],"product_cat":[147,515,464],"product_tag":[376,90,459,203,538],"class_list":{"0":"post-8587","1":"product","2":"type-product","3":"status-publish","4":"has-post-thumbnail","6":"product_brand-disposable-vape","7":"product_brand-uor-vape","8":"product_cat-12k-puffs-vape","9":"product_cat-disposable-vape","10":"product_cat-uor-vape-eu","11":"product_tag-12k-puffs-vape","12":"product_tag-disposable-vape","13":"product_tag-free-shipping","14":"product_tag-shipment-from-eu","15":"product_tag-uor-crystal-12000","17":"first","18":"instock","19":"sale","20":"shipping-taxable","21":"purchasable","22":"product-type-variable"},"_links":{"self":[{"href":"https:\/\/pgvape.com\/fr\/wp-json\/wp\/v2\/product\/8587","targetHints":{"allow":["GET"]}}],"collection":[{"href":"https:\/\/pgvape.com\/fr\/wp-json\/wp\/v2\/product"}],"about":[{"href":"https:\/\/pgvape.com\/fr\/wp-json\/wp\/v2\/types\/product"}],"replies":[{"embeddable":true,"href":"https:\/\/pgvape.com\/fr\/wp-json\/wp\/v2\/comments?post=8587"}],"wp:featuredmedia":[{"embeddable":true,"href":"https:\/\/pgvape.com\/fr\/wp-json\/wp\/v2\/media\/8591"}],"wp:attachment":[{"href":"https:\/\/pgvape.com\/fr\/wp-json\/wp\/v2\/media?parent=8587"}],"wp:term":[{"taxonomy":"product_brand","embeddable":true,"href":"https:\/\/pgvape.com\/fr\/wp-json\/wp\/v2\/product_brand?post=8587"},{"taxonomy":"product_cat","embeddable":true,"href":"https:\/\/pgvape.com\/fr\/wp-json\/wp\/v2\/product_cat?post=8587"},{"taxonomy":"product_tag","embeddable":true,"href":"https:\/\/pgvape.com\/fr\/wp-json\/wp\/v2\/product_tag?post=8587"}],"curies":[{"name":"wp","href":"https:\/\/api.w.org\/{rel}","templated":true}]}}