{"id":8503,"date":"2026-01-15T11:01:03","date_gmt":"2026-01-15T11:01:03","guid":{"rendered":"https:\/\/pgvape.com\/?post_type=product&#038;p=8503"},"modified":"2026-03-25T11:34:15","modified_gmt":"2026-03-25T11:34:15","slug":"bang-blaze-140000-140k-bouffees-3in1-3-saveurs-pures-vape-jetable-0-2-3-5nicotine-12gout-vape-usine-en-gros","status":"publish","type":"product","link":"https:\/\/pgvape.com\/fr\/produit\/bang-blaze-140000-140k-bouffees-3in1-3-saveurs-pures-vape-jetable-0-2-3-5nicotine-12gout-vape-usine-en-gros\/","title":{"rendered":"Bang Blaze 140000 140K Puffs 3in1 3 saveurs pures Vape jetable 0% 2% 3% 5%Nicotine 12Taste Vape Factory Wholesale"},"content":{"rendered":"<p><strong data-sourcepos=\"6:5-6:24\">Bang Blaze 140K<\/strong> \u00e9tablit une nouvelle norme en mati\u00e8re de vapotage multi-saveurs de grande capacit\u00e9. <strong data-sourcepos=\"6:145-6:177\">trois r\u00e9servoirs ind\u00e9pendants de 15 ml<\/strong> (45 ml au total) avec un <strong data-sourcepos=\"6:205-6:242\">M\u00e9canisme de changement de saveur 3 en 1<\/strong>, permettant de basculer instantan\u00e9ment entre des profils de saveurs distincts. <strong data-sourcepos=\"6:320-6:355\">trois bobines de maille d\u00e9di\u00e9es de 1,0 \u03a9<\/strong> pour \u00e9viter la contamination crois\u00e9e des saveurs et soutenu par un <strong data-sourcepos=\"6:410-6:441\">Batterie rechargeable de 650 mAh<\/strong> avec <strong data-sourcepos=\"6:447-6:471\">Chargement rapide de type C<\/strong>, il offre des performances constantes et puissantes gr\u00e2ce \u00e0 une <strong data-sourcepos=\"6:543-6:560\">140 000 bouff\u00e9es<\/strong>., il est con\u00e7u pour les vapoteurs exigeants qui refusent de faire des compromis sur la vari\u00e9t\u00e9 ou la long\u00e9vit\u00e9.<\/p>\n<p>&nbsp;<\/p>\n<h2><span style=\"font-size: 90%;\"><span style=\"color: #ed1c24;\"><a style=\"color: #ed1c24;\" href=\"https:\/\/pgvape.com\/fr\/categorie-produit\/bang-blaze-vape\/\"><span style=\"color: #0000ff;\">Bang Blaze<\/span><\/a><\/span> 140000 140K Puffs 3in1 3 Saveurs pures Sp\u00e9cifications jetables de Vape<\/span><\/h2>\n<p><strong>Bouff\u00e9es<\/strong>: Jusqu'\u00e0 <strong class=\"\">140,000<\/strong><\/p>\n<p><strong>E-Liquide<\/strong>: <strong>45 ml<\/strong> (trois <strong class=\"\">15 ml<\/strong> r\u00e9servoirs ind\u00e9pendants)<\/p>\n<p><strong>Nicotine<\/strong>: <strong>0 %, 2 %, 3 %, 5 %<\/strong> options de sel<\/p>\n<p><strong>Batterie<\/strong>: <strong>650 mAh<\/strong>, <strong>Type-C<\/strong> charge rapide<\/p>\n<p><strong>Bobines<\/strong>: <strong>Triple maille de 1,0 \u03a9<\/strong> (un par r\u00e9servoir)<\/p>\n<p><strong>Changer<\/strong>: <strong class=\"\">Bascule manuelle 3 en 1<\/strong>\u2014\u00e9change de saveur instantan\u00e9<\/p>\n<p>&nbsp;<\/p>\n<h3><span style=\"font-size: 90%;\">Bang Blaze 140000 140K Puffs 3in1 3 saveurs pures Liste des saveurs de vape jetables\u00a0:<\/span><\/h3>\n<p>1. Glace \u00e0 la past\u00e8que, litchi aux fraises et oursons gommeux<\/p>\n<p>2. Glace \u00e0 la p\u00eache et \u00e0 la past\u00e8que aux bleuets et \u00e0 la fraise et au citron<\/p>\n<p>3. Glace au raisin, fraise, mangue et baies m\u00e9lang\u00e9es<\/p>\n<p>4. Glace aux bleuets &amp; LOVE66 &amp; past\u00e8que p\u00eache mangue<\/p>\n<p>5. Myrtille Framboise &amp; Kiwi Fruit de la Passion Goyave &amp; Ananas Noix de Coco<\/p>\n<p>6. Glace \u00e0 la fraise, \u00e0 la past\u00e8que, \u00e0 la myrtille, \u00e0 la p\u00eache et \u00e0 l'ananas au cassis<\/p>\n<p>7.Fraise Kiwi &amp; Past\u00e8que Bubblegum &amp; Myrtille Cerise<\/p>\n<p>8. Black Dragon Ice &amp; Fraise Mamba &amp; Framboise Raisin<\/p>\n<p>9. Mangue P\u00eache &amp; Myrtille Red Bull &amp; Pomme Raisin<\/p>\n<p>10.Triple Mangue &amp; Framboise Citron &amp; Myrtille Raisin<\/p>\n<p>11. Citron Lime &amp; Aloe Mangue Melon &amp; Past\u00e8que Fruit du Dragon<\/p>\n<p>12. Glace \u00e0 la banane et \u00e0 la fraise et aux baies de past\u00e8que<img loading=\"lazy\" decoding=\"async\" class=\"alignnone wp-image-8546 size-full\" src=\"https:\/\/pgvape.com\/wp-content\/uploads\/2026\/01\/Bang-Blaze-140000-140K-Puffs-3in1-3-Pure-Flavors-Disposable-Vape-0-2-3-5Nicotine-12Taste-Vape-Factory-Wholesale-pgvape-14.png\" alt=\"Deux rang\u00e9es de six bouteilles d&#039;e-liquide Bang Blaze, noires avec des illustrations d&#039;animaux color\u00e9es et une \u00e9tiquette de 140 000 $, chacune avec son nom de saveur indiqu\u00e9 en dessous.\" width=\"1500\" height=\"1011\" srcset=\"https:\/\/pgvape.com\/wp-content\/uploads\/2026\/01\/Bang-Blaze-140000-140K-Puffs-3in1-3-Pure-Flavors-Disposable-Vape-0-2-3-5Nicotine-12Taste-Vape-Factory-Wholesale-pgvape-14.png 1500w, https:\/\/pgvape.com\/wp-content\/uploads\/2026\/01\/Bang-Blaze-140000-140K-Puffs-3in1-3-Pure-Flavors-Disposable-Vape-0-2-3-5Nicotine-12Taste-Vape-Factory-Wholesale-pgvape-14-534x360.png 534w, https:\/\/pgvape.com\/wp-content\/uploads\/2026\/01\/Bang-Blaze-140000-140K-Puffs-3in1-3-Pure-Flavors-Disposable-Vape-0-2-3-5Nicotine-12Taste-Vape-Factory-Wholesale-pgvape-14-595x401.png 595w, https:\/\/pgvape.com\/wp-content\/uploads\/2026\/01\/Bang-Blaze-140000-140K-Puffs-3in1-3-Pure-Flavors-Disposable-Vape-0-2-3-5Nicotine-12Taste-Vape-Factory-Wholesale-pgvape-14-400x270.png 400w, https:\/\/pgvape.com\/wp-content\/uploads\/2026\/01\/Bang-Blaze-140000-140K-Puffs-3in1-3-Pure-Flavors-Disposable-Vape-0-2-3-5Nicotine-12Taste-Vape-Factory-Wholesale-pgvape-14-768x518.png 768w, https:\/\/pgvape.com\/wp-content\/uploads\/2026\/01\/Bang-Blaze-140000-140K-Puffs-3in1-3-Pure-Flavors-Disposable-Vape-0-2-3-5Nicotine-12Taste-Vape-Factory-Wholesale-pgvape-14-18x12.png 18w, https:\/\/pgvape.com\/wp-content\/uploads\/2026\/01\/Bang-Blaze-140000-140K-Puffs-3in1-3-Pure-Flavors-Disposable-Vape-0-2-3-5Nicotine-12Taste-Vape-Factory-Wholesale-pgvape-14-600x404.png 600w\" sizes=\"auto, (max-width: 1500px) 100vw, 1500px\" \/><\/p>\n<p>&nbsp;<\/p>\n<h2><span style=\"font-size: 90%;\">FAQ sur Bang Blaze 140000 140K Puffs 3in1 3 saveurs pures Vape jetable<\/span><\/h2>\n<p>\u2753 <strong class=\"\">Comment fonctionne la commutation 3 en 1 ?<\/strong><br \/>\n\u2705 <strong class=\"\">Basculement manuel<\/strong> \u00e9changes entre <strong>trois r\u00e9servoirs s\u00e9par\u00e9s<\/strong>- z\u00e9ro image fant\u00f4me de saveur.<\/p>\n<p>\u2753 <strong class=\"\">Est-ce que \u00e7a donne vraiment 140 000 bouff\u00e9es ?<\/strong><br \/>\n\u2705 <strong>45 ml de liquide au total<\/strong> prend en charge <strong>140 000 bouff\u00e9es<\/strong>; Le nombre r\u00e9el de ; varie selon le style de tirage.<\/p>\n<p>\u2753 <strong class=\"\">Pourquoi des triples coils ?<\/strong><br \/>\n\u2705 <strong class=\"\">Chaque r\u00e9servoir poss\u00e8de une bobine maill\u00e9e de 1,0 \u03a9<\/strong>\u2014pas de go\u00fbt crois\u00e9, de saturation fra\u00eeche, de charge de travail partag\u00e9e.<\/p>\n<p>\u2753 <strong>Combien de temps dure la batterie ?<\/strong><br \/>\n\u2705 <strong>550 mAh<\/strong> = utilisation intensive d'une journ\u00e9e compl\u00e8te; <strong>Type-C<\/strong> la recharge maintient la tension stable jusqu'\u00e0 la derni\u00e8re bouff\u00e9e.<\/p>\n<p>\u2753 <strong class=\"\">Quels sont les dosages de nicotine propos\u00e9s ?<\/strong><br \/>\n\u2705 <strong>0 %, 2 %, 3 %, 5 %<\/strong>\u2014 choisissez \u00e0 la caisse.<\/p>\n<p>\u2753 <strong>Puis-je le recharger ou le r\u00e9utiliser ?<\/strong><br \/>\n\u2705 <strong class=\"\">Non<\/strong>\u2014 \u00e9liminer de mani\u00e8re responsable une fois tout <strong>trois r\u00e9servoirs<\/strong> sont vides.<\/p>\n<p>&nbsp;<\/p>\n<h3 id=\"brxe-najhln\" class=\"brxe-heading\">Foire aux questions (FAQ)<\/h3>\n<div id=\"brxe-rajiac\" class=\"brxe-text\">\n<p><strong>Q : Quels modes de paiement acceptez-vous ?<\/strong><br \/>\nR\u00a0: Nous acceptons PayPal, Stripe, les virements bancaires (pris en charge par SEPA), les principales cartes de cr\u00e9dit (Visa, MasterCard, American Express) et les paiements en crypto-monnaie.<\/p>\n<p><strong>Q : Combien de temps prend la pr\u00e9paration d\u2019une commande ?<\/strong><br \/>\nR : La pr\u00e9paration de la commande prend 1 \u00e0 3 jours ouvrables.<\/p>\n<p><strong>Q : Quel est le d\u00e9lai de livraison ?<\/strong><br \/>\nR : Le d\u00e9lai de livraison est de 7 \u00e0 14 jours ouvrables, selon votre emplacement. Les marchandises exp\u00e9di\u00e9es depuis des entrep\u00f4ts europ\u00e9ens prennent g\u00e9n\u00e9ralement 3 \u00e0 6 jours ouvrables pour \u00eatre livr\u00e9es.<\/p>\n<p><strong>Q : Comment puis-je suivre ma commande ?<\/strong><br \/>\nR : Apr\u00e8s l'exp\u00e9dition, vous recevrez un e-mail de confirmation avec un num\u00e9ro de suivi pour un suivi en temps r\u00e9el.<\/p>\n<p><strong>Q : Quelle est votre politique de retour ?<\/strong><br \/>\nR : Nous proposons une politique de retour de 30 jours pour les remboursements ou les \u00e9changes. .<\/p>\n<p><strong>Q : Y aura-t-il des probl\u00e8mes douaniers ?<br \/>\n<\/strong>Nous prenons en charge toutes les proc\u00e9dures de d\u00e9douanement pour vous garantir une exp\u00e9rience sans tracas. .<\/p>\n<p><strong>Q : Quelles m\u00e9thodes d\u2019exp\u00e9dition sont utilis\u00e9es ?<\/strong><br \/>\nNous coop\u00e9rons avec UPS\/DHL\/FEDEX\/DPD, etc. Nous choisirons l'option d'exp\u00e9dition appropri\u00e9e en fonction du pays de livraison pour garantir que vous recevez vos produits le plus rapidement possible.<\/p>\n<p><a href=\"https:\/\/pgvape.com\/fr\/faq\/\">Cliquez ici pour plus de FAQ<\/a><\/p>\n<p>Chers clients, Si vous avez des questions concernant votre commande ou l'arriv\u00e9e des marchandises, n'h\u00e9sitez pas \u00e0 contacter notre service client. Merci !<\/p>\n<h3 data-sourcepos=\"73:1-73:21\"><strong data-sourcepos=\"73:7-73:21\">Contactez-nous<\/strong><\/h3>\n<div id=\"text-2419739398\" class=\"text\">\n<p><strong data-sourcepos=\"75:3-75:12\">E-mail<\/strong>:\u00a0<a href=\"mailto:support@pgvape.com\"><strong>support@pgvape.com<\/strong><\/a><\/p>\n<p><strong data-sourcepos=\"76:3-76:15\">WhatsApp<\/strong>:\u00a0<a href=\"https:\/\/wa.me\/+8618128481258\"><strong>+86 18128481258<\/strong><\/a><br \/>\n<strong>(R\u00e9ponse sous 24h les jours ouvr\u00e9s)<\/strong><\/p>\n<\/div>\n<h3><strong>Merci d'avoir choisi pgvape.com ! .<\/strong><\/h3>\n<\/div>","protected":false},"excerpt":{"rendered":"<p><strong>BANG BLAZE 140K<\/strong>\u2014<strong>140 000 bouff\u00e9es<\/strong>, <strong>45 ml<\/strong>, <strong>triple maille de 1,0 \u03a9<\/strong>, <strong>Bascule 3 en 1<\/strong>, \u00a0<strong>0-5 carte %<\/strong>.<strong>Trois saveurs, une flamme, des mois de nuages.<\/strong><\/p>","protected":false},"featured_media":8533,"comment_status":"open","ping_status":"closed","template":"","meta":{"_seopress_robots_primary_cat":"none","_seopress_titles_title":"","_seopress_titles_desc":"","_seopress_robots_index":""},"product_brand":[49,516],"product_cat":[529,33,515],"product_tag":[531,555,554,553,90,59],"class_list":{"0":"post-8503","1":"product","2":"type-product","3":"status-publish","4":"has-post-thumbnail","6":"product_brand-bang-blaze-vape","7":"product_brand-disposable-vape","8":"product_cat-140k-puffs-vape","9":"product_cat-bang-blaze-vape","10":"product_cat-disposable-vape","11":"product_tag-140k-puffs-vape","12":"product_tag-3-pure-flavors","13":"product_tag-3in1","14":"product_tag-bang-blaze-140000","15":"product_tag-disposable-vape","16":"product_tag-mouth-to-lung-mtl","18":"first","19":"instock","20":"sale","21":"shipping-taxable","22":"purchasable","23":"product-type-variable"},"_links":{"self":[{"href":"https:\/\/pgvape.com\/fr\/wp-json\/wp\/v2\/product\/8503","targetHints":{"allow":["GET"]}}],"collection":[{"href":"https:\/\/pgvape.com\/fr\/wp-json\/wp\/v2\/product"}],"about":[{"href":"https:\/\/pgvape.com\/fr\/wp-json\/wp\/v2\/types\/product"}],"replies":[{"embeddable":true,"href":"https:\/\/pgvape.com\/fr\/wp-json\/wp\/v2\/comments?post=8503"}],"wp:featuredmedia":[{"embeddable":true,"href":"https:\/\/pgvape.com\/fr\/wp-json\/wp\/v2\/media\/8533"}],"wp:attachment":[{"href":"https:\/\/pgvape.com\/fr\/wp-json\/wp\/v2\/media?parent=8503"}],"wp:term":[{"taxonomy":"product_brand","embeddable":true,"href":"https:\/\/pgvape.com\/fr\/wp-json\/wp\/v2\/product_brand?post=8503"},{"taxonomy":"product_cat","embeddable":true,"href":"https:\/\/pgvape.com\/fr\/wp-json\/wp\/v2\/product_cat?post=8503"},{"taxonomy":"product_tag","embeddable":true,"href":"https:\/\/pgvape.com\/fr\/wp-json\/wp\/v2\/product_tag?post=8503"}],"curies":[{"name":"wp","href":"https:\/\/api.w.org\/{rel}","templated":true}]}}