{"id":8460,"date":"2026-01-14T07:58:10","date_gmt":"2026-01-14T07:58:10","guid":{"rendered":"https:\/\/pgvape.com\/?post_type=product&#038;p=8460"},"modified":"2026-03-15T13:48:39","modified_gmt":"2026-03-15T13:48:39","slug":"bang-blaze-200000-6in1-saveurs-200k-bouffees-vape-jetable-0-2-3-5nicotine-12-gout-ecran-intelligent-vape-usine-en-gros","status":"publish","type":"product","link":"https:\/\/pgvape.com\/fr\/produit\/bang-blaze-200000-6in1-saveurs-200k-bouffees-vape-jetable-0-2-3-5nicotine-12-gout-ecran-intelligent-vape-usine-en-gros\/","title":{"rendered":"Bang Blaze 200000 6in1 Saveurs 200k Puffs Vape jetable 0% 2% 3% 5%Nicotine 12Taste \u00c9cran intelligent Vape Usine de vente en gros"},"content":{"rendered":"<p><strong data-sourcepos=\"6:5-6:25\">BANG BLAZE 200K<\/strong> est une vape jetable multi-saveurs r\u00e9volutionnaire qui red\u00e9finit la capacit\u00e9 et la vari\u00e9t\u00e9. <strong data-sourcepos=\"6:136-6:154\">corps hexagonal<\/strong> logement <strong data-sourcepos=\"6:163-6:200\">six chambres e-liquides ind\u00e9pendantes<\/strong>, il permet aux utilisateurs de basculer instantan\u00e9ment entre six saveurs distinctes sans contamination crois\u00e9e. <strong data-sourcepos=\"6:321-6:344\">Capacit\u00e9 de 200 000 bouff\u00e9es<\/strong> et un \u00e9norme <strong data-sourcepos=\"6:359-6:391\">Capacit\u00e9 totale d'e-liquide de 72 ml<\/strong>, il est con\u00e7u pour une long\u00e9vit\u00e9 extr\u00eame. <strong data-sourcepos=\"6:446-6:463\">affichage intelligent<\/strong>, <strong data-sourcepos=\"6:465-6:496\">Batterie rechargeable de 650 mAh<\/strong>, <strong data-sourcepos=\"6:498-6:522\">Chargement rapide de type C<\/strong>, et <strong data-sourcepos=\"6:528-6:551\">six bobines de maille de 1,0 \u03a9<\/strong>, il offre une exp\u00e9rience de vapotage haut de gamme, fluide et polyvalente pour tous les niveaux d'utilisateurs.<\/p>\n<p>&nbsp;<\/p>\n<h2><span style=\"font-size: 90%;\">Bang Blaze 200 000 saveurs 6 en 1 200 000 bouff\u00e9es <a href=\"https:\/\/pgvape.com\/fr\/categorie-produit\/vape-jetable\/\">Vape jetable<\/a> Caract\u00e9ristiques:<\/span><\/h2>\n<p>\ud83d\udd04\u00a0<strong data-sourcepos=\"11:6-11:32\">Rotation des saveurs 6 en 1<\/strong>\u00a0\u2013 Six chambres s\u00e9par\u00e9es de 12 ml; font pivoter l'embout buccal pour changer de saveur.<\/p>\n<p>\ud83d\udca8\u00a0<strong data-sourcepos=\"12:6-12:29\">Long\u00e9vit\u00e9 in\u00e9gal\u00e9e<\/strong>\u00a0\u2013 Jusqu'\u00e0 200 000 bouff\u00e9es avec une capacit\u00e9 totale d'e-liquide de 72 ml.<\/p>\n<p>\ud83d\udda5\ufe0f\u00a0<strong data-sourcepos=\"13:7-13:31\">\u00c9cran d'affichage intelligent<\/strong>\u00a0\u2013 Niveau de batterie en temps r\u00e9el et surveillance individuelle des r\u00e9servoirs d\u2019e-liquide.<\/p>\n<p>\ud83d\udd0b\u00a0<strong data-sourcepos=\"14:6-14:46\">Batterie 650 mAh + charge rapide USB-C<\/strong>\u00a0\u2013 Rechargeable pour une utilisation prolong\u00e9e.<\/p>\n<p>\ud83d\udd25\u00a0<strong data-sourcepos=\"15:6-15:29\">Six bobines de maillage de 1,0 \u03a9<\/strong>\u00a0\u2013 Un par chambre pour une vapeur homog\u00e8ne et douce et une saveur pure.<\/p>\n<p>\u2699\ufe0f\u00a0<strong data-sourcepos=\"16:6-16:36\">Conception ergonomique hexagonale<\/strong>\u00a0\u2013 Stable, \u00e9l\u00e9gant et facile \u00e0 saisir.<\/p>\n<p>\ud83d\udce6\u00a0<strong data-sourcepos=\"17:6-17:24\">Emballage en vrac<\/strong>\u00a0\u2013 10 pi\u00e8ces par bo\u00eete, 100 pi\u00e8ces par carton pour une efficacit\u00e9 de gros.<\/p>\n<p>&nbsp;<\/p>\n<h3><span style=\"font-size: 90%;\">Liste des saveurs de vape jetables Bang Blaze 200000 6in1 Flavors 200k Puffs\u00a0:<\/span><\/h3>\n<p>1. Glace \u00e0 la p\u00eache\/citron vert\/fraise past\u00e8que\/framboise raisin\/fraise Mamba\/cerise grenade<\/p>\n<p>2. Glace past\u00e8que\/pomme raisin\/myrtille framboise\/mangue p\u00eache\/ananas Orange\/myrtille p\u00eache<\/p>\n<p>3. Glace aux raisins\/framboise citron\/myrtille Red Bull\/ananas noix de coco\/fraise litchi\/noir Dragon Ice.<\/p>\n<p>4. Glace aux myrtilles\/past\u00e8que \u00e0 la framboise\/raisin \u00e0 l'aloe vera\/banane aux fraises\/amour 66\/cerise aux myrtilles<\/p>\n<p>5. Glace aux pommes \/ Baies m\u00e9lang\u00e9es \/ Bubblegum past\u00e8que \/ Past\u00e8que myrtille \/ Fraise Mangue \/ Aloe Mangue Cantaloup<\/p>\n<p>6. Glace \u00e0 l'ananas\/kiwi fruit de la passion goyave\/bonbons gommeux en forme d'ours\/fruit du dragon past\u00e8que\/p\u00eache mangue past\u00e8que\/myrtille canneberge cerise<\/p>\n<p>7. Glace \u00e0 la fraise\/cassis ananas\/Fruits tropicaux\/raisin Bubblegum\/myrtille raisin\/mangue fruit de la passion<\/p>\n<p>8.Triple Mangue \/ Raisin P\u00eache \/ Glace Fraise \/ Fraise Kiwi \/ Raisin \u00c9nergie \/ Cola Rouge<\/p>\n<p>9. Glace \u00e0 la banane \/ Pomme \u00e0 l'aloe vera \/ Raisin aux fruits de la passion \/ Fraise \u00e0 la noix de coco \/ Bubblegum \u00e0 la past\u00e8que et \u00e0 la fraise \/ Glace \u00e0 la past\u00e8que et au citron vert<\/p>\n<p>10. Glace \u00e0 la cerise \/ Citron rose \/ Menthe myrtille \/ Glace \u00e0 la banane \/ Glace \u00e0 la p\u00eache, \u00e0 l'ananas et aux fruits de la passion \/ Kiwi \u00e0 la pomme verte<\/p>\n<p>11.Rainbow CY \/ P\u00eache Poire Glace \/ Cappuccino \/ Mojito Menthe Fra\u00eeche \/ Fraise Mangue Cassis \/ Guimauve<\/p>\n<p>12. Cassis \/ Triple Melon \/ Fraise Framboise \/ Super Berry \/ Myrtille M\u00fbre Fraise \/ P\u00eache Citron Eau<img loading=\"lazy\" decoding=\"async\" class=\"alignnone wp-image-8471 size-full\" src=\"https:\/\/pgvape.com\/wp-content\/uploads\/2026\/01\/Bang-Blaze-200000-6in1-Flavors-200k-Puffs-Disposable-Vape-0-2-3-5Nicotine-12Taste-Smart-Screen-Vape-Factory-Wholesale-9.png\" alt=\"Deux rang\u00e9es de bouteilles de boisson \u00e9nergisante Bang avec des personnages de dessins anim\u00e9s sur les \u00e9tiquettes, des noms de saveurs color\u00e9es et une banni\u00e8re de 12 saveurs.\" width=\"1500\" height=\"1564\" srcset=\"https:\/\/pgvape.com\/wp-content\/uploads\/2026\/01\/Bang-Blaze-200000-6in1-Flavors-200k-Puffs-Disposable-Vape-0-2-3-5Nicotine-12Taste-Smart-Screen-Vape-Factory-Wholesale-9.png 1500w, https:\/\/pgvape.com\/wp-content\/uploads\/2026\/01\/Bang-Blaze-200000-6in1-Flavors-200k-Puffs-Disposable-Vape-0-2-3-5Nicotine-12Taste-Smart-Screen-Vape-Factory-Wholesale-9-345x360.png 345w, https:\/\/pgvape.com\/wp-content\/uploads\/2026\/01\/Bang-Blaze-200000-6in1-Flavors-200k-Puffs-Disposable-Vape-0-2-3-5Nicotine-12Taste-Smart-Screen-Vape-Factory-Wholesale-9-595x620.png 595w, https:\/\/pgvape.com\/wp-content\/uploads\/2026\/01\/Bang-Blaze-200000-6in1-Flavors-200k-Puffs-Disposable-Vape-0-2-3-5Nicotine-12Taste-Smart-Screen-Vape-Factory-Wholesale-9-384x400.png 384w, https:\/\/pgvape.com\/wp-content\/uploads\/2026\/01\/Bang-Blaze-200000-6in1-Flavors-200k-Puffs-Disposable-Vape-0-2-3-5Nicotine-12Taste-Smart-Screen-Vape-Factory-Wholesale-9-768x801.png 768w, https:\/\/pgvape.com\/wp-content\/uploads\/2026\/01\/Bang-Blaze-200000-6in1-Flavors-200k-Puffs-Disposable-Vape-0-2-3-5Nicotine-12Taste-Smart-Screen-Vape-Factory-Wholesale-9-1473x1536.png 1473w, https:\/\/pgvape.com\/wp-content\/uploads\/2026\/01\/Bang-Blaze-200000-6in1-Flavors-200k-Puffs-Disposable-Vape-0-2-3-5Nicotine-12Taste-Smart-Screen-Vape-Factory-Wholesale-9-12x12.png 12w, https:\/\/pgvape.com\/wp-content\/uploads\/2026\/01\/Bang-Blaze-200000-6in1-Flavors-200k-Puffs-Disposable-Vape-0-2-3-5Nicotine-12Taste-Smart-Screen-Vape-Factory-Wholesale-9-600x626.png 600w\" sizes=\"auto, (max-width: 1500px) 100vw, 1500px\" \/><\/p>\n<p>&nbsp;<\/p>\n<h2>FAQ sur Bang Blaze 200000 6in1 Flavors 200k Puffs Vape jetable<\/h2>\n<p>\u2753 <strong>Quelle est la particularit\u00e9 de cet appareil ?<\/strong><br \/>\n\u2705 <strong>Six r\u00e9servoirs ind\u00e9pendants<\/strong>\u2014un appareil, <strong>six saveurs pures<\/strong>, <strong>200 000 bouff\u00e9es<\/strong>.<\/p>\n<p>\u2753 <strong>Comment changer les saveurs ?<\/strong><br \/>\n\u2705 <strong>Soulever et faire pivoter l'embout buccal<\/strong>-le r\u00e9servoir change instantan\u00e9ment, aucun go\u00fbt crois\u00e9.<\/p>\n<p>\u2753 <strong class=\"\">Est-ce rechargeable ?<\/strong><br \/>\n\u2705 <strong>650 mAh<\/strong> batterie + <strong>Type-C<\/strong>; <strong>45-60 minutes<\/strong> charge compl\u00e8te.<\/p>\n<p>\u2753 <strong>Combien de bouff\u00e9es puis-je obtenir ?<\/strong><br \/>\n\u2705 \u00c9valu\u00e9 en laboratoire <strong>200 000 bouff\u00e9es<\/strong>\u2014des mois d'utilisation quotidienne (l'utilisation r\u00e9elle peut varier).<\/p>\n<p>\u2753 <strong>Est-ce qu'il a un \u00e9cran ?<\/strong><br \/>\n\u2705 <strong>Affichage intelligent<\/strong> montre <strong>batterie<\/strong> et <strong>e-liquide restant<\/strong> par r\u00e9servoir.<\/p>\n<p>\u2753 <strong>Quels sont les dosages de nicotine disponibles ?<\/strong><br \/>\n\u2705 <strong>0 %, 2 %, 3 %, 5 %<\/strong>\u2014choisissez la force \u00e0 la caisse.<\/p>\n<p>\u2753 <strong>Peut-il \u00eatre recharg\u00e9 ou r\u00e9utilis\u00e9 ?<\/strong><br \/>\n\u2705 <strong>Non<\/strong>\u2014 \u00e9liminer de mani\u00e8re responsable une fois tout <strong>six r\u00e9servoirs<\/strong> sont vides.<\/p>\n<p>\u2753 <strong>La vapeur est-elle douce ?<\/strong><br \/>\n\u2705 <strong>Six bobines de maille<\/strong> livrer <strong>riche, lisse, sans odeur<\/strong> vaporisez chaque bouff\u00e9e.<\/p>\n<p>\u2753 <strong>Adapt\u00e9 aux d\u00e9butants ?<\/strong><br \/>\n\u2705 <strong>Activ\u00e9 par tirage<\/strong>, <strong>pas de configuration<\/strong>, <strong>affichage intelligent<\/strong>- pr\u00eat \u00e0 vaper d\u00e8s la sortie de la bo\u00eete.<\/p>\n<p>&nbsp;<\/p>\n<h3 id=\"brxe-najhln\" class=\"brxe-heading\">Foire aux questions (FAQ)<\/h3>\n<div id=\"brxe-rajiac\" class=\"brxe-text\">\n<p><strong>Q : Quels modes de paiement acceptez-vous ?<\/strong><br \/>\nR\u00a0: Nous acceptons PayPal, Stripe, les virements bancaires (pris en charge par SEPA), les principales cartes de cr\u00e9dit (Visa, MasterCard, American Express) et les paiements en crypto-monnaie.<\/p>\n<p><strong>Q : Combien de temps prend la pr\u00e9paration d\u2019une commande ?<\/strong><br \/>\nR : La pr\u00e9paration de la commande prend 1 \u00e0 3 jours ouvrables.<\/p>\n<p><strong>Q : Quel est le d\u00e9lai de livraison ?<\/strong><br \/>\nR : Le d\u00e9lai de livraison est de 7 \u00e0 14 jours ouvrables, selon votre emplacement. Les marchandises exp\u00e9di\u00e9es depuis des entrep\u00f4ts europ\u00e9ens prennent g\u00e9n\u00e9ralement 3 \u00e0 6 jours ouvrables pour \u00eatre livr\u00e9es.<\/p>\n<p><strong>Q : Comment puis-je suivre ma commande ?<\/strong><br \/>\nR : Apr\u00e8s l'exp\u00e9dition, vous recevrez un e-mail de confirmation avec un num\u00e9ro de suivi pour un suivi en temps r\u00e9el.<\/p>\n<p><strong>Q : Quelle est votre politique de retour ?<\/strong><br \/>\nR : Nous proposons une politique de retour de 30 jours pour les remboursements ou les \u00e9changes. .<\/p>\n<p><strong>Q : Y aura-t-il des probl\u00e8mes douaniers ?<br \/>\n<\/strong>Nous prenons en charge toutes les proc\u00e9dures de d\u00e9douanement pour vous garantir une exp\u00e9rience sans tracas. .<\/p>\n<p><strong>Q : Quelles m\u00e9thodes d\u2019exp\u00e9dition sont utilis\u00e9es ?<\/strong><br \/>\nNous coop\u00e9rons avec UPS\/DHL\/FEDEX\/DPD, etc. Nous choisirons l'option d'exp\u00e9dition appropri\u00e9e en fonction du pays de livraison pour garantir que vous recevez vos produits le plus rapidement possible.<\/p>\n<p><a href=\"https:\/\/pgvape.com\/fr\/faq\/\">Cliquez ici pour plus de FAQ<\/a><\/p>\n<p>Chers clients, Si vous avez des questions concernant votre commande ou l'arriv\u00e9e des marchandises, n'h\u00e9sitez pas \u00e0 contacter notre service client. Merci !<\/p>\n<h3 data-sourcepos=\"73:1-73:21\"><strong data-sourcepos=\"73:7-73:21\">Contactez-nous<\/strong><\/h3>\n<div id=\"text-2419739398\" class=\"text\">\n<p><strong data-sourcepos=\"75:3-75:12\">E-mail<\/strong>:\u00a0<a href=\"mailto:support@pgvape.com\"><strong>support@pgvape.com<\/strong><\/a><\/p>\n<p><strong data-sourcepos=\"76:3-76:15\">WhatsApp<\/strong>:\u00a0<a href=\"https:\/\/wa.me\/+8618128481258\"><strong>+86 18128481258<\/strong><\/a><br \/>\n<strong>(R\u00e9ponse sous 24h les jours ouvr\u00e9s)<\/strong><\/p>\n<\/div>\n<h3><strong>Merci d'avoir choisi pgvape.com ! .<\/strong><\/h3>\n<\/div>","protected":false},"excerpt":{"rendered":"<p><strong>BANG BLAZE 6-en-1<\/strong>\u2014<strong>200 000 bouff\u00e9es<\/strong>, <strong>72 ml<\/strong>, <strong>six r\u00e9servoirs<\/strong>, <strong>corps hexagonal<\/strong>, <strong>affichage intelligent<\/strong>, <strong>0-5 carte %<\/strong>.<strong class=\"\">Faites pivoter une fois, go\u00fbtez-en six, vapotez pendant six mois.<\/strong><\/p>","protected":false},"featured_media":8463,"comment_status":"open","ping_status":"closed","template":"","meta":{"_seopress_robots_primary_cat":"none","_seopress_titles_title":"","_seopress_titles_desc":"","_seopress_robots_index":""},"product_brand":[549,49,516],"product_cat":[548,33,515],"product_tag":[552,551,550,90,81],"class_list":{"0":"post-8460","1":"product","2":"type-product","3":"status-publish","4":"has-post-thumbnail","6":"product_brand-200k-puffs-vape","7":"product_brand-bang-blaze-vape","8":"product_brand-disposable-vape","9":"product_cat-200k-puffs-vape","10":"product_cat-bang-blaze-vape","11":"product_cat-disposable-vape","12":"product_tag-200k-puffs-vape","13":"product_tag-6in1-flavors","14":"product_tag-bang-blaze-200000","15":"product_tag-disposable-vape","16":"product_tag-mouth-to-lung","18":"first","19":"instock","20":"sale","21":"shipping-taxable","22":"purchasable","23":"product-type-variable"},"_links":{"self":[{"href":"https:\/\/pgvape.com\/fr\/wp-json\/wp\/v2\/product\/8460","targetHints":{"allow":["GET"]}}],"collection":[{"href":"https:\/\/pgvape.com\/fr\/wp-json\/wp\/v2\/product"}],"about":[{"href":"https:\/\/pgvape.com\/fr\/wp-json\/wp\/v2\/types\/product"}],"replies":[{"embeddable":true,"href":"https:\/\/pgvape.com\/fr\/wp-json\/wp\/v2\/comments?post=8460"}],"wp:featuredmedia":[{"embeddable":true,"href":"https:\/\/pgvape.com\/fr\/wp-json\/wp\/v2\/media\/8463"}],"wp:attachment":[{"href":"https:\/\/pgvape.com\/fr\/wp-json\/wp\/v2\/media?parent=8460"}],"wp:term":[{"taxonomy":"product_brand","embeddable":true,"href":"https:\/\/pgvape.com\/fr\/wp-json\/wp\/v2\/product_brand?post=8460"},{"taxonomy":"product_cat","embeddable":true,"href":"https:\/\/pgvape.com\/fr\/wp-json\/wp\/v2\/product_cat?post=8460"},{"taxonomy":"product_tag","embeddable":true,"href":"https:\/\/pgvape.com\/fr\/wp-json\/wp\/v2\/product_tag?post=8460"}],"curies":[{"name":"wp","href":"https:\/\/api.w.org\/{rel}","templated":true}]}}