{"id":8412,"date":"2026-01-08T12:56:25","date_gmt":"2026-01-08T12:56:25","guid":{"rendered":"https:\/\/pgvape.com\/?post_type=product&#038;p=8412"},"modified":"2026-03-15T13:42:00","modified_gmt":"2026-03-15T13:42:00","slug":"bang-rechargeable-60000-60k-bouffees-2-en-1-double-saveurs-vape-jetable-debit-dair-reglable-0-5nicotine-12gout-ecran-intelligent-vape-usine-en-gros","status":"publish","type":"product","link":"https:\/\/pgvape.com\/fr\/produit\/bang-rechargeable-60000-60k-bouffees-2-en-1-double-saveurs-vape-jetable-debit-dair-reglable-0-5nicotine-12gout-ecran-intelligent-vape-usine-en-gros\/","title":{"rendered":"Bang rechargeable 60000 60k Puffs 2 en 1 double saveurs Vape jetable D\u00e9bit d'air r\u00e9glable 0%-5%Nicotine 12Taste Smart Screen Vape Factory Wholesale"},"content":{"rendered":"<p><strong data-sourcepos=\"6:5-6:26\">Bang 60000 2-en-1<\/strong> change la donne en mati\u00e8re de vapotage durable, offrant la commodit\u00e9 d'un syst\u00e8me jetable avec la long\u00e9vit\u00e9 et le respect de l'environnement d'un syst\u00e8me rechargeable. <strong data-sourcepos=\"6:183-6:201\">deux r\u00e9servoirs de 18 ml<\/strong> (Capacit\u00e9 totale de 36 ml) pour un changement de saveur instantan\u00e9 et une offre sans pr\u00e9c\u00e9dent <strong data-sourcepos=\"6:285-6:301\">60 000 bouff\u00e9es<\/strong>, il allie puissance, contr\u00f4le et impact environnemental r\u00e9duit. <strong data-sourcepos=\"6:369-6:386\">affichage intelligent<\/strong> fournit une surveillance claire de la batterie et du e-liquide, tandis que le <strong data-sourcepos=\"6:445-6:476\">Batterie rechargeable de 550 mAh<\/strong> avec <strong data-sourcepos=\"6:482-6:505\">Chargement rapide USB-C<\/strong>, <strong data-sourcepos=\"6:507-6:525\">Bobine de maille de 1,0 \u03a9<\/strong>, et <strong data-sourcepos=\"6:531-6:553\">d\u00e9bit d'air r\u00e9glable<\/strong> garantir une exp\u00e9rience de vapotage haut de gamme et personnalisable. .<\/p>\n<p>&nbsp;<\/p>\n<h2><strong><span style=\"font-size: 90%;\">Bang rechargeable 60000 60k Puffs 2 en 1 double saveurs Vape jetable sp\u00e9cifications<\/span><\/strong><\/h2>\n<p><strong data-sourcepos=\"11:6-11:37\">Syst\u00e8me rechargeable \u00e0 double r\u00e9servoir<\/strong>\u00a0\u2013 Deux r\u00e9servoirs de 18 ml pour un changement de saveur instantan\u00e9 et une utilisation prolong\u00e9e.<\/p>\n<p><strong data-sourcepos=\"12:6-12:30\">Conception \u00e9co-responsable<\/strong>\u00a0\u2013 Rechargeable pour r\u00e9duire les d\u00e9chets, offrant plus de valeur au fil du temps.<\/p>\n<p><strong data-sourcepos=\"13:7-13:31\">\u00c9cran d'affichage intelligent<\/strong>\u00a0\u2013 Lecture claire du pourcentage de batterie et des niveaux d\u2019e-liquide.<\/p>\n<p><strong data-sourcepos=\"14:6-14:46\">Batterie 550 mAh + charge rapide USB-C<\/strong>\u00a0\u2013 Alimentation fiable toute la journ\u00e9e avec recharge rapide.<\/p>\n<p><strong data-sourcepos=\"15:6-15:24\">Bobine de maille 1,0 \u03a9<\/strong>\u00a0\u2013 Vapeur douce et riche et saveur constante.<\/p>\n<p><strong data-sourcepos=\"16:7-16:29\">D\u00e9bit d'air r\u00e9glable<\/strong>\u00a0\u2013 Personnalisez votre tirage de serr\u00e9 \u00e0 a\u00e9r\u00e9.<\/p>\n<p><strong data-sourcepos=\"17:6-17:28\">Jusqu'\u00e0 60 000 bouff\u00e9es<\/strong>\u00a0\u2013 Dur\u00e9e de vie exceptionnelle pour un usage intensif et de longue dur\u00e9e.<\/p>\n<p><strong data-sourcepos=\"18:6-18:26\">Pr\u00eat pour la vente au d\u00e9tail<\/strong>\u00a0\u2013 Design moderne avec un emballage convivial.<\/p>\n<p>&nbsp;<\/p>\n<h3><strong><span style=\"font-size: 90%;\">Bang rechargeable 60000 60k Puffs 2 en 1 double saveurs Liste des saveurs de vape jetables\u00a0:<\/span><\/strong><\/h3>\n<p><strong class=\"\">1. Past\u00e8que glac\u00e9e et fraise past\u00e8que<\/strong><\/p>\n<p><strong>2.Glace \u00e0 la mangue et mangue aux fraises<\/strong><\/p>\n<p><strong class=\"\">3.P\u00eache glac\u00e9e et p\u00eache \u00e0 la mangue<\/strong><\/p>\n<p><strong class=\"\">4. Glace \u00e0 la past\u00e8que et past\u00e8que aux bleuets<\/strong><\/p>\n<p><strong class=\"\">5. Fruits m\u00e9lang\u00e9s et triple baie<\/strong><\/p>\n<p><strong class=\"\">6. Glace aux fraises et banane aux fraises<\/strong><\/p>\n<p><strong class=\"\">7. Glace aux bleuets et framboise aux bleuets<\/strong><\/p>\n<p><strong class=\"\">8.Coke past\u00e8que, cerise et cerise<\/strong><\/p>\n<p><strong class=\"\">9. Glace aux bleuets et menthe aux bleuets<\/strong><\/p>\n<p><strong class=\"\">10. Glace \u00e0 l'ananas, \u00e0 la noix de coco et \u00e0 l'ananas<\/strong><\/p>\n<p><strong class=\"\">11.Boisson \u00e9nergisante et glace \u00e0 la past\u00e8que<\/strong><\/p>\n<p><strong class=\"\">12. Raisin glac\u00e9 et raisin aux bleuets<img loading=\"lazy\" decoding=\"async\" class=\"alignnone wp-image-8429 size-full\" src=\"https:\/\/pgvape.com\/wp-content\/uploads\/2026\/01\/Bang-Refillable-60000-60k-Puffs-2-in-1-Double-Flavors-Disposable-Vape-0-2-3-5Nicotine-12Taste-Smart-Screen-Vape-Factory-Wholesale-15.png\" alt=\"Rang\u00e9es de stylos vape color\u00e9s avec r\u00e9servoirs transparents et corps n\u00e9on, \u00e9tiquet\u00e9s avec des ar\u00f4mes de fruits sur fond bleu.\" width=\"1500\" height=\"1246\" srcset=\"https:\/\/pgvape.com\/wp-content\/uploads\/2026\/01\/Bang-Refillable-60000-60k-Puffs-2-in-1-Double-Flavors-Disposable-Vape-0-2-3-5Nicotine-12Taste-Smart-Screen-Vape-Factory-Wholesale-15.png 1500w, https:\/\/pgvape.com\/wp-content\/uploads\/2026\/01\/Bang-Refillable-60000-60k-Puffs-2-in-1-Double-Flavors-Disposable-Vape-0-2-3-5Nicotine-12Taste-Smart-Screen-Vape-Factory-Wholesale-15-433x360.png 433w, https:\/\/pgvape.com\/wp-content\/uploads\/2026\/01\/Bang-Refillable-60000-60k-Puffs-2-in-1-Double-Flavors-Disposable-Vape-0-2-3-5Nicotine-12Taste-Smart-Screen-Vape-Factory-Wholesale-15-595x494.png 595w, https:\/\/pgvape.com\/wp-content\/uploads\/2026\/01\/Bang-Refillable-60000-60k-Puffs-2-in-1-Double-Flavors-Disposable-Vape-0-2-3-5Nicotine-12Taste-Smart-Screen-Vape-Factory-Wholesale-15-400x332.png 400w, https:\/\/pgvape.com\/wp-content\/uploads\/2026\/01\/Bang-Refillable-60000-60k-Puffs-2-in-1-Double-Flavors-Disposable-Vape-0-2-3-5Nicotine-12Taste-Smart-Screen-Vape-Factory-Wholesale-15-768x638.png 768w, https:\/\/pgvape.com\/wp-content\/uploads\/2026\/01\/Bang-Refillable-60000-60k-Puffs-2-in-1-Double-Flavors-Disposable-Vape-0-2-3-5Nicotine-12Taste-Smart-Screen-Vape-Factory-Wholesale-15-14x12.png 14w, https:\/\/pgvape.com\/wp-content\/uploads\/2026\/01\/Bang-Refillable-60000-60k-Puffs-2-in-1-Double-Flavors-Disposable-Vape-0-2-3-5Nicotine-12Taste-Smart-Screen-Vape-Factory-Wholesale-15-600x498.png 600w\" sizes=\"auto, (max-width: 1500px) 100vw, 1500px\" \/><\/strong><\/p>\n<p>&nbsp;<\/p>\n<h2><span style=\"font-size: 90%;\">FAQ sur Bang rechargeable 60000 60k Puffs 2 en 1 Vape jetable double saveurs<\/span><\/h2>\n<p>\u2753 Le Bang 60000 2-en-1 est-il vraiment rechargeable ?<br \/>\n\u2705 Oui, cet appareil est con\u00e7u comme une vape jetable rechargeable. .<\/p>\n<p>\u2753 Comment basculer entre les deux saveurs ?<br \/>\n\u2705 Le Bang 60000 2-en-1 dispose de deux r\u00e9servoirs s\u00e9par\u00e9s. .<\/p>\n<p>\u2753 Qu'affiche l'\u00e9cran intelligent ?<br \/>\n\u2705 L'\u00e9cran affiche clairement votre niveau d'e-liquide restant et le pourcentage de batterie, vous aidant ainsi \u00e0 g\u00e9rer votre exp\u00e9rience de vapotage.<\/p>\n<p>\u2753 Combien de bouff\u00e9es puis-je r\u00e9ellement obtenir ?<br \/>\n\u2705 Cet appareil est \u00e9valu\u00e9 pour un nombre impressionnant de 60 000 bouff\u00e9es, ce qui fait du Bang 60000 2-en-1 une option incroyablement durable.a<\/p>\n<p>\u2753Comment puis-je le recharger ?<br \/>\n\u2705 La recharge est simple et moderne. .<\/p>\n<p>\u2753 Qu'est-ce qui en fait un appareil \u201c 2-en-1 \u201d ?<br \/>\n\u2705 Le \u201c 2-en-1 \u201d fait r\u00e9f\u00e9rence au syst\u00e8me de double r\u00e9servoir d'e-liquide, vous permettant d'avoir deux saveurs diff\u00e9rentes pr\u00eates \u00e0 l'emploi dans un seul appareil Bang 60000.<\/p>\n<p>\u2753Est-il facile de savoir quand le niveau d'e-liquide est bas ?<br \/>\n\u2705 Oui, l'\u00e9cran intelligent du Bang 60000 2-en-1 indiquera clairement quand votre niveau d'e-liquide devient bas, afin que vous puissiez le remplir \u00e0 temps.<\/p>\n<p>&nbsp;<\/p>\n<h3 id=\"brxe-najhln\" class=\"brxe-heading\">Foire aux questions (FAQ)<\/h3>\n<div id=\"brxe-rajiac\" class=\"brxe-text\">\n<p><strong>Q : Quels modes de paiement acceptez-vous ?<\/strong><br \/>\nR\u00a0: Nous acceptons PayPal, Stripe, les virements bancaires (pris en charge par SEPA), les principales cartes de cr\u00e9dit (Visa, MasterCard, American Express) et les paiements en crypto-monnaie.<\/p>\n<p><strong>Q : Combien de temps prend la pr\u00e9paration d\u2019une commande ?<\/strong><br \/>\nR : La pr\u00e9paration de la commande prend 1 \u00e0 3 jours ouvrables.<\/p>\n<p><strong>Q : Quel est le d\u00e9lai de livraison ?<\/strong><br \/>\nR : Le d\u00e9lai de livraison est de 7 \u00e0 14 jours ouvrables, selon votre emplacement. Les marchandises exp\u00e9di\u00e9es depuis des entrep\u00f4ts europ\u00e9ens prennent g\u00e9n\u00e9ralement 3 \u00e0 6 jours ouvrables pour \u00eatre livr\u00e9es.<\/p>\n<p><strong>Q : Comment puis-je suivre ma commande ?<\/strong><br \/>\nR : Apr\u00e8s l'exp\u00e9dition, vous recevrez un e-mail de confirmation avec un num\u00e9ro de suivi pour un suivi en temps r\u00e9el.<\/p>\n<p><strong>Q : Quelle est votre politique de retour ?<\/strong><br \/>\nR : Nous proposons une politique de retour de 30 jours pour les remboursements ou les \u00e9changes. .<\/p>\n<p><strong>Q : Y aura-t-il des probl\u00e8mes douaniers ?<br \/>\n<\/strong>Nous prenons en charge toutes les proc\u00e9dures de d\u00e9douanement pour vous garantir une exp\u00e9rience sans tracas. .<\/p>\n<p><strong>Q : Quelles m\u00e9thodes d\u2019exp\u00e9dition sont utilis\u00e9es ?<\/strong><br \/>\nNous coop\u00e9rons avec UPS\/DHL\/FEDEX\/DPD, etc. Nous choisirons l'option d'exp\u00e9dition appropri\u00e9e en fonction du pays de livraison pour garantir que vous recevez vos produits le plus rapidement possible.<\/p>\n<p><a href=\"https:\/\/pgvape.com\/fr\/faq\/\">Cliquez ici pour plus de FAQ<\/a><\/p>\n<p>Chers clients, Si vous avez des questions concernant votre commande ou l'arriv\u00e9e des marchandises, n'h\u00e9sitez pas \u00e0 contacter notre service client. Merci !<\/p>\n<h3 data-sourcepos=\"73:1-73:21\"><strong data-sourcepos=\"73:7-73:21\">Contactez-nous<\/strong><\/h3>\n<div id=\"text-2419739398\" class=\"text\">\n<p><strong data-sourcepos=\"75:3-75:12\">E-mail<\/strong>:\u00a0<a href=\"mailto:support@pgvape.com\"><strong>support@pgvape.com<\/strong><\/a><\/p>\n<p><strong data-sourcepos=\"76:3-76:15\">WhatsApp<\/strong>:\u00a0<a href=\"https:\/\/wa.me\/+8618128481258\"><strong>+86 18128481258<\/strong><\/a><br \/>\n<strong>(R\u00e9ponse sous 24h les jours ouvr\u00e9s)<\/strong><\/p>\n<\/div>\n<h3><strong>Merci d'avoir choisi pgvape.com ! .<\/strong><\/h3>\n<\/div>","protected":false},"excerpt":{"rendered":"<p><strong>Vape rechargeable 2 en 1 Bang 60000<\/strong> comprend 60 000 bouff\u00e9es, deux r\u00e9servoirs de 36 ml, une charge de type C de 550 mAh, un \u00e9cran intelligent et un d\u00e9bit d'air r\u00e9glable \u2013 offrant une polyvalence de saveur, des performances durables et une valeur \u00e9cologique pour les vapoteurs exigeants.<\/p>","protected":false},"featured_media":8447,"comment_status":"open","ping_status":"closed","template":"","meta":{"_seopress_robots_primary_cat":"none","_seopress_titles_title":"","_seopress_titles_desc":"","_seopress_robots_index":""},"product_brand":[36,516],"product_cat":[48,25,515],"product_tag":[161,315,135,547,67,90,278],"class_list":{"0":"post-8412","1":"product","2":"type-product","3":"status-publish","4":"has-post-thumbnail","6":"product_brand-bang-vape","7":"product_brand-disposable-vape","8":"product_cat-60k-puffs-vape","9":"product_cat-bang-vape","10":"product_cat-disposable-vape","11":"product_tag-2-in-1","12":"product_tag-60k-puffs-vape","13":"product_tag-adjustable-airflow","14":"product_tag-bang-refillable","15":"product_tag-direct-to-lung-dtl","16":"product_tag-disposable-vape","17":"product_tag-double-flavors","19":"first","20":"instock","21":"sale","22":"shipping-taxable","23":"purchasable","24":"product-type-variable"},"_links":{"self":[{"href":"https:\/\/pgvape.com\/fr\/wp-json\/wp\/v2\/product\/8412","targetHints":{"allow":["GET"]}}],"collection":[{"href":"https:\/\/pgvape.com\/fr\/wp-json\/wp\/v2\/product"}],"about":[{"href":"https:\/\/pgvape.com\/fr\/wp-json\/wp\/v2\/types\/product"}],"replies":[{"embeddable":true,"href":"https:\/\/pgvape.com\/fr\/wp-json\/wp\/v2\/comments?post=8412"}],"wp:featuredmedia":[{"embeddable":true,"href":"https:\/\/pgvape.com\/fr\/wp-json\/wp\/v2\/media\/8447"}],"wp:attachment":[{"href":"https:\/\/pgvape.com\/fr\/wp-json\/wp\/v2\/media?parent=8412"}],"wp:term":[{"taxonomy":"product_brand","embeddable":true,"href":"https:\/\/pgvape.com\/fr\/wp-json\/wp\/v2\/product_brand?post=8412"},{"taxonomy":"product_cat","embeddable":true,"href":"https:\/\/pgvape.com\/fr\/wp-json\/wp\/v2\/product_cat?post=8412"},{"taxonomy":"product_tag","embeddable":true,"href":"https:\/\/pgvape.com\/fr\/wp-json\/wp\/v2\/product_tag?post=8412"}],"curies":[{"name":"wp","href":"https:\/\/api.w.org\/{rel}","templated":true}]}}