{"id":8357,"date":"2026-01-08T09:59:45","date_gmt":"2026-01-08T09:59:45","guid":{"rendered":"https:\/\/pgvape.com\/?post_type=product&#038;p=8357"},"modified":"2026-03-15T13:42:00","modified_gmt":"2026-03-15T13:42:00","slug":"fumot-eco-2in1-50000-50k-bouffees-double-saveurs-vape-jetable-2-3-5nicotine-24gout-lueur-irisee-ecran-daffichage-intelligent-vape-usine-en-gros","status":"publish","type":"product","link":"https:\/\/pgvape.com\/fr\/produit\/fumot-eco-2in1-50000-50k-bouffees-double-saveurs-vape-jetable-2-3-5nicotine-24gout-lueur-irisee-ecran-daffichage-intelligent-vape-usine-en-gros\/","title":{"rendered":"Fumot ECO 2in1 50000 50K Puffs Double Saveurs Vape jetable 2% 3% 5%Nicotine 24Taste Iridescent Glow \u00c9cran d'affichage intelligent Vape Usine de gros"},"content":{"rendered":"<p><strong data-sourcepos=\"6:5-6:29\">Fumot ECO 2-en-1 50K<\/strong> red\u00e9finit le vapotage jetable avec son <strong data-sourcepos=\"6:67-6:97\">syst\u00e8me de chambre \u00e0 double saveur<\/strong> (10 ml + 10 ml), permettant aux utilisateurs de basculer entre deux saveurs premium dans un seul appareil \u00e9l\u00e9gant. <strong data-sourcepos=\"6:202-6:218\">50 000 bouff\u00e9es<\/strong> et aliment\u00e9 par une longue dur\u00e9e <strong data-sourcepos=\"6:249-6:280\">Batterie rechargeable de 950 mAh<\/strong>, il combine des performances exceptionnelles avec des fonctionnalit\u00e9s intelligentes, dont un <strong data-sourcepos=\"6:357-6:381\">go\u00fbt personnalisable<\/strong> et accrocheur <strong data-sourcepos=\"6:399-6:430\">\u00e9clairage dynamique iris\u00e9<\/strong>. <strong data-sourcepos=\"6:437-6:467\">24 accords de saveurs s\u00e9lectionn\u00e9s<\/strong>, <strong data-sourcepos=\"6:469-6:497\">trois dosages de nicotine<\/strong>, et une haute performance <strong data-sourcepos=\"6:522-6:540\">Bobine de maille de 0,9 \u03a9<\/strong>, il est con\u00e7u pour les vapoteurs qui exigent de la vari\u00e9t\u00e9, de la long\u00e9vit\u00e9 et du style.<\/p>\n<p>&nbsp;<\/p>\n<h2><strong><span style=\"font-size: 90%;\">Fumot ECO 2in1 50000 50K Puffs Double Saveurs Vape Jetable Sp\u00e9cifications<\/span><\/strong><\/h2>\n<p><strong data-sourcepos=\"11:6-11:28\">Syst\u00e8me \u00e0 double saveur<\/strong>\u00a0\u2013 Basculez entre deux chambres d\u2019ar\u00f4mes de 10 ml pour une exp\u00e9rience de vapotage polyvalente.<\/p>\n<p><strong data-sourcepos=\"12:7-12:31\">\u00c9cran d'affichage intelligent<\/strong>\u00a0\u2013 Un aper\u00e7u de l'autonomie de la batterie et de l'\u00e9tat de l'appareil en temps r\u00e9el.<\/p>\n<p><strong data-sourcepos=\"13:5-13:36\">\u00c9clairage dynamique iris\u00e9<\/strong>\u00a0\u2013 Effet visuel haut de gamme qui am\u00e9liore l\u2019attrait en rayon.<\/p>\n<p><strong data-sourcepos=\"14:6-14:46\">Batterie 950 mAh + charge rapide USB-C<\/strong>\u00a0\u2013 Alimentation rechargeable haute capacit\u00e9 pour une utilisation prolong\u00e9e.<\/p>\n<p><strong data-sourcepos=\"15:6-15:24\">Bobine de maille de 0,9 \u03a9<\/strong>\u00a0\u2013 Vapeur douce et savoureuse avec un rendement constant.<\/p>\n<p><strong data-sourcepos=\"16:6-16:28\">Jusqu'\u00e0 50 000 bouff\u00e9es<\/strong>\u00a0\u2013 Dur\u00e9e de vie exceptionnelle pour les gros utilisateurs.<\/p>\n<p><strong data-sourcepos=\"17:6-17:25\">5 unit\u00e9s par bo\u00eete<\/strong>\u00a0\u2013 Emballage rationalis\u00e9 pour la vente au d\u00e9tail et en gros.<\/p>\n<p><strong data-sourcepos=\"18:6-18:36\">Design ergonomique et \u00e9l\u00e9gant<\/strong>\u00a0\u2013 Prise en main confortable avec une esth\u00e9tique moderne.<\/p>\n<p>&nbsp;<\/p>\n<h3><strong><span style=\"font-size: 90%;\">Fumot ECO 2in1 50000 50K Puffs Double Saveurs Liste des saveurs de vape jetables\u00a0:<\/span><\/strong><\/h3>\n<p>1.Black Mamba et M. Blue<\/p>\n<p>2. Glace noire et glace au raisin<\/p>\n<p>3. Glace \u00e0 la p\u00eache et mamba blanc<\/p>\n<p>4.Lady Killer &amp; Love 66<\/p>\n<p>5. Hubba Bubba aux bleuets et Hubba Bubba \u00e0 la past\u00e8que<\/p>\n<p>6. Ours gommeux aux raisins et ours gommeux aux fraises<\/p>\n<p>7. Pomme aigre et p\u00eache juteuse<\/p>\n<p>8.Fanta &amp; Cola Glace<\/p>\n<p>9. Ours gommeux et quilles<\/p>\n<p>10.Cactus Glace &amp; Cactus Kiwi<\/p>\n<p>11.P\u00eache Mangue Past\u00e8que &amp; Pina Colada<\/p>\n<p>12. Glace aux cerises et cerise bleue Razz<\/p>\n<p>13. Glace \u00e0 la menthe fra\u00eeche et \u00e0 la past\u00e8que<\/p>\n<p>14.Citron Lime &amp; Fraise Past\u00e8que<\/p>\n<p>15.Limonade rose et bonbons aigre<\/p>\n<p>16.Bubblegum Vimto et past\u00e8que<\/p>\n<p>17. Glace \u00e0 la banane et glace au dragon noir<\/p>\n<p>18.Ours gommeux Blue Razz et glace glac\u00e9e Blue Razz<\/p>\n<p>19.Ice Pop &amp; Kiwi Passion Fruit Goyave<\/p>\n<p>20.Glace aux Fraises et Huckleberry<\/p>\n<p>21.M\u00e9lange de baies et limonade Blue Razz<\/p>\n<p>22. Glace Red Bull et glace aux bleuets et aux p\u00eaches<\/p>\n<p>23.Fraise Kiwi &amp; Myrtille Framboise Aigre<\/p>\n<p>24.Cola Citron &amp; Ananas Citron Pomme Verte<img loading=\"lazy\" decoding=\"async\" class=\"alignnone wp-image-8386 size-full\" src=\"https:\/\/pgvape.com\/wp-content\/uploads\/2026\/01\/Fumot-ECO-2-in-1-50000-50K-Puffs-Double-Flavors-Disposable-Vape-2-3-5Nicotine-24Taste-Smart-Display-Screen-Vape-Factory-Wholesale.png\" alt=\"Grille d&#039;appareils de vape ECO 2en1 50K color\u00e9s dans des corps d\u00e9grad\u00e9s avec de petits \u00e9crans et des \u00e9tiquettes de saveur.\" width=\"1229\" height=\"1754\" srcset=\"https:\/\/pgvape.com\/wp-content\/uploads\/2026\/01\/Fumot-ECO-2-in-1-50000-50K-Puffs-Double-Flavors-Disposable-Vape-2-3-5Nicotine-24Taste-Smart-Display-Screen-Vape-Factory-Wholesale.png 1229w, https:\/\/pgvape.com\/wp-content\/uploads\/2026\/01\/Fumot-ECO-2-in-1-50000-50K-Puffs-Double-Flavors-Disposable-Vape-2-3-5Nicotine-24Taste-Smart-Display-Screen-Vape-Factory-Wholesale-252x360.png 252w, https:\/\/pgvape.com\/wp-content\/uploads\/2026\/01\/Fumot-ECO-2-in-1-50000-50K-Puffs-Double-Flavors-Disposable-Vape-2-3-5Nicotine-24Taste-Smart-Display-Screen-Vape-Factory-Wholesale-595x849.png 595w, https:\/\/pgvape.com\/wp-content\/uploads\/2026\/01\/Fumot-ECO-2-in-1-50000-50K-Puffs-Double-Flavors-Disposable-Vape-2-3-5Nicotine-24Taste-Smart-Display-Screen-Vape-Factory-Wholesale-280x400.png 280w, https:\/\/pgvape.com\/wp-content\/uploads\/2026\/01\/Fumot-ECO-2-in-1-50000-50K-Puffs-Double-Flavors-Disposable-Vape-2-3-5Nicotine-24Taste-Smart-Display-Screen-Vape-Factory-Wholesale-768x1096.png 768w, https:\/\/pgvape.com\/wp-content\/uploads\/2026\/01\/Fumot-ECO-2-in-1-50000-50K-Puffs-Double-Flavors-Disposable-Vape-2-3-5Nicotine-24Taste-Smart-Display-Screen-Vape-Factory-Wholesale-1076x1536.png 1076w, https:\/\/pgvape.com\/wp-content\/uploads\/2026\/01\/Fumot-ECO-2-in-1-50000-50K-Puffs-Double-Flavors-Disposable-Vape-2-3-5Nicotine-24Taste-Smart-Display-Screen-Vape-Factory-Wholesale-8x12.png 8w, https:\/\/pgvape.com\/wp-content\/uploads\/2026\/01\/Fumot-ECO-2-in-1-50000-50K-Puffs-Double-Flavors-Disposable-Vape-2-3-5Nicotine-24Taste-Smart-Display-Screen-Vape-Factory-Wholesale-600x856.png 600w\" sizes=\"auto, (max-width: 1229px) 100vw, 1229px\" \/><\/p>\n<p>&nbsp;<\/p>\n<h3><strong><span style=\"font-size: 90%;\">Vid\u00e9o de vape jetable Fumot ECO 2in1 50000 50K Puffs Double saveurs\u00a0:<\/span><\/strong><\/h3>\n<p><iframe loading=\"lazy\" title=\"Fumot ECO 2in1 50000 50K Puffs Double Saveurs Vape jetable Iris\u00e9 Glow Vape Usine de gros\" width=\"1020\" height=\"574\" src=\"https:\/\/www.youtube.com\/embed\/kVNLWrUJ9Ps?feature=oembed\" frameborder=\"0\" allow=\"accelerometer; autoplay; clipboard-write; encrypted-media; gyroscope; picture-in-picture; web-share\" referrerpolicy=\"strict-origin-when-cross-origin\" allowfullscreen><\/iframe><\/p>\n<p>&nbsp;<\/p>\n<h2><strong><span style=\"font-size: 90%;\">FAQ sur Fumot ECO 2in1 50000 50K Puffs Vape jetable \u00e0 double saveur<\/span><\/strong><\/h2>\n<p>\u2753 <strong class=\"\">Combien de bouff\u00e9es par appareil ?<\/strong><br \/>\n\u2705 \u00c9valu\u00e9 en usine <strong>50 000 bouff\u00e9es<\/strong>\u2014des semaines d'utilisation quotidienne.<\/p>\n<p>\u2753 <strong>Comment changer de saveur ?<\/strong><br \/>\n\u2705 <strong>Double chambre 2 en 1<\/strong>\u2014 permuter entre <strong>deux saveurs pr\u00e9-remplies<\/strong> imm\u00e9diatement.<\/p>\n<p>\u2753 <strong>Est-ce rechargeable ?<\/strong><br \/>\n\u2705 <strong>950 mAh<\/strong> batterie + <strong>Type-C<\/strong> port; charge compl\u00e8te en ~ 30 min.<\/p>\n<p>\u2753 <strong>Quels sont les dosages de nicotine propos\u00e9s ?<\/strong><br \/>\n\u2705 <strong>2 %, 3 %, 5 %<\/strong>\u2014choisissez doux, \u00e9quilibr\u00e9 ou fort.<\/p>\n<p>\u2753 <strong>Comment la saveur reste-t-elle riche ?<\/strong><br \/>\n\u2705 <strong>Bobine de maille de 0,9 \u03a9<\/strong> chauffe uniform\u00e9ment pour des nuages \u200b\u200bsoyeux et denses.<\/p>\n<p>\u2753 <strong>Comment puis-je surveiller l'\u00e9tat\u00a0?<\/strong><br \/>\n\u2705 <strong>Affichage intelligent<\/strong> montre la batterie et la chambre active.<\/p>\n<p>\u2753 <strong>Est-ce que \u00e7a a l'air haut de gamme en rayon ?<\/strong><br \/>\n\u2705 <strong>Lumi\u00e8re dynamique iris\u00e9e<\/strong> cr\u00e9e une lueur qui fait tourner les t\u00eates.<\/p>\n<p>\u2753 <strong>Un emballage pr\u00eat \u00e0 la vente au d\u00e9tail\u00a0?<\/strong><br \/>\n\u2705 <strong>5 pi\u00e8ces\/bo\u00eete<\/strong>\u2014affichage compact, id\u00e9al pour les commandes group\u00e9es.<\/p>\n<p>&nbsp;<\/p>\n<h3 id=\"brxe-najhln\" class=\"brxe-heading\">Foire aux questions (FAQ)<\/h3>\n<div id=\"brxe-rajiac\" class=\"brxe-text\">\n<p><strong>Q : Quels modes de paiement acceptez-vous ?<\/strong><br \/>\nR\u00a0: Nous acceptons PayPal, Stripe, les virements bancaires (pris en charge par SEPA), les principales cartes de cr\u00e9dit (Visa, MasterCard, American Express) et les paiements en crypto-monnaie.<\/p>\n<p><strong>Q : Combien de temps prend la pr\u00e9paration d\u2019une commande ?<\/strong><br \/>\nR : La pr\u00e9paration de la commande prend 1 \u00e0 3 jours ouvrables.<\/p>\n<p><strong>Q : Quel est le d\u00e9lai de livraison ?<\/strong><br \/>\nR : Le d\u00e9lai de livraison est de 7 \u00e0 14 jours ouvrables, selon votre emplacement. Les marchandises exp\u00e9di\u00e9es depuis des entrep\u00f4ts europ\u00e9ens prennent g\u00e9n\u00e9ralement 3 \u00e0 6 jours ouvrables pour \u00eatre livr\u00e9es.<\/p>\n<p><strong>Q : Comment puis-je suivre ma commande ?<\/strong><br \/>\nR : Apr\u00e8s l'exp\u00e9dition, vous recevrez un e-mail de confirmation avec un num\u00e9ro de suivi pour un suivi en temps r\u00e9el.<\/p>\n<p><strong>Q : Quelle est votre politique de retour ?<\/strong><br \/>\nR : Nous proposons une politique de retour de 30 jours pour les remboursements ou les \u00e9changes. .<\/p>\n<p><strong>Q : Y aura-t-il des probl\u00e8mes douaniers ?<br \/>\n<\/strong>Nous prenons en charge toutes les proc\u00e9dures de d\u00e9douanement pour vous garantir une exp\u00e9rience sans tracas. .<\/p>\n<p><strong>Q : Quelles m\u00e9thodes d\u2019exp\u00e9dition sont utilis\u00e9es ?<\/strong><br \/>\nNous coop\u00e9rons avec UPS\/DHL\/FEDEX\/DPD, etc. Nous choisirons l'option d'exp\u00e9dition appropri\u00e9e en fonction du pays de livraison pour garantir que vous recevez vos produits le plus rapidement possible.<\/p>\n<p><a href=\"https:\/\/pgvape.com\/fr\/faq\/\">Cliquez ici pour plus de FAQ<\/a><\/p>\n<p>Chers clients, Si vous avez des questions concernant votre commande ou l'arriv\u00e9e des marchandises, n'h\u00e9sitez pas \u00e0 contacter notre service client. Merci !<\/p>\n<h3 data-sourcepos=\"73:1-73:21\"><strong data-sourcepos=\"73:7-73:21\">Contactez-nous<\/strong><\/h3>\n<div id=\"text-2419739398\" class=\"text\">\n<p><strong data-sourcepos=\"75:3-75:12\">E-mail<\/strong>:\u00a0<a href=\"mailto:support@pgvape.com\"><strong>support@pgvape.com<\/strong><\/a><\/p>\n<p><strong data-sourcepos=\"76:3-76:15\">WhatsApp<\/strong>:\u00a0<a href=\"https:\/\/wa.me\/+8618128481258\"><strong>+86 18128481258<\/strong><\/a><br \/>\n<strong>(R\u00e9ponse sous 24h les jours ouvr\u00e9s)<\/strong><\/p>\n<\/div>\n<h3><strong>Merci d'avoir choisi pgvape.com ! .<\/strong><\/h3>\n<\/div>","protected":false},"excerpt":{"rendered":"<p><strong>Fumot ECO 2-en-1 50K<\/strong>\u2014<strong>50 000 bouff\u00e9es<\/strong>, <strong>double 10 ml<\/strong>, <strong>Maille de 0,9 \u03a9<\/strong>, <strong>affichage intelligent<\/strong>, <strong>lueur iris\u00e9e<\/strong>, <strong>2-5 carte %<\/strong>.<strong>Retournez les saveurs, allumez, vapotez pendant des semaines.<\/strong><\/p>","protected":false},"featured_media":8360,"comment_status":"open","ping_status":"closed","template":"","meta":{"_seopress_robots_primary_cat":"none","_seopress_titles_title":"","_seopress_titles_desc":"","_seopress_robots_index":""},"product_brand":[516,162],"product_cat":[61,515,26],"product_tag":[370,545,90,278,544,546,217],"class_list":{"0":"post-8357","1":"product","2":"type-product","3":"status-publish","4":"has-post-thumbnail","6":"product_brand-disposable-vape","7":"product_brand-fumot-vape","8":"product_cat-50k-puffs-vape","9":"product_cat-disposable-vape","10":"product_cat-fumot-vape","11":"product_tag-150k-puffs-vape","12":"product_tag-2in1","13":"product_tag-disposable-vape","14":"product_tag-double-flavors","15":"product_tag-fumot-eco","16":"product_tag-iridescent-glow","17":"product_tag-smart-display-screen","19":"first","20":"instock","21":"sale","22":"shipping-taxable","23":"purchasable","24":"product-type-variable"},"_links":{"self":[{"href":"https:\/\/pgvape.com\/fr\/wp-json\/wp\/v2\/product\/8357","targetHints":{"allow":["GET"]}}],"collection":[{"href":"https:\/\/pgvape.com\/fr\/wp-json\/wp\/v2\/product"}],"about":[{"href":"https:\/\/pgvape.com\/fr\/wp-json\/wp\/v2\/types\/product"}],"replies":[{"embeddable":true,"href":"https:\/\/pgvape.com\/fr\/wp-json\/wp\/v2\/comments?post=8357"}],"wp:featuredmedia":[{"embeddable":true,"href":"https:\/\/pgvape.com\/fr\/wp-json\/wp\/v2\/media\/8360"}],"wp:attachment":[{"href":"https:\/\/pgvape.com\/fr\/wp-json\/wp\/v2\/media?parent=8357"}],"wp:term":[{"taxonomy":"product_brand","embeddable":true,"href":"https:\/\/pgvape.com\/fr\/wp-json\/wp\/v2\/product_brand?post=8357"},{"taxonomy":"product_cat","embeddable":true,"href":"https:\/\/pgvape.com\/fr\/wp-json\/wp\/v2\/product_cat?post=8357"},{"taxonomy":"product_tag","embeddable":true,"href":"https:\/\/pgvape.com\/fr\/wp-json\/wp\/v2\/product_tag?post=8357"}],"curies":[{"name":"wp","href":"https:\/\/api.w.org\/{rel}","templated":true}]}}