{"id":8206,"date":"2025-12-24T10:10:09","date_gmt":"2025-12-24T10:10:09","guid":{"rendered":"https:\/\/pgvape.com\/?post_type=product&#038;p=8206"},"modified":"2025-12-26T07:44:21","modified_gmt":"2025-12-26T07:44:21","slug":"uor-tornado-30000-30k-bouffees-vape-jetable-2-5nicotine-10-gout-affichage-led-vape-usine-en-gros","status":"publish","type":"product","link":"https:\/\/pgvape.com\/fr\/produit\/uor-tornado-30000-30k-bouffees-vape-jetable-2-5nicotine-10-gout-affichage-led-vape-usine-en-gros\/","title":{"rendered":"UOR Tornado 30000 30K Puffs Vape jetable 2% 5%Nicotine 10Taste LED Affichage Vape Usine de gros"},"content":{"rendered":"<p><strong>Stylo jetable de Vape d'affichage \u00e0 LED de bouff\u00e9es de la tornade 30000 30K d'UOR<\/strong>\u00a0est con\u00e7u pour les utilisateurs recherchant des performances durables et une saveur douce et constante. .<\/p>\n<p>&nbsp;<\/p>\n<h2><strong><span style=\"font-size: 90%;\">Sp\u00e9cifications de la vape jetable UOR Tornado 30000 30K Puffs<\/span><\/strong><\/h2>\n<p><strong data-sourcepos=\"11:6-11:37\">Batterie rechargeable 650 mAh<\/strong>\u00a0\u2013 Chargement rapide USB Type-C<\/p>\n<p><strong data-sourcepos=\"12:6-12:34\">E-Liquide pr\u00e9rempli 28 ml<\/strong>\u00a0\u2013 Stabilit\u00e9 de la saveur \u00e0 long terme<\/p>\n<p><strong data-sourcepos=\"13:6-13:24\">Bobine de maille 1,0 \u03a9<\/strong>\u00a0\u2013 Vapeur douce et clart\u00e9 de saveur am\u00e9lior\u00e9e<\/p>\n<p><strong data-sourcepos=\"14:7-14:22\">Affichage LED<\/strong>\u00a0- Surveillez la batterie et les d\u00e9tails d'utilisation en un coup d'\u0153il<\/p>\n<p><strong data-sourcepos=\"15:6-15:28\">Jusqu'\u00e0 30 000 bouff\u00e9es<\/strong>\u00a0\u2013 Dur\u00e9e de vie prolong\u00e9e, moins de d\u00e9chets<\/p>\n<p><strong data-sourcepos=\"16:6-16:33\">10 unit\u00e9s par bo\u00eete de vente au d\u00e9tail<\/strong>\u00a0\u2013 Id\u00e9al pour le commerce de d\u00e9tail et de gros<\/p>\n<p><strong data-sourcepos=\"17:6-17:33\">Design \u00e9l\u00e9gant et ergonomique<\/strong>\u00a0\u2013 Confortable pour une utilisation toute la journ\u00e9e<\/p>\n<p>&nbsp;<\/p>\n<h3><strong><span style=\"font-size: 90%;\">Liste des saveurs de vape jetables UOR Tornado 30000 30K Puffs\u00a0:<\/span><\/strong><\/h3>\n<p><strong>1. Glace aux bleuets<\/strong><\/p>\n<p><strong>2. Boisson \u00e9nergisante<\/strong><\/p>\n<p><strong>3. Glace au raisin<\/strong><\/p>\n<p><strong>4. Goyave Kiwi Fruit de la Passion<\/strong><\/p>\n<p><strong>5.M. Bleu<\/strong><\/p>\n<p><strong>6. Glace \u00e0 la p\u00eache<\/strong><\/p>\n<p><strong>7. Past\u00e8que aux fraises<\/strong><\/p>\n<p><strong>8.Kiwi aux fraises<\/strong><\/p>\n<p><strong>9.Fraise Framboise Cerise<\/strong><\/p>\n<p><strong>10. Glace \u00e0 la past\u00e8que<\/strong><\/p>\n<p><strong><img loading=\"lazy\" decoding=\"async\" class=\"alignnone wp-image-8221 size-full\" src=\"https:\/\/pgvape.com\/wp-content\/uploads\/2025\/12\/UOR-Tornado-30000-30K-Puffs-Disposable-Vape-2-5-Nicotin-10Tastes-Vape-Factory-Wholesale-PGvape-Flavor-List.png\" alt=\"Stylos vape jetables color\u00e9s UOR 30k puffs sur le th\u00e8me du singe dans des saveurs comme Blueberry Ice, Peach Ice et Strawberry Kiwi.\" width=\"1500\" height=\"1500\" srcset=\"https:\/\/pgvape.com\/wp-content\/uploads\/2025\/12\/UOR-Tornado-30000-30K-Puffs-Disposable-Vape-2-5-Nicotin-10Tastes-Vape-Factory-Wholesale-PGvape-Flavor-List.png 1500w, https:\/\/pgvape.com\/wp-content\/uploads\/2025\/12\/UOR-Tornado-30000-30K-Puffs-Disposable-Vape-2-5-Nicotin-10Tastes-Vape-Factory-Wholesale-PGvape-Flavor-List-360x360.png 360w, https:\/\/pgvape.com\/wp-content\/uploads\/2025\/12\/UOR-Tornado-30000-30K-Puffs-Disposable-Vape-2-5-Nicotin-10Tastes-Vape-Factory-Wholesale-PGvape-Flavor-List-595x595.png 595w, https:\/\/pgvape.com\/wp-content\/uploads\/2025\/12\/UOR-Tornado-30000-30K-Puffs-Disposable-Vape-2-5-Nicotin-10Tastes-Vape-Factory-Wholesale-PGvape-Flavor-List-400x400.png 400w, https:\/\/pgvape.com\/wp-content\/uploads\/2025\/12\/UOR-Tornado-30000-30K-Puffs-Disposable-Vape-2-5-Nicotin-10Tastes-Vape-Factory-Wholesale-PGvape-Flavor-List-768x768.png 768w, https:\/\/pgvape.com\/wp-content\/uploads\/2025\/12\/UOR-Tornado-30000-30K-Puffs-Disposable-Vape-2-5-Nicotin-10Tastes-Vape-Factory-Wholesale-PGvape-Flavor-List-12x12.png 12w, https:\/\/pgvape.com\/wp-content\/uploads\/2025\/12\/UOR-Tornado-30000-30K-Puffs-Disposable-Vape-2-5-Nicotin-10Tastes-Vape-Factory-Wholesale-PGvape-Flavor-List-300x300.png 300w, https:\/\/pgvape.com\/wp-content\/uploads\/2025\/12\/UOR-Tornado-30000-30K-Puffs-Disposable-Vape-2-5-Nicotin-10Tastes-Vape-Factory-Wholesale-PGvape-Flavor-List-600x600.png 600w, https:\/\/pgvape.com\/wp-content\/uploads\/2025\/12\/UOR-Tornado-30000-30K-Puffs-Disposable-Vape-2-5-Nicotin-10Tastes-Vape-Factory-Wholesale-PGvape-Flavor-List-100x100.png 100w\" sizes=\"auto, (max-width: 1500px) 100vw, 1500px\" \/><\/strong><\/p>\n<p>&nbsp;<\/p>\n<h2><strong>FAQ sur la vape jetable UOR Tornado 30000 30K Puffs<\/strong><\/h2>\n<p>\u2753 <strong class=\"\">Combien de bouff\u00e9es par appareil ?<\/strong><br \/>\n\u2705 \u00c9valu\u00e9 en usine <strong class=\"\">30 000 bouff\u00e9es<\/strong>-des semaines d'utilisation intensive.<\/p>\n<p>\u2753 <strong class=\"\">Quelle est la taille du r\u00e9servoir ?<\/strong><br \/>\n\u2705 <strong class=\"\">28 ml<\/strong>\u2014grande capacit\u00e9 pour moins de remplacements.<\/p>\n<p>\u2753 <strong>Est-ce rechargeable ?<\/strong><br \/>\n\u2705 <strong>650 mAh<\/strong> batterie + <strong>Type-C<\/strong> port; charge compl\u00e8te en ~ 30 min.<\/p>\n<p>\u2753 <strong class=\"\">Quels sont les dosages de nicotine propos\u00e9s ?<\/strong><br \/>\n\u2705 <strong class=\"\">2 %<\/strong> lisse ou <strong class=\"\">5 %<\/strong> fort\u00a0: choisissez votre coup.<\/p>\n<p>\u2753 <strong>Comment la saveur reste-t-elle constante\u00a0?<\/strong><br \/>\n\u2705 <strong>Bobine de maille de 1,0 \u03a9<\/strong> chauffe uniform\u00e9ment pour des nuages \u200b\u200bsoyeux et savoureux.<\/p>\n<p>\u2753 <strong class=\"\">Comment puis-je surveiller l'\u00e9tat\u00a0?<\/strong><br \/>\n\u2705 <strong class=\"\">Affichage LED<\/strong> affiche les informations sur la batterie et le vapotage en un coup d'\u0153il.<\/p>\n<p>\u2753 <strong>Un emballage pr\u00eat \u00e0 la vente au d\u00e9tail\u00a0?<\/strong><br \/>\n\u2705 <strong>10 pi\u00e8ces\/bo\u00eete<\/strong>\u2014 parfait pour \u00e9tag\u00e8re ou chariot en vrac.<\/p>\n<p>&nbsp;<\/p>\n<h3 id=\"brxe-najhln\" class=\"brxe-heading\">Foire aux questions (FAQ)<\/h3>\n<div id=\"brxe-rajiac\" class=\"brxe-text\">\n<p><strong>Q : Quels modes de paiement acceptez-vous ?<\/strong><br \/>\nR\u00a0: Nous acceptons PayPal, Stripe, les virements bancaires (pris en charge par SEPA), les principales cartes de cr\u00e9dit (Visa, MasterCard, American Express) et les paiements en crypto-monnaie.<\/p>\n<p><strong>Q : Combien de temps prend la pr\u00e9paration d\u2019une commande ?<\/strong><br \/>\nR : La pr\u00e9paration de la commande prend 1 \u00e0 3 jours ouvrables.<\/p>\n<p><strong>Q : Quel est le d\u00e9lai de livraison ?<\/strong><br \/>\nR : Le d\u00e9lai de livraison est de 7 \u00e0 14 jours ouvrables, selon votre emplacement. Les marchandises exp\u00e9di\u00e9es depuis des entrep\u00f4ts europ\u00e9ens prennent g\u00e9n\u00e9ralement 3 \u00e0 6 jours ouvrables pour \u00eatre livr\u00e9es.<\/p>\n<p><strong>Q : Comment puis-je suivre ma commande ?<\/strong><br \/>\nR : Apr\u00e8s l'exp\u00e9dition, vous recevrez un e-mail de confirmation avec un num\u00e9ro de suivi pour un suivi en temps r\u00e9el.<\/p>\n<p><strong>Q : Quelle est votre politique de retour ?<\/strong><br \/>\nR : Nous proposons une politique de retour de 30 jours pour les remboursements ou les \u00e9changes. .<\/p>\n<p><strong>Q : Y aura-t-il des probl\u00e8mes douaniers ?<br \/>\n<\/strong>Nous prenons en charge toutes les proc\u00e9dures de d\u00e9douanement pour vous garantir une exp\u00e9rience sans tracas. .<\/p>\n<p><strong>Q : Quelles m\u00e9thodes d\u2019exp\u00e9dition sont utilis\u00e9es ?<\/strong><br \/>\nNous coop\u00e9rons avec UPS\/DHL\/FEDEX\/DPD, etc. Nous choisirons l'option d'exp\u00e9dition appropri\u00e9e en fonction du pays de livraison pour garantir que vous recevez vos produits le plus rapidement possible.<\/p>\n<p><a href=\"https:\/\/pgvape.com\/fr\/faq\/\">Cliquez ici pour plus de FAQ<\/a><\/p>\n<p>Chers clients, Si vous avez des questions concernant votre commande ou l'arriv\u00e9e des marchandises, n'h\u00e9sitez pas \u00e0 contacter notre service client. Merci !<\/p>\n<h3 data-sourcepos=\"73:1-73:21\"><strong data-sourcepos=\"73:7-73:21\">Contactez-nous<\/strong><\/h3>\n<div id=\"text-2419739398\" class=\"text\">\n<p><strong data-sourcepos=\"75:3-75:12\">E-mail<\/strong>:\u00a0<a href=\"mailto:support@pgvape.com\"><strong>support@pgvape.com<\/strong><\/a><\/p>\n<p><strong data-sourcepos=\"76:3-76:15\">WhatsApp<\/strong>:\u00a0<a href=\"https:\/\/wa.me\/+8618128481258\"><strong>+86 18128481258<\/strong><\/a><br \/>\n<strong>(R\u00e9ponse sous 24h les jours ouvr\u00e9s)<\/strong><\/p>\n<\/div>\n<h3><strong>Merci d'avoir choisi pgvape.com ! .<\/strong><\/h3>\n<\/div>","protected":false},"excerpt":{"rendered":"<p><strong>UOR Tornado 30000<\/strong>\u2014<strong>30 000 bouff\u00e9es<\/strong>, <strong>28 ml<\/strong>, <strong>bobine de maille<\/strong>, <strong>Affichage LED<\/strong>, <strong>Type-C<\/strong>, <strong>Carte r\u00e9seau 2 %\/5 %<\/strong>.<strong class=\"\">Capacit\u00e9 de niveau temp\u00eate, contr\u00f4le cristallin.<\/strong><\/p>","protected":false},"featured_media":8209,"comment_status":"open","ping_status":"closed","template":"","meta":{"_seopress_robots_primary_cat":"none","_seopress_titles_title":"","_seopress_titles_desc":"","_seopress_robots_index":""},"product_brand":[516,345],"product_cat":[35,515,344],"product_tag":[349,90,79,490,540],"class_list":{"0":"post-8206","1":"product","2":"type-product","3":"status-publish","4":"has-post-thumbnail","6":"product_brand-disposable-vape","7":"product_brand-uor-vape","8":"product_cat-30k-puffs-vape","9":"product_cat-disposable-vape","10":"product_cat-uor-vape","11":"product_tag-30k-puffs-vape","12":"product_tag-disposable-vape","13":"product_tag-led-display","14":"product_tag-minimum-2-pieces","15":"product_tag-uor-tornado-30000","17":"first","18":"instock","19":"sale","20":"shipping-taxable","21":"purchasable","22":"product-type-variable"},"_links":{"self":[{"href":"https:\/\/pgvape.com\/fr\/wp-json\/wp\/v2\/product\/8206","targetHints":{"allow":["GET"]}}],"collection":[{"href":"https:\/\/pgvape.com\/fr\/wp-json\/wp\/v2\/product"}],"about":[{"href":"https:\/\/pgvape.com\/fr\/wp-json\/wp\/v2\/types\/product"}],"replies":[{"embeddable":true,"href":"https:\/\/pgvape.com\/fr\/wp-json\/wp\/v2\/comments?post=8206"}],"wp:featuredmedia":[{"embeddable":true,"href":"https:\/\/pgvape.com\/fr\/wp-json\/wp\/v2\/media\/8209"}],"wp:attachment":[{"href":"https:\/\/pgvape.com\/fr\/wp-json\/wp\/v2\/media?parent=8206"}],"wp:term":[{"taxonomy":"product_brand","embeddable":true,"href":"https:\/\/pgvape.com\/fr\/wp-json\/wp\/v2\/product_brand?post=8206"},{"taxonomy":"product_cat","embeddable":true,"href":"https:\/\/pgvape.com\/fr\/wp-json\/wp\/v2\/product_cat?post=8206"},{"taxonomy":"product_tag","embeddable":true,"href":"https:\/\/pgvape.com\/fr\/wp-json\/wp\/v2\/product_tag?post=8206"}],"curies":[{"name":"wp","href":"https:\/\/api.w.org\/{rel}","templated":true}]}}