{"id":8139,"date":"2025-12-23T13:22:00","date_gmt":"2025-12-23T13:22:00","guid":{"rendered":"https:\/\/pgvape.com\/?post_type=product&#038;p=8139"},"modified":"2026-03-15T13:41:59","modified_gmt":"2026-03-15T13:41:59","slug":"vopk-btc-35000-35k-bouffees-double-mode-vape-jetable-puissance-de-debit-dair-reglable-5nicotine-10-gout-360-ecran-incurve-vape-usine-en-gros","status":"publish","type":"product","link":"https:\/\/pgvape.com\/fr\/produit\/vopk-btc-35000-35k-bouffees-double-mode-vape-jetable-puissance-de-debit-dair-reglable-5nicotine-10-gout-360-ecran-incurve-vape-usine-en-gros\/","title":{"rendered":"VOPK BTC 35000 35K Puffs Vape jetable double mode Puissance de d\u00e9bit d'air r\u00e9glable 5%Nicotine 10Taste \u00c9cran incurv\u00e9 \u00e0 360 \u00b0 Vape Usine de vente en gros"},"content":{"rendered":"<p><strong data-sourcepos=\"4:46-4:62\">VOPK BTC 35K<\/strong>\u2014une vape jetable haute performance con\u00e7ue pour offrir une saveur et une long\u00e9vit\u00e9 exceptionnelles. <strong data-sourcepos=\"4:174-4:197\">Bobine \u00e0 double maille de 0,8 \u03a9<\/strong> et un important <strong data-sourcepos=\"4:216-4:233\">22 ml d'e-liquide<\/strong> capacit\u00e9, il offre une impressionnante <strong data-sourcepos=\"4:268-4:284\">35 000 bouff\u00e9es<\/strong> de vapeur toujours douce.<strong data-sourcepos=\"4:339-4:390\">galvanoplastie, peinture m\u00e9tallis\u00e9e et impression UV<\/strong>\u2014 combine une esth\u00e9tique haut de gamme avec des fonctionnalit\u00e9s intelligentes, y compris un <strong data-sourcepos=\"4:458-4:498\">\u00e9cran incurv\u00e9 intelligent \u00e0 360 degr\u00e9s<\/strong> et param\u00e8tres de puissance r\u00e9glables. .<img loading=\"lazy\" decoding=\"async\" class=\"alignnone wp-image-8165 size-full\" src=\"https:\/\/pgvape.com\/wp-content\/uploads\/2025\/12\/VOPK-BTC-35000-35K-Puffs-Disposable-Vape-Adjustable-Airflow-Power-5Nicotine-10Taste-Full-Screen-Display-Vape-Factory-Wholesale-12.png\" alt=\"Vape jetable VOPK BTC 35K sur le th\u00e8me de l&#039;espace avec des dosettes roses et bleues \u00e0 c\u00f4t\u00e9 d&#039;une pi\u00e8ce Bitcoin, pr\u00e9sentant les modes Boost et Norm.\" width=\"1200\" height=\"686\" srcset=\"https:\/\/pgvape.com\/wp-content\/uploads\/2025\/12\/VOPK-BTC-35000-35K-Puffs-Disposable-Vape-Adjustable-Airflow-Power-5Nicotine-10Taste-Full-Screen-Display-Vape-Factory-Wholesale-12.png 1200w, https:\/\/pgvape.com\/wp-content\/uploads\/2025\/12\/VOPK-BTC-35000-35K-Puffs-Disposable-Vape-Adjustable-Airflow-Power-5Nicotine-10Taste-Full-Screen-Display-Vape-Factory-Wholesale-12-555x317.png 555w, https:\/\/pgvape.com\/wp-content\/uploads\/2025\/12\/VOPK-BTC-35000-35K-Puffs-Disposable-Vape-Adjustable-Airflow-Power-5Nicotine-10Taste-Full-Screen-Display-Vape-Factory-Wholesale-12-595x340.png 595w, https:\/\/pgvape.com\/wp-content\/uploads\/2025\/12\/VOPK-BTC-35000-35K-Puffs-Disposable-Vape-Adjustable-Airflow-Power-5Nicotine-10Taste-Full-Screen-Display-Vape-Factory-Wholesale-12-400x229.png 400w, https:\/\/pgvape.com\/wp-content\/uploads\/2025\/12\/VOPK-BTC-35000-35K-Puffs-Disposable-Vape-Adjustable-Airflow-Power-5Nicotine-10Taste-Full-Screen-Display-Vape-Factory-Wholesale-12-768x439.png 768w, https:\/\/pgvape.com\/wp-content\/uploads\/2025\/12\/VOPK-BTC-35000-35K-Puffs-Disposable-Vape-Adjustable-Airflow-Power-5Nicotine-10Taste-Full-Screen-Display-Vape-Factory-Wholesale-12-18x10.png 18w, https:\/\/pgvape.com\/wp-content\/uploads\/2025\/12\/VOPK-BTC-35000-35K-Puffs-Disposable-Vape-Adjustable-Airflow-Power-5Nicotine-10Taste-Full-Screen-Display-Vape-Factory-Wholesale-12-600x343.png 600w\" sizes=\"auto, (max-width: 1200px) 100vw, 1200px\" \/><\/p>\n<p>&nbsp;<\/p>\n<h2><span style=\"font-size: 90%;\">Sp\u00e9cifications de la vape jetable double mode VOPK BTC 35000 35K Puffs\u00a0:<\/span><\/h2>\n<p><strong data-sourcepos=\"9:6-9:29\">Bobine \u00e0 double maille de 0,8 \u03a9<\/strong>\u00a0\u2013 Saveur riche et production de vapeur dense.<\/p>\n<p><strong data-sourcepos=\"10:7-10:43\">\u00c9cran incurv\u00e9 dynamique \u00e0 360 degr\u00e9s<\/strong>\u00a0\u2013 Batterie intelligente et affichage e-liquide avec commutation d\u2019alimentation.<\/p>\n<p><strong data-sourcepos=\"11:6-11:41\">Batterie 850 mAh + chargement USB-C<\/strong>\u00a0\u2013 Rechargeable pour une utilisation longue dur\u00e9e.<\/p>\n<p><strong data-end=\"3669\" data-start=\"3655\">Nombre de bouff\u00e9es \u2013 <\/strong>Jusqu'\u00e0 35 000 (Norm) \/ 25 000 (Boost)<\/p>\n<p><strong data-sourcepos=\"13:6-13:32\">Capacit\u00e9 e-liquide de 22 ml<\/strong>\u00a0\u2013 Pr\u00e9-rempli de liquide m\u00e9lang\u00e9 de qualit\u00e9 sup\u00e9rieure.<\/p>\n<p><strong data-sourcepos=\"14:7-14:37\">D\u00e9bit d'air et puissance r\u00e9glables<\/strong>\u00a0\u2013 Personnalisez votre tirage et l\u2019intensit\u00e9 de votre vapeur.<\/p>\n<p><strong data-sourcepos=\"15:5-15:23\">Finition haut de gamme<\/strong>\u00a0\u2013 Galvanoplastie, peinture m\u00e9tallis\u00e9e et impression UV pour un aspect et une sensation raffin\u00e9s.<\/p>\n<p>&nbsp;<\/p>\n<h3><span style=\"font-size: 90%;\">Liste des saveurs de vape jetables double mode VOPK BTC 35000 35K Puffs\u00a0:<\/span><\/h3>\n<p>1. Glace \u00e0 la past\u00e8que<\/p>\n<p>2. Glace bleue Razz<\/p>\n<p>3.\u00c9clatement de fraise<\/p>\n<p>4. P\u00eache de G\u00e9orgie<\/p>\n<p>5.Passion Kiwi<\/p>\n<p>6. Glace \u00e0 l'orange, aux canneberges et au citron vert<\/p>\n<p>7. Menthe fra\u00eeche<\/p>\n<p>8.Ananas Mangue Aigre<\/p>\n<p>9.Framboise p\u00eache blanche<\/p>\n<p>10. Gel\u00e9e de tire \u00e0 la banane<img loading=\"lazy\" decoding=\"async\" class=\"alignnone wp-image-8159 size-full\" src=\"https:\/\/pgvape.com\/wp-content\/uploads\/2025\/12\/VOPK-BTC-35000-35K-Puffs-Disposable-Vape-Adjustable-Airflow-Power-5Nicotine-10Taste-Full-Screen-Display-Vape-Factory-Wholesale-7.png\" alt=\"Dix appareils de vapotage jetables color\u00e9s sur un \u00e9cran \u00e9clair\u00e9 au n\u00e9on, chacun avec une \u00e9tiquette de saveur Banana Taffy Freeze, Cool Mint, Peach.\" width=\"1500\" height=\"1342\" srcset=\"https:\/\/pgvape.com\/wp-content\/uploads\/2025\/12\/VOPK-BTC-35000-35K-Puffs-Disposable-Vape-Adjustable-Airflow-Power-5Nicotine-10Taste-Full-Screen-Display-Vape-Factory-Wholesale-7.png 1500w, https:\/\/pgvape.com\/wp-content\/uploads\/2025\/12\/VOPK-BTC-35000-35K-Puffs-Disposable-Vape-Adjustable-Airflow-Power-5Nicotine-10Taste-Full-Screen-Display-Vape-Factory-Wholesale-7-402x360.png 402w, https:\/\/pgvape.com\/wp-content\/uploads\/2025\/12\/VOPK-BTC-35000-35K-Puffs-Disposable-Vape-Adjustable-Airflow-Power-5Nicotine-10Taste-Full-Screen-Display-Vape-Factory-Wholesale-7-595x532.png 595w, https:\/\/pgvape.com\/wp-content\/uploads\/2025\/12\/VOPK-BTC-35000-35K-Puffs-Disposable-Vape-Adjustable-Airflow-Power-5Nicotine-10Taste-Full-Screen-Display-Vape-Factory-Wholesale-7-400x358.png 400w, https:\/\/pgvape.com\/wp-content\/uploads\/2025\/12\/VOPK-BTC-35000-35K-Puffs-Disposable-Vape-Adjustable-Airflow-Power-5Nicotine-10Taste-Full-Screen-Display-Vape-Factory-Wholesale-7-768x687.png 768w, https:\/\/pgvape.com\/wp-content\/uploads\/2025\/12\/VOPK-BTC-35000-35K-Puffs-Disposable-Vape-Adjustable-Airflow-Power-5Nicotine-10Taste-Full-Screen-Display-Vape-Factory-Wholesale-7-13x12.png 13w, https:\/\/pgvape.com\/wp-content\/uploads\/2025\/12\/VOPK-BTC-35000-35K-Puffs-Disposable-Vape-Adjustable-Airflow-Power-5Nicotine-10Taste-Full-Screen-Display-Vape-Factory-Wholesale-7-600x537.png 600w\" sizes=\"auto, (max-width: 1500px) 100vw, 1500px\" \/><\/p>\n<p>&nbsp;<\/p>\n<h3><span style=\"font-size: 90%;\">VOPK BTC 35000 35K Puffs Vape jetable double mode <strong>Vid\u00e9o:<\/strong><\/span><\/h3>\n<p><iframe loading=\"lazy\" title=\"VOPK BTC 35K Puffs double mode jetable Vape d\u00e9bit d&#039;air r\u00e9glable puissance Vape usine en gros pgvape\" width=\"563\" height=\"1000\" src=\"https:\/\/www.youtube.com\/embed\/ZJqTt0qybLA?feature=oembed\" frameborder=\"0\" allow=\"accelerometer; autoplay; clipboard-write; encrypted-media; gyroscope; picture-in-picture; web-share\" referrerpolicy=\"strict-origin-when-cross-origin\" allowfullscreen><\/iframe><\/p>\n<p>&nbsp;<\/p>\n<h2><span style=\"font-size: 90%;\">FAQ sur la vape jetable double mode VOPK BTC 35000 35 000 bouff\u00e9es<\/span><\/h2>\n<p>\u2753 <strong>Combien de bouff\u00e9es par appareil ?<\/strong><br \/>\n\u2705 <strong>35 000 bouff\u00e9es<\/strong> en mode ventilateur unique (l'option double ventilateur 25K existe).<\/p>\n<p>\u2753 <strong>Est-ce rechargeable ?<\/strong><br \/>\n\u2705 <strong>850 mAh<\/strong> batterie + <strong>Type-C<\/strong> port; charge compl\u00e8te en ~ 30 min.<\/p>\n<p>\u2753 <strong class=\"\">Puis-je r\u00e9gler la puissance ou le d\u00e9bit d\u2019air ?<\/strong><br \/>\n\u2705 <strong>Puissance r\u00e9glable<\/strong> + <strong>\u00e9vent inf\u00e9rieur<\/strong>- adapter la force de frappe et le tirage.<\/p>\n<p>\u2753 <strong>Quelle bobine y a-t-il \u00e0 l'int\u00e9rieur ?<\/strong><br \/>\n\u2705 <strong>Bobine \u00e0 double maille de 0,8 \u03a9<\/strong>\u2014 chaleur rapide, saveur dense.<\/p>\n<p>\u2753 <strong>Comment puis-je surveiller la batterie ou le jus ?<\/strong><br \/>\n\u2705 <strong>\u00c9cran incurv\u00e9 \u00e0 360\u00b0<\/strong> montre <strong>carburant<\/strong>, <strong>\u00e9lectrique<\/strong>, et <strong>mode d'alimentation<\/strong> en temps r\u00e9el.<\/p>\n<p>\u2753 <strong>Est-ce qu'il contient un ar\u00f4me de kiwi ?<\/strong><br \/>\n\u2705 <strong>Kiwi Passionn\u00e9<\/strong> est le m\u00e9lange signature : tropical, acidul\u00e9 et doux.<\/p>\n<p>&nbsp;<\/p>\n<h3 id=\"brxe-najhln\" class=\"brxe-heading\">Foire aux questions (FAQ)<\/h3>\n<div id=\"brxe-rajiac\" class=\"brxe-text\">\n<p><strong>Q : Quels modes de paiement acceptez-vous ?<\/strong><br \/>\nR\u00a0: Nous acceptons PayPal, Stripe, les virements bancaires (pris en charge par SEPA), les principales cartes de cr\u00e9dit (Visa, MasterCard, American Express) et les paiements en crypto-monnaie.<\/p>\n<p><strong>Q : Combien de temps prend la pr\u00e9paration d\u2019une commande ?<\/strong><br \/>\nR : La pr\u00e9paration de la commande prend 1 \u00e0 3 jours ouvrables.<\/p>\n<p><strong>Q : Quel est le d\u00e9lai de livraison ?<\/strong><br \/>\nR : Le d\u00e9lai de livraison est de 7 \u00e0 14 jours ouvrables, selon votre emplacement. Les marchandises exp\u00e9di\u00e9es depuis des entrep\u00f4ts europ\u00e9ens prennent g\u00e9n\u00e9ralement 3 \u00e0 6 jours ouvrables pour \u00eatre livr\u00e9es.<\/p>\n<p><strong>Q : Comment puis-je suivre ma commande ?<\/strong><br \/>\nR : Apr\u00e8s l'exp\u00e9dition, vous recevrez un e-mail de confirmation avec un num\u00e9ro de suivi pour un suivi en temps r\u00e9el.<\/p>\n<p><strong>Q : Quelle est votre politique de retour ?<\/strong><br \/>\nR : Nous proposons une politique de retour de 30 jours pour les remboursements ou les \u00e9changes. .<\/p>\n<p><strong>Q : Y aura-t-il des probl\u00e8mes douaniers ?<br \/>\n<\/strong>Nous prenons en charge toutes les proc\u00e9dures de d\u00e9douanement pour vous garantir une exp\u00e9rience sans tracas. .<\/p>\n<p><strong>Q : Quelles m\u00e9thodes d\u2019exp\u00e9dition sont utilis\u00e9es ?<\/strong><br \/>\nNous coop\u00e9rons avec UPS\/DHL\/FEDEX\/DPD, etc. Nous choisirons l'option d'exp\u00e9dition appropri\u00e9e en fonction du pays de livraison pour garantir que vous recevez vos produits le plus rapidement possible.<\/p>\n<p><a href=\"https:\/\/pgvape.com\/fr\/faq\/\">Cliquez ici pour plus de FAQ<\/a><\/p>\n<p>Chers clients, Si vous avez des questions concernant votre commande ou l'arriv\u00e9e des marchandises, n'h\u00e9sitez pas \u00e0 contacter notre service client. Merci !<\/p>\n<h3 data-sourcepos=\"73:1-73:21\"><strong data-sourcepos=\"73:7-73:21\">Contactez-nous<\/strong><\/h3>\n<div id=\"text-2419739398\" class=\"text\">\n<p><strong data-sourcepos=\"75:3-75:12\">E-mail<\/strong>:\u00a0<a href=\"mailto:support@pgvape.com\"><strong>support@pgvape.com<\/strong><\/a><\/p>\n<p><strong data-sourcepos=\"76:3-76:15\">WhatsApp<\/strong>:\u00a0<a href=\"https:\/\/wa.me\/+8618128481258\"><strong>+86 18128481258<\/strong><\/a><br \/>\n<strong>(R\u00e9ponse sous 24h les jours ouvr\u00e9s)<\/strong><\/p>\n<\/div>\n<h3><strong>Merci d'avoir choisi pgvape.com ! .<\/strong><\/h3>\n<\/div>","protected":false},"excerpt":{"rendered":"<p><strong>VOPK BTC 35K<\/strong>\u2014<strong>35 000 bouff\u00e9es<\/strong>, <strong>22 ml d'huile min\u00e9rale<\/strong>, <strong>Double maille 0,8 \u03a9<\/strong>, <strong>puissance et d\u00e9bit d'air r\u00e9glables<\/strong>, <strong>\u00c9cran incurv\u00e9 \u00e0 360\u00b0<\/strong>.<strong>Tournez l'\u00e9vent, augmentez la puissance, go\u00fbtez le kiwi.<\/strong><\/p>","protected":false},"featured_media":8152,"comment_status":"open","ping_status":"closed","template":"","meta":{"_seopress_robots_primary_cat":"","_seopress_titles_title":"","_seopress_titles_desc":"","_seopress_robots_index":""},"product_brand":[516,218],"product_cat":[197,515,31],"product_tag":[342,537,536,90,415,535],"class_list":{"0":"post-8139","1":"product","2":"type-product","3":"status-publish","4":"has-post-thumbnail","6":"product_brand-disposable-vape","7":"product_brand-vopk-vape","8":"product_cat-35k-puffs-vape","9":"product_cat-disposable-vape","10":"product_cat-vopk-vape","11":"product_tag-35k-puffs-vape","12":"product_tag-360-curved-screen","13":"product_tag-adjustable-airflow-power","14":"product_tag-disposable-vape","15":"product_tag-dual-mode","16":"product_tag-vopk-btc-35000","18":"first","19":"instock","20":"sale","21":"shipping-taxable","22":"purchasable","23":"product-type-variable"},"_links":{"self":[{"href":"https:\/\/pgvape.com\/fr\/wp-json\/wp\/v2\/product\/8139","targetHints":{"allow":["GET"]}}],"collection":[{"href":"https:\/\/pgvape.com\/fr\/wp-json\/wp\/v2\/product"}],"about":[{"href":"https:\/\/pgvape.com\/fr\/wp-json\/wp\/v2\/types\/product"}],"replies":[{"embeddable":true,"href":"https:\/\/pgvape.com\/fr\/wp-json\/wp\/v2\/comments?post=8139"}],"wp:featuredmedia":[{"embeddable":true,"href":"https:\/\/pgvape.com\/fr\/wp-json\/wp\/v2\/media\/8152"}],"wp:attachment":[{"href":"https:\/\/pgvape.com\/fr\/wp-json\/wp\/v2\/media?parent=8139"}],"wp:term":[{"taxonomy":"product_brand","embeddable":true,"href":"https:\/\/pgvape.com\/fr\/wp-json\/wp\/v2\/product_brand?post=8139"},{"taxonomy":"product_cat","embeddable":true,"href":"https:\/\/pgvape.com\/fr\/wp-json\/wp\/v2\/product_cat?post=8139"},{"taxonomy":"product_tag","embeddable":true,"href":"https:\/\/pgvape.com\/fr\/wp-json\/wp\/v2\/product_tag?post=8139"}],"curies":[{"name":"wp","href":"https:\/\/api.w.org\/{rel}","templated":true}]}}