{"id":8084,"date":"2025-12-23T09:35:42","date_gmt":"2025-12-23T09:35:42","guid":{"rendered":"https:\/\/pgvape.com\/?post_type=product&#038;p=8084"},"modified":"2026-03-15T13:36:50","modified_gmt":"2026-03-15T13:36:50","slug":"airmez-fox-140000-140k-bouffees-6-en-1-saveurs-vape-jetable-systeme-de-dosettes-de-saveur-rotatives-0-2-3-5-nicotine-10-gouts-affichage-led-usine-de-vape-en-gros","status":"publish","type":"product","link":"https:\/\/pgvape.com\/fr\/produit\/airmez-fox-140000-140k-bouffees-6-en-1-saveurs-vape-jetable-systeme-de-dosettes-de-saveur-rotatives-0-2-3-5-nicotine-10-gouts-affichage-led-usine-de-vape-en-gros\/","title":{"rendered":"Airmez FOX 140000 140K Puffs 6 EN 1 Saveurs Vape jetable Syst\u00e8me de dosettes de saveurs rotatives 0% 2% 3% 5% Nicotine 10Taste LED Dispaly Vape Factory Wholesale"},"content":{"rendered":"<p><strong data-sourcepos=\"6:10-6:31\">Airmez Renard 6-en-1<\/strong> \u2014 une v\u00e9ritable centrale du vapotage jetable, con\u00e7ue pour la long\u00e9vit\u00e9, la vari\u00e9t\u00e9 des saveurs et un contr\u00f4le intelligent. <strong data-sourcepos=\"6:157-6:173\">140 000 bouff\u00e9es<\/strong> capacit\u00e9 et une innovation <strong data-sourcepos=\"6:201-6:224\">embout rotatif<\/strong> qui bascule entre six dosettes de saveur, cet appareil offre une valeur et une commodit\u00e9 exceptionnelles. <strong data-sourcepos=\"6:426-6:449\">R\u00e9servoirs e-liquide de 15 ml<\/strong> (45 ml au total) garantissent des performances constantes pendant des semaines.<\/p>\n<p>&nbsp;<\/p>\n<h2><span style=\"font-size: 90%;\">Airmez FOX 140000 140K souffle 6 EN 1 saveurs Vape jetable <\/span>Caract\u00e9ristiques:<\/h2>\n<p><strong data-sourcepos=\"13:6-13:33\">6 saveurs dans un seul appareil<\/strong>\u00a0\u2013 Basculez facilement entre plusieurs dosettes de saveur en tournant l\u2019embout buccal.<\/p>\n<p><strong data-sourcepos=\"14:7-14:30\">\u00c9cran d'affichage complet<\/strong>\u00a0\u2013 Visualisez la dur\u00e9e de vie de la batterie, le nombre de bouff\u00e9es et la saveur active en un coup d\u2019\u0153il.<\/p>\n<p><strong data-sourcepos=\"15:6-15:41\">Batterie 650 mAh + chargement USB-C<\/strong>\u00a0\u2013 Recharges rapides, alimentation fiable toute la journ\u00e9e.<\/p>\n<p><strong data-sourcepos=\"16:6-16:29\">45 ml de e-liquide total<\/strong>\u00a0\u2013 Trois dosettes rechargeables de 15 ml offrent une utilisation prolong\u00e9e.<\/p>\n<p><strong data-sourcepos=\"17:6-17:24\">Bobine de maille 1,0 \u03a9<\/strong>\u00a0\u2013 Vapeur douce et riche et lib\u00e9ration de saveur constante.<\/p>\n<p><strong data-sourcepos=\"18:6-18:41\">10 collections de saveurs disponibles<\/strong>\u00a0\u2013 Des m\u00e9langes de fruits savamment m\u00e9lang\u00e9s pour tous les palais.<\/p>\n<p><strong data-sourcepos=\"19:6-19:23\">140 000 bouff\u00e9es<\/strong>\u00a0\u2013 Dur\u00e9e de vie exceptionnelle pour le vapoteur de longue dur\u00e9e.<\/p>\n<p><strong data-sourcepos=\"20:6-20:28\">Compacte et portative<\/strong>\u00a0\u2013 Conception l\u00e9g\u00e8re et ergonomique parfaite pour une utilisation en d\u00e9placement.<\/p>\n<p>&nbsp;<\/p>\n<h3><span style=\"font-size: 90%;\">Airmez FOX 140000 140K souffle 6 EN 1 saveurs Vape jetable <\/span>Liste des saveurs\u00a0:<\/h3>\n<p>1. Glace aux cerises et au cola et glace \u00e0 la mangue<\/p>\n<p>2.Dragonfruit Ice &amp; Fruity Fusion &amp; Framboise Past\u00e8que<\/p>\n<p>3.Love 66 &amp; Limonade aux baies et cerise p\u00e9tillante<\/p>\n<p>4. Baies m\u00e9lang\u00e9es, limonade Blue Razz et baies de cerise<\/p>\n<p>5.Love 66 &amp; Fraise Kiwi &amp; P\u00eache Mangue<\/p>\n<p>6. Glace \u00e0 la p\u00eache et glace \u00e0 la mangue et Dr Blue<\/p>\n<p>7. Fraise Banane &amp; Vimto &amp; Myrtille Cerise Canneberge<\/p>\n<p>8. Glace aux fraises, limonade rose et bingo \u00e9cras\u00e9<\/p>\n<p>9. Past\u00e8que aux fraises, triple melon et glace Blue Razz<\/p>\n<p>10. Glace \u00e0 la past\u00e8que, \u00e9crasement de bingo et baies m\u00e9lang\u00e9es<\/p>\n<p data-sourcepos=\"52:1-52:120\"><em data-sourcepos=\"52:1-52:120\">(Chaque ensemble comprend trois dosettes de saveurs, chacune contenant deux saveurs distinctes, soit un total de six options de saveurs par appareil.)<img loading=\"lazy\" decoding=\"async\" class=\"alignnone wp-image-8100 size-full\" src=\"https:\/\/pgvape.com\/wp-content\/uploads\/2025\/12\/Airmez-FOX-140000-140K-Puffs-6-IN-1-Flavors-Disposable-Vape-0-2-3-5-Nicotine-10Taste-LED-Dispaly-Vape-Factory-Wholesale-14.png\" alt=\"Banni\u00e8re jaune vif repr\u00e9sentant des bouteilles de vape jetables Airmez FOX 6-en-1 de couleurs pastel align\u00e9es, avec des diagrammes de mode de saveur sur la gauche.\" width=\"2000\" height=\"624\" srcset=\"https:\/\/pgvape.com\/wp-content\/uploads\/2025\/12\/Airmez-FOX-140000-140K-Puffs-6-IN-1-Flavors-Disposable-Vape-0-2-3-5-Nicotine-10Taste-LED-Dispaly-Vape-Factory-Wholesale-14.png 2000w, https:\/\/pgvape.com\/wp-content\/uploads\/2025\/12\/Airmez-FOX-140000-140K-Puffs-6-IN-1-Flavors-Disposable-Vape-0-2-3-5-Nicotine-10Taste-LED-Dispaly-Vape-Factory-Wholesale-14-555x173.png 555w, https:\/\/pgvape.com\/wp-content\/uploads\/2025\/12\/Airmez-FOX-140000-140K-Puffs-6-IN-1-Flavors-Disposable-Vape-0-2-3-5-Nicotine-10Taste-LED-Dispaly-Vape-Factory-Wholesale-14-595x186.png 595w, https:\/\/pgvape.com\/wp-content\/uploads\/2025\/12\/Airmez-FOX-140000-140K-Puffs-6-IN-1-Flavors-Disposable-Vape-0-2-3-5-Nicotine-10Taste-LED-Dispaly-Vape-Factory-Wholesale-14-400x125.png 400w, https:\/\/pgvape.com\/wp-content\/uploads\/2025\/12\/Airmez-FOX-140000-140K-Puffs-6-IN-1-Flavors-Disposable-Vape-0-2-3-5-Nicotine-10Taste-LED-Dispaly-Vape-Factory-Wholesale-14-768x240.png 768w, https:\/\/pgvape.com\/wp-content\/uploads\/2025\/12\/Airmez-FOX-140000-140K-Puffs-6-IN-1-Flavors-Disposable-Vape-0-2-3-5-Nicotine-10Taste-LED-Dispaly-Vape-Factory-Wholesale-14-1536x479.png 1536w, https:\/\/pgvape.com\/wp-content\/uploads\/2025\/12\/Airmez-FOX-140000-140K-Puffs-6-IN-1-Flavors-Disposable-Vape-0-2-3-5-Nicotine-10Taste-LED-Dispaly-Vape-Factory-Wholesale-14-18x6.png 18w, https:\/\/pgvape.com\/wp-content\/uploads\/2025\/12\/Airmez-FOX-140000-140K-Puffs-6-IN-1-Flavors-Disposable-Vape-0-2-3-5-Nicotine-10Taste-LED-Dispaly-Vape-Factory-Wholesale-14-600x187.png 600w\" sizes=\"auto, (max-width: 2000px) 100vw, 2000px\" \/><\/em><\/p>\n<p>&nbsp;<\/p>\n<h3><span style=\"font-size: 90%;\">Airmez FOX 140000 140K souffle 6 EN 1 saveurs Vape jetable <strong>Vid\u00e9o:<\/strong><\/span><\/h3>\n<p><iframe loading=\"lazy\" title=\"Airmez FOX 140K Puffs 6 en 1 saveurs jetables Vape LED affichage Vape usine en gros pgvape\" width=\"1020\" height=\"574\" src=\"https:\/\/www.youtube.com\/embed\/1pZDOi-C2qM?feature=oembed\" frameborder=\"0\" allow=\"accelerometer; autoplay; clipboard-write; encrypted-media; gyroscope; picture-in-picture; web-share\" referrerpolicy=\"strict-origin-when-cross-origin\" allowfullscreen><\/iframe><\/p>\n<p>&nbsp;<\/p>\n<h2><span style=\"font-size: 90%;\">FAQ sur Airmez FOX 140000 140K Puffs 6 IN 1 Saveurs Vape jetable<\/span><\/h2>\n<p>\u2753 <strong class=\"\">Combien de bouff\u00e9es par appareil ?<\/strong><br \/>\n\u2705 \u00c9valu\u00e9 en usine <strong>140 000 bouff\u00e9es<\/strong>-des mois de vapotage quotidien.<\/p>\n<p>\u2753 <strong class=\"\">Comment changer les saveurs ?<\/strong><br \/>\n\u2705 <strong class=\"\">Faire pivoter l'embout buccal<\/strong>-basculez instantan\u00e9ment entre <strong>six pre-filled blends<\/strong>.<\/p>\n<p>\u2753 <strong>Est-ce rechargeable ?<\/strong><br \/>\n\u2705 <strong class=\"\">650 mAh<\/strong> batterie + <strong>Type-C<\/strong> port; charge compl\u00e8te en ~ 30 min.<\/p>\n<p>\u2753 <strong class=\"\">Quels sont les dosages de nicotine propos\u00e9s ?<\/strong><br \/>\n\u2705 <strong>2 %, 3 %, 5 %<\/strong> nic-salt \u2014 choisissez \u00e0 la caisse.<\/p>\n<p>\u2753 <strong>Comment puis-je surveiller la batterie ou le jus ?<\/strong><br \/>\n\u2705 <strong>Grand \u00e9cran LED<\/strong> montre <strong>batterie<\/strong>, <strong class=\"\">nombre de bouff\u00e9es<\/strong> et <strong>saveur active<\/strong>.<\/p>\n<p>\u2753 <strong class=\"\">L'appareil fuit-il ?<\/strong><br \/>\n\u2705 <strong class=\"\">R\u00e9servoirs \u00e9tanches ind\u00e9pendants<\/strong>-pas de fuite de saveurs crois\u00e9es.<\/p>\n<p>&nbsp;<\/p>\n<h3 id=\"brxe-najhln\" class=\"brxe-heading\">Foire aux questions (FAQ)<\/h3>\n<div id=\"brxe-rajiac\" class=\"brxe-text\">\n<p><strong>Q : Quels modes de paiement acceptez-vous ?<\/strong><br \/>\nR\u00a0: Nous acceptons PayPal, Stripe, les virements bancaires (pris en charge par SEPA), les principales cartes de cr\u00e9dit (Visa, MasterCard, American Express) et les paiements en crypto-monnaie.<\/p>\n<p><strong>Q : Combien de temps prend la pr\u00e9paration d\u2019une commande ?<\/strong><br \/>\nR : La pr\u00e9paration de la commande prend 1 \u00e0 3 jours ouvrables.<\/p>\n<p><strong>Q : Quel est le d\u00e9lai de livraison ?<\/strong><br \/>\nR : Le d\u00e9lai de livraison est de 7 \u00e0 14 jours ouvrables, selon votre emplacement. Les marchandises exp\u00e9di\u00e9es depuis des entrep\u00f4ts europ\u00e9ens prennent g\u00e9n\u00e9ralement 3 \u00e0 6 jours ouvrables pour \u00eatre livr\u00e9es.<\/p>\n<p><strong>Q : Comment puis-je suivre ma commande ?<\/strong><br \/>\nR : Apr\u00e8s l'exp\u00e9dition, vous recevrez un e-mail de confirmation avec un num\u00e9ro de suivi pour un suivi en temps r\u00e9el.<\/p>\n<p><strong>Q : Quelle est votre politique de retour ?<\/strong><br \/>\nR : Nous proposons une politique de retour de 30 jours pour les remboursements ou les \u00e9changes. .<\/p>\n<p><strong>Q : Y aura-t-il des probl\u00e8mes douaniers ?<br \/>\n<\/strong>Nous prenons en charge toutes les proc\u00e9dures de d\u00e9douanement pour vous garantir une exp\u00e9rience sans tracas. .<\/p>\n<p><strong>Q : Quelles m\u00e9thodes d\u2019exp\u00e9dition sont utilis\u00e9es ?<\/strong><br \/>\nNous coop\u00e9rons avec UPS\/DHL\/FEDEX\/DPD, etc. Nous choisirons l'option d'exp\u00e9dition appropri\u00e9e en fonction du pays de livraison pour garantir que vous recevez vos produits le plus rapidement possible.<\/p>\n<p><a href=\"https:\/\/pgvape.com\/fr\/faq\/\">Cliquez ici pour plus de FAQ<\/a><\/p>\n<p>Chers clients, Si vous avez des questions concernant votre commande ou l'arriv\u00e9e des marchandises, n'h\u00e9sitez pas \u00e0 contacter notre service client. Merci !<\/p>\n<h3 data-sourcepos=\"73:1-73:21\"><strong data-sourcepos=\"73:7-73:21\">Contactez-nous<\/strong><\/h3>\n<div id=\"text-2419739398\" class=\"text\">\n<p><strong data-sourcepos=\"75:3-75:12\">E-mail<\/strong>:\u00a0<a href=\"mailto:support@pgvape.com\"><strong>support@pgvape.com<\/strong><\/a><\/p>\n<p><strong data-sourcepos=\"76:3-76:15\">WhatsApp<\/strong>:\u00a0<a href=\"https:\/\/wa.me\/+8618128481258\"><strong>+86 18128481258<\/strong><\/a><br \/>\n<strong>(R\u00e9ponse sous 24h les jours ouvr\u00e9s)<\/strong><\/p>\n<\/div>\n<h3><strong>Merci d'avoir choisi pgvape.com ! .<\/strong><\/h3>\n<\/div>","protected":false},"excerpt":{"rendered":"<p><strong>Airmez Renard<\/strong>\u2014<strong>140K puffs<\/strong>, <strong>45 ml<\/strong>, <strong>6-in-1 twist<\/strong>, <strong>bobine de maille<\/strong>, <strong>Type-C<\/strong>, <strong>Affichage LED<\/strong>.<strong>Faites pivoter une fois, vapotez de six fa\u00e7ons, dure des mois.<\/strong><\/p>","protected":false},"featured_media":8087,"comment_status":"open","ping_status":"closed","template":"","meta":{"_seopress_robots_primary_cat":"","_seopress_titles_title":"","_seopress_titles_desc":"","_seopress_robots_index":""},"product_brand":[154,516],"product_cat":[529,155,515],"product_tag":[531,253,530,90,532],"class_list":{"0":"post-8084","1":"product","2":"type-product","3":"status-publish","4":"has-post-thumbnail","6":"product_brand-airmez-fox-vape","7":"product_brand-disposable-vape","8":"product_cat-140k-puffs-vape","9":"product_cat-airmez-fox-vape","10":"product_cat-disposable-vape","11":"product_tag-140k-puffs-vape","12":"product_tag-6-in-1-flavors","13":"product_tag-airmez-fox-140000","14":"product_tag-disposable-vape","15":"product_tag-rotating-flavor-pod-system","17":"first","18":"instock","19":"sale","20":"shipping-taxable","21":"purchasable","22":"product-type-variable"},"_links":{"self":[{"href":"https:\/\/pgvape.com\/fr\/wp-json\/wp\/v2\/product\/8084","targetHints":{"allow":["GET"]}}],"collection":[{"href":"https:\/\/pgvape.com\/fr\/wp-json\/wp\/v2\/product"}],"about":[{"href":"https:\/\/pgvape.com\/fr\/wp-json\/wp\/v2\/types\/product"}],"replies":[{"embeddable":true,"href":"https:\/\/pgvape.com\/fr\/wp-json\/wp\/v2\/comments?post=8084"}],"wp:featuredmedia":[{"embeddable":true,"href":"https:\/\/pgvape.com\/fr\/wp-json\/wp\/v2\/media\/8087"}],"wp:attachment":[{"href":"https:\/\/pgvape.com\/fr\/wp-json\/wp\/v2\/media?parent=8084"}],"wp:term":[{"taxonomy":"product_brand","embeddable":true,"href":"https:\/\/pgvape.com\/fr\/wp-json\/wp\/v2\/product_brand?post=8084"},{"taxonomy":"product_cat","embeddable":true,"href":"https:\/\/pgvape.com\/fr\/wp-json\/wp\/v2\/product_cat?post=8084"},{"taxonomy":"product_tag","embeddable":true,"href":"https:\/\/pgvape.com\/fr\/wp-json\/wp\/v2\/product_tag?post=8084"}],"curies":[{"name":"wp","href":"https:\/\/api.w.org\/{rel}","templated":true}]}}