{"id":8025,"date":"2025-12-23T07:17:14","date_gmt":"2025-12-23T07:17:14","guid":{"rendered":"https:\/\/pgvape.com\/?post_type=product&#038;p=8025"},"modified":"2026-03-15T13:36:50","modified_gmt":"2026-03-15T13:36:50","slug":"stag-bar-nexus-60000-60k-bouffees-vape-jetable-2-5nicotines-10gout-expedition-depuis-lusine-de-vape-de-lue-directement","status":"publish","type":"product","link":"https:\/\/pgvape.com\/fr\/produit\/stag-bar-nexus-60000-60k-bouffees-vape-jetable-2-5nicotines-10gout-expedition-depuis-lusine-de-vape-de-lue-directement\/","title":{"rendered":"Stag Bar Nexus 60000 60K Puffs Vape jetable 2% 5%Nicotines 10Taste Exp\u00e9dition depuis l'UE Vape Factory Direct"},"content":{"rendered":"<p data-sourcepos=\"1:1-2:81\"><strong data-sourcepos=\"2:1-2:81\">Stagbar Nexus 60K | 60 000 bouff\u00e9es | 50 ml pr\u00e9remplis | Stock UE | Indicateur LED<br \/>\n<\/strong>Con\u00e7u pour l'endurance et la commodit\u00e9, le <strong data-sourcepos=\"4:42-4:63\">Barre de cerf Nexus 60K<\/strong> red\u00e9finit le vapotage \u00e0 long terme avec un \u00e9norme <strong data-sourcepos=\"4:106-4:121\">60 000 bouff\u00e9es<\/strong> capacit\u00e9 h\u00e9berg\u00e9e dans un seul appareil pr\u00eat \u00e0 l\u2019emploi. <strong data-sourcepos=\"4:188-4:208\">50mL of e-liquid<\/strong> et aliment\u00e9 par un durable <strong data-sourcepos=\"4:234-4:265\">Batterie rechargeable de 850 mAh<\/strong>, il est con\u00e7u pour r\u00e9duire consid\u00e9rablement la fr\u00e9quence de remplacement. <strong data-sourcepos=\"4:342-4:365\">Indicateur d'alimentation LED<\/strong> et le chargement USB-C s'ajoutent \u00e0 sa conception conviviale, offrant des performances fiables jour apr\u00e8s jour. .<\/p>\n<p>&nbsp;<\/p>\n<h2><span style=\"font-size: 90%;\">Sp\u00e9cifications de la vape jetable Stag Bar Nexus 60000 60K Puffs<\/span><\/h2>\n<p><strong data-sourcepos=\"10:6-10:30\">60,000 Puff Capacity<\/strong>\u00a0\u2013 Long\u00e9vit\u00e9 exceptionnelle pour les utilisateurs intensifs et fr\u00e9quents.<\/p>\n<p><strong data-sourcepos=\"11:6-11:41\">Batterie 850 mAh + chargement USB-C<\/strong>\u00a0\u2013 Puissance longue dur\u00e9e avec capacit\u00e9 de recharge rapide.<\/p>\n<p><strong data-sourcepos=\"12:6-12:29\">Indicateur d'alimentation LED<\/strong> \u2013 \u00c9tat de la batterie simple et d\u2019un seul coup d\u2019\u0153il.<\/p>\n<p><strong data-sourcepos=\"13:6-13:33\">Exp\u00e9di\u00e9 depuis l'entrep\u00f4t de l'UE<\/strong>\u00a0\u2013 Livraison rapide et conforme sans retard douanier.<\/p>\n<p><strong data-sourcepos=\"14:6-14:24\">Bobine de maille de 0,9 \u03a9<\/strong>\u00a0\u2013 Production de vapeur douce et savoureuse.<\/p>\n<p><strong data-sourcepos=\"15:5-15:33\">E-liquide pr\u00e9rempli de 50 ml<\/strong>\u00a0\u2013 Pr\u00eat \u00e0 l\u2019emploi d\u00e8s la sortie de la bo\u00eete.<\/p>\n<p>&nbsp;<\/p>\n<h3><span style=\"font-size: 90%;\">Liste des saveurs de vape jetables Stag Bar Nexus 60000 60K Puffs\u00a0:<\/span><\/h3>\n<p>1. Glace \u00e0 la past\u00e8que<\/p>\n<p>2.Blueberry Raspberry Ice<\/p>\n<p>3. Baies m\u00e9lang\u00e9es<\/p>\n<p>4. Raisin Fraise<\/p>\n<p>5.Kiwi aux fraises<\/p>\n<p>6.AMOUR 66<\/p>\n<p>7. Past\u00e8que Framboise<\/p>\n<p>8.Citron Lime<\/p>\n<p>9.P\u00eache Mangue<\/p>\n<p>10.Red Bull<img loading=\"lazy\" decoding=\"async\" class=\"alignnone wp-image-8051 size-full\" src=\"https:\/\/pgvape.com\/wp-content\/uploads\/2025\/12\/Stag-Bar-Nexus-60000-60K-Puffs-Disposable-Vape-Shipment-from-EU-Free-Shipping-Vape-Factory-Direct-14.png\" alt=\"Grille d&#039;affiches de saveurs Stagbar Nexus pr\u00e9sentant des graphismes sur le th\u00e8me des fruits et un appareil de vape dans chaque carte sur des fonds d\u00e9grad\u00e9s color\u00e9s.\" width=\"1500\" height=\"1500\" srcset=\"https:\/\/pgvape.com\/wp-content\/uploads\/2025\/12\/Stag-Bar-Nexus-60000-60K-Puffs-Disposable-Vape-Shipment-from-EU-Free-Shipping-Vape-Factory-Direct-14.png 1500w, https:\/\/pgvape.com\/wp-content\/uploads\/2025\/12\/Stag-Bar-Nexus-60000-60K-Puffs-Disposable-Vape-Shipment-from-EU-Free-Shipping-Vape-Factory-Direct-14-360x360.png 360w, https:\/\/pgvape.com\/wp-content\/uploads\/2025\/12\/Stag-Bar-Nexus-60000-60K-Puffs-Disposable-Vape-Shipment-from-EU-Free-Shipping-Vape-Factory-Direct-14-595x595.png 595w, https:\/\/pgvape.com\/wp-content\/uploads\/2025\/12\/Stag-Bar-Nexus-60000-60K-Puffs-Disposable-Vape-Shipment-from-EU-Free-Shipping-Vape-Factory-Direct-14-400x400.png 400w, https:\/\/pgvape.com\/wp-content\/uploads\/2025\/12\/Stag-Bar-Nexus-60000-60K-Puffs-Disposable-Vape-Shipment-from-EU-Free-Shipping-Vape-Factory-Direct-14-768x768.png 768w, https:\/\/pgvape.com\/wp-content\/uploads\/2025\/12\/Stag-Bar-Nexus-60000-60K-Puffs-Disposable-Vape-Shipment-from-EU-Free-Shipping-Vape-Factory-Direct-14-12x12.png 12w, https:\/\/pgvape.com\/wp-content\/uploads\/2025\/12\/Stag-Bar-Nexus-60000-60K-Puffs-Disposable-Vape-Shipment-from-EU-Free-Shipping-Vape-Factory-Direct-14-300x300.png 300w, https:\/\/pgvape.com\/wp-content\/uploads\/2025\/12\/Stag-Bar-Nexus-60000-60K-Puffs-Disposable-Vape-Shipment-from-EU-Free-Shipping-Vape-Factory-Direct-14-600x600.png 600w, https:\/\/pgvape.com\/wp-content\/uploads\/2025\/12\/Stag-Bar-Nexus-60000-60K-Puffs-Disposable-Vape-Shipment-from-EU-Free-Shipping-Vape-Factory-Direct-14-100x100.png 100w\" sizes=\"auto, (max-width: 1500px) 100vw, 1500px\" \/><\/p>\n<p>&nbsp;<\/p>\n<h3 class=\"auto-hide-last-sibling-br paragraph-pP9ZLC paragraph-element br-paragraph-space\">Pourquoi choisir l'entrep\u00f4t europ\u00e9en PGVape\u00a0?<\/h3>\n<p>Exp\u00e9dition rapide : livraison dans la plupart des pays de l\u2019UE sous 3 \u00e0 7 jours ouvrables.<\/p>\n<p>Livraison hors taxes : le stock local de l\u2019UE garantit une exp\u00e9dition fluide et hors taxes.<\/p>\n<p>Garantie authentique 100% : V\u00e9ritables e-cigarettes Stag Bar provenant de fournisseurs certifi\u00e9s.<\/p>\n<p>Inventaire frais\u00a0: stock\u00e9 dans des conditions contr\u00f4l\u00e9es pour garantir une qualit\u00e9 optimale.<\/p>\n<p>Approuv\u00e9 par les Europ\u00e9ens\u00a0: des milliers de clients b\u00e9n\u00e9ficient des services de cigarettes \u00e9lectroniques rapides et s\u00e9curis\u00e9s de PGVape.<\/p>\n<p>&nbsp;<\/p>\n<h2>FAQ sur la vape jetable Stag Bar Nexus 60000 60K Puffs<\/h2>\n<p>\u2753 <strong>Combien de bouff\u00e9es par appareil ?<\/strong><br \/>\n\u2705 \u00c9valu\u00e9 en usine <strong>60 000 bouff\u00e9es<\/strong>\u2013 des semaines, voire des mois, de vapotage quotidien.<\/p>\n<p>\u2753 <strong>How big is the e-liquid tank?<\/strong><br \/>\n\u2705 <strong>50 ml<\/strong>\u2014l'une des plus grandes capacit\u00e9s jetables du march\u00e9.<\/p>\n<p>\u2753 <strong>Est-ce rechargeable ?<\/strong><br \/>\n\u2705 <strong>850 mAh<\/strong> batterie + <strong>Type-C<\/strong> port; charge compl\u00e8te en ~ 30 min.<\/p>\n<p>\u2753 <strong>Quels sont les dosages de nicotine disponibles ?<\/strong><br \/>\n\u2705 <strong>2 %<\/strong> b\u00e9nin, <strong>5 %<\/strong> fort \u2013 choisissez \u00e0 la caisse.<\/p>\n<p>\u2753 <strong>Comment v\u00e9rifier la batterie ou le jus ?<\/strong><br \/>\n\u2705 <strong>LED smart screen<\/strong> affiche les deux niveaux en temps r\u00e9el.<\/p>\n<p>\u2753 <strong class=\"\">D'o\u00f9 est-il exp\u00e9di\u00e9\u00a0?<\/strong><br \/>\n\u2705 <strong>Entrep\u00f4t de l'UE<\/strong>\u2014livraison rapide, fiable et sans douane dans toute l'Europe.<\/p>\n<p>&nbsp;<\/p>\n<h3 id=\"brxe-najhln\" class=\"brxe-heading\">Foire aux questions (FAQ)<\/h3>\n<div id=\"brxe-rajiac\" class=\"brxe-text\">\n<p><strong>Q : Quels modes de paiement acceptez-vous ?<\/strong><br \/>\nR\u00a0: Nous acceptons PayPal, Stripe, les virements bancaires (pris en charge par SEPA), les principales cartes de cr\u00e9dit (Visa, MasterCard, American Express) et les paiements en crypto-monnaie.<\/p>\n<p><strong>Q : Combien de temps prend la pr\u00e9paration d\u2019une commande ?<\/strong><br \/>\nR : La pr\u00e9paration de la commande prend 1 \u00e0 3 jours ouvrables.<\/p>\n<p><strong>Q : Quel est le d\u00e9lai de livraison ?<\/strong><br \/>\nR : Le d\u00e9lai de livraison est de 7 \u00e0 14 jours ouvrables, selon votre emplacement. Les marchandises exp\u00e9di\u00e9es depuis des entrep\u00f4ts europ\u00e9ens prennent g\u00e9n\u00e9ralement 3 \u00e0 6 jours ouvrables pour \u00eatre livr\u00e9es.<\/p>\n<p><strong>Q : Comment puis-je suivre ma commande ?<\/strong><br \/>\nR : Apr\u00e8s l'exp\u00e9dition, vous recevrez un e-mail de confirmation avec un num\u00e9ro de suivi pour un suivi en temps r\u00e9el.<\/p>\n<p><strong>Q : Quelle est votre politique de retour ?<\/strong><br \/>\nR : Nous proposons une politique de retour de 30 jours pour les remboursements ou les \u00e9changes. .<\/p>\n<p><strong>Q : Y aura-t-il des probl\u00e8mes douaniers ?<br \/>\n<\/strong>Nous prenons en charge toutes les proc\u00e9dures de d\u00e9douanement pour vous garantir une exp\u00e9rience sans tracas. .<\/p>\n<p><strong>Q : Quelles m\u00e9thodes d\u2019exp\u00e9dition sont utilis\u00e9es ?<\/strong><br \/>\nNous coop\u00e9rons avec UPS\/DHL\/FEDEX\/DPD, etc. Nous choisirons l'option d'exp\u00e9dition appropri\u00e9e en fonction du pays de livraison pour garantir que vous recevez vos produits le plus rapidement possible.<\/p>\n<p><a href=\"https:\/\/pgvape.com\/fr\/faq\/\">Cliquez ici pour plus de FAQ<\/a><\/p>\n<p>Chers clients, Si vous avez des questions concernant votre commande ou l'arriv\u00e9e des marchandises, n'h\u00e9sitez pas \u00e0 contacter notre service client. Merci !<\/p>\n<h3 data-sourcepos=\"73:1-73:21\"><strong data-sourcepos=\"73:7-73:21\">Contactez-nous<\/strong><\/h3>\n<div id=\"text-2419739398\" class=\"text\">\n<p><strong data-sourcepos=\"75:3-75:12\">E-mail<\/strong>:\u00a0<a href=\"mailto:support@pgvape.com\"><strong>support@pgvape.com<\/strong><\/a><\/p>\n<p><strong data-sourcepos=\"76:3-76:15\">WhatsApp<\/strong>:\u00a0<a href=\"https:\/\/wa.me\/+8618128481258\"><strong>+86 18128481258<\/strong><\/a><br \/>\n<strong>(R\u00e9ponse sous 24h les jours ouvr\u00e9s)<\/strong><\/p>\n<\/div>\n<h3><strong>Merci d'avoir choisi pgvape.com ! .<\/strong><\/h3>\n<\/div>\n<p>&nbsp;<\/p>\n<p>&nbsp;<\/p>","protected":false},"excerpt":{"rendered":"<p>Stagbar Nexus 60K is a high-capacity disposable vape with 60,000 puffs, 50ml e-liquid, 0.9\u03a9 mesh coil, 850mAh Type-C rechargeable battery, and EU-based shipping\u2014offering extreme longevity, convenience, and compliance for discerning vapers.<\/p>","protected":false},"featured_media":8257,"comment_status":"open","ping_status":"closed","template":"","meta":{"_seopress_robots_primary_cat":"none","_seopress_titles_title":"","_seopress_titles_desc":"","_seopress_robots_index":""},"product_brand":[516,193],"product_cat":[48,515,192],"product_tag":[315,90,203,528],"class_list":{"0":"post-8025","1":"product","2":"type-product","3":"status-publish","4":"has-post-thumbnail","6":"product_brand-disposable-vape","7":"product_brand-stag-bar-vape","8":"product_cat-60k-puffs-vape","9":"product_cat-disposable-vape","10":"product_cat-stag-bar-vape","11":"product_tag-60k-puffs-vape","12":"product_tag-disposable-vape","13":"product_tag-shipment-from-eu","14":"product_tag-stag-bar-nexus-60000","16":"first","17":"instock","18":"sale","19":"shipping-taxable","20":"purchasable","21":"product-type-variable"},"_links":{"self":[{"href":"https:\/\/pgvape.com\/fr\/wp-json\/wp\/v2\/product\/8025","targetHints":{"allow":["GET"]}}],"collection":[{"href":"https:\/\/pgvape.com\/fr\/wp-json\/wp\/v2\/product"}],"about":[{"href":"https:\/\/pgvape.com\/fr\/wp-json\/wp\/v2\/types\/product"}],"replies":[{"embeddable":true,"href":"https:\/\/pgvape.com\/fr\/wp-json\/wp\/v2\/comments?post=8025"}],"wp:featuredmedia":[{"embeddable":true,"href":"https:\/\/pgvape.com\/fr\/wp-json\/wp\/v2\/media\/8257"}],"wp:attachment":[{"href":"https:\/\/pgvape.com\/fr\/wp-json\/wp\/v2\/media?parent=8025"}],"wp:term":[{"taxonomy":"product_brand","embeddable":true,"href":"https:\/\/pgvape.com\/fr\/wp-json\/wp\/v2\/product_brand?post=8025"},{"taxonomy":"product_cat","embeddable":true,"href":"https:\/\/pgvape.com\/fr\/wp-json\/wp\/v2\/product_cat?post=8025"},{"taxonomy":"product_tag","embeddable":true,"href":"https:\/\/pgvape.com\/fr\/wp-json\/wp\/v2\/product_tag?post=8025"}],"curies":[{"name":"wp","href":"https:\/\/api.w.org\/{rel}","templated":true}]}}