{"id":7998,"date":"2025-12-22T14:15:23","date_gmt":"2025-12-22T14:15:23","guid":{"rendered":"https:\/\/pgvape.com\/?post_type=product&#038;p=7998"},"modified":"2026-02-20T18:01:05","modified_gmt":"2026-02-20T18:01:05","slug":"stag-bar-triple-pro-75000-75k-bouffees-3-en-1-triple-rotation-de-saveur-expedition-de-vape-jetable-depuis-lue-led-ecran-intelligent-vape-usine-directe","status":"publish","type":"product","link":"https:\/\/pgvape.com\/fr\/produit\/stag-bar-triple-pro-75000-75k-bouffees-3-en-1-triple-rotation-de-saveur-expedition-de-vape-jetable-depuis-lue-led-ecran-intelligent-vape-usine-directe\/","title":{"rendered":"Stag Bar Triple Pro 75000 75k Puffs 3 en 1 Vape jetable \u00e0 rotation triple saveur Exp\u00e9dition depuis l'UE LED Smart Screen Vape Factory Direct"},"content":{"rendered":"<p data-sourcepos=\"1:1-2:66\"><strong data-sourcepos=\"2:1-2:66\">Stagbar 75K | Rotation triple saveur | \u00c9cran LED | Stock UE <\/strong>D\u00e9couvrez le Stagbar 75K \u2013 un vapo jetable de grande capacit\u00e9 con\u00e7u pour des performances durables et une vari\u00e9t\u00e9 de saveurs. <strong data-sourcepos=\"4:126-4:141\">75 000 bouff\u00e9es<\/strong> dur\u00e9e de vie et un <strong data-sourcepos=\"4:157-4:190\">syst\u00e8me de rotation \u00e0 trois saveurs<\/strong>, c\u2019est une puissance de commodit\u00e9 et d\u2019endurance. .<\/p>\n<p>&nbsp;<\/p>\n<h2><span style=\"font-size: 90%;\">Stag Bar Triple Pro 75000 75k Puffs 3 en 1 Saveurs Vape jetable Sp\u00e9cifications<\/span><\/h2>\n<p><strong data-sourcepos=\"9:6-9:27\">Pod triple saveur<\/strong>\u00a0\u2013 Basculez facilement entre trois saveurs pr\u00e9-remplies.<\/p>\n<p><strong data-sourcepos=\"10:7-10:27\">\u00c9cran intelligent LED<\/strong>\u00a0\u2013 Connaissez toujours vos niveaux de batterie et d\u2019e-liquide en un coup d\u2019\u0153il.<\/p>\n<p><strong data-sourcepos=\"11:6-11:41\">Batterie 650 mAh + chargement USB-C<\/strong>\u00a0\u2013 Recharges rapides, puissance longue dur\u00e9e.<\/p>\n<p><strong data-sourcepos=\"12:5-12:25\">Bobine \u00e0 triple maille<\/strong>\u00a0\u2013 Saveur intense, vapeur dense et performances constantes.<\/p>\n<p><strong data-sourcepos=\"13:6-13:33\">Exp\u00e9di\u00e9 depuis l'entrep\u00f4t de l'UE<\/strong>\u00a0\u2013 Livraison rapide et conforme aux taxes dans toute l\u2019Europe.<\/p>\n<p><strong data-sourcepos=\"14:6-14:22\">75 000 bouff\u00e9es<\/strong>\u00a0\u2013 Long\u00e9vit\u00e9 exceptionnelle pour une utilisation prolong\u00e9e.<\/p>\n<p>&nbsp;<\/p>\n<h3><span style=\"font-size: 90%;\">Stag Bar Triple Pro 75000 75k Puffs 3 en 1 Saveurs Liste des saveurs de vape jetables<\/span><\/h3>\n<p>1. Glace aux fraises, kiwi, myrtille et glace \u00e0 la past\u00e8que<\/p>\n<p>2.Blue Razz Ice &amp; Canneberge Raisin &amp; Fraise Past\u00e8que<\/p>\n<p>3. Glace aux fraises, raisins, framboises, past\u00e8que et myrtilles<\/p>\n<p>4.Triple Melon &amp; Peach Mango Pineapple &amp; Strawberry Ice<\/p>\n<p>5. Glace aux bleuets et glace aux cerises et citron vert<\/p>\n<p>6.Framboise, Past\u00e8que, Fraise, Kiwi et Glace Blue Razz<\/p>\n<p>7. Glace aux cerises, fraises, kiwi et double pomme<\/p>\n<p>8. Bubble Gum \u00e0 la past\u00e8que, glace Blue Razz et triple melon<\/p>\n<p>9. Glace aux fraises et glace \u00e0 la past\u00e8que et citron vert<\/p>\n<p>10. Past\u00e8que Glace &amp; Fraise Raisin &amp; P\u00eache Mangue Ananas<img loading=\"lazy\" decoding=\"async\" class=\"alignnone wp-image-8003 size-full\" src=\"https:\/\/pgvape.com\/wp-content\/uploads\/2025\/12\/Stagbar-Triple-Pro-75000-75k-Puffs-3-in-1-Flavors-Disposable-Vape-Hipment-From-EU-Free-Shipping-Vape-Factory-Direct-3.png\" alt=\"Gamme color\u00e9e de vapes jetables Stagbar Triple Pro mettant en vedette des personnages de singes de dessins anim\u00e9s, avec 75 000 bouff\u00e9es, 3 en 1 et le logo EU Warehouse.\" width=\"1500\" height=\"483\" srcset=\"https:\/\/pgvape.com\/wp-content\/uploads\/2025\/12\/Stagbar-Triple-Pro-75000-75k-Puffs-3-in-1-Flavors-Disposable-Vape-Hipment-From-EU-Free-Shipping-Vape-Factory-Direct-3.png 1500w, https:\/\/pgvape.com\/wp-content\/uploads\/2025\/12\/Stagbar-Triple-Pro-75000-75k-Puffs-3-in-1-Flavors-Disposable-Vape-Hipment-From-EU-Free-Shipping-Vape-Factory-Direct-3-555x179.png 555w, https:\/\/pgvape.com\/wp-content\/uploads\/2025\/12\/Stagbar-Triple-Pro-75000-75k-Puffs-3-in-1-Flavors-Disposable-Vape-Hipment-From-EU-Free-Shipping-Vape-Factory-Direct-3-595x192.png 595w, https:\/\/pgvape.com\/wp-content\/uploads\/2025\/12\/Stagbar-Triple-Pro-75000-75k-Puffs-3-in-1-Flavors-Disposable-Vape-Hipment-From-EU-Free-Shipping-Vape-Factory-Direct-3-400x129.png 400w, https:\/\/pgvape.com\/wp-content\/uploads\/2025\/12\/Stagbar-Triple-Pro-75000-75k-Puffs-3-in-1-Flavors-Disposable-Vape-Hipment-From-EU-Free-Shipping-Vape-Factory-Direct-3-768x247.png 768w, https:\/\/pgvape.com\/wp-content\/uploads\/2025\/12\/Stagbar-Triple-Pro-75000-75k-Puffs-3-in-1-Flavors-Disposable-Vape-Hipment-From-EU-Free-Shipping-Vape-Factory-Direct-3-18x6.png 18w, https:\/\/pgvape.com\/wp-content\/uploads\/2025\/12\/Stagbar-Triple-Pro-75000-75k-Puffs-3-in-1-Flavors-Disposable-Vape-Hipment-From-EU-Free-Shipping-Vape-Factory-Direct-3-600x193.png 600w\" sizes=\"auto, (max-width: 1500px) 100vw, 1500px\" \/><\/p>\n<p>&nbsp;<\/p>\n<h3><span style=\"font-size: 90%;\">Vid\u00e9o de vape jetable Stag Bar Triple Pro 75000 75k Puffs 3 en 1\u00a0:<\/span><\/h3>\n<p>&nbsp;<\/p>\n<h3 class=\"auto-hide-last-sibling-br paragraph-pP9ZLC paragraph-element br-paragraph-space\">Pourquoi choisir l'entrep\u00f4t europ\u00e9en PGVape\u00a0?<\/h3>\n<p>Exp\u00e9dition rapide : livraison dans la plupart des pays de l\u2019UE sous 3 \u00e0 7 jours ouvrables.<\/p>\n<p>Livraison hors taxes : le stock local de l\u2019UE garantit une exp\u00e9dition fluide et hors taxes.<\/p>\n<p>Garantie authentique 100%\u00a0: authentique <span style=\"font-size: 90%;\">Barre de cerf <\/span>cigarettes \u00e9lectroniques provenant de fournisseurs certifi\u00e9s.<\/p>\n<p>Inventaire frais\u00a0: stock\u00e9 dans des conditions contr\u00f4l\u00e9es pour garantir une qualit\u00e9 optimale.<\/p>\n<p>Approuv\u00e9 par les Europ\u00e9ens\u00a0: des milliers de clients b\u00e9n\u00e9ficient des services de cigarettes \u00e9lectroniques rapides et s\u00e9curis\u00e9s de PGVape.<\/p>\n<p>&nbsp;<\/p>\n<h2 class=\"header-vfC6AV auto-hide-last-sibling-br\"><span style=\"font-size: 90%;\">FAQ sur Stag Bar Triple Pro 75000 75k Puffs 3 en 1 Saveurs Vape jetable<\/span><\/h2>\n<p>\u2753 <strong>Combien de bouff\u00e9es au total ?<\/strong><br \/>\n\u2705 \u00c9valu\u00e9 en usine <strong>75 000 bouff\u00e9es<\/strong>-des semaines \u00e0 des mois d'utilisation.<\/p>\n<p>\u2753 <strong class=\"\">Comment changer les saveurs ?<\/strong><br \/>\n\u2705 <strong>S\u00e9lecteur 3 en 1<\/strong>-tournez ou cliquez pour sauter entre <strong>trois saveurs pr\u00e9-remplies<\/strong>.<\/p>\n<p>\u2753 <strong class=\"\">Est-ce rechargeable ?<\/strong><br \/>\n\u2705 <strong>650 mAh<\/strong> batterie + <strong>Type-C<\/strong> port; charge compl\u00e8te en ~ 30 min.<\/p>\n<p>\u2753 <strong>Comment v\u00e9rifier la batterie ou le jus ?<\/strong><br \/>\n\u2705 <strong>LED smart screen<\/strong> affiche les deux niveaux en temps r\u00e9el.<\/p>\n<p>\u2753 <strong>D'o\u00f9 est-il exp\u00e9di\u00e9\u00a0?<\/strong><br \/>\n\u2705 <strong>Entrep\u00f4t de l'UE<\/strong>\u2014livraison rapide dans toute l\u2019Europe.<\/p>\n<p>&nbsp;<\/p>\n<h3 id=\"brxe-najhln\" class=\"brxe-heading\">Foire aux questions (FAQ)<\/h3>\n<div id=\"brxe-rajiac\" class=\"brxe-text\">\n<p><strong>Q : Quels modes de paiement acceptez-vous ?<\/strong><br \/>\nR\u00a0: Nous acceptons PayPal, Stripe, les virements bancaires (pris en charge par SEPA), les principales cartes de cr\u00e9dit (Visa, MasterCard, American Express) et les paiements en crypto-monnaie.<\/p>\n<p><strong>Q : Combien de temps prend la pr\u00e9paration d\u2019une commande ?<\/strong><br \/>\nR : La pr\u00e9paration de la commande prend 1 \u00e0 3 jours ouvrables.<\/p>\n<p><strong>Q : Quel est le d\u00e9lai de livraison ?<\/strong><br \/>\nR : Le d\u00e9lai de livraison est de 7 \u00e0 14 jours ouvrables, selon votre emplacement.<\/p>\n<p><strong>Q : Comment puis-je suivre ma commande ?<\/strong><br \/>\nR : Apr\u00e8s l'exp\u00e9dition, vous recevrez un e-mail de confirmation avec un num\u00e9ro de suivi pour un suivi en temps r\u00e9el.<\/p>\n<p><strong>Q : Quelle est votre politique de retour ?<\/strong><br \/>\nR : Nous proposons une politique de retour de 30 jours pour les remboursements ou les \u00e9changes. .<\/p>\n<p><strong>Q : Y aura-t-il des probl\u00e8mes douaniers ?<br \/>\n<\/strong>Nous prenons en charge toutes les proc\u00e9dures de d\u00e9douanement pour vous garantir une exp\u00e9rience sans tracas. .<\/p>\n<p><strong>Q : Quelles m\u00e9thodes d\u2019exp\u00e9dition sont utilis\u00e9es ?<\/strong><br \/>\nNous coop\u00e9rons avec UPS\/DHL\/FEDEX\/DPD, etc. Nous choisirons l'option d'exp\u00e9dition appropri\u00e9e en fonction du pays de livraison pour garantir que vous recevez vos produits le plus rapidement possible.<\/p>\n<p><a href=\"https:\/\/pgvape.com\/fr\/faq\/\">Cliquez ici pour plus de FAQ<\/a><\/p>\n<p>Chers clients, Si vous avez des questions concernant votre commande ou l'arriv\u00e9e des marchandises, n'h\u00e9sitez pas \u00e0 contacter notre service client. Merci !<\/p>\n<h3 data-sourcepos=\"73:1-73:21\"><strong data-sourcepos=\"73:7-73:21\">Contactez-nous<\/strong><\/h3>\n<div id=\"text-2419739398\" class=\"text\">\n<p><strong data-sourcepos=\"75:3-75:12\">E-mail<\/strong>:\u00a0<a href=\"mailto:support@pgvape.com\"><strong>support@pgvape.com<\/strong><\/a><\/p>\n<p><strong data-sourcepos=\"76:3-76:15\">WhatsApp<\/strong>:\u00a0<a href=\"https:\/\/wa.me\/+8618128481258\"><strong>+86 18128481258<\/strong><\/a><br \/>\n<strong>(R\u00e9ponse sous 24h les jours ouvr\u00e9s)<\/strong><\/p>\n<\/div>\n<h3><strong>Merci d'avoir choisi pgvape.com ! .<\/strong><\/h3>\n<\/div>","protected":false},"excerpt":{"rendered":"<p><strong>Barre de cerf 75K<\/strong>\u2014<strong>75 000 bouff\u00e9es<\/strong>, <strong>triple maille<\/strong>, <strong>3 saveurs<\/strong>, <strong>Type-C<\/strong>, <strong>\u00e9cran intelligent<\/strong>, <strong>Stock UE<\/strong>.<strong>Choisissez-en trois, vapotez longtemps, exp\u00e9diez rapidement.<\/strong><\/p>","protected":false},"featured_media":8001,"comment_status":"open","ping_status":"closed","template":"","meta":{"_seopress_robots_primary_cat":"none","_seopress_titles_title":"","_seopress_titles_desc":"","_seopress_robots_index":""},"product_brand":[516,193],"product_cat":[326,515,192],"product_tag":[526,525,90,203,524],"class_list":{"0":"post-7998","1":"product","2":"type-product","3":"status-publish","4":"has-post-thumbnail","6":"product_brand-disposable-vape","7":"product_brand-stag-bar-vape","8":"product_cat-75k-puffs-vape","9":"product_cat-disposable-vape","10":"product_cat-stag-bar-vape","11":"product_tag-3-in-1-triple-flavor-rotation","12":"product_tag-75k-puffs-vape","13":"product_tag-disposable-vape","14":"product_tag-shipment-from-eu","15":"product_tag-stag-bar-triple-pro-75000","17":"first","18":"outofstock","19":"sale","20":"shipping-taxable","21":"purchasable","22":"product-type-variable"},"_links":{"self":[{"href":"https:\/\/pgvape.com\/fr\/wp-json\/wp\/v2\/product\/7998","targetHints":{"allow":["GET"]}}],"collection":[{"href":"https:\/\/pgvape.com\/fr\/wp-json\/wp\/v2\/product"}],"about":[{"href":"https:\/\/pgvape.com\/fr\/wp-json\/wp\/v2\/types\/product"}],"replies":[{"embeddable":true,"href":"https:\/\/pgvape.com\/fr\/wp-json\/wp\/v2\/comments?post=7998"}],"wp:featuredmedia":[{"embeddable":true,"href":"https:\/\/pgvape.com\/fr\/wp-json\/wp\/v2\/media\/8001"}],"wp:attachment":[{"href":"https:\/\/pgvape.com\/fr\/wp-json\/wp\/v2\/media?parent=7998"}],"wp:term":[{"taxonomy":"product_brand","embeddable":true,"href":"https:\/\/pgvape.com\/fr\/wp-json\/wp\/v2\/product_brand?post=7998"},{"taxonomy":"product_cat","embeddable":true,"href":"https:\/\/pgvape.com\/fr\/wp-json\/wp\/v2\/product_cat?post=7998"},{"taxonomy":"product_tag","embeddable":true,"href":"https:\/\/pgvape.com\/fr\/wp-json\/wp\/v2\/product_tag?post=7998"}],"curies":[{"name":"wp","href":"https:\/\/api.w.org\/{rel}","templated":true}]}}