{"id":7965,"date":"2025-12-19T10:44:48","date_gmt":"2025-12-19T10:44:48","guid":{"rendered":"https:\/\/pgvape.com\/?post_type=product&#038;p=7965"},"modified":"2026-03-15T13:36:50","modified_gmt":"2026-03-15T13:36:50","slug":"bang-legend-geek-60000-60k-puffs-disposable-vape-adjustable-airflow-turbo-mode-0-5-nicotine-12tastes-smart-screen-vape-factory-wholesale","status":"publish","type":"product","link":"https:\/\/pgvape.com\/fr\/produit\/bang-legend-geek-60000-60k-puffs-disposable-vape-adjustable-airflow-turbo-mode-0-5-nicotine-12tastes-smart-screen-vape-factory-wholesale\/","title":{"rendered":"Bang Legend Geek 60000 60K Puffs Vape jetable D\u00e9bit d'air r\u00e9glable et mode Turbo 0% \u2013 5% Nicotine 12 Go\u00fbts \u00c9cran intelligent Vape Usine de vente en gros"},"content":{"rendered":"<p>Bang Legend Geek 60000 60K Puffs jetables\u00a0<strong>Vaper<\/strong>\u00a0est con\u00e7u pour les vapoteurs recherchant des performances et une personnalisation maximales.\u00a0<strong>bobine de maille<\/strong>\u00a0garantit une vapeur douce et une saveur riche et constante.\u00a0<strong>e-liquide<\/strong>\u00a0fen\u00eatre, plus 12 saveurs s\u00e9lectionn\u00e9es, cet appareil \u00e9quilibre le plaisir quotidien avec une valeur \u00e0 long terme, le tout log\u00e9 dans un corps compact et ergonomique id\u00e9al pour une utilisation en d\u00e9placement.<\/p>\n<p>&nbsp;<\/p>\n<h2><span style=\"font-size: 90%;\">Sp\u00e9cifications de la vape jetable Bang Legend Geek 60000 60K Puffs<\/span><\/h2>\n<p><strong>Bouff\u00e9es<\/strong>: Jusqu'\u00e0 <strong class=\"\">60,000<\/strong><\/p>\n<p><strong>E-Liquide<\/strong>: <strong>19 ml<\/strong> pr\u00e9-rempli<\/p>\n<p><strong>Nicotine<\/strong>: <strong class=\"\">2 %, 3 %, 5 %<\/strong> options de sel<\/p>\n<p><strong>Batterie<\/strong>: <strong>850 mAh<\/strong>, <strong>Type-C<\/strong> charge rapide<\/p>\n<p><strong>Bobine<\/strong>: <strong class=\"\">Maille de 1,0 \u03a9<\/strong><\/p>\n<p><strong>Flux d'air<\/strong>: <strong class=\"\">R\u00e9glable<\/strong> (serr\u00e9 \u2192 a\u00e9r\u00e9)<\/p>\n<p><strong>Mode<\/strong>: <strong class=\"\">Turbo<\/strong> augmentation de puissance<\/p>\n<p><strong>Fen\u00eatre<\/strong>: <strong>Clair<\/strong> visionneuse de jus<\/p>\n<p>&nbsp;<\/p>\n<h3><span style=\"font-size: 90%;\">Liste des saveurs de vape jetables Bang Legend Geek 60000 60K Puffs<\/span><\/h3>\n<p>1. Past\u00e8que aux fraises<\/p>\n<p>2. Glace aux bleuets<\/p>\n<p>3. Myrtille Framboise<\/p>\n<p>4. Kiwi aux fraises<\/p>\n<p>5.Fraise Banane<\/p>\n<p>6. Glace au raisin<\/p>\n<p>7.Fraise Mangue<\/p>\n<p>8. Goyave aux fruits de la passion et au kiwi<\/p>\n<p>9.Mamba<\/p>\n<p>10.Amour 66<\/p>\n<p>11. Baies m\u00e9lang\u00e9es<\/p>\n<p>12. Glace \u00e0 la p\u00eache<img loading=\"lazy\" decoding=\"async\" class=\"alignnone wp-image-7982 size-full\" src=\"https:\/\/pgvape.com\/wp-content\/uploads\/2025\/12\/Bang-Legend-Geek-60000-60K-Puffs-Disposable-Vape-Adjustable-Airflow-Turbo-Mode-0\u20135-Nicotine-12Tastes-Smart-Screen-Vape-Factory-Wholesale-2.png\" alt=\"Rang\u00e9es d&#039;appareils de vapotage jetables Bang Legend aux couleurs vives avec des \u00e9tiquettes de saveur, sur un fond violet fluo.\" width=\"1800\" height=\"900\" srcset=\"https:\/\/pgvape.com\/wp-content\/uploads\/2025\/12\/Bang-Legend-Geek-60000-60K-Puffs-Disposable-Vape-Adjustable-Airflow-Turbo-Mode-0\u20135-Nicotine-12Tastes-Smart-Screen-Vape-Factory-Wholesale-2.png 1800w, https:\/\/pgvape.com\/wp-content\/uploads\/2025\/12\/Bang-Legend-Geek-60000-60K-Puffs-Disposable-Vape-Adjustable-Airflow-Turbo-Mode-0\u20135-Nicotine-12Tastes-Smart-Screen-Vape-Factory-Wholesale-2-555x278.png 555w, https:\/\/pgvape.com\/wp-content\/uploads\/2025\/12\/Bang-Legend-Geek-60000-60K-Puffs-Disposable-Vape-Adjustable-Airflow-Turbo-Mode-0\u20135-Nicotine-12Tastes-Smart-Screen-Vape-Factory-Wholesale-2-595x298.png 595w, https:\/\/pgvape.com\/wp-content\/uploads\/2025\/12\/Bang-Legend-Geek-60000-60K-Puffs-Disposable-Vape-Adjustable-Airflow-Turbo-Mode-0\u20135-Nicotine-12Tastes-Smart-Screen-Vape-Factory-Wholesale-2-400x200.png 400w, https:\/\/pgvape.com\/wp-content\/uploads\/2025\/12\/Bang-Legend-Geek-60000-60K-Puffs-Disposable-Vape-Adjustable-Airflow-Turbo-Mode-0\u20135-Nicotine-12Tastes-Smart-Screen-Vape-Factory-Wholesale-2-768x384.png 768w, https:\/\/pgvape.com\/wp-content\/uploads\/2025\/12\/Bang-Legend-Geek-60000-60K-Puffs-Disposable-Vape-Adjustable-Airflow-Turbo-Mode-0\u20135-Nicotine-12Tastes-Smart-Screen-Vape-Factory-Wholesale-2-1536x768.png 1536w, https:\/\/pgvape.com\/wp-content\/uploads\/2025\/12\/Bang-Legend-Geek-60000-60K-Puffs-Disposable-Vape-Adjustable-Airflow-Turbo-Mode-0\u20135-Nicotine-12Tastes-Smart-Screen-Vape-Factory-Wholesale-2-18x9.png 18w, https:\/\/pgvape.com\/wp-content\/uploads\/2025\/12\/Bang-Legend-Geek-60000-60K-Puffs-Disposable-Vape-Adjustable-Airflow-Turbo-Mode-0\u20135-Nicotine-12Tastes-Smart-Screen-Vape-Factory-Wholesale-2-600x300.png 600w\" sizes=\"auto, (max-width: 1800px) 100vw, 1800px\" \/><\/p>\n<p>&nbsp;<\/p>\n<h3><span style=\"font-size: 90%;\">Vape jetable Bang Legend Geek 60000 60K Puffs <strong>Vid\u00e9o:<\/strong><\/span><\/h3>\n<p><iframe loading=\"lazy\" title=\"Bang Legend Geek 60K Puffs Vape jetable D\u00e9bit d&#039;air r\u00e9glable et mode Turbo Usine de gros pgvape\" width=\"1020\" height=\"574\" src=\"https:\/\/www.youtube.com\/embed\/cip3IqgQwM4?feature=oembed\" frameborder=\"0\" allow=\"accelerometer; autoplay; clipboard-write; encrypted-media; gyroscope; picture-in-picture; web-share\" referrerpolicy=\"strict-origin-when-cross-origin\" allowfullscreen><\/iframe><\/p>\n<p>&nbsp;<\/p>\n<h2 class=\"header-vfC6AV auto-hide-last-sibling-br\"><span style=\"font-size: 90%;\">FAQ sur la vape jetable Bang Legend Geek 60000 60K Puffs<\/span><\/h2>\n<p>\u2753Pourquoi choisir le Bang Legend Geek 60000 60K Puffs jetables\u00a0<strong>Vaper<\/strong>?<br \/>\n\u2705 Il d\u00e9livre jusqu'\u00e0 60 000 bouff\u00e9es, offrant une dur\u00e9e de vie ultra longue qui r\u00e9duit les remplacements et maximise la valeur.<\/p>\n<p>\u2753Qu'est-ce qui distingue ses performances\u00a0?<br \/>\n\u2705 Le 1.0\u03a9 <strong style=\"font-size: 14.4px;\">bobine de maille<\/strong><span style=\"font-size: 14.4px;\">\u00a0assure un chauffage rapide, des tirages doux et une saveur riche et constante \u00e0 chaque bouff\u00e9e.<\/span><\/p>\n<p>\u2753Les utilisateurs peuvent-ils personnaliser leur\u00a0<strong>vapoter<\/strong> exp\u00e9rience?<br \/>\n\u2705 Oui, le d\u00e9bit d'air r\u00e9glable et le mode Turbo permettent aux utilisateurs de basculer entre des tirages fluides et des frappes plus puissantes.<\/p>\n<p>\u2753Est-il fiable pour une utilisation quotidienne \u00e0 long terme ?<br \/>\n\u2705Absolument. <strong style=\"font-size: 14.4px;\">vapoter<\/strong><span style=\"font-size: 14.4px;\">\u00a0avec un temps d'arr\u00eat minimal.<\/span><\/p>\n<p>\u2753Pourquoi est-il pratique \u00e0 utiliser ?<br \/>\n\u2705Le clair <strong style=\"font-size: 14.4px;\">e-liquide<\/strong><span style=\"font-size: 14.4px;\">\u00a0la fen\u00eatre et 12 options de saveur rendent le Bang Legend Geek 60000 \u00e0 la fois convivial et tr\u00e8s polyvalent.<\/span><\/p>\n<p>&nbsp;<\/p>\n<h3 id=\"brxe-najhln\" class=\"brxe-heading\">Foire aux questions (FAQ)<\/h3>\n<div id=\"brxe-rajiac\" class=\"brxe-text\">\n<p><strong>Q : Quels modes de paiement acceptez-vous ?<\/strong><br \/>\nR\u00a0: Nous acceptons PayPal, Stripe, les virements bancaires (pris en charge par SEPA), les principales cartes de cr\u00e9dit (Visa, MasterCard, American Express) et les paiements en crypto-monnaie.<\/p>\n<p><strong>Q : Combien de temps prend la pr\u00e9paration d\u2019une commande ?<\/strong><br \/>\nR : La pr\u00e9paration de la commande prend 1 \u00e0 3 jours ouvrables.<\/p>\n<p><strong>Q : Quel est le d\u00e9lai de livraison ?<\/strong><br \/>\nR : Le d\u00e9lai de livraison est de 7 \u00e0 14 jours ouvrables, selon votre emplacement.<\/p>\n<p><strong>Q : Comment puis-je suivre ma commande ?<\/strong><br \/>\nR : Apr\u00e8s l'exp\u00e9dition, vous recevrez un e-mail de confirmation avec un num\u00e9ro de suivi pour un suivi en temps r\u00e9el.<\/p>\n<p><strong>Q : Quelle est votre politique de retour ?<\/strong><br \/>\nR : Nous proposons une politique de retour de 30 jours pour les remboursements ou les \u00e9changes. .<\/p>\n<p><strong>Q : Y aura-t-il des probl\u00e8mes douaniers ?<br \/>\n<\/strong>Nous prenons en charge toutes les proc\u00e9dures de d\u00e9douanement pour vous garantir une exp\u00e9rience sans tracas. .<\/p>\n<p><strong>Q : Quelles m\u00e9thodes d\u2019exp\u00e9dition sont utilis\u00e9es ?<\/strong><br \/>\nNous coop\u00e9rons avec UPS\/DHL\/FEDEX\/DPD, etc. Nous choisirons l'option d'exp\u00e9dition appropri\u00e9e en fonction du pays de livraison pour garantir que vous recevez vos produits le plus rapidement possible.<\/p>\n<p><a href=\"https:\/\/pgvape.com\/fr\/faq\/\">Cliquez ici pour plus de FAQ<\/a><\/p>\n<p>Chers clients, Si vous avez des questions concernant votre commande ou l'arriv\u00e9e des marchandises, n'h\u00e9sitez pas \u00e0 contacter notre service client. Merci !<\/p>\n<h3 data-sourcepos=\"73:1-73:21\"><strong data-sourcepos=\"73:7-73:21\">Contactez-nous<\/strong><\/h3>\n<div id=\"text-2419739398\" class=\"text\">\n<p><strong data-sourcepos=\"75:3-75:12\">E-mail<\/strong>:\u00a0<a href=\"mailto:support@pgvape.com\"><strong>support@pgvape.com<\/strong><\/a><\/p>\n<p><strong data-sourcepos=\"76:3-76:15\">WhatsApp<\/strong>:\u00a0<a href=\"https:\/\/wa.me\/+8618128481258\"><strong>+86 18128481258<\/strong><\/a><br \/>\n<strong>(R\u00e9ponse sous 24h les jours ouvr\u00e9s)<\/strong><\/p>\n<\/div>\n<h3><strong>Merci d'avoir choisi pgvape.com ! .<\/strong><\/h3>\n<\/div>","protected":false},"excerpt":{"rendered":"<p><strong>Bang L\u00e9gende Geek 60K<\/strong>\u2014<strong>60 000 bouff\u00e9es<\/strong>, <strong>19 ml<\/strong>, <strong>Turbo + contr\u00f4le du d\u00e9bit d'air<\/strong>, <strong>bobine de maille<\/strong>, <strong>Type-C<\/strong>, <strong>fen\u00eatre intelligente<\/strong>.<strong class=\"\">La puissance que vous voyez, la saveur que vous ressentez.<\/strong><\/p>","protected":false},"featured_media":7983,"comment_status":"open","ping_status":"closed","template":"","meta":{"_seopress_robots_primary_cat":"","_seopress_titles_title":"","_seopress_titles_desc":"","_seopress_robots_index":""},"product_brand":[72,516],"product_cat":[48,71,515],"product_tag":[315,135,522,90,523],"class_list":{"0":"post-7965","1":"product","2":"type-product","3":"status-publish","4":"has-post-thumbnail","6":"product_brand-bang-legend-vape","7":"product_brand-disposable-vape","8":"product_cat-60k-puffs-vape","9":"product_cat-bang-legend-vape","10":"product_cat-disposable-vape","11":"product_tag-60k-puffs-vape","12":"product_tag-adjustable-airflow","13":"product_tag-bang-legend-geek-60000","14":"product_tag-disposable-vape","15":"product_tag-turbo-mode","17":"first","18":"instock","19":"sale","20":"shipping-taxable","21":"purchasable","22":"product-type-variable"},"_links":{"self":[{"href":"https:\/\/pgvape.com\/fr\/wp-json\/wp\/v2\/product\/7965","targetHints":{"allow":["GET"]}}],"collection":[{"href":"https:\/\/pgvape.com\/fr\/wp-json\/wp\/v2\/product"}],"about":[{"href":"https:\/\/pgvape.com\/fr\/wp-json\/wp\/v2\/types\/product"}],"replies":[{"embeddable":true,"href":"https:\/\/pgvape.com\/fr\/wp-json\/wp\/v2\/comments?post=7965"}],"wp:featuredmedia":[{"embeddable":true,"href":"https:\/\/pgvape.com\/fr\/wp-json\/wp\/v2\/media\/7983"}],"wp:attachment":[{"href":"https:\/\/pgvape.com\/fr\/wp-json\/wp\/v2\/media?parent=7965"}],"wp:term":[{"taxonomy":"product_brand","embeddable":true,"href":"https:\/\/pgvape.com\/fr\/wp-json\/wp\/v2\/product_brand?post=7965"},{"taxonomy":"product_cat","embeddable":true,"href":"https:\/\/pgvape.com\/fr\/wp-json\/wp\/v2\/product_cat?post=7965"},{"taxonomy":"product_tag","embeddable":true,"href":"https:\/\/pgvape.com\/fr\/wp-json\/wp\/v2\/product_tag?post=7965"}],"curies":[{"name":"wp","href":"https:\/\/api.w.org\/{rel}","templated":true}]}}