{"id":7934,"date":"2025-12-17T13:57:20","date_gmt":"2025-12-17T13:57:20","guid":{"rendered":"https:\/\/pgvape.com\/?post_type=product&#038;p=7934"},"modified":"2026-03-15T13:36:50","modified_gmt":"2026-03-15T13:36:50","slug":"bang-king-city-50000-50k-bouffees-vape-jetables-city-points-de-repere-conceptions-0-2-3-5-nicotine-12-gouts-ecran-oled-intelligent-vape-usine-directe","status":"publish","type":"product","link":"https:\/\/pgvape.com\/fr\/produit\/bang-king-city-50000-50k-bouffees-vape-jetables-city-points-de-repere-conceptions-0-2-3-5-nicotine-12-gouts-ecran-oled-intelligent-vape-usine-directe\/","title":{"rendered":"Bang King City 50000 50K Puffs Jetables Vape City Landmark Designs 0% 2% 3% 5% Nicotine 12Tastes Smart OLED Screen Vape Factory Direct"},"content":{"rendered":"<p>Bang King City 50K a l\u2019air vraiment cool \u2013 Ce jetable\u00a0<strong>Vaper<\/strong>\u00a0Pr\u00e9sente des monuments c\u00e9l\u00e8bres de la ville (comme la tour pench\u00e9e de Pise ou la Statue de la Libert\u00e9) pour un design \u00e9l\u00e9gant et accrocheur.\u00a0<strong>E-Liquide<\/strong>\u00a0Capacit\u00e9 et batterie rechargeable de 650 mAh avec chargement de type C pour une r\u00e9cup\u00e9ration d'\u00e9nergie pratique.\u00a0<strong>E-Liquide<\/strong>\u00a0Niveaux en temps r\u00e9el, assurant une fluidit\u00e9\u00a0<strong>Vapoter<\/strong>\u00a0Exp\u00e9rience.\u00a0<strong>Vapoter<\/strong>.<\/p>\n<p>&nbsp;<\/p>\n<h2><span style=\"font-size: 90%;\">Sp\u00e9cifications de la vape jetable Bang King City 50000 50K Puffs<\/span><\/h2>\n<p><strong data-sourcepos=\"11:6-11:29\">Conceptions de villes embl\u00e9matiques<\/strong>\u00a0\u2013 \u0152uvre d\u2019art de style collection visuellement distinctive.<\/p>\n<p><strong data-sourcepos=\"12:6-12:27\">\u00c9cran OLED intelligent<\/strong>\u00a0\u2013 Affiche la dur\u00e9e de vie de la batterie et les niveaux d\u2019e-liquide en temps r\u00e9el.<\/p>\n<p><strong data-sourcepos=\"13:6-13:32\">Batterie massive de 650 mAh<\/strong>\u00a0\u2013 Rechargeable via USB Type-C pour des recharges pratiques.<\/p>\n<p><strong data-sourcepos=\"14:6-14:33\">E-liquide pr\u00e9rempli de 45 ml<\/strong>\u00a0\u2013 Utilisation prolong\u00e9e pour un plaisir durable.<\/p>\n<p><strong data-sourcepos=\"15:6-15:28\">Bobine de maille avanc\u00e9e<\/strong>\u00a0\u2013 Vapeur douce et savoureuse avec un rendement constant.<\/p>\n<p><strong data-sourcepos=\"16:6-16:26\">Options de nicotine<\/strong>\u00a0\u2013 Disponible en 0%, 2%, 3% et 5%.<\/p>\n<p><strong>Caract\u00e9ristique de conception<\/strong>: Designs \u00e9l\u00e9gants de monuments de la ville<\/p>\n<p>&nbsp;<\/p>\n<h3><span style=\"font-size: 90%;\">Liste des saveurs de vape jetables Bang King City 50000 50K Puffs<\/span><\/h3>\n<p>1.M. Bleu<\/p>\n<p>2. Glace bleue Razz<\/p>\n<p>3. Past\u00e8que aux fraises<\/p>\n<p>4. Glace \u00e0 la past\u00e8que<\/p>\n<p>5.Fraise Banane<\/p>\n<p>6. Fruits tropicaux<\/p>\n<p>7. Glace aux trois baies<\/p>\n<p>8. Glace juteuse \u00e0 la p\u00eache<\/p>\n<p>9.Kiwi aux fraises<\/p>\n<p>10.P\u00eache Mangue Past\u00e8que<\/p>\n<p>11. Goyave Kiwi Fruit de la Passion<\/p>\n<p>12. Glace aux raisins<img loading=\"lazy\" decoding=\"async\" class=\"alignnone wp-image-7941 size-full\" src=\"https:\/\/pgvape.com\/wp-content\/uploads\/2025\/12\/Bang-King-City-50000-50K-Puffs-Disposable-Vape-City-Landmark-Designs-0-2-3-5-Nicotine-12Tastes-Vape-Factory-Direct-pgvape-5.png\" alt=\"\" width=\"1500\" height=\"1492\" srcset=\"https:\/\/pgvape.com\/wp-content\/uploads\/2025\/12\/Bang-King-City-50000-50K-Puffs-Disposable-Vape-City-Landmark-Designs-0-2-3-5-Nicotine-12Tastes-Vape-Factory-Direct-pgvape-5.png 1500w, https:\/\/pgvape.com\/wp-content\/uploads\/2025\/12\/Bang-King-City-50000-50K-Puffs-Disposable-Vape-City-Landmark-Designs-0-2-3-5-Nicotine-12Tastes-Vape-Factory-Direct-pgvape-5-362x360.png 362w, https:\/\/pgvape.com\/wp-content\/uploads\/2025\/12\/Bang-King-City-50000-50K-Puffs-Disposable-Vape-City-Landmark-Designs-0-2-3-5-Nicotine-12Tastes-Vape-Factory-Direct-pgvape-5-595x592.png 595w, https:\/\/pgvape.com\/wp-content\/uploads\/2025\/12\/Bang-King-City-50000-50K-Puffs-Disposable-Vape-City-Landmark-Designs-0-2-3-5-Nicotine-12Tastes-Vape-Factory-Direct-pgvape-5-400x398.png 400w, https:\/\/pgvape.com\/wp-content\/uploads\/2025\/12\/Bang-King-City-50000-50K-Puffs-Disposable-Vape-City-Landmark-Designs-0-2-3-5-Nicotine-12Tastes-Vape-Factory-Direct-pgvape-5-768x764.png 768w, https:\/\/pgvape.com\/wp-content\/uploads\/2025\/12\/Bang-King-City-50000-50K-Puffs-Disposable-Vape-City-Landmark-Designs-0-2-3-5-Nicotine-12Tastes-Vape-Factory-Direct-pgvape-5-12x12.png 12w, https:\/\/pgvape.com\/wp-content\/uploads\/2025\/12\/Bang-King-City-50000-50K-Puffs-Disposable-Vape-City-Landmark-Designs-0-2-3-5-Nicotine-12Tastes-Vape-Factory-Direct-pgvape-5-600x597.png 600w, https:\/\/pgvape.com\/wp-content\/uploads\/2025\/12\/Bang-King-City-50000-50K-Puffs-Disposable-Vape-City-Landmark-Designs-0-2-3-5-Nicotine-12Tastes-Vape-Factory-Direct-pgvape-5-100x100.png 100w\" sizes=\"auto, (max-width: 1500px) 100vw, 1500px\" \/><\/p>\n<p>&nbsp;<\/p>\n<h3><span style=\"font-size: 90%;\">Vape jetable de Bang King City 50000 50K Puffs <strong>Vid\u00e9o:<\/strong><\/span><\/h3>\n<p>&nbsp;<\/p>\n<h2 class=\"header-vfC6AV auto-hide-last-sibling-br\"><span style=\"font-size: 90%;\">FAQ sur la vape jetable Bang King City 50000 50K Puffs<\/span><\/h2>\n<p>\u2753Combien de bouff\u00e9es le Bang King City peut-il 50K\u00a0<strong>Vaper<\/strong> Livrer?<br \/>\n\u2705Il offre jusqu'\u00e0 50 000 bouff\u00e9es, offrant une longue dur\u00e9e <strong style=\"font-size: 14.4px;\">Vapoter<\/strong><span style=\"font-size: 14.4px;\">\u00a0Sans remplacements fr\u00e9quents.<\/span><\/p>\n<p>\u2753Qu'est-ce que le\u00a0<strong>E-Liquide<\/strong> Capacit\u00e9 et sp\u00e9cifications de la batterie\u00a0?<br \/>\n\u2705Il a un grand volume de 45 ml <strong style=\"font-size: 14.4px;\">E-Liquide<\/strong><span style=\"font-size: 14.4px;\">\u00a0Capacit\u00e9 et batterie rechargeable de 650 mAh, avec chargement de type C pour plus de commodit\u00e9.<\/span><\/p>\n<p>\u2753Quels dosages de nicotine sont disponibles pour cela\u00a0<strong>Vaper<\/strong>?<br \/>\n\u2705 Choisissez parmi la nicotine 0% \/ 2% \/ 3% \/ 5%, adapt\u00e9e \u00e0 diff\u00e9rents <strong style=\"font-size: 14.4px;\">Vapoter<\/strong><span style=\"font-size: 14.4px;\">\u00a0Pr\u00e9f\u00e9rences.<\/span><\/p>\n<p>\u2753Qu'est-ce qui fait que\u00a0<strong>Vaper<\/strong>\u2019Le design de se d\u00e9marque-t-il ?<br \/>\n\u2705Il pr\u00e9sente des designs \u00e9l\u00e9gants embl\u00e9matiques de la ville (comme la tour pench\u00e9e de Pise ou la statue de la Libert\u00e9), ce qui le rend accrocheur et unique.<\/p>\n<p>\u2753Comment puis-je surveiller la batterie et\u00a0<strong>E-Liquide<\/strong> Les niveaux ?<br \/>\n\u2705L'\u00e9cran int\u00e9gr\u00e9 affiche clairement la dur\u00e9e de vie de la batterie en temps r\u00e9el et <strong style=\"font-size: 14.4px;\">E-Liquide<\/strong><span style=\"font-size: 14.4px;\">\u00a0Niveaux pour une utilisation \u00e9clair\u00e9e.<\/span><\/p>\n<p>\u2753Est-ce que c'est\u00a0<strong>Vaper<\/strong> Facile \u00e0 charger ?<br \/>\n\u2705Oui, il utilise le chargement de type C \u2013 une m\u00e9thode de chargement courante et pratique pour une r\u00e9cup\u00e9ration rapide de l\u2019\u00e9nergie.<\/p>\n<p>\u2753Combien de saveurs sont disponibles pour la s\u00e9lection\u00a0?<br \/>\n\u2705Il existe 12 saveurs diff\u00e9rentes parmi lesquelles choisir, couvrant des profils de go\u00fbts fruit\u00e9s, glac\u00e9s et mixtes.<\/p>\n<p>&nbsp;<\/p>\n<h3 id=\"brxe-najhln\" class=\"brxe-heading\">Foire aux questions (FAQ)<\/h3>\n<div id=\"brxe-rajiac\" class=\"brxe-text\">\n<p><strong>Q : Quels modes de paiement acceptez-vous ?<\/strong><br \/>\nR\u00a0: Nous acceptons PayPal, Stripe, les virements bancaires (pris en charge par SEPA), les principales cartes de cr\u00e9dit (Visa, MasterCard, American Express) et les paiements en crypto-monnaie.<\/p>\n<p><strong>Q : Combien de temps prend la pr\u00e9paration d\u2019une commande ?<\/strong><br \/>\nR : La pr\u00e9paration de la commande prend 1 \u00e0 3 jours ouvrables.<\/p>\n<p><strong>Q : Quel est le d\u00e9lai de livraison ?<\/strong><br \/>\nR : Le d\u00e9lai de livraison est de 7 \u00e0 14 jours ouvrables, selon votre emplacement.<\/p>\n<p><strong>Q : Comment puis-je suivre ma commande ?<\/strong><br \/>\nR : Apr\u00e8s l'exp\u00e9dition, vous recevrez un e-mail de confirmation avec un num\u00e9ro de suivi pour un suivi en temps r\u00e9el.<\/p>\n<p><strong>Q : Quelle est votre politique de retour ?<\/strong><br \/>\nR : Nous proposons une politique de retour de 30 jours pour les remboursements ou les \u00e9changes. .<\/p>\n<p><strong>Q : Y aura-t-il des probl\u00e8mes douaniers ?<br \/>\n<\/strong>Nous prenons en charge toutes les proc\u00e9dures de d\u00e9douanement pour vous garantir une exp\u00e9rience sans tracas. .<\/p>\n<p><strong>Q : Quelles m\u00e9thodes d\u2019exp\u00e9dition sont utilis\u00e9es ?<\/strong><br \/>\nNous coop\u00e9rons avec UPS\/DHL\/FEDEX\/DPD, etc. Nous choisirons l'option d'exp\u00e9dition appropri\u00e9e en fonction du pays de livraison pour garantir que vous recevez vos produits le plus rapidement possible.<\/p>\n<p><a href=\"https:\/\/pgvape.com\/fr\/faq\/\">Cliquez ici pour plus de FAQ<\/a><\/p>\n<p>Chers clients, Si vous avez des questions concernant votre commande ou l'arriv\u00e9e des marchandises, n'h\u00e9sitez pas \u00e0 contacter notre service client. Merci !<\/p>\n<h3 data-sourcepos=\"73:1-73:21\"><strong data-sourcepos=\"73:7-73:21\">Contactez-nous<\/strong><\/h3>\n<div id=\"text-2419739398\" class=\"text\">\n<p><strong data-sourcepos=\"75:3-75:12\">E-mail<\/strong>:\u00a0<a href=\"mailto:support@pgvape.com\"><strong>support@pgvape.com<\/strong><\/a><\/p>\n<p><strong data-sourcepos=\"76:3-76:15\">WhatsApp<\/strong>:\u00a0<a href=\"https:\/\/wa.me\/+8618128481258\"><strong>+86 18128481258<\/strong><\/a><br \/>\n<strong>(R\u00e9ponse sous 24h les jours ouvr\u00e9s)<\/strong><\/p>\n<\/div>\n<h3><strong>Merci d'avoir choisi pgvape.com ! .<\/strong><\/h3>\n<\/div>","protected":false},"excerpt":{"rendered":"<p><strong>Bang King City 50K<\/strong>\u2014<strong>50 000 bouff\u00e9es<\/strong>, <strong>45 ml<\/strong>, <strong>style historique<\/strong>, <strong>\u00e9cran intelligent<\/strong>, <strong>Type-C<\/strong>, <strong>0-5 carte %<\/strong>.<strong>Faites le tour du monde, vapotez la ville.<\/strong><\/p>","protected":false},"featured_media":7937,"comment_status":"open","ping_status":"closed","template":"","meta":{"_seopress_robots_primary_cat":"","_seopress_titles_title":"","_seopress_titles_desc":"","_seopress_robots_index":""},"product_brand":[19,516],"product_cat":[61,18,515],"product_tag":[318,520,521,90],"class_list":{"0":"post-7934","1":"product","2":"type-product","3":"status-publish","4":"has-post-thumbnail","6":"product_brand-bang-king-vape","7":"product_brand-disposable-vape","8":"product_cat-50k-puffs-vape","9":"product_cat-bang-king-vape","10":"product_cat-disposable-vape","11":"product_tag-50k-puffs-vape","12":"product_tag-bang-king-city-50000","13":"product_tag-city-landmark-designs","14":"product_tag-disposable-vape","16":"first","17":"instock","18":"sale","19":"shipping-taxable","20":"purchasable","21":"product-type-variable"},"_links":{"self":[{"href":"https:\/\/pgvape.com\/fr\/wp-json\/wp\/v2\/product\/7934","targetHints":{"allow":["GET"]}}],"collection":[{"href":"https:\/\/pgvape.com\/fr\/wp-json\/wp\/v2\/product"}],"about":[{"href":"https:\/\/pgvape.com\/fr\/wp-json\/wp\/v2\/types\/product"}],"replies":[{"embeddable":true,"href":"https:\/\/pgvape.com\/fr\/wp-json\/wp\/v2\/comments?post=7934"}],"wp:featuredmedia":[{"embeddable":true,"href":"https:\/\/pgvape.com\/fr\/wp-json\/wp\/v2\/media\/7937"}],"wp:attachment":[{"href":"https:\/\/pgvape.com\/fr\/wp-json\/wp\/v2\/media?parent=7934"}],"wp:term":[{"taxonomy":"product_brand","embeddable":true,"href":"https:\/\/pgvape.com\/fr\/wp-json\/wp\/v2\/product_brand?post=7934"},{"taxonomy":"product_cat","embeddable":true,"href":"https:\/\/pgvape.com\/fr\/wp-json\/wp\/v2\/product_cat?post=7934"},{"taxonomy":"product_tag","embeddable":true,"href":"https:\/\/pgvape.com\/fr\/wp-json\/wp\/v2\/product_tag?post=7934"}],"curies":[{"name":"wp","href":"https:\/\/api.w.org\/{rel}","templated":true}]}}