{"id":7904,"date":"2025-12-17T12:50:31","date_gmt":"2025-12-17T12:50:31","guid":{"rendered":"https:\/\/pgvape.com\/?post_type=product&#038;p=7904"},"modified":"2026-03-15T13:36:50","modified_gmt":"2026-03-15T13:36:50","slug":"bang-leader-stoll-300000-300k-bouffees-6-en-1-vape-jetable-0-2-3-5-nicotine-12-gouts-ecran-intelligent-vape-usine-directe","status":"publish","type":"product","link":"https:\/\/pgvape.com\/fr\/produit\/bang-leader-stoll-300000-300k-bouffees-6-en-1-vape-jetable-0-2-3-5-nicotine-12-gouts-ecran-intelligent-vape-usine-directe\/","title":{"rendered":"Bang Leader Stoll 300000 300K Puffs 6 en 1 Vape jetable 0% 2% 3% 5% Nicotine 12 Go\u00fbts \u00c9cran intelligent Vape Factory Direct"},"content":{"rendered":"<p>Bang Leader Stoll change la donne : 300 000 bouff\u00e9es, six saveurs dans un seul pod et une batterie qui dure.\u00a0<strong>Vaper<\/strong>\u00a0Combine une long\u00e9vit\u00e9 in\u00e9gal\u00e9e avec des options de saveurs polyvalentes.\u00a0<strong>Bobines de maille<\/strong>, il offre des nuages \u200b\u200bdoux et plus riches et une saveur intense gr\u00e2ce \u00e0 sa zone de chauffage \u00e9largie.\u00a0<strong>Vapoter<\/strong>\u00a0Solution con\u00e7ue pour une utilisation prolong\u00e9e.<\/p>\n<p>&nbsp;<\/p>\n<h2><span style=\"font-size: 90%;\">Bang Leader Stoll 300000 300K Puffs 6 en 1 Vape jetable Sp\u00e9cifications<\/span><\/h2>\n<p><strong data-sourcepos=\"11:5-11:35\">\u00a0300 000 bouff\u00e9es in\u00e9gal\u00e9es<\/strong>: Capacit\u00e9 de pointe con\u00e7ue pour une long\u00e9vit\u00e9 extr\u00eame.<\/p>\n<p><strong data-sourcepos=\"12:5-12:33\">\u00a06 saveurs dans 1 appareil<\/strong>: Un syst\u00e8me de dosettes rotatives abrite six r\u00e9servoirs d'ar\u00f4mes distincts.<\/p>\n<p><strong data-sourcepos=\"13:5-13:30\">\u00a0\u00c9cran OLED intelligent<\/strong>: Surveillance en temps r\u00e9el du pourcentage de batterie et des niveaux individuels d'e-liquide.<\/p>\n<p><strong data-sourcepos=\"14:5-14:31\">\u00a0Chargement USB-C rapide<\/strong>: La batterie de 650 mAh prend en charge des recharges rapides pour un temps d'arr\u00eat minimal.<\/p>\n<p><strong data-sourcepos=\"15:5-15:31\">\u00a0Bobines de maille avanc\u00e9es<\/strong>: Garantit une saveur riche et une production de vapeur dense de la premi\u00e8re \u00e0 la derni\u00e8re bouff\u00e9e.<\/p>\n<p><strong data-sourcepos=\"16:5-16:34\">\u00a0Nicotine personnalisable<\/strong>: Disponible dans les concentrations de nicotine 0%, 2%, 3% et 5%.<\/p>\n<p><strong data-sourcepos=\"17:5-17:33\">\u00a0Cadran de saveur intuitif<\/strong>: Faites pivoter sans effort entre six chambres de saveurs pr\u00e9-remplies.<\/p>\n<p>&nbsp;<\/p>\n<h3><span style=\"font-size: 90%;\">Bang Leader Stoll 300000 300K Puffs Liste des saveurs de vape jetables 6 en 1<\/span><\/h3>\n<p>1. Glace \u00e0 la past\u00e8que &amp; Red Bull &amp; Fraise Kiwi &amp; Glace aux myrtilles &amp; Citron Lime &amp; Fraise Past\u00e8que<\/p>\n<p>2. Fraise Banane &amp; Double Pomme &amp; Framboise Past\u00e8que &amp; Mangue Aigre Ananas &amp; Fruits Tropicaux &amp; Citron P\u00eache<\/p>\n<p>3. Ananas, noix de coco, bleu Razz, baies m\u00e9lang\u00e9es, mangue, p\u00eache, myrtille, framboise et fraise, vanille.<\/p>\n<p>4. Baies de p\u00eache et triple melon et glace au raisin et glace au dragon noir et glace aux cerises p\u00e9tillantes et ours gommeux<\/p>\n<p>5. Bonbons arc-en-ciel et glace au cola aux cerises et amour 666 et glace \u00e0 la mangue et barbe \u00e0 papa aux bleuets et glace \u00e0 la p\u00eache<\/p>\n<p>6. Glace au litchi \u00e0 l'alo\u00e8s et limonade rose et glace des glaciers et aiguille de pin, menthe et glace au cassis et citron past\u00e8que<\/p>\n<p>7. Glace \u00e0 la past\u00e8que et baies m\u00e9lang\u00e9es, pomme, poire, myrtille, menthe, heure d'\u00e9t\u00e9 et p\u00eache.<\/p>\n<p>8. Boisson \u00e9nergisante &amp; glace \u00e0 la p\u00eache &amp; glace \u00e0 la mangue &amp; baies de Goji &amp; cassis &amp; Mamba<\/p>\n<p>9.Coke aux cerises et framboise aux myrtilles et glace au dragon noir et bonbons arc-en-ciel et glace Fuji et p\u00eache aigre \u00e0 la past\u00e8que<\/p>\n<p>10. Red Bull &amp; Fraise Kiwi &amp; Fraise Banane &amp; Litchi Glace &amp; Past\u00e8que Baies &amp; Fruit de la Passion Mangue<\/p>\n<p>11.Red Bull Cola Glace &amp; Fraise Framboise Cerise &amp; M\u00fbre Fruit du Dragon &amp; Citron Lime &amp; Framboise Pomp &amp; Past\u00e8que Kiwi<\/p>\n<p>12.Cola Ice &amp; Energy Drink &amp; Cherry Ice &amp; Melon Passion Fruit &amp; Blackberry Ice &amp; Apple Kiwi<img loading=\"lazy\" decoding=\"async\" class=\"alignnone wp-image-7909 size-full\" src=\"https:\/\/pgvape.com\/wp-content\/uploads\/2025\/12\/Bang-Leader-Stoll-300000-300K-Puffs-6-in-1-Disposable-Vape-0-2-3-5-Nicotine-12Tastes-Smart-Screen-Vape-Factory-Direct-3.png\" alt=\"\" width=\"1280\" height=\"1518\" srcset=\"https:\/\/pgvape.com\/wp-content\/uploads\/2025\/12\/Bang-Leader-Stoll-300000-300K-Puffs-6-in-1-Disposable-Vape-0-2-3-5-Nicotine-12Tastes-Smart-Screen-Vape-Factory-Direct-3.png 1280w, https:\/\/pgvape.com\/wp-content\/uploads\/2025\/12\/Bang-Leader-Stoll-300000-300K-Puffs-6-in-1-Disposable-Vape-0-2-3-5-Nicotine-12Tastes-Smart-Screen-Vape-Factory-Direct-3-304x360.png 304w, https:\/\/pgvape.com\/wp-content\/uploads\/2025\/12\/Bang-Leader-Stoll-300000-300K-Puffs-6-in-1-Disposable-Vape-0-2-3-5-Nicotine-12Tastes-Smart-Screen-Vape-Factory-Direct-3-595x706.png 595w, https:\/\/pgvape.com\/wp-content\/uploads\/2025\/12\/Bang-Leader-Stoll-300000-300K-Puffs-6-in-1-Disposable-Vape-0-2-3-5-Nicotine-12Tastes-Smart-Screen-Vape-Factory-Direct-3-337x400.png 337w, https:\/\/pgvape.com\/wp-content\/uploads\/2025\/12\/Bang-Leader-Stoll-300000-300K-Puffs-6-in-1-Disposable-Vape-0-2-3-5-Nicotine-12Tastes-Smart-Screen-Vape-Factory-Direct-3-768x911.png 768w, https:\/\/pgvape.com\/wp-content\/uploads\/2025\/12\/Bang-Leader-Stoll-300000-300K-Puffs-6-in-1-Disposable-Vape-0-2-3-5-Nicotine-12Tastes-Smart-Screen-Vape-Factory-Direct-3-10x12.png 10w, https:\/\/pgvape.com\/wp-content\/uploads\/2025\/12\/Bang-Leader-Stoll-300000-300K-Puffs-6-in-1-Disposable-Vape-0-2-3-5-Nicotine-12Tastes-Smart-Screen-Vape-Factory-Direct-3-600x712.png 600w\" sizes=\"auto, (max-width: 1280px) 100vw, 1280px\" \/><\/p>\n<p>&nbsp;<\/p>\n<h3><span style=\"font-size: 90%;\">Bang Leader Stoll 300000 300K Puffs 6 en 1 Vape jetable <strong>Vid\u00e9o:<\/strong><\/span><\/h3>\n<p>&nbsp;<\/p>\n<h2 class=\"header-vfC6AV auto-hide-last-sibling-br\"><span style=\"font-size: 90%;\">FAQ sur Bang Leader Stoll 300000 300K Puffs 6 en 1 Vape jetable<\/span><\/h2>\n<p>\u2753Combien de bouff\u00e9es le Bang Leader peut-il transporter 300 000\u00a0<strong>Vaper<\/strong> Livrer?<br \/>\n\u2705Il offre jusqu'\u00e0 300 000 bouff\u00e9es, offrant une dur\u00e9e de vie ultra longue <strong style=\"font-size: 14.4px;\">Vapoter<\/strong><span style=\"font-size: 14.4px;\">\u00a0Sans remplacements fr\u00e9quents d\u2019appareils.<\/span><\/p>\n<p>\u2753Quels dosages de nicotine sont disponibles pour cela\u00a0<strong>Vaper<\/strong>?<br \/>\n\u2705 Choisissez parmi la nicotine 0% \/ 2% \/ 3% \/ 5% \u2013 s'adapte \u00e0 diff\u00e9rentes pr\u00e9f\u00e9rences, des apports sans nicotine aux apports alternatifs \u00e0 la cigarette.<\/p>\n<p>\u2753Comment puis-je changer de saveur sur le\u00a0<strong>Vaper<\/strong>?<br \/>\n\u2705Il dispose d'un syst\u00e8me de saveurs 6 en 1 \u2013 Basculez facilement entre six saveurs diff\u00e9rentes dans un seul appareil chaque fois que vous souhaitez un changement.<\/p>\n<p>\u2753Quelle est la dur\u00e9e de vie de la batterie et la vitesse de charge du\u00a0<strong>Vaper<\/strong>?<br \/>\n\u2705La batterie de 650 mAh dure toute la journ\u00e9e avec une seule charge et le port de type C permet une charge rapide de 30 minutes pour \u00e9viter les temps d'arr\u00eat.<\/p>\n<p>\u2753Comment le\u00a0<strong>Vaper<\/strong> Garantir une saveur et une vapeur douces\u00a0?<br \/>\n\u2705Il \u00e9quipe <strong style=\"font-size: 14.4px;\">Bobines de maille<\/strong><span style=\"font-size: 14.4px;\">\u00a0Avec une zone de chauffage \u00e9largie, augmentant l'intensit\u00e9 de la saveur et produisant des nuages \u200b\u200b\u200b\u200blisses et plus riches.<\/span><\/p>\n<p>\u2753Comment puis-je surveiller la batterie et\u00a0<strong>E-Liquide<\/strong> Les niveaux ?<br \/>\n\u2705L'\u00e9cran intelligent clair affiche la dur\u00e9e de vie de la batterie en temps r\u00e9el et <strong style=\"font-size: 14.4px;\">E-Liquide<\/strong><span style=\"font-size: 14.4px;\">\u00a0Les niveaux en un coup d'\u0153il, vous gardant le contr\u00f4le.<\/span><\/p>\n<p>\u2753Est-ce que c'est\u00a0<strong>Vaper<\/strong> Convient aux achats en gros\u00a0?<br \/>\n\u2705Oui, il est con\u00e7u pour la vente en gros avec sa capacit\u00e9 de bouff\u00e9e ultra longue, ses options de saveurs polyvalentes et ses performances fiables - id\u00e9al pour les magasins de d\u00e9tail et les commandes group\u00e9es<\/p>\n<p>&nbsp;<\/p>\n<h3 id=\"brxe-najhln\" class=\"brxe-heading\">Foire aux questions (FAQ)<\/h3>\n<div id=\"brxe-rajiac\" class=\"brxe-text\">\n<p><strong>Q : Quels modes de paiement acceptez-vous ?<\/strong><br \/>\nR\u00a0: Nous acceptons PayPal, Stripe, les virements bancaires (pris en charge par SEPA), les principales cartes de cr\u00e9dit (Visa, MasterCard, American Express) et les paiements en crypto-monnaie.<\/p>\n<p><strong>Q : Combien de temps prend la pr\u00e9paration d\u2019une commande ?<\/strong><br \/>\nR : La pr\u00e9paration de la commande prend 1 \u00e0 3 jours ouvrables.<\/p>\n<p><strong>Q : Quel est le d\u00e9lai de livraison ?<\/strong><br \/>\nR : Le d\u00e9lai de livraison est de 7 \u00e0 14 jours ouvrables, selon votre emplacement.<\/p>\n<p><strong>Q : Comment puis-je suivre ma commande ?<\/strong><br \/>\nR : Apr\u00e8s l'exp\u00e9dition, vous recevrez un e-mail de confirmation avec un num\u00e9ro de suivi pour un suivi en temps r\u00e9el.<\/p>\n<p><strong>Q : Quelle est votre politique de retour ?<\/strong><br \/>\nR : Nous proposons une politique de retour de 30 jours pour les remboursements ou les \u00e9changes. .<\/p>\n<p><strong>Q : Y aura-t-il des probl\u00e8mes douaniers ?<br \/>\n<\/strong>Nous prenons en charge toutes les proc\u00e9dures de d\u00e9douanement pour vous garantir une exp\u00e9rience sans tracas. .<\/p>\n<p><strong>Q : Quelles m\u00e9thodes d\u2019exp\u00e9dition sont utilis\u00e9es ?<\/strong><br \/>\nNous coop\u00e9rons avec UPS\/DHL\/FEDEX\/DPD, etc. Nous choisirons l'option d'exp\u00e9dition appropri\u00e9e en fonction du pays de livraison pour garantir que vous recevez vos produits le plus rapidement possible.<\/p>\n<p><a href=\"https:\/\/pgvape.com\/fr\/faq\/\">Cliquez ici pour plus de FAQ<\/a><\/p>\n<p>Chers clients, Si vous avez des questions concernant votre commande ou l'arriv\u00e9e des marchandises, n'h\u00e9sitez pas \u00e0 contacter notre service client. Merci !<\/p>\n<h3 data-sourcepos=\"73:1-73:21\"><strong data-sourcepos=\"73:7-73:21\">Contactez-nous<\/strong><\/h3>\n<div id=\"text-2419739398\" class=\"text\">\n<p><strong data-sourcepos=\"75:3-75:12\">E-mail<\/strong>:\u00a0<a href=\"mailto:support@pgvape.com\"><strong>support@pgvape.com<\/strong><\/a><\/p>\n<p><strong data-sourcepos=\"76:3-76:15\">WhatsApp<\/strong>:\u00a0<a href=\"https:\/\/wa.me\/+8618128481258\"><strong>+86 18128481258<\/strong><\/a><br \/>\n<strong>(R\u00e9ponse sous 24h les jours ouvr\u00e9s)<\/strong><\/p>\n<\/div>\n<h3><strong>Merci d'avoir choisi pgvape.com ! .<\/strong><\/h3>\n<\/div>","protected":false},"excerpt":{"rendered":"<p><strong>Bang Leader Stoll 300K<\/strong>\u2014<strong>300 000 bouff\u00e9es<\/strong>, <strong>65 ml<\/strong>, <strong>6 saveurs<\/strong>, <strong>bobine de maille<\/strong>, <strong>Type-C<\/strong>, <strong>\u00e9cran intelligent<\/strong>.<strong>Tournez, cliquez, vapotez pendant des mois.<\/strong><\/p>","protected":false},"featured_media":7907,"comment_status":"open","ping_status":"closed","template":"","meta":{"_seopress_robots_primary_cat":"none","_seopress_titles_title":"%%post_title%% %%sep%% %%sitetitle%%","_seopress_titles_desc":"","_seopress_robots_index":""},"product_brand":[54,516],"product_cat":[517,32,515],"product_tag":[519,122,518,90,490],"class_list":{"0":"post-7904","1":"product","2":"type-product","3":"status-publish","4":"has-post-thumbnail","6":"product_brand-bang-leader-vape","7":"product_brand-disposable-vape","8":"product_cat-300k-puffs-vape","9":"product_cat-bang-leader-vape","10":"product_cat-disposable-vape","11":"product_tag-300k-puffs-vape","12":"product_tag-6-in-1","13":"product_tag-bang-leader-stoll-300000","14":"product_tag-disposable-vape","15":"product_tag-minimum-2-pieces","17":"first","18":"instock","19":"sale","20":"shipping-taxable","21":"purchasable","22":"product-type-variable"},"_links":{"self":[{"href":"https:\/\/pgvape.com\/fr\/wp-json\/wp\/v2\/product\/7904","targetHints":{"allow":["GET"]}}],"collection":[{"href":"https:\/\/pgvape.com\/fr\/wp-json\/wp\/v2\/product"}],"about":[{"href":"https:\/\/pgvape.com\/fr\/wp-json\/wp\/v2\/types\/product"}],"replies":[{"embeddable":true,"href":"https:\/\/pgvape.com\/fr\/wp-json\/wp\/v2\/comments?post=7904"}],"wp:featuredmedia":[{"embeddable":true,"href":"https:\/\/pgvape.com\/fr\/wp-json\/wp\/v2\/media\/7907"}],"wp:attachment":[{"href":"https:\/\/pgvape.com\/fr\/wp-json\/wp\/v2\/media?parent=7904"}],"wp:term":[{"taxonomy":"product_brand","embeddable":true,"href":"https:\/\/pgvape.com\/fr\/wp-json\/wp\/v2\/product_brand?post=7904"},{"taxonomy":"product_cat","embeddable":true,"href":"https:\/\/pgvape.com\/fr\/wp-json\/wp\/v2\/product_cat?post=7904"},{"taxonomy":"product_tag","embeddable":true,"href":"https:\/\/pgvape.com\/fr\/wp-json\/wp\/v2\/product_tag?post=7904"}],"curies":[{"name":"wp","href":"https:\/\/api.w.org\/{rel}","templated":true}]}}