{"id":780,"date":"2025-09-26T10:31:17","date_gmt":"2025-09-26T10:31:17","guid":{"rendered":"https:\/\/pgvape.com\/?post_type=product&#038;p=780"},"modified":"2026-03-15T14:07:28","modified_gmt":"2026-03-15T14:07:28","slug":"bang-legend-120000-120k-bouffees-5-en-1-saveurs-vape-jetable-saveurs-reglables-vape-direct-usine","status":"publish","type":"product","link":"https:\/\/pgvape.com\/fr\/produit\/bang-legend-120000-120k-bouffees-5-en-1-saveurs-vape-jetable-saveurs-reglables-vape-direct-usine\/","title":{"rendered":"Bang Legend 120000 120K Puffs 5 en 1 Saveurs Vape jetables Saveurs r\u00e9glables Vape Factory Direct"},"content":{"rendered":"<p><strong data-sourcepos=\"2:5-2:54\">Bang Legend 120K Puffs Vape jetable 5-en-1<\/strong> Red\u00e9finit le vapotage avec <strong data-sourcepos=\"2:77-2:105\">120 000 bouff\u00e9es ultra-longues<\/strong> Et <strong data-sourcepos=\"2:110-2:134\">5 saveurs r\u00e9glables<\/strong> Dans des r\u00e9servoirs s\u00e9par\u00e9s. <strong data-sourcepos=\"2:168-2:199\">Batterie rechargeable 850 mAh<\/strong> Et <strong data-sourcepos=\"2:204-2:226\">Syst\u00e8me de bobine \u00e0 5 mailles<\/strong>, il livre <strong data-sourcepos=\"2:240-2:258\">Saveur intense<\/strong> Et <strong data-sourcepos=\"2:263-2:281\">Nuages \u200b\u200bmassifs<\/strong>. <strong data-sourcepos=\"2:287-2:301\">\u00c9cran LED<\/strong> Pistes <strong data-sourcepos=\"2:309-2:325\">Autonomie de la batterie<\/strong> Et <strong data-sourcepos=\"2:330-2:344\">Nombre de bouff\u00e9es<\/strong>, Alors que <strong data-sourcepos=\"2:352-2:376\">Chargement rapide de type C<\/strong> Assure des mises sous tension rapides. <strong data-sourcepos=\"2:415-2:449\">12 combinaisons de saveurs haut de gamme<\/strong>, Emball\u00e9 <strong data-sourcepos=\"2:460-2:473\">10 pi\u00e8ces\/bo\u00eete<\/strong> Pour la vente au d\u00e9tail\/en gros<\/p>\n<p>&nbsp;<\/p>\n<h2><span style=\"font-size: 90%;\">Bang Legend 120000 | 120K Puffs 5 en 1 Saveurs Vape jetable Sp\u00e9cifications du produit<\/span><\/h2>\n<p><strong data-sourcepos=\"7:3-7:17\">Nombre de bouff\u00e9es<\/strong>:\u00a0<strong data-sourcepos=\"7:19-7:36\">120 000 bouff\u00e9es<\/strong><\/p>\n<p><strong data-sourcepos=\"8:3-8:15\">Nicotine<\/strong>:\u00a0<strong data-sourcepos=\"8:17-8:41\">Options 2% \/ 3% \/ 5%<\/strong><\/p>\n<p><strong data-sourcepos=\"9:3-9:15\">E-Liquide<\/strong>:\u00a0<strong data-sourcepos=\"9:17-9:37\">5 r\u00e9servoirs s\u00e9par\u00e9s<\/strong><\/p>\n<p><strong data-sourcepos=\"10:3-10:11\">Bobine<\/strong>:\u00a0<strong data-sourcepos=\"10:13-10:35\">Syst\u00e8me de bobine \u00e0 5 mailles<\/strong><\/p>\n<p><strong data-sourcepos=\"11:3-11:14\">Batterie<\/strong>:\u00a0<strong data-sourcepos=\"11:16-11:39\">850mAh rechargeable<\/strong><\/p>\n<p><strong data-sourcepos=\"12:3-12:15\">Chargement<\/strong>:\u00a0<strong data-sourcepos=\"12:17-12:41\">Chargement rapide de type C<\/strong><\/p>\n<p><strong data-sourcepos=\"13:3-13:14\">Afficher<\/strong>:\u00a0<strong data-sourcepos=\"13:16-13:63\">\u00c9cran LED (batterie\/nombre de bouff\u00e9es\/mode saveur)<\/strong><\/p>\n<p><strong data-sourcepos=\"14:3-14:20\">Syst\u00e8me de saveur<\/strong>:\u00a0<strong data-sourcepos=\"14:22-14:51\">Saveurs r\u00e9glables 5 en 1<\/strong><\/p>\n<p><strong data-sourcepos=\"15:3-15:14\">Emballer<\/strong>:\u00a0<strong data-sourcepos=\"15:16-15:34\">10 appareils\/bo\u00eete<\/strong><\/p>\n<p>&nbsp;<\/p>\n<h3><span style=\"font-size: 90%;\">Bang Legend 120000 | 120K Puffs 5 en 1 Saveurs Liste des saveurs de vape jetables<\/span><\/h3>\n<p>1. Boisson \u00e9nergisante &amp; Myrtille Cerise &amp; Pomme Raisin &amp; Past\u00e8que Fruit du Dragon &amp; Mamba<\/p>\n<p>2. Boisson \u00e9nergisante &amp; glace \u00e0 la p\u00eache &amp; glace \u00e0 la mangue &amp; canneberge raisin &amp; cassis<\/p>\n<p>3. Myrtille Framboise &amp; P\u00eache Mangue Past\u00e8que &amp; Cerise Coke &amp; Raisin M\u00fbre Glace &amp; Mangue P\u00eache Abricot<\/p>\n<p>4. Myrtille Framboise &amp; Black Dragon Ice &amp; Rainbow Candy &amp; Fuji Ice &amp; Past\u00e8que Aigre P\u00eache<\/p>\n<p>5. Glace aux bleuets et kiwi, fruit de la passion, goyave, triple melon, p\u00eache, ananas et baiser passionn\u00e9<\/p>\n<p>6.Glace aux bleuets et gomme \u00e0 bulles de past\u00e8que et pomme aigre Framboise et fruits de lotus Mangue Melon et fruit de la passion Kiwi Lime<\/p>\n<p>7. Glace \u00e0 la past\u00e8que et baies m\u00e9lang\u00e9es et pomme poire et myrtille menthe et heure d'\u00e9t\u00e9<\/p>\n<p>8. Past\u00e8que glac\u00e9e et fraise, mangue et cerise de Californie et myrtille, p\u00eache, glace et baies fra\u00eeches<\/p>\n<p>9. Glace aux fraises, past\u00e8que et raisin, mojito rouge, glace \u00e0 la banane et citron vert<\/p>\n<p>10.Fraise Past\u00e8que &amp; Cantaloup Pomme &amp; Cola Ice &amp; Mangue P\u00eache &amp; Love 66<\/p>\n<p>11.Fraise Kiwi &amp; Fraise Banane &amp; Litchi Glace &amp; Past\u00e8que Baies &amp; Fruit de la Passion Mangue<\/p>\n<p>12.Fraise, kiwi et myrtille, past\u00e8que, fudge d'ours, bubble-gum aux myrtilles et ananas \u00e0 la mangue aigre<\/p>\n<p><img loading=\"lazy\" decoding=\"async\" class=\"alignnone wp-image-809 size-full\" src=\"https:\/\/pgvape.com\/wp-content\/uploads\/2025\/09\/Pgvape-Bang-Legend-120K-Puffs-5-In-1-Flavors-Disposable-Vape-2_\u526f\u672c.png\" alt=\"Douze canettes jetables de style vape aux couleurs vives dispos\u00e9es dans une grille, chacune pr\u00e9sentant un dessin de personnage distinctif et la marque &#039; BANG &#039; avec des \u00e9tiquettes &#039; 120K &#039; pro\u00e9minentes et des bandes multicolores de nom de saveur en dessous, sur un fond d\u00e9grad\u00e9 n\u00e9on.\" width=\"2000\" height=\"1500\" srcset=\"https:\/\/pgvape.com\/wp-content\/uploads\/2025\/09\/Pgvape-Bang-Legend-120K-Puffs-5-In-1-Flavors-Disposable-Vape-2_\u526f\u672c.png 2000w, https:\/\/pgvape.com\/wp-content\/uploads\/2025\/09\/Pgvape-Bang-Legend-120K-Puffs-5-In-1-Flavors-Disposable-Vape-2_\u526f\u672c-480x360.png 480w, https:\/\/pgvape.com\/wp-content\/uploads\/2025\/09\/Pgvape-Bang-Legend-120K-Puffs-5-In-1-Flavors-Disposable-Vape-2_\u526f\u672c-595x446.png 595w, https:\/\/pgvape.com\/wp-content\/uploads\/2025\/09\/Pgvape-Bang-Legend-120K-Puffs-5-In-1-Flavors-Disposable-Vape-2_\u526f\u672c-400x300.png 400w, https:\/\/pgvape.com\/wp-content\/uploads\/2025\/09\/Pgvape-Bang-Legend-120K-Puffs-5-In-1-Flavors-Disposable-Vape-2_\u526f\u672c-768x576.png 768w, https:\/\/pgvape.com\/wp-content\/uploads\/2025\/09\/Pgvape-Bang-Legend-120K-Puffs-5-In-1-Flavors-Disposable-Vape-2_\u526f\u672c-1536x1152.png 1536w, https:\/\/pgvape.com\/wp-content\/uploads\/2025\/09\/Pgvape-Bang-Legend-120K-Puffs-5-In-1-Flavors-Disposable-Vape-2_\u526f\u672c-16x12.png 16w, https:\/\/pgvape.com\/wp-content\/uploads\/2025\/09\/Pgvape-Bang-Legend-120K-Puffs-5-In-1-Flavors-Disposable-Vape-2_\u526f\u672c-600x450.png 600w, https:\/\/pgvape.com\/wp-content\/uploads\/2025\/09\/Pgvape-Bang-Legend-120K-Puffs-5-In-1-Flavors-Disposable-Vape-2_\u526f\u672c-53x40.png 53w\" sizes=\"auto, (max-width: 2000px) 100vw, 2000px\" \/><\/p>\n<h3 class=\"header-vfC6AV auto-hide-last-sibling-br\"><span style=\"font-size: 90%;\"><br \/>\nBang Legend 120000 | 120K Puffs 5 en 1 Saveurs Vape jetable <strong>Vid\u00e9o:<br \/>\n<\/strong><\/span><\/h3>\n<p><iframe loading=\"lazy\" title=\"Bang Legend 120K Puffs 5 en 1 Saveurs Vape jetables Saveurs r\u00e9glables Vape Factory Direct pgvape\" width=\"1020\" height=\"574\" src=\"https:\/\/www.youtube.com\/embed\/IWYdN-df8aQ?feature=oembed\" frameborder=\"0\" allow=\"accelerometer; autoplay; clipboard-write; encrypted-media; gyroscope; picture-in-picture; web-share\" referrerpolicy=\"strict-origin-when-cross-origin\" allowfullscreen><\/iframe><\/p>\n<p>&nbsp;<\/p>\n<h2 class=\"header-vfC6AV auto-hide-last-sibling-br\">FAQ sur Bang Legend 120000 | 120 000 bouff\u00e9es, saveurs 5 en 1, vape jetable<\/h2>\n<p data-sourcepos=\"36:1-37:85\">\u2753 <strong data-sourcepos=\"36:3-36:53\">Qu'est-ce qui rend le nombre de 120 000 bouff\u00e9es sp\u00e9cial\u00a0?<br \/>\n<\/strong> \u2705 <strong data-sourcepos=\"37:3-37:32\">Capacit\u00e9 de pointe<\/strong> \u2013 Dure <strong data-sourcepos=\"37:41-37:56\">6 \u00e0 7 fois plus longtemps<\/strong> Que les produits jetables standards.<\/p>\n<p data-sourcepos=\"39:1-40:97\">\u2753 <strong data-sourcepos=\"39:3-39:50\">Comment fonctionne le syst\u00e8me de saveurs 5 en 1\u00a0?<br \/>\n<\/strong> \u2705 <strong data-sourcepos=\"40:3-40:95\">Basculez instantan\u00e9ment entre cinq saveurs premium avec des r\u00e9servoirs s\u00e9par\u00e9s pour \u00e9viter le m\u00e9lange.<\/strong><\/p>\n<p data-sourcepos=\"42:1-43:101\">\u2753 <strong data-sourcepos=\"42:3-42:53\">La bobine \u00e0 5 mailles est-elle meilleure que les doubles bobines ?<br \/>\n<\/strong> \u2705 <strong data-sourcepos=\"43:3-43:11\">Oui!<\/strong> Fournit <strong data-sourcepos=\"43:21-43:43\">50% Chauffage plus rapide<\/strong> Et <strong data-sourcepos=\"43:48-43:75\">Production de vapeur plus dense<\/strong> Pour <strong data-sourcepos=\"43:80-43:96\">Go\u00fbt plus riche<\/strong>.**<\/p>\n<p data-sourcepos=\"45:1-46:76\">\u2753 <strong data-sourcepos=\"45:3-45:50\">Puis-je suivre le nombre de bouff\u00e9es et la batterie\u00a0?<br \/>\n<\/strong> \u2705 <strong data-sourcepos=\"46:3-46:18\">Affichage LED<\/strong> Spectacles <strong data-sourcepos=\"46:25-46:50\">Statistiques d'utilisation en temps r\u00e9el<\/strong> Pour un contr\u00f4le complet.**<\/p>\n<p data-sourcepos=\"48:1-49:78\">\u2753 <strong data-sourcepos=\"48:3-48:37\">Pourquoi choisir une batterie de 850 mAh ?<\/strong><br \/>\n\u2705 <strong data-sourcepos=\"49:3-49:21\">Puissance \u00e9quilibr\u00e9e<\/strong> Pour <strong data-sourcepos=\"49:26-49:41\">Utilisation toute la journ\u00e9e<\/strong> Avec <strong data-sourcepos=\"49:47-49:73\">Recharge rapide de type C<\/strong>.<\/p>\n<p>&nbsp;<\/p>\n<h3 id=\"brxe-najhln\" class=\"brxe-heading\">Foire aux questions (FAQ)<\/h3>\n<div id=\"brxe-rajiac\" class=\"brxe-text\">\n<p><strong>Q : Quels modes de paiement acceptez-vous ?<\/strong><br \/>\nR\u00a0: Nous acceptons PayPal, Stripe, les virements bancaires (pris en charge par SEPA), les principales cartes de cr\u00e9dit (Visa, MasterCard, American Express) et les paiements en crypto-monnaie.<\/p>\n<p><strong>Q : Combien de temps prend la pr\u00e9paration d\u2019une commande ?<\/strong><br \/>\nR : La pr\u00e9paration de la commande prend 1 \u00e0 3 jours ouvrables.<\/p>\n<p><strong>Q : Quel est le d\u00e9lai de livraison ?<\/strong><br \/>\nR : Le d\u00e9lai de livraison est de 7 \u00e0 14 jours ouvrables, selon votre emplacement.<\/p>\n<p><strong>Q : Comment puis-je suivre ma commande ?<\/strong><br \/>\nR : Apr\u00e8s l'exp\u00e9dition, vous recevrez un e-mail de confirmation avec un num\u00e9ro de suivi pour un suivi en temps r\u00e9el.<\/p>\n<p><strong>Q : Quelle est votre politique de retour ?<\/strong><br \/>\nR : Nous proposons une politique de retour de 30 jours pour les remboursements ou les \u00e9changes. .<\/p>\n<p><strong>Q : Y aura-t-il des probl\u00e8mes douaniers ?<br \/>\n<\/strong>Nous prenons en charge toutes les proc\u00e9dures de d\u00e9douanement pour vous garantir une exp\u00e9rience sans tracas. .<\/p>\n<p><strong>Q : Quelles m\u00e9thodes d\u2019exp\u00e9dition sont utilis\u00e9es ?<\/strong><br \/>\nNous coop\u00e9rons avec UPS\/DHL\/FEDEX\/DPD, etc. Nous choisirons l'option d'exp\u00e9dition appropri\u00e9e en fonction du pays de livraison pour garantir que vous recevez vos produits le plus rapidement possible.<\/p>\n<p><a href=\"https:\/\/pgvape.com\/fr\/faq\/\">Cliquez ici pour plus de FAQ<\/a><\/p>\n<p>Chers clients, Si vous avez des questions concernant votre commande ou l'arriv\u00e9e des marchandises, n'h\u00e9sitez pas \u00e0 contacter notre service client. Merci !<\/p>\n<h3 data-sourcepos=\"73:1-73:21\"><strong data-sourcepos=\"73:7-73:21\">Contactez-nous<\/strong><\/h3>\n<div id=\"text-2419739398\" class=\"text\">\n<p><strong data-sourcepos=\"75:3-75:12\">E-mail<\/strong>:\u00a0<a href=\"mailto:support@pgvape.com\"><strong>support@pgvape.com<\/strong><\/a><\/p>\n<p><strong data-sourcepos=\"76:3-76:15\">WhatsApp<\/strong>: <a href=\"https:\/\/wa.me\/+8618128481258\"><strong>+86 18128481258<\/strong><\/a><br \/>\n<strong>(R\u00e9ponse sous 24h les jours ouvr\u00e9s)<\/strong><\/p>\n<\/div>\n<h3><strong>Merci d'avoir choisi pgvape.com ! .<\/strong><\/h3>\n<\/div>","protected":false},"excerpt":{"rendered":"<p><strong data-sourcepos=\"54:1-54:235\">\u201cBang Legend 120K\u00a0: le vapoteur jetable ultime \u00e0 saveur 5 en 1 avec 120 000 bouff\u00e9es, 5 r\u00e9servoirs s\u00e9par\u00e9s et 12 combinaisons de saveurs, dot\u00e9 d'un \u00e9cran LED, d'une charge de type C et de 5 bobines de maille pour une vari\u00e9t\u00e9 in\u00e9gal\u00e9e.\u201d<\/strong><\/p>","protected":false},"featured_media":829,"comment_status":"open","ping_status":"closed","template":"","meta":{"_seopress_robots_primary_cat":"none","_seopress_titles_title":"Bang Legend 120000 | 120K Puffs 5 in 1 Flavors Disposable Vape | Adjustable Flavors | 0% 2% 3% 5% Nicotine | 12Tastes | LED Display | Vape Factory Direct","_seopress_titles_desc":"Bang Legend 120K Puffs 5 In 1 Flavors Disposable VAPE Boasts 120,000 Puffs, 5 Adjustable Flavors With 5 Individual Tanks, An 850mAh Rechargeable Battery, And A 5 Mesh Coil System. It Has An LED Screen For Status Monitoring, Type-C Fast Charging, And 12 Premium Flavors","_seopress_robots_index":""},"product_brand":[72,516],"product_cat":[69,71,515],"product_tag":[74,75,82,78,76,73,77,79,490,81,80],"class_list":{"0":"post-780","1":"product","2":"type-product","3":"status-publish","4":"has-post-thumbnail","6":"product_brand-bang-legend-vape","7":"product_brand-disposable-vape","8":"product_cat-120k-puffs-vape","9":"product_cat-bang-legend-vape","10":"product_cat-disposable-vape","11":"product_tag-74","12":"product_tag-120k-puffs","13":"product_tag-120k-vape","14":"product_tag-12tastes","15":"product_tag-5-in-1","16":"product_tag-bang-legend","17":"product_tag-flavors","18":"product_tag-led-display","19":"product_tag-minimum-2-pieces","20":"product_tag-mouth-to-lung","21":"product_tag-smart-screendisplay","23":"first","24":"instock","25":"sale","26":"shipping-taxable","27":"purchasable","28":"product-type-variable"},"_links":{"self":[{"href":"https:\/\/pgvape.com\/fr\/wp-json\/wp\/v2\/product\/780","targetHints":{"allow":["GET"]}}],"collection":[{"href":"https:\/\/pgvape.com\/fr\/wp-json\/wp\/v2\/product"}],"about":[{"href":"https:\/\/pgvape.com\/fr\/wp-json\/wp\/v2\/types\/product"}],"replies":[{"embeddable":true,"href":"https:\/\/pgvape.com\/fr\/wp-json\/wp\/v2\/comments?post=780"}],"wp:featuredmedia":[{"embeddable":true,"href":"https:\/\/pgvape.com\/fr\/wp-json\/wp\/v2\/media\/829"}],"wp:attachment":[{"href":"https:\/\/pgvape.com\/fr\/wp-json\/wp\/v2\/media?parent=780"}],"wp:term":[{"taxonomy":"product_brand","embeddable":true,"href":"https:\/\/pgvape.com\/fr\/wp-json\/wp\/v2\/product_brand?post=780"},{"taxonomy":"product_cat","embeddable":true,"href":"https:\/\/pgvape.com\/fr\/wp-json\/wp\/v2\/product_cat?post=780"},{"taxonomy":"product_tag","embeddable":true,"href":"https:\/\/pgvape.com\/fr\/wp-json\/wp\/v2\/product_tag?post=780"}],"curies":[{"name":"wp","href":"https:\/\/api.w.org\/{rel}","templated":true}]}}