{"id":7678,"date":"2025-12-08T10:24:12","date_gmt":"2025-12-08T10:24:12","guid":{"rendered":"https:\/\/pgvape.com\/?post_type=product&#038;p=7678"},"modified":"2026-03-15T13:36:50","modified_gmt":"2026-03-15T13:36:50","slug":"bang-king-triple-50000-50k-bouffees-3-en-1-vape-jetable-0-2-3-5-nicotine-12-gouts-ecran-tactile-intelligent-vape-usine-directe","status":"publish","type":"product","link":"https:\/\/pgvape.com\/fr\/produit\/bang-king-triple-50000-50k-bouffees-3-en-1-vape-jetable-0-2-3-5-nicotine-12-gouts-ecran-tactile-intelligent-vape-usine-directe\/","title":{"rendered":"Bang King Triple 50000 50K Puffs 3 en 1 Vape jetable 0% 2% 3% 5% Nicotine 12 Go\u00fbts Vape \u00e0 \u00e9cran tactile intelligent Direct usine"},"content":{"rendered":"<p data-sourcepos=\"8:1-8:411\">Red\u00e9finissez votre exp\u00e9rience de vapotage avec le <strong data-sourcepos=\"8:42-8:67\">Bang King Triple 50 000 bouff\u00e9es<\/strong>\u2014un chef-d'\u0153uvre d'endurance et d'innovation. <strong data-sourcepos=\"8:183-8:215\">\u00e9norme r\u00e9servoir pr\u00e9rempli de 35 ml<\/strong> et un intelligent <strong data-sourcepos=\"8:235-8:268\">syst\u00e8me de rotation \u00e0 trois saveurs<\/strong>. .<\/p>\n<p data-sourcepos=\"10:1-10:280\">Pilot\u00e9 par des avanc\u00e9s <strong data-sourcepos=\"10:20-10:44\">technologie de bobine de maille<\/strong>, il produit une saveur exceptionnellement riche et une vapeur dense et satisfaisante de la premi\u00e8re \u00e0 la derni\u00e8re bouff\u00e9e. <strong data-sourcepos=\"10:190-10:212\">\u00e9cran tactile intelligent<\/strong>, fournissant des mises \u00e0 jour en temps r\u00e9el sur le volume d'e-liquide et l'\u00e9tat de la batterie.<\/p>\n<p>&nbsp;<\/p>\n<h2><span style=\"font-size: 90%;\">Sp\u00e9cifications de la vape jetable 3 en 1 Bang King Triple 50000 50K Puffs<\/span><\/h2>\n<p><strong>Bouff\u00e9es<\/strong>: Jusqu'\u00e0 <strong>50,000<\/strong><\/p>\n<p><strong>E-Liquide<\/strong>: <strong class=\"\">35 ml<\/strong> pr\u00e9-rempli<\/p>\n<p><strong>Nicotine<\/strong>: <strong>0 %, 2 %, 3 %, 5 %<\/strong> (conforme \u00e0 la norme UE)<\/p>\n<p><strong>Batterie<\/strong>: <strong>600 mAh<\/strong>, <strong>Type-C<\/strong> Recharge de 30 minutes<\/p>\n<p><strong>Bobine<\/strong>: <strong class=\"\">Maille de 1,0 \u03a9<\/strong><\/p>\n<p><strong>Afficher<\/strong>: <strong>\u00c9cran tactile intelligent<\/strong> (batterie et jus)<\/p>\n<p><strong>Changer<\/strong>: <strong>Rotation \u00e0 180\u00b0<\/strong> s\u00e9lecteur triple saveur<\/p>\n<p><strong>Dessiner<\/strong>: Lisse <strong>MTL<\/strong>, pas de chasse aux nuages<\/p>\n<p>&nbsp;<\/p>\n<h3><span style=\"font-size: 90%;\">Liste des saveurs de vape jetables Bang King Triple 50000 50K Puffs 3 en 1<\/span><\/h3>\n<p><strong class=\"\">1. Glace Razz bleue\/Glace luxuriante<\/strong><\/p>\n<p><strong>2. Glace aux fraises\/glace \u00e0 la past\u00e8que<\/strong><\/p>\n<p><strong>3. Glace \u00e0 la p\u00eache \/ Glace \u00e0 la mangue<\/strong><\/p>\n<p><strong>4.Glace Past\u00e8que \/ P\u00eache Mangue<\/strong><\/p>\n<p><strong class=\"\">5. Past\u00e8que Fraise \/ Red Bull<\/strong><\/p>\n<p><strong>6.M\u00e9lange de Baies \/ Glace Cerise<\/strong><\/p>\n<p><strong class=\"\">7.Kiwi Passion-Fruit Goyave \/ Fraise Kiwi<\/strong><\/p>\n<p><strong class=\"\">8. Glace \u00e0 la banane \/ Glace \u00e0 la fraise<\/strong><\/p>\n<p><strong>9.Double glace pomme\/raisin<\/strong><\/p>\n<p><strong>10.Pi\u00f1a Colada \/ Fruits Tropicaux<\/strong><\/p>\n<p><strong>11.Lemon en ligne \/ M. Blue<\/strong><\/p>\n<p><strong>12. Glace Menthe Fra\u00eeche \/ Myrtille<\/strong><\/p>\n<p>&nbsp;<\/p>\n<h3><span style=\"font-size: 90%;\">Bang King Triple 50000 50K Puffs Vape jetable 3 en 1 <strong>Vid\u00e9o:<\/strong><\/span><\/h3>\n<p>&nbsp;<\/p>\n<h2 class=\"header-vfC6AV auto-hide-last-sibling-br\"><span style=\"font-size: 90%;\">FAQ sur Bang King Triple 50000 50K Puffs 3 en 1 Vape jetable<\/span><\/h2>\n<p>\u2753 <strong class=\"\">Comment changer les saveurs ?<\/strong><br \/>\n\u2705 <strong>Embout tournant 180\u00b0<\/strong>-passer instantan\u00e9ment au suivant <strong>trois saveurs int\u00e9gr\u00e9es<\/strong>.<\/p>\n<p>\u2753 <strong>Combien de bouff\u00e9es au total ?<\/strong><br \/>\n\u2705 \u00c9valu\u00e9 en usine <strong>50 000 bouff\u00e9es<\/strong> dans les trois chambres.<\/p>\n<p>\u2753 <strong>Est-ce rechargeable ?<\/strong><br \/>\n\u2705 <strong>600 mAh<\/strong> batterie + <strong>Type-C<\/strong> port; charge compl\u00e8te en ~ 30 min.<\/p>\n<p>\u2753 <strong>Quels sont les dosages de nicotine propos\u00e9s ?<\/strong><br \/>\n\u2705 <strong>0 %, 2 %, 3 %, 5 %<\/strong>\u2014 coup de gorge doux, norme europ\u00e9enne.<\/p>\n<p>\u2753 <strong>Comment v\u00e9rifier la batterie ou le e-liquide ?<\/strong><br \/>\n\u2705 <strong>\u00c9cran tactile intelligent<\/strong> affiche les deux niveaux en un coup d'\u0153il.<\/p>\n<p>\u2753 <strong>L'appareil fuit-il ?<\/strong><br \/>\n\u2705 <strong>Anti-fuite<\/strong> les triples chambres gardent les poches propres.<\/p>\n<p>&nbsp;<\/p>\n<h3 id=\"brxe-najhln\" class=\"brxe-heading\">Foire aux questions (FAQ)<\/h3>\n<div id=\"brxe-rajiac\" class=\"brxe-text\">\n<p><strong>Q : Quels modes de paiement acceptez-vous ?<\/strong><br \/>\nR\u00a0: Nous acceptons PayPal, Stripe, les virements bancaires (pris en charge par SEPA), les principales cartes de cr\u00e9dit (Visa, MasterCard, American Express) et les paiements en crypto-monnaie.<\/p>\n<p><strong>Q : Combien de temps prend la pr\u00e9paration d\u2019une commande ?<\/strong><br \/>\nR : La pr\u00e9paration de la commande prend 1 \u00e0 3 jours ouvrables.<\/p>\n<p><strong>Q : Quel est le d\u00e9lai de livraison ?<\/strong><br \/>\nR : Le d\u00e9lai de livraison est de 7 \u00e0 14 jours ouvrables, selon votre emplacement.<\/p>\n<p><strong>Q : Comment puis-je suivre ma commande ?<\/strong><br \/>\nR : Apr\u00e8s l'exp\u00e9dition, vous recevrez un e-mail de confirmation avec un num\u00e9ro de suivi pour un suivi en temps r\u00e9el.<\/p>\n<p><strong>Q : Quelle est votre politique de retour ?<\/strong><br \/>\nR : Nous proposons une politique de retour de 30 jours pour les remboursements ou les \u00e9changes. .<\/p>\n<p><strong>Q : Y aura-t-il des probl\u00e8mes douaniers ?<br \/>\n<\/strong>Nous prenons en charge toutes les proc\u00e9dures de d\u00e9douanement pour vous garantir une exp\u00e9rience sans tracas. .<\/p>\n<p><strong>Q : Quelles m\u00e9thodes d\u2019exp\u00e9dition sont utilis\u00e9es ?<\/strong><br \/>\nNous coop\u00e9rons avec UPS\/DHL\/FEDEX\/DPD, etc. Nous choisirons l'option d'exp\u00e9dition appropri\u00e9e en fonction du pays de livraison pour garantir que vous recevez vos produits le plus rapidement possible.<\/p>\n<p><a href=\"https:\/\/pgvape.com\/fr\/faq\/\">Cliquez ici pour plus de FAQ<\/a><\/p>\n<p>Chers clients, Si vous avez des questions concernant votre commande ou l'arriv\u00e9e des marchandises, n'h\u00e9sitez pas \u00e0 contacter notre service client. Merci !<\/p>\n<h3 data-sourcepos=\"73:1-73:21\"><strong data-sourcepos=\"73:7-73:21\">Contactez-nous<\/strong><\/h3>\n<div id=\"text-2419739398\" class=\"text\">\n<p><strong data-sourcepos=\"75:3-75:12\">E-mail<\/strong>:\u00a0<a href=\"mailto:support@pgvape.com\"><strong>support@pgvape.com<\/strong><\/a><\/p>\n<p><strong data-sourcepos=\"76:3-76:15\">WhatsApp<\/strong>:\u00a0<a href=\"https:\/\/wa.me\/+8618128481258\"><strong>+86 18128481258<\/strong><\/a><br \/>\n<strong>(R\u00e9ponse sous 24h les jours ouvr\u00e9s)<\/strong><\/p>\n<\/div>\n<h3><strong>Merci d'avoir choisi pgvape.com ! .<\/strong><\/h3>\n<\/div>","protected":false},"excerpt":{"rendered":"<p><strong>Bang King Triple 50000<\/strong>\u2014<strong>50 K bouff\u00e9es<\/strong>, <strong>35 ml<\/strong>, <strong>Saveurs twist 3 en 1<\/strong>, <strong>bobine de maille<\/strong>, <strong>Type-C<\/strong>, <strong>\u00e9cran tactile<\/strong>.<strong>Tournez une fois, go\u00fbtez-en trois, vapotez pour toujours.<\/strong><\/p>","protected":false},"featured_media":7681,"comment_status":"open","ping_status":"closed","template":"","meta":{"_seopress_robots_primary_cat":"none","_seopress_titles_title":"","_seopress_titles_desc":"","_seopress_robots_index":""},"product_brand":[19,516],"product_cat":[61,18,515],"product_tag":[46,318,510,90,511],"class_list":{"0":"post-7678","1":"product","2":"type-product","3":"status-publish","4":"has-post-thumbnail","6":"product_brand-bang-king-vape","7":"product_brand-disposable-vape","8":"product_cat-50k-puffs-vape","9":"product_cat-bang-king-vape","10":"product_cat-disposable-vape","11":"product_tag-3-in-1","12":"product_tag-50k-puffs-vape","13":"product_tag-bang-king-triple-50000","14":"product_tag-disposable-vape","15":"product_tag-eu-norm-compliant","17":"first","18":"instock","19":"sale","20":"shipping-taxable","21":"purchasable","22":"product-type-variable"},"_links":{"self":[{"href":"https:\/\/pgvape.com\/fr\/wp-json\/wp\/v2\/product\/7678","targetHints":{"allow":["GET"]}}],"collection":[{"href":"https:\/\/pgvape.com\/fr\/wp-json\/wp\/v2\/product"}],"about":[{"href":"https:\/\/pgvape.com\/fr\/wp-json\/wp\/v2\/types\/product"}],"replies":[{"embeddable":true,"href":"https:\/\/pgvape.com\/fr\/wp-json\/wp\/v2\/comments?post=7678"}],"wp:featuredmedia":[{"embeddable":true,"href":"https:\/\/pgvape.com\/fr\/wp-json\/wp\/v2\/media\/7681"}],"wp:attachment":[{"href":"https:\/\/pgvape.com\/fr\/wp-json\/wp\/v2\/media?parent=7678"}],"wp:term":[{"taxonomy":"product_brand","embeddable":true,"href":"https:\/\/pgvape.com\/fr\/wp-json\/wp\/v2\/product_brand?post=7678"},{"taxonomy":"product_cat","embeddable":true,"href":"https:\/\/pgvape.com\/fr\/wp-json\/wp\/v2\/product_cat?post=7678"},{"taxonomy":"product_tag","embeddable":true,"href":"https:\/\/pgvape.com\/fr\/wp-json\/wp\/v2\/product_tag?post=7678"}],"curies":[{"name":"wp","href":"https:\/\/api.w.org\/{rel}","templated":true}]}}