{"id":7618,"date":"2025-12-07T12:11:58","date_gmt":"2025-12-07T12:11:58","guid":{"rendered":"https:\/\/pgvape.com\/?post_type=product&#038;p=7618"},"modified":"2026-04-09T14:44:17","modified_gmt":"2026-04-09T14:44:17","slug":"solaris-champagne-30000-30k-bouffees-vape-jetable-2-nicotine-10-gouts-vape-direct-usine","status":"publish","type":"product","link":"https:\/\/pgvape.com\/fr\/produit\/solaris-champagne-30000-30k-bouffees-vape-jetable-2-nicotine-10-gouts-vape-direct-usine\/","title":{"rendered":"Solaris Champagne 30000 30k Puffs Vape jetable 2%\u00a0Nicotine 10 Go\u00fbts Vape Direct Usine"},"content":{"rendered":"<p>Solaris Champagne 30000 Puffs Jetable <strong>Vaper<\/strong>\u00a0Poss\u00e8de un nombre impressionnant de 30 000 bouff\u00e9es, offrant une longue dur\u00e9e\u00a0<strong>Vapoter<\/strong>\u00a0Un plaisir pour un usage quotidien ou en d\u00e9placement.\u00a0<strong>E-Liquide<\/strong> Capacit\u00e9, options 2%Nicotine et 1,0\u03a9 <strong>Bobine de maille<\/strong>\u00a0(Standard pour une saveur riche), il garantit une vapeur constante et un go\u00fbt satisfaisant.\u00a0<strong>Vaper<\/strong>\u00a0Con\u00e7u pour la fiabilit\u00e9 et les exp\u00e9riences savoureuses.<\/p>\n<p>&nbsp;<\/p>\n<h2><span style=\"font-size: 90%;\">Sp\u00e9cifications de la vape jetable Solaris Champagne 30000 30k Puffs<\/span><\/h2>\n<p><strong>Bouff\u00e9es<\/strong>: \u2248 <strong class=\"\">30 000<\/strong><\/p>\n<p><strong>E-Liquide<\/strong>: <strong class=\"\">20 ml<\/strong><\/p>\n<p><strong>Nicotine<\/strong>:<strong class=\"\">2%<\/strong><\/p>\n<p><strong>Batterie<\/strong>: <strong>600 mAh<\/strong>, <strong>Type-C<\/strong> charge rapide<\/p>\n<p><strong>Bobine<\/strong>: 1,0 \u03a9\u00a0<strong>Bobine de maille<\/strong><\/p>\n<p><strong>Taper<\/strong>: Jetable, activ\u00e9 par tirage<\/p>\n<p>&nbsp;<\/p>\n<h3><span style=\"font-size: 90%;\">Liste des saveurs de vape jetables Solaris Champagne 30000 30k Puffs<\/span><\/h3>\n<p>1.Kiwi aux fraises<\/p>\n<p>2.Cerise Razz bleue<\/p>\n<p>3. Baies m\u00e9lang\u00e9es<\/p>\n<p>4. Myrtille Framboise<\/p>\n<p>5.Whitegrape Champagne<\/p>\n<p>6. P\u00eache juteuse<\/p>\n<p>7. Past\u00e8que aux fraises<\/p>\n<p>8. Glace \u00e0 la past\u00e8que<\/p>\n<p>9.Triple Mangue<\/p>\n<p>10.Mamba<\/p>\n<p>11.Fruit de la Passion Mangue<\/p>\n<p>12. Fruits tropicaux<\/p>\n<p>13. Fruit du dragon cerise<\/p>\n<p>14.Champagne P\u00eache Rouge<\/p>\n<p>15. Cola aux cerises<\/p>\n<p>16.Boisson \u00e9nergisante<\/p>\n<p>17.Love 66<\/p>\n<p>18.Cerise Berry<\/p>\n<p>19. Limonade rose<\/p>\n<p>20.Double Apple<\/p>\n<p><strong><img loading=\"lazy\" decoding=\"async\" class=\"alignnone wp-image-7623 size-full\" src=\"https:\/\/pgvape.com\/wp-content\/uploads\/2025\/12\/Humo-AZUL-Champagne-30000-30k-Puffs-Disposable-Vape-2-Nicotine-10Tastes-Vape-Factory-Direct-pgvape-3.png\" alt=\"Affiche promotionnelle intitul\u00e9e \u201c\u00a010 SAVEURS\u00a0\u201d montrant dix vapes jetables en bouteille de champagne noire \u00e9tiquet\u00e9es Humo AZUL, chacune affich\u00e9e sur un fond de fruit color\u00e9 et \u00e9tiquet\u00e9e avec des saveurs\u00a0: glace \u00e0 la past\u00e8que, past\u00e8que au raisin, past\u00e8que aux fraises, champagne aux raisins blancs, p\u00eache juteuse, framboise aux bleuets, baies m\u00e9lang\u00e9es, cerise bleue Razz, kiwi aux fraises et triple mangue.\" width=\"1800\" height=\"1437\" srcset=\"https:\/\/pgvape.com\/wp-content\/uploads\/2025\/12\/Humo-AZUL-Champagne-30000-30k-Puffs-Disposable-Vape-2-Nicotine-10Tastes-Vape-Factory-Direct-pgvape-3.png 1800w, https:\/\/pgvape.com\/wp-content\/uploads\/2025\/12\/Humo-AZUL-Champagne-30000-30k-Puffs-Disposable-Vape-2-Nicotine-10Tastes-Vape-Factory-Direct-pgvape-3-451x360.png 451w, https:\/\/pgvape.com\/wp-content\/uploads\/2025\/12\/Humo-AZUL-Champagne-30000-30k-Puffs-Disposable-Vape-2-Nicotine-10Tastes-Vape-Factory-Direct-pgvape-3-595x475.png 595w, https:\/\/pgvape.com\/wp-content\/uploads\/2025\/12\/Humo-AZUL-Champagne-30000-30k-Puffs-Disposable-Vape-2-Nicotine-10Tastes-Vape-Factory-Direct-pgvape-3-400x319.png 400w, https:\/\/pgvape.com\/wp-content\/uploads\/2025\/12\/Humo-AZUL-Champagne-30000-30k-Puffs-Disposable-Vape-2-Nicotine-10Tastes-Vape-Factory-Direct-pgvape-3-768x613.png 768w, https:\/\/pgvape.com\/wp-content\/uploads\/2025\/12\/Humo-AZUL-Champagne-30000-30k-Puffs-Disposable-Vape-2-Nicotine-10Tastes-Vape-Factory-Direct-pgvape-3-1536x1226.png 1536w, https:\/\/pgvape.com\/wp-content\/uploads\/2025\/12\/Humo-AZUL-Champagne-30000-30k-Puffs-Disposable-Vape-2-Nicotine-10Tastes-Vape-Factory-Direct-pgvape-3-15x12.png 15w, https:\/\/pgvape.com\/wp-content\/uploads\/2025\/12\/Humo-AZUL-Champagne-30000-30k-Puffs-Disposable-Vape-2-Nicotine-10Tastes-Vape-Factory-Direct-pgvape-3-600x479.png 600w\" sizes=\"auto, (max-width: 1800px) 100vw, 1800px\" \/><\/strong><\/p>\n<p>&nbsp;<\/p>\n<h3><span style=\"font-size: 90%;\">Vape jetable Humo AZUL Champagne 30000 30k Puffs <strong>Vid\u00e9o:<\/strong><\/span><\/h3>\n<p><iframe loading=\"lazy\" title=\"Humo AZUL Champagne 30000 30k Puffs Vape jetable 10 Go\u00fbts Vape Factory Direct pgvape\" width=\"563\" height=\"1000\" src=\"https:\/\/www.youtube.com\/embed\/4RibXcW0cwI?feature=oembed\" frameborder=\"0\" allow=\"accelerometer; autoplay; clipboard-write; encrypted-media; gyroscope; picture-in-picture; web-share\" referrerpolicy=\"strict-origin-when-cross-origin\" allowfullscreen><\/iframe><\/p>\n<p>&nbsp;<\/p>\n<h2 class=\"header-vfC6AV auto-hide-last-sibling-br\"><span style=\"font-size: 90%;\">FAQ sur la vape jetable Humo Solaris 30000 30 000 bouff\u00e9es<\/span><\/h2>\n<p>\u2753Combien de bouff\u00e9es est-ce jetable\u00a0<strong>Vaper<\/strong>\u00a0Offre?<br \/>\n\u2705Il d\u00e9livre jusqu'\u00e0 30 000 bouff\u00e9es, offrant une longue dur\u00e9e\u00a0<strong>Vapoter<\/strong>\u00a0Sans remplacements fr\u00e9quents d\u2019appareils.<\/p>\n<p>\u2753Quels dosages de nicotine sont disponibles\u00a0?<br \/>\n\u2705 Choisissez entre la nicotine 2%, adapt\u00e9e \u00e0 mod\u00e9r\u00e9e \u00e0 forte. <strong>Vapoter<\/strong>\u00a0Pr\u00e9f\u00e9rences.<\/p>\n<p>\u2753Combien\u00a0<strong>E-Liquide<\/strong>\u00a0L'appareil tient-il ?<br \/>\n\u2705Il contient 20 ml\u00a0<strong>E-Liquide<\/strong>\u00a0Capacit\u00e9, prenant en charge les performances de 30 000 bouff\u00e9es.<\/p>\n<p>\u2753Comment puis-je charger le\u00a0<strong>Vaper<\/strong>?<br \/>\n\u2705Il utilise un chargeur de type C pour recharger la batterie de 600 mAh, permettant une r\u00e9cup\u00e9ration rapide de l'\u00e9nergie.<\/p>\n<p>\u2753Existe-t-il diverses options de saveurs parmi lesquelles choisir\u00a0?<br \/>\n\u2705Oui, il propose 10 saveurs, dont des profils fruit\u00e9s, glac\u00e9s et mixtes pour r\u00e9pondre \u00e0 diff\u00e9rents go\u00fbts.<\/p>\n<p>\u2753Est-ce que c'est\u00a0<strong>Vaper<\/strong>\u00a0Facile \u00e0 utiliser au quotidien ou en d\u00e9placement ?<br \/>\n\u2705Oui, il s\u2019agit d\u2019un appareil jetable pr\u00e9-rempli sans besoin de remplissage \u2013 Compact et pratique \u00e0 tout moment\u00a0<strong>Vapoter<\/strong>.<\/p>\n<p>&nbsp;<\/p>\n<h3 id=\"brxe-najhln\" class=\"brxe-heading\">Foire aux questions (FAQ)<\/h3>\n<div id=\"brxe-rajiac\" class=\"brxe-text\">\n<p><strong>Q : Quels modes de paiement acceptez-vous ?<\/strong><br \/>\nR\u00a0: Nous acceptons PayPal, Stripe, les virements bancaires (pris en charge par SEPA), les principales cartes de cr\u00e9dit (Visa, MasterCard, American Express) et les paiements en crypto-monnaie.<\/p>\n<p><strong>Q : Combien de temps prend la pr\u00e9paration d\u2019une commande ?<\/strong><br \/>\nR : La pr\u00e9paration de la commande prend 1 \u00e0 3 jours ouvrables.<\/p>\n<p><strong>Q : Quel est le d\u00e9lai de livraison ?<\/strong><br \/>\nR : Le d\u00e9lai de livraison est de 7 \u00e0 14 jours ouvrables, selon votre emplacement.<\/p>\n<p><strong>Q : Comment puis-je suivre ma commande ?<\/strong><br \/>\nR : Apr\u00e8s l'exp\u00e9dition, vous recevrez un e-mail de confirmation avec un num\u00e9ro de suivi pour un suivi en temps r\u00e9el.<\/p>\n<p><strong>Q : Quelle est votre politique de retour ?<\/strong><br \/>\nR : Nous proposons une politique de retour de 30 jours pour les remboursements ou les \u00e9changes. .<\/p>\n<p><strong>Q : Y aura-t-il des probl\u00e8mes douaniers ?<br \/>\n<\/strong>Nous prenons en charge toutes les proc\u00e9dures de d\u00e9douanement pour vous garantir une exp\u00e9rience sans tracas. .<\/p>\n<p><strong>Q : Quelles m\u00e9thodes d\u2019exp\u00e9dition sont utilis\u00e9es ?<\/strong><br \/>\nNous coop\u00e9rons avec UPS\/DHL\/FEDEX\/DPD, etc. Nous choisirons l'option d'exp\u00e9dition appropri\u00e9e en fonction du pays de livraison pour garantir que vous recevez vos produits le plus rapidement possible.<\/p>\n<p><a href=\"https:\/\/pgvape.com\/fr\/faq\/\">Cliquez ici pour plus de FAQ<\/a><\/p>\n<p>Chers clients, Si vous avez des questions concernant votre commande ou l'arriv\u00e9e des marchandises, n'h\u00e9sitez pas \u00e0 contacter notre service client. Merci !<\/p>\n<h3 data-sourcepos=\"73:1-73:21\"><strong data-sourcepos=\"73:7-73:21\">Contactez-nous<\/strong><\/h3>\n<div id=\"text-2419739398\" class=\"text\">\n<p><strong data-sourcepos=\"75:3-75:12\">E-mail<\/strong>:\u00a0<a href=\"mailto:support@pgvape.com\"><strong>support@pgvape.com<\/strong><\/a><\/p>\n<p><strong data-sourcepos=\"76:3-76:15\">WhatsApp<\/strong>:\u00a0<a href=\"https:\/\/wa.me\/+8618128481258\"><strong>+86 18128481258<\/strong><\/a><br \/>\n<strong>(R\u00e9ponse sous 24h les jours ouvr\u00e9s)<\/strong><\/p>\n<\/div>\n<h3><strong>Merci d'avoir choisi pgvape.com ! .<\/strong><\/h3>\n<\/div>","protected":false},"excerpt":{"rendered":"<p><strong>30 000 bouff\u00e9es<\/strong>\u2014<strong>20 ml<\/strong>, <strong>Type-C<\/strong> recharger, <strong>Carte r\u00e9seau 2 %\/5 %<\/strong>, <strong>10 saveurs fruit\u00e9es<\/strong>.<strong class=\"\">Longue dur\u00e9e de vie, go\u00fbt audacieux, sans chichi.<\/strong><\/p>","protected":false},"featured_media":7621,"comment_status":"open","ping_status":"closed","template":"","meta":{"_seopress_robots_primary_cat":"none","_seopress_titles_title":"","_seopress_titles_desc":"","_seopress_robots_index":""},"product_brand":[516,513],"product_cat":[35,515,512],"product_tag":[349,90,514,620],"class_list":{"0":"post-7618","1":"product","2":"type-product","3":"status-publish","4":"has-post-thumbnail","6":"product_brand-disposable-vape","7":"product_brand-solaris-champagne-vape","8":"product_cat-30k-puffs-vape","9":"product_cat-disposable-vape","10":"product_cat-solaris-champagne-vape","11":"product_tag-30k-puffs-vape","12":"product_tag-disposable-vape","13":"product_tag-solaris-champagne-30000","14":"product_tag-solaris-vape","16":"first","17":"instock","18":"sale","19":"shipping-taxable","20":"purchasable","21":"product-type-variable"},"_links":{"self":[{"href":"https:\/\/pgvape.com\/fr\/wp-json\/wp\/v2\/product\/7618","targetHints":{"allow":["GET"]}}],"collection":[{"href":"https:\/\/pgvape.com\/fr\/wp-json\/wp\/v2\/product"}],"about":[{"href":"https:\/\/pgvape.com\/fr\/wp-json\/wp\/v2\/types\/product"}],"replies":[{"embeddable":true,"href":"https:\/\/pgvape.com\/fr\/wp-json\/wp\/v2\/comments?post=7618"}],"wp:featuredmedia":[{"embeddable":true,"href":"https:\/\/pgvape.com\/fr\/wp-json\/wp\/v2\/media\/7621"}],"wp:attachment":[{"href":"https:\/\/pgvape.com\/fr\/wp-json\/wp\/v2\/media?parent=7618"}],"wp:term":[{"taxonomy":"product_brand","embeddable":true,"href":"https:\/\/pgvape.com\/fr\/wp-json\/wp\/v2\/product_brand?post=7618"},{"taxonomy":"product_cat","embeddable":true,"href":"https:\/\/pgvape.com\/fr\/wp-json\/wp\/v2\/product_cat?post=7618"},{"taxonomy":"product_tag","embeddable":true,"href":"https:\/\/pgvape.com\/fr\/wp-json\/wp\/v2\/product_tag?post=7618"}],"curies":[{"name":"wp","href":"https:\/\/api.w.org\/{rel}","templated":true}]}}