{"id":7586,"date":"2025-12-07T10:10:00","date_gmt":"2025-12-07T10:10:00","guid":{"rendered":"https:\/\/pgvape.com\/?post_type=product&#038;p=7586"},"modified":"2026-03-15T13:32:42","modified_gmt":"2026-03-15T13:32:42","slug":"bang-leader-18000-18k-bouffees-vape-jetable-0-2-3-5-nicotine-12-gouts-vape-direct-usine","status":"publish","type":"product","link":"https:\/\/pgvape.com\/fr\/produit\/bang-leader-18000-18k-bouffees-vape-jetable-0-2-3-5-nicotine-12-gouts-vape-direct-usine\/","title":{"rendered":"Bang Leader 18000 18K Puffs Vape jetable 0% 2% 3% 5% Nicotine 12 Go\u00fbts Vape Direct Usine"},"content":{"rendered":"<p>Con\u00e7u pour la fiabilit\u00e9 et la performance, le <strong data-sourcepos=\"7:49-7:92\">Vape jetable Bang Leader 18000 bouff\u00e9es<\/strong> Combine une long\u00e9vit\u00e9 prolong\u00e9e avec une commodit\u00e9 moderne. <strong data-sourcepos=\"7:167-7:198\">Batterie rechargeable 650 mAh<\/strong> Avec pratique <strong data-sourcepos=\"7:215-7:234\">Chargement de type C<\/strong>, Cet appareil garantit un plaisir continu sans compromis. <strong data-sourcepos=\"7:310-7:330\">Syst\u00e8me de bobine de maille<\/strong> Am\u00e9liore la clart\u00e9 des saveurs et la production de vapeur, tandis que la forme profil\u00e9e et conviviale garantit une utilisation quotidienne confortable. .<\/p>\n<p>&nbsp;<\/p>\n<h2><span style=\"font-size: 90%;\">Sp\u00e9cifications de la vape jetable Bang Leader 18000 18K Puffs<\/span><\/h2>\n<p><strong>Bouff\u00e9es<\/strong>: Jusqu'\u00e0 <strong>18,000<\/strong><\/p>\n<p><strong>Batterie<\/strong>: <strong>650 mAh<\/strong>, <strong>Type-C<\/strong> charge rapide (~30 min)<\/p>\n<p><strong>Bobine<\/strong>: <strong>Maille de 1,0 \u03a9<\/strong><\/p>\n<p><strong>Nicotine<\/strong>: <strong>0 %, 2 %, 3 %, 5 %<\/strong><\/p>\n<p><strong>Conception<\/strong>: Ultra fin, anti-fuite, format de poche<\/p>\n<p><strong>Flux d'air<\/strong>: <strong>Correction du tirage MTL fluide<\/strong><\/p>\n<p>&nbsp;<\/p>\n<h3><span style=\"font-size: 90%;\">Liste des saveurs de vape jetables Bang Leader 18000 18K Puffs<\/span><\/h3>\n<p><strong data-sourcepos=\"21:4-21:23\">1.Kiwi aux fraises<\/strong><\/p>\n<p><strong data-sourcepos=\"22:4-22:29\">2. Past\u00e8que aux fraises<\/strong><\/p>\n<p><strong data-sourcepos=\"23:4-23:16\">3.Red Bull<\/strong><\/p>\n<p><strong data-sourcepos=\"24:4-24:20\">4. Fruits m\u00e9lang\u00e9s<\/strong><\/p>\n<p><strong data-sourcepos=\"25:4-25:27\">5. Myrtille Framboise<\/strong><\/p>\n<p><strong data-sourcepos=\"26:4-26:28\">6. Past\u00e8que aux bleuets<\/strong><\/p>\n<p><strong data-sourcepos=\"27:4-27:17\">7. Glace aux raisins<\/strong><\/p>\n<p><strong data-sourcepos=\"28:4-28:34\">8. Glace \u00e0 la p\u00eache et au mojito aux framboises<\/strong><\/p>\n<p><strong data-sourcepos=\"29:4-29:22\">9. Glace \u00e0 la past\u00e8que<\/strong><\/p>\n<p><strong data-sourcepos=\"30:5-30:29\">10. Past\u00e8que Framboise<\/strong><\/p>\n<p><strong data-sourcepos=\"31:5-31:17\">11.Cola Glace<\/strong><\/p>\n<p><strong data-sourcepos=\"32:5-32:31\">12. Past\u00e8que \u00e0 la mangue et \u00e0 la p\u00eache<img loading=\"lazy\" decoding=\"async\" class=\"alignnone wp-image-7591 size-full\" src=\"https:\/\/pgvape.com\/wp-content\/uploads\/2025\/12\/Bang-Leader-18000-Puffs-Disposable-Vape-0-2-3-5-Nicotine-12Tastes-Rechargeable-Vape-Factory-Direct-3.png\" alt=\"Banni\u00e8re promotionnelle pour les vapes jetables Bang Leader 18 000 bouff\u00e9es avec des appareils color\u00e9s surdimensionn\u00e9s sur des socles \u00e0 gauche, le logo de la marque et le grand titre \u201c 18 000 PUFFS \u201d, et une grille du c\u00f4t\u00e9 droit de douze appareils de vape de couleur \u00e9tiquet\u00e9e avec des ar\u00f4mes tels que fraise kiwi, myrtille framboise, glace au raisin, glace \u00e0 la past\u00e8que, glace au cola et past\u00e8que \u00e0 la p\u00eache \u00e0 la mangue.\" width=\"1800\" height=\"810\" srcset=\"https:\/\/pgvape.com\/wp-content\/uploads\/2025\/12\/Bang-Leader-18000-Puffs-Disposable-Vape-0-2-3-5-Nicotine-12Tastes-Rechargeable-Vape-Factory-Direct-3.png 1800w, https:\/\/pgvape.com\/wp-content\/uploads\/2025\/12\/Bang-Leader-18000-Puffs-Disposable-Vape-0-2-3-5-Nicotine-12Tastes-Rechargeable-Vape-Factory-Direct-3-555x250.png 555w, https:\/\/pgvape.com\/wp-content\/uploads\/2025\/12\/Bang-Leader-18000-Puffs-Disposable-Vape-0-2-3-5-Nicotine-12Tastes-Rechargeable-Vape-Factory-Direct-3-595x268.png 595w, https:\/\/pgvape.com\/wp-content\/uploads\/2025\/12\/Bang-Leader-18000-Puffs-Disposable-Vape-0-2-3-5-Nicotine-12Tastes-Rechargeable-Vape-Factory-Direct-3-400x180.png 400w, https:\/\/pgvape.com\/wp-content\/uploads\/2025\/12\/Bang-Leader-18000-Puffs-Disposable-Vape-0-2-3-5-Nicotine-12Tastes-Rechargeable-Vape-Factory-Direct-3-768x346.png 768w, https:\/\/pgvape.com\/wp-content\/uploads\/2025\/12\/Bang-Leader-18000-Puffs-Disposable-Vape-0-2-3-5-Nicotine-12Tastes-Rechargeable-Vape-Factory-Direct-3-1536x691.png 1536w, https:\/\/pgvape.com\/wp-content\/uploads\/2025\/12\/Bang-Leader-18000-Puffs-Disposable-Vape-0-2-3-5-Nicotine-12Tastes-Rechargeable-Vape-Factory-Direct-3-18x8.png 18w, https:\/\/pgvape.com\/wp-content\/uploads\/2025\/12\/Bang-Leader-18000-Puffs-Disposable-Vape-0-2-3-5-Nicotine-12Tastes-Rechargeable-Vape-Factory-Direct-3-600x270.png 600w\" sizes=\"auto, (max-width: 1800px) 100vw, 1800px\" \/><\/strong><\/p>\n<p>&nbsp;<\/p>\n<h3><span style=\"font-size: 90%;\">Vid\u00e9o de vape jetable Bang Leader 18000 18K Puffs\u00a0:<\/span><\/h3>\n<p>&nbsp;<\/p>\n<h2 class=\"header-vfC6AV auto-hide-last-sibling-br\"><span style=\"font-size: 90%;\">FAQ sur la vape jetable Bang Leader 18000 18K Puffs<\/span><\/h2>\n<p>\u2753 <strong>Combien de bouff\u00e9es par appareil ?<\/strong><br \/>\n\u2705 \u00c9valu\u00e9 en usine <strong>18 000 bouff\u00e9es<\/strong>\u2013 des semaines de vapotage quotidien.<\/p>\n<p>\u2753 <strong>Est-ce rechargeable ?<\/strong><br \/>\n\u2705Oui, <strong>650 mAh<\/strong> batterie + <strong>Type-C<\/strong> port; charge compl\u00e8te en ~ 30 min.<\/p>\n<p>\u2753 <strong>Quelle bobine y a-t-il \u00e0 l'int\u00e9rieur ?<\/strong><br \/>\n\u2705 <strong>Bobine de maille de 1,0 \u03a9<\/strong>\u2014zone de chauffe plus grande, saveur plus dense.<\/p>\n<p>\u2753 <strong>Puis-je choisir le dosage de la nicotine ?<br \/>\n<\/strong>\u2705 <strong>0 %, 2 %, 3 %, 5 %<\/strong> Options salt-nic\u00a0: s\u00e9lectionnez avant le panier.<\/p>\n<p>\u2753 <strong>Un remplissage ou un entretien est-il n\u00e9cessaire\u00a0?<\/strong><br \/>\n\u2705 <strong>Z\u00e9ro entretien<\/strong>\u2014 pr\u00e9rempli, pr\u00e9charg\u00e9, activ\u00e9 par tirage.<\/p>\n<p>&nbsp;<\/p>\n<h3 id=\"brxe-najhln\" class=\"brxe-heading\">Foire aux questions (FAQ)<\/h3>\n<div id=\"brxe-rajiac\" class=\"brxe-text\">\n<p><strong>Q : Quels modes de paiement acceptez-vous ?<\/strong><br \/>\nR\u00a0: Nous acceptons PayPal, Stripe, les virements bancaires (pris en charge par SEPA), les principales cartes de cr\u00e9dit (Visa, MasterCard, American Express) et les paiements en crypto-monnaie.<\/p>\n<p><strong>Q : Combien de temps prend la pr\u00e9paration d\u2019une commande ?<\/strong><br \/>\nR : La pr\u00e9paration de la commande prend 1 \u00e0 3 jours ouvrables.<\/p>\n<p><strong>Q : Quel est le d\u00e9lai de livraison ?<\/strong><br \/>\nR : Le d\u00e9lai de livraison est de 7 \u00e0 14 jours ouvrables, selon votre emplacement.<\/p>\n<p><strong>Q : Comment puis-je suivre ma commande ?<\/strong><br \/>\nR : Apr\u00e8s l'exp\u00e9dition, vous recevrez un e-mail de confirmation avec un num\u00e9ro de suivi pour un suivi en temps r\u00e9el.<\/p>\n<p><strong>Q : Quelle est votre politique de retour ?<\/strong><br \/>\nR : Nous proposons une politique de retour de 30 jours pour les remboursements ou les \u00e9changes. .<\/p>\n<p><strong>Q : Y aura-t-il des probl\u00e8mes douaniers ?<br \/>\n<\/strong>Nous prenons en charge toutes les proc\u00e9dures de d\u00e9douanement pour vous garantir une exp\u00e9rience sans tracas. .<\/p>\n<p><strong>Q : Quelles m\u00e9thodes d\u2019exp\u00e9dition sont utilis\u00e9es ?<\/strong><br \/>\nNous coop\u00e9rons avec UPS\/DHL\/FEDEX\/DPD, etc. Nous choisirons l'option d'exp\u00e9dition appropri\u00e9e en fonction du pays de livraison pour garantir que vous recevez vos produits le plus rapidement possible.<\/p>\n<p><a href=\"https:\/\/pgvape.com\/fr\/faq\/\">Cliquez ici pour plus de FAQ<\/a><\/p>\n<p>Chers clients, Si vous avez des questions concernant votre commande ou l'arriv\u00e9e des marchandises, n'h\u00e9sitez pas \u00e0 contacter notre service client. Merci !<\/p>\n<h3 data-sourcepos=\"73:1-73:21\"><strong data-sourcepos=\"73:7-73:21\">Contactez-nous<\/strong><\/h3>\n<div id=\"text-2419739398\" class=\"text\">\n<p><strong data-sourcepos=\"75:3-75:12\">E-mail<\/strong>:\u00a0<a href=\"mailto:support@pgvape.com\"><strong>support@pgvape.com<\/strong><\/a><\/p>\n<p><strong data-sourcepos=\"76:3-76:15\">WhatsApp<\/strong>:\u00a0<a href=\"https:\/\/wa.me\/+8618128481258\"><strong>+86 18128481258<\/strong><\/a><br \/>\n<strong>(R\u00e9ponse sous 24h les jours ouvr\u00e9s)<\/strong><\/p>\n<\/div>\n<h3><strong>Merci d'avoir choisi pgvape.com ! .<\/strong><\/h3>\n<\/div>","protected":false},"excerpt":{"rendered":"<p><strong>Bang Leader 18000<\/strong>\u2014<strong>18 K bouff\u00e9es<\/strong>, <strong>Type-C<\/strong> charge rapide, <strong>Maille de 1,0 \u03a9<\/strong>, <strong>12 saveurs<\/strong>, <strong>0-5 carte %<\/strong>.<strong>Vapez longtemps, chargez rapidement, go\u00fbtez davantage.<\/strong><\/p>","protected":false},"featured_media":7589,"comment_status":"open","ping_status":"closed","template":"","meta":{"_seopress_robots_primary_cat":"none","_seopress_titles_title":"","_seopress_titles_desc":"","_seopress_robots_index":""},"product_brand":[54,516],"product_cat":[236,32,515],"product_tag":[499,498,90,500],"class_list":{"0":"post-7586","1":"product","2":"type-product","3":"status-publish","4":"has-post-thumbnail","6":"product_brand-bang-leader-vape","7":"product_brand-disposable-vape","8":"product_cat-18k-puffs-vape","9":"product_cat-bang-leader-vape","10":"product_cat-disposable-vape","11":"product_tag-18k-puffs-vape","12":"product_tag-bang-leader-18000","13":"product_tag-disposable-vape","14":"product_tag-fixed-smooth-mtl-draw","16":"first","17":"instock","18":"sale","19":"shipping-taxable","20":"purchasable","21":"product-type-variable"},"_links":{"self":[{"href":"https:\/\/pgvape.com\/fr\/wp-json\/wp\/v2\/product\/7586","targetHints":{"allow":["GET"]}}],"collection":[{"href":"https:\/\/pgvape.com\/fr\/wp-json\/wp\/v2\/product"}],"about":[{"href":"https:\/\/pgvape.com\/fr\/wp-json\/wp\/v2\/types\/product"}],"replies":[{"embeddable":true,"href":"https:\/\/pgvape.com\/fr\/wp-json\/wp\/v2\/comments?post=7586"}],"wp:featuredmedia":[{"embeddable":true,"href":"https:\/\/pgvape.com\/fr\/wp-json\/wp\/v2\/media\/7589"}],"wp:attachment":[{"href":"https:\/\/pgvape.com\/fr\/wp-json\/wp\/v2\/media?parent=7586"}],"wp:term":[{"taxonomy":"product_brand","embeddable":true,"href":"https:\/\/pgvape.com\/fr\/wp-json\/wp\/v2\/product_brand?post=7586"},{"taxonomy":"product_cat","embeddable":true,"href":"https:\/\/pgvape.com\/fr\/wp-json\/wp\/v2\/product_cat?post=7586"},{"taxonomy":"product_tag","embeddable":true,"href":"https:\/\/pgvape.com\/fr\/wp-json\/wp\/v2\/product_tag?post=7586"}],"curies":[{"name":"wp","href":"https:\/\/api.w.org\/{rel}","templated":true}]}}