{"id":7555,"date":"2025-12-07T09:52:05","date_gmt":"2025-12-07T09:52:05","guid":{"rendered":"https:\/\/pgvape.com\/?post_type=product&#038;p=7555"},"modified":"2026-03-05T14:37:54","modified_gmt":"2026-03-05T14:37:54","slug":"bang-leader-30000-30k-bouffees-double-gout-vape-jetable-0-2-3-5-nicotine-ecran-lcd-vape-usine-directe","status":"publish","type":"product","link":"https:\/\/pgvape.com\/fr\/produit\/bang-leader-30000-30k-bouffees-double-gout-vape-jetable-0-2-3-5-nicotine-ecran-lcd-vape-usine-directe\/","title":{"rendered":"Bang leader 30000 30k Puffs Double go\u00fbt Vape jetable 0% 2% 3% 5% Nicotine LCD Display Vape Factory Direct"},"content":{"rendered":"<p>B\u00e9n\u00e9ficiez de performances exceptionnelles avec le <strong data-sourcepos=\"7:45-7:88\">Vape jetable Bang Leader 30000 bouff\u00e9es<\/strong> \u2013 Un appareil de premier plan alliant long\u00e9vit\u00e9 impressionnante et innovation de pointe. <strong data-sourcepos=\"7:292-7:314\">12 saveurs diverses<\/strong>, Avanc\u00e9 <strong data-sourcepos=\"7:325-7:347\">Fils chauffants en maille<\/strong>, et une construction ergonomique \u00e9l\u00e9gante, ce jetable offre une g\u00e9n\u00e9ration de vapeur et une coh\u00e9rence de saveur exceptionnelles pour des s\u00e9ances de vapotage vraiment satisfaisantes.<img loading=\"lazy\" decoding=\"async\" class=\"alignnone wp-image-7566 size-full\" src=\"https:\/\/pgvape.com\/wp-content\/uploads\/2025\/12\/Bang-leader-30000-30k-Puffs-Double-Taste-Disposable-Vape-0-2-3-5-Nicotine-12Tastes-LCD-Display-Vape-Factory-Direct-9.png\" alt=\"Deux appareils de vapotage jetables aux couleurs vives \u2013 un vert fluo et un bleu cyan \u2013 chacun avec une illustration f\u00e9line rugissante et la marque &#039; BANG LEADER &#039;, flottant au-dessus d&#039;un pi\u00e9destal bleu sarcelle brillant sur un fond g\u00e9om\u00e9trique, avec des ic\u00f4nes \u00e0 proximit\u00e9 montrant 36 ml, 550 mAh, 30\u00a0000 bouff\u00e9es, une bobine en maille et un graphique de porte-cigarette rotatif.\" width=\"1920\" height=\"899\" srcset=\"https:\/\/pgvape.com\/wp-content\/uploads\/2025\/12\/Bang-leader-30000-30k-Puffs-Double-Taste-Disposable-Vape-0-2-3-5-Nicotine-12Tastes-LCD-Display-Vape-Factory-Direct-9.png 1920w, https:\/\/pgvape.com\/wp-content\/uploads\/2025\/12\/Bang-leader-30000-30k-Puffs-Double-Taste-Disposable-Vape-0-2-3-5-Nicotine-12Tastes-LCD-Display-Vape-Factory-Direct-9-555x260.png 555w, https:\/\/pgvape.com\/wp-content\/uploads\/2025\/12\/Bang-leader-30000-30k-Puffs-Double-Taste-Disposable-Vape-0-2-3-5-Nicotine-12Tastes-LCD-Display-Vape-Factory-Direct-9-595x279.png 595w, https:\/\/pgvape.com\/wp-content\/uploads\/2025\/12\/Bang-leader-30000-30k-Puffs-Double-Taste-Disposable-Vape-0-2-3-5-Nicotine-12Tastes-LCD-Display-Vape-Factory-Direct-9-400x187.png 400w, https:\/\/pgvape.com\/wp-content\/uploads\/2025\/12\/Bang-leader-30000-30k-Puffs-Double-Taste-Disposable-Vape-0-2-3-5-Nicotine-12Tastes-LCD-Display-Vape-Factory-Direct-9-768x360.png 768w, https:\/\/pgvape.com\/wp-content\/uploads\/2025\/12\/Bang-leader-30000-30k-Puffs-Double-Taste-Disposable-Vape-0-2-3-5-Nicotine-12Tastes-LCD-Display-Vape-Factory-Direct-9-1536x719.png 1536w, https:\/\/pgvape.com\/wp-content\/uploads\/2025\/12\/Bang-leader-30000-30k-Puffs-Double-Taste-Disposable-Vape-0-2-3-5-Nicotine-12Tastes-LCD-Display-Vape-Factory-Direct-9-18x8.png 18w, https:\/\/pgvape.com\/wp-content\/uploads\/2025\/12\/Bang-leader-30000-30k-Puffs-Double-Taste-Disposable-Vape-0-2-3-5-Nicotine-12Tastes-LCD-Display-Vape-Factory-Direct-9-600x281.png 600w\" sizes=\"auto, (max-width: 1920px) 100vw, 1920px\" \/><\/p>\n<p>&nbsp;<\/p>\n<h2><span style=\"font-size: 90%;\">Bang leader 30000 30k Puffs Double Go\u00fbt Vape Jetable Sp\u00e9cifications<\/span><\/h2>\n<p><strong data-sourcepos=\"12:3-12:21\">Capacit\u00e9 de bouff\u00e9e\u00a0:<\/strong>\u00a0Jusqu'\u00e0\u00a0<strong data-sourcepos=\"12:28-12:44\">30 000 bouff\u00e9es<\/strong><\/p>\n<p><strong data-sourcepos=\"13:3-13:23\">Volume d'e-liquide\u00a0:<\/strong>\u00a0<strong data-sourcepos=\"13:24-13:32\">36 ml<\/strong><\/p>\n<p><strong data-sourcepos=\"14:3-14:15\">Batterie:<\/strong>\u00a0<strong data-sourcepos=\"14:16-14:37\">550 mAh int\u00e9gr\u00e9<\/strong>\u00a0Avec chargement USB<\/p>\n<p><strong data-sourcepos=\"15:3-15:15\">Afficher:<\/strong>\u00a0\u00c9cran LCD interactif affichant l'\u00e9tat de la batterie et du e-liquide<\/p>\n<p><strong data-sourcepos=\"16:3-16:17\">Type de bobine\u00a0:<\/strong>\u00a0<strong data-sourcepos=\"16:18-16:36\">Fil de maille 1,0 \u03a9<\/strong>\u00a0Pour un chauffage sup\u00e9rieur<\/p>\n<p><strong data-sourcepos=\"17:3-17:16\">Caract\u00e9ristiques:<\/strong>\u00a0<strong data-sourcepos=\"17:17-17:39\">D\u00e9bit d'air r\u00e9glable<\/strong>\u00a0\u2022\u00a0<strong data-sourcepos=\"17:42-17:60\">Activ\u00e9 par tirage<\/strong>\u00a0\u2022\u00a0<strong data-sourcepos=\"17:63-17:90\">Conception portative compacte<\/strong><\/p>\n<p><strong data-sourcepos=\"18:3-18:24\">Options nicotiniques\u00a0:<\/strong>\u00a0<strong data-sourcepos=\"18:25-18:46\">0%, 2%, 3% ou 5%<\/strong><\/p>\n<p>&nbsp;<\/p>\n<h3><span style=\"font-size: 90%;\">Bang leader 30000 30k Puffs Liste des saveurs de vape jetables \u00e0 double go\u00fbt<\/span><\/h3>\n<p><strong data-sourcepos=\"24:4-24:39\">1. Glace past\u00e8que\/menthe myrtille<\/strong><\/p>\n<p><strong data-sourcepos=\"25:4-25:41\">2.Glace Past\u00e8que \/ Fraise Mangue<\/strong><\/p>\n<p><strong data-sourcepos=\"26:4-26:56\">3.Fraise Past\u00e8que \/ Kiwi Fruit de la Passion Goyave<\/strong><\/p>\n<p><strong data-sourcepos=\"27:4-27:41\">4.Fraise Past\u00e8que\/Glace Raisin<\/strong><\/p>\n<p><strong data-sourcepos=\"28:4-28:52\">5. Myrtille Framboise \/ P\u00eache Mangue Past\u00e8que<\/strong><\/p>\n<p><strong data-sourcepos=\"29:4-29:48\">6. Myrtille Framboise \/ M\u00e9lange de fruits moisis<\/strong><\/p>\n<p><strong data-sourcepos=\"30:4-30:40\">7. Glace aux bleuets \/ Glace du dragon noir<\/strong><\/p>\n<p><strong data-sourcepos=\"31:4-31:41\">8. Glace aux myrtilles \/ Fraise Banane<\/strong><\/p>\n<p><strong data-sourcepos=\"32:4-32:39\">9. Red Bull \/ Past\u00e8que aux bleuets<\/strong><\/p>\n<p><strong data-sourcepos=\"33:5-33:43\">10.Red Bull \/ Bonbons \u00e0 bulles de past\u00e8que<\/strong><\/p>\n<p><strong data-sourcepos=\"34:5-34:36\">11.Fraise Kiwi \/ Glace P\u00eache<\/strong><\/p>\n<p><strong data-sourcepos=\"35:5-35:47\">12.Fraise Kiwi \/ Pomme Aigre Framboise<img loading=\"lazy\" decoding=\"async\" class=\"alignnone wp-image-7561 size-full\" src=\"https:\/\/pgvape.com\/wp-content\/uploads\/2025\/12\/Bang-leader-30000-30k-Puffs-Double-Taste-Disposable-Vape-0-2-3-5-Nicotine-12Tastes-LCD-Display-Vape-Factory-Direct-4.png\" alt=\"Rang\u00e9e de douze appareils de vape jetables rectangulaires aux couleurs vives &#039; Bang Leader &#039; avec des embouts noirs, chacun portant un logo stylis\u00e9 \u00e0 t\u00eate de tigre et des noms de saveurs sur des panneaux d\u00e9grad\u00e9s vibrants sur un fond violet fum\u00e9 et le titre &#039; Bang leader 30k Puffs Double Taste Vape jetable &#039; sur le dessus.\" width=\"1600\" height=\"1026\" srcset=\"https:\/\/pgvape.com\/wp-content\/uploads\/2025\/12\/Bang-leader-30000-30k-Puffs-Double-Taste-Disposable-Vape-0-2-3-5-Nicotine-12Tastes-LCD-Display-Vape-Factory-Direct-4.png 1600w, https:\/\/pgvape.com\/wp-content\/uploads\/2025\/12\/Bang-leader-30000-30k-Puffs-Double-Taste-Disposable-Vape-0-2-3-5-Nicotine-12Tastes-LCD-Display-Vape-Factory-Direct-4-555x356.png 555w, https:\/\/pgvape.com\/wp-content\/uploads\/2025\/12\/Bang-leader-30000-30k-Puffs-Double-Taste-Disposable-Vape-0-2-3-5-Nicotine-12Tastes-LCD-Display-Vape-Factory-Direct-4-595x382.png 595w, https:\/\/pgvape.com\/wp-content\/uploads\/2025\/12\/Bang-leader-30000-30k-Puffs-Double-Taste-Disposable-Vape-0-2-3-5-Nicotine-12Tastes-LCD-Display-Vape-Factory-Direct-4-400x257.png 400w, https:\/\/pgvape.com\/wp-content\/uploads\/2025\/12\/Bang-leader-30000-30k-Puffs-Double-Taste-Disposable-Vape-0-2-3-5-Nicotine-12Tastes-LCD-Display-Vape-Factory-Direct-4-768x492.png 768w, https:\/\/pgvape.com\/wp-content\/uploads\/2025\/12\/Bang-leader-30000-30k-Puffs-Double-Taste-Disposable-Vape-0-2-3-5-Nicotine-12Tastes-LCD-Display-Vape-Factory-Direct-4-1536x985.png 1536w, https:\/\/pgvape.com\/wp-content\/uploads\/2025\/12\/Bang-leader-30000-30k-Puffs-Double-Taste-Disposable-Vape-0-2-3-5-Nicotine-12Tastes-LCD-Display-Vape-Factory-Direct-4-18x12.png 18w, https:\/\/pgvape.com\/wp-content\/uploads\/2025\/12\/Bang-leader-30000-30k-Puffs-Double-Taste-Disposable-Vape-0-2-3-5-Nicotine-12Tastes-LCD-Display-Vape-Factory-Direct-4-600x385.png 600w\" sizes=\"auto, (max-width: 1600px) 100vw, 1600px\" \/><\/strong><\/p>\n<p>&nbsp;<\/p>\n<h3><span style=\"font-size: 90%;\">Vid\u00e9o de vape jetable \u00e0 double go\u00fbt Bang leader 30000 30k Puffs\u00a0:<\/span><\/h3>\n<p>&nbsp;<\/p>\n<h2 class=\"header-vfC6AV auto-hide-last-sibling-br\"><span style=\"font-size: 90%;\">FAQ sur Bang leader 30000 30k Puffs Vape jetable \u00e0 double go\u00fbt<\/span><\/h2>\n<p>\u2753 <strong class=\"\">Comment \u00e9changer les deux saveurs ?<\/strong><br \/>\n\u2705 <strong>Double go\u00fbt<\/strong> structure\u00a0: faites glisser pour basculer entre les <strong>saveurs appari\u00e9es<\/strong> imm\u00e9diatement.<\/p>\n<p>\u2753 <strong class=\"\">Combien de bouff\u00e9es par appareil ?<\/strong><br \/>\n\u2705 \u00c9valu\u00e9 en usine <strong>jusqu'\u00e0 30 000 bouff\u00e9es<\/strong>, le nombre r\u00e9el varie en fonction de la force de tirage.<\/p>\n<p>\u2753 <strong class=\"\">Comment v\u00e9rifier la batterie ou le liquide ?<\/strong><br \/>\n\u2705 <strong class=\"\">Affichage num\u00e9rique LCD<\/strong> montre en temps r\u00e9el <strong>batterie<\/strong> et <strong>e-liquide restant<\/strong>.<\/p>\n<p>\u2753 <strong class=\"\">Quels sont les dosages de nicotine disponibles ?<\/strong><br \/>\n\u2705 <strong class=\"\">0 %, 2 %, 3 %, 5 %<\/strong>\u2014 confirmer la version lors de la commande.<\/p>\n<p>\u2753 <strong class=\"\">L'appareil est-il rechargeable ?<\/strong><br \/>\n\u2705 Int\u00e9gr\u00e9 <strong class=\"\">550 mAh<\/strong> batterie avec <strong class=\"\">Type-C<\/strong> port pour des recharges rapides.<\/p>\n<p>\u2753 <strong class=\"\">Puis-je r\u00e9gler le d\u00e9bit d\u2019air ?<\/strong><br \/>\n\u2705 <strong class=\"\">D\u00e9bit d'air r\u00e9glable<\/strong> vous permet de choisir <strong class=\"\">serr\u00e9, moyen ou ouvert<\/strong> dessiner.<\/p>\n<p>&nbsp;<\/p>\n<h3 id=\"brxe-najhln\" class=\"brxe-heading\">Foire aux questions (FAQ)<\/h3>\n<div id=\"brxe-rajiac\" class=\"brxe-text\">\n<p><strong>Q : Quels modes de paiement acceptez-vous ?<\/strong><br \/>\nR\u00a0: Nous acceptons PayPal, Stripe, les virements bancaires (pris en charge par SEPA), les principales cartes de cr\u00e9dit (Visa, MasterCard, American Express) et les paiements en crypto-monnaie.<\/p>\n<p><strong>Q : Combien de temps prend la pr\u00e9paration d\u2019une commande ?<\/strong><br \/>\nR : La pr\u00e9paration de la commande prend 1 \u00e0 3 jours ouvrables.<\/p>\n<p><strong>Q : Quel est le d\u00e9lai de livraison ?<\/strong><br \/>\nR : Le d\u00e9lai de livraison est de 7 \u00e0 14 jours ouvrables, selon votre emplacement.<\/p>\n<p><strong>Q : Comment puis-je suivre ma commande ?<\/strong><br \/>\nR : Apr\u00e8s l'exp\u00e9dition, vous recevrez un e-mail de confirmation avec un num\u00e9ro de suivi pour un suivi en temps r\u00e9el.<\/p>\n<p><strong>Q : Quelle est votre politique de retour ?<\/strong><br \/>\nR : Nous proposons une politique de retour de 30 jours pour les remboursements ou les \u00e9changes. .<\/p>\n<p><strong>Q : Y aura-t-il des probl\u00e8mes douaniers ?<br \/>\n<\/strong>Nous prenons en charge toutes les proc\u00e9dures de d\u00e9douanement pour vous garantir une exp\u00e9rience sans tracas. .<\/p>\n<p><strong>Q : Quelles m\u00e9thodes d\u2019exp\u00e9dition sont utilis\u00e9es ?<\/strong><br \/>\nNous coop\u00e9rons avec UPS\/DHL\/FEDEX\/DPD, etc. Nous choisirons l'option d'exp\u00e9dition appropri\u00e9e en fonction du pays de livraison pour garantir que vous recevez vos produits le plus rapidement possible.<\/p>\n<p><a href=\"https:\/\/pgvape.com\/fr\/faq\/\">Cliquez ici pour plus de FAQ<\/a><\/p>\n<p>Chers clients, Si vous avez des questions concernant votre commande ou l'arriv\u00e9e des marchandises, n'h\u00e9sitez pas \u00e0 contacter notre service client. Merci !<\/p>\n<h3 data-sourcepos=\"73:1-73:21\"><strong data-sourcepos=\"73:7-73:21\">Contactez-nous<\/strong><\/h3>\n<div id=\"text-2419739398\" class=\"text\">\n<p><strong data-sourcepos=\"75:3-75:12\">E-mail<\/strong>:\u00a0<a href=\"mailto:support@pgvape.com\"><strong>support@pgvape.com<\/strong><\/a><\/p>\n<p><strong data-sourcepos=\"76:3-76:15\">WhatsApp<\/strong>:\u00a0<a href=\"https:\/\/wa.me\/+8618128481258\"><strong>+86 18128481258<\/strong><\/a><br \/>\n<strong>(R\u00e9ponse sous 24h les jours ouvr\u00e9s)<\/strong><\/p>\n<\/div>\n<h3><strong>Merci d'avoir choisi pgvape.com ! .<\/strong><\/h3>\n<\/div>","protected":false},"excerpt":{"rendered":"<p><strong>Bang Leader 30000<\/strong> \u2014 <strong>30 000 bouff\u00e9es<\/strong>, <strong>36Ml<\/strong>, <strong>Double go\u00fbt<\/strong>, <strong>\u00c9cran LCD<\/strong>, <strong>Maille 1,0 \u03a9<\/strong>, <strong>Type-C<\/strong>, <strong>D\u00e9bit d'air r\u00e9glable<\/strong>, <strong>0-5% Carte r\u00e9seau<\/strong>. <strong>Glissez, changez, savourez<\/strong>.<\/p>","protected":false},"featured_media":7560,"comment_status":"open","ping_status":"closed","template":"","meta":{"_seopress_robots_primary_cat":"none","_seopress_titles_title":"","_seopress_titles_desc":"","_seopress_robots_index":""},"product_brand":[54,516],"product_cat":[35,32,515],"product_tag":[349,497,90,68,352],"class_list":{"0":"post-7555","1":"product","2":"type-product","3":"status-publish","4":"has-post-thumbnail","6":"product_brand-bang-leader-vape","7":"product_brand-disposable-vape","8":"product_cat-30k-puffs-vape","9":"product_cat-bang-leader-vape","10":"product_cat-disposable-vape","11":"product_tag-30k-puffs-vape","12":"product_tag-bang-leader-30000","13":"product_tag-disposable-vape","14":"product_tag-double-taste","15":"product_tag-dual-pod","17":"first","18":"outofstock","19":"sale","20":"shipping-taxable","21":"purchasable","22":"product-type-variable"},"_links":{"self":[{"href":"https:\/\/pgvape.com\/fr\/wp-json\/wp\/v2\/product\/7555","targetHints":{"allow":["GET"]}}],"collection":[{"href":"https:\/\/pgvape.com\/fr\/wp-json\/wp\/v2\/product"}],"about":[{"href":"https:\/\/pgvape.com\/fr\/wp-json\/wp\/v2\/types\/product"}],"replies":[{"embeddable":true,"href":"https:\/\/pgvape.com\/fr\/wp-json\/wp\/v2\/comments?post=7555"}],"wp:featuredmedia":[{"embeddable":true,"href":"https:\/\/pgvape.com\/fr\/wp-json\/wp\/v2\/media\/7560"}],"wp:attachment":[{"href":"https:\/\/pgvape.com\/fr\/wp-json\/wp\/v2\/media?parent=7555"}],"wp:term":[{"taxonomy":"product_brand","embeddable":true,"href":"https:\/\/pgvape.com\/fr\/wp-json\/wp\/v2\/product_brand?post=7555"},{"taxonomy":"product_cat","embeddable":true,"href":"https:\/\/pgvape.com\/fr\/wp-json\/wp\/v2\/product_cat?post=7555"},{"taxonomy":"product_tag","embeddable":true,"href":"https:\/\/pgvape.com\/fr\/wp-json\/wp\/v2\/product_tag?post=7555"}],"curies":[{"name":"wp","href":"https:\/\/api.w.org\/{rel}","templated":true}]}}