{"id":7499,"date":"2025-12-06T12:28:15","date_gmt":"2025-12-06T12:28:15","guid":{"rendered":"https:\/\/pgvape.com\/?post_type=product&#038;p=7499"},"modified":"2026-03-15T13:32:42","modified_gmt":"2026-03-15T13:32:42","slug":"bang-leader-stoll-100000-100k-bouffees-4-en-1-saveurs-vape-jetable-0-2-3-5-nicotines-quad-tank10gouts-tpd-certifie-vape-usine-directe","status":"publish","type":"product","link":"https:\/\/pgvape.com\/fr\/produit\/bang-leader-stoll-100000-100k-bouffees-4-en-1-saveurs-vape-jetable-0-2-3-5-nicotines-quad-tank10gouts-tpd-certifie-vape-usine-directe\/","title":{"rendered":"Bang Leader Stoll 100000 100K Puffs 4 en 1 Saveurs Vape jetable 0% 2% 3% 5% Nicotines Quad Tank10Tastes TPD Certifi\u00e9 Vape Factory Direct"},"content":{"rendered":"<p>Dirigez votre royaume de vapotage avec le <strong data-sourcepos=\"7:33-7:72\">Bang Leader Stoll 4-en-1 100 000 bouff\u00e9es<\/strong> \u2013 L\u2019h\u00e9ritier imp\u00e9rial de l\u2019excellence gustative. <strong data-sourcepos=\"7:141-7:173\">Syst\u00e8me de cartouches \u00e0 quatre saveurs<\/strong>, cet appareil souverain vous permet de basculer gracieusement entre quatre domaines de saveurs royales avec un simple tour de couronne. <strong data-sourcepos=\"7:315-7:333\">Batterie 850mAh<\/strong> Avec la foudre <strong data-sourcepos=\"7:349-7:368\">Chargement de type C<\/strong>, il s\u00e9curise votre tr\u00f4ne jusqu'\u00e0 <strong data-sourcepos=\"7:404-7:421\">100 000 bouff\u00e9es<\/strong> De majest\u00e9 ininterrompue. <strong data-sourcepos=\"7:452-7:470\">Bobine \u00e0 quatre mailles<\/strong> Enflamme des nuages \u200b\u200bdenses et des saveurs cristallines, le tout envelopp\u00e9 dans un design royal digne du tr\u00f4ne. .<\/p>\n<p>&nbsp;<\/p>\n<h2><span style=\"font-size: 90%;\">Bang Leader Stoll\u00a0100 000 bouff\u00e9es 4 en 1, saveurs jetables, sp\u00e9cifications de vape<\/span><\/h2>\n<p><strong data-sourcepos=\"12:3-12:20\">Capacit\u00e9 de bouff\u00e9e<\/strong>: Jusqu'\u00e0 100 000 bouff\u00e9es<\/p>\n<p><strong data-sourcepos=\"13:3-13:14\">Batterie<\/strong>:\u00a0<strong data-sourcepos=\"13:16-13:39\">850mAh rechargeable<\/strong>\u00a0Avec\u00a0<strong data-sourcepos=\"13:45-13:69\">Chargement rapide de type C<\/strong><\/p>\n<p><strong data-sourcepos=\"14:3-14:24\">Capacit\u00e9 e-liquide<\/strong>:\u00a0<strong data-sourcepos=\"14:26-14:38\">14 ml \u00d7 4<\/strong>\u00a0R\u00e9servoirs ind\u00e9pendants<\/p>\n<p><strong data-sourcepos=\"15:3-15:11\">Bobine<\/strong>:\u00a0<strong data-sourcepos=\"15:13-15:36\">Bobine \u00e0 quatre mailles de 1,0 \u03a9<\/strong><\/p>\n<p><strong data-sourcepos=\"16:3-16:24\">Force de la nicotine<\/strong>: Ajustable \u2013\u00a0<strong data-sourcepos=\"16:39-16:57\">0%, 2%, 3%, 5%<\/strong><\/p>\n<p><strong data-sourcepos=\"17:3-17:20\">Attestation<\/strong>:\u00a0<strong data-sourcepos=\"17:22-17:39\">Certifi\u00e9 TPD<\/strong>\u00a0Pour les march\u00e9s de l'UE<\/p>\n<p>&nbsp;<\/p>\n<h3><span style=\"font-size: 90%;\">Bang Leader Stoll\u00a0 100 000 bouff\u00e9es 4 en 1, liste des saveurs de vape jetables<\/span><\/h3>\n<p>1. Glace au citron vert et \u00e0 la past\u00e8que et glace au dragon noir et au fruit du dragon Fraise et amour 666<\/p>\n<p>2.Vanille Cola &amp; Citron P\u00eache &amp; Fraise Framboise &amp; Glace Cerise &amp; Glace Raisin<\/p>\n<p>3.\u00c9clat de raisin et glace au litchi et baies de p\u00eache et kiwi Fruit de la passion Goyave<\/p>\n<p>4. Glace \u00e0 la past\u00e8que et \u00e0 la fraise, \u00e0 la mangue et \u00e0 la myrtille et \u00e0 la cerise p\u00e9tillante<\/p>\n<p>5. Rafra\u00eechisseur de fraise, past\u00e8que, cerise, glace \u00e0 la p\u00eache juteuse et pamplemousse<\/p>\n<p>6. Glace au citron vert et aux fraises, \u00e0 la framboise, \u00e0 la past\u00e8que et \u00e0 la cerise p\u00e9tillante<\/p>\n<p>7. Limonade rose et kiwi, fruit de la passion, goyave, p\u00eache, baies et fraise banane<\/p>\n<p>8. Limonade aux fraises, mangue et Blue Razz, glace \u00e0 la vanille et triple baie aigre<\/p>\n<p>9.M\u00e9lange de baies et de cerises, de citron et de fraise, de kiwi et de bubblegum \u00e0 la fraise et \u00e0 la past\u00e8que<\/p>\n<p>10.Mojito &amp; Monster Mango &amp; Lady Killer &amp; Limonade Rose<img loading=\"lazy\" decoding=\"async\" class=\"alignnone wp-image-7504 size-full\" src=\"https:\/\/pgvape.com\/wp-content\/uploads\/2025\/12\/Bang-Leader-Stoll-100K-Puffs-4-in-1-Flavors-Disposable-Vape-0-2-3-5-Nicotines-Quad-Tank-10Tastes-TPD-Certified-Vape-Factory-Direct-PGvape-3.png\" alt=\"Dix appareils de vapotage jetables color\u00e9s dispos\u00e9s en deux rang\u00e9es sur un fond bleu clair, chacun pr\u00e9sentant des illustrations audacieuses sur le th\u00e8me des animaux, une base noire avec des affichages num\u00e9riques circulaires et des noms de saveurs de fruits imprim\u00e9s en dessous.\" width=\"1800\" height=\"1670\" srcset=\"https:\/\/pgvape.com\/wp-content\/uploads\/2025\/12\/Bang-Leader-Stoll-100K-Puffs-4-in-1-Flavors-Disposable-Vape-0-2-3-5-Nicotines-Quad-Tank-10Tastes-TPD-Certified-Vape-Factory-Direct-PGvape-3.png 1800w, https:\/\/pgvape.com\/wp-content\/uploads\/2025\/12\/Bang-Leader-Stoll-100K-Puffs-4-in-1-Flavors-Disposable-Vape-0-2-3-5-Nicotines-Quad-Tank-10Tastes-TPD-Certified-Vape-Factory-Direct-PGvape-3-388x360.png 388w, https:\/\/pgvape.com\/wp-content\/uploads\/2025\/12\/Bang-Leader-Stoll-100K-Puffs-4-in-1-Flavors-Disposable-Vape-0-2-3-5-Nicotines-Quad-Tank-10Tastes-TPD-Certified-Vape-Factory-Direct-PGvape-3-595x552.png 595w, https:\/\/pgvape.com\/wp-content\/uploads\/2025\/12\/Bang-Leader-Stoll-100K-Puffs-4-in-1-Flavors-Disposable-Vape-0-2-3-5-Nicotines-Quad-Tank-10Tastes-TPD-Certified-Vape-Factory-Direct-PGvape-3-400x371.png 400w, https:\/\/pgvape.com\/wp-content\/uploads\/2025\/12\/Bang-Leader-Stoll-100K-Puffs-4-in-1-Flavors-Disposable-Vape-0-2-3-5-Nicotines-Quad-Tank-10Tastes-TPD-Certified-Vape-Factory-Direct-PGvape-3-768x713.png 768w, https:\/\/pgvape.com\/wp-content\/uploads\/2025\/12\/Bang-Leader-Stoll-100K-Puffs-4-in-1-Flavors-Disposable-Vape-0-2-3-5-Nicotines-Quad-Tank-10Tastes-TPD-Certified-Vape-Factory-Direct-PGvape-3-1536x1425.png 1536w, https:\/\/pgvape.com\/wp-content\/uploads\/2025\/12\/Bang-Leader-Stoll-100K-Puffs-4-in-1-Flavors-Disposable-Vape-0-2-3-5-Nicotines-Quad-Tank-10Tastes-TPD-Certified-Vape-Factory-Direct-PGvape-3-13x12.png 13w, https:\/\/pgvape.com\/wp-content\/uploads\/2025\/12\/Bang-Leader-Stoll-100K-Puffs-4-in-1-Flavors-Disposable-Vape-0-2-3-5-Nicotines-Quad-Tank-10Tastes-TPD-Certified-Vape-Factory-Direct-PGvape-3-600x557.png 600w\" sizes=\"auto, (max-width: 1800px) 100vw, 1800px\" \/><\/p>\n<p>&nbsp;<\/p>\n<h3><span style=\"font-size: 90%;\">Bang Leader Stoll\u00a0 100 000 bouff\u00e9es 4 en 1, saveurs jetables <strong>Vid\u00e9o:<\/strong><\/span><\/h3>\n<p>&nbsp;<\/p>\n<h2><span style=\"font-size: 90%;\">FAQ sur la vape jetable Bang Leader Stoll 100 000 bouff\u00e9es 4 en 1<\/span><\/h2>\n<p data-sourcepos=\"34:1-36:100\">\u2753 <strong data-sourcepos=\"35:3-35:48\">Comment puis-je changer entre les quatre saveurs\u00a0?<\/strong><br \/>\n\u2705 Une simple torsion de la base change le <strong data-sourcepos=\"36:43-36:68\">Cartouche quatre en un<\/strong> Vers votre prochaine domination des saveurs.<\/p>\n<p data-sourcepos=\"38:1-39:84\">\u2753 <strong data-sourcepos=\"38:3-38:45\">Quels sont les dosages de nicotine disponibles\u00a0?<\/strong><br \/>\n\u2705 Choisissez votre r\u00e8gne parmi <strong data-sourcepos=\"39:26-39:47\">0%, 2%, 3% ou 5%<\/strong> Pour correspondre \u00e0 vos pr\u00e9f\u00e9rences imp\u00e9riales.<\/p>\n<p data-sourcepos=\"41:1-42:128\">\u2753 <strong data-sourcepos=\"41:3-41:35\">L'appareil est-il certifi\u00e9 TPD\u00a0?<br \/>\n<\/strong> \u2705Oui. <strong data-sourcepos=\"42:12-42:33\">Bang Leader Stoll<\/strong> est enti\u00e8rement <strong data-sourcepos=\"42:43-42:60\">Certifi\u00e9 TPD<\/strong>, Garantir une souverainet\u00e9 l\u00e9gitime sur tous les territoires europ\u00e9ens.<\/p>\n<p data-sourcepos=\"44:1-45:155\">\u2753 <strong data-sourcepos=\"44:3-44:55\">Comment la bobine Quad-Mesh am\u00e9liore-t-elle les performances ?<br \/>\n<\/strong> \u2705Le <strong data-sourcepos=\"45:7-45:27\">Conception \u00e0 quatre mailles<\/strong> Cr\u00e9e quatre fois la surface de chauffage, g\u00e9n\u00e9rant une saveur imm\u00e9diate et toujours riche et une densit\u00e9 de panache digne de la couronne.<\/p>\n<p>&nbsp;<\/p>\n<h3 id=\"brxe-najhln\" class=\"brxe-heading\">Foire aux questions (FAQ)<\/h3>\n<div id=\"brxe-rajiac\" class=\"brxe-text\">\n<p><strong>Q : Quels modes de paiement acceptez-vous ?<\/strong><br \/>\nR\u00a0: Nous acceptons PayPal, Stripe, les virements bancaires (pris en charge par SEPA), les principales cartes de cr\u00e9dit (Visa, MasterCard, American Express) et les paiements en crypto-monnaie.<\/p>\n<p><strong>Q : Combien de temps prend la pr\u00e9paration d\u2019une commande ?<\/strong><br \/>\nR : La pr\u00e9paration de la commande prend 1 \u00e0 3 jours ouvrables.<\/p>\n<p><strong>Q : Quel est le d\u00e9lai de livraison ?<\/strong><br \/>\nR : Le d\u00e9lai de livraison est de 7 \u00e0 14 jours ouvrables, selon votre emplacement.<\/p>\n<p><strong>Q : Comment puis-je suivre ma commande ?<\/strong><br \/>\nR : Apr\u00e8s l'exp\u00e9dition, vous recevrez un e-mail de confirmation avec un num\u00e9ro de suivi pour un suivi en temps r\u00e9el.<\/p>\n<p><strong>Q : Quelle est votre politique de retour ?<\/strong><br \/>\nR : Nous proposons une politique de retour de 30 jours pour les remboursements ou les \u00e9changes. .<\/p>\n<p><strong>Q : Y aura-t-il des probl\u00e8mes douaniers ?<br \/>\n<\/strong>Nous prenons en charge toutes les proc\u00e9dures de d\u00e9douanement pour vous garantir une exp\u00e9rience sans tracas. .<\/p>\n<p><strong>Q : Quelles m\u00e9thodes d\u2019exp\u00e9dition sont utilis\u00e9es ?<\/strong><br \/>\nNous coop\u00e9rons avec UPS\/DHL\/FEDEX\/DPD, etc. Nous choisirons l'option d'exp\u00e9dition appropri\u00e9e en fonction du pays de livraison pour garantir que vous recevez vos produits le plus rapidement possible.<\/p>\n<p><a href=\"https:\/\/pgvape.com\/fr\/faq\/\">Cliquez ici pour plus de FAQ<\/a><\/p>\n<p>Chers clients, Si vous avez des questions concernant votre commande ou l'arriv\u00e9e des marchandises, n'h\u00e9sitez pas \u00e0 contacter notre service client. Merci !<\/p>\n<h3 data-sourcepos=\"73:1-73:21\"><strong data-sourcepos=\"73:7-73:21\">Contactez-nous<\/strong><\/h3>\n<div id=\"text-2419739398\" class=\"text\">\n<p><strong data-sourcepos=\"75:3-75:12\">E-mail<\/strong>:\u00a0<a href=\"mailto:support@pgvape.com\"><strong>support@pgvape.com<\/strong><\/a><\/p>\n<p><strong data-sourcepos=\"76:3-76:15\">WhatsApp<\/strong>:\u00a0<a href=\"https:\/\/wa.me\/+8618128481258\"><strong>+86 18128481258<\/strong><\/a><br \/>\n<strong>(R\u00e9ponse sous 24h les jours ouvr\u00e9s)<\/strong><\/p>\n<\/div>\n<h3><strong>Merci d'avoir choisi pgvape.com ! .<\/strong><\/h3>\n<\/div>","protected":false},"excerpt":{"rendered":"<p><strong>Bang Leader Stoll 4-en-1<\/strong> \u2014 <strong>100 000 bouff\u00e9es<\/strong>, <strong>R\u00e9servoirs quadruples de 14 ml<\/strong>, <strong>1,0\u03a9 Quad-Mesh<\/strong>, <strong>850\u00a0Mah Type-C<\/strong>, <strong>4 royaumes de saveurs<\/strong>, <strong>0-5%Nicotine<\/strong>. <strong>R\u00e8gle plus longtemps, change plus rapidement, Vape Royal<\/strong>.<\/p>","protected":false},"featured_media":7502,"comment_status":"open","ping_status":"closed","template":"","meta":{"_seopress_robots_primary_cat":"none","_seopress_titles_title":"%%post_title%% %%sep%% %%sitetitle%%","_seopress_titles_desc":"","_seopress_robots_index":""},"product_brand":[54,516],"product_cat":[170,32,515],"product_tag":[395,53,491,90,492,493],"class_list":{"0":"post-7499","1":"product","2":"type-product","3":"status-publish","4":"has-post-thumbnail","6":"product_brand-bang-leader-vape","7":"product_brand-disposable-vape","8":"product_cat-100k-puffs-vape","9":"product_cat-bang-leader-vape","10":"product_cat-disposable-vape","11":"product_tag-100k-puffs-vape","12":"product_tag-4-in-1-flavors","13":"product_tag-bang-leader-stoll-100000","14":"product_tag-disposable-vape","15":"product_tag-quad-tank","16":"product_tag-tpd-certified","18":"first","19":"instock","20":"sale","21":"shipping-taxable","22":"purchasable","23":"product-type-variable"},"_links":{"self":[{"href":"https:\/\/pgvape.com\/fr\/wp-json\/wp\/v2\/product\/7499","targetHints":{"allow":["GET"]}}],"collection":[{"href":"https:\/\/pgvape.com\/fr\/wp-json\/wp\/v2\/product"}],"about":[{"href":"https:\/\/pgvape.com\/fr\/wp-json\/wp\/v2\/types\/product"}],"replies":[{"embeddable":true,"href":"https:\/\/pgvape.com\/fr\/wp-json\/wp\/v2\/comments?post=7499"}],"wp:featuredmedia":[{"embeddable":true,"href":"https:\/\/pgvape.com\/fr\/wp-json\/wp\/v2\/media\/7502"}],"wp:attachment":[{"href":"https:\/\/pgvape.com\/fr\/wp-json\/wp\/v2\/media?parent=7499"}],"wp:term":[{"taxonomy":"product_brand","embeddable":true,"href":"https:\/\/pgvape.com\/fr\/wp-json\/wp\/v2\/product_brand?post=7499"},{"taxonomy":"product_cat","embeddable":true,"href":"https:\/\/pgvape.com\/fr\/wp-json\/wp\/v2\/product_cat?post=7499"},{"taxonomy":"product_tag","embeddable":true,"href":"https:\/\/pgvape.com\/fr\/wp-json\/wp\/v2\/product_tag?post=7499"}],"curies":[{"name":"wp","href":"https:\/\/api.w.org\/{rel}","templated":true}]}}