{"id":7257,"date":"2025-12-01T09:41:03","date_gmt":"2025-12-01T09:41:03","guid":{"rendered":"https:\/\/pgvape.com\/?post_type=product&#038;p=7257"},"modified":"2026-03-15T13:32:42","modified_gmt":"2026-03-15T13:32:42","slug":"bang-king-triple-100000-100k-bouffees-3-en-1-saveurs-vape-jetable-triple-maille-bobines-vape-usine-directe","status":"publish","type":"product","link":"https:\/\/pgvape.com\/fr\/produit\/bang-king-triple-100000-100k-bouffees-3-en-1-saveurs-vape-jetable-triple-maille-bobines-vape-usine-directe\/","title":{"rendered":"Bang King Triple 100000 100K Puffs 3 en 1 Saveurs Vape jetable Triple\u00a0Mesh Coils Vape Factory Direct"},"content":{"rendered":"<p>Bang King \u2013 Le tout-en-un\u00a0<strong>Vaper<\/strong>\u00a0C'est construit pour durer.\u00a0<strong>Bobine de maille<\/strong>\u00a0C'est le secret : il rend chaque tirage super fluide et plein de saveurs. .<\/p>\n<p>&nbsp;<\/p>\n<h2><span style=\"font-size: 90%;\">Sp\u00e9cifications de la vape jetable 3 en 1 Bang King Triple 100000 100K Puffs<\/span><\/h2>\n<p><strong>Niveaux de nicotine<\/strong>: Choisissez parmi les concentrations de nicotine 0%, 2%, 3% ou 5% \u2013 Convient aux besoins allant des apports sans nicotine aux apports alternatifs \u00e0 la cigarette.<\/p>\n<p><strong>Nombre de bouff\u00e9es<\/strong>: 100 000 bouff\u00e9es \u2013 Offre une dur\u00e9e de vie prolong\u00e9e\u00a0<strong>Vapoter<\/strong>\u00a0Dur\u00e9e sans remplacements ni d\u00e9chets fr\u00e9quents.<\/p>\n<p><strong>Syst\u00e8me de saveur<\/strong>: 3 saveurs en 1 \u2013 Basculez facilement entre trois go\u00fbts diff\u00e9rents chaque fois que vous avez envie de changement.<\/p>\n<p><strong>Batterie et chargement<\/strong>: Batterie rechargeable de 650 mAh \u2013 dure toute la journ\u00e9e avec une seule charge, avec port de type C pour un ravitaillement rapide en 30 minutes.<\/p>\n<p><strong>Technologie de bobine<\/strong>: 1,0 ohm triple\u00a0<strong>Bobines de maille<\/strong>\u00a0\u2013 La zone de chauffage \u00e9largie augmente la production de vapeur et l\u2019intensit\u00e9 de la saveur pour des nuages \u200b\u200b\u200b\u200blisses et plus riches.<\/p>\n<p>&nbsp;<\/p>\n<h3><span style=\"font-size: 90%;\">Bang King Triple 100000 100K Puffs 3 en 1 Liste des saveurs de vape jetables<\/span><\/h3>\n<p>1. Glace \u00e0 la past\u00e8que, Red Bull et Fraise Kiwi<\/p>\n<p>2. Glace citron vert, fraise, past\u00e8que et myrtille<\/p>\n<p>3.Fraise Banane &amp; Citron Lime &amp; Framboise Past\u00e8que<\/p>\n<p>4. Fraise Kiwi &amp; Sour Mangue Ananas &amp; Red Bull<\/p>\n<p>5Fruits tropicaux &amp; Fraise Past\u00e8que &amp; Citron P\u00eache<\/p>\n<p>6.Ananas, noix de coco, fraise, banane et Blue Razz<\/p>\n<p>7.Fraise Framboise &amp; Triple Melon &amp; Ananas Mangue Aigre<\/p>\n<p>8.Framboise Past\u00e8que &amp; Fraise Kiwi &amp; Mangue P\u00eache<\/p>\n<p>9.Coke Fraise Vanille &amp; Myrtille Framboise &amp; Citron Lime<\/p>\n<p>10.Cr\u00e8me glac\u00e9e \u00e0 la past\u00e8que et \u00e0 la fraise et triple melon<img loading=\"lazy\" decoding=\"async\" class=\"alignnone wp-image-7335 size-full\" src=\"https:\/\/pgvape.com\/wp-content\/uploads\/2025\/12\/Bang-King-Triple-100K-Puffs-3-in-1-Disposable-Vape-pgvape-12.png\" alt=\"Rang\u00e9e de dix appareils de vapotage jetables color\u00e9s avec un motif d&#039;aigle stylis\u00e9 sous un en-t\u00eate gras &quot; 10 saveurs &quot;, des ic\u00f4nes d&#039;appareil pour Type-C, 650 mAh, 18 ml \u00d7 3 et une bobine de maille de 1,0 \u03a9 au-dessus, et des noms de saveurs \u00e9tiquet\u00e9s avec de petites ic\u00f4nes de fruits affich\u00e9es sous chaque appareil.\" width=\"1800\" height=\"1312\" srcset=\"https:\/\/pgvape.com\/wp-content\/uploads\/2025\/12\/Bang-King-Triple-100K-Puffs-3-in-1-Disposable-Vape-pgvape-12.png 1800w, https:\/\/pgvape.com\/wp-content\/uploads\/2025\/12\/Bang-King-Triple-100K-Puffs-3-in-1-Disposable-Vape-pgvape-12-494x360.png 494w, https:\/\/pgvape.com\/wp-content\/uploads\/2025\/12\/Bang-King-Triple-100K-Puffs-3-in-1-Disposable-Vape-pgvape-12-595x434.png 595w, https:\/\/pgvape.com\/wp-content\/uploads\/2025\/12\/Bang-King-Triple-100K-Puffs-3-in-1-Disposable-Vape-pgvape-12-400x292.png 400w, https:\/\/pgvape.com\/wp-content\/uploads\/2025\/12\/Bang-King-Triple-100K-Puffs-3-in-1-Disposable-Vape-pgvape-12-768x560.png 768w, https:\/\/pgvape.com\/wp-content\/uploads\/2025\/12\/Bang-King-Triple-100K-Puffs-3-in-1-Disposable-Vape-pgvape-12-1536x1120.png 1536w, https:\/\/pgvape.com\/wp-content\/uploads\/2025\/12\/Bang-King-Triple-100K-Puffs-3-in-1-Disposable-Vape-pgvape-12-16x12.png 16w, https:\/\/pgvape.com\/wp-content\/uploads\/2025\/12\/Bang-King-Triple-100K-Puffs-3-in-1-Disposable-Vape-pgvape-12-600x437.png 600w\" sizes=\"auto, (max-width: 1800px) 100vw, 1800px\" \/><\/p>\n<p>&nbsp;<\/p>\n<h3><span style=\"font-size: 90%;\">Vid\u00e9o de vape jetable Bang King Triple 100000 100K Puffs 3 en 1\u00a0:<\/span><\/h3>\n<p>&nbsp;<\/p>\n<h2 class=\"header-vfC6AV auto-hide-last-sibling-br\"><span style=\"font-size: 90%;\">FAQ sur Bang King Triple 100000 100K Puffs 3 en 1 Vape jetable<\/span><\/h2>\n<div class=\"auto-hide-last-sibling-br paragraph-pP9ZLC paragraph-element br-paragraph-space\"><strong>\u2753Quelles options de nicotine sont disponibles pour cette vape\u00a0?<\/strong><\/div>\n<div class=\"auto-hide-last-sibling-br paragraph-pP9ZLC paragraph-element br-paragraph-space\"><span style=\"font-size: 14.4px;\"><span style=\"font-size: 14.4px;\">\u2705 Choisissez parmi les concentrations de nicotine 0%, 2%, 3% ou 5% \u2013 Convient aux besoins sans nicotine, \u00e0 consommation r\u00e9duite ou de remplacement de cigarettes.<\/span><\/span><\/div>\n<div><\/div>\n<div class=\"auto-hide-last-sibling-br paragraph-pP9ZLC paragraph-element br-paragraph-space\"><strong>\u2753Combien de bouff\u00e9es le Bang King 100K Vape peut-il d\u00e9livrer\u00a0?<\/strong><\/div>\n<div class=\"auto-hide-last-sibling-br paragraph-pP9ZLC paragraph-element br-paragraph-space\"><span style=\"font-size: 14.4px;\">\u2705Il offre jusqu'\u00e0 100 000 bouff\u00e9es, offrant une longue dur\u00e9e <\/span><strong style=\"font-size: 14.4px;\">Vapoter<\/strong><span style=\"font-size: 14.4px;\"><span style=\"font-size: 14.4px;\"> Sans remplacements constants d\u2019appareils.<\/span><\/span><\/div>\n<div><\/div>\n<div class=\"auto-hide-last-sibling-br paragraph-pP9ZLC paragraph-element br-paragraph-space\"><strong>\u2753Puis-je changer de saveur sur le m\u00eame appareil Vape ?<\/strong><\/div>\n<div class=\"auto-hide-last-sibling-br paragraph-pP9ZLC paragraph-element br-paragraph-space\"><span style=\"font-size: 14.4px;\"><span style=\"font-size: 14.4px;\">\u2705Oui, c'est un syst\u00e8me de saveurs 3 en 1 \u2013 Basculez facilement entre trois go\u00fbts diff\u00e9rents chaque fois que vous souhaitez un changement.<\/span><\/span><\/div>\n<div><\/div>\n<div class=\"auto-hide-last-sibling-br paragraph-pP9ZLC paragraph-element br-paragraph-space\"><strong>\u2753Quelle est la dur\u00e9e de vie de la batterie et la vitesse de charge du Vape\u00a0?<\/strong><\/div>\n<div class=\"auto-hide-last-sibling-br paragraph-pP9ZLC paragraph-element br-paragraph-space\"><span style=\"font-size: 14.4px;\"><span style=\"font-size: 14.4px;\">\u2705\u00c9quip\u00e9 d'une batterie rechargeable de 650 mAh qui dure toute la journ\u00e9e et d'un port de type C pour une charge rapide de 30 minutes.<\/span><\/span><\/div>\n<div class=\"auto-hide-last-sibling-br paragraph-pP9ZLC paragraph-element br-paragraph-space\"><\/div>\n<div class=\"auto-hide-last-sibling-br paragraph-pP9ZLC paragraph-element br-paragraph-space\"><strong>\u2753Comment la vape garantit-elle une saveur et une vapeur douces\u00a0?<\/strong><\/div>\n<div class=\"auto-hide-last-sibling-br paragraph-pP9ZLC paragraph-element br-paragraph-space\">\u2705Il comporte un triple de 1,0 ohm\u00a0<strong>Bobines de maille<\/strong>\u00a0Avec une zone de chauffage \u00e9largie, stimulant la saveur et produisant des nuages \u200b\u200b\u200b\u200blisses et plus riches.<\/div>\n<div class=\"auto-hide-last-sibling-br paragraph-pP9ZLC paragraph-element br-paragraph-space\">\n<p>&nbsp;<\/p>\n<h3 id=\"brxe-najhln\" class=\"brxe-heading\">Foire aux questions (FAQ)<\/h3>\n<div id=\"brxe-rajiac\" class=\"brxe-text\">\n<p><strong>Q : Quels modes de paiement acceptez-vous ?<\/strong><br \/>\nR\u00a0: Nous acceptons PayPal, Stripe, les virements bancaires (pris en charge par SEPA), les principales cartes de cr\u00e9dit (Visa, MasterCard, American Express) et les paiements en crypto-monnaie.<\/p>\n<p><strong>Q : Combien de temps prend la pr\u00e9paration d\u2019une commande ?<\/strong><br \/>\nR : La pr\u00e9paration de la commande prend 1 \u00e0 3 jours ouvrables.<\/p>\n<p><strong>Q : Quel est le d\u00e9lai de livraison ?<\/strong><br \/>\nR : Le d\u00e9lai de livraison est de 7 \u00e0 14 jours ouvrables, selon votre emplacement.<\/p>\n<p><strong>Q : Comment puis-je suivre ma commande ?<\/strong><br \/>\nR : Apr\u00e8s l'exp\u00e9dition, vous recevrez un e-mail de confirmation avec un num\u00e9ro de suivi pour un suivi en temps r\u00e9el.<\/p>\n<p><strong>Q : Quelle est votre politique de retour ?<\/strong><br \/>\nR : Nous proposons une politique de retour de 30 jours pour les remboursements ou les \u00e9changes. .<\/p>\n<p><strong>Q : Y aura-t-il des probl\u00e8mes douaniers ?<br \/>\n<\/strong>Nous prenons en charge toutes les proc\u00e9dures de d\u00e9douanement pour vous garantir une exp\u00e9rience sans tracas. .<\/p>\n<p><strong>Q : Quelles m\u00e9thodes d\u2019exp\u00e9dition sont utilis\u00e9es ?<\/strong><br \/>\nNous coop\u00e9rons avec UPS\/DHL\/FEDEX\/DPD, etc. Nous choisirons l'option d'exp\u00e9dition appropri\u00e9e en fonction du pays de livraison pour garantir que vous recevez vos produits le plus rapidement possible.<\/p>\n<p><a href=\"https:\/\/pgvape.com\/fr\/faq\/\">Cliquez ici pour plus de FAQ<\/a><\/p>\n<p>Chers clients, Si vous avez des questions concernant votre commande ou l'arriv\u00e9e des marchandises, n'h\u00e9sitez pas \u00e0 contacter notre service client. Merci !<\/p>\n<h3 data-sourcepos=\"73:1-73:21\"><strong data-sourcepos=\"73:7-73:21\">Contactez-nous<\/strong><\/h3>\n<div id=\"text-2419739398\" class=\"text\">\n<p><strong data-sourcepos=\"75:3-75:12\">E-mail<\/strong>:\u00a0<a href=\"mailto:support@pgvape.com\"><strong>support@pgvape.com<\/strong><\/a><\/p>\n<p><strong data-sourcepos=\"76:3-76:15\">WhatsApp<\/strong>:\u00a0<a href=\"https:\/\/wa.me\/+8618128481258\"><strong>+86 18128481258<\/strong><\/a><br \/>\n<strong>(R\u00e9ponse sous 24h les jours ouvr\u00e9s)<\/strong><\/p>\n<\/div>\n<h3><strong>Merci d'avoir choisi pgvape.com ! .<\/strong><\/h3>\n<\/div>\n<\/div>","protected":false},"excerpt":{"rendered":"<p><strong>Bang Roi 100K<\/strong> \u2014 <strong>100 000 bouff\u00e9es<\/strong>, <strong>Saveurs 3-en-1<\/strong>, <strong>Bobine \u00e0 triple maille<\/strong>, <strong>650\u00a0Mah Type-C<\/strong>, <strong>0-5%Nicotine<\/strong>. <strong>Un appareil, trois go\u00fbts, des nuages \u200b\u200bsans fin<\/strong>.<\/p>","protected":false},"featured_media":7324,"comment_status":"open","ping_status":"closed","template":"","meta":{"_seopress_robots_primary_cat":"none","_seopress_titles_title":"%%post_title%% %%sep%% %%sitetitle%%","_seopress_titles_desc":"","_seopress_robots_index":""},"product_brand":[19,516],"product_cat":[170,18,515],"product_tag":[395,24,327,488,90,489],"class_list":{"0":"post-7257","1":"product","2":"type-product","3":"status-publish","4":"has-post-thumbnail","6":"product_brand-bang-king-vape","7":"product_brand-disposable-vape","8":"product_cat-100k-puffs-vape","9":"product_cat-bang-king-vape","10":"product_cat-disposable-vape","11":"product_tag-100k-puffs-vape","12":"product_tag-3-in-1-flavors","13":"product_tag-bang-king-triple","14":"product_tag-bang-king-triple-100000","15":"product_tag-disposable-vape","16":"product_tag-triple-mesh-coils","18":"first","19":"instock","20":"sale","21":"shipping-taxable","22":"purchasable","23":"product-type-variable"},"_links":{"self":[{"href":"https:\/\/pgvape.com\/fr\/wp-json\/wp\/v2\/product\/7257","targetHints":{"allow":["GET"]}}],"collection":[{"href":"https:\/\/pgvape.com\/fr\/wp-json\/wp\/v2\/product"}],"about":[{"href":"https:\/\/pgvape.com\/fr\/wp-json\/wp\/v2\/types\/product"}],"replies":[{"embeddable":true,"href":"https:\/\/pgvape.com\/fr\/wp-json\/wp\/v2\/comments?post=7257"}],"wp:featuredmedia":[{"embeddable":true,"href":"https:\/\/pgvape.com\/fr\/wp-json\/wp\/v2\/media\/7324"}],"wp:attachment":[{"href":"https:\/\/pgvape.com\/fr\/wp-json\/wp\/v2\/media?parent=7257"}],"wp:term":[{"taxonomy":"product_brand","embeddable":true,"href":"https:\/\/pgvape.com\/fr\/wp-json\/wp\/v2\/product_brand?post=7257"},{"taxonomy":"product_cat","embeddable":true,"href":"https:\/\/pgvape.com\/fr\/wp-json\/wp\/v2\/product_cat?post=7257"},{"taxonomy":"product_tag","embeddable":true,"href":"https:\/\/pgvape.com\/fr\/wp-json\/wp\/v2\/product_tag?post=7257"}],"curies":[{"name":"wp","href":"https:\/\/api.w.org\/{rel}","templated":true}]}}