{"id":7211,"date":"2025-11-29T13:06:56","date_gmt":"2025-11-29T13:06:56","guid":{"rendered":"https:\/\/pgvape.com\/?post_type=product&#038;p=7211"},"modified":"2026-03-15T13:32:42","modified_gmt":"2026-03-15T13:32:42","slug":"vapmod-archer-60000-60k-bouffees-3-niveaux-de-controle-de-glace-vape-jetable-affichage-led-rgb-vape-direct-usine","status":"publish","type":"product","link":"https:\/\/pgvape.com\/fr\/produit\/vapmod-archer-60000-60k-bouffees-3-niveaux-de-controle-de-glace-vape-jetable-affichage-led-rgb-vape-direct-usine\/","title":{"rendered":"Vapmod Archer 60000 60K Puffs Contr\u00f4le de glace \u00e0 3 niveaux Vape jetable Affichage LED RVB Vape Direct usine"},"content":{"rendered":"<p>Embarquez pour le marathon ultime du vapotage avec le <strong data-sourcepos=\"7:49-7:84\">Pod jetable Archer 60K Puffs<\/strong>. <strong data-sourcepos=\"7:149-7:166\">40\u00a0ml de e-liquide<\/strong> Et aliment\u00e9 par un fiable <strong data-sourcepos=\"7:193-7:211\">Batterie 900mAh<\/strong>. <strong data-sourcepos=\"7:258-7:278\">Bobine \u00e0 triple maille<\/strong> Cela g\u00e9n\u00e8re une vapeur exceptionnellement dense et une saveur riche. <strong data-sourcepos=\"7:346-7:369\">Contr\u00f4le ICE \u00e0 3 niveaux<\/strong> Syst\u00e8me et dynamique <strong data-sourcepos=\"7:391-7:410\">Affichage LED RVB<\/strong>, L'Archer offre une exp\u00e9rience parfaitement calibr\u00e9e et sans faille \u00e0 chaque bouff\u00e9e. .<\/p>\n<p>&nbsp;<\/p>\n<h2><span style=\"font-size: 90%;\">Vapmod Archer 60000 60K Puffs Vape jetable de contr\u00f4le de glace <strong data-sourcepos=\"10:5-10:31\">Caract\u00e9ristiques<\/strong><\/span><\/h2>\n<p><strong>Nombre de bouff\u00e9es<\/strong>: Jusqu'\u00e0 60 000 bouff\u00e9es \u2013 Offre un ultime\u00a0<strong>Vapoter<\/strong>\u00a0Marathon pour un plaisir durable.<\/p>\n<p><strong>Capacit\u00e9 e-liquide<\/strong>: 40 ml \u2013 Pr\u00e9-rempli avec un volume substantiel pour prendre en charge les performances de 60 000 bouff\u00e9es.<\/p>\n<p><strong>Capacit\u00e9 de la batterie<\/strong>: 900 mAh \u2013 Source d\u2019alimentation robuste pour correspondre \u00e0 la longue dur\u00e9e de vie de l\u2019appareil\u00a0<strong>Vapoter<\/strong>\u00a0capacit\u00e9.<\/p>\n<p><strong>Type de bobine<\/strong>: Triple\u00a0<strong>Bobine de maille<\/strong>\u00a0\u2013 Cr\u00e9e une vapeur \u00e9paisse et une saveur extraordinairement riche pour des bouff\u00e9es de qualit\u00e9 sup\u00e9rieure.<\/p>\n<p><strong>Contr\u00f4le du refroidissement<\/strong>: Contr\u00f4le ICE \u00e0 3 niveaux \u2013 Ajuste avec pr\u00e9cision l\u2019intensit\u00e9 du refroidissement pour obtenir une exp\u00e9rience optimale.<\/p>\n<p><strong>Fonction d'affichage<\/strong>: \u00c9cran LED RVB \u2013 \u00c9cran color\u00e9 qui vous tient inform\u00e9 des \u00e9l\u00e9ments essentiels\u00a0<strong>Vapoter<\/strong>\u00a0Infos.<\/p>\n<p>&nbsp;<\/p>\n<h3><span style=\"font-size: 90%;\">Vapmod Archer 60000 60K Puffs Vape jetable de contr\u00f4le de glace <strong data-sourcepos=\"22:5-22:20\">Liste des saveurs<\/strong><\/span><\/h3>\n<p><strong data-sourcepos=\"22:5-22:20\">1. Glace au raisin noir<\/strong><\/p>\n<p><strong data-sourcepos=\"22:5-22:20\">2. Glace aux bleuets<\/strong><\/p>\n<p><strong data-sourcepos=\"22:5-22:20\">3. Myrtille Framboise<\/strong><\/p>\n<p><strong data-sourcepos=\"22:5-22:20\">4. Glace aux raisins<\/strong><\/p>\n<p><strong data-sourcepos=\"22:5-22:20\">5. Glace juteuse \u00e0 la p\u00eache<\/strong><\/p>\n<p><strong data-sourcepos=\"22:5-22:20\">6.P\u00eache Past\u00e8que Mangue<\/strong><\/p>\n<p><strong data-sourcepos=\"22:5-22:20\">7. Glace \u00e0 la past\u00e8que\u00a0\u00a0<\/strong><\/p>\n<p>&nbsp;<\/p>\n<h3><span style=\"font-size: 90%;\">Vapmod Archer 60000 60K Puffs Vape jetable de contr\u00f4le de glace <strong>Vid\u00e9o<\/strong>\uff1a<\/span><\/h3>\n<p>&nbsp;<\/p>\n<h2><span style=\"font-size: 90%;\">FAQ sur la vape jetable Vapmod Archer 60000 60K Puffs Ice Control<\/span><\/h2>\n<p><strong>\u2753Combien de bouff\u00e9es le pod jetable Archer 60K peut-il d\u00e9livrer\u00a0?<\/strong><br \/>\n\u2705Il offre jusqu'\u00e0 60 000 bouff\u00e9es, r\u00e9alisant une exp\u00e9rience ultime de marathon de vapotage.<\/p>\n<p><strong>\u2753Quelle est la\u00a0capacit\u00e9\u00a0e-liquide\u00a0de cet\u00a0appareil\u00a0\u00e0 vapoter\u00a0?<\/strong><br \/>\n\u2705Il est livr\u00e9 pr\u00e9-rempli de 40 ml de e-liquide, soutenant sa performance durable de 60 000 bouff\u00e9es.<\/p>\n<p><strong>\u2753Quel type de bobine l'Archer 60K utilise-t-il pour la saveur ?<\/strong><br \/>\n\u2705Il comporte une bobine \u00e0 triple maille, qui cr\u00e9e une vapeur \u00e9paisse et une saveur extraordinairement riche.<\/p>\n<p><strong>\u2753Puis-je r\u00e9gler l'intensit\u00e9 de refroidissement de la\u00a0vape\u00a0?<\/strong><br \/>\n\u2705Oui, il dispose d'un contr\u00f4le ICE \u00e0 3 niveaux pour ajuster avec pr\u00e9cision le refroidissement et obtenir une exp\u00e9rience optimale.<\/p>\n<p><strong>\u2753Quelle source d'alimentation l'appareil dispose-t-il\u00a0?<\/strong><br \/>\n\u2705Il est \u00e9quip\u00e9 d'une batterie robuste de 900 mAh, correspondant \u00e0 la capacit\u00e9 de vapotage longue dur\u00e9e.<\/p>\n<div>\n<div class=\"auto-hide-last-sibling-br paragraph-pP9ZLC paragraph-element br-paragraph-space\"><strong>\u2753L'appareil dispose-t-il d'un affichage pour les informations sur le vapotage\u00a0?<\/strong><br \/>\n\u2705Oui, il dispose d'un \u00e9cran LED RVB color\u00e9 qui vous tient inform\u00e9 des d\u00e9tails d'utilisation essentiels.<\/div>\n<div class=\"auto-hide-last-sibling-br paragraph-pP9ZLC paragraph-element br-paragraph-space\">\n<p>&nbsp;<\/p>\n<h3 id=\"brxe-najhln\" class=\"brxe-heading\">Foire aux questions (FAQ)<\/h3>\n<div id=\"brxe-rajiac\" class=\"brxe-text\">\n<p><strong>Q : Quels modes de paiement acceptez-vous ?<\/strong><br \/>\nR\u00a0: Nous acceptons PayPal, Stripe, les virements bancaires (pris en charge par SEPA), les principales cartes de cr\u00e9dit (Visa, MasterCard, American Express) et les paiements en crypto-monnaie.<\/p>\n<p><strong>Q : Combien de temps prend la pr\u00e9paration d\u2019une commande ?<\/strong><br \/>\nR : La pr\u00e9paration de la commande prend 1 \u00e0 3 jours ouvrables.<\/p>\n<p><strong>Q : Quel est le d\u00e9lai de livraison ?<\/strong><br \/>\nR : Le d\u00e9lai de livraison est de 7 \u00e0 14 jours ouvrables, selon votre emplacement.<\/p>\n<p><strong>Q : Comment puis-je suivre ma commande ?<\/strong><br \/>\nR : Apr\u00e8s l'exp\u00e9dition, vous recevrez un e-mail de confirmation avec un num\u00e9ro de suivi pour un suivi en temps r\u00e9el.<\/p>\n<p><strong>Q : Quelle est votre politique de retour ?<\/strong><br \/>\nR : Nous proposons une politique de retour de 30 jours pour les remboursements ou les \u00e9changes. .<\/p>\n<p><strong>Q : Y aura-t-il des probl\u00e8mes douaniers ?<br \/>\n<\/strong>Nous prenons en charge toutes les proc\u00e9dures de d\u00e9douanement pour vous garantir une exp\u00e9rience sans tracas. .<\/p>\n<p><strong>Q : Quelles m\u00e9thodes d\u2019exp\u00e9dition sont utilis\u00e9es ?<\/strong><br \/>\nNous coop\u00e9rons avec UPS\/DHL\/FEDEX\/DPD, etc. Nous choisirons l'option d'exp\u00e9dition appropri\u00e9e en fonction du pays de livraison pour garantir que vous recevez vos produits le plus rapidement possible.<\/p>\n<p><a href=\"https:\/\/pgvape.com\/fr\/faq\/\">Cliquez ici pour plus de FAQ<\/a><\/p>\n<p>Chers clients, Si vous avez des questions concernant votre commande ou l'arriv\u00e9e des marchandises, n'h\u00e9sitez pas \u00e0 contacter notre service client. Merci !<\/p>\n<h3 data-sourcepos=\"73:1-73:21\"><strong data-sourcepos=\"73:7-73:21\">Contactez-nous<\/strong><\/h3>\n<div id=\"text-2419739398\" class=\"text\">\n<p><strong data-sourcepos=\"75:3-75:12\">E-mail<\/strong>:\u00a0<a href=\"mailto:support@pgvape.com\"><strong>support@pgvape.com<\/strong><\/a><\/p>\n<p><strong data-sourcepos=\"76:3-76:15\">WhatsApp<\/strong>:\u00a0<a href=\"https:\/\/wa.me\/+8618128481258\"><strong>+86 18128481258<\/strong><\/a><br \/>\n<strong>(R\u00e9ponse sous 24h les jours ouvr\u00e9s)<\/strong><\/p>\n<\/div>\n<h3><strong>Merci d'avoir choisi pgvape.com ! .<\/strong><\/h3>\n<\/div>\n<\/div>\n<\/div>","protected":false},"excerpt":{"rendered":"<p><span style=\"font-size: 90%;\">Vapmod <\/span>La capsule jetable Archer 60K Puffs est une solution de longue dur\u00e9e\u00a0<strong>Vaper<\/strong>\u00a0Avec 60 000 bouff\u00e9es, 40 ml\u00a0<strong>E-Liquide<\/strong>, Triple\u00a0<strong>Bobine de maille<\/strong>, contr\u00f4le ICE \u00e0 3 niveaux et affichage RVB : pour un r\u00e9sultat ultime\u00a0<strong>Vapoter<\/strong>\u00a0endurance et saveur riche.<\/p>","protected":false},"featured_media":7221,"comment_status":"open","ping_status":"closed","template":"","meta":{"_seopress_robots_primary_cat":"none","_seopress_titles_title":"","_seopress_titles_desc":"","_seopress_robots_index":""},"product_brand":[516,483],"product_cat":[48,515,482],"product_tag":[485,315,90,486,487,484],"class_list":{"0":"post-7211","1":"product","2":"type-product","3":"status-publish","4":"has-post-thumbnail","6":"product_brand-disposable-vape","7":"product_brand-vapmod-vape","8":"product_cat-60k-puffs-vape","9":"product_cat-disposable-vape","10":"product_cat-vapmod-vape","11":"product_tag-3-level-ice-control","12":"product_tag-60k-puffs-vape","13":"product_tag-disposable-vape","14":"product_tag-rgb-led-display","15":"product_tag-triple-mesh-coil","16":"product_tag-vapmod-archer-60000","18":"first","19":"instock","20":"sale","21":"shipping-taxable","22":"purchasable","23":"product-type-variable"},"_links":{"self":[{"href":"https:\/\/pgvape.com\/fr\/wp-json\/wp\/v2\/product\/7211","targetHints":{"allow":["GET"]}}],"collection":[{"href":"https:\/\/pgvape.com\/fr\/wp-json\/wp\/v2\/product"}],"about":[{"href":"https:\/\/pgvape.com\/fr\/wp-json\/wp\/v2\/types\/product"}],"replies":[{"embeddable":true,"href":"https:\/\/pgvape.com\/fr\/wp-json\/wp\/v2\/comments?post=7211"}],"wp:featuredmedia":[{"embeddable":true,"href":"https:\/\/pgvape.com\/fr\/wp-json\/wp\/v2\/media\/7221"}],"wp:attachment":[{"href":"https:\/\/pgvape.com\/fr\/wp-json\/wp\/v2\/media?parent=7211"}],"wp:term":[{"taxonomy":"product_brand","embeddable":true,"href":"https:\/\/pgvape.com\/fr\/wp-json\/wp\/v2\/product_brand?post=7211"},{"taxonomy":"product_cat","embeddable":true,"href":"https:\/\/pgvape.com\/fr\/wp-json\/wp\/v2\/product_cat?post=7211"},{"taxonomy":"product_tag","embeddable":true,"href":"https:\/\/pgvape.com\/fr\/wp-json\/wp\/v2\/product_tag?post=7211"}],"curies":[{"name":"wp","href":"https:\/\/api.w.org\/{rel}","templated":true}]}}