{"id":7181,"date":"2025-11-29T11:09:31","date_gmt":"2025-11-29T11:09:31","guid":{"rendered":"https:\/\/pgvape.com\/?post_type=product&#038;p=7181"},"modified":"2026-03-29T08:44:30","modified_gmt":"2026-03-29T08:44:30","slug":"vaprivee-50000-50k-bouffees-double-mode-vape-jetable-diamant-sac-a-main-style-design-vape-usine-directe","status":"publish","type":"product","link":"https:\/\/pgvape.com\/fr\/produit\/vaprivee-50000-50k-bouffees-double-mode-vape-jetable-diamant-sac-a-main-style-design-vape-usine-directe\/","title":{"rendered":"Vaprivee 50000 50K Puffs double mode jetable Vape diamant sac \u00e0 main Style conception Vape usine directe"},"content":{"rendered":"<p>Appareil Vaprivee 50000 Puffs, un appareil longue dur\u00e9e\u00a0<strong>Vaper<\/strong>\u00a0Con\u00e7u pour les utilisateurs qui souhaitent des performances stables, une saveur riche et un look unique.\u00a0<strong>Vapeurs<\/strong>.\u00a0<strong>Bobines de maille<\/strong>, un d\u00e9bit d'air r\u00e9glable et une finition autocollante en diamant faite \u00e0 la main, l'appareil apporte \u00e0 la fois style et fonctionnalit\u00e9 dans un seul corps compact.\u00a0<strong>Vapoter<\/strong>\u00a0Vivez toute la journ\u00e9e.<\/p>\n<p>&nbsp;<\/p>\n<h2><span style=\"font-size: 90%;\">Sp\u00e9cifications de vape jetable double mode Vaprivee 50000 50K Puffs<\/span><\/h2>\n<p><strong>Modes de capacit\u00e9 de bouff\u00e9e<\/strong>: Choisissez entre les modes 50K (Soft) et 30K (Boost) pour une utilisation prolong\u00e9e, id\u00e9al pour toute la journ\u00e9e ou en d\u00e9placement\u00a0<strong>Vapoter<\/strong>.<\/p>\n<p><strong>Artisanat et design<\/strong>: Finition artisanale en diamant \u2013 Pr\u00e9sente une forme inspir\u00e9e du sac \u00e0 main avec une coque autocollante en diamant faite \u00e0 la main pour un look accrocheur et haut de gamme et une prise confortable.<\/p>\n<p><strong>Saveur et capacit\u00e9 du e-liquide<\/strong>: Performances gustatives puissantes \u2013 Double\u00a0<strong>Bobines de maille<\/strong>\u00a0Garantit une vapeur constante et une saveur fra\u00eeche de la premi\u00e8re \u00e0 la derni\u00e8re bouff\u00e9e, soutenue par un grand volume de 20 ml.\u00a0<strong>E-Liquide<\/strong>\u00a0Capacit\u00e9.<\/p>\n<p><strong>Syst\u00e8me de circulation d'air<\/strong>: Syst\u00e8me de flux d'air r\u00e9glable \u2013 Personnalisez votre tirage de serr\u00e9 \u00e0 ouvert pour une vapeur plus douce ou des nuages \u200b\u200b\u200b\u200bplus intenses.<\/p>\n<p><strong>Batterie et chargement<\/strong>: Batterie et charge fiables \u2013 Une batterie de 900 mAh offre de longues heures d\u2019utilisation, avec une charge rapide pratique de type C.<\/p>\n<p><strong>Fonction d'affichage<\/strong>: \u00c9cran Mega LED \u2013 Affiche clairement le niveau de la batterie, le mode Puff et d\u2019autres informations essentielles pour une utilisation facile.<\/p>\n<p><strong>Options de nicotine<\/strong>: 0% \/ 2% \/ 3% \/ 5% Nicotine \u2013 Convient aux utilisateurs l\u00e9gers et lourds avec des forces personnalisables.<\/p>\n<p>&nbsp;<\/p>\n<h3><span style=\"font-size: 90%;\">Liste des saveurs de vape jetables double mode Vaprivee 50000 50K Puffs<\/span><\/h3>\n<p>1. Coup Pop<\/p>\n<p>2.Citron Razz bleu<\/p>\n<p>3. Pomme cerise<\/p>\n<p>4.Oursons gommeux au cola<\/p>\n<p>5.Double Mangue<\/p>\n<p>6. Glace au raisin<\/p>\n<p>7.Mangoustan Ramboutan Longane<\/p>\n<p>8. Bonbons \u00e0 la menthe de Miami<\/p>\n<p>9.Fraise Framboise Citron<\/p>\n<p>10. Past\u00e8que Ananas Framboise<\/p>\n<p>11. Past\u00e8que<\/p>\n<p>12.Framboise P\u00eache Blanche<\/p>\n<p>&nbsp;<\/p>\n<h3><span style=\"font-size: 90%;\">Vid\u00e9o de vape jetable double mode Vaprivee 50000 50K Puffs\u00a0:<\/span><\/h3>\n<p><iframe loading=\"lazy\" title=\"Vaprivee 50K Puffs double mode jetable Vape diamant sac \u00e0 main Style conception Vape usine directe pgvape\" width=\"563\" height=\"1000\" src=\"https:\/\/www.youtube.com\/embed\/QGCQr7F2wOE?feature=oembed\" frameborder=\"0\" allow=\"accelerometer; autoplay; clipboard-write; encrypted-media; gyroscope; picture-in-picture; web-share\" referrerpolicy=\"strict-origin-when-cross-origin\" allowfullscreen><\/iframe><\/p>\n<p>&nbsp;<\/p>\n<h2 class=\"header-vfC6AV auto-hide-last-sibling-br\"><span style=\"font-size: 90%;\">FAQ sur la vape jetable double mode Vaprivee 50000 50K Puffs<\/span><\/h2>\n<p data-sourcepos=\"37:1-39:109\">\u2753 <strong data-sourcepos=\"38:3-38:36\">Quel est le nombre total de bouff\u00e9es\u00a0?<\/strong><br \/>\n\u2705 L'appareil fournit soit <strong data-sourcepos=\"39:30-39:46\">50 000 bouff\u00e9es<\/strong> En mode normal ou <strong data-sourcepos=\"39:65-39:81\">30 000 bouff\u00e9es<\/strong> Lors de l'utilisation du param\u00e8tre Boost.<\/p>\n<p data-sourcepos=\"41:1-42:68\">\u2753 <strong data-sourcepos=\"41:3-41:39\">Est-ce qu'il a un d\u00e9bit d'air r\u00e9glable ?<\/strong><br \/>\n\u2705 Oui, le <strong data-sourcepos=\"42:12-42:28\">Cadran de d\u00e9bit d'air<\/strong> Vous permet de personnaliser votre style de dessin.<\/p>\n<p data-sourcepos=\"44:1-45:69\">\u2753 <strong data-sourcepos=\"44:3-44:34\">La batterie est-elle rempla\u00e7able\u00a0?<\/strong><br \/>\n\u2705 Non, mais il est dot\u00e9 d'un grand <strong data-sourcepos=\"45:35-45:66\">Batterie rechargeable 900 mAh<\/strong>.<\/p>\n<p data-sourcepos=\"47:1-48:78\">\u2753 <strong data-sourcepos=\"47:3-47:44\">Quels sont les dosages de nicotine propos\u00e9s ?<br \/>\n<\/strong> \u2705 Vous pouvez choisir parmi <strong data-sourcepos=\"48:23-48:44\">0%, 2%, 3% ou 5%<\/strong> Pour correspondre \u00e0 diff\u00e9rentes pr\u00e9f\u00e9rences.<\/p>\n<p data-sourcepos=\"50:1-51:78\">\u2753 <strong data-sourcepos=\"50:3-50:48\">Comment savoir quand le niveau du e-liquide est faible\u00a0?<\/strong><br \/>\n\u2705 La fen\u00eatre lat\u00e9rale transparente vous permet de v\u00e9rifier visuellement le niveau de liquide \u00e0 tout moment.<\/p>\n<p>&nbsp;<\/p>\n<h3 id=\"brxe-najhln\" class=\"brxe-heading\">Foire aux questions (FAQ)<\/h3>\n<div id=\"brxe-rajiac\" class=\"brxe-text\">\n<p><strong>Q : Quels modes de paiement acceptez-vous ?<\/strong><br \/>\nR\u00a0: Nous acceptons PayPal, Stripe, les virements bancaires (pris en charge par SEPA), les principales cartes de cr\u00e9dit (Visa, MasterCard, American Express) et les paiements en crypto-monnaie.<\/p>\n<p><strong>Q : Combien de temps prend la pr\u00e9paration d\u2019une commande ?<\/strong><br \/>\nR : La pr\u00e9paration de la commande prend 1 \u00e0 3 jours ouvrables.<\/p>\n<p><strong>Q : Quel est le d\u00e9lai de livraison ?<\/strong><br \/>\nR : Le d\u00e9lai de livraison est de 7 \u00e0 14 jours ouvrables, selon votre emplacement.<\/p>\n<p><strong>Q : Comment puis-je suivre ma commande ?<\/strong><br \/>\nR : Apr\u00e8s l'exp\u00e9dition, vous recevrez un e-mail de confirmation avec un num\u00e9ro de suivi pour un suivi en temps r\u00e9el.<\/p>\n<p><strong>Q : Quelle est votre politique de retour ?<\/strong><br \/>\nR : Nous proposons une politique de retour de 30 jours pour les remboursements ou les \u00e9changes. .<\/p>\n<p><strong>Q : Y aura-t-il des probl\u00e8mes douaniers ?<br \/>\n<\/strong>Nous prenons en charge toutes les proc\u00e9dures de d\u00e9douanement pour vous garantir une exp\u00e9rience sans tracas. .<\/p>\n<p><strong>Q : Quelles m\u00e9thodes d\u2019exp\u00e9dition sont utilis\u00e9es ?<\/strong><br \/>\nNous coop\u00e9rons avec UPS\/DHL\/FEDEX\/DPD, etc. Nous choisirons l'option d'exp\u00e9dition appropri\u00e9e en fonction du pays de livraison pour garantir que vous recevez vos produits le plus rapidement possible.<\/p>\n<p><a href=\"https:\/\/pgvape.com\/fr\/faq\/\">Cliquez ici pour plus de FAQ<\/a><\/p>\n<p>Chers clients, Si vous avez des questions concernant votre commande ou l'arriv\u00e9e des marchandises, n'h\u00e9sitez pas \u00e0 contacter notre service client. Merci !<\/p>\n<h3 data-sourcepos=\"73:1-73:21\"><strong data-sourcepos=\"73:7-73:21\">Contactez-nous<\/strong><\/h3>\n<div id=\"text-2419739398\" class=\"text\">\n<p><strong data-sourcepos=\"75:3-75:12\">E-mail<\/strong>:\u00a0<a href=\"mailto:support@pgvape.com\"><strong>support@pgvape.com<\/strong><\/a><\/p>\n<p><strong data-sourcepos=\"76:3-76:15\">WhatsApp<\/strong>:\u00a0<a href=\"https:\/\/wa.me\/+8618128481258\"><strong>+86 18128481258<\/strong><\/a><br \/>\n<strong>(R\u00e9ponse sous 24h les jours ouvr\u00e9s)<\/strong><\/p>\n<\/div>\n<h3><strong>Merci d'avoir choisi pgvape.com ! .<\/strong><\/h3>\n<\/div>","protected":false},"excerpt":{"rendered":"<p>Vaprivee 50000 Puffs est un sac \u00e0 main \u00e9l\u00e9gant con\u00e7u\u00a0<strong>Vaper<\/strong>\u00a0Avec double\u00a0<strong>Bobines de maille<\/strong>, 20 ml\u00a0<strong>E-Liquide<\/strong>, modes bouff\u00e9es 50 000\/30 000, d\u00e9bit d'air r\u00e9glable et options de nicotine 0%-5% \u2013 pour une utilisation durable et \u00e0 la mode.\u00a0<strong>Vapoter<\/strong>\u00a0Jouissance.<\/p>","protected":false},"featured_media":7193,"comment_status":"open","ping_status":"closed","template":"","meta":{"_seopress_robots_primary_cat":"none","_seopress_titles_title":"","_seopress_titles_desc":"","_seopress_robots_index":""},"product_brand":[516,478],"product_cat":[61,515,477],"product_tag":[318,480,90,415,475,479],"class_list":{"0":"post-7181","1":"product","2":"type-product","3":"status-publish","4":"has-post-thumbnail","6":"product_brand-disposable-vape","7":"product_brand-vaprivee-vape","8":"product_cat-50k-puffs-vape","9":"product_cat-disposable-vape","10":"product_cat-vaprivee-vape","11":"product_tag-50k-puffs-vape","12":"product_tag-diamond-handbag-style-design","13":"product_tag-disposable-vape","14":"product_tag-dual-mode","15":"product_tag-mtlmouth-to-lung","16":"product_tag-vaprivee-50000","18":"first","19":"instock","20":"sale","21":"shipping-taxable","22":"purchasable","23":"product-type-variable"},"_links":{"self":[{"href":"https:\/\/pgvape.com\/fr\/wp-json\/wp\/v2\/product\/7181","targetHints":{"allow":["GET"]}}],"collection":[{"href":"https:\/\/pgvape.com\/fr\/wp-json\/wp\/v2\/product"}],"about":[{"href":"https:\/\/pgvape.com\/fr\/wp-json\/wp\/v2\/types\/product"}],"replies":[{"embeddable":true,"href":"https:\/\/pgvape.com\/fr\/wp-json\/wp\/v2\/comments?post=7181"}],"wp:featuredmedia":[{"embeddable":true,"href":"https:\/\/pgvape.com\/fr\/wp-json\/wp\/v2\/media\/7193"}],"wp:attachment":[{"href":"https:\/\/pgvape.com\/fr\/wp-json\/wp\/v2\/media?parent=7181"}],"wp:term":[{"taxonomy":"product_brand","embeddable":true,"href":"https:\/\/pgvape.com\/fr\/wp-json\/wp\/v2\/product_brand?post=7181"},{"taxonomy":"product_cat","embeddable":true,"href":"https:\/\/pgvape.com\/fr\/wp-json\/wp\/v2\/product_cat?post=7181"},{"taxonomy":"product_tag","embeddable":true,"href":"https:\/\/pgvape.com\/fr\/wp-json\/wp\/v2\/product_tag?post=7181"}],"curies":[{"name":"wp","href":"https:\/\/api.w.org\/{rel}","templated":true}]}}