{"id":708,"date":"2025-09-25T14:15:23","date_gmt":"2025-09-25T14:15:23","guid":{"rendered":"https:\/\/pgvape.com\/?post_type=product&#038;p=708"},"modified":"2025-12-15T13:32:00","modified_gmt":"2025-12-15T13:32:00","slug":"bang-leader-50000-50k-bouffees-double-saveurs-vape-jetable-2-en-1-saveurs-vape-usine-en-gros","status":"publish","type":"product","link":"https:\/\/pgvape.com\/fr\/produit\/bang-leader-50000-50k-bouffees-double-saveurs-vape-jetable-2-en-1-saveurs-vape-usine-en-gros\/","title":{"rendered":"Bang Leader 50000 50K Puffs Double saveurs Vape jetable 2-en-1 Saveurs-Vape Usine de gros"},"content":{"rendered":"<p><strong data-sourcepos=\"6:5-6:59\">Bang Leader 50K Puffs Vape jetable \u00e0 double saveur<\/strong> red\u00e9finit le vapotage prolong\u00e9 avec <strong data-sourcepos=\"6:91-6:107\">50 000 bouff\u00e9es<\/strong> d'un massif <strong data-sourcepos=\"6:123-6:149\">Capacit\u00e9 e-liquide de 36 ml<\/strong>, aliment\u00e9 par un <strong data-sourcepos=\"6:164-6:195\">Batterie rechargeable de 650 mAh<\/strong><span class=\"CustomP_animated_char__m3r9w\">.<\/span><span class=\"CustomP_animated_char__m3r9w\">\u00a0<\/span><span class=\"CustomP_animated_char__m3r9w\">Mettant en vedette<\/span><span class=\"CustomP_animated_char__m3r9w\">\u00a0<\/span><strong data-sourcepos=\"6:207-6:226\">bobines \u00e0 double maille<\/strong> et <strong data-sourcepos=\"6:231-6:253\">puissance r\u00e9glable<\/strong>, il d\u00e9livre une vapeur riche et douce. <strong data-sourcepos=\"6:291-6:315\">Chargement rapide de type C<\/strong><span class=\"CustomP_animated_char__m3r9w\">\u00a0<\/span><span class=\"CustomP_animated_char__m3r9w\">et<\/span><span class=\"CustomP_animated_char__m3r9w\">\u00a0<\/span><strong data-sourcepos=\"6:320-6:337\">affichage intelligent<\/strong><span class=\"CustomP_animated_char__m3r9w\">\u00a0<\/span><span class=\"CustomP_animated_char__m3r9w\">(<\/span><span class=\"CustomP_animated_char__m3r9w\">montrant<\/span><span class=\"CustomP_animated_char__m3r9w\">\u00a0<\/span><span class=\"CustomP_animated_char__m3r9w\">batterie<\/span><span class=\"CustomP_animated_char__m3r9w\">\/<\/span><span class=\"CustomP_animated_char__m3r9w\">e<\/span><span class=\"CustomP_animated_char__m3r9w\">\u2013<\/span><span class=\"CustomP_animated_char__m3r9w\">liquide<\/span><span class=\"CustomP_animated_char__m3r9w\">\u00a0<\/span><span class=\"CustomP_animated_char__m3r9w\">niveaux<\/span><span class=\"CustomP_animated_char__m3r9w\">)<\/span><span class=\"CustomP_animated_char__m3r9w\">\u00a0<\/span><span class=\"CustomP_animated_char__m3r9w\">assurer<\/span><span class=\"CustomP_animated_char__m3r9w\">\u00a0<\/span><span class=\"CustomP_animated_char__m3r9w\">commodit\u00e9<\/span><span class=\"CustomP_animated_char__m3r9w\">,<\/span><span class=\"CustomP_animated_char__m3r9w\">\u00a0<\/span><span class=\"CustomP_animated_char__m3r9w\">alors que<\/span><span class=\"CustomP_animated_char__m3r9w\">\u00a0<\/span><strong data-sourcepos=\"6:398-6:429\">12 combinaisons \u00e0 deux saveurs<\/strong><span class=\"CustomP_animated_char__m3r9w\">\u00a0<\/span><span class=\"CustomP_animated_char__m3r9w\">offre<\/span><span class=\"CustomP_animated_char__m3r9w\">\u00a0<\/span><span class=\"CustomP_animated_char__m3r9w\">incomparable<\/span><span class=\"CustomP_animated_char__m3r9w\">\u00a0<\/span><span class=\"CustomP_animated_char__m3r9w\">vari\u00e9t\u00e9<\/span><span class=\"CustomP_animated_char__m3r9w\">\u2013<\/span><span class=\"CustomP_animated_char__m3r9w\">saveur<\/span><span class=\"CustomP_animated_char__m3r9w\">\u00a0<\/span><span class=\"CustomP_animated_char__m3r9w\">combinaisons<\/span><span class=\"CustomP_animated_char__m3r9w\">*<\/span><span class=\"CustomP_animated_char__m3r9w\">*<\/span><span class=\"CustomP_animated_char__m3r9w\">\u00a0<\/span><span class=\"CustomP_animated_char__m3r9w\">offre<\/span><span class=\"CustomP_animated_char__m3r9w\">\u00a0<\/span><span class=\"CustomP_animated_char__m3r9w\">incomparable<\/span><span class=\"CustomP_animated_char__m3r9w\">\u00a0<\/span><span class=\"CustomP_animated_char__m3r9w\">vari\u00e9t\u00e9<\/span><span class=\"CustomP_animated_char__m3r9w\">.<\/span><span class=\"CustomP_animated_char__m3r9w\">\u00a0<\/span><span class=\"CustomP_animated_char__m3r9w\">Emball\u00e9<\/span><span class=\"CustomP_animated_char__m3r9w\">\u00a0<\/span><strong data-sourcepos=\"6:510-6:531\">10 pi\u00e8ces par bo\u00eete<\/strong><span class=\"CustomP_animated_char__m3r9w\">,<\/span><span class=\"CustomP_animated_char__m3r9w\">\u00a0<\/span><span class=\"CustomP_animated_char__m3r9w\">il<\/span><span class=\"CustomP_animated_char__m3r9w\">\u2018<\/span><span class=\"CustomP_animated_char__m3r9w\">s<\/span><span class=\"CustomP_animated_char__m3r9w\">\u00a0<\/span><span class=\"CustomP_animated_char__m3r9w\">parfait<\/span><span class=\"CustomP_animated_char__m3r9w\">\u00a0<\/span><span class=\"CustomP_animated_char__m3r9w\">pour<\/span><span class=\"CustomP_animated_char__m3r9w\">\u00a0<\/span><span class=\"CustomP_animated_char__m3r9w\">d\u00e9taillants<\/span><span class=\"CustomP_animated_char__m3r9w\">\u00a0<\/span><span class=\"CustomP_animated_char__m3r9w\">et<\/span><span class=\"CustomP_animated_char__m3r9w\">\u00a0<\/span><span class=\"CustomP_animated_char__m3r9w\">saveur<\/span><span class=\"CustomP_animated_char__m3r9w\">*<\/span><span class=\"CustomP_animated_char__m3r9w\">*<\/span><span class=\"CustomP_animated_char__m3r9w\">,<\/span><span class=\"CustomP_animated_char__m3r9w\">\u00a0<\/span><span class=\"CustomP_animated_char__m3r9w\">il<\/span><span class=\"CustomP_animated_char__m3r9w\">\u2018<\/span><span class=\"CustomP_animated_char__m3r9w\">s<\/span><span class=\"CustomP_animated_char__m3r9w\">\u00a0<\/span><span class=\"CustomP_animated_char__m3r9w\">parfait<\/span><span class=\"CustomP_animated_char__m3r9w\">\u00a0<\/span><span class=\"CustomP_animated_char__m3r9w\">pour<\/span><span class=\"CustomP_animated_char__m3r9w\">\u00a0<\/span><span class=\"CustomP_animated_char__m3r9w\">d\u00e9taillants<\/span><span class=\"CustomP_animated_char__m3r9w\">\u00a0<\/span><span class=\"CustomP_animated_char__m3r9w\">et<\/span><span class=\"CustomP_animated_char__m3r9w\">\u00a0<\/span><span class=\"CustomP_animated_char__m3r9w\">saveur<\/span><span class=\"CustomP_animated_char__m3r9w\">\u2013<\/span><span class=\"CustomP_animated_char__m3r9w\">en cherchant<\/span><span class=\"CustomP_animated_char__m3r9w\">\u00a0<\/span><span class=\"CustomP_animated_char__m3r9w\">vapoteurs<\/span><span class=\"CustomP_animated_char__m3r9w\">.<\/span><\/p>\n<p>&nbsp;<\/p>\n<h2><span style=\"font-size: 90%;\">Bang Leader 50000 | 50K Puffs Vape jetable \u00e0 double saveur Sp\u00e9cifications du produit<\/span><\/h2>\n<p><strong data-sourcepos=\"11:3-11:24\">Options nicotiniques\u00a0:<\/strong>\u00a0<strong data-sourcepos=\"11:25-11:46\">0% \/ 2% \/ 3% \/ 5%<\/strong><span class=\"CustomP_animated_char__m3r9w\">\u00a0<\/span><span class=\"CustomP_animated_char__m3r9w\">(<\/span><span class=\"CustomP_animated_char__m3r9w\">Depuis<\/span><span class=\"CustomP_animated_char__m3r9w\">\u00a0<\/span><span class=\"CustomP_animated_char__m3r9w\">z\u00e9ro<\/span><span class=\"CustomP_animated_char__m3r9w\">\u2013<\/span><span class=\"CustomP_animated_char__m3r9w\">sympa<\/span><span class=\"CustomP_animated_char__m3r9w\">\u00a0<\/span><span class=\"CustomP_animated_char__m3r9w\">\u00e0<\/span><span class=\"CustomP_animated_char__m3r9w\">\u00a0<\/span><span class=\"CustomP_animated_char__m3r9w\">fort<\/span><span class=\"CustomP_animated_char__m3r9w\">\u00a0<\/span><span class=\"CustomP_animated_char__m3r9w\">gorge<\/span><span class=\"CustomP_animated_char__m3r9w\">\u00a0<\/span><span class=\"CustomP_animated_char__m3r9w\">frapper<\/span><span class=\"CustomP_animated_char__m3r9w\">)<\/span><\/p>\n<p><strong data-sourcepos=\"12:3-12:18\">Nombre de bouff\u00e9es\u00a0:<\/strong>\u00a0<strong data-sourcepos=\"12:19-12:35\">50 000 bouff\u00e9es<\/strong><span class=\"CustomP_animated_char__m3r9w\">\u00a0<\/span><span class=\"CustomP_animated_char__m3r9w\">(<\/span><span class=\"CustomP_animated_char__m3r9w\">Ult<\/span><span class=\"CustomP_animated_char__m3r9w\">ra<\/span><span class=\"CustomP_animated_char__m3r9w\">\u2013<\/span><span class=\"CustomP_animated_char__m3r9w\">long<\/span><span class=\"CustomP_animated_char__m3r9w\">\u00a0<\/span><span class=\"CustomP_animated_char__m3r9w\">dur\u00e9e de vie<\/span><span class=\"CustomP_animated_char__m3r9w\">)<\/span><\/p>\n<p><strong data-sourcepos=\"13:3-13:25\">Capacit\u00e9 e-liquide\u00a0:<\/strong>\u00a0<strong data-sourcepos=\"13:26-13:34\">36 ml<\/strong><span class=\"CustomP_animated_char__m3r9w\">\u00a0<\/span><span class=\"CustomP_animated_char__m3r9w\">(<\/span><span class=\"CustomP_animated_char__m3r9w\">Industrie<\/span><span class=\"CustomP_animated_char__m3r9w\">\u2013<\/span><span class=\"CustomP_animated_char__m3r9w\">menant<\/span><span class=\"CustomP_animated_char__m3r9w\">\u00a0<\/span><span class=\"CustomP_animated_char__m3r9w\">volume<\/span><span class=\"CustomP_animated_char__m3r9w\">)<\/span><\/p>\n<p><strong data-sourcepos=\"14:3-14:15\">Batterie:<\/strong>\u00a0<strong data-sourcepos=\"14:16-14:39\">650mAh rechargeable<\/strong>\u00a0+\u00a0<strong data-sourcepos=\"14:42-14:66\">Chargement rapide de type C<\/strong><\/p>\n<p><strong data-sourcepos=\"15:3-15:12\">Bobine:<\/strong>\u00a0<strong data-sourcepos=\"15:13-15:26\">Double maille<\/strong><span class=\"CustomP_animated_char__m3r9w\">\u00a0<\/span><span class=\"CustomP_animated_char__m3r9w\">(<\/span><span class=\"CustomP_animated_char__m3r9w\">Am\u00e9lior\u00e9<\/span><span class=\"CustomP_animated_char__m3r9w\">\u00a0<\/span><span class=\"CustomP_animated_char__m3r9w\">saveur<\/span><span class=\"CustomP_animated_char__m3r9w\">\u00a0<\/span><span class=\"CustomP_animated_char__m3r9w\">&amp;<\/span><span class=\"CustomP_animated_char__m3r9w\">\u00a0<\/span><span class=\"CustomP_animated_char__m3r9w\">vapeur<\/span><span class=\"CustomP_animated_char__m3r9w\">\u00a0<\/span><span class=\"CustomP_animated_char__m3r9w\">densit\u00e9<\/span><span class=\"CustomP_animated_char__m3r9w\">)<\/span><\/p>\n<p><strong data-sourcepos=\"16:3-16:21\">Personnalisation\u00a0:<\/strong>\u00a0<strong data-sourcepos=\"16:22-16:44\">Puissance r\u00e9glable<\/strong><span class=\"CustomP_animated_char__m3r9w\">\u00a0<\/span><span class=\"CustomP_animated_char__m3r9w\">(<\/span><span class=\"CustomP_animated_char__m3r9w\">Queue<\/span><span class=\"CustomP_animated_char__m3r9w\">ou<\/span><span class=\"CustomP_animated_char__m3r9w\">\u00a0<\/span><span class=\"CustomP_animated_char__m3r9w\">ton<\/span><span class=\"CustomP_animated_char__m3r9w\">\u00a0<\/span><span class=\"CustomP_animated_char__m3r9w\">vapoter<\/span><span class=\"CustomP_animated_char__m3r9w\">\u00a0<\/span><span class=\"CustomP_animated_char__m3r9w\">intensit\u00e9<\/span><span class=\"CustomP_animated_char__m3r9w\">)<\/span><\/p>\n<p><strong data-sourcepos=\"17:3-17:15\">Afficher:<\/strong>\u00a0<strong data-sourcepos=\"17:16-17:59\">Surveillance en temps r\u00e9el de la batterie et des e-liquides<\/strong><\/p>\n<p><strong data-sourcepos=\"18:3-18:21\">Syst\u00e8me de saveur\u00a0:<\/strong>\u00a0<strong data-sourcepos=\"18:22-18:53\">12 combinaisons \u00e0 deux saveurs<\/strong><span class=\"CustomP_animated_char__m3r9w\">\u00a0<\/span><span class=\"CustomP_animated_char__m3r9w\">(<\/span><span class=\"CustomP_animated_char__m3r9w\">M\u00e9langer<\/span><span class=\"CustomP_animated_char__m3r9w\">\u00a0<\/span><span class=\"CustomP_animated_char__m3r9w\">&amp;<\/span><span class=\"CustomP_animated_char__m3r9w\">\u00a0<\/span><span class=\"CustomP_animated_char__m3r9w\">correspondre<\/span><span class=\"CustomP_animated_char__m3r9w\">\u00a0<\/span><span class=\"CustomP_animated_char__m3r9w\">profils<\/span><span class=\"CustomP_animated_char__m3r9w\">)<\/span><\/p>\n<p><strong data-sourcepos=\"19:3-19:17\">Conditionnement:<\/strong>\u00a0<strong data-sourcepos=\"19:18-19:32\">10 pi\u00e8ces\/bo\u00eete<\/strong><span class=\"CustomP_animated_char__m3r9w\">\u00a0<\/span><span class=\"CustomP_animated_char__m3r9w\">(<\/span><span class=\"CustomP_animated_char__m3r9w\">Vente au d\u00e9tail<\/span><span class=\"CustomP_animated_char__m3r9w\">\u2013<\/span><span class=\"CustomP_animated_char__m3r9w\">pr\u00eat<\/span><span class=\"CustomP_animated_char__m3r9w\">)<\/span><\/p>\n<p>&nbsp;<\/p>\n<h3><span style=\"font-size: 90%;\">Bang Leader 50000 |<\/span><\/h3>\n<p>1.Glace Fraise Framboise Cerise \/ Cerise<\/p>\n<p>2. Past\u00e8que Fraise \/ Past\u00e8que<\/p>\n<p>3. Raisin noir\/raisin vert<\/p>\n<p>4.Pomme Poire \/ Kiwi Passion Goyave<\/p>\n<p>5. Limonade Sour Ananas \/ Citron Lime<\/p>\n<p>6.Glace Banane \/ Mangue<\/p>\n<p>7.Blueberry Sour Framboise \/ Myrtille<\/p>\n<p>8.Cherry Cola \/ Limonade Rose<\/p>\n<p>9. Limonade aux bleuets et aux framboises \/ Glace aux fraises, aux framboises et aux cerises<\/p>\n<p>10.Fraise Kiwi \/ Glace Fraise<\/p>\n<p>11.Ananas Passion\/Glace Ananas<\/p>\n<p>12.Mojito Framboise \/ Cerise Framboise Citron Vert<img loading=\"lazy\" decoding=\"async\" class=\"alignnone wp-image-715 size-full\" src=\"https:\/\/pgvape.com\/wp-content\/uploads\/2025\/09\/Bang-Leader-50000-Puffs-12-Flavors-Disposable-E-Cigarette-13400-mAh-Battery-Rechargeable-Vape_\u526f\u672c.png\" alt=\"Graphique publicitaire pour les appareils de vape jetables Bang Leader comprenant deux grands appareils de couleur pastel avec des affichages num\u00e9riques et un logo de gorille, des rang\u00e9es de variantes de couleurs plus petites, un texte en gras indiquant 50 000 PUFFS et des ic\u00f4nes indiquant une double saveur et une puissance r\u00e9glable sur un fond bleu futuriste.\" width=\"1588\" height=\"914\" srcset=\"https:\/\/pgvape.com\/wp-content\/uploads\/2025\/09\/Bang-Leader-50000-Puffs-12-Flavors-Disposable-E-Cigarette-13400-mAh-Battery-Rechargeable-Vape_\u526f\u672c.png 1588w, https:\/\/pgvape.com\/wp-content\/uploads\/2025\/09\/Bang-Leader-50000-Puffs-12-Flavors-Disposable-E-Cigarette-13400-mAh-Battery-Rechargeable-Vape_\u526f\u672c-555x319.png 555w, https:\/\/pgvape.com\/wp-content\/uploads\/2025\/09\/Bang-Leader-50000-Puffs-12-Flavors-Disposable-E-Cigarette-13400-mAh-Battery-Rechargeable-Vape_\u526f\u672c-595x342.png 595w, https:\/\/pgvape.com\/wp-content\/uploads\/2025\/09\/Bang-Leader-50000-Puffs-12-Flavors-Disposable-E-Cigarette-13400-mAh-Battery-Rechargeable-Vape_\u526f\u672c-400x230.png 400w, https:\/\/pgvape.com\/wp-content\/uploads\/2025\/09\/Bang-Leader-50000-Puffs-12-Flavors-Disposable-E-Cigarette-13400-mAh-Battery-Rechargeable-Vape_\u526f\u672c-768x442.png 768w, https:\/\/pgvape.com\/wp-content\/uploads\/2025\/09\/Bang-Leader-50000-Puffs-12-Flavors-Disposable-E-Cigarette-13400-mAh-Battery-Rechargeable-Vape_\u526f\u672c-1536x884.png 1536w, https:\/\/pgvape.com\/wp-content\/uploads\/2025\/09\/Bang-Leader-50000-Puffs-12-Flavors-Disposable-E-Cigarette-13400-mAh-Battery-Rechargeable-Vape_\u526f\u672c-18x10.png 18w, https:\/\/pgvape.com\/wp-content\/uploads\/2025\/09\/Bang-Leader-50000-Puffs-12-Flavors-Disposable-E-Cigarette-13400-mAh-Battery-Rechargeable-Vape_\u526f\u672c-600x345.png 600w, https:\/\/pgvape.com\/wp-content\/uploads\/2025\/09\/Bang-Leader-50000-Puffs-12-Flavors-Disposable-E-Cigarette-13400-mAh-Battery-Rechargeable-Vape_\u526f\u672c-60x35.png 60w\" sizes=\"auto, (max-width: 1588px) 100vw, 1588px\" \/><\/p>\n<p>&nbsp;<\/p>\n<h3><span style=\"font-size: 90%;\">Bang Leader 50000 | <\/span><strong>Vid\u00e9o:<br \/>\n<iframe loading=\"lazy\" title=\"Bang Leader 50K Puffs Vape jetable \u00e0 double saveur avec \u00e9cran d&#039;affichage Vape Factory Wholesale pgvape\" width=\"563\" height=\"1000\" src=\"https:\/\/www.youtube.com\/embed\/dgqkXChaUXk?feature=oembed\" frameborder=\"0\" allow=\"accelerometer; autoplay; clipboard-write; encrypted-media; gyroscope; picture-in-picture; web-share\" referrerpolicy=\"strict-origin-when-cross-origin\" allowfullscreen><\/iframe><br \/>\n<\/strong><\/h3>\n<p>&nbsp;<\/p>\n<h2><span style=\"font-size: 90%;\">FAQ sur Bang Leader 50000 |<\/span><\/h2>\n<p data-sourcepos=\"40:1-41:74\">\u2753 <strong data-sourcepos=\"40:3-40:37\">Comment obtient-il 50 000 bouff\u00e9es\u00a0?<\/strong><br \/>\n\u2705 <strong data-sourcepos=\"41:3-41:20\">36 ml d'e-liquide<\/strong> + <strong data-sourcepos=\"41:23-41:52\">bobines efficaces \u00e0 double maille<\/strong> maximiser la long\u00e9vit\u00e9.<\/p>\n<p data-sourcepos=\"43:1-44:107\">\u2753 <strong data-sourcepos=\"43:3-43:43\">Puis-je basculer facilement entre les saveurs ?<\/strong><br \/>\n\u2705Oui ! <strong data-sourcepos=\"44:8-44:43\">12 combos pr\u00e9-m\u00e9lang\u00e9s \u00e0 deux saveurs<\/strong> vous permettent de basculer entre les go\u00fbts (par exemple, <strong data-sourcepos=\"44:81-44:103\">Glace \u00e0 la banane \u2192 Mangue<\/strong>).<\/p>\n<p data-sourcepos=\"46:1-47:93\">\u2753 <strong data-sourcepos=\"46:3-46:31\">La batterie est-elle fiable ?<\/strong><br \/>\n\u2705Le <strong data-sourcepos=\"47:7-47:25\">Batterie 650 mAh<\/strong> prend en charge une utilisation toute la journ\u00e9e, avec <strong data-sourcepos=\"47:53-47:72\">Chargement de type C<\/strong> pour des ravitaillements rapides.<\/p>\n<p data-sourcepos=\"49:1-50:109\">\u2753 <strong data-sourcepos=\"49:3-49:26\">Pour qui est-ce le mieux ?<br \/>\n<\/strong> \u2705 Les vapoteurs en manque <strong data-sourcepos=\"50:18-50:34\">utilisation prolong\u00e9e<\/strong> + <strong data-sourcepos=\"50:37-50:55\">vari\u00e9t\u00e9 de saveurs<\/strong>, et les d\u00e9taillants recherchant <strong data-sourcepos=\"50:79-50:106\">produits jetables tr\u00e8s demand\u00e9s<\/strong>.<\/p>\n<p>&nbsp;<\/p>\n<h3 id=\"brxe-najhln\" class=\"brxe-heading\">Foire aux questions (FAQ)<\/h3>\n<div id=\"brxe-rajiac\" class=\"brxe-text\">\n<p><strong>Q : Quels modes de paiement acceptez-vous ?<\/strong><br \/>\nR\u00a0: Nous acceptons PayPal, Stripe, les virements bancaires (pris en charge par SEPA), les principales cartes de cr\u00e9dit (Visa, MasterCard, American Express) et les paiements en crypto-monnaie.<\/p>\n<p><strong>Q : Combien de temps prend la pr\u00e9paration d\u2019une commande ?<\/strong><br \/>\nR : La pr\u00e9paration de la commande prend 1 \u00e0 3 jours ouvrables.<\/p>\n<p><strong>Q : Quel est le d\u00e9lai de livraison ?<\/strong><br \/>\nR : Le d\u00e9lai de livraison est de 7 \u00e0 14 jours ouvrables, selon votre emplacement.<\/p>\n<p><strong>Q : Comment puis-je suivre ma commande ?<\/strong><br \/>\nR : Apr\u00e8s l'exp\u00e9dition, vous recevrez un e-mail de confirmation avec un num\u00e9ro de suivi pour un suivi en temps r\u00e9el.<\/p>\n<p><strong>Q : Quelle est votre politique de retour ?<\/strong><br \/>\nR : Nous proposons une politique de retour de 30 jours pour les remboursements ou les \u00e9changes. .<\/p>\n<p><strong>Q : Y aura-t-il des probl\u00e8mes douaniers ?<br \/>\n<\/strong>Nous prenons en charge toutes les proc\u00e9dures de d\u00e9douanement pour vous garantir une exp\u00e9rience sans tracas. .<\/p>\n<p><strong>Q : Quelles m\u00e9thodes d\u2019exp\u00e9dition sont utilis\u00e9es ?<\/strong><br \/>\nNous coop\u00e9rons avec UPS\/DHL\/FEDEX\/DPD, etc. Nous choisirons l'option d'exp\u00e9dition appropri\u00e9e en fonction du pays de livraison pour garantir que vous recevez vos produits le plus rapidement possible.<\/p>\n<p><a href=\"https:\/\/pgvape.com\/fr\/faq\/\">Cliquez ici pour plus de FAQ<\/a><\/p>\n<p>Chers clients, Si vous avez des questions concernant votre commande ou l'arriv\u00e9e des marchandises, n'h\u00e9sitez pas \u00e0 contacter notre service client. Merci !<\/p>\n<h3 data-sourcepos=\"73:1-73:21\"><strong data-sourcepos=\"73:7-73:21\">Contactez-nous<\/strong><\/h3>\n<div id=\"text-2419739398\" class=\"text\">\n<p><strong data-sourcepos=\"75:3-75:12\">E-mail<\/strong>:\u00a0<a href=\"mailto:support@pgvape.com\"><strong>support@pgvape.com<\/strong><\/a><\/p>\n<p><strong data-sourcepos=\"76:3-76:15\">WhatsApp<\/strong>: <a href=\"https:\/\/wa.me\/+8618128481258\"><strong>+86 18128481258<\/strong><\/a><br \/>\n<strong>(R\u00e9ponse sous 24h les jours ouvr\u00e9s)<\/strong><\/p>\n<\/div>\n<h3><strong>Merci d'avoir choisi pgvape.com ! .<\/strong><\/h3>\n<\/div>","protected":false},"excerpt":{"rendered":"<p>Avec <strong data-sourcepos=\"55:6-55:19\">50 000 bouff\u00e9es<\/strong>, <strong data-sourcepos=\"55:21-55:48\">flexibilit\u00e9 \u00e0 deux saveurs<\/strong>, et <strong data-sourcepos=\"55:54-55:76\">bobines de maille haut de gamme<\/strong>, le <strong data-sourcepos=\"55:82-55:101\">Bang Leader 50K<\/strong> est une centrale \u00e9lectrique pour les amateurs de saveurs. <strong data-sourcepos=\"55:142-55:164\">Emballage de 10 pi\u00e8ces<\/strong> garantit l'attrait du commerce de d\u00e9tail.<\/p>","protected":false},"featured_media":722,"comment_status":"open","ping_status":"closed","template":"","meta":{"_seopress_robots_primary_cat":"none","_seopress_titles_title":"%%post_title%% %%sep%% %%sitetitle%%","_seopress_titles_desc":"","_seopress_robots_index":""},"product_brand":[54,516],"product_cat":[61,32,515],"product_tag":[64,65,63,67,68,66,490,60],"class_list":{"0":"post-708","1":"product","2":"type-product","3":"status-publish","4":"has-post-thumbnail","6":"product_brand-bang-leader-vape","7":"product_brand-disposable-vape","8":"product_cat-50k-puffs-vape","9":"product_cat-bang-leader-vape","10":"product_cat-disposable-vape","11":"product_tag-50k-puffs","12":"product_tag-50k-vape","13":"product_tag-bang-leader-50000","14":"product_tag-direct-to-lung-dtl","15":"product_tag-double-taste","16":"product_tag-dual-flavors","17":"product_tag-minimum-2-pieces","18":"product_tag-smart-screen-display","20":"first","21":"instock","22":"sale","23":"shipping-taxable","24":"purchasable","25":"product-type-variable"},"_links":{"self":[{"href":"https:\/\/pgvape.com\/fr\/wp-json\/wp\/v2\/product\/708","targetHints":{"allow":["GET"]}}],"collection":[{"href":"https:\/\/pgvape.com\/fr\/wp-json\/wp\/v2\/product"}],"about":[{"href":"https:\/\/pgvape.com\/fr\/wp-json\/wp\/v2\/types\/product"}],"replies":[{"embeddable":true,"href":"https:\/\/pgvape.com\/fr\/wp-json\/wp\/v2\/comments?post=708"}],"wp:featuredmedia":[{"embeddable":true,"href":"https:\/\/pgvape.com\/fr\/wp-json\/wp\/v2\/media\/722"}],"wp:attachment":[{"href":"https:\/\/pgvape.com\/fr\/wp-json\/wp\/v2\/media?parent=708"}],"wp:term":[{"taxonomy":"product_brand","embeddable":true,"href":"https:\/\/pgvape.com\/fr\/wp-json\/wp\/v2\/product_brand?post=708"},{"taxonomy":"product_cat","embeddable":true,"href":"https:\/\/pgvape.com\/fr\/wp-json\/wp\/v2\/product_cat?post=708"},{"taxonomy":"product_tag","embeddable":true,"href":"https:\/\/pgvape.com\/fr\/wp-json\/wp\/v2\/product_tag?post=708"}],"curies":[{"name":"wp","href":"https:\/\/api.w.org\/{rel}","templated":true}]}}