{"id":6985,"date":"2025-11-25T09:02:33","date_gmt":"2025-11-25T09:02:33","guid":{"rendered":"https:\/\/pgvape.com\/?post_type=product&#038;p=6985"},"modified":"2025-12-15T11:55:06","modified_gmt":"2025-12-15T11:55:06","slug":"bang-king-triple-100000-100k-bouffees-vape-jetable-special-noel-3-en-1-saveurs-boite-cadeau-de-vacances-limitee","status":"publish","type":"product","link":"https:\/\/pgvape.com\/fr\/produit\/bang-king-triple-100000-100k-bouffees-vape-jetable-special-noel-3-en-1-saveurs-boite-cadeau-de-vacances-limitee\/","title":{"rendered":"Bang King Triple 100000 100K Puffs Vape Jetable Sp\u00e9cial No\u00ebl - 3 en 1 Saveurs Limit\u00e9es Coffret Cadeau de Vacances"},"content":{"rendered":"<p>C\u00e9l\u00e9brez la saison des f\u00eates avec l'\u00e9dition de No\u00ebl Bang King Triple 100K, dot\u00e9e d'un syst\u00e8me de saveur r\u00e9glable 3 en 1 magique et d'une capacit\u00e9 massive de 100 000 bouff\u00e9es con\u00e7ue pour une joie festive de longue dur\u00e9e.\u00a0<strong>Bobine de maille<\/strong>\u00a0Technologie pour un go\u00fbt plus riche et une vapeur plus dense, \u00e9quip\u00e9e d'une batterie rechargeable de grande capacit\u00e9 + charge rapide de type C, et dot\u00e9e d'une structure \u00e0 triple chambre anti-fuite pour offrir une nicotine douce et une saveur forte.\u00a0<strong>Vaper<\/strong>\u00a0Appareil pour la saison des f\u00eates.<\/p>\n<p>&nbsp;<\/p>\n<h2><span style=\"font-size: 90%;\">Bang King Triple 100K Puffs Sp\u00e9cifications sp\u00e9ciales de No\u00ebl<\/span><\/h2>\n<p><strong>Type d'\u00e9dition<\/strong>: Coffret cadeau en \u00e9dition limit\u00e9e de No\u00ebl \u2014 Ensemble complet de 12 appareils<\/p>\n<p><strong>Nombre de bouff\u00e9es<\/strong>: 100 000 bouff\u00e9es par appareil pour un plaisir saisonnier ultra-long<\/p>\n<p><strong>Syst\u00e8me de saveur<\/strong>: Syst\u00e8me de saveur r\u00e9glable 3 en 1 (3X24 ml\u00a0<strong>E-Liquide<\/strong>) \u2014 Basculez entre 3 saveurs pures ou m\u00e9langez-les pour des exp\u00e9riences uniques<\/p>\n<p><strong>Style de conception<\/strong>: Design sur le th\u00e8me des vacances avec des graphismes de flocons de neige et des couleurs festives<\/p>\n<p><strong>Technologie de bobine<\/strong>:\u00a0<strong>Bobine de maille<\/strong>\u00a0Technologie pour un go\u00fbt plus riche et une vapeur plus dense<\/p>\n<p><strong>Batterie et chargement<\/strong>: Batterie rechargeable haute capacit\u00e9 + Recharge Type-C<\/p>\n<p><strong>Caract\u00e9ristique structurelle<\/strong>: Structure \u00e0 triple chambre anti-fuite<\/p>\n<p><strong>Performances de sortie<\/strong>: Nicotine douce et saveur forte<\/p>\n<p><strong>Sc\u00e9narios applicables<\/strong>: Parfait pour les cadeaux, les pr\u00e9sentoirs de vente au d\u00e9tail et les campagnes de vacances<\/p>\n<p>&nbsp;<\/p>\n<h3><span style=\"font-size: 90%;\">Liste des saveurs sp\u00e9ciales de No\u00ebl Bang King Triple 100K Puffs<\/span><\/h3>\n<p>1. Glace \u00e0 la past\u00e8que, Red Bull et Fraise Kiwi<\/p>\n<p>2. Glace citron vert, fraise, past\u00e8que et myrtille<\/p>\n<p>3.Fraise Banane &amp; Framboise Past\u00e8que &amp; Limonade Rose<\/p>\n<p>4. Cerise bleue Razz, menthe fra\u00eeche et p\u00eache mangue<\/p>\n<p>5. Fruits tropicaux, fraise, past\u00e8que et p\u00eache au citron<\/p>\n<p>6.Ananas, noix de coco, fraise, banane et Blue Razz<\/p>\n<p>7. Glace aux fraises, vanille, p\u00eache et glace au dragon noir<\/p>\n<p>8.Lush Ice &amp; Kiwi Fruit de la Passion Goyave &amp; Paille Mangue<\/p>\n<p>9. Glace \u00e0 la past\u00e8que et \u00e0 la past\u00e8que et glace bleue Razz<\/p>\n<p>10.Limonade aux baies et fraises Red Bull et pompe aux fraises<\/p>\n<p>11.Double pomme &amp; fusion fruit\u00e9e &amp; glace \u00e0 l'ananas<\/p>\n<p>12.Cola Ice &amp; Mr Blue &amp; Cherry Cola<img loading=\"lazy\" decoding=\"async\" class=\"alignnone wp-image-6991 size-full\" src=\"https:\/\/pgvape.com\/wp-content\/uploads\/2025\/11\/pgvape-Bang-King-Triple-100K-Puffs-Christmas-Special-3.png\" alt=\"Douze dispositifs de vapotage jetables aux couleurs vives dispos\u00e9s sur deux rang\u00e9es sous un grand en-t\u00eate &quot; 3 en 1 &quot; et &quot; 12 saveurs &quot;, chaque tube pr\u00e9sentant une illustration unique sur le th\u00e8me festif ou fruit\u00e9 et le nom de la saveur avec de petites ic\u00f4nes de sp\u00e9cifications (Type-C, 600 mAh, 24 ml \u00d7 3) sur le dessus.\" width=\"1500\" height=\"1305\" srcset=\"https:\/\/pgvape.com\/wp-content\/uploads\/2025\/11\/pgvape-Bang-King-Triple-100K-Puffs-Christmas-Special-3.png 1500w, https:\/\/pgvape.com\/wp-content\/uploads\/2025\/11\/pgvape-Bang-King-Triple-100K-Puffs-Christmas-Special-3-414x360.png 414w, https:\/\/pgvape.com\/wp-content\/uploads\/2025\/11\/pgvape-Bang-King-Triple-100K-Puffs-Christmas-Special-3-595x518.png 595w, https:\/\/pgvape.com\/wp-content\/uploads\/2025\/11\/pgvape-Bang-King-Triple-100K-Puffs-Christmas-Special-3-400x348.png 400w, https:\/\/pgvape.com\/wp-content\/uploads\/2025\/11\/pgvape-Bang-King-Triple-100K-Puffs-Christmas-Special-3-768x668.png 768w, https:\/\/pgvape.com\/wp-content\/uploads\/2025\/11\/pgvape-Bang-King-Triple-100K-Puffs-Christmas-Special-3-14x12.png 14w, https:\/\/pgvape.com\/wp-content\/uploads\/2025\/11\/pgvape-Bang-King-Triple-100K-Puffs-Christmas-Special-3-600x522.png 600w\" sizes=\"auto, (max-width: 1500px) 100vw, 1500px\" \/><\/p>\n<p>&nbsp;<\/p>\n<h3><span style=\"font-size: 90%;\">Vid\u00e9o sp\u00e9ciale de No\u00ebl Bang King Triple 100K Puffs<strong>\uff1a<\/strong><\/span><\/h3>\n<p>&nbsp;<\/p>\n<h2 class=\"header-vfC6AV auto-hide-last-sibling-br\"><span style=\"font-size: 90%;\">FAQ sur le sp\u00e9cial de No\u00ebl Bang King Triple 100K Puffs<\/span><\/h2>\n<div class=\"auto-hide-last-sibling-br paragraph-pP9ZLC paragraph-element br-paragraph-space\">\n<p>\u2753Combien de bouff\u00e9es le Bang King Triple 100K offre-t-il\u00a0?<br \/>\n<span style=\"font-size: 14.4px;\">\u2705Il fournit jusqu'\u00e0 100 000 bouff\u00e9es, en fonction des habitudes d'utilisation personnelles.<\/span><\/p>\n<\/div>\n<div class=\"auto-hide-last-sibling-br paragraph-pP9ZLC paragraph-element br-paragraph-space\">\n<p>\u2753Est-ce que \u00e7a\u00a0<strong>Vaper<\/strong>\u00a0Utilisation de l'appareil\u00a0<strong>Bobine de maille<\/strong>\u00a0La technologie ?<br \/>\n<span style=\"font-size: 14.4px;\">\u2705Oui. <\/span><strong style=\"font-size: 14.4px;\">Bobine de maille<\/strong><span style=\"font-size: 14.4px;\">\u00a0Pour une vapeur plus forte, un chauffage plus rapide et une meilleure clart\u00e9 de saveur.<\/span><\/p>\n<\/div>\n<div class=\"auto-hide-last-sibling-br paragraph-pP9ZLC paragraph-element br-paragraph-space\">\n<p>\u2753Y a-t-il trois saveurs en une\u00a0<strong>Vaper<\/strong>\u00a0Appareil?<br \/>\n<span style=\"font-size: 14.4px;\">\u2705Oui. .<\/span><\/p>\n<\/div>\n<div class=\"auto-hide-last-sibling-br paragraph-pP9ZLC paragraph-element br-paragraph-space\">\n<p>\u2753Est-ce que\u00a0<strong>Vaper<\/strong>\u00a0La batterie de l'appareil est-elle rechargeable\u00a0?<br \/>\n<span style=\"font-size: 14.4px;\">\u2705Oui, il est livr\u00e9 avec une batterie rechargeable, garantissant le plein <\/span><strong style=\"font-size: 14.4px;\">E-Liquide<\/strong><span style=\"font-size: 14.4px;\">\u00a0La capacit\u00e9 peut \u00eatre utilis\u00e9e.<\/span><\/p>\n<\/div>\n<div class=\"auto-hide-last-sibling-br paragraph-pP9ZLC paragraph-element br-paragraph-space\">\n<p>\u2753Combien de temps dure le\u00a0<strong>Vaper<\/strong>\u00a0Dernier appareil\u00a0?<br \/>\n<span style=\"font-size: 14.4px;\">\u2705La dur\u00e9e de vie varie en fonction de la fr\u00e9quence des bouff\u00e9es, mais dure g\u00e9n\u00e9ralement des semaines, voire des mois pour la plupart des utilisateurs.<\/span><\/p>\n<\/div>\n<div class=\"auto-hide-last-sibling-br paragraph-pP9ZLC paragraph-element br-paragraph-space\">\n<p>\u2753Le Bang King est-il triple 100K\u00a0<strong>Vaper<\/strong>\u00a0Appareil s\u00fbr \u00e0 utiliser\u00a0?<br \/>\n<span style=\"font-size: 14.4px;\">\u2705Oui. <\/span><strong style=\"font-size: 14.4px;\">E-Liquide<\/strong><span style=\"font-size: 14.4px;\">\u00a0Ingr\u00e9dients.<\/span><\/p>\n<\/div>\n<div class=\"auto-hide-last-sibling-br paragraph-pP9ZLC paragraph-element br-paragraph-space\">\u2753Puis-je acheter seulement quelques articles du coffret cadeau\u00a0?<br \/>\n\u2705Non, il s\u2019agit d\u2019un coffret cadeau de No\u00ebl en \u00e9dition limit\u00e9e et les articles individuels ne sont pas disponibles \u00e0 l\u2019achat. .<\/div>\n<div class=\"auto-hide-last-sibling-br paragraph-pP9ZLC paragraph-element br-paragraph-space\">\n<p>&nbsp;<\/p>\n<h3 id=\"brxe-najhln\" class=\"brxe-heading\">Foire aux questions (FAQ)<\/h3>\n<div id=\"brxe-rajiac\" class=\"brxe-text\">\n<p><strong>Q : Quels modes de paiement acceptez-vous ?<\/strong><br \/>\nR\u00a0: Nous acceptons PayPal, Stripe, les virements bancaires (pris en charge par SEPA), les principales cartes de cr\u00e9dit (Visa, MasterCard, American Express) et les paiements en crypto-monnaie.<\/p>\n<p><strong>Q : Combien de temps prend la pr\u00e9paration d\u2019une commande ?<\/strong><br \/>\nR : La pr\u00e9paration de la commande prend 1 \u00e0 3 jours ouvrables.<\/p>\n<p><strong>Q : Quel est le d\u00e9lai de livraison ?<\/strong><br \/>\nR : Le d\u00e9lai de livraison est de 7 \u00e0 14 jours ouvrables, selon votre emplacement.<\/p>\n<p><strong>Q : Comment puis-je suivre ma commande ?<\/strong><br \/>\nR : Apr\u00e8s l'exp\u00e9dition, vous recevrez un e-mail de confirmation avec un num\u00e9ro de suivi pour un suivi en temps r\u00e9el.<\/p>\n<p><strong>Q : Quelle est votre politique de retour ?<\/strong><br \/>\nR : Nous proposons une politique de retour de 30 jours pour les remboursements ou les \u00e9changes. .<\/p>\n<p><strong>Q : Y aura-t-il des probl\u00e8mes douaniers ?<br \/>\n<\/strong>Nous prenons en charge toutes les proc\u00e9dures de d\u00e9douanement pour vous garantir une exp\u00e9rience sans tracas. .<\/p>\n<p><strong>Q : Quelles m\u00e9thodes d\u2019exp\u00e9dition sont utilis\u00e9es ?<\/strong><br \/>\nNous coop\u00e9rons avec UPS\/DHL\/FEDEX\/DPD, etc. Nous choisirons l'option d'exp\u00e9dition appropri\u00e9e en fonction du pays de livraison pour garantir que vous recevez vos produits le plus rapidement possible.<\/p>\n<p><a href=\"https:\/\/pgvape.com\/fr\/faq\/\">Cliquez ici pour plus de FAQ<\/a><\/p>\n<p>Chers clients, Si vous avez des questions concernant votre commande ou l'arriv\u00e9e des marchandises, n'h\u00e9sitez pas \u00e0 contacter notre service client. Merci !<\/p>\n<h3 data-sourcepos=\"73:1-73:21\"><strong data-sourcepos=\"73:7-73:21\">Contactez-nous<\/strong><\/h3>\n<div id=\"text-2419739398\" class=\"text\">\n<p><strong data-sourcepos=\"75:3-75:12\">E-mail<\/strong>:\u00a0<a href=\"mailto:support@pgvape.com\"><strong>support@pgvape.com<\/strong><\/a><\/p>\n<p><strong data-sourcepos=\"76:3-76:15\">WhatsApp<\/strong>:\u00a0<a href=\"https:\/\/wa.me\/+8618128481258\"><strong>+86 18128481258<\/strong><\/a><br \/>\n<strong>(R\u00e9ponse sous 24h les jours ouvr\u00e9s)<\/strong><\/p>\n<\/div>\n<h3><strong>Merci d'avoir choisi pgvape.com ! .<\/strong><\/h3>\n<\/div>\n<\/div>","protected":false},"excerpt":{"rendered":"<p>Bang King Triple 100K Christmas Edition est une \u00e9dition limit\u00e9e\u00a0<strong>Vaper<\/strong>\u00a0Appareil avec 100 000 bouff\u00e9es, syst\u00e8me de saveur r\u00e9glable 3 en 1 (3 x 24 ml\u00a0<strong>E-Liquide<\/strong>),\u00a0<strong>Bobine de maille<\/strong>\u00a0Technologie, batterie rechargeable et design festif\u00a0: id\u00e9al pour les cadeaux de vacances et durable\u00a0<strong>Vapoter<\/strong>\u00a0Joie.<\/p>","protected":false},"featured_media":6989,"comment_status":"open","ping_status":"closed","template":"","meta":{"_seopress_robots_primary_cat":"none","_seopress_titles_title":"","_seopress_titles_desc":"","_seopress_robots_index":""},"product_brand":[19,516],"product_cat":[170,18,515],"product_tag":[395,24,327,474,475],"class_list":{"0":"post-6985","1":"product","2":"type-product","3":"status-publish","4":"has-post-thumbnail","6":"product_brand-bang-king-vape","7":"product_brand-disposable-vape","8":"product_cat-100k-puffs-vape","9":"product_cat-bang-king-vape","10":"product_cat-disposable-vape","11":"product_tag-100k-puffs-vape","12":"product_tag-3-in-1-flavors","13":"product_tag-bang-king-triple","14":"product_tag-christmas-special","15":"product_tag-mtlmouth-to-lung","17":"first","18":"instock","19":"sale","20":"shipping-taxable","21":"purchasable","22":"product-type-variable"},"_links":{"self":[{"href":"https:\/\/pgvape.com\/fr\/wp-json\/wp\/v2\/product\/6985","targetHints":{"allow":["GET"]}}],"collection":[{"href":"https:\/\/pgvape.com\/fr\/wp-json\/wp\/v2\/product"}],"about":[{"href":"https:\/\/pgvape.com\/fr\/wp-json\/wp\/v2\/types\/product"}],"replies":[{"embeddable":true,"href":"https:\/\/pgvape.com\/fr\/wp-json\/wp\/v2\/comments?post=6985"}],"wp:featuredmedia":[{"embeddable":true,"href":"https:\/\/pgvape.com\/fr\/wp-json\/wp\/v2\/media\/6989"}],"wp:attachment":[{"href":"https:\/\/pgvape.com\/fr\/wp-json\/wp\/v2\/media?parent=6985"}],"wp:term":[{"taxonomy":"product_brand","embeddable":true,"href":"https:\/\/pgvape.com\/fr\/wp-json\/wp\/v2\/product_brand?post=6985"},{"taxonomy":"product_cat","embeddable":true,"href":"https:\/\/pgvape.com\/fr\/wp-json\/wp\/v2\/product_cat?post=6985"},{"taxonomy":"product_tag","embeddable":true,"href":"https:\/\/pgvape.com\/fr\/wp-json\/wp\/v2\/product_tag?post=6985"}],"curies":[{"name":"wp","href":"https:\/\/api.w.org\/{rel}","templated":true}]}}