{"id":6772,"date":"2025-11-18T10:43:49","date_gmt":"2025-11-18T10:43:49","guid":{"rendered":"https:\/\/pgvape.com\/?post_type=product&#038;p=6772"},"modified":"2026-03-15T13:32:42","modified_gmt":"2026-03-15T13:32:42","slug":"jnr-panda-25500-bouffees-de-vape-jetable-2x10ml-bouteilles-de-recharge-vape-direct-usine","status":"publish","type":"product","link":"https:\/\/pgvape.com\/fr\/produit\/jnr-panda-25500-bouffees-de-vape-jetable-2x10ml-bouteilles-de-recharge-vape-direct-usine\/","title":{"rendered":"JNR PANDA 25500 Puffs Vape jetable \u2014 Bouteilles de recharge 2x10 ml Vape Factory Direct"},"content":{"rendered":"<p data-sourcepos=\"9:1-9:398\">Entrez dans la prochaine g\u00e9n\u00e9ration de vapotage avec le <strong data-sourcepos=\"9:46-9:71\">JNR PANDA 25500 Puffs<\/strong>, Cette e-cigarette innovante jetable et rechargeable repousse les limites avec jusqu'\u00e0 <strong data-sourcepos=\"9:189-9:205\">25 500 bouff\u00e9es<\/strong>, gr\u00e2ce \u00e0 son syst\u00e8me de r\u00e9servoir e-liquide innovant et un syst\u00e8me performant <strong data-sourcepos=\"9:281-9:299\">Batterie 850 mAh<\/strong>. <strong data-sourcepos=\"11:72-11:85\">JNR PANDA<\/strong> int\u00e8gre un <strong data-sourcepos=\"11:99-11:117\">Bobine \u00e0 double maille<\/strong>, une lumi\u00e8re respiratoire multicolore et un affichage du niveau de batterie.<\/p>\n<p>&nbsp;<\/p>\n<h2><span style=\"font-size: 90%;\">Vape jetable de JNR PANDA 25500 bouff\u00e9es <strong data-sourcepos=\"10:5-10:31\">Caract\u00e9ristiques<\/strong><\/span><\/h2>\n<p><strong data-sourcepos=\"20:5-20:19\">Nombre de bouff\u00e9es<\/strong>: Environ 25 500 bouff\u00e9es<\/p>\n<p><strong data-sourcepos=\"21:5-21:26\">Force de la nicotine<\/strong>: 2% (20 mg de sels de nicotine)<\/p>\n<p><strong data-sourcepos=\"22:5-22:26\">E-Liquide Inclus<\/strong>:\u00a0<strong data-sourcepos=\"22:28-22:55\">2 flacons de recharge de 10 ml<\/strong><\/p>\n<p><strong data-sourcepos=\"23:5-23:16\">Batterie<\/strong>: 850mAh, rechargeable via\u00a0<strong data-sourcepos=\"23:43-23:58\">Port de type C<\/strong><\/p>\n<p><strong data-sourcepos=\"24:5-24:13\">Bobine<\/strong>:\u00a0<strong data-sourcepos=\"24:15-24:33\">Bobine \u00e0 double maille<\/strong><\/p>\n<p><strong data-sourcepos=\"25:5-25:17\">Caract\u00e9ristiques<\/strong>: \u00c9cran de batterie intelligent, LED respiratoire multicolore<\/p>\n<p>&nbsp;<\/p>\n<h3><span style=\"font-size: 90%;\">Vape jetable de JNR PANDA 25500 bouff\u00e9es <strong data-sourcepos=\"22:5-22:20\">Liste des saveurs<\/strong><\/span><\/h3>\n<p>1. Baies sauvages surgel\u00e9es<\/p>\n<p>2. Framboise aigre-myrtille<\/p>\n<p>3.Nouvelle past\u00e8que glac\u00e9e<\/p>\n<p>4.Nouvelle Double Pomme<\/p>\n<p>5.Nouvelle p\u00eache glac\u00e9e<\/p>\n<p>6.Cerise glac\u00e9e<\/p>\n<p>7. Fraise glac\u00e9e<\/p>\n<p>8. Past\u00e8que Fraise*<\/p>\n<p>9.Nouveau Kiwi Fraise*<\/p>\n<p>10.Vacances d'\u00e9t\u00e9*<img loading=\"lazy\" decoding=\"async\" class=\"alignnone wp-image-6785 size-full\" src=\"https:\/\/pgvape.com\/wp-content\/uploads\/2025\/11\/pgvape-JNR-PANDA-25500-Puffs-Disposable-Vape-5.png\" alt=\"Dix appareils de vape jetables JNR Panda color\u00e9s avec des dessus m\u00e9talliques align\u00e9s sur un fond bleu sous le titre \u201c Lib\u00e9rez votre curiosit\u00e9 gustative \u201d et \u201c 25500 PUFFS \u201d, chaque appareil \u00e9tant \u00e9tiquet\u00e9 avec une saveur diff\u00e9rente (Blueberry Sour Raspberry, Cherry Ice, Double Apple, Peach Ice, Strawberry Kiwi, Watermelon Ice, Strawberry Ice, Strawberry Watermelon Ice, Summer Holiday, Wild Berries Ice).\" width=\"1920\" height=\"1080\" srcset=\"https:\/\/pgvape.com\/wp-content\/uploads\/2025\/11\/pgvape-JNR-PANDA-25500-Puffs-Disposable-Vape-5.png 1920w, https:\/\/pgvape.com\/wp-content\/uploads\/2025\/11\/pgvape-JNR-PANDA-25500-Puffs-Disposable-Vape-5-555x312.png 555w, https:\/\/pgvape.com\/wp-content\/uploads\/2025\/11\/pgvape-JNR-PANDA-25500-Puffs-Disposable-Vape-5-595x335.png 595w, https:\/\/pgvape.com\/wp-content\/uploads\/2025\/11\/pgvape-JNR-PANDA-25500-Puffs-Disposable-Vape-5-400x225.png 400w, https:\/\/pgvape.com\/wp-content\/uploads\/2025\/11\/pgvape-JNR-PANDA-25500-Puffs-Disposable-Vape-5-768x432.png 768w, https:\/\/pgvape.com\/wp-content\/uploads\/2025\/11\/pgvape-JNR-PANDA-25500-Puffs-Disposable-Vape-5-1536x864.png 1536w, https:\/\/pgvape.com\/wp-content\/uploads\/2025\/11\/pgvape-JNR-PANDA-25500-Puffs-Disposable-Vape-5-18x10.png 18w, https:\/\/pgvape.com\/wp-content\/uploads\/2025\/11\/pgvape-JNR-PANDA-25500-Puffs-Disposable-Vape-5-600x338.png 600w, https:\/\/pgvape.com\/wp-content\/uploads\/2025\/11\/pgvape-JNR-PANDA-25500-Puffs-Disposable-Vape-5-60x34.png 60w\" sizes=\"auto, (max-width: 1920px) 100vw, 1920px\" \/><\/p>\n<p>&nbsp;<\/p>\n<h3><span style=\"font-size: 90%;\">Vape jetable de JNR PANDA 25500 bouff\u00e9es <strong>Vid\u00e9o<\/strong>\uff1a<\/span><\/h3>\n<p><iframe loading=\"lazy\" title=\"JNR PANDA 25500 bouff\u00e9es Vape jetable 2x 10 ml bouteilles de recharge \u00e9cran intelligent Vape usine directe pgvape\" width=\"1020\" height=\"574\" src=\"https:\/\/www.youtube.com\/embed\/KXyqSTl7o1M?feature=oembed\" frameborder=\"0\" allow=\"accelerometer; autoplay; clipboard-write; encrypted-media; gyroscope; picture-in-picture; web-share\" referrerpolicy=\"strict-origin-when-cross-origin\" allowfullscreen><\/iframe><\/p>\n<p>&nbsp;<\/p>\n<h2><span style=\"font-size: 90%;\">FAQ sur la vape jetable JNR PANDA 25500 Puffs<\/span><\/h2>\n<p data-sourcepos=\"40:1-41:147\">\u2753 <strong data-sourcepos=\"40:3-40:58\">Combien de bouff\u00e9es le JNR PANDA fournit-il r\u00e9ellement\u00a0?<br \/>\n<\/strong>\u2705 Oui, gr\u00e2ce \u00e0 son innovation <strong data-sourcepos=\"41:31-41:72\">Syst\u00e8me de r\u00e9servoir double e-liquide 2x10 ml<\/strong> et une grosse batterie, le <strong data-sourcepos=\"41:96-41:109\">JNR PANDA<\/strong> est con\u00e7u pour une dur\u00e9e de vie exceptionnelle.<\/p>\n<p data-sourcepos=\"43:1-44:112\">\u2753 <strong data-sourcepos=\"43:3-43:58\">Quel est le but de la \u201c Lumi\u00e8re qui respire les couleurs \u201d ?<br \/>\n<\/strong> \u2705 Il refl\u00e8te dynamiquement l\u2019\u00e9tat de la batterie et le mode de fonctionnement de l\u2019appareil, am\u00e9liorant ainsi l\u2019exp\u00e9rience interactive.<\/p>\n<p data-sourcepos=\"46:1-47:86\">\u2753 <strong data-sourcepos=\"46:3-46:34\">Comment charger l'appareil ?<\/strong><br \/>\n\u2705 Connectez simplement un standard <strong data-sourcepos=\"47:29-47:45\">C\u00e2ble de type C<\/strong> \u00e0 un adaptateur secteur ou au port USB d\u2019un ordinateur.<\/p>\n<p>&nbsp;<\/p>\n<h3 id=\"brxe-najhln\" class=\"brxe-heading\">Foire aux questions (FAQ)<\/h3>\n<div id=\"brxe-rajiac\" class=\"brxe-text\">\n<p><strong>Q : Quels modes de paiement acceptez-vous ?<\/strong><br \/>\nR\u00a0: Nous acceptons PayPal, Stripe, les virements bancaires (pris en charge par SEPA), les principales cartes de cr\u00e9dit (Visa, MasterCard, American Express) et les paiements en crypto-monnaie.<\/p>\n<p><strong>Q : Combien de temps prend la pr\u00e9paration d\u2019une commande ?<\/strong><br \/>\nR : La pr\u00e9paration de la commande prend 1 \u00e0 3 jours ouvrables.<\/p>\n<p><strong>Q : Quel est le d\u00e9lai de livraison ?<\/strong><br \/>\nR : Le d\u00e9lai de livraison est de 7 \u00e0 14 jours ouvrables, selon votre emplacement.<\/p>\n<p><strong>Q : Comment puis-je suivre ma commande ?<\/strong><br \/>\nR : Apr\u00e8s l'exp\u00e9dition, vous recevrez un e-mail de confirmation avec un num\u00e9ro de suivi pour un suivi en temps r\u00e9el.<\/p>\n<p><strong>Q : Quelle est votre politique de retour ?<\/strong><br \/>\nR : Nous proposons une politique de retour de 30 jours pour les remboursements ou les \u00e9changes. .<\/p>\n<p><strong>Q : Y aura-t-il des probl\u00e8mes douaniers ?<br \/>\n<\/strong>Nous prenons en charge toutes les proc\u00e9dures de d\u00e9douanement pour vous garantir une exp\u00e9rience sans tracas. .<\/p>\n<p><strong>Q : Quelles m\u00e9thodes d\u2019exp\u00e9dition sont utilis\u00e9es ?<\/strong><br \/>\nNous coop\u00e9rons avec UPS\/DHL\/FEDEX\/DPD, etc. Nous choisirons l'option d'exp\u00e9dition appropri\u00e9e en fonction du pays de livraison pour garantir que vous recevez vos produits le plus rapidement possible.<\/p>\n<p><a href=\"https:\/\/pgvape.com\/fr\/faq\/\">Cliquez ici pour plus de FAQ<\/a><\/p>\n<p>Chers clients, Si vous avez des questions concernant votre commande ou l'arriv\u00e9e des marchandises, n'h\u00e9sitez pas \u00e0 contacter notre service client. Merci !<\/p>\n<h3 data-sourcepos=\"73:1-73:21\"><strong data-sourcepos=\"73:7-73:21\">Contactez-nous<\/strong><\/h3>\n<div id=\"text-2419739398\" class=\"text\">\n<p><strong data-sourcepos=\"75:3-75:12\">E-mail<\/strong>:\u00a0<a href=\"mailto:support@pgvape.com\"><strong>support@pgvape.com<\/strong><\/a><\/p>\n<p><strong data-sourcepos=\"76:3-76:15\">WhatsApp<\/strong>:\u00a0<a href=\"https:\/\/wa.me\/+8618128481258\"><strong>+86 18128481258<\/strong><\/a><br \/>\n<strong>(R\u00e9ponse sous 24h les jours ouvr\u00e9s)<\/strong><\/p>\n<\/div>\n<h3><strong>Merci d'avoir choisi pgvape.com ! .<\/strong><\/h3>\n<\/div>","protected":false},"excerpt":{"rendered":"<p>Une vape jetable performante offrant environ <strong data-sourcepos=\"23:59-23:75\">25 500 bouff\u00e9es<\/strong>. <strong data-sourcepos=\"23:90-23:100\">850mAh<\/strong> batterie avec chargement de type C, un <strong data-sourcepos=\"23:133-23:151\">Bobine \u00e0 double maille<\/strong>, et <strong data-sourcepos=\"23:157-23:177\">Sel de nicotine 2%<\/strong> e-liquide pour une saveur riche et un hit doux. <strong data-sourcepos=\"23:232-23:256\">\u00e9cran de batterie intelligent<\/strong> et un indicateur LED multicolore vous tiennent inform\u00e9 de l'\u00e9tat de l'alimentation, ce qui en fait le choix parfait pour les utilisateurs qui privil\u00e9gient la commodit\u00e9 et les performances.<\/p>","protected":false},"featured_media":6781,"comment_status":"open","ping_status":"closed","template":"","meta":{"_seopress_robots_primary_cat":"none","_seopress_titles_title":"","_seopress_titles_desc":"","_seopress_robots_index":""},"product_brand":[516,228],"product_cat":[470,515,29],"product_tag":[473,472,90,471,136,204],"class_list":{"0":"post-6772","1":"product","2":"type-product","3":"status-publish","4":"has-post-thumbnail","6":"product_brand-disposable-vape","7":"product_brand-jnr-vape","8":"product_cat-25-5k-puffs-vape","9":"product_cat-disposable-vape","10":"product_cat-jnr-vape","11":"product_tag-2-x-10ml-refill-bottles","12":"product_tag-25-5k-puffs-vape","13":"product_tag-disposable-vape","14":"product_tag-jnr-panda-25500","15":"product_tag-smart-screen","16":"product_tag-vape-factory-direct","18":"first","19":"instock","20":"sale","21":"shipping-taxable","22":"purchasable","23":"product-type-variable"},"_links":{"self":[{"href":"https:\/\/pgvape.com\/fr\/wp-json\/wp\/v2\/product\/6772","targetHints":{"allow":["GET"]}}],"collection":[{"href":"https:\/\/pgvape.com\/fr\/wp-json\/wp\/v2\/product"}],"about":[{"href":"https:\/\/pgvape.com\/fr\/wp-json\/wp\/v2\/types\/product"}],"replies":[{"embeddable":true,"href":"https:\/\/pgvape.com\/fr\/wp-json\/wp\/v2\/comments?post=6772"}],"wp:featuredmedia":[{"embeddable":true,"href":"https:\/\/pgvape.com\/fr\/wp-json\/wp\/v2\/media\/6781"}],"wp:attachment":[{"href":"https:\/\/pgvape.com\/fr\/wp-json\/wp\/v2\/media?parent=6772"}],"wp:term":[{"taxonomy":"product_brand","embeddable":true,"href":"https:\/\/pgvape.com\/fr\/wp-json\/wp\/v2\/product_brand?post=6772"},{"taxonomy":"product_cat","embeddable":true,"href":"https:\/\/pgvape.com\/fr\/wp-json\/wp\/v2\/product_cat?post=6772"},{"taxonomy":"product_tag","embeddable":true,"href":"https:\/\/pgvape.com\/fr\/wp-json\/wp\/v2\/product_tag?post=6772"}],"curies":[{"name":"wp","href":"https:\/\/api.w.org\/{rel}","templated":true}]}}