{"id":672,"date":"2025-09-25T11:05:00","date_gmt":"2025-09-25T11:05:00","guid":{"rendered":"https:\/\/pgvape.com\/?post_type=product&#038;p=672"},"modified":"2025-12-15T13:40:20","modified_gmt":"2025-12-15T13:40:20","slug":"bang-king-ice-cool-60000-60k-bouffees-niveau-de-glace-reglable-vape-jetable-avec-ecran-led-vape-usine-directe","status":"publish","type":"product","link":"https:\/\/pgvape.com\/fr\/produit\/bang-king-ice-cool-60000-60k-bouffees-niveau-de-glace-reglable-vape-jetable-avec-ecran-led-vape-usine-directe\/","title":{"rendered":"Bang King Ice Cool 60000 60k Puffs Niveau de glace r\u00e9glable Vape jetable avec \u00e9cran LED Vape Factory Direct"},"content":{"rendered":"<p><strong data-sourcepos=\"6:5-6:55\">Bang King Ice Cool 60000 bouff\u00e9es de vape jetable<\/strong><span class=\"CustomP_animated_char__m3r9w\">\u00a0<\/span><span class=\"CustomP_animated_char__m3r9w\">livre<\/span><span class=\"CustomP_animated_char__m3r9w\">\u00a0<\/span><strong data-sourcepos=\"6:65-6:91\">personnalisation ultime<\/strong> avec <strong data-sourcepos=\"6:97-6:124\">5 niveaux de glace r\u00e9glables<\/strong>, <strong data-sourcepos=\"6:126-6:142\">60 000 bouff\u00e9es<\/strong>, et <strong data-sourcepos=\"6:148-6:177\">Options de nicotine 2%\/3%\/5%<\/strong>. <strong data-sourcepos=\"6:191-6:209\">Bobine de maille de 1,0 \u03a9<\/strong> pour une saveur riche, <strong data-sourcepos=\"6:227-6:253\">Capacit\u00e9 d'e-liquide de 25 ml<\/strong>, et un <strong data-sourcepos=\"6:262-6:293\">Batterie rechargeable de 850 mAh<\/strong> avec <strong data-sourcepos=\"6:299-6:318\">Chargement de type C<\/strong><span class=\"CustomP_animated_char__m3r9w\">,<\/span><span class=\"CustomP_animated_char__m3r9w\">\u00a0<\/span><span class=\"CustomP_animated_char__m3r9w\">il<\/span><span class=\"CustomP_animated_char__m3r9w\">\u2019<\/span><span class=\"CustomP_animated_char__m3r9w\">s<\/span><span class=\"CustomP_animated_char__m3r9w\">\u00a0<\/span><span class=\"CustomP_animated_char__m3r9w\">construit<\/span><span class=\"CustomP_animated_char__m3r9w\">\u00a0<\/span><span class=\"CustomP_animated_char__m3r9w\">pour<\/span><span class=\"CustomP_animated_char__m3r9w\">\u00a0<\/span><span class=\"CustomP_animated_char__m3r9w\">performance<\/span><span class=\"CustomP_animated_char__m3r9w\">.<\/span><span class=\"CustomP_animated_char__m3r9w\">\u00a0<\/span><span class=\"CustomP_animated_char__m3r9w\">Le<\/span><span class=\"CustomP_animated_char__m3r9w\">\u00a0<\/span><strong data-sourcepos=\"6:352-6:366\">\u00c9cran LED<\/strong> suit le nombre de bouff\u00e9es, la batterie et l\u2019intensit\u00e9 du refroidissement en temps r\u00e9el. <strong data-sourcepos=\"6:440-6:461\">10 pi\u00e8ces par bo\u00eete<\/strong> avec <strong data-sourcepos=\"6:467-6:485\">12 saveurs glac\u00e9es<\/strong><span class=\"CustomP_animated_char__m3r9w\">,<\/span><span class=\"CustomP_animated_char__m3r9w\">\u00a0<\/span><span class=\"CustomP_animated_char__m3r9w\">il<\/span><span class=\"CustomP_animated_char__m3r9w\">\u2019<\/span><span class=\"CustomP_animated_char__m3r9w\">s<\/span><span class=\"CustomP_animated_char__m3r9w\">\u00a0<\/span><span class=\"CustomP_animated_char__m3r9w\">parfait<\/span><span class=\"CustomP_animated_char__m3r9w\">\u00a0<\/span><span class=\"CustomP_animated_char__m3r9w\">pour<\/span><span class=\"CustomP_animated_char__m3r9w\">\u00a0<\/span><span class=\"CustomP_animated_char__m3r9w\">d\u00e9taillants<\/span><span class=\"CustomP_animated_char__m3r9w\">\u00a0<\/span><span class=\"CustomP_animated_char__m3r9w\">et<\/span><span class=\"CustomP_animated_char__m3r9w\">\u00a0<\/span><span class=\"CustomP_animated_char__m3r9w\">menthol<\/span><span class=\"CustomP_animated_char__m3r9w\">\u2013<\/span><span class=\"CustomP_animated_char__m3r9w\">affectueux<\/span><span class=\"CustomP_animated_char__m3r9w\">\u00a0<\/span><span class=\"CustomP_animated_char__m3r9w\">vapoteurs<\/span><span class=\"CustomP_animated_char__m3r9w\">.<\/span><\/p>\n<p>&nbsp;<\/p>\n<h2><span style=\"font-size: 90%;\">Bang King Ice Cool 60000 | 60k Puffs Vape jetable \u00e0 niveau de glace r\u00e9glable Sp\u00e9cifications du produit\u00a0:<\/span><\/h2>\n<p><strong data-sourcepos=\"11:3-11:18\">Nombre de bouff\u00e9es\u00a0:<\/strong>\u00a0<strong data-sourcepos=\"11:19-11:35\">60 000 bouff\u00e9es<\/strong>\u00a0(Long\u00e9vit\u00e9 prolong\u00e9e)<\/p>\n<p><strong data-sourcepos=\"12:3-12:16\">Nicotine:<\/strong>\u00a0<strong data-sourcepos=\"12:17-12:33\">2% \/ 3% \/ 5%<\/strong>\u00a0(Coup de gorge doux \u00e0 fort)<\/p>\n<p><strong data-sourcepos=\"13:3-13:22\">Circuit de refroidissement:<\/strong>\u00a0<strong data-sourcepos=\"13:23-13:50\">5 niveaux de glace r\u00e9glables<\/strong>\u00a0(Adapter l'intensit\u00e9 du menthol)<\/p>\n<p><strong data-sourcepos=\"14:3-14:16\">E-Liquide :<\/strong>\u00a0<strong data-sourcepos=\"14:17-14:34\">Capacit\u00e9 de 25 ml<\/strong>\u00a0(Moins de recharges)<\/p>\n<p><strong data-sourcepos=\"15:3-15:12\">Bobine:<\/strong>\u00a0<strong data-sourcepos=\"15:13-15:26\">Maille 1,0 \u03a9<\/strong>\u00a0(Saveur et vapeur optimis\u00e9es)<\/p>\n<p><strong data-sourcepos=\"16:3-16:15\">Batterie:<\/strong>\u00a0<strong data-sourcepos=\"16:16-16:39\">850mAh rechargeable<\/strong>\u00a0+\u00a0<strong data-sourcepos=\"16:42-16:66\">Chargement rapide de type C<\/strong><\/p>\n<p><strong data-sourcepos=\"17:3-17:15\">Afficher:<\/strong>\u00a0<strong data-sourcepos=\"17:16-17:30\">\u00c9cran LED<\/strong>\u00a0(Suivi des statistiques en temps r\u00e9el)<\/p>\n<p><strong data-sourcepos=\"18:3-18:17\">Conditionnement:<\/strong>\u00a0<strong data-sourcepos=\"18:18-18:32\">10 pi\u00e8ces\/bo\u00eete<\/strong>\u00a0(Pr\u00eat pour la vente au d\u00e9tail\/en gros)<\/p>\n<p>&nbsp;<\/p>\n<h3><span style=\"font-size: 90%;\">Bang King Ice Cool 60000 | 60k Puffs Liste des saveurs de vape jetables \u00e0 niveau de glace r\u00e9glable\u00a0:<\/span><\/h3>\n<p>1. Glace Razz bleue<\/p>\n<p>2. Past\u00e8que aux fraises<\/p>\n<p>3. Glace \u00e0 la past\u00e8que<\/p>\n<p>4. Glace \u00e0 la p\u00eache<\/p>\n<p>5. Glace au raisin<\/p>\n<p>6. Baie effrayante<\/p>\n<p>7.Cherry Strazz<\/p>\n<p>8. Magie de la mangue<\/p>\n<p>9. Fruit du dragon aux fraises<\/p>\n<p>10.Sang de tigre<\/p>\n<p>11.\u00c9claboussure d'\u00e9t\u00e9<\/p>\n<p>12.Gomme aigre luxuriante<br \/>\n<img loading=\"lazy\" decoding=\"async\" class=\"alignnone wp-image-688 size-full\" src=\"https:\/\/pgvape.com\/wp-content\/uploads\/2025\/09\/Pgvape-Bang-King-Ice-Cool-6000-60K-Puffs-Adjustable-Ice-Level-Disposable-Vape-14.png\" alt=\"Affiche color\u00e9e annon\u00e7ant le vape jetable Bangking \u201c Ice Cool \u201d, montrant deux grands appareils blanc et or, les sp\u00e9cifications du produit (25 ml d&#039;e-liquide, batterie rechargeable de 850 mAh, chargement de type C, 5 niveaux de fra\u00eecheur r\u00e9glables et jusqu&#039;\u00e0 60 000 bouff\u00e9es) et une grille de 12 petits appareils aux motifs brillants \u00e9tiquet\u00e9s avec des saveurs comme Blue Razz Ice, Strawberry Watermelon, Watermelon Ice, Peach Ice, Grape Ice, Scary Berry, Cherry Strazz, .\" width=\"872\" height=\"1500\" srcset=\"https:\/\/pgvape.com\/wp-content\/uploads\/2025\/09\/Pgvape-Bang-King-Ice-Cool-6000-60K-Puffs-Adjustable-Ice-Level-Disposable-Vape-14.png 872w, https:\/\/pgvape.com\/wp-content\/uploads\/2025\/09\/Pgvape-Bang-King-Ice-Cool-6000-60K-Puffs-Adjustable-Ice-Level-Disposable-Vape-14-209x360.png 209w, https:\/\/pgvape.com\/wp-content\/uploads\/2025\/09\/Pgvape-Bang-King-Ice-Cool-6000-60K-Puffs-Adjustable-Ice-Level-Disposable-Vape-14-595x1024.png 595w, https:\/\/pgvape.com\/wp-content\/uploads\/2025\/09\/Pgvape-Bang-King-Ice-Cool-6000-60K-Puffs-Adjustable-Ice-Level-Disposable-Vape-14-233x400.png 233w, https:\/\/pgvape.com\/wp-content\/uploads\/2025\/09\/Pgvape-Bang-King-Ice-Cool-6000-60K-Puffs-Adjustable-Ice-Level-Disposable-Vape-14-768x1321.png 768w, https:\/\/pgvape.com\/wp-content\/uploads\/2025\/09\/Pgvape-Bang-King-Ice-Cool-6000-60K-Puffs-Adjustable-Ice-Level-Disposable-Vape-14-7x12.png 7w, https:\/\/pgvape.com\/wp-content\/uploads\/2025\/09\/Pgvape-Bang-King-Ice-Cool-6000-60K-Puffs-Adjustable-Ice-Level-Disposable-Vape-14-600x1032.png 600w, https:\/\/pgvape.com\/wp-content\/uploads\/2025\/09\/Pgvape-Bang-King-Ice-Cool-6000-60K-Puffs-Adjustable-Ice-Level-Disposable-Vape-14-23x40.png 23w\" sizes=\"auto, (max-width: 872px) 100vw, 872px\" \/><\/p>\n<h2><\/h2>\n<h2><span style=\"font-size: 90%;\">FAQ sur Bang King Ice Cool 60000 | Vape jetable \u00e0 niveau de glace r\u00e9glable de 60 000 bouff\u00e9es\u00a0:<\/span><\/h2>\n<p data-sourcepos=\"39:1-40:97\">\u2753 <strong data-sourcepos=\"39:3-39:40\">Comment fonctionne le r\u00e9glage de la glace ?<br \/>\n<\/strong> \u2705 Parcourez <strong data-sourcepos=\"40:17-40:37\">5 niveaux de refroidissement<\/strong> (1=doux \u2192 5=gla\u00e7ant) pour une intensit\u00e9 menthol\u00e9e personnalis\u00e9e.<\/p>\n<p data-sourcepos=\"42:1-43:94\">\u2753 <strong data-sourcepos=\"42:3-42:39\">La qualit\u00e9 de la vapeur est-elle constante\u00a0?<br \/>\n<\/strong> \u2705 <strong data-sourcepos=\"43:3-43:21\">Bobine de maille de 1,0 \u03a9<\/strong> assure <strong data-sourcepos=\"43:30-43:49\">30% plus de saveur<\/strong> et <strong data-sourcepos=\"43:54-43:72\">des tirages plus fluides<\/strong> par rapport aux bobines standard.<\/p>\n<p data-sourcepos=\"45:1-46:90\">\u2753 <strong data-sourcepos=\"45:3-45:38\">Combien de temps dure la batterie ?<\/strong><br \/>\n\u2705 <strong data-sourcepos=\"46:3-46:21\">Batterie 850 mAh<\/strong> prend en charge <strong data-sourcepos=\"46:31-46:46\">jours d'utilisation<\/strong>; <strong data-sourcepos=\"46:48-46:58\">Type-C<\/strong> se recharge en <strong data-sourcepos=\"46:72-46:87\">~45 minutes<\/strong>.<\/p>\n<p data-sourcepos=\"48:1-49:91\">\u2753 <strong data-sourcepos=\"48:3-48:27\">Pour qui est-il id\u00e9al ?<br \/>\n<\/strong> \u2705 <strong data-sourcepos=\"49:3-49:26\">Amateurs de menthol<\/strong> + <strong data-sourcepos=\"49:29-49:42\">d\u00e9taillants<\/strong> \u00e0 la recherche de produits jetables \u00e0 forte marge et riches en fonctionnalit\u00e9s.<\/p>\n<p>&nbsp;<\/p>\n<h3 id=\"brxe-najhln\" class=\"brxe-heading\">Foire aux questions (FAQ)<\/h3>\n<div id=\"brxe-rajiac\" class=\"brxe-text\">\n<p><strong>Q : Quels modes de paiement acceptez-vous ?<\/strong><br \/>\nR\u00a0: Nous acceptons PayPal, Stripe, les virements bancaires (pris en charge par SEPA), les principales cartes de cr\u00e9dit (Visa, MasterCard, American Express) et les paiements en crypto-monnaie.<\/p>\n<p><strong>Q : Combien de temps prend la pr\u00e9paration d\u2019une commande ?<\/strong><br \/>\nR : La pr\u00e9paration de la commande prend 1 \u00e0 3 jours ouvrables.<\/p>\n<p><strong>Q : Quel est le d\u00e9lai de livraison ?<\/strong><br \/>\nR : Le d\u00e9lai de livraison est de 7 \u00e0 14 jours ouvrables, selon votre emplacement.<\/p>\n<p><strong>Q : Comment puis-je suivre ma commande ?<\/strong><br \/>\nR : Apr\u00e8s l'exp\u00e9dition, vous recevrez un e-mail de confirmation avec un num\u00e9ro de suivi pour un suivi en temps r\u00e9el.<\/p>\n<p><strong>Q : Quelle est votre politique de retour ?<\/strong><br \/>\nR : Nous proposons une politique de retour de 30 jours pour les remboursements ou les \u00e9changes. .<\/p>\n<p><strong>Q : Y aura-t-il des probl\u00e8mes douaniers ?<br \/>\n<\/strong>Nous prenons en charge toutes les proc\u00e9dures de d\u00e9douanement pour vous garantir une exp\u00e9rience sans tracas. .<\/p>\n<p><strong>Q : Quelles m\u00e9thodes d\u2019exp\u00e9dition sont utilis\u00e9es ?<\/strong><br \/>\nNous coop\u00e9rons avec UPS\/DHL\/FEDEX\/DPD, etc. Nous choisirons l'option d'exp\u00e9dition appropri\u00e9e en fonction du pays de livraison pour garantir que vous recevez vos produits le plus rapidement possible.<\/p>\n<p><a href=\"https:\/\/pgvape.com\/fr\/faq\/\">Cliquez ici pour plus de FAQ<\/a><\/p>\n<p>Chers clients, Si vous avez des questions concernant votre commande ou l'arriv\u00e9e des marchandises, n'h\u00e9sitez pas \u00e0 contacter notre service client. Merci !<\/p>\n<h3 data-sourcepos=\"73:1-73:21\"><strong data-sourcepos=\"73:7-73:21\">Contactez-nous<\/strong><\/h3>\n<div id=\"text-2419739398\" class=\"text\">\n<p><strong data-sourcepos=\"75:3-75:12\">E-mail<\/strong>:\u00a0<a href=\"mailto:support@pgvape.com\"><strong>support@pgvape.com<\/strong><\/a><\/p>\n<p><strong data-sourcepos=\"76:3-76:15\">WhatsApp<\/strong>: <a href=\"https:\/\/wa.me\/+8618128481258\"><strong>+86 18128481258<\/strong><\/a><br \/>\n<strong>(R\u00e9ponse sous 24h les jours ouvr\u00e9s)<\/strong><\/p>\n<\/div>\n<h3><strong>Merci d'avoir choisi pgvape.com ! .<\/strong><\/h3>\n<\/div>","protected":false},"excerpt":{"rendered":"<p>Avec <strong data-sourcepos=\"54:6-54:19\">60 000 bouff\u00e9es<\/strong>, <strong data-sourcepos=\"54:21-54:47\">refroidissement de la glace r\u00e9glable<\/strong>, et <strong data-sourcepos=\"54:53-54:75\">bobines de maille haut de gamme<\/strong>, le <strong data-sourcepos=\"54:81-54:107\">Bang King Ice Cool 60K<\/strong> domine le march\u00e9 de la vape menthol\u00e9e. <strong data-sourcepos=\"54:143-54:157\">12 saveurs<\/strong> et <strong data-sourcepos=\"54:162-54:184\">suivi intelligent des LED<\/strong> r\u00e9pondre \u00e0 toutes les pr\u00e9f\u00e9rences.<\/p>","protected":false},"featured_media":675,"comment_status":"open","ping_status":"closed","template":"","meta":{"_seopress_robots_primary_cat":"none","_seopress_titles_title":"","_seopress_titles_desc":"","_seopress_robots_index":""},"product_brand":[19,516],"product_cat":[48,18,515],"product_tag":[51,52,57,58,59,60],"class_list":{"0":"post-672","1":"product","2":"type-product","3":"status-publish","4":"has-post-thumbnail","6":"product_brand-bang-king-vape","7":"product_brand-disposable-vape","8":"product_cat-60k-puffs-vape","9":"product_cat-bang-king-vape","10":"product_cat-disposable-vape","11":"product_tag-60k-puffs","12":"product_tag-60k-vape","13":"product_tag-adjustable-ice-level","14":"product_tag-bang-king-ice-cool-60000","15":"product_tag-mouth-to-lung-mtl","16":"product_tag-smart-screen-display","18":"first","19":"instock","20":"sale","21":"shipping-taxable","22":"purchasable","23":"product-type-variable"},"_links":{"self":[{"href":"https:\/\/pgvape.com\/fr\/wp-json\/wp\/v2\/product\/672","targetHints":{"allow":["GET"]}}],"collection":[{"href":"https:\/\/pgvape.com\/fr\/wp-json\/wp\/v2\/product"}],"about":[{"href":"https:\/\/pgvape.com\/fr\/wp-json\/wp\/v2\/types\/product"}],"replies":[{"embeddable":true,"href":"https:\/\/pgvape.com\/fr\/wp-json\/wp\/v2\/comments?post=672"}],"wp:featuredmedia":[{"embeddable":true,"href":"https:\/\/pgvape.com\/fr\/wp-json\/wp\/v2\/media\/675"}],"wp:attachment":[{"href":"https:\/\/pgvape.com\/fr\/wp-json\/wp\/v2\/media?parent=672"}],"wp:term":[{"taxonomy":"product_brand","embeddable":true,"href":"https:\/\/pgvape.com\/fr\/wp-json\/wp\/v2\/product_brand?post=672"},{"taxonomy":"product_cat","embeddable":true,"href":"https:\/\/pgvape.com\/fr\/wp-json\/wp\/v2\/product_cat?post=672"},{"taxonomy":"product_tag","embeddable":true,"href":"https:\/\/pgvape.com\/fr\/wp-json\/wp\/v2\/product_tag?post=672"}],"curies":[{"name":"wp","href":"https:\/\/api.w.org\/{rel}","templated":true}]}}